{"id":17129,"date":"2023-09-20T16:07:00","date_gmt":"2023-09-20T14:07:00","guid":{"rendered":"https:\/\/bolting.eu\/?post_type=product&#038;p=17129"},"modified":"2026-01-14T17:39:16","modified_gmt":"2026-01-14T16:39:16","slug":"petzl-spin-l2","status":"publish","type":"product","link":"https:\/\/bolting.eu\/en\/shop\/petzl-spin-l2\/","title":{"rendered":"Petzl Spin L2"},"content":{"rendered":"<p>Die <a href=\"https:\/\/bolting.eu\/produkt-kategorie\/petzl\/\">Petzl<\/a> Spin L2 ist eine doppelte Umlenkrolle mit Wirbel. Sie geh\u00f6rt zu den mittelgro\u00dfen Modellen dieses Herstellers und wird bei H\u00f6henarbeiten sowie im Rettungswesen eingesetzt. Dort dient sie zum Bau von komplexen Flaschenzugsystemen und Hilfsseilbahnen.<\/p>\n<p>Hierzu hat der drehbare Wirbel eine sehr gro\u00dfe \u00d6se. Es passen gleich 3 <a href=\"https:\/\/bolting.eu\/produkt-kategorie\/kletterausruestung\/kletterkarabiner\/\">Karabiner<\/a> hindurch. Er dreht sich je nach Belastung mit und richtet die Rolle ideal aus.<\/p>\n<p>Die gro\u00dfen Laufrollen f\u00fcr 7 &#8211; 13mm Seile sind sehr hochwertig. Zum einen haben sie einen Wirkungsgrad von 95%. Und zum anderen sind die gekapselten Kugellager sehr langlebig.<\/p>\n<p>Kurzum. Wieder eine Top Seilrolle des Weltmarktf\u00fchrers aus Frankreich!<\/p>\n<h2>Eigenschaften Spin L2<\/h2>\n<ul>\n<li>Hersteller: Petzl<\/li>\n<li>Material: Aluminium, Edelstahl, Polyamid<\/li>\n<li>Gewicht: 480 Gramm<\/li>\n<li>Dimensionen: 16cmm lang x 62mm breit x 58mm tief<\/li>\n<li>Durchmesser der Edelstahl Seilrollen: 38mm<\/li>\n<li>f\u00fcr Seildurchmesser 7 &#8211; 13mm<\/li>\n<li>Wirkungsgrad 95%<\/li>\n<li>maximale Gebrauchslast: 8 kN (3 kN je Strang &#8211; siehe <a href=\"https:\/\/www.petzl.com\/sfc\/servlet.shepherd\/version\/download\/0686800000Y5yArAAJ\" target=\"_blank\" rel=\"noopener\">Gebrauchsanleitung<\/a>)<\/li>\n<li>Bruchlast: 36 kN<\/li>\n<li>doppelte Umlenkrolle<\/li>\n<li>gekapselte Kugellager<\/li>\n<li>Normen: <a href=\"https:\/\/bolting.eu\/en-12278-norm-fuer-seilrollen\/\">EN 12278<\/a><\/li>\n<\/ul>\n<h3>F\u00fcr komplexe Flaschenz\u00fcge<\/h3>\n<p>Die Spin L2 ist f\u00fcr komplexe Flaschenz\u00fcge gedacht. Das L2 steht dabei f\u00fcr die zwei Laufrollen. Zus\u00e4tzlich hat dieses Modell aber auch einen drehbaren Wirbel. D.h. die Rolle kann sich drehen und nach der Last ausrichten.<\/p>\n<p>F\u00fcr die komplexen Flaschenz\u00fcge ist die \u00d6se extra gro\u00df. Es passen bis zu drei Karabiner hinein.<\/p>\n<p>Um das Seil \/ die Seile bei eingeh\u00e4ngter Rolle einlegen zu k\u00f6nnen, kann man die Seitenteile \u00f6ffnen. Abschlie\u00dfend hat die Rolle auf der Unterseite eine weitere \u00d6se f\u00fcr einen Karabiner.<\/p>\n<p>All diese Features macht sie in Summe so ideal f\u00fcr aufwendige Aufbauten.<\/p>\n<figure id=\"attachment_17136\" aria-describedby=\"caption-attachment-17136\" style=\"width: 400px\" class=\"wp-caption alignnone\"><a href=\"https:\/\/bolting.eu\/wp-content\/uploads\/2023\/09\/Petzl-Spin-L2-1.jpg\"><img loading=\"lazy\" decoding=\"async\" class=\"wp-image-17136 size-medium\" src=\"https:\/\/bolting.eu\/wp-content\/uploads\/2023\/09\/Petzl-Spin-L2-1-400x400.jpg\" alt=\"Grafik zum Bau eines Flaschenzuges mit der Petzl Spin L2 Umlenkrolle.\" width=\"400\" height=\"400\" srcset=\"https:\/\/bolting.eu\/wp-content\/uploads\/2023\/09\/Petzl-Spin-L2-1-400x400.jpg 400w, https:\/\/bolting.eu\/wp-content\/uploads\/2023\/09\/Petzl-Spin-L2-1-280x280.jpg 280w, https:\/\/bolting.eu\/wp-content\/uploads\/2023\/09\/Petzl-Spin-L2-1-247x247.jpg 247w, https:\/\/bolting.eu\/wp-content\/uploads\/2023\/09\/Petzl-Spin-L2-1-510x510.jpg 510w, https:\/\/bolting.eu\/wp-content\/uploads\/2023\/09\/Petzl-Spin-L2-1-100x100.jpg 100w, https:\/\/bolting.eu\/wp-content\/uploads\/2023\/09\/Petzl-Spin-L2-1.jpg 700w\" sizes=\"auto, (max-width: 400px) 100vw, 400px\" \/><\/a><figcaption id=\"caption-attachment-17136\" class=\"wp-caption-text\">Diese Seilrolle eignet sich bestens f\u00fcr komplexe Aufbauten wie Flaschenz\u00fcge.<\/figcaption><\/figure>\n<h3>Produktvideo<\/h3>\n<p>Im Folgenden findet ihr ein Produktvideo f\u00fcr die Spin Serie. Ihr k\u00f6nnt dort sch\u00f6n die wichtigsten Eigenschaften der Seilrolle sehen.<\/p>\n<p><iframe loading=\"lazy\" title=\"SPIN L1 und L2\" src=\"https:\/\/player.vimeo.com\/video\/461386265?dnt=1&amp;app_id=122963\" width=\"1020\" height=\"574\" frameborder=\"0\" allow=\"autoplay; fullscreen; picture-in-picture; clipboard-write; encrypted-media; web-share\" referrerpolicy=\"strict-origin-when-cross-origin\"><\/iframe><\/p>\n<h3>Petzl Spin L2 &#8211; Sicherheits Features<\/h3>\n<p>Die gr\u00f6\u00dfte Gefahr bei Seilrollen sind nicht eingeh\u00e4ngte Seitenteile. Hierbei k\u00f6nnen diese bei Belastung dann ganz aufgehen und die Seile heraus springen bzw. die Rolle kaputt gehen.<\/p>\n<p>Aus diesem Grunde hat dieses Modell einen eigenen Sicherheitsriegel bei jedem Seitenteil. Dieser muss zuerst ge\u00f6ffnet werden, damit das Seitenteil \u00fcberhaupt aufgeht. Zus\u00e4tzlich sichert ein weiterer Riegel das Seitenteil nochmals redundant ab. Erst wenn dieser zus\u00e4tzlich verschoben wird, kann man die Rolle \u00f6ffnen.<\/p>\n<p>Umgekehrt bedeutet dies aber auch. Wer die Rolle sicher schlie\u00dfen m\u00f6chte, muss das Seitenteil fest zudr\u00fccken. Erst dann rastet es unter dem roten Sicherheitsriegel ein und ist sicher verschlossen.<\/p>\n<figure id=\"attachment_17135\" aria-describedby=\"caption-attachment-17135\" style=\"width: 400px\" class=\"wp-caption alignnone\"><a href=\"https:\/\/bolting.eu\/wp-content\/uploads\/2023\/09\/Petzl-Spin-L2-2.jpg\"><img loading=\"lazy\" decoding=\"async\" class=\"wp-image-17135 size-medium\" src=\"https:\/\/bolting.eu\/wp-content\/uploads\/2023\/09\/Petzl-Spin-L2-2-400x400.jpg\" alt=\"Golden-schwarze Petzl Spin L2 Seilrolle in einer Hand mit Handschuh.\" width=\"400\" height=\"400\" srcset=\"https:\/\/bolting.eu\/wp-content\/uploads\/2023\/09\/Petzl-Spin-L2-2-400x400.jpg 400w, https:\/\/bolting.eu\/wp-content\/uploads\/2023\/09\/Petzl-Spin-L2-2-280x280.jpg 280w, https:\/\/bolting.eu\/wp-content\/uploads\/2023\/09\/Petzl-Spin-L2-2-247x247.jpg 247w, https:\/\/bolting.eu\/wp-content\/uploads\/2023\/09\/Petzl-Spin-L2-2-510x510.jpg 510w, https:\/\/bolting.eu\/wp-content\/uploads\/2023\/09\/Petzl-Spin-L2-2-100x100.jpg 100w, https:\/\/bolting.eu\/wp-content\/uploads\/2023\/09\/Petzl-Spin-L2-2.jpg 700w\" sizes=\"auto, (max-width: 400px) 100vw, 400px\" \/><\/a><figcaption id=\"caption-attachment-17135\" class=\"wp-caption-text\">Der rote Sicherheitsriegel verhindert ein Offenlassen der Seitenteile. Ein wichtiges Sicherheitsfeature!<\/figcaption><\/figure>\n<h3>\u00d6se f\u00fcr unterschiedliche Anschlagpunkte<\/h3>\n<p>Die Spin L2 hat eine ganz spezielle \u00d6se. Denn sie ist gro\u00df und stark abgerundet.<\/p>\n<p>D.h. man kann hier sowohl Karabiner als auch Seile, <a href=\"https:\/\/bolting.eu\/produkt-kategorie\/kletterausruestung\/bandschlinge\/\">Bandschlingen<\/a> und <a href=\"https:\/\/bolting.eu\/produkt-kategorie\/kletterausruestung\/reepschnur\/\">Reepschn\u00fcre<\/a> einh\u00e4ngen. Je nachdem, was man zur Verf\u00fcgung hat.<\/p>\n<p>H\u00f6henarbeiter und Rettungsorganisationen sch\u00e4tzen genau diese Eigenschaft. Sie macht die Rolle deshalb meist zur 1. Wahl wenn es um aufwendige Flaschenz\u00fcge geht.<\/p>\n","protected":false},"excerpt":{"rendered":"<p>Mittelgro\u00dfe Seilrolle mit zwei Laufscheiben und drehbarem Wirbel mit gro\u00dfer \u00d6se. Ideal f\u00fcr komplexe Flaschenz\u00fcge bei H\u00f6henarbeiten und im Rettungswesen.<\/p>\n<p>95% Wirkungsgrad, gekapselte Kugellager und aufklappbare Seitenteile.<\/p>\n<p>Versandkostenfrei bis 2kg in <img decoding=\"async\" class=\"emoji\" role=\"img\" draggable=\"false\" src=\"https:\/\/s.w.org\/images\/core\/emoji\/14.0.0\/svg\/1f1e6-1f1f9.svg\" alt=\"\ud83c\udde6\ud83c\uddf9\" \/> ab \u20ac 100,- und <img decoding=\"async\" class=\"emoji\" role=\"img\" draggable=\"false\" src=\"https:\/\/s.w.org\/images\/core\/emoji\/14.0.0\/svg\/1f1e9-1f1ea.svg\" alt=\"\ud83c\udde9\ud83c\uddea\" \/> ab \u20ac 200,-!<\/p>\n","protected":false},"featured_media":17132,"comment_status":"closed","ping_status":"closed","template":"","meta":[],"product_brand":[],"product_cat":[29,4586,14093],"product_tag":[],"class_list":{"0":"post-17129","1":"product","2":"type-product","3":"status-publish","4":"has-post-thumbnail","6":"product_cat-kletterausruestung","7":"product_cat-seilrollen","8":"product_cat-petzl","10":"first","11":"instock","12":"sale","13":"taxable","14":"shipping-taxable","15":"purchasable","16":"product-type-simple"},"yoast_head":"<!-- This site is optimized with the Yoast SEO Premium plugin v26.9 (Yoast SEO v26.9) - https:\/\/yoast.com\/product\/yoast-seo-premium-wordpress\/ -->\n<title>Petzl Spin L2 - doppelte Umlenkrolle mit Wirbel | bolting.eu<\/title>\n<meta name=\"description\" content=\"Petzl Spin L2 doppelte Umlenkrolle beim Hardwareprofi aus Innsbruck - Tirol kaufen \u2705 kostenloser Versand* \u2705 14 Tage R\u00fcckgaberecht \u2705 Co2 neutraler Versand\" \/>\n<meta name=\"robots\" content=\"index, follow, max-snippet:-1, max-image-preview:large, max-video-preview:-1\" \/>\n<link rel=\"canonical\" href=\"https:\/\/bolting.eu\/en\/shop\/petzl-spin-l2\/\" \/>\n<meta property=\"og:locale\" content=\"en_US\" \/>\n<meta property=\"og:type\" content=\"article\" \/>\n<meta property=\"og:title\" content=\"Petzl Spin L2\" \/>\n<meta property=\"og:description\" content=\"Petzl Spin L2 doppelte Umlenkrolle beim Hardwareprofi aus Innsbruck - Tirol kaufen \u2705 kostenloser Versand* \u2705 14 Tage R\u00fcckgaberecht \u2705 Co2 neutraler Versand\" \/>\n<meta property=\"og:url\" content=\"https:\/\/bolting.eu\/en\/shop\/petzl-spin-l2\/\" \/>\n<meta property=\"og:site_name\" content=\"bolting.eu\" \/>\n<meta property=\"article:publisher\" content=\"https:\/\/www.facebook.com\/bolting.eu\" \/>\n<meta property=\"article:modified_time\" content=\"2026-01-14T16:39:16+00:00\" \/>\n<meta property=\"og:image\" content=\"https:\/\/bolting.eu\/wp-content\/uploads\/2023\/09\/Petzl-Spin-L2-5.jpg\" \/>\n\t<meta property=\"og:image:width\" content=\"700\" \/>\n\t<meta property=\"og:image:height\" content=\"700\" \/>\n\t<meta property=\"og:image:type\" content=\"image\/jpeg\" \/>\n<meta name=\"twitter:card\" content=\"summary_large_image\" \/>\n<meta name=\"twitter:label1\" content=\"Price\" \/>\n\t<meta name=\"twitter:data1\" content=\"&euro;&nbsp;165,00\" \/>\n\t<meta name=\"twitter:label2\" content=\"Availability\" \/>\n\t<meta name=\"twitter:data2\" content=\"In stock\" \/>\n<script type=\"application\/ld+json\" class=\"yoast-schema-graph\">{\"@context\":\"https:\/\/schema.org\",\"@graph\":[{\"@type\":[\"WebPage\",\"ItemPage\"],\"@id\":\"https:\/\/bolting.eu\/en\/shop\/petzl-spin-l2\/\",\"url\":\"https:\/\/bolting.eu\/en\/shop\/petzl-spin-l2\/\",\"name\":\"Petzl Spin L2 - doppelte Umlenkrolle mit Wirbel | bolting.eu\",\"isPartOf\":{\"@id\":\"https:\/\/bolting.eu\/en\/#website\"},\"primaryImageOfPage\":{\"@id\":\"https:\/\/bolting.eu\/en\/shop\/petzl-spin-l2\/#primaryimage\"},\"image\":{\"@id\":\"https:\/\/bolting.eu\/en\/shop\/petzl-spin-l2\/#primaryimage\"},\"thumbnailUrl\":\"https:\/\/bolting.eu\/wp-content\/uploads\/2023\/09\/Petzl-Spin-L2-5.jpg\",\"datePublished\":\"2023-09-20T14:07:00+00:00\",\"dateModified\":\"2026-01-14T16:39:16+00:00\",\"description\":\"Petzl Spin L2 doppelte Umlenkrolle beim Hardwareprofi aus Innsbruck - Tirol kaufen \u2705 kostenloser Versand* \u2705 14 Tage R\u00fcckgaberecht \u2705 Co2 neutraler Versand\",\"breadcrumb\":{\"@id\":\"https:\/\/bolting.eu\/en\/shop\/petzl-spin-l2\/#breadcrumb\"},\"inLanguage\":\"en-US\",\"potentialAction\":[{\"@type\":\"ReadAction\",\"target\":[\"https:\/\/bolting.eu\/en\/shop\/petzl-spin-l2\/\"]}]},{\"@type\":\"ImageObject\",\"inLanguage\":\"en-US\",\"@id\":\"https:\/\/bolting.eu\/en\/shop\/petzl-spin-l2\/#primaryimage\",\"url\":\"https:\/\/bolting.eu\/wp-content\/uploads\/2023\/09\/Petzl-Spin-L2-5.jpg\",\"contentUrl\":\"https:\/\/bolting.eu\/wp-content\/uploads\/2023\/09\/Petzl-Spin-L2-5.jpg\",\"width\":700,\"height\":700,\"caption\":\"Schwarz - goldene Petzl Spin L2 Seilrolle von der Seite.\"},{\"@type\":\"BreadcrumbList\",\"@id\":\"https:\/\/bolting.eu\/en\/shop\/petzl-spin-l2\/#breadcrumb\",\"itemListElement\":[{\"@type\":\"ListItem\",\"position\":1,\"name\":\"Shop\",\"item\":\"https:\/\/bolting.eu\/en\/shop\/\"},{\"@type\":\"ListItem\",\"position\":2,\"name\":\"climbing equipment\",\"item\":\"https:\/\/bolting.eu\/en\/produkt-kategorie\/climbing-equipment\/\"},{\"@type\":\"ListItem\",\"position\":3,\"name\":\"Seilrollen\",\"item\":\"https:\/\/bolting.eu\/produkt-kategorie\/kletterausruestung\/seilrollen\/\"},{\"@type\":\"ListItem\",\"position\":4,\"name\":\"Petzl Spin L2\"}]},{\"@type\":\"WebSite\",\"@id\":\"https:\/\/bolting.eu\/en\/#website\",\"url\":\"https:\/\/bolting.eu\/en\/\",\"name\":\"bolting.eu\",\"description\":\"we make climbs happen\",\"publisher\":{\"@id\":\"https:\/\/bolting.eu\/en\/#organization\"},\"potentialAction\":[{\"@type\":\"SearchAction\",\"target\":{\"@type\":\"EntryPoint\",\"urlTemplate\":\"https:\/\/bolting.eu\/en\/?s={search_term_string}\"},\"query-input\":{\"@type\":\"PropertyValueSpecification\",\"valueRequired\":true,\"valueName\":\"search_term_string\"}}],\"inLanguage\":\"en-US\"},{\"@type\":[\"Organization\",\"Place\",\"SportingGoodsStore\"],\"@id\":\"https:\/\/bolting.eu\/en\/#organization\",\"name\":\"bolting.eu\",\"url\":\"https:\/\/bolting.eu\/en\/\",\"logo\":{\"@id\":\"https:\/\/bolting.eu\/en\/shop\/petzl-spin-l2\/#local-main-organization-logo\"},\"image\":{\"@id\":\"https:\/\/bolting.eu\/en\/shop\/petzl-spin-l2\/#local-main-organization-logo\"},\"sameAs\":[\"https:\/\/www.facebook.com\/bolting.eu\",\"https:\/\/www.instagram.com\/bolting.eu\/\"],\"address\":{\"@id\":\"https:\/\/bolting.eu\/en\/shop\/petzl-spin-l2\/#local-main-place-address\"},\"geo\":{\"@type\":\"GeoCoordinates\",\"latitude\":\"47.264176340396226\",\"longitude\":\"11.380109057672346\"},\"telephone\":[\"+43 699 19083372\"],\"openingHoursSpecification\":[{\"@type\":\"OpeningHoursSpecification\",\"dayOfWeek\":[\"Monday\",\"Wednesday\",\"Friday\"],\"opens\":\"14:00\",\"closes\":\"18:00\"},{\"@type\":\"OpeningHoursSpecification\",\"dayOfWeek\":[\"Tuesday\",\"Thursday\",\"Saturday\",\"Sunday\"],\"opens\":\"00:00\",\"closes\":\"00:00\"}],\"email\":\"office@bolting.eu\",\"vatID\":\"ATU59999728\",\"priceRange\":\"$$\",\"currenciesAccepted\":\"Euro\"},{\"@type\":\"PostalAddress\",\"@id\":\"https:\/\/bolting.eu\/en\/shop\/petzl-spin-l2\/#local-main-place-address\",\"streetAddress\":\"Fischnalerstra\u00dfe 4\",\"addressLocality\":\"Innsbruck\",\"postalCode\":\"6020\",\"addressRegion\":\"Tirol\",\"addressCountry\":\"AT\"},{\"@type\":\"ImageObject\",\"inLanguage\":\"en-US\",\"@id\":\"https:\/\/bolting.eu\/en\/shop\/petzl-spin-l2\/#local-main-organization-logo\",\"url\":\"https:\/\/bolting.eu\/wp-content\/uploads\/2019\/09\/bolting-logo.png\",\"contentUrl\":\"https:\/\/bolting.eu\/wp-content\/uploads\/2019\/09\/bolting-logo.png\",\"width\":400,\"height\":211,\"caption\":\"bolting.eu\"}]}<\/script>\n<meta property=\"og:video\" content=\"https:\/\/player.vimeo.com\/video\/461386265\" \/>\n<meta property=\"og:video:type\" content=\"text\/html\" \/>\n<meta property=\"og:video:duration\" content=\"76\" \/>\n<meta property=\"og:video:width\" content=\"1920\" \/>\n<meta property=\"og:video:height\" content=\"1080\" \/>\n<meta property=\"ya:ovs:adult\" content=\"false\" \/>\n<meta property=\"ya:ovs:upload_date\" content=\"2023-09-20T14:07:00+00:00\" \/>\n<meta property=\"ya:ovs:allow_embed\" content=\"true\" \/>\n<meta property=\"product:price:amount\" content=\"165.00\" \/>\n<meta property=\"product:price:currency\" content=\"EUR\" \/>\n<meta property=\"og:availability\" content=\"instock\" \/>\n<meta property=\"product:availability\" content=\"instock\" \/>\n<meta property=\"product:retailer_item_id\" content=\"P001CA00\" \/>\n<meta property=\"product:condition\" content=\"new\" \/>\n<meta name=\"geo.placename\" content=\"Innsbruck\" \/>\n<meta name=\"geo.position\" content=\"47.264176340396226;11.380109057672346\" \/>\n<meta name=\"geo.region\" content=\"Austria\" \/>\n<!-- \/ Yoast SEO Premium plugin. -->","yoast_head_json":{"title":"Petzl Spin L2 - doppelte Umlenkrolle mit Wirbel | bolting.eu","description":"Petzl Spin L2 doppelte Umlenkrolle beim Hardwareprofi aus Innsbruck - Tirol kaufen \u2705 kostenloser Versand* \u2705 14 Tage R\u00fcckgaberecht \u2705 Co2 neutraler Versand","robots":{"index":"index","follow":"follow","max-snippet":"max-snippet:-1","max-image-preview":"max-image-preview:large","max-video-preview":"max-video-preview:-1"},"canonical":"https:\/\/bolting.eu\/en\/shop\/petzl-spin-l2\/","og_locale":"en_US","og_type":"article","og_title":"Petzl Spin L2","og_description":"Petzl Spin L2 doppelte Umlenkrolle beim Hardwareprofi aus Innsbruck - Tirol kaufen \u2705 kostenloser Versand* \u2705 14 Tage R\u00fcckgaberecht \u2705 Co2 neutraler Versand","og_url":"https:\/\/bolting.eu\/en\/shop\/petzl-spin-l2\/","og_site_name":"bolting.eu","article_publisher":"https:\/\/www.facebook.com\/bolting.eu","article_modified_time":"2026-01-14T16:39:16+00:00","og_image":[{"width":700,"height":700,"url":"https:\/\/bolting.eu\/wp-content\/uploads\/2023\/09\/Petzl-Spin-L2-5.jpg","type":"image\/jpeg"}],"twitter_card":"summary_large_image","twitter_misc":{"Price":"&euro;&nbsp;165,00","Availability":"In stock"},"schema":{"@context":"https:\/\/schema.org","@graph":[{"@type":["WebPage","ItemPage"],"@id":"https:\/\/bolting.eu\/en\/shop\/petzl-spin-l2\/","url":"https:\/\/bolting.eu\/en\/shop\/petzl-spin-l2\/","name":"Petzl Spin L2 - doppelte Umlenkrolle mit Wirbel | bolting.eu","isPartOf":{"@id":"https:\/\/bolting.eu\/en\/#website"},"primaryImageOfPage":{"@id":"https:\/\/bolting.eu\/en\/shop\/petzl-spin-l2\/#primaryimage"},"image":{"@id":"https:\/\/bolting.eu\/en\/shop\/petzl-spin-l2\/#primaryimage"},"thumbnailUrl":"https:\/\/bolting.eu\/wp-content\/uploads\/2023\/09\/Petzl-Spin-L2-5.jpg","datePublished":"2023-09-20T14:07:00+00:00","dateModified":"2026-01-14T16:39:16+00:00","description":"Petzl Spin L2 doppelte Umlenkrolle beim Hardwareprofi aus Innsbruck - Tirol kaufen \u2705 kostenloser Versand* \u2705 14 Tage R\u00fcckgaberecht \u2705 Co2 neutraler Versand","breadcrumb":{"@id":"https:\/\/bolting.eu\/en\/shop\/petzl-spin-l2\/#breadcrumb"},"inLanguage":"en-US","potentialAction":[{"@type":"ReadAction","target":["https:\/\/bolting.eu\/en\/shop\/petzl-spin-l2\/"]}]},{"@type":"ImageObject","inLanguage":"en-US","@id":"https:\/\/bolting.eu\/en\/shop\/petzl-spin-l2\/#primaryimage","url":"https:\/\/bolting.eu\/wp-content\/uploads\/2023\/09\/Petzl-Spin-L2-5.jpg","contentUrl":"https:\/\/bolting.eu\/wp-content\/uploads\/2023\/09\/Petzl-Spin-L2-5.jpg","width":700,"height":700,"caption":"Schwarz - goldene Petzl Spin L2 Seilrolle von der Seite."},{"@type":"BreadcrumbList","@id":"https:\/\/bolting.eu\/en\/shop\/petzl-spin-l2\/#breadcrumb","itemListElement":[{"@type":"ListItem","position":1,"name":"Shop","item":"https:\/\/bolting.eu\/en\/shop\/"},{"@type":"ListItem","position":2,"name":"climbing equipment","item":"https:\/\/bolting.eu\/en\/produkt-kategorie\/climbing-equipment\/"},{"@type":"ListItem","position":3,"name":"Seilrollen","item":"https:\/\/bolting.eu\/produkt-kategorie\/kletterausruestung\/seilrollen\/"},{"@type":"ListItem","position":4,"name":"Petzl Spin L2"}]},{"@type":"WebSite","@id":"https:\/\/bolting.eu\/en\/#website","url":"https:\/\/bolting.eu\/en\/","name":"bolting.eu","description":"we make climbs happen","publisher":{"@id":"https:\/\/bolting.eu\/en\/#organization"},"potentialAction":[{"@type":"SearchAction","target":{"@type":"EntryPoint","urlTemplate":"https:\/\/bolting.eu\/en\/?s={search_term_string}"},"query-input":{"@type":"PropertyValueSpecification","valueRequired":true,"valueName":"search_term_string"}}],"inLanguage":"en-US"},{"@type":["Organization","Place","SportingGoodsStore"],"@id":"https:\/\/bolting.eu\/en\/#organization","name":"bolting.eu","url":"https:\/\/bolting.eu\/en\/","logo":{"@id":"https:\/\/bolting.eu\/en\/shop\/petzl-spin-l2\/#local-main-organization-logo"},"image":{"@id":"https:\/\/bolting.eu\/en\/shop\/petzl-spin-l2\/#local-main-organization-logo"},"sameAs":["https:\/\/www.facebook.com\/bolting.eu","https:\/\/www.instagram.com\/bolting.eu\/"],"address":{"@id":"https:\/\/bolting.eu\/en\/shop\/petzl-spin-l2\/#local-main-place-address"},"geo":{"@type":"GeoCoordinates","latitude":"47.264176340396226","longitude":"11.380109057672346"},"telephone":["+43 699 19083372"],"openingHoursSpecification":[{"@type":"OpeningHoursSpecification","dayOfWeek":["Monday","Wednesday","Friday"],"opens":"14:00","closes":"18:00"},{"@type":"OpeningHoursSpecification","dayOfWeek":["Tuesday","Thursday","Saturday","Sunday"],"opens":"00:00","closes":"00:00"}],"email":"office@bolting.eu","vatID":"ATU59999728","priceRange":"$$","currenciesAccepted":"Euro"},{"@type":"PostalAddress","@id":"https:\/\/bolting.eu\/en\/shop\/petzl-spin-l2\/#local-main-place-address","streetAddress":"Fischnalerstra\u00dfe 4","addressLocality":"Innsbruck","postalCode":"6020","addressRegion":"Tirol","addressCountry":"AT"},{"@type":"ImageObject","inLanguage":"en-US","@id":"https:\/\/bolting.eu\/en\/shop\/petzl-spin-l2\/#local-main-organization-logo","url":"https:\/\/bolting.eu\/wp-content\/uploads\/2019\/09\/bolting-logo.png","contentUrl":"https:\/\/bolting.eu\/wp-content\/uploads\/2019\/09\/bolting-logo.png","width":400,"height":211,"caption":"bolting.eu"}]},"og_video":"https:\/\/player.vimeo.com\/video\/461386265","og_video_type":"text\/html","og_video_duration":"76","og_video_width":"1920","og_video_height":"1080","ya_ovs_adult":"false","ya_ovs_upload_date":"2023-09-20T14:07:00+00:00","ya_ovs_allow_embed":"true","product_price_amount":"165.00","product_price_currency":"EUR","og_availability":"instock","product_availability":"instock","product_retailer_item_id":"P001CA00","product_condition":"new","geo.placename":"Innsbruck","geo.position":{"lat":"47.264176340396226","long":"11.380109057672346"},"geo.region":"Austria"},"_links":{"self":[{"href":"https:\/\/bolting.eu\/en\/wp-json\/wp\/v2\/product\/17129","targetHints":{"allow":["GET"]}}],"collection":[{"href":"https:\/\/bolting.eu\/en\/wp-json\/wp\/v2\/product"}],"about":[{"href":"https:\/\/bolting.eu\/en\/wp-json\/wp\/v2\/types\/product"}],"replies":[{"embeddable":true,"href":"https:\/\/bolting.eu\/en\/wp-json\/wp\/v2\/comments?post=17129"}],"wp:featuredmedia":[{"embeddable":true,"href":"https:\/\/bolting.eu\/en\/wp-json\/wp\/v2\/media\/17132"}],"wp:attachment":[{"href":"https:\/\/bolting.eu\/en\/wp-json\/wp\/v2\/media?parent=17129"}],"wp:term":[{"taxonomy":"product_brand","embeddable":true,"href":"https:\/\/bolting.eu\/en\/wp-json\/wp\/v2\/product_brand?post=17129"},{"taxonomy":"product_cat","embeddable":true,"href":"https:\/\/bolting.eu\/en\/wp-json\/wp\/v2\/product_cat?post=17129"},{"taxonomy":"product_tag","embeddable":true,"href":"https:\/\/bolting.eu\/en\/wp-json\/wp\/v2\/product_tag?post=17129"}],"curies":[{"name":"wp","href":"https:\/\/api.w.org\/{rel}","templated":true}]}}