{"id":17112,"date":"2023-09-20T11:21:50","date_gmt":"2023-09-20T09:21:50","guid":{"rendered":"https:\/\/bolting.eu\/?post_type=product&#038;p=17112"},"modified":"2026-03-27T15:27:04","modified_gmt":"2026-03-27T14:27:04","slug":"petzl-asap-lock","status":"publish","type":"product","link":"https:\/\/bolting.eu\/en\/shop\/petzl-asap-lock\/","title":{"rendered":"Petzl ASAP Lock"},"content":{"rendered":"<p>Das <a href=\"https:\/\/bolting.eu\/produkt-kategorie\/petzl\/\">Petzl<\/a> ASAP Lock ist ein mitlaufendes Auffangger\u00e4t f\u00fcr H\u00f6henarbeiten. Es sch\u00fctzt am redundanten Sicherungsseil permanent gegen einen potentiellen Absturz.<\/p>\n<p>Das Besondere an diesem Produkt sind diese drei Features.<\/p>\n<p>Erstens l\u00e4uft die Rolle selbst\u00e4ndig nach oben und unten mit. Im Falle eines Sturzes blockiert das Ger\u00e4t dann automatisch.<\/p>\n<p>Zweitens hat es einen sogenannten &#8220;Verbindungsarm&#8221;. Das ist der abstehende Metallb\u00fcgel. Hier kann man direkt seinen <a href=\"https:\/\/bolting.eu\/shop\/bandfalldaempfer-kong-energy-absorber\/\">Bandfalld\u00e4mpfer<\/a> einh\u00e4ngen. D.h. man braucht keinen zus\u00e4tzlichen <a href=\"https:\/\/bolting.eu\/produkt-kategorie\/kletterausruestung\/kletterkarabiner\/\">Karabiner<\/a> mehr auf der Ger\u00e4teseite.<\/p>\n<p>Und drittens gibt es einen kleinen &#8220;Stop&#8221; Riegel am Geh\u00e4use. Wird er gedr\u00fcckt, bleibt das Auffangger\u00e4t an seiner Position am Seil stehen. Das verringert z.B. eine potentielle Fallh\u00f6he.<\/p>\n<p>Kurzum. Wieder einmal ein absolutes Referenzprodukt f\u00fcr H\u00f6henarbeiten vom Weltmarktf\u00fchrer.<\/p>\n<h2>Eigenschaften ASAP LOCK<\/h2>\n<ul>\n<li>Hersteller: PETZL<\/li>\n<li>Material: Alu, Edelstahl, Polyamid<\/li>\n<li>Gewicht: 425 Gramm<\/li>\n<li>f\u00fcr Seile 10 &#8211; 13 mm<\/li>\n<li>mitlaufendes Auffangger\u00e4t &#8211; blockiert bei Sturz automatisch<\/li>\n<li>l\u00e4uft nach oben und unten mit<\/li>\n<li>blockiert auch, wenn Ger\u00e4t bei Sturz eingehalten wird<\/li>\n<li>&#8220;Stop&#8221; Riegel f\u00fcr manuelle Blockierfunktion<\/li>\n<li>Ger\u00e4t kann an beliebiger Stelle am Seil angebraucht werden<\/li>\n<li>Bandfalld\u00e4mpfer kann direkt im &#8220;Verbindungsarm&#8221; eingeh\u00e4ngt werden<\/li>\n<li>ist somit gegen Absturz an Zwischensicherungen gesch\u00fctzt<\/li>\n<li>nur in Verwendung mit Bandfalld\u00e4mpfer wie <a href=\"https:\/\/bolting.eu\/shop\/petzl-asapsorber\/\">ASAP\u00b4Sorber<\/a> zu verwenden<\/li>\n<li>Normen: EN 12841 A, EN 352-2, ANSI Z359.15, EN 1891 A<\/li>\n<li><a href=\"https:\/\/www.petzl.com\/sfc\/servlet.shepherd\/version\/download\/0686800000VeAGjAAN\" target=\"_blank\" rel=\"noopener\">Bedienungsanleitung<\/a><\/li>\n<\/ul>\n<h3>Produktvideo<\/h3>\n<p>Im Folgenden stellt Petzl die ASPA Linie und das &#8220;Lock&#8221; Modell nochmals ausf\u00fchrlich vor.<\/p>\n<p><iframe loading=\"lazy\" title=\"ASAP \/ ASAP LOCK - Mobile fall arrester for rope\" width=\"1020\" height=\"574\" src=\"https:\/\/www.youtube.com\/embed\/q9KO6nHsvLY?feature=oembed\" frameborder=\"0\" allow=\"accelerometer; autoplay; clipboard-write; encrypted-media; gyroscope; picture-in-picture; web-share\" referrerpolicy=\"strict-origin-when-cross-origin\" allowfullscreen><\/iframe><\/p>\n<h3>Unterschied zum Standard Modell<\/h3>\n<p>Das <a href=\"https:\/\/bolting.eu\/shop\/petzl-asap-mitlaufendes-auffanggeraet\/\">Standard Modell<\/a> und die &#8220;Lock&#8221; Version des ASAP unterscheiden sich wesentlich.<\/p>\n<p>Das Grundprinzip ist zwar bei beiden gleich. Eine Seilklemme die nach dem Tr\u00e4gheitsprinzip ausl\u00f6st.<\/p>\n<p>Dem Standard Modell fehlt aber sowohl der &#8220;Verbindungsarm&#8221; als auch der &#8220;Stop&#8221; Riegel. Somit ist die &#8220;Normale&#8221; Version eher als Fallschutz beim reinen Abseilen \/ Seilaufstieg gedacht. Die &#8220;Lock&#8221; Version f\u00fcr H\u00f6henarbeiten wo an vielen Positionen l\u00e4nger gearbeitet wird.<\/p>\n<figure id=\"attachment_17114\" aria-describedby=\"caption-attachment-17114\" style=\"width: 800px\" class=\"wp-caption alignnone\"><a href=\"https:\/\/bolting.eu\/wp-content\/uploads\/2023\/09\/Petzl-ASAP-und-ASAP-LOCK.jpg\"><img loading=\"lazy\" decoding=\"async\" class=\"wp-image-17114 size-medium\" src=\"https:\/\/bolting.eu\/wp-content\/uploads\/2023\/09\/Petzl-ASAP-und-ASAP-LOCK-800x400.jpg\" alt=\"Gelbes Petzl ASAO LOCK links und das Standardmodell rechts zum direkten Vergleich.\" width=\"800\" height=\"400\" srcset=\"https:\/\/bolting.eu\/wp-content\/uploads\/2023\/09\/Petzl-ASAP-und-ASAP-LOCK-800x400.jpg 800w, https:\/\/bolting.eu\/wp-content\/uploads\/2023\/09\/Petzl-ASAP-und-ASAP-LOCK-768x384.jpg 768w, https:\/\/bolting.eu\/wp-content\/uploads\/2023\/09\/Petzl-ASAP-und-ASAP-LOCK-510x255.jpg 510w, https:\/\/bolting.eu\/wp-content\/uploads\/2023\/09\/Petzl-ASAP-und-ASAP-LOCK-100x50.jpg 100w, https:\/\/bolting.eu\/wp-content\/uploads\/2023\/09\/Petzl-ASAP-und-ASAP-LOCK.jpg 1200w\" sizes=\"auto, (max-width: 800px) 100vw, 800px\" \/><\/a><figcaption id=\"caption-attachment-17114\" class=\"wp-caption-text\">Selbes &#8220;Grundmodell&#8221;, aber wesentliche Zusatzfeatures beim &#8220;Lock&#8221; Modells. Verbindungsarm und Stop Riegel f\u00fcr aufwendige H\u00f6henarbeiten.<\/figcaption><\/figure>\n<h3>Zweck des Verbindungsarmes<\/h3>\n<p>Das Petzl ASAP LOCK hat einen seitlichen &#8220;Verbindungsarm&#8221;. Er hat seilseitig einen B\u00fcgel, welcher mit einer Inbusschraube verschlossen wird. Hier muss ein ASAP\u00b4Sorber inkl. String installiert werden.<\/p>\n<p>Hierf\u00fcr ist bei der Auslieferung des Ger\u00e4tes ist der B\u00fcgel noch offen. D.h. man muss zuerst seinen Bandfalld\u00e4mpfer installieren. Erst dann kann der B\u00fcgel mit der Schraube verschlossen werden.<\/p>\n<p>Folglich erspart man sich einen Karabiner. Zudem kann die seilseitige Fixierung dann weder aufgehen, noch kann man vergessen, diese zu schlie\u00dfen. Sie ist fix und somit 100%ig sicher.<\/p>\n<p>Des weiteren hat man das Ger\u00e4t dann fix mit seinem Gurt verbunden. Passiert man eine Zwischensicherung, kann das Ger\u00e4t nicht abst\u00fcrzen.<\/p>\n<figure id=\"attachment_17116\" aria-describedby=\"caption-attachment-17116\" style=\"width: 800px\" class=\"wp-caption alignnone\"><a href=\"https:\/\/bolting.eu\/wp-content\/uploads\/2023\/09\/Installation-BAndfalldaempfer-ASAP-Lock.jpg\"><img loading=\"lazy\" decoding=\"async\" class=\"wp-image-17116 size-medium\" src=\"https:\/\/bolting.eu\/wp-content\/uploads\/2023\/09\/Installation-BAndfalldaempfer-ASAP-Lock-800x400.jpg\" alt=\"Grafik zur Installation eines Bandfalld\u00e4mpfers beim Petzl Asap Lock.\" width=\"800\" height=\"400\" srcset=\"https:\/\/bolting.eu\/wp-content\/uploads\/2023\/09\/Installation-BAndfalldaempfer-ASAP-Lock-800x400.jpg 800w, https:\/\/bolting.eu\/wp-content\/uploads\/2023\/09\/Installation-BAndfalldaempfer-ASAP-Lock-768x384.jpg 768w, https:\/\/bolting.eu\/wp-content\/uploads\/2023\/09\/Installation-BAndfalldaempfer-ASAP-Lock-510x255.jpg 510w, https:\/\/bolting.eu\/wp-content\/uploads\/2023\/09\/Installation-BAndfalldaempfer-ASAP-Lock-100x50.jpg 100w, https:\/\/bolting.eu\/wp-content\/uploads\/2023\/09\/Installation-BAndfalldaempfer-ASAP-Lock.jpg 1200w\" sizes=\"auto, (max-width: 800px) 100vw, 800px\" \/><\/a><figcaption id=\"caption-attachment-17116\" class=\"wp-caption-text\">So wird der Bandfalld\u00e4mpfer am &#8220;Verbindungsarm&#8221; fix installiert. Beachtet die zus\u00e4tzlichen Warnhinweise!<\/figcaption><\/figure>\n<h3>Richtige Verbindung zum Gurt<\/h3>\n<p>Um normgerecht zu arbeiten, bedarf es gurtseitig ganz bestimmten Konfigurationen bei der Befestigung.<\/p>\n<p>Nur die Petzl Karabiner AM\u00b4D Twist-Lock, Ok Twist &#8211; Lock und BM\u00b4D Twist Lock sind zugelassen. Sie m\u00fcssen zudem mit dem Captiv Fixierb\u00fcgel oder einem String angebracht werden.<\/p>\n<figure id=\"attachment_17118\" aria-describedby=\"caption-attachment-17118\" style=\"width: 800px\" class=\"wp-caption alignnone\"><a href=\"https:\/\/bolting.eu\/wp-content\/uploads\/2023\/09\/Verbindung-ASAP-Lock-Gurtseitig.jpg\"><img loading=\"lazy\" decoding=\"async\" class=\"wp-image-17118 size-medium\" src=\"https:\/\/bolting.eu\/wp-content\/uploads\/2023\/09\/Verbindung-ASAP-Lock-Gurtseitig-800x400.jpg\" alt=\"Grafik zur VEerbindung eines mitlaufenden Auffangger\u00e4tes zum Klettergurt.\" width=\"800\" height=\"400\" srcset=\"https:\/\/bolting.eu\/wp-content\/uploads\/2023\/09\/Verbindung-ASAP-Lock-Gurtseitig-800x400.jpg 800w, https:\/\/bolting.eu\/wp-content\/uploads\/2023\/09\/Verbindung-ASAP-Lock-Gurtseitig-768x384.jpg 768w, https:\/\/bolting.eu\/wp-content\/uploads\/2023\/09\/Verbindung-ASAP-Lock-Gurtseitig-510x255.jpg 510w, https:\/\/bolting.eu\/wp-content\/uploads\/2023\/09\/Verbindung-ASAP-Lock-Gurtseitig-100x50.jpg 100w, https:\/\/bolting.eu\/wp-content\/uploads\/2023\/09\/Verbindung-ASAP-Lock-Gurtseitig.jpg 1024w\" sizes=\"auto, (max-width: 800px) 100vw, 800px\" \/><\/a><figcaption id=\"caption-attachment-17118\" class=\"wp-caption-text\">Beachtet die empfohlenen Karabinertypen, denn nur so arbeitet ihr normgerecht!<\/figcaption><\/figure>\n<h3>Funktionsprinzip\u00a0 ASAP LOCK<\/h3>\n<p>Im Inneren dieses Auffangger\u00e4tes befindet sich eine sogenannte &#8220;Laufrolle&#8221;. Diese ist mit zus\u00e4tzlichen Gewichten ausgestattet. Kommt die Rolle in &#8220;Schwung&#8221;, so dr\u00fcckt es die Zusatzgewichte nach au\u00dfen. Das Ger\u00e4t blockiert dann automatisch.<\/p>\n<p>Dieser Blockiervorgang wird also z.B. bei allen &#8220;St\u00fcrzen&#8221; automatisch ausgel\u00f6st. Aber ebenso auch bei zu schnellen Abseilfahrten.<\/p>\n<p>Dieses Prinzip garantiert also den permanenten Schutz gegen einen Absturz.<\/p>\n<p><a href=\"https:\/\/bolting.eu\/wp-content\/uploads\/2023\/09\/Funktionsprinzip-ASAK-Lock.jpg\"><img loading=\"lazy\" decoding=\"async\" class=\"alignnone wp-image-17119 size-medium\" src=\"https:\/\/bolting.eu\/wp-content\/uploads\/2023\/09\/Funktionsprinzip-ASAK-Lock-800x400.jpg\" alt=\"Grafik zum Funktionsprinzip des ASAP LOCK mit drei Zeichnungen.\" width=\"800\" height=\"400\" srcset=\"https:\/\/bolting.eu\/wp-content\/uploads\/2023\/09\/Funktionsprinzip-ASAK-Lock-800x400.jpg 800w, https:\/\/bolting.eu\/wp-content\/uploads\/2023\/09\/Funktionsprinzip-ASAK-Lock-768x384.jpg 768w, https:\/\/bolting.eu\/wp-content\/uploads\/2023\/09\/Funktionsprinzip-ASAK-Lock-510x255.jpg 510w, https:\/\/bolting.eu\/wp-content\/uploads\/2023\/09\/Funktionsprinzip-ASAK-Lock-100x50.jpg 100w, https:\/\/bolting.eu\/wp-content\/uploads\/2023\/09\/Funktionsprinzip-ASAK-Lock.jpg 1024w\" sizes=\"auto, (max-width: 800px) 100vw, 800px\" \/><\/a><\/p>\n<p>&nbsp;<\/p>\n","protected":false},"excerpt":{"rendered":"<p>Mitlaufendes Auffangger\u00e4t mit &#8220;Stop&#8221; Funktion sowie Verbindungsarm f\u00fcr Bandfalld\u00e4mpfer.<\/p>\n<p>Ideal f\u00fcr H\u00f6henarbeiten mit regelm\u00e4\u00dfigen Arbeiten, bei denen man an Position verharrt. DER Standard f\u00fcr Rope Access Arbeiten!<\/p>\n<p>Versandkostenfrei bis 2kg in <img decoding=\"async\" class=\"emoji\" role=\"img\" draggable=\"false\" src=\"https:\/\/s.w.org\/images\/core\/emoji\/14.0.0\/svg\/1f1e6-1f1f9.svg\" alt=\"\ud83c\udde6\ud83c\uddf9\" \/> ab \u20ac 100,- und <img decoding=\"async\" class=\"emoji\" role=\"img\" draggable=\"false\" src=\"https:\/\/s.w.org\/images\/core\/emoji\/14.0.0\/svg\/1f1e9-1f1ea.svg\" alt=\"\ud83c\udde9\ud83c\uddea\" \/> ab \u20ac 200,-!<\/p>\n","protected":false},"featured_media":17123,"comment_status":"closed","ping_status":"closed","template":"","meta":[],"product_brand":[],"product_cat":[14793,14842,14745,14795,14056],"product_tag":[],"class_list":{"0":"post-17112","1":"product","2":"type-product","3":"status-publish","4":"has-post-thumbnail","6":"product_cat-bolting-products","7":"product_cat-industrial-climbing-gear","8":"product_cat-mitlaufende-auffanggeraete","9":"product_cat-petzl-en","10":"product_cat-seil-auf-abstieg","12":"first","13":"instock","14":"sale","15":"taxable","16":"shipping-taxable","17":"purchasable","18":"product-type-simple"},"yoast_head":"<!-- This site is optimized with the Yoast SEO Premium plugin v26.9 (Yoast SEO v26.9) - https:\/\/yoast.com\/product\/yoast-seo-premium-wordpress\/ -->\n<title>Petzl ASAP Lock - mitlaufendes Auffangger\u00e4t | bolting.eu<\/title>\n<meta name=\"description\" content=\"PETZL ASAP Lock Auffangger\u00e4t beim Kletterprofi aus Innsbruck - Tirol kaufen \u2705 kostenloser Versand* \u2705 14 Tage R\u00fcckgaberecht \u2705 Co2 neutraler Versand\" \/>\n<meta name=\"robots\" content=\"index, follow, max-snippet:-1, max-image-preview:large, max-video-preview:-1\" \/>\n<link rel=\"canonical\" href=\"https:\/\/bolting.eu\/en\/shop\/petzl-asap-lock\/\" \/>\n<meta property=\"og:locale\" content=\"en_US\" \/>\n<meta property=\"og:type\" content=\"article\" \/>\n<meta property=\"og:title\" content=\"Petzl ASAP Lock\" \/>\n<meta property=\"og:description\" content=\"PETZL ASAP Lock Auffangger\u00e4t beim Kletterprofi aus Innsbruck - Tirol kaufen \u2705 kostenloser Versand* \u2705 14 Tage R\u00fcckgaberecht \u2705 Co2 neutraler Versand\" \/>\n<meta property=\"og:url\" content=\"https:\/\/bolting.eu\/en\/shop\/petzl-asap-lock\/\" \/>\n<meta property=\"og:site_name\" content=\"bolting.eu\" \/>\n<meta property=\"article:publisher\" content=\"https:\/\/www.facebook.com\/bolting.eu\" \/>\n<meta property=\"article:modified_time\" content=\"2026-03-27T14:27:04+00:00\" \/>\n<meta property=\"og:image\" content=\"https:\/\/bolting.eu\/wp-content\/uploads\/2023\/09\/Petzl-ASAP-Lock-1.jpg\" \/>\n\t<meta property=\"og:image:width\" content=\"700\" \/>\n\t<meta property=\"og:image:height\" content=\"700\" \/>\n\t<meta property=\"og:image:type\" content=\"image\/jpeg\" \/>\n<meta name=\"twitter:card\" content=\"summary_large_image\" \/>\n<meta name=\"twitter:label1\" content=\"Price\" \/>\n\t<meta name=\"twitter:data1\" content=\"&euro;&nbsp;230,00\" \/>\n\t<meta name=\"twitter:label2\" content=\"Availability\" \/>\n\t<meta name=\"twitter:data2\" content=\"In stock\" \/>\n<script type=\"application\/ld+json\" class=\"yoast-schema-graph\">{\"@context\":\"https:\/\/schema.org\",\"@graph\":[{\"@type\":[\"WebPage\",\"ItemPage\"],\"@id\":\"https:\/\/bolting.eu\/en\/shop\/petzl-asap-lock\/\",\"url\":\"https:\/\/bolting.eu\/en\/shop\/petzl-asap-lock\/\",\"name\":\"Petzl ASAP Lock - mitlaufendes Auffangger\u00e4t | bolting.eu\",\"isPartOf\":{\"@id\":\"https:\/\/bolting.eu\/en\/#website\"},\"primaryImageOfPage\":{\"@id\":\"https:\/\/bolting.eu\/en\/shop\/petzl-asap-lock\/#primaryimage\"},\"image\":{\"@id\":\"https:\/\/bolting.eu\/en\/shop\/petzl-asap-lock\/#primaryimage\"},\"thumbnailUrl\":\"https:\/\/bolting.eu\/wp-content\/uploads\/2023\/09\/Petzl-ASAP-Lock-1.jpg\",\"datePublished\":\"2023-09-20T09:21:50+00:00\",\"dateModified\":\"2026-03-27T14:27:04+00:00\",\"description\":\"PETZL ASAP Lock Auffangger\u00e4t beim Kletterprofi aus Innsbruck - Tirol kaufen \u2705 kostenloser Versand* \u2705 14 Tage R\u00fcckgaberecht \u2705 Co2 neutraler Versand\",\"breadcrumb\":{\"@id\":\"https:\/\/bolting.eu\/en\/shop\/petzl-asap-lock\/#breadcrumb\"},\"inLanguage\":\"en-US\",\"potentialAction\":[{\"@type\":\"ReadAction\",\"target\":[\"https:\/\/bolting.eu\/en\/shop\/petzl-asap-lock\/\"]}]},{\"@type\":\"ImageObject\",\"inLanguage\":\"en-US\",\"@id\":\"https:\/\/bolting.eu\/en\/shop\/petzl-asap-lock\/#primaryimage\",\"url\":\"https:\/\/bolting.eu\/wp-content\/uploads\/2023\/09\/Petzl-ASAP-Lock-1.jpg\",\"contentUrl\":\"https:\/\/bolting.eu\/wp-content\/uploads\/2023\/09\/Petzl-ASAP-Lock-1.jpg\",\"width\":700,\"height\":700,\"caption\":\"Golden - schwarzes Petzl ASAP LOCK Auffangger\u00e4t.\"},{\"@type\":\"BreadcrumbList\",\"@id\":\"https:\/\/bolting.eu\/en\/shop\/petzl-asap-lock\/#breadcrumb\",\"itemListElement\":[{\"@type\":\"ListItem\",\"position\":1,\"name\":\"Shop\",\"item\":\"https:\/\/bolting.eu\/en\/shop\/\"},{\"@type\":\"ListItem\",\"position\":2,\"name\":\"Industrial climbing gear\",\"item\":\"https:\/\/bolting.eu\/en\/produkt-kategorie\/industrial-climbing-gear\/\"},{\"@type\":\"ListItem\",\"position\":3,\"name\":\"Mitlaufende Auffangger\u00e4te\",\"item\":\"https:\/\/bolting.eu\/produkt-kategorie\/industriekletter-ausruestung\/mitlaufende-auffanggeraete\/\"},{\"@type\":\"ListItem\",\"position\":4,\"name\":\"Petzl ASAP Lock\"}]},{\"@type\":\"WebSite\",\"@id\":\"https:\/\/bolting.eu\/en\/#website\",\"url\":\"https:\/\/bolting.eu\/en\/\",\"name\":\"bolting.eu\",\"description\":\"we make climbs happen\",\"publisher\":{\"@id\":\"https:\/\/bolting.eu\/en\/#organization\"},\"potentialAction\":[{\"@type\":\"SearchAction\",\"target\":{\"@type\":\"EntryPoint\",\"urlTemplate\":\"https:\/\/bolting.eu\/en\/?s={search_term_string}\"},\"query-input\":{\"@type\":\"PropertyValueSpecification\",\"valueRequired\":true,\"valueName\":\"search_term_string\"}}],\"inLanguage\":\"en-US\"},{\"@type\":[\"Organization\",\"Place\",\"SportingGoodsStore\"],\"@id\":\"https:\/\/bolting.eu\/en\/#organization\",\"name\":\"bolting.eu\",\"url\":\"https:\/\/bolting.eu\/en\/\",\"logo\":{\"@id\":\"https:\/\/bolting.eu\/en\/shop\/petzl-asap-lock\/#local-main-organization-logo\"},\"image\":{\"@id\":\"https:\/\/bolting.eu\/en\/shop\/petzl-asap-lock\/#local-main-organization-logo\"},\"sameAs\":[\"https:\/\/www.facebook.com\/bolting.eu\",\"https:\/\/www.instagram.com\/bolting.eu\/\"],\"address\":{\"@id\":\"https:\/\/bolting.eu\/en\/shop\/petzl-asap-lock\/#local-main-place-address\"},\"geo\":{\"@type\":\"GeoCoordinates\",\"latitude\":\"47.264176340396226\",\"longitude\":\"11.380109057672346\"},\"telephone\":[\"+43 699 19083372\"],\"openingHoursSpecification\":[{\"@type\":\"OpeningHoursSpecification\",\"dayOfWeek\":[\"Monday\",\"Wednesday\",\"Friday\"],\"opens\":\"14:00\",\"closes\":\"18:00\"},{\"@type\":\"OpeningHoursSpecification\",\"dayOfWeek\":[\"Tuesday\",\"Thursday\",\"Saturday\",\"Sunday\"],\"opens\":\"00:00\",\"closes\":\"00:00\"}],\"email\":\"office@bolting.eu\",\"vatID\":\"ATU59999728\",\"priceRange\":\"$$\",\"currenciesAccepted\":\"Euro\"},{\"@type\":\"PostalAddress\",\"@id\":\"https:\/\/bolting.eu\/en\/shop\/petzl-asap-lock\/#local-main-place-address\",\"streetAddress\":\"Fischnalerstra\u00dfe 4\",\"addressLocality\":\"Innsbruck\",\"postalCode\":\"6020\",\"addressRegion\":\"Tirol\",\"addressCountry\":\"AT\"},{\"@type\":\"ImageObject\",\"inLanguage\":\"en-US\",\"@id\":\"https:\/\/bolting.eu\/en\/shop\/petzl-asap-lock\/#local-main-organization-logo\",\"url\":\"https:\/\/bolting.eu\/wp-content\/uploads\/2019\/09\/bolting-logo.png\",\"contentUrl\":\"https:\/\/bolting.eu\/wp-content\/uploads\/2019\/09\/bolting-logo.png\",\"width\":400,\"height\":211,\"caption\":\"bolting.eu\"}]}<\/script>\n<meta property=\"og:video\" content=\"https:\/\/www.youtube.com\/embed\/q9KO6nHsvLY\" \/>\n<meta property=\"og:video:type\" content=\"text\/html\" \/>\n<meta property=\"og:video:duration\" content=\"246\" \/>\n<meta property=\"og:video:width\" content=\"480\" \/>\n<meta property=\"og:video:height\" content=\"270\" \/>\n<meta property=\"ya:ovs:adult\" content=\"false\" \/>\n<meta property=\"ya:ovs:upload_date\" content=\"2023-09-20T09:21:50+00:00\" \/>\n<meta property=\"ya:ovs:allow_embed\" content=\"true\" \/>\n<meta property=\"product:price:amount\" content=\"230.00\" \/>\n<meta property=\"product:price:currency\" content=\"EUR\" \/>\n<meta property=\"og:availability\" content=\"instock\" \/>\n<meta property=\"product:availability\" content=\"instock\" \/>\n<meta property=\"product:retailer_item_id\" content=\"B071BA00\" \/>\n<meta property=\"product:condition\" content=\"new\" \/>\n<meta name=\"geo.placename\" content=\"Innsbruck\" \/>\n<meta name=\"geo.position\" content=\"47.264176340396226;11.380109057672346\" \/>\n<meta name=\"geo.region\" content=\"Austria\" \/>\n<!-- \/ Yoast SEO Premium plugin. -->","yoast_head_json":{"title":"Petzl ASAP Lock - mitlaufendes Auffangger\u00e4t | bolting.eu","description":"PETZL ASAP Lock Auffangger\u00e4t beim Kletterprofi aus Innsbruck - Tirol kaufen \u2705 kostenloser Versand* \u2705 14 Tage R\u00fcckgaberecht \u2705 Co2 neutraler Versand","robots":{"index":"index","follow":"follow","max-snippet":"max-snippet:-1","max-image-preview":"max-image-preview:large","max-video-preview":"max-video-preview:-1"},"canonical":"https:\/\/bolting.eu\/en\/shop\/petzl-asap-lock\/","og_locale":"en_US","og_type":"article","og_title":"Petzl ASAP Lock","og_description":"PETZL ASAP Lock Auffangger\u00e4t beim Kletterprofi aus Innsbruck - Tirol kaufen \u2705 kostenloser Versand* \u2705 14 Tage R\u00fcckgaberecht \u2705 Co2 neutraler Versand","og_url":"https:\/\/bolting.eu\/en\/shop\/petzl-asap-lock\/","og_site_name":"bolting.eu","article_publisher":"https:\/\/www.facebook.com\/bolting.eu","article_modified_time":"2026-03-27T14:27:04+00:00","og_image":[{"width":700,"height":700,"url":"https:\/\/bolting.eu\/wp-content\/uploads\/2023\/09\/Petzl-ASAP-Lock-1.jpg","type":"image\/jpeg"}],"twitter_card":"summary_large_image","twitter_misc":{"Price":"&euro;&nbsp;230,00","Availability":"In stock"},"schema":{"@context":"https:\/\/schema.org","@graph":[{"@type":["WebPage","ItemPage"],"@id":"https:\/\/bolting.eu\/en\/shop\/petzl-asap-lock\/","url":"https:\/\/bolting.eu\/en\/shop\/petzl-asap-lock\/","name":"Petzl ASAP Lock - mitlaufendes Auffangger\u00e4t | bolting.eu","isPartOf":{"@id":"https:\/\/bolting.eu\/en\/#website"},"primaryImageOfPage":{"@id":"https:\/\/bolting.eu\/en\/shop\/petzl-asap-lock\/#primaryimage"},"image":{"@id":"https:\/\/bolting.eu\/en\/shop\/petzl-asap-lock\/#primaryimage"},"thumbnailUrl":"https:\/\/bolting.eu\/wp-content\/uploads\/2023\/09\/Petzl-ASAP-Lock-1.jpg","datePublished":"2023-09-20T09:21:50+00:00","dateModified":"2026-03-27T14:27:04+00:00","description":"PETZL ASAP Lock Auffangger\u00e4t beim Kletterprofi aus Innsbruck - Tirol kaufen \u2705 kostenloser Versand* \u2705 14 Tage R\u00fcckgaberecht \u2705 Co2 neutraler Versand","breadcrumb":{"@id":"https:\/\/bolting.eu\/en\/shop\/petzl-asap-lock\/#breadcrumb"},"inLanguage":"en-US","potentialAction":[{"@type":"ReadAction","target":["https:\/\/bolting.eu\/en\/shop\/petzl-asap-lock\/"]}]},{"@type":"ImageObject","inLanguage":"en-US","@id":"https:\/\/bolting.eu\/en\/shop\/petzl-asap-lock\/#primaryimage","url":"https:\/\/bolting.eu\/wp-content\/uploads\/2023\/09\/Petzl-ASAP-Lock-1.jpg","contentUrl":"https:\/\/bolting.eu\/wp-content\/uploads\/2023\/09\/Petzl-ASAP-Lock-1.jpg","width":700,"height":700,"caption":"Golden - schwarzes Petzl ASAP LOCK Auffangger\u00e4t."},{"@type":"BreadcrumbList","@id":"https:\/\/bolting.eu\/en\/shop\/petzl-asap-lock\/#breadcrumb","itemListElement":[{"@type":"ListItem","position":1,"name":"Shop","item":"https:\/\/bolting.eu\/en\/shop\/"},{"@type":"ListItem","position":2,"name":"Industrial climbing gear","item":"https:\/\/bolting.eu\/en\/produkt-kategorie\/industrial-climbing-gear\/"},{"@type":"ListItem","position":3,"name":"Mitlaufende Auffangger\u00e4te","item":"https:\/\/bolting.eu\/produkt-kategorie\/industriekletter-ausruestung\/mitlaufende-auffanggeraete\/"},{"@type":"ListItem","position":4,"name":"Petzl ASAP Lock"}]},{"@type":"WebSite","@id":"https:\/\/bolting.eu\/en\/#website","url":"https:\/\/bolting.eu\/en\/","name":"bolting.eu","description":"we make climbs happen","publisher":{"@id":"https:\/\/bolting.eu\/en\/#organization"},"potentialAction":[{"@type":"SearchAction","target":{"@type":"EntryPoint","urlTemplate":"https:\/\/bolting.eu\/en\/?s={search_term_string}"},"query-input":{"@type":"PropertyValueSpecification","valueRequired":true,"valueName":"search_term_string"}}],"inLanguage":"en-US"},{"@type":["Organization","Place","SportingGoodsStore"],"@id":"https:\/\/bolting.eu\/en\/#organization","name":"bolting.eu","url":"https:\/\/bolting.eu\/en\/","logo":{"@id":"https:\/\/bolting.eu\/en\/shop\/petzl-asap-lock\/#local-main-organization-logo"},"image":{"@id":"https:\/\/bolting.eu\/en\/shop\/petzl-asap-lock\/#local-main-organization-logo"},"sameAs":["https:\/\/www.facebook.com\/bolting.eu","https:\/\/www.instagram.com\/bolting.eu\/"],"address":{"@id":"https:\/\/bolting.eu\/en\/shop\/petzl-asap-lock\/#local-main-place-address"},"geo":{"@type":"GeoCoordinates","latitude":"47.264176340396226","longitude":"11.380109057672346"},"telephone":["+43 699 19083372"],"openingHoursSpecification":[{"@type":"OpeningHoursSpecification","dayOfWeek":["Monday","Wednesday","Friday"],"opens":"14:00","closes":"18:00"},{"@type":"OpeningHoursSpecification","dayOfWeek":["Tuesday","Thursday","Saturday","Sunday"],"opens":"00:00","closes":"00:00"}],"email":"office@bolting.eu","vatID":"ATU59999728","priceRange":"$$","currenciesAccepted":"Euro"},{"@type":"PostalAddress","@id":"https:\/\/bolting.eu\/en\/shop\/petzl-asap-lock\/#local-main-place-address","streetAddress":"Fischnalerstra\u00dfe 4","addressLocality":"Innsbruck","postalCode":"6020","addressRegion":"Tirol","addressCountry":"AT"},{"@type":"ImageObject","inLanguage":"en-US","@id":"https:\/\/bolting.eu\/en\/shop\/petzl-asap-lock\/#local-main-organization-logo","url":"https:\/\/bolting.eu\/wp-content\/uploads\/2019\/09\/bolting-logo.png","contentUrl":"https:\/\/bolting.eu\/wp-content\/uploads\/2019\/09\/bolting-logo.png","width":400,"height":211,"caption":"bolting.eu"}]},"og_video":"https:\/\/www.youtube.com\/embed\/q9KO6nHsvLY","og_video_type":"text\/html","og_video_duration":"246","og_video_width":"480","og_video_height":"270","ya_ovs_adult":"false","ya_ovs_upload_date":"2023-09-20T09:21:50+00:00","ya_ovs_allow_embed":"true","product_price_amount":"230.00","product_price_currency":"EUR","og_availability":"instock","product_availability":"instock","product_retailer_item_id":"B071BA00","product_condition":"new","geo.placename":"Innsbruck","geo.position":{"lat":"47.264176340396226","long":"11.380109057672346"},"geo.region":"Austria"},"_links":{"self":[{"href":"https:\/\/bolting.eu\/en\/wp-json\/wp\/v2\/product\/17112","targetHints":{"allow":["GET"]}}],"collection":[{"href":"https:\/\/bolting.eu\/en\/wp-json\/wp\/v2\/product"}],"about":[{"href":"https:\/\/bolting.eu\/en\/wp-json\/wp\/v2\/types\/product"}],"replies":[{"embeddable":true,"href":"https:\/\/bolting.eu\/en\/wp-json\/wp\/v2\/comments?post=17112"}],"wp:featuredmedia":[{"embeddable":true,"href":"https:\/\/bolting.eu\/en\/wp-json\/wp\/v2\/media\/17123"}],"wp:attachment":[{"href":"https:\/\/bolting.eu\/en\/wp-json\/wp\/v2\/media?parent=17112"}],"wp:term":[{"taxonomy":"product_brand","embeddable":true,"href":"https:\/\/bolting.eu\/en\/wp-json\/wp\/v2\/product_brand?post=17112"},{"taxonomy":"product_cat","embeddable":true,"href":"https:\/\/bolting.eu\/en\/wp-json\/wp\/v2\/product_cat?post=17112"},{"taxonomy":"product_tag","embeddable":true,"href":"https:\/\/bolting.eu\/en\/wp-json\/wp\/v2\/product_tag?post=17112"}],"curies":[{"name":"wp","href":"https:\/\/api.w.org\/{rel}","templated":true}]}}