{"id":1709,"date":"2020-03-03T19:21:04","date_gmt":"2020-03-03T18:21:04","guid":{"rendered":"https:\/\/bolting.eu\/?post_type=product&#038;p=1709"},"modified":"2026-04-20T17:57:06","modified_gmt":"2026-04-20T15:57:06","slug":"fischer-statikmischer-fis-mr-plus","status":"publish","type":"product","link":"https:\/\/bolting.eu\/en\/shop\/fischer-statikmischer-fis-mr-plus\/","title":{"rendered":"Fischer Statikmischer FIS MR plus"},"content":{"rendered":"<p>Der Fischer Statikmischer FIS MR plus ist f\u00fcr alle Fischer <a href=\"https:\/\/bolting.eu\/produkt-kategorie\/einbohrartikel\/injektionsmoertel\/\">Injektionsm\u00f6rtel<\/a> Kartuschen geeignet. Sowohl f\u00fcr 1-Kammer- Kartuschen als auch f\u00fcr 2-Kammer-Kartuschen. Der Statikmischer wird einfach auf die Kartuschen aufgeschraubt. Er sorgt beim Auspressen f\u00fcr ein sicheres, homogenes Vermischen der zwei M\u00f6rtelkomponenten.<\/p>\n<p>Da der Injektionsm\u00f6rtel schon ab 20\u00b0 C rasch aush\u00e4rtet, ben\u00f6tigt man bei folgenden T\u00e4tigkeiten <strong>verh\u00e4ltnism\u00e4\u00dfig viele Statikmischer<\/strong>:<\/p>\n<ul>\n<li><a href=\"https:\/\/bolting.eu\/klebehaken-setzen\/\">Klebehaken setzen<\/a><\/li>\n<li><a href=\"https:\/\/bolting.eu\/consulting-errichtung\/klettergarten-errichtung\/\">Klettergarten Errichtung<\/a><\/li>\n<li><a href=\"https:\/\/bolting.eu\/consulting-errichtung\/klettergarten-sanierung\/\">Klettergarten Sanierung<\/a><\/li>\n<li>Verarbeitung von <a href=\"https:\/\/bolting.eu\/produkt-kategorie\/klettersteigbau-klettersteigmaterial\/\">Klettersteigmaterialien<\/a><\/li>\n<li>Ankleben von Klettergriffen<\/li>\n<li>Anbringung von Ankerh\u00fclsen bzw. Innengewinde<\/li>\n<\/ul>\n<p>Daher ist dieses Produkt auch<span style=\"font-size: 14.4px;\">\u00a0im <a href=\"https:\/\/bolting.eu\/shop\/fischer-statikmischer-fis-mr-plus-multipack\/\">Multipack mit 6, 12 oder 24 St\u00fcck<\/a> erh\u00e4ltlich!<\/span><\/p>\n<p><a href=\"https:\/\/bolting.eu\/wp-content\/uploads\/2020\/03\/Fischer-Statikmischer-FIS-MR-plus-Multipack.jpg\"><img loading=\"lazy\" decoding=\"async\" class=\"size-thumbnail wp-image-1815 alignnone\" src=\"https:\/\/bolting.eu\/wp-content\/uploads\/2020\/03\/Fischer-Statikmischer-FIS-MR-plus-Multipack-280x280.jpg\" alt=\"Das Bild zeigt einen Fischer Statikmischer FIS MR plus - Multipack. In einem wei\u00dfem Quadrat sind 6 aufrecht stehende Platikd\u00fcsen zu sehen. Die Spitze schaut nach oben.\" width=\"280\" height=\"280\" srcset=\"https:\/\/bolting.eu\/wp-content\/uploads\/2020\/03\/Fischer-Statikmischer-FIS-MR-plus-Multipack-280x280.jpg 280w, https:\/\/bolting.eu\/wp-content\/uploads\/2020\/03\/Fischer-Statikmischer-FIS-MR-plus-Multipack-247x247.jpg 247w, https:\/\/bolting.eu\/wp-content\/uploads\/2020\/03\/Fischer-Statikmischer-FIS-MR-plus-Multipack-100x100.jpg 100w, https:\/\/bolting.eu\/wp-content\/uploads\/2020\/03\/Fischer-Statikmischer-FIS-MR-plus-Multipack-510x510.jpg 510w, https:\/\/bolting.eu\/wp-content\/uploads\/2020\/03\/Fischer-Statikmischer-FIS-MR-plus-Multipack-400x400.jpg 400w, https:\/\/bolting.eu\/wp-content\/uploads\/2020\/03\/Fischer-Statikmischer-FIS-MR-plus-Multipack-300x300.jpg 300w, https:\/\/bolting.eu\/wp-content\/uploads\/2020\/03\/Fischer-Statikmischer-FIS-MR-plus-Multipack-600x600.jpg 600w, https:\/\/bolting.eu\/wp-content\/uploads\/2020\/03\/Fischer-Statikmischer-FIS-MR-plus-Multipack.jpg 700w\" sizes=\"auto, (max-width: 280px) 100vw, 280px\" \/><\/a><\/p>\n<h3>Eigenschaften Fischer Statikmischer FIS MR plus<\/h3>\n<ul>\n<li>Hersteller: Fischer Befestigungstechnik<\/li>\n<li>Material: Kunststoff<\/li>\n<li>Verpackungseinheiten: einzeln bestellbar oder im preisg\u00fcnstigen 12er und 24er Pack<\/li>\n<li>Gewicht: ca. 20 Gramm<\/li>\n<li>Schraubgewinde speziell f\u00fcr Fischer Injektionsm\u00f6rtel<\/li>\n<li>Mischverh\u00e4ltnis optimal abgestimmt auf Fischer Kartuschen<\/li>\n<li>vermengt sicher die H\u00e4rter- und Harz Komponenten<\/li>\n<\/ul>\n<h3><\/h3>\n<h3>Verarbeitung bei alpinen Sportarten<\/h3>\n<p>Die Injektionsm\u00f6rtel von Fischer eignen sich einerseits perfekt zum <a href=\"https:\/\/bolting.eu\/kletterroute-mit-klebehaken-einrichten\/\">Einrichten von Kletterrouten mit Klebenhaken<\/a>. Andererseits sind sie auch top bei der Verarbeitung von Klettersteigmaterialien. Im Folgenden unsere Praxis Tipps damit man sich bei der Verarbeitung bzw. Verwendung der Fischer Statikmischer FIS MR etwas leichter tut.<\/p>\n<p>Erstens sollte man alle L\u00f6cher bereits gebohrt und ordentlich ges\u00e4ubert haben. Zweitens zahlt es sich vor allem im Sommer aus, seinen Injektionsm\u00f6rtel zu k\u00fchlen. Einfach in eine K\u00fchlbox legen und erst bei Bedarf rausnehmen. So bleibt Euch mehr wertvolle Verarbeitungszeit. Drittens m\u00fcsst ihr immer den Vorlauf wegwerfen. D.h. die ersten ca. 5-10 cm des ausgepressten Klebers nicht zum F\u00fcllen eines Bohrlochs verwenden! Viertens m\u00fcsst ihr beim F\u00fcllen der L\u00f6cher sorgsam vorgehen. Steckt den Statikmischer ganz hinein. Daraufhin den M\u00f6rtel stetig auspressen und langsam aus dem Loch herausfahren. Je nach Gr\u00f6\u00dfe des Bauteils auf die richtige F\u00fcllmenge achten. Das Bohrloch muss nach dem Setzen zur G\u00e4nze gef\u00fcllt sein!<\/p>\n<h3>Einbohren in Meeresn\u00e4he<\/h3>\n<p>Die Kleber von Fischer bzw. die Fischer Statikmischer FIS MR k\u00f6nnen auch in Meeresn\u00e4he verwendet werden. Als Hardware empfehlen wir klar die Produkte von <a href=\"https:\/\/bolting.eu\/fixe-climbing\/\">Fixe Climbing<\/a>. Denn die <a href=\"https:\/\/bolting.eu\/fixe-plx-duplex-stahl\/\">Fixe PLX \u2013 Duplex Stahl<\/a> Produkte bestehend aus dem passenden Stahl.<\/p>\n<p>Wir f\u00fchren zudem <a href=\"https:\/\/bolting.eu\/?filter_stahlqualitaet=hcr-stahl-aisi-904l&amp;s=hcr&amp;post_type=product\">Produkte aus HCR Stahl<\/a> von <a href=\"https:\/\/bolting.eu\/climbing-technology\/\">Climbing Technology<\/a> sowie aus Titan von <a href=\"https:\/\/bolting.eu\/vertical-evolution\/\">Vertical Evolution<\/a>.<\/p>\n<p>Wenn du mehr dar\u00fcber wissen m\u00f6chtest lies dir unseren Beitrag dazu durch: \u201e<a href=\"https:\/\/bolting.eu\/stahlqualitaeten-bei-bohrhaken-und-klebehaken\/\">Stahlqualit\u00e4ten bei Bohrhaken und Klebehaken<\/a>\u201c<\/p>\n<h3>Video Anwendungsbeispiel Fischer Statikmischer FIS MR<\/h3>\n<p><iframe loading=\"lazy\" src=\"https:\/\/www.youtube.com\/embed\/xc4IK3O4SBI\" width=\"100%\" height=\"372\" frameborder=\"0\" allowfullscreen=\"allowfullscreen\"><span data-mce-type=\"bookmark\" style=\"display: inline-block; width: 0px; overflow: hidden; line-height: 0;\" class=\"mce_SELRES_start\">\ufeff<\/span><\/iframe><\/p>\n<p>&nbsp;<\/p>\n<p>Link Tipp: <a href=\"https:\/\/www.fischer.at\" target=\"_blank\" rel=\"noopener noreferrer\">zum Hersteller<\/a><\/p>\n","protected":false},"excerpt":{"rendered":"<ul>\n<li>Hersteller: <a href=\"https:\/\/bolting.eu\/produkt-kategorie\/fischer-befestigungstechnik\/\">Fischer Befestigungstechnik<\/a><\/li>\n<li>Material: Kunststoff<\/li>\n<li>Verpackungseinheiten: einzeln bestellbar oder im preisg\u00fcnstigen 12er und 24er Pack<\/li>\n<li>Gewicht: ca. 20 Gramm<\/li>\n<li>Schraubgewinde speziell f\u00fcr Fischer Injektionsm\u00f6rtel<\/li>\n<li>Mischverh\u00e4ltnis optimal abgestimmt auf Fischer Kartuschen<\/li>\n<li>vermengt sicher die H\u00e4rter- und Harz Komponenten<\/li>\n<\/ul>\n","protected":false},"featured_media":1710,"comment_status":"closed","ping_status":"closed","template":"","meta":[],"product_brand":[],"product_cat":[4652,59,1210],"product_tag":[],"class_list":{"0":"post-1709","1":"product","2":"type-product","3":"status-publish","4":"has-post-thumbnail","6":"product_cat-fischer","7":"product_cat-injektionsmoertel","8":"product_cat-einbohrartikel","10":"first","11":"instock","12":"taxable","13":"shipping-taxable","14":"purchasable","15":"product-type-simple"},"yoast_head":"<!-- This site is optimized with the Yoast SEO Premium plugin v26.9 (Yoast SEO v26.9) - https:\/\/yoast.com\/product\/yoast-seo-premium-wordpress\/ -->\n<title>Fischer Statikmischer FIS MR plus g\u00fcnstig online kaufen bei bolting.eu<\/title>\n<meta name=\"description\" content=\"Hier findest Du den Fischer Statikmischer FIS MR plus f\u00fcr alle Fischer M\u00f6rtel Kartuschen bis 390ml. Jetzt g\u00fcnstig bestellen bei bolting.eu!\" \/>\n<meta name=\"robots\" content=\"index, follow, max-snippet:-1, max-image-preview:large, max-video-preview:-1\" \/>\n<link rel=\"canonical\" href=\"https:\/\/bolting.eu\/en\/shop\/fischer-statikmischer-fis-mr-plus\/\" \/>\n<meta property=\"og:locale\" content=\"en_US\" \/>\n<meta property=\"og:type\" content=\"article\" \/>\n<meta property=\"og:title\" content=\"Fischer Statikmischer FIS MR plus\" \/>\n<meta property=\"og:description\" content=\"Hier findest Du den Fischer Statikmischer FIS MR plus f\u00fcr alle Fischer M\u00f6rtel Kartuschen bis 390ml. Jetzt g\u00fcnstig bestellen bei bolting.eu!\" \/>\n<meta property=\"og:url\" content=\"https:\/\/bolting.eu\/en\/shop\/fischer-statikmischer-fis-mr-plus\/\" \/>\n<meta property=\"og:site_name\" content=\"bolting.eu\" \/>\n<meta property=\"article:publisher\" content=\"https:\/\/www.facebook.com\/bolting.eu\" \/>\n<meta property=\"article:modified_time\" content=\"2026-04-20T15:57:06+00:00\" \/>\n<meta property=\"og:image\" content=\"https:\/\/bolting.eu\/wp-content\/uploads\/2020\/03\/Fischer-Statikmischer-FIS-MR-plus.jpg\" \/>\n\t<meta property=\"og:image:width\" content=\"700\" \/>\n\t<meta property=\"og:image:height\" content=\"700\" \/>\n\t<meta property=\"og:image:type\" content=\"image\/jpeg\" \/>\n<meta name=\"twitter:card\" content=\"summary_large_image\" \/>\n<meta name=\"twitter:label1\" content=\"Price\" \/>\n\t<meta name=\"twitter:data1\" content=\"&euro;&nbsp;1,89\" \/>\n\t<meta name=\"twitter:label2\" content=\"Availability\" \/>\n\t<meta name=\"twitter:data2\" content=\"In stock\" \/>\n<script type=\"application\/ld+json\" class=\"yoast-schema-graph\">{\"@context\":\"https:\/\/schema.org\",\"@graph\":[{\"@type\":[\"WebPage\",\"ItemPage\"],\"@id\":\"https:\/\/bolting.eu\/en\/shop\/fischer-statikmischer-fis-mr-plus\/\",\"url\":\"https:\/\/bolting.eu\/en\/shop\/fischer-statikmischer-fis-mr-plus\/\",\"name\":\"Fischer Statikmischer FIS MR plus g\u00fcnstig online kaufen bei bolting.eu\",\"isPartOf\":{\"@id\":\"https:\/\/bolting.eu\/en\/#website\"},\"primaryImageOfPage\":{\"@id\":\"https:\/\/bolting.eu\/en\/shop\/fischer-statikmischer-fis-mr-plus\/#primaryimage\"},\"image\":{\"@id\":\"https:\/\/bolting.eu\/en\/shop\/fischer-statikmischer-fis-mr-plus\/#primaryimage\"},\"thumbnailUrl\":\"https:\/\/bolting.eu\/wp-content\/uploads\/2020\/03\/Fischer-Statikmischer-FIS-MR-plus.jpg\",\"datePublished\":\"2020-03-03T18:21:04+00:00\",\"dateModified\":\"2026-04-20T15:57:06+00:00\",\"description\":\"Hier findest Du den Fischer Statikmischer FIS MR plus f\u00fcr alle Fischer M\u00f6rtel Kartuschen bis 390ml. Jetzt g\u00fcnstig bestellen bei bolting.eu!\",\"breadcrumb\":{\"@id\":\"https:\/\/bolting.eu\/en\/shop\/fischer-statikmischer-fis-mr-plus\/#breadcrumb\"},\"inLanguage\":\"en-US\",\"potentialAction\":[{\"@type\":\"ReadAction\",\"target\":[\"https:\/\/bolting.eu\/en\/shop\/fischer-statikmischer-fis-mr-plus\/\"]}]},{\"@type\":\"ImageObject\",\"inLanguage\":\"en-US\",\"@id\":\"https:\/\/bolting.eu\/en\/shop\/fischer-statikmischer-fis-mr-plus\/#primaryimage\",\"url\":\"https:\/\/bolting.eu\/wp-content\/uploads\/2020\/03\/Fischer-Statikmischer-FIS-MR-plus.jpg\",\"contentUrl\":\"https:\/\/bolting.eu\/wp-content\/uploads\/2020\/03\/Fischer-Statikmischer-FIS-MR-plus.jpg\",\"width\":700,\"height\":700,\"caption\":\"Das Bild zeigt den Fischer Statikmischer FIS MR plus auf wei\u00dfem Hintergrund. Die Plastikd\u00fcse steht vertikal in Bildmitte mit der Spitze nach oben.\"},{\"@type\":\"BreadcrumbList\",\"@id\":\"https:\/\/bolting.eu\/en\/shop\/fischer-statikmischer-fis-mr-plus\/#breadcrumb\",\"itemListElement\":[{\"@type\":\"ListItem\",\"position\":1,\"name\":\"Shop\",\"item\":\"https:\/\/bolting.eu\/en\/shop\/\"},{\"@type\":\"ListItem\",\"position\":2,\"name\":\"bolting products\",\"item\":\"https:\/\/bolting.eu\/en\/produkt-kategorie\/bolting-products\/\"},{\"@type\":\"ListItem\",\"position\":3,\"name\":\"injection mortar\",\"item\":\"https:\/\/bolting.eu\/en\/produkt-kategorie\/injection-mortar\/\"},{\"@type\":\"ListItem\",\"position\":4,\"name\":\"Fischer Statikmischer FIS MR plus\"}]},{\"@type\":\"WebSite\",\"@id\":\"https:\/\/bolting.eu\/en\/#website\",\"url\":\"https:\/\/bolting.eu\/en\/\",\"name\":\"bolting.eu\",\"description\":\"we make climbs happen\",\"publisher\":{\"@id\":\"https:\/\/bolting.eu\/en\/#organization\"},\"potentialAction\":[{\"@type\":\"SearchAction\",\"target\":{\"@type\":\"EntryPoint\",\"urlTemplate\":\"https:\/\/bolting.eu\/en\/?s={search_term_string}\"},\"query-input\":{\"@type\":\"PropertyValueSpecification\",\"valueRequired\":true,\"valueName\":\"search_term_string\"}}],\"inLanguage\":\"en-US\"},{\"@type\":[\"Organization\",\"Place\",\"SportingGoodsStore\"],\"@id\":\"https:\/\/bolting.eu\/en\/#organization\",\"name\":\"bolting.eu\",\"url\":\"https:\/\/bolting.eu\/en\/\",\"logo\":{\"@id\":\"https:\/\/bolting.eu\/en\/shop\/fischer-statikmischer-fis-mr-plus\/#local-main-organization-logo\"},\"image\":{\"@id\":\"https:\/\/bolting.eu\/en\/shop\/fischer-statikmischer-fis-mr-plus\/#local-main-organization-logo\"},\"sameAs\":[\"https:\/\/www.facebook.com\/bolting.eu\",\"https:\/\/www.instagram.com\/bolting.eu\/\"],\"address\":{\"@id\":\"https:\/\/bolting.eu\/en\/shop\/fischer-statikmischer-fis-mr-plus\/#local-main-place-address\"},\"geo\":{\"@type\":\"GeoCoordinates\",\"latitude\":\"47.264176340396226\",\"longitude\":\"11.380109057672346\"},\"telephone\":[\"+43 699 19083372\"],\"openingHoursSpecification\":[{\"@type\":\"OpeningHoursSpecification\",\"dayOfWeek\":[\"Monday\",\"Wednesday\",\"Friday\"],\"opens\":\"14:00\",\"closes\":\"18:00\"},{\"@type\":\"OpeningHoursSpecification\",\"dayOfWeek\":[\"Tuesday\",\"Thursday\",\"Saturday\",\"Sunday\"],\"opens\":\"00:00\",\"closes\":\"00:00\"}],\"email\":\"office@bolting.eu\",\"vatID\":\"ATU59999728\",\"priceRange\":\"$$\",\"currenciesAccepted\":\"Euro\"},{\"@type\":\"PostalAddress\",\"@id\":\"https:\/\/bolting.eu\/en\/shop\/fischer-statikmischer-fis-mr-plus\/#local-main-place-address\",\"streetAddress\":\"Fischnalerstra\u00dfe 4\",\"addressLocality\":\"Innsbruck\",\"postalCode\":\"6020\",\"addressRegion\":\"Tirol\",\"addressCountry\":\"AT\"},{\"@type\":\"ImageObject\",\"inLanguage\":\"en-US\",\"@id\":\"https:\/\/bolting.eu\/en\/shop\/fischer-statikmischer-fis-mr-plus\/#local-main-organization-logo\",\"url\":\"https:\/\/bolting.eu\/wp-content\/uploads\/2019\/09\/bolting-logo.png\",\"contentUrl\":\"https:\/\/bolting.eu\/wp-content\/uploads\/2019\/09\/bolting-logo.png\",\"width\":400,\"height\":211,\"caption\":\"bolting.eu\"}]}<\/script>\n<meta property=\"og:video\" content=\"https:\/\/www.youtube.com\/embed\/xc4IK3O4SBI\" \/>\n<meta property=\"og:video:type\" content=\"text\/html\" \/>\n<meta property=\"og:video:duration\" content=\"280\" \/>\n<meta property=\"og:video:width\" content=\"480\" \/>\n<meta property=\"og:video:height\" content=\"270\" \/>\n<meta property=\"ya:ovs:adult\" content=\"false\" \/>\n<meta property=\"ya:ovs:upload_date\" content=\"2020-03-03T18:21:04+00:00\" \/>\n<meta property=\"ya:ovs:allow_embed\" content=\"true\" \/>\n<meta property=\"product:price:amount\" content=\"1.89\" \/>\n<meta property=\"product:price:currency\" content=\"EUR\" \/>\n<meta property=\"og:availability\" content=\"instock\" \/>\n<meta property=\"product:availability\" content=\"instock\" \/>\n<meta property=\"product:retailer_item_id\" content=\"545853\" \/>\n<meta property=\"product:condition\" content=\"new\" \/>\n<meta name=\"geo.placename\" content=\"Innsbruck\" \/>\n<meta name=\"geo.position\" content=\"47.264176340396226;11.380109057672346\" \/>\n<meta name=\"geo.region\" content=\"Austria\" \/>\n<!-- \/ Yoast SEO Premium plugin. -->","yoast_head_json":{"title":"Fischer Statikmischer FIS MR plus g\u00fcnstig online kaufen bei bolting.eu","description":"Hier findest Du den Fischer Statikmischer FIS MR plus f\u00fcr alle Fischer M\u00f6rtel Kartuschen bis 390ml. Jetzt g\u00fcnstig bestellen bei bolting.eu!","robots":{"index":"index","follow":"follow","max-snippet":"max-snippet:-1","max-image-preview":"max-image-preview:large","max-video-preview":"max-video-preview:-1"},"canonical":"https:\/\/bolting.eu\/en\/shop\/fischer-statikmischer-fis-mr-plus\/","og_locale":"en_US","og_type":"article","og_title":"Fischer Statikmischer FIS MR plus","og_description":"Hier findest Du den Fischer Statikmischer FIS MR plus f\u00fcr alle Fischer M\u00f6rtel Kartuschen bis 390ml. Jetzt g\u00fcnstig bestellen bei bolting.eu!","og_url":"https:\/\/bolting.eu\/en\/shop\/fischer-statikmischer-fis-mr-plus\/","og_site_name":"bolting.eu","article_publisher":"https:\/\/www.facebook.com\/bolting.eu","article_modified_time":"2026-04-20T15:57:06+00:00","og_image":[{"width":700,"height":700,"url":"https:\/\/bolting.eu\/wp-content\/uploads\/2020\/03\/Fischer-Statikmischer-FIS-MR-plus.jpg","type":"image\/jpeg"}],"twitter_card":"summary_large_image","twitter_misc":{"Price":"&euro;&nbsp;1,89","Availability":"In stock"},"schema":{"@context":"https:\/\/schema.org","@graph":[{"@type":["WebPage","ItemPage"],"@id":"https:\/\/bolting.eu\/en\/shop\/fischer-statikmischer-fis-mr-plus\/","url":"https:\/\/bolting.eu\/en\/shop\/fischer-statikmischer-fis-mr-plus\/","name":"Fischer Statikmischer FIS MR plus g\u00fcnstig online kaufen bei bolting.eu","isPartOf":{"@id":"https:\/\/bolting.eu\/en\/#website"},"primaryImageOfPage":{"@id":"https:\/\/bolting.eu\/en\/shop\/fischer-statikmischer-fis-mr-plus\/#primaryimage"},"image":{"@id":"https:\/\/bolting.eu\/en\/shop\/fischer-statikmischer-fis-mr-plus\/#primaryimage"},"thumbnailUrl":"https:\/\/bolting.eu\/wp-content\/uploads\/2020\/03\/Fischer-Statikmischer-FIS-MR-plus.jpg","datePublished":"2020-03-03T18:21:04+00:00","dateModified":"2026-04-20T15:57:06+00:00","description":"Hier findest Du den Fischer Statikmischer FIS MR plus f\u00fcr alle Fischer M\u00f6rtel Kartuschen bis 390ml. Jetzt g\u00fcnstig bestellen bei bolting.eu!","breadcrumb":{"@id":"https:\/\/bolting.eu\/en\/shop\/fischer-statikmischer-fis-mr-plus\/#breadcrumb"},"inLanguage":"en-US","potentialAction":[{"@type":"ReadAction","target":["https:\/\/bolting.eu\/en\/shop\/fischer-statikmischer-fis-mr-plus\/"]}]},{"@type":"ImageObject","inLanguage":"en-US","@id":"https:\/\/bolting.eu\/en\/shop\/fischer-statikmischer-fis-mr-plus\/#primaryimage","url":"https:\/\/bolting.eu\/wp-content\/uploads\/2020\/03\/Fischer-Statikmischer-FIS-MR-plus.jpg","contentUrl":"https:\/\/bolting.eu\/wp-content\/uploads\/2020\/03\/Fischer-Statikmischer-FIS-MR-plus.jpg","width":700,"height":700,"caption":"Das Bild zeigt den Fischer Statikmischer FIS MR plus auf wei\u00dfem Hintergrund. Die Plastikd\u00fcse steht vertikal in Bildmitte mit der Spitze nach oben."},{"@type":"BreadcrumbList","@id":"https:\/\/bolting.eu\/en\/shop\/fischer-statikmischer-fis-mr-plus\/#breadcrumb","itemListElement":[{"@type":"ListItem","position":1,"name":"Shop","item":"https:\/\/bolting.eu\/en\/shop\/"},{"@type":"ListItem","position":2,"name":"bolting products","item":"https:\/\/bolting.eu\/en\/produkt-kategorie\/bolting-products\/"},{"@type":"ListItem","position":3,"name":"injection mortar","item":"https:\/\/bolting.eu\/en\/produkt-kategorie\/injection-mortar\/"},{"@type":"ListItem","position":4,"name":"Fischer Statikmischer FIS MR plus"}]},{"@type":"WebSite","@id":"https:\/\/bolting.eu\/en\/#website","url":"https:\/\/bolting.eu\/en\/","name":"bolting.eu","description":"we make climbs happen","publisher":{"@id":"https:\/\/bolting.eu\/en\/#organization"},"potentialAction":[{"@type":"SearchAction","target":{"@type":"EntryPoint","urlTemplate":"https:\/\/bolting.eu\/en\/?s={search_term_string}"},"query-input":{"@type":"PropertyValueSpecification","valueRequired":true,"valueName":"search_term_string"}}],"inLanguage":"en-US"},{"@type":["Organization","Place","SportingGoodsStore"],"@id":"https:\/\/bolting.eu\/en\/#organization","name":"bolting.eu","url":"https:\/\/bolting.eu\/en\/","logo":{"@id":"https:\/\/bolting.eu\/en\/shop\/fischer-statikmischer-fis-mr-plus\/#local-main-organization-logo"},"image":{"@id":"https:\/\/bolting.eu\/en\/shop\/fischer-statikmischer-fis-mr-plus\/#local-main-organization-logo"},"sameAs":["https:\/\/www.facebook.com\/bolting.eu","https:\/\/www.instagram.com\/bolting.eu\/"],"address":{"@id":"https:\/\/bolting.eu\/en\/shop\/fischer-statikmischer-fis-mr-plus\/#local-main-place-address"},"geo":{"@type":"GeoCoordinates","latitude":"47.264176340396226","longitude":"11.380109057672346"},"telephone":["+43 699 19083372"],"openingHoursSpecification":[{"@type":"OpeningHoursSpecification","dayOfWeek":["Monday","Wednesday","Friday"],"opens":"14:00","closes":"18:00"},{"@type":"OpeningHoursSpecification","dayOfWeek":["Tuesday","Thursday","Saturday","Sunday"],"opens":"00:00","closes":"00:00"}],"email":"office@bolting.eu","vatID":"ATU59999728","priceRange":"$$","currenciesAccepted":"Euro"},{"@type":"PostalAddress","@id":"https:\/\/bolting.eu\/en\/shop\/fischer-statikmischer-fis-mr-plus\/#local-main-place-address","streetAddress":"Fischnalerstra\u00dfe 4","addressLocality":"Innsbruck","postalCode":"6020","addressRegion":"Tirol","addressCountry":"AT"},{"@type":"ImageObject","inLanguage":"en-US","@id":"https:\/\/bolting.eu\/en\/shop\/fischer-statikmischer-fis-mr-plus\/#local-main-organization-logo","url":"https:\/\/bolting.eu\/wp-content\/uploads\/2019\/09\/bolting-logo.png","contentUrl":"https:\/\/bolting.eu\/wp-content\/uploads\/2019\/09\/bolting-logo.png","width":400,"height":211,"caption":"bolting.eu"}]},"og_video":"https:\/\/www.youtube.com\/embed\/xc4IK3O4SBI","og_video_type":"text\/html","og_video_duration":"280","og_video_width":"480","og_video_height":"270","ya_ovs_adult":"false","ya_ovs_upload_date":"2020-03-03T18:21:04+00:00","ya_ovs_allow_embed":"true","product_price_amount":"1.89","product_price_currency":"EUR","og_availability":"instock","product_availability":"instock","product_retailer_item_id":"545853","product_condition":"new","geo.placename":"Innsbruck","geo.position":{"lat":"47.264176340396226","long":"11.380109057672346"},"geo.region":"Austria"},"_links":{"self":[{"href":"https:\/\/bolting.eu\/en\/wp-json\/wp\/v2\/product\/1709","targetHints":{"allow":["GET"]}}],"collection":[{"href":"https:\/\/bolting.eu\/en\/wp-json\/wp\/v2\/product"}],"about":[{"href":"https:\/\/bolting.eu\/en\/wp-json\/wp\/v2\/types\/product"}],"replies":[{"embeddable":true,"href":"https:\/\/bolting.eu\/en\/wp-json\/wp\/v2\/comments?post=1709"}],"wp:featuredmedia":[{"embeddable":true,"href":"https:\/\/bolting.eu\/en\/wp-json\/wp\/v2\/media\/1710"}],"wp:attachment":[{"href":"https:\/\/bolting.eu\/en\/wp-json\/wp\/v2\/media?parent=1709"}],"wp:term":[{"taxonomy":"product_brand","embeddable":true,"href":"https:\/\/bolting.eu\/en\/wp-json\/wp\/v2\/product_brand?post=1709"},{"taxonomy":"product_cat","embeddable":true,"href":"https:\/\/bolting.eu\/en\/wp-json\/wp\/v2\/product_cat?post=1709"},{"taxonomy":"product_tag","embeddable":true,"href":"https:\/\/bolting.eu\/en\/wp-json\/wp\/v2\/product_tag?post=1709"}],"curies":[{"name":"wp","href":"https:\/\/api.w.org\/{rel}","templated":true}]}}