{"id":17067,"date":"2023-09-15T17:59:11","date_gmt":"2023-09-15T15:59:11","guid":{"rendered":"https:\/\/bolting.eu\/?post_type=product&#038;p=17067"},"modified":"2026-03-20T17:54:29","modified_gmt":"2026-03-20T16:54:29","slug":"petzl-rig","status":"publish","type":"product","link":"https:\/\/bolting.eu\/en\/shop\/petzl-rig\/","title":{"rendered":"Petzl Rig"},"content":{"rendered":"<p>Das Petzl Rig ist ein selbstbremsendes <a href=\"https:\/\/bolting.eu\/produkt-kategorie\/kletterausruestung\/abseilgeraete\/\">Abseilger\u00e4t<\/a>. Es ist f\u00fcr erfahrene Anwender gedacht, die in schwer zug\u00e4nglichen Bereichen arbeiten.<\/p>\n<p>Dieses Modell ist die &#8220;abgespeckte&#8221; Version des ID S. Es ist kompakter, sprich kleiner und leichter. Allerdings hat es ebenso einen ergonomisch geformten Hebel. Dar\u00fcber hinaus das &#8220;Auto Lock&#8221; Blockiersystem. Dabei arretiert das Seil sicher im Ger\u00e4t und man kann die H\u00e4nde zum Arbeiten verwenden.<\/p>\n<p>Der Sicherheitsclip erlaubt das Einlegen des Seils auch, wenn das Ger\u00e4t mit dem Karabiner bereits am Gurt h\u00e4ngt.<\/p>\n<p>Kurzum. Dieses Ger\u00e4t ist bei vielen H\u00f6henarbeiten DER Standard bei den Abseilger\u00e4ten!<\/p>\n<h2>Eigenschaften Rig<\/h2>\n<ul>\n<li>Hersteller: <a href=\"https:\/\/bolting.eu\/produkt-kategorie\/petzl\/\">Petzl<\/a><\/li>\n<li>Material: Klemmbacken Edelstahl, Geh\u00e4use Alu, Griff Polyamid<\/li>\n<li>Gewicht: 400 Gramm<\/li>\n<li>Farbe: gelb<\/li>\n<li>maximale Gebrauchslast: 200kg<\/li>\n<li>f\u00fcr Seildurchmesser: 10 &#8211; 11,5mm <a href=\"https:\/\/bolting.eu\/produkt-kategorie\/kletterausruestung\/kletterseil\/\">Kletterseile<\/a> bzw. <a href=\"https:\/\/bolting.eu\/shop\/halbstatisches-seil-pensum-105mm\/\">halbstatische Seile<\/a><\/li>\n<li>Normen: EN 341, EN 12841, EN 15151, EN 341, En 12841, En 1891,<\/li>\n<li>Abseilger\u00e4t f\u00fcr schwer zug\u00e4ngliche BEreiche<\/li>\n<li>Klemmbacken aus Edelstahl f\u00fcr lange Lebensdauer<\/li>\n<li>ergonomisch geformter Ablasshebel<\/li>\n<li>Auto-Lock Funktion zum sicheren Blockieren des Seils<\/li>\n<li>bei Blockierung kan nman das Seil aber einziehen (f\u00fcr Aufsteig am Seil!)<\/li>\n<li>Ger\u00e4t erlaubt auch das Sichern&#8221;im Vorstieg&#8221;<\/li>\n<li>Sicherheitsclip und das bewegliche Seitenteil erlauben Einh\u00e4ngen des Seils auch bei fixiertem Ger\u00e4t am <a href=\"https:\/\/bolting.eu\/produkt-kategorie\/kletterausruestung\/klettergurte\/\">Gurt<\/a><\/li>\n<li>eingelaserte Icons zeigen Einlegerichtung des Seils<\/li>\n<li>Bremskarabiner <a href=\"https:\/\/bolting.eu\/shop\/petzl-freino-z\/\">Freino Z<\/a> empfohlen<\/li>\n<li>sehr beliebt auch mit <a href=\"https:\/\/bolting.eu\/produkt-kategorie\/kletterausruestung\/kletterkarabiner\/karabiner-schwarz\/\">schwarzem Karabiner<\/a><\/li>\n<li><a href=\"https:\/\/www.petzl.com\/sfc\/servlet.shepherd\/version\/download\/0686800000IjM1DAAV\" target=\"_blank\" rel=\"noopener\">Bedienungsanleitung<\/a><\/li>\n<\/ul>\n<h3>Petzl Auto-Lock System<\/h3>\n<p>Das Rig hat standardm\u00e4\u00dfig das Auto-Lock System integriert. Dieses erlaubt das sichere &#8220;Parken&#8221; beim Abseilen. Hierzu wird der Ablasshebel einfach losgelassen. Er springt dann automatisch in die sichere &#8220;Park Stellung&#8221;.<\/p>\n<p>Das erlaubt folgende Dinge.<\/p>\n<p>Erstens kann man dann die H\u00e4nde vom Ablasshebel bzw. Bremsseil geben. So kann sicher mit beiden H\u00e4nden gearbeitet werden.<\/p>\n<p>Zweitens kann man aber auch das Seil nach oben aus dem Ger\u00e4t ziehen. Wenn man z.B. nach oben aufsteigen oder sichern will.<\/p>\n<p>Das folgende Video zeigt das System ganz wunderbar.<\/p>\n<p><iframe loading=\"lazy\" title=\"AUTO-LOCK SYSTEM - Petzl\" width=\"1020\" height=\"574\" src=\"https:\/\/www.youtube.com\/embed\/eDVaa6yvgPA?feature=oembed\" frameborder=\"0\" allow=\"accelerometer; autoplay; clipboard-write; encrypted-media; gyroscope; picture-in-picture; web-share\" referrerpolicy=\"strict-origin-when-cross-origin\" allowfullscreen><\/iframe><\/p>\n<p>&nbsp;<\/p>\n<h3>Abseilger\u00e4t installieren<\/h3>\n<p>Das Rig von Petzl l\u00e4sst sich sehr einfach installieren.<\/p>\n<p>1.) H\u00e4ngt einen Verschluss Karabiner in die Einh\u00e4nge\u00f6se und fixiert das Ger\u00e4t damit an der Abseilschlaufe des Klettergurtes. Dann \u00f6ffnet das Seitenteil.<\/p>\n<p>2.) Schiebt den Ablasshebel<\/p>\n<p>von euch weg. Das \u00d6ffnet den Spalt der Klemmnocken.<\/p>\n<p>3.) Legt dann das Seil von oben kommend in das Ger\u00e4t und f\u00fchrt es unten von k\u00f6rpernah zu k\u00f6rperfern um den Klemmnocken. Das Seil l\u00e4uft vorne (k\u00f6rperfern) aus dem Ger\u00e4t.<\/p>\n<p>Das ist auch auf den Icons am Seitenteil eindeutig zu sehen wie das geht!<\/p>\n<p>3.) Schlie\u00dft das Seitenteil. Achtet dabei auf das &#8220;Einrasten&#8221; des Sicherheitsclips.<\/p>\n<p><a href=\"https:\/\/bolting.eu\/wp-content\/uploads\/2023\/09\/Petzl-Rig-Installieren.jpg\"><img loading=\"lazy\" decoding=\"async\" class=\"alignnone size-full wp-image-17077\" src=\"https:\/\/bolting.eu\/wp-content\/uploads\/2023\/09\/Petzl-Rig-Installieren.jpg\" alt=\"Grafik zur richtigen Installation eines Seils im Rig Abseilger\u00e4t.\" width=\"800\" height=\"313\" srcset=\"https:\/\/bolting.eu\/wp-content\/uploads\/2023\/09\/Petzl-Rig-Installieren.jpg 800w, https:\/\/bolting.eu\/wp-content\/uploads\/2023\/09\/Petzl-Rig-Installieren-768x300.jpg 768w, https:\/\/bolting.eu\/wp-content\/uploads\/2023\/09\/Petzl-Rig-Installieren-510x200.jpg 510w, https:\/\/bolting.eu\/wp-content\/uploads\/2023\/09\/Petzl-Rig-Installieren-100x39.jpg 100w\" sizes=\"auto, (max-width: 800px) 100vw, 800px\" \/><\/a><\/p>\n<h3>Ablassen von Lasten<\/h3>\n<p>Installiert das Rig Abseilger\u00e4t wie oben Beschrieben einfach in einem Anschlagpunkt. Einziger Unterschied. Zum Ablassen von Lasten mit Ger\u00e4t braucht ihr in dieser Situation einen Bremskarabiner.<\/p>\n<p>Wir empfehlen strikt den Freino Z. So k\u00f6nnt ihr das Seil ideal \u00fcber den &#8220;Flansch&#8221; gleiten lassen f\u00fcr perfektes Handling.<\/p>\n<p><a href=\"https:\/\/bolting.eu\/wp-content\/uploads\/2023\/09\/Petzl-Rig-Lasten-ablassen.jpg\"><img loading=\"lazy\" decoding=\"async\" class=\"alignnone size-full wp-image-17076\" src=\"https:\/\/bolting.eu\/wp-content\/uploads\/2023\/09\/Petzl-Rig-Lasten-ablassen.jpg\" alt=\"Grafik zum richtigen Ablassen von Lasten mit dem Petzl Rig.\" width=\"800\" height=\"345\" srcset=\"https:\/\/bolting.eu\/wp-content\/uploads\/2023\/09\/Petzl-Rig-Lasten-ablassen.jpg 800w, https:\/\/bolting.eu\/wp-content\/uploads\/2023\/09\/Petzl-Rig-Lasten-ablassen-768x331.jpg 768w, https:\/\/bolting.eu\/wp-content\/uploads\/2023\/09\/Petzl-Rig-Lasten-ablassen-510x220.jpg 510w, https:\/\/bolting.eu\/wp-content\/uploads\/2023\/09\/Petzl-Rig-Lasten-ablassen-100x43.jpg 100w\" sizes=\"auto, (max-width: 800px) 100vw, 800px\" \/><\/a><\/p>\n<h3>Gefahrenquellen beim Petzl Rig<\/h3>\n<p>Achtet auf diese drei Dinge um Unf\u00e4lle zu vermeiden.<\/p>\n<p>Erstens m\u00fcsst ihr immer den Sicherheitsclips kontrollieren. Niemals vergessen ihn ganz einschnappen zu lassen.<\/p>\n<p>Zweiten das Abseilger\u00e4t niemals an einer Kante querbelasten.<\/p>\n<p>Und drittens m\u00fcsst ihr sicher stellen, dass das Seitenteil unter dem Nietenkopf eingeschnappt hat.<\/p>\n<p><a href=\"https:\/\/bolting.eu\/wp-content\/uploads\/2023\/09\/Gefahrenquellen-Petzl-Rig.jpg\"><img loading=\"lazy\" decoding=\"async\" class=\"alignnone size-full wp-image-17075\" src=\"https:\/\/bolting.eu\/wp-content\/uploads\/2023\/09\/Gefahrenquellen-Petzl-Rig.jpg\" alt=\"Grafik mit drei Fehlanwendungen des Rig Abseilger\u00e4tes.\" width=\"800\" height=\"295\" srcset=\"https:\/\/bolting.eu\/wp-content\/uploads\/2023\/09\/Gefahrenquellen-Petzl-Rig.jpg 800w, https:\/\/bolting.eu\/wp-content\/uploads\/2023\/09\/Gefahrenquellen-Petzl-Rig-768x283.jpg 768w, https:\/\/bolting.eu\/wp-content\/uploads\/2023\/09\/Gefahrenquellen-Petzl-Rig-510x188.jpg 510w, https:\/\/bolting.eu\/wp-content\/uploads\/2023\/09\/Gefahrenquellen-Petzl-Rig-100x37.jpg 100w\" sizes=\"auto, (max-width: 800px) 100vw, 800px\" \/><\/a><\/p>\n<h3>Unterschied zum I\u00b4D S<\/h3>\n<p>Das <a href=\"https:\/\/bolting.eu\/shop\/petzl-id-s\/\">I\u00b4D S<\/a> ist sehr \u00e4hnlich, aber eben nicht gleich.<\/p>\n<p>Erstens hat es die Panik Funktion. Zweitens ist es f\u00fcr gr\u00f6\u00dfere Lasten (250kg) ausgelegt. Somit ist es auch deutlich gr\u00f6\u00dfer und schwerer.<\/p>\n<p>Das I\u00b4D S hat 600 Gramm, also 200 Gramm mehr.<\/p>\n<p>Und ein ganz wesentlicher Unterschied am Schluss. Die Montagem\u00f6glichkeit von zus\u00e4tzlichen Bremselementen am I\u00b4D S.<\/p>\n<h3>En 12841 &#8211; nur mit mitlaufendem Auffangger\u00e4t<\/h3>\n<p>Beachtet. Wer nach z.B. IRATA Standard arbeitet muss beim Ablassen ein Auffangger\u00e4t mit sich f\u00fchren. Nur so ist die En 12841 konforme Arbeitsweise gew\u00e4hrleistet.<\/p>\n<p>Wir bieten das mitlaufende Auffangger\u00e4t nat\u00fcrlich in unserem Shop an. Ebenso den passenden <a href=\"https:\/\/bolting.eu\/shop\/petzl-asapsorber\/\">Bandfalld\u00e4mpfer ASPAsorber<\/a> und den empfohlenen Karabiner <a href=\"https:\/\/bolting.eu\/shop\/petzl-ok-screw-lock\/\">OK Screw Lock<\/a>.<\/p>\n<figure id=\"attachment_17079\" aria-describedby=\"caption-attachment-17079\" style=\"width: 322px\" class=\"wp-caption alignnone\"><a href=\"https:\/\/bolting.eu\/wp-content\/uploads\/2023\/09\/Petzl-Rig-EN-Norm.jpg\"><img loading=\"lazy\" decoding=\"async\" class=\"wp-image-17079 size-medium\" src=\"https:\/\/bolting.eu\/wp-content\/uploads\/2023\/09\/Petzl-Rig-EN-Norm-322x400.jpg\" alt=\"Grafik zum EN 12841 konformes Abseilen eines H\u00f6henarbeiters.\" width=\"322\" height=\"400\" srcset=\"https:\/\/bolting.eu\/wp-content\/uploads\/2023\/09\/Petzl-Rig-EN-Norm-322x400.jpg 322w, https:\/\/bolting.eu\/wp-content\/uploads\/2023\/09\/Petzl-Rig-EN-Norm-510x633.jpg 510w, https:\/\/bolting.eu\/wp-content\/uploads\/2023\/09\/Petzl-Rig-EN-Norm-100x124.jpg 100w, https:\/\/bolting.eu\/wp-content\/uploads\/2023\/09\/Petzl-Rig-EN-Norm.jpg 600w\" sizes=\"auto, (max-width: 322px) 100vw, 322px\" \/><\/a><figcaption id=\"caption-attachment-17079\" class=\"wp-caption-text\">F\u00fcr die En 12841 Norm muss ein Auffangger\u00e4t verwendet werden!<\/figcaption><\/figure>\n","protected":false},"excerpt":{"rendered":"<p>Leichtes, Kompaktes Abseilger\u00e4t f\u00fcr erfahrene Benutzer in schwer zug\u00e4nglichen Bereichen.<\/p>\n<p>Das Ger\u00e4t erlaubt Einh\u00e4ngen des Seil, auch wenn es am Gurt h\u00e4ngt. Die &#8220;Auto -Lock&#8221; Blockierfunktion erlaubt das sichere &#8220;Parken&#8221;. Ein Ablasshebel hilft beim Dosieren der Abseilgeschwindigkeit.<\/p>\n<p>Versandkostenfrei bis 2kg in <img decoding=\"async\" class=\"emoji\" role=\"img\" draggable=\"false\" src=\"https:\/\/s.w.org\/images\/core\/emoji\/14.0.0\/svg\/1f1e6-1f1f9.svg\" alt=\"\ud83c\udde6\ud83c\uddf9\" \/> ab \u20ac 100,- und <img decoding=\"async\" class=\"emoji\" role=\"img\" draggable=\"false\" src=\"https:\/\/s.w.org\/images\/core\/emoji\/14.0.0\/svg\/1f1e9-1f1ea.svg\" alt=\"\ud83c\udde9\ud83c\uddea\" \/> ab \u20ac 200,-!<\/p>\n<p>&nbsp;<\/p>\n","protected":false},"featured_media":17074,"comment_status":"closed","ping_status":"closed","template":"","meta":[],"product_brand":[],"product_cat":[14056,14093,14447,29,1210],"product_tag":[],"class_list":{"0":"post-17067","1":"product","2":"type-product","3":"status-publish","4":"has-post-thumbnail","6":"product_cat-seil-auf-abstieg","7":"product_cat-petzl","8":"product_cat-abseilgeraete","9":"product_cat-kletterausruestung","10":"product_cat-einbohrartikel","12":"first","13":"instock","14":"sale","15":"taxable","16":"shipping-taxable","17":"purchasable","18":"product-type-simple"},"yoast_head":"<!-- This site is optimized with the Yoast SEO Premium plugin v26.9 (Yoast SEO v26.9) - https:\/\/yoast.com\/product\/yoast-seo-premium-wordpress\/ -->\n<title>Petzl Rig - Abseilger\u00e4t f\u00fcr H\u00f6henarbeiten | bolting.eu<\/title>\n<meta name=\"description\" content=\"PETZL RIG H\u00f6henarbeiter Abseilger\u00e4t beim Kletterprofi aus Innsbruck - Tirol kaufen \u2705 kostenloser Versand* \u2705 14 Tage R\u00fcckgaberecht \u2705 Co2 neutraler Versand\" \/>\n<meta name=\"robots\" content=\"index, follow, max-snippet:-1, max-image-preview:large, max-video-preview:-1\" \/>\n<link rel=\"canonical\" href=\"https:\/\/bolting.eu\/en\/shop\/petzl-rig\/\" \/>\n<meta property=\"og:locale\" content=\"en_US\" \/>\n<meta property=\"og:type\" content=\"article\" \/>\n<meta property=\"og:title\" content=\"Petzl Rig\" \/>\n<meta property=\"og:description\" content=\"PETZL RIG H\u00f6henarbeiter Abseilger\u00e4t beim Kletterprofi aus Innsbruck - Tirol kaufen \u2705 kostenloser Versand* \u2705 14 Tage R\u00fcckgaberecht \u2705 Co2 neutraler Versand\" \/>\n<meta property=\"og:url\" content=\"https:\/\/bolting.eu\/en\/shop\/petzl-rig\/\" \/>\n<meta property=\"og:site_name\" content=\"bolting.eu\" \/>\n<meta property=\"article:publisher\" content=\"https:\/\/www.facebook.com\/bolting.eu\" \/>\n<meta property=\"article:modified_time\" content=\"2026-03-20T16:54:29+00:00\" \/>\n<meta property=\"og:image\" content=\"https:\/\/bolting.eu\/wp-content\/uploads\/2023\/09\/Petzl-Rig-1.jpg\" \/>\n\t<meta property=\"og:image:width\" content=\"700\" \/>\n\t<meta property=\"og:image:height\" content=\"700\" \/>\n\t<meta property=\"og:image:type\" content=\"image\/jpeg\" \/>\n<meta name=\"twitter:card\" content=\"summary_large_image\" \/>\n<meta name=\"twitter:label1\" content=\"Price\" \/>\n\t<meta name=\"twitter:data1\" content=\"&euro;&nbsp;165,00\" \/>\n\t<meta name=\"twitter:label2\" content=\"Availability\" \/>\n\t<meta name=\"twitter:data2\" content=\"In stock\" \/>\n<script type=\"application\/ld+json\" class=\"yoast-schema-graph\">{\"@context\":\"https:\/\/schema.org\",\"@graph\":[{\"@type\":[\"WebPage\",\"ItemPage\"],\"@id\":\"https:\/\/bolting.eu\/en\/shop\/petzl-rig\/\",\"url\":\"https:\/\/bolting.eu\/en\/shop\/petzl-rig\/\",\"name\":\"Petzl Rig - Abseilger\u00e4t f\u00fcr H\u00f6henarbeiten | bolting.eu\",\"isPartOf\":{\"@id\":\"https:\/\/bolting.eu\/en\/#website\"},\"primaryImageOfPage\":{\"@id\":\"https:\/\/bolting.eu\/en\/shop\/petzl-rig\/#primaryimage\"},\"image\":{\"@id\":\"https:\/\/bolting.eu\/en\/shop\/petzl-rig\/#primaryimage\"},\"thumbnailUrl\":\"https:\/\/bolting.eu\/wp-content\/uploads\/2023\/09\/Petzl-Rig-1.jpg\",\"datePublished\":\"2023-09-15T15:59:11+00:00\",\"dateModified\":\"2026-03-20T16:54:29+00:00\",\"description\":\"PETZL RIG H\u00f6henarbeiter Abseilger\u00e4t beim Kletterprofi aus Innsbruck - Tirol kaufen \u2705 kostenloser Versand* \u2705 14 Tage R\u00fcckgaberecht \u2705 Co2 neutraler Versand\",\"breadcrumb\":{\"@id\":\"https:\/\/bolting.eu\/en\/shop\/petzl-rig\/#breadcrumb\"},\"inLanguage\":\"en-US\",\"potentialAction\":[{\"@type\":\"ReadAction\",\"target\":[\"https:\/\/bolting.eu\/en\/shop\/petzl-rig\/\"]}]},{\"@type\":\"ImageObject\",\"inLanguage\":\"en-US\",\"@id\":\"https:\/\/bolting.eu\/en\/shop\/petzl-rig\/#primaryimage\",\"url\":\"https:\/\/bolting.eu\/wp-content\/uploads\/2023\/09\/Petzl-Rig-1.jpg\",\"contentUrl\":\"https:\/\/bolting.eu\/wp-content\/uploads\/2023\/09\/Petzl-Rig-1.jpg\",\"width\":700,\"height\":700,\"caption\":\"Gelb-schwarzes Petzl Rig Abseilgeraet\"},{\"@type\":\"BreadcrumbList\",\"@id\":\"https:\/\/bolting.eu\/en\/shop\/petzl-rig\/#breadcrumb\",\"itemListElement\":[{\"@type\":\"ListItem\",\"position\":1,\"name\":\"Shop\",\"item\":\"https:\/\/bolting.eu\/en\/shop\/\"},{\"@type\":\"ListItem\",\"position\":2,\"name\":\"climbing equipment\",\"item\":\"https:\/\/bolting.eu\/en\/produkt-kategorie\/climbing-equipment\/\"},{\"@type\":\"ListItem\",\"position\":3,\"name\":\"Abseilger\u00e4te\",\"item\":\"https:\/\/bolting.eu\/produkt-kategorie\/kletterausruestung\/abseilgeraete\/\"},{\"@type\":\"ListItem\",\"position\":4,\"name\":\"Petzl Rig\"}]},{\"@type\":\"WebSite\",\"@id\":\"https:\/\/bolting.eu\/en\/#website\",\"url\":\"https:\/\/bolting.eu\/en\/\",\"name\":\"bolting.eu\",\"description\":\"we make climbs happen\",\"publisher\":{\"@id\":\"https:\/\/bolting.eu\/en\/#organization\"},\"potentialAction\":[{\"@type\":\"SearchAction\",\"target\":{\"@type\":\"EntryPoint\",\"urlTemplate\":\"https:\/\/bolting.eu\/en\/?s={search_term_string}\"},\"query-input\":{\"@type\":\"PropertyValueSpecification\",\"valueRequired\":true,\"valueName\":\"search_term_string\"}}],\"inLanguage\":\"en-US\"},{\"@type\":[\"Organization\",\"Place\",\"SportingGoodsStore\"],\"@id\":\"https:\/\/bolting.eu\/en\/#organization\",\"name\":\"bolting.eu\",\"url\":\"https:\/\/bolting.eu\/en\/\",\"logo\":{\"@id\":\"https:\/\/bolting.eu\/en\/shop\/petzl-rig\/#local-main-organization-logo\"},\"image\":{\"@id\":\"https:\/\/bolting.eu\/en\/shop\/petzl-rig\/#local-main-organization-logo\"},\"sameAs\":[\"https:\/\/www.facebook.com\/bolting.eu\",\"https:\/\/www.instagram.com\/bolting.eu\/\"],\"address\":{\"@id\":\"https:\/\/bolting.eu\/en\/shop\/petzl-rig\/#local-main-place-address\"},\"geo\":{\"@type\":\"GeoCoordinates\",\"latitude\":\"47.264176340396226\",\"longitude\":\"11.380109057672346\"},\"telephone\":[\"+43 699 19083372\"],\"openingHoursSpecification\":[{\"@type\":\"OpeningHoursSpecification\",\"dayOfWeek\":[\"Monday\",\"Wednesday\",\"Friday\"],\"opens\":\"14:00\",\"closes\":\"18:00\"},{\"@type\":\"OpeningHoursSpecification\",\"dayOfWeek\":[\"Tuesday\",\"Thursday\",\"Saturday\",\"Sunday\"],\"opens\":\"00:00\",\"closes\":\"00:00\"}],\"email\":\"office@bolting.eu\",\"vatID\":\"ATU59999728\",\"priceRange\":\"$$\",\"currenciesAccepted\":\"Euro\"},{\"@type\":\"PostalAddress\",\"@id\":\"https:\/\/bolting.eu\/en\/shop\/petzl-rig\/#local-main-place-address\",\"streetAddress\":\"Fischnalerstra\u00dfe 4\",\"addressLocality\":\"Innsbruck\",\"postalCode\":\"6020\",\"addressRegion\":\"Tirol\",\"addressCountry\":\"AT\"},{\"@type\":\"ImageObject\",\"inLanguage\":\"en-US\",\"@id\":\"https:\/\/bolting.eu\/en\/shop\/petzl-rig\/#local-main-organization-logo\",\"url\":\"https:\/\/bolting.eu\/wp-content\/uploads\/2019\/09\/bolting-logo.png\",\"contentUrl\":\"https:\/\/bolting.eu\/wp-content\/uploads\/2019\/09\/bolting-logo.png\",\"width\":400,\"height\":211,\"caption\":\"bolting.eu\"}]}<\/script>\n<meta property=\"og:video\" content=\"https:\/\/www.youtube.com\/embed\/eDVaa6yvgPA\" \/>\n<meta property=\"og:video:type\" content=\"text\/html\" \/>\n<meta property=\"og:video:duration\" content=\"55\" \/>\n<meta property=\"og:video:width\" content=\"480\" \/>\n<meta property=\"og:video:height\" content=\"270\" \/>\n<meta property=\"ya:ovs:adult\" content=\"false\" \/>\n<meta property=\"ya:ovs:upload_date\" content=\"2023-09-15T15:59:11+00:00\" \/>\n<meta property=\"ya:ovs:allow_embed\" content=\"true\" \/>\n<meta property=\"product:price:amount\" content=\"165.00\" \/>\n<meta property=\"product:price:currency\" content=\"EUR\" \/>\n<meta property=\"og:availability\" content=\"instock\" \/>\n<meta property=\"product:availability\" content=\"instock\" \/>\n<meta property=\"product:retailer_item_id\" content=\"D021AA00\" \/>\n<meta property=\"product:condition\" content=\"new\" \/>\n<meta name=\"geo.placename\" content=\"Innsbruck\" \/>\n<meta name=\"geo.position\" content=\"47.264176340396226;11.380109057672346\" \/>\n<meta name=\"geo.region\" content=\"Austria\" \/>\n<!-- \/ Yoast SEO Premium plugin. -->","yoast_head_json":{"title":"Petzl Rig - Abseilger\u00e4t f\u00fcr H\u00f6henarbeiten | bolting.eu","description":"PETZL RIG H\u00f6henarbeiter Abseilger\u00e4t beim Kletterprofi aus Innsbruck - Tirol kaufen \u2705 kostenloser Versand* \u2705 14 Tage R\u00fcckgaberecht \u2705 Co2 neutraler Versand","robots":{"index":"index","follow":"follow","max-snippet":"max-snippet:-1","max-image-preview":"max-image-preview:large","max-video-preview":"max-video-preview:-1"},"canonical":"https:\/\/bolting.eu\/en\/shop\/petzl-rig\/","og_locale":"en_US","og_type":"article","og_title":"Petzl Rig","og_description":"PETZL RIG H\u00f6henarbeiter Abseilger\u00e4t beim Kletterprofi aus Innsbruck - Tirol kaufen \u2705 kostenloser Versand* \u2705 14 Tage R\u00fcckgaberecht \u2705 Co2 neutraler Versand","og_url":"https:\/\/bolting.eu\/en\/shop\/petzl-rig\/","og_site_name":"bolting.eu","article_publisher":"https:\/\/www.facebook.com\/bolting.eu","article_modified_time":"2026-03-20T16:54:29+00:00","og_image":[{"width":700,"height":700,"url":"https:\/\/bolting.eu\/wp-content\/uploads\/2023\/09\/Petzl-Rig-1.jpg","type":"image\/jpeg"}],"twitter_card":"summary_large_image","twitter_misc":{"Price":"&euro;&nbsp;165,00","Availability":"In stock"},"schema":{"@context":"https:\/\/schema.org","@graph":[{"@type":["WebPage","ItemPage"],"@id":"https:\/\/bolting.eu\/en\/shop\/petzl-rig\/","url":"https:\/\/bolting.eu\/en\/shop\/petzl-rig\/","name":"Petzl Rig - Abseilger\u00e4t f\u00fcr H\u00f6henarbeiten | bolting.eu","isPartOf":{"@id":"https:\/\/bolting.eu\/en\/#website"},"primaryImageOfPage":{"@id":"https:\/\/bolting.eu\/en\/shop\/petzl-rig\/#primaryimage"},"image":{"@id":"https:\/\/bolting.eu\/en\/shop\/petzl-rig\/#primaryimage"},"thumbnailUrl":"https:\/\/bolting.eu\/wp-content\/uploads\/2023\/09\/Petzl-Rig-1.jpg","datePublished":"2023-09-15T15:59:11+00:00","dateModified":"2026-03-20T16:54:29+00:00","description":"PETZL RIG H\u00f6henarbeiter Abseilger\u00e4t beim Kletterprofi aus Innsbruck - Tirol kaufen \u2705 kostenloser Versand* \u2705 14 Tage R\u00fcckgaberecht \u2705 Co2 neutraler Versand","breadcrumb":{"@id":"https:\/\/bolting.eu\/en\/shop\/petzl-rig\/#breadcrumb"},"inLanguage":"en-US","potentialAction":[{"@type":"ReadAction","target":["https:\/\/bolting.eu\/en\/shop\/petzl-rig\/"]}]},{"@type":"ImageObject","inLanguage":"en-US","@id":"https:\/\/bolting.eu\/en\/shop\/petzl-rig\/#primaryimage","url":"https:\/\/bolting.eu\/wp-content\/uploads\/2023\/09\/Petzl-Rig-1.jpg","contentUrl":"https:\/\/bolting.eu\/wp-content\/uploads\/2023\/09\/Petzl-Rig-1.jpg","width":700,"height":700,"caption":"Gelb-schwarzes Petzl Rig Abseilgeraet"},{"@type":"BreadcrumbList","@id":"https:\/\/bolting.eu\/en\/shop\/petzl-rig\/#breadcrumb","itemListElement":[{"@type":"ListItem","position":1,"name":"Shop","item":"https:\/\/bolting.eu\/en\/shop\/"},{"@type":"ListItem","position":2,"name":"climbing equipment","item":"https:\/\/bolting.eu\/en\/produkt-kategorie\/climbing-equipment\/"},{"@type":"ListItem","position":3,"name":"Abseilger\u00e4te","item":"https:\/\/bolting.eu\/produkt-kategorie\/kletterausruestung\/abseilgeraete\/"},{"@type":"ListItem","position":4,"name":"Petzl Rig"}]},{"@type":"WebSite","@id":"https:\/\/bolting.eu\/en\/#website","url":"https:\/\/bolting.eu\/en\/","name":"bolting.eu","description":"we make climbs happen","publisher":{"@id":"https:\/\/bolting.eu\/en\/#organization"},"potentialAction":[{"@type":"SearchAction","target":{"@type":"EntryPoint","urlTemplate":"https:\/\/bolting.eu\/en\/?s={search_term_string}"},"query-input":{"@type":"PropertyValueSpecification","valueRequired":true,"valueName":"search_term_string"}}],"inLanguage":"en-US"},{"@type":["Organization","Place","SportingGoodsStore"],"@id":"https:\/\/bolting.eu\/en\/#organization","name":"bolting.eu","url":"https:\/\/bolting.eu\/en\/","logo":{"@id":"https:\/\/bolting.eu\/en\/shop\/petzl-rig\/#local-main-organization-logo"},"image":{"@id":"https:\/\/bolting.eu\/en\/shop\/petzl-rig\/#local-main-organization-logo"},"sameAs":["https:\/\/www.facebook.com\/bolting.eu","https:\/\/www.instagram.com\/bolting.eu\/"],"address":{"@id":"https:\/\/bolting.eu\/en\/shop\/petzl-rig\/#local-main-place-address"},"geo":{"@type":"GeoCoordinates","latitude":"47.264176340396226","longitude":"11.380109057672346"},"telephone":["+43 699 19083372"],"openingHoursSpecification":[{"@type":"OpeningHoursSpecification","dayOfWeek":["Monday","Wednesday","Friday"],"opens":"14:00","closes":"18:00"},{"@type":"OpeningHoursSpecification","dayOfWeek":["Tuesday","Thursday","Saturday","Sunday"],"opens":"00:00","closes":"00:00"}],"email":"office@bolting.eu","vatID":"ATU59999728","priceRange":"$$","currenciesAccepted":"Euro"},{"@type":"PostalAddress","@id":"https:\/\/bolting.eu\/en\/shop\/petzl-rig\/#local-main-place-address","streetAddress":"Fischnalerstra\u00dfe 4","addressLocality":"Innsbruck","postalCode":"6020","addressRegion":"Tirol","addressCountry":"AT"},{"@type":"ImageObject","inLanguage":"en-US","@id":"https:\/\/bolting.eu\/en\/shop\/petzl-rig\/#local-main-organization-logo","url":"https:\/\/bolting.eu\/wp-content\/uploads\/2019\/09\/bolting-logo.png","contentUrl":"https:\/\/bolting.eu\/wp-content\/uploads\/2019\/09\/bolting-logo.png","width":400,"height":211,"caption":"bolting.eu"}]},"og_video":"https:\/\/www.youtube.com\/embed\/eDVaa6yvgPA","og_video_type":"text\/html","og_video_duration":"55","og_video_width":"480","og_video_height":"270","ya_ovs_adult":"false","ya_ovs_upload_date":"2023-09-15T15:59:11+00:00","ya_ovs_allow_embed":"true","product_price_amount":"165.00","product_price_currency":"EUR","og_availability":"instock","product_availability":"instock","product_retailer_item_id":"D021AA00","product_condition":"new","geo.placename":"Innsbruck","geo.position":{"lat":"47.264176340396226","long":"11.380109057672346"},"geo.region":"Austria"},"_links":{"self":[{"href":"https:\/\/bolting.eu\/en\/wp-json\/wp\/v2\/product\/17067","targetHints":{"allow":["GET"]}}],"collection":[{"href":"https:\/\/bolting.eu\/en\/wp-json\/wp\/v2\/product"}],"about":[{"href":"https:\/\/bolting.eu\/en\/wp-json\/wp\/v2\/types\/product"}],"replies":[{"embeddable":true,"href":"https:\/\/bolting.eu\/en\/wp-json\/wp\/v2\/comments?post=17067"}],"wp:featuredmedia":[{"embeddable":true,"href":"https:\/\/bolting.eu\/en\/wp-json\/wp\/v2\/media\/17074"}],"wp:attachment":[{"href":"https:\/\/bolting.eu\/en\/wp-json\/wp\/v2\/media?parent=17067"}],"wp:term":[{"taxonomy":"product_brand","embeddable":true,"href":"https:\/\/bolting.eu\/en\/wp-json\/wp\/v2\/product_brand?post=17067"},{"taxonomy":"product_cat","embeddable":true,"href":"https:\/\/bolting.eu\/en\/wp-json\/wp\/v2\/product_cat?post=17067"},{"taxonomy":"product_tag","embeddable":true,"href":"https:\/\/bolting.eu\/en\/wp-json\/wp\/v2\/product_tag?post=17067"}],"curies":[{"name":"wp","href":"https:\/\/api.w.org\/{rel}","templated":true}]}}