{"id":1702,"date":"2020-03-03T17:29:37","date_gmt":"2020-03-03T16:29:37","guid":{"rendered":"https:\/\/bolting.eu\/?post_type=product&#038;p=1702"},"modified":"2025-08-27T15:28:45","modified_gmt":"2025-08-27T13:28:45","slug":"auspresspistole-fischer-fis-am","status":"publish","type":"product","link":"https:\/\/bolting.eu\/en\/shop\/auspresspistole-fischer-fis-am\/","title":{"rendered":"Auspresspistole Fischer FIS AM"},"content":{"rendered":"<p>Die Auspresspistole Fischer FIS AM ist ein ganz spezifisches Produkt. Es ist f\u00fcr die Verwendung von Fischer <a href=\"https:\/\/bolting.eu\/produkt-kategorie\/injektionsmoertel\/\">Injektionsm\u00f6rtel<\/a> gedacht. Und zwar den Fischer 2-Kammer-Kartuschen bis 390ml konzipiert. Beispielsweise den <a href=\"https:\/\/bolting.eu\/shop\/injektionsmoertel-fischer-fis-ab-360-s\/\">Injektionsm\u00f6rtel Fischer FIS AB 360 S.<\/a><\/p>\n<p>Folglich ist das Produkt ein ganz wichtiges Zubeh\u00f6r beim Einkleben von Klebehaken, <a href=\"https:\/\/bolting.eu\/produkt-kategorie\/klettersteigmaterial\/\">Klettersteigmaterialien<\/a> sowie Ankleben von Kunstgriffen oder Steinen usw&#8230;<\/p>\n<h3>Eigenschaften Auspresspistole Fischer FIS AM<\/h3>\n<ul>\n<li>Material: Stahl<\/li>\n<li>Verpackung: wird im Karton geliefert<\/li>\n<li>Gewicht: ca. 500 Gramm<\/li>\n<li>geeignet f\u00fcr alle 2-Kammern-Kartuschen von Fischer bis 390ml<br \/>\nz.B. Injektionsm\u00f6rtel Fischer FIS 360 S<\/li>\n<\/ul>\n<h3>Pr\u00e4parieren Auspresspistole Fischer FIS AM<\/h3>\n<p>Ihr wollt die Auspresspistole Fischer FIS AM beim <a href=\"https:\/\/bolting.eu\/kletterroute-einbohren\/\">Kletterroute einbohren<\/a> verwenden? Dann pr\u00e4pariert sie vor ihren Einsatz beim <a href=\"https:\/\/bolting.eu\/kletterroute-mit-klebehaken-einrichten\/\">Kletterroute mit Klebehaken einrichten<\/a> bzw.\u00a0<a href=\"https:\/\/bolting.eu\/klebehaken-setzen\/\">Setzen von Klebehaken<\/a> noch kurz.<\/p>\n<p>Erstens m\u00fcsst ihr das Auspressger\u00e4t gegen das Hinunterfallen sch\u00fctzen. D.h. ihr m\u00fcsst euch eine Art der Befestigung \u00fcberlegen. Wie z.B. die elastische Climbing Technology Whippy Materialschlinge, die wir hier separat anbieten. Auch die Beal Air Leash oder eine Befestigung mit Reepschnur ist m\u00f6glich.<\/p>\n<p>Zweitens solltet ihr vor der Verwendung mal ausprobieren, wie ihr das Auspressger\u00e4t und die (Reserve)Injektionsm\u00f6rtel Kartuschen transportieren werden. Stimmt euren Einbohr Haulbags bzw. Eure Materialtasche auf ein effizientes Arbeiten ab. Somit k\u00f6nnt ihr sp\u00e4ter gleich schnell und effizient arbeiten!<\/p>\n<h3>Tipps zum Verarbeiten der Fischer Injektionsm\u00f6rtel<\/h3>\n<p>Fischer Verbundm\u00f6rtel eignen sich einerseits perfekt zum Einrichten von Kletterrouten mit Klebenhaken. Andererseits sind sie auch top bei der Verarbeitung von Kletterstreigmaterialien. Im Folgenden unsere Praxis Tipps damit ihr euch bei der Verwendung der Auspresspistole Fischer FIS AM bzw. der Verbundm\u00f6rtel leichter tut.<\/p>\n<p>Erstens sollte man alle L\u00f6cher bereits gebohrt und ordentlich ges\u00e4ubert haben. Zweitens zahlt es sich vor allem im Sommer aus, seinen Injektionsm\u00f6rtel zu k\u00fchlen. Einfach in eine K\u00fchlbox legen und erst bei Bedarf rausnehmen. So bleibt Euch mehr wertvolle Verarbeitungszeit. Drittens m\u00fcsst ihr immer den Vorlauf wegwerfen. D.h. die ersten ca. 5-10 cm des ausgepressten Klebers nicht zum F\u00fcllen eines Bohrlochs verwenden! Viertens m\u00fcsst ihr beim F\u00fcllen der L\u00f6cher sorgsam vorgehen. Steckt den Statikmischer ganz hinein. Daraufhin den M\u00f6rtel durch gef\u00fchlvolles Dr\u00fccken der Auspresspistole ins Loch f\u00fcllen. Dabei sachte mit dem Statikmischer aus dem loch herausfahren. Je nach Gr\u00f6\u00dfe des Bauteils auf die richtige F\u00fcllmenge achten. Das Bohrloch muss nach dem Setzen zur G\u00e4nze gef\u00fcllt sein!<\/p>\n<h3>Einbohren in Meeresn\u00e4he<\/h3>\n<p>Der passende Kleber f\u00fcr die Auspresspistole Fischer FIS AM in unserem Shop ist der Injektionsm\u00f6rtel Fischer FIS AB 360 S. Dieser kann auch in Meeresn\u00e4he verwendet werden. Als Hardware empfehlen wir klar die Produkte von <a href=\"https:\/\/bolting.eu\/fixe-climbing\/\">Fixe Climbing<\/a>. Denn die <a href=\"https:\/\/bolting.eu\/fixe-plx-duplex-stahl\/\">Fixe PLX \u2013 Duplex Stahl<\/a> Produkte bestehend aus dem passenden Stahl.<\/p>\n<p>Wir f\u00fchren zudem <a href=\"https:\/\/bolting.eu\/?filter_stahlqualitaet=hcr-stahl-aisi-904l&amp;s=hcr&amp;post_type=product\">Produkte aus HCR Stahl<\/a> von <a href=\"https:\/\/bolting.eu\/climbing-technology\/\">Climbing Technology<\/a> sowie aus Titan von <a href=\"https:\/\/bolting.eu\/vertical-evolution\/\">Vertical Evolution<\/a>.<\/p>\n<p>Wenn du mehr dar\u00fcber wissen m\u00f6chtest lies dir unseren Beitrag dazu durch: \u201e<a href=\"https:\/\/bolting.eu\/stahlqualitaeten-bei-bohrhaken-und-klebehaken\/\">Stahlqualit\u00e4ten bei Bohrhaken und Klebehaken<\/a>\u201c<\/p>\n<p>Link Tipp: <a href=\"https:\/\/www.fischer.at\" target=\"_blank\" rel=\"noopener noreferrer\">zum Hersteller<\/a><\/p>\n","protected":false},"excerpt":{"rendered":"<p>Auspresspistole f\u00fcr alle Fischer Injektionsm\u00f6rtel mit 2 Kammern bis 390ml, wie z.B. FIS AB 360 S.<\/p>\n<p>Alle &#8220;Koaxial-Kartuschen&#8221; mit nur 1 Kammer kann man ebenfalls einspannen.<\/p>\n<p>Versandkostenfrei bis 2kg in <img decoding=\"async\" class=\"emoji\" role=\"img\" draggable=\"false\" src=\"https:\/\/s.w.org\/images\/core\/emoji\/14.0.0\/svg\/1f1e6-1f1f9.svg\" alt=\"\ud83c\udde6\ud83c\uddf9\" \/> ab \u20ac 100,- und <img decoding=\"async\" class=\"emoji\" role=\"img\" draggable=\"false\" src=\"https:\/\/s.w.org\/images\/core\/emoji\/14.0.0\/svg\/1f1e9-1f1ea.svg\" alt=\"\ud83c\udde9\ud83c\uddea\" \/> ab \u20ac 200,-!<\/p>\n","protected":false},"featured_media":1706,"comment_status":"closed","ping_status":"closed","template":"","meta":[],"product_brand":[],"product_cat":[1210,4652,59],"product_tag":[],"class_list":{"0":"post-1702","1":"product","2":"type-product","3":"status-publish","4":"has-post-thumbnail","6":"product_cat-einbohrartikel","7":"product_cat-fischer","8":"product_cat-injektionsmoertel","10":"first","11":"instock","12":"taxable","13":"shipping-taxable","14":"purchasable","15":"product-type-simple"},"yoast_head":"<!-- This site is optimized with the Yoast SEO Premium plugin v26.9 (Yoast SEO v26.9) - https:\/\/yoast.com\/product\/yoast-seo-premium-wordpress\/ -->\n<title>Auspresspistole Fischer FIS AM g\u00fcnstig online kaufen bei bolting.eu<\/title>\n<meta name=\"description\" content=\"Hier findest Du die Auspresspistole Fischer FIS AM f\u00fcr Fischer 2-Kammern-Kartuschen bis 390ml zum Top Preis beim Einbohr Profi bolting.eu.\" \/>\n<meta name=\"robots\" content=\"index, follow, max-snippet:-1, max-image-preview:large, max-video-preview:-1\" \/>\n<link rel=\"canonical\" href=\"https:\/\/bolting.eu\/en\/shop\/auspresspistole-fischer-fis-am\/\" \/>\n<meta property=\"og:locale\" content=\"en_US\" \/>\n<meta property=\"og:type\" content=\"article\" \/>\n<meta property=\"og:title\" content=\"Auspresspistole Fischer FIS AM\" \/>\n<meta property=\"og:description\" content=\"Hier findest Du die Auspresspistole Fischer FIS AM f\u00fcr Fischer 2-Kammern-Kartuschen bis 390ml zum Top Preis beim Einbohr Profi bolting.eu.\" \/>\n<meta property=\"og:url\" content=\"https:\/\/bolting.eu\/en\/shop\/auspresspistole-fischer-fis-am\/\" \/>\n<meta property=\"og:site_name\" content=\"bolting.eu\" \/>\n<meta property=\"article:publisher\" content=\"https:\/\/www.facebook.com\/bolting.eu\" \/>\n<meta property=\"article:modified_time\" content=\"2025-08-27T13:28:45+00:00\" \/>\n<meta property=\"og:image\" content=\"https:\/\/bolting.eu\/wp-content\/uploads\/2020\/03\/Auspresspistole-Fischer-FIS-AM-2.jpg\" \/>\n\t<meta property=\"og:image:width\" content=\"700\" \/>\n\t<meta property=\"og:image:height\" content=\"700\" \/>\n\t<meta property=\"og:image:type\" content=\"image\/jpeg\" \/>\n<meta name=\"twitter:card\" content=\"summary_large_image\" \/>\n<meta name=\"twitter:label1\" content=\"Price\" \/>\n\t<meta name=\"twitter:data1\" content=\"&euro;&nbsp;69,90\" \/>\n\t<meta name=\"twitter:label2\" content=\"Availability\" \/>\n\t<meta name=\"twitter:data2\" content=\"In stock\" \/>\n<script type=\"application\/ld+json\" class=\"yoast-schema-graph\">{\"@context\":\"https:\/\/schema.org\",\"@graph\":[{\"@type\":[\"WebPage\",\"ItemPage\"],\"@id\":\"https:\/\/bolting.eu\/en\/shop\/auspresspistole-fischer-fis-am\/\",\"url\":\"https:\/\/bolting.eu\/en\/shop\/auspresspistole-fischer-fis-am\/\",\"name\":\"Auspresspistole Fischer FIS AM g\u00fcnstig online kaufen bei bolting.eu\",\"isPartOf\":{\"@id\":\"https:\/\/bolting.eu\/en\/#website\"},\"primaryImageOfPage\":{\"@id\":\"https:\/\/bolting.eu\/en\/shop\/auspresspistole-fischer-fis-am\/#primaryimage\"},\"image\":{\"@id\":\"https:\/\/bolting.eu\/en\/shop\/auspresspistole-fischer-fis-am\/#primaryimage\"},\"thumbnailUrl\":\"https:\/\/bolting.eu\/wp-content\/uploads\/2020\/03\/Auspresspistole-Fischer-FIS-AM-2.jpg\",\"datePublished\":\"2020-03-03T16:29:37+00:00\",\"dateModified\":\"2025-08-27T13:28:45+00:00\",\"description\":\"Hier findest Du die Auspresspistole Fischer FIS AM f\u00fcr Fischer 2-Kammern-Kartuschen bis 390ml zum Top Preis beim Einbohr Profi bolting.eu.\",\"breadcrumb\":{\"@id\":\"https:\/\/bolting.eu\/en\/shop\/auspresspistole-fischer-fis-am\/#breadcrumb\"},\"inLanguage\":\"en-US\",\"potentialAction\":[{\"@type\":\"ReadAction\",\"target\":[\"https:\/\/bolting.eu\/en\/shop\/auspresspistole-fischer-fis-am\/\"]}]},{\"@type\":\"ImageObject\",\"inLanguage\":\"en-US\",\"@id\":\"https:\/\/bolting.eu\/en\/shop\/auspresspistole-fischer-fis-am\/#primaryimage\",\"url\":\"https:\/\/bolting.eu\/wp-content\/uploads\/2020\/03\/Auspresspistole-Fischer-FIS-AM-2.jpg\",\"contentUrl\":\"https:\/\/bolting.eu\/wp-content\/uploads\/2020\/03\/Auspresspistole-Fischer-FIS-AM-2.jpg\",\"width\":700,\"height\":700,\"caption\":\"Das Bild zeigt eine rote Auspresspistole Fischer FIS AM. Sie ist horizontal in Bildmitte zu sehen, mit dem schwarzen Kunststoffgriff rechts.\"},{\"@type\":\"BreadcrumbList\",\"@id\":\"https:\/\/bolting.eu\/en\/shop\/auspresspistole-fischer-fis-am\/#breadcrumb\",\"itemListElement\":[{\"@type\":\"ListItem\",\"position\":1,\"name\":\"Shop\",\"item\":\"https:\/\/bolting.eu\/en\/shop\/\"},{\"@type\":\"ListItem\",\"position\":2,\"name\":\"bolting products\",\"item\":\"https:\/\/bolting.eu\/en\/produkt-kategorie\/bolting-products\/\"},{\"@type\":\"ListItem\",\"position\":3,\"name\":\"injection mortar\",\"item\":\"https:\/\/bolting.eu\/en\/produkt-kategorie\/injection-mortar\/\"},{\"@type\":\"ListItem\",\"position\":4,\"name\":\"Auspresspistole Fischer FIS AM\"}]},{\"@type\":\"WebSite\",\"@id\":\"https:\/\/bolting.eu\/en\/#website\",\"url\":\"https:\/\/bolting.eu\/en\/\",\"name\":\"bolting.eu\",\"description\":\"we make climbs happen\",\"publisher\":{\"@id\":\"https:\/\/bolting.eu\/en\/#organization\"},\"potentialAction\":[{\"@type\":\"SearchAction\",\"target\":{\"@type\":\"EntryPoint\",\"urlTemplate\":\"https:\/\/bolting.eu\/en\/?s={search_term_string}\"},\"query-input\":{\"@type\":\"PropertyValueSpecification\",\"valueRequired\":true,\"valueName\":\"search_term_string\"}}],\"inLanguage\":\"en-US\"},{\"@type\":[\"Organization\",\"Place\",\"SportingGoodsStore\"],\"@id\":\"https:\/\/bolting.eu\/en\/#organization\",\"name\":\"bolting.eu\",\"url\":\"https:\/\/bolting.eu\/en\/\",\"logo\":{\"@id\":\"https:\/\/bolting.eu\/en\/shop\/auspresspistole-fischer-fis-am\/#local-main-organization-logo\"},\"image\":{\"@id\":\"https:\/\/bolting.eu\/en\/shop\/auspresspistole-fischer-fis-am\/#local-main-organization-logo\"},\"sameAs\":[\"https:\/\/www.facebook.com\/bolting.eu\",\"https:\/\/www.instagram.com\/bolting.eu\/\"],\"address\":{\"@id\":\"https:\/\/bolting.eu\/en\/shop\/auspresspistole-fischer-fis-am\/#local-main-place-address\"},\"geo\":{\"@type\":\"GeoCoordinates\",\"latitude\":\"47.264176340396226\",\"longitude\":\"11.380109057672346\"},\"telephone\":[\"+43 699 19083372\"],\"openingHoursSpecification\":[{\"@type\":\"OpeningHoursSpecification\",\"dayOfWeek\":[\"Monday\",\"Wednesday\",\"Friday\"],\"opens\":\"14:00\",\"closes\":\"18:00\"},{\"@type\":\"OpeningHoursSpecification\",\"dayOfWeek\":[\"Tuesday\",\"Thursday\",\"Saturday\",\"Sunday\"],\"opens\":\"00:00\",\"closes\":\"00:00\"}],\"email\":\"office@bolting.eu\",\"vatID\":\"ATU59999728\",\"priceRange\":\"$$\",\"currenciesAccepted\":\"Euro\"},{\"@type\":\"PostalAddress\",\"@id\":\"https:\/\/bolting.eu\/en\/shop\/auspresspistole-fischer-fis-am\/#local-main-place-address\",\"streetAddress\":\"Fischnalerstra\u00dfe 4\",\"addressLocality\":\"Innsbruck\",\"postalCode\":\"6020\",\"addressRegion\":\"Tirol\",\"addressCountry\":\"AT\"},{\"@type\":\"ImageObject\",\"inLanguage\":\"en-US\",\"@id\":\"https:\/\/bolting.eu\/en\/shop\/auspresspistole-fischer-fis-am\/#local-main-organization-logo\",\"url\":\"https:\/\/bolting.eu\/wp-content\/uploads\/2019\/09\/bolting-logo.png\",\"contentUrl\":\"https:\/\/bolting.eu\/wp-content\/uploads\/2019\/09\/bolting-logo.png\",\"width\":400,\"height\":211,\"caption\":\"bolting.eu\"}]}<\/script>\n<meta property=\"product:price:amount\" content=\"69.90\" \/>\n<meta property=\"product:price:currency\" content=\"EUR\" \/>\n<meta property=\"og:availability\" content=\"instock\" \/>\n<meta property=\"product:availability\" content=\"instock\" \/>\n<meta property=\"product:retailer_item_id\" content=\"058000\" \/>\n<meta property=\"product:condition\" content=\"new\" \/>\n<meta name=\"geo.placename\" content=\"Innsbruck\" \/>\n<meta name=\"geo.position\" content=\"47.264176340396226;11.380109057672346\" \/>\n<meta name=\"geo.region\" content=\"Austria\" \/>\n<!-- \/ Yoast SEO Premium plugin. -->","yoast_head_json":{"title":"Auspresspistole Fischer FIS AM g\u00fcnstig online kaufen bei bolting.eu","description":"Hier findest Du die Auspresspistole Fischer FIS AM f\u00fcr Fischer 2-Kammern-Kartuschen bis 390ml zum Top Preis beim Einbohr Profi bolting.eu.","robots":{"index":"index","follow":"follow","max-snippet":"max-snippet:-1","max-image-preview":"max-image-preview:large","max-video-preview":"max-video-preview:-1"},"canonical":"https:\/\/bolting.eu\/en\/shop\/auspresspistole-fischer-fis-am\/","og_locale":"en_US","og_type":"article","og_title":"Auspresspistole Fischer FIS AM","og_description":"Hier findest Du die Auspresspistole Fischer FIS AM f\u00fcr Fischer 2-Kammern-Kartuschen bis 390ml zum Top Preis beim Einbohr Profi bolting.eu.","og_url":"https:\/\/bolting.eu\/en\/shop\/auspresspistole-fischer-fis-am\/","og_site_name":"bolting.eu","article_publisher":"https:\/\/www.facebook.com\/bolting.eu","article_modified_time":"2025-08-27T13:28:45+00:00","og_image":[{"width":700,"height":700,"url":"https:\/\/bolting.eu\/wp-content\/uploads\/2020\/03\/Auspresspistole-Fischer-FIS-AM-2.jpg","type":"image\/jpeg"}],"twitter_card":"summary_large_image","twitter_misc":{"Price":"&euro;&nbsp;69,90","Availability":"In stock"},"schema":{"@context":"https:\/\/schema.org","@graph":[{"@type":["WebPage","ItemPage"],"@id":"https:\/\/bolting.eu\/en\/shop\/auspresspistole-fischer-fis-am\/","url":"https:\/\/bolting.eu\/en\/shop\/auspresspistole-fischer-fis-am\/","name":"Auspresspistole Fischer FIS AM g\u00fcnstig online kaufen bei bolting.eu","isPartOf":{"@id":"https:\/\/bolting.eu\/en\/#website"},"primaryImageOfPage":{"@id":"https:\/\/bolting.eu\/en\/shop\/auspresspistole-fischer-fis-am\/#primaryimage"},"image":{"@id":"https:\/\/bolting.eu\/en\/shop\/auspresspistole-fischer-fis-am\/#primaryimage"},"thumbnailUrl":"https:\/\/bolting.eu\/wp-content\/uploads\/2020\/03\/Auspresspistole-Fischer-FIS-AM-2.jpg","datePublished":"2020-03-03T16:29:37+00:00","dateModified":"2025-08-27T13:28:45+00:00","description":"Hier findest Du die Auspresspistole Fischer FIS AM f\u00fcr Fischer 2-Kammern-Kartuschen bis 390ml zum Top Preis beim Einbohr Profi bolting.eu.","breadcrumb":{"@id":"https:\/\/bolting.eu\/en\/shop\/auspresspistole-fischer-fis-am\/#breadcrumb"},"inLanguage":"en-US","potentialAction":[{"@type":"ReadAction","target":["https:\/\/bolting.eu\/en\/shop\/auspresspistole-fischer-fis-am\/"]}]},{"@type":"ImageObject","inLanguage":"en-US","@id":"https:\/\/bolting.eu\/en\/shop\/auspresspistole-fischer-fis-am\/#primaryimage","url":"https:\/\/bolting.eu\/wp-content\/uploads\/2020\/03\/Auspresspistole-Fischer-FIS-AM-2.jpg","contentUrl":"https:\/\/bolting.eu\/wp-content\/uploads\/2020\/03\/Auspresspistole-Fischer-FIS-AM-2.jpg","width":700,"height":700,"caption":"Das Bild zeigt eine rote Auspresspistole Fischer FIS AM. Sie ist horizontal in Bildmitte zu sehen, mit dem schwarzen Kunststoffgriff rechts."},{"@type":"BreadcrumbList","@id":"https:\/\/bolting.eu\/en\/shop\/auspresspistole-fischer-fis-am\/#breadcrumb","itemListElement":[{"@type":"ListItem","position":1,"name":"Shop","item":"https:\/\/bolting.eu\/en\/shop\/"},{"@type":"ListItem","position":2,"name":"bolting products","item":"https:\/\/bolting.eu\/en\/produkt-kategorie\/bolting-products\/"},{"@type":"ListItem","position":3,"name":"injection mortar","item":"https:\/\/bolting.eu\/en\/produkt-kategorie\/injection-mortar\/"},{"@type":"ListItem","position":4,"name":"Auspresspistole Fischer FIS AM"}]},{"@type":"WebSite","@id":"https:\/\/bolting.eu\/en\/#website","url":"https:\/\/bolting.eu\/en\/","name":"bolting.eu","description":"we make climbs happen","publisher":{"@id":"https:\/\/bolting.eu\/en\/#organization"},"potentialAction":[{"@type":"SearchAction","target":{"@type":"EntryPoint","urlTemplate":"https:\/\/bolting.eu\/en\/?s={search_term_string}"},"query-input":{"@type":"PropertyValueSpecification","valueRequired":true,"valueName":"search_term_string"}}],"inLanguage":"en-US"},{"@type":["Organization","Place","SportingGoodsStore"],"@id":"https:\/\/bolting.eu\/en\/#organization","name":"bolting.eu","url":"https:\/\/bolting.eu\/en\/","logo":{"@id":"https:\/\/bolting.eu\/en\/shop\/auspresspistole-fischer-fis-am\/#local-main-organization-logo"},"image":{"@id":"https:\/\/bolting.eu\/en\/shop\/auspresspistole-fischer-fis-am\/#local-main-organization-logo"},"sameAs":["https:\/\/www.facebook.com\/bolting.eu","https:\/\/www.instagram.com\/bolting.eu\/"],"address":{"@id":"https:\/\/bolting.eu\/en\/shop\/auspresspistole-fischer-fis-am\/#local-main-place-address"},"geo":{"@type":"GeoCoordinates","latitude":"47.264176340396226","longitude":"11.380109057672346"},"telephone":["+43 699 19083372"],"openingHoursSpecification":[{"@type":"OpeningHoursSpecification","dayOfWeek":["Monday","Wednesday","Friday"],"opens":"14:00","closes":"18:00"},{"@type":"OpeningHoursSpecification","dayOfWeek":["Tuesday","Thursday","Saturday","Sunday"],"opens":"00:00","closes":"00:00"}],"email":"office@bolting.eu","vatID":"ATU59999728","priceRange":"$$","currenciesAccepted":"Euro"},{"@type":"PostalAddress","@id":"https:\/\/bolting.eu\/en\/shop\/auspresspistole-fischer-fis-am\/#local-main-place-address","streetAddress":"Fischnalerstra\u00dfe 4","addressLocality":"Innsbruck","postalCode":"6020","addressRegion":"Tirol","addressCountry":"AT"},{"@type":"ImageObject","inLanguage":"en-US","@id":"https:\/\/bolting.eu\/en\/shop\/auspresspistole-fischer-fis-am\/#local-main-organization-logo","url":"https:\/\/bolting.eu\/wp-content\/uploads\/2019\/09\/bolting-logo.png","contentUrl":"https:\/\/bolting.eu\/wp-content\/uploads\/2019\/09\/bolting-logo.png","width":400,"height":211,"caption":"bolting.eu"}]},"product_price_amount":"69.90","product_price_currency":"EUR","og_availability":"instock","product_availability":"instock","product_retailer_item_id":"058000","product_condition":"new","geo.placename":"Innsbruck","geo.position":{"lat":"47.264176340396226","long":"11.380109057672346"},"geo.region":"Austria"},"_links":{"self":[{"href":"https:\/\/bolting.eu\/en\/wp-json\/wp\/v2\/product\/1702","targetHints":{"allow":["GET"]}}],"collection":[{"href":"https:\/\/bolting.eu\/en\/wp-json\/wp\/v2\/product"}],"about":[{"href":"https:\/\/bolting.eu\/en\/wp-json\/wp\/v2\/types\/product"}],"replies":[{"embeddable":true,"href":"https:\/\/bolting.eu\/en\/wp-json\/wp\/v2\/comments?post=1702"}],"wp:featuredmedia":[{"embeddable":true,"href":"https:\/\/bolting.eu\/en\/wp-json\/wp\/v2\/media\/1706"}],"wp:attachment":[{"href":"https:\/\/bolting.eu\/en\/wp-json\/wp\/v2\/media?parent=1702"}],"wp:term":[{"taxonomy":"product_brand","embeddable":true,"href":"https:\/\/bolting.eu\/en\/wp-json\/wp\/v2\/product_brand?post=1702"},{"taxonomy":"product_cat","embeddable":true,"href":"https:\/\/bolting.eu\/en\/wp-json\/wp\/v2\/product_cat?post=1702"},{"taxonomy":"product_tag","embeddable":true,"href":"https:\/\/bolting.eu\/en\/wp-json\/wp\/v2\/product_tag?post=1702"}],"curies":[{"name":"wp","href":"https:\/\/api.w.org\/{rel}","templated":true}]}}