{"id":16998,"date":"2023-09-11T17:50:10","date_gmt":"2023-09-11T15:50:10","guid":{"rendered":"https:\/\/bolting.eu\/?post_type=product&#038;p=16998"},"modified":"2025-12-17T15:42:14","modified_gmt":"2025-12-17T14:42:14","slug":"petzl-simple","status":"publish","type":"product","link":"https:\/\/bolting.eu\/en\/shop\/petzl-simple\/","title":{"rendered":"Petzl Simple"},"content":{"rendered":"<p>Das Petzl Simple ist ein einfaches, leichtes <a href=\"https:\/\/bolting.eu\/produkt-kategorie\/kletterausruestung\/abseilgeraete\/\">Abseilger\u00e4t<\/a> f\u00fcr die H\u00f6hlenforschung. Der Name ist hier Programm. Denn es ist extrem benutzerfreundlich, weil sehr leicht zu bedienen.<\/p>\n<p>Was dieses Ger\u00e4t auszeichnet ist zum einen die Verwendung ausschlie\u00dflich mit <a href=\"https:\/\/bolting.eu\/shop\/halbstatisches-seil-pensum-105mm\/\">halbstatisches Seilen<\/a>. Und zum anderen die manuelle Bedienung.<\/p>\n<p>D.h. die letztliche Abseilgeschwindigkeit wird ausschlie\u00dflich \u00fcber das &#8220;Bremsen&#8221; mit der Hand gesteuert.<\/p>\n<p>Aufgrund der geringen Gr\u00f6\u00dfe ist dieses Produkt f\u00fcr besonders enge Stellen bzw. Passagen geeignet.<\/p>\n<h2>Eigenschaften Petzl Simple<\/h2>\n<ul>\n<li>manuelles Abseilger\u00e4t f\u00fcr die H\u00f6hlenforschung<\/li>\n<li>Material: Alu<\/li>\n<li>Gewicht: 240 Gramm<\/li>\n<li>f\u00fcr halbstatische Seile von 8,5 bis 11mm<\/li>\n<li>mit 2 tauschbaren Alu Rollen<\/li>\n<li>glattes Design um nirgends h\u00e4ngen zu bleiben<\/li>\n<li>Abseilgeschwindigkeit wird \u00fcber Bremshand gesteuert<\/li>\n<li>eingelaserte Icons erleichtern Handling (Einlegerichtung Seil)<\/li>\n<li>\u00f6ffnendes Seitenteil mit Sicherheitsclips zum Passieren von Zwischensicherungen<\/li>\n<li>lange Verbindungs\u00f6se um empfohlenen <a href=\"https:\/\/bolting.eu\/shop\/petzl-freino-z\/\">Freino Z-Karabiner<\/a> nicht abnehmen zu m\u00fcssen beim Aufh\u00e4ngen in der Materialschlaufe des Gurtes<\/li>\n<li><a href=\"https:\/\/www.petzl.com\/sfc\/servlet.shepherd\/version\/download\/0681r00000BAtylAAD\" target=\"_blank\" rel=\"noopener\">Bedienungsanleitung<\/a><\/li>\n<\/ul>\n<h3>Nur mit Freino Z-Karabiner empfohlen<\/h3>\n<p>Das Simple ist ein manuelles Abseilger\u00e4t f\u00fcr die H\u00f6hlenforschung. D.h. der Bremshand kommt immer eine zentrale Bedeutung zu.<\/p>\n<p>Um die wirkende Kraft auf die Bremshand klein zu halten, sollte man einen Bremskarabiner verwenden. Hierzu eignet sich der Freino Z am absolut besten. Deshalb wird er auch von Petzl daf\u00fcr empfohlen. Denn durch seine zus\u00e4tzliche \u00d6se kann man das Bremsseil ideal durchf\u00fchren.<\/p>\n<p>Somit l\u00e4sst sich die Abseilgeschwindigkeit perfekt dosieren ohne sich zu verbrennen.<\/p>\n<figure id=\"attachment_17005\" aria-describedby=\"caption-attachment-17005\" style=\"width: 377px\" class=\"wp-caption alignnone\"><a href=\"https:\/\/bolting.eu\/wp-content\/uploads\/2023\/09\/Petzl-Simple-1.jpg\"><img loading=\"lazy\" decoding=\"async\" class=\"wp-image-17005 size-medium\" src=\"https:\/\/bolting.eu\/wp-content\/uploads\/2023\/09\/Petzl-Simple-1-377x400.jpg\" alt=\"Grafik zum korrekten Einh\u00e4ngen des Petzl Simple Abseilger\u00e4ts f\u00fcr H\u00f6hlenforschung.\" width=\"377\" height=\"400\" srcset=\"https:\/\/bolting.eu\/wp-content\/uploads\/2023\/09\/Petzl-Simple-1-377x400.jpg 377w, https:\/\/bolting.eu\/wp-content\/uploads\/2023\/09\/Petzl-Simple-1-510x541.jpg 510w, https:\/\/bolting.eu\/wp-content\/uploads\/2023\/09\/Petzl-Simple-1-100x106.jpg 100w, https:\/\/bolting.eu\/wp-content\/uploads\/2023\/09\/Petzl-Simple-1.jpg 552w\" sizes=\"auto, (max-width: 377px) 100vw, 377px\" \/><\/a><figcaption id=\"caption-attachment-17005\" class=\"wp-caption-text\">Der Freino Z-Karabiner erleichtert die Kontrolle der Abseilgeschwindigkeit ganz enorm. Er wird strikt empfohlen!<\/figcaption><\/figure>\n<h3>Fehlerquelle &#8220;Schlie\u00dfen&#8221;<\/h3>\n<p>Achtet beim Schlie\u00dfen des Simple von <a href=\"https:\/\/bolting.eu\/produkt-kategorie\/petzl\/\">Petzl<\/a> auf das Einrasten des kleinen Klipps.<\/p>\n<p>Dieser sitzt an der \u00d6ffnung f\u00fcr den Karabiner auf einer Seite des Geh\u00e4uses. Wenn man schlampig agiert, kann dieser Klipps nicht ganz schlie\u00dfen. Dann besteht die Gefahr des Aush\u00e4ngens!<\/p>\n<p>Zudem muss das Seitenteil in die entsprechende Verbindung einrasten. Stellt bei jedem Einh\u00e4ngen sicher, dass die Seitenfl\u00e4che eingerastet ist.<\/p>\n<figure id=\"attachment_17004\" aria-describedby=\"caption-attachment-17004\" style=\"width: 389px\" class=\"wp-caption alignnone\"><a href=\"https:\/\/bolting.eu\/wp-content\/uploads\/2023\/09\/Petzl-Simple-2.jpg\"><img loading=\"lazy\" decoding=\"async\" class=\"wp-image-17004 size-medium\" src=\"https:\/\/bolting.eu\/wp-content\/uploads\/2023\/09\/Petzl-Simple-2-389x400.jpg\" alt=\"Grafik mit Sicherheitshinweisen zum Simple Abseilger\u00e4t.\" width=\"389\" height=\"400\" srcset=\"https:\/\/bolting.eu\/wp-content\/uploads\/2023\/09\/Petzl-Simple-2-389x400.jpg 389w, https:\/\/bolting.eu\/wp-content\/uploads\/2023\/09\/Petzl-Simple-2-510x524.jpg 510w, https:\/\/bolting.eu\/wp-content\/uploads\/2023\/09\/Petzl-Simple-2-100x103.jpg 100w, https:\/\/bolting.eu\/wp-content\/uploads\/2023\/09\/Petzl-Simple-2.jpg 720w\" sizes=\"auto, (max-width: 389px) 100vw, 389px\" \/><\/a><figcaption id=\"caption-attachment-17004\" class=\"wp-caption-text\">Achtet beim Schlie\u00dfen auf das Einrasten des Seitenteils und das komplette Schlie\u00dfen des Klipps!<\/figcaption><\/figure>\n<p>&nbsp;<\/p>\n","protected":false},"excerpt":{"rendered":"<p>Einfaches, leichtes Abseilger\u00e4t f\u00fcr die H\u00f6hlenforschung. Funktioniert manuell. D.h. die Abseilgeschwindigkeit wird mit der Bremshand geregelt.<\/p>\n<p>Handschuhe und Bremskarabiner Freino Z strikt empfohlen!<\/p>\n<p>Versandkostenfrei bis 2kg in <img decoding=\"async\" class=\"emoji\" role=\"img\" draggable=\"false\" src=\"https:\/\/s.w.org\/images\/core\/emoji\/14.0.0\/svg\/1f1e6-1f1f9.svg\" alt=\"\ud83c\udde6\ud83c\uddf9\" \/> ab \u20ac 100,- und <img decoding=\"async\" class=\"emoji\" role=\"img\" draggable=\"false\" src=\"https:\/\/s.w.org\/images\/core\/emoji\/14.0.0\/svg\/1f1e9-1f1ea.svg\" alt=\"\ud83c\udde9\ud83c\uddea\" \/> ab \u20ac 200,-!<\/p>\n","protected":false},"featured_media":16999,"comment_status":"closed","ping_status":"closed","template":"","meta":[],"product_brand":[],"product_cat":[29,14093,14447],"product_tag":[],"class_list":{"0":"post-16998","1":"product","2":"type-product","3":"status-publish","4":"has-post-thumbnail","6":"product_cat-kletterausruestung","7":"product_cat-petzl","8":"product_cat-abseilgeraete","10":"first","11":"instock","12":"sale","13":"taxable","14":"shipping-taxable","15":"purchasable","16":"product-type-simple"},"yoast_head":"<!-- This site is optimized with the Yoast SEO Premium plugin v26.9 (Yoast SEO v26.9) - https:\/\/yoast.com\/product\/yoast-seo-premium-wordpress\/ -->\n<title>Petzl Simple - leichtes H\u00f6hlenforschungs Abseilger\u00e4t | bolting.eu<\/title>\n<meta name=\"description\" content=\"Petzl Simple H\u00f6hlenforschungs Abseilger\u00e4t beim Hardwareprofi aus Innsbruck kaufen \u2705 kostenloser Versand* \u2705 14 Tage R\u00fcckgaberecht \u2705 Co2 neutraler Versand\" \/>\n<meta name=\"robots\" content=\"index, follow, max-snippet:-1, max-image-preview:large, max-video-preview:-1\" \/>\n<link rel=\"canonical\" href=\"https:\/\/bolting.eu\/en\/shop\/petzl-simple\/\" \/>\n<meta property=\"og:locale\" content=\"en_US\" \/>\n<meta property=\"og:type\" content=\"article\" \/>\n<meta property=\"og:title\" content=\"Petzl Simple\" \/>\n<meta property=\"og:description\" content=\"Petzl Simple H\u00f6hlenforschungs Abseilger\u00e4t beim Hardwareprofi aus Innsbruck kaufen \u2705 kostenloser Versand* \u2705 14 Tage R\u00fcckgaberecht \u2705 Co2 neutraler Versand\" \/>\n<meta property=\"og:url\" content=\"https:\/\/bolting.eu\/en\/shop\/petzl-simple\/\" \/>\n<meta property=\"og:site_name\" content=\"bolting.eu\" \/>\n<meta property=\"article:publisher\" content=\"https:\/\/www.facebook.com\/bolting.eu\" \/>\n<meta property=\"article:modified_time\" content=\"2025-12-17T14:42:14+00:00\" \/>\n<meta property=\"og:image\" content=\"https:\/\/bolting.eu\/wp-content\/uploads\/2023\/09\/Petzl-Simple-6.jpg\" \/>\n\t<meta property=\"og:image:width\" content=\"700\" \/>\n\t<meta property=\"og:image:height\" content=\"700\" \/>\n\t<meta property=\"og:image:type\" content=\"image\/jpeg\" \/>\n<meta name=\"twitter:card\" content=\"summary_large_image\" \/>\n<meta name=\"twitter:label1\" content=\"Price\" \/>\n\t<meta name=\"twitter:data1\" content=\"&euro;&nbsp;71,00\" \/>\n\t<meta name=\"twitter:label2\" content=\"Availability\" \/>\n\t<meta name=\"twitter:data2\" content=\"In stock\" \/>\n<script type=\"application\/ld+json\" class=\"yoast-schema-graph\">{\"@context\":\"https:\/\/schema.org\",\"@graph\":[{\"@type\":[\"WebPage\",\"ItemPage\"],\"@id\":\"https:\/\/bolting.eu\/en\/shop\/petzl-simple\/\",\"url\":\"https:\/\/bolting.eu\/en\/shop\/petzl-simple\/\",\"name\":\"Petzl Simple - leichtes H\u00f6hlenforschungs Abseilger\u00e4t | bolting.eu\",\"isPartOf\":{\"@id\":\"https:\/\/bolting.eu\/en\/#website\"},\"primaryImageOfPage\":{\"@id\":\"https:\/\/bolting.eu\/en\/shop\/petzl-simple\/#primaryimage\"},\"image\":{\"@id\":\"https:\/\/bolting.eu\/en\/shop\/petzl-simple\/#primaryimage\"},\"thumbnailUrl\":\"https:\/\/bolting.eu\/wp-content\/uploads\/2023\/09\/Petzl-Simple-6.jpg\",\"datePublished\":\"2023-09-11T15:50:10+00:00\",\"dateModified\":\"2025-12-17T14:42:14+00:00\",\"description\":\"Petzl Simple H\u00f6hlenforschungs Abseilger\u00e4t beim Hardwareprofi aus Innsbruck kaufen \u2705 kostenloser Versand* \u2705 14 Tage R\u00fcckgaberecht \u2705 Co2 neutraler Versand\",\"breadcrumb\":{\"@id\":\"https:\/\/bolting.eu\/en\/shop\/petzl-simple\/#breadcrumb\"},\"inLanguage\":\"en-US\",\"potentialAction\":[{\"@type\":\"ReadAction\",\"target\":[\"https:\/\/bolting.eu\/en\/shop\/petzl-simple\/\"]}]},{\"@type\":\"ImageObject\",\"inLanguage\":\"en-US\",\"@id\":\"https:\/\/bolting.eu\/en\/shop\/petzl-simple\/#primaryimage\",\"url\":\"https:\/\/bolting.eu\/wp-content\/uploads\/2023\/09\/Petzl-Simple-6.jpg\",\"contentUrl\":\"https:\/\/bolting.eu\/wp-content\/uploads\/2023\/09\/Petzl-Simple-6.jpg\",\"width\":700,\"height\":700,\"caption\":\"Petzl Speleo Abseilger\u00e4t aufrecht im Bild.\"},{\"@type\":\"BreadcrumbList\",\"@id\":\"https:\/\/bolting.eu\/en\/shop\/petzl-simple\/#breadcrumb\",\"itemListElement\":[{\"@type\":\"ListItem\",\"position\":1,\"name\":\"Shop\",\"item\":\"https:\/\/bolting.eu\/en\/shop\/\"},{\"@type\":\"ListItem\",\"position\":2,\"name\":\"climbing equipment\",\"item\":\"https:\/\/bolting.eu\/en\/produkt-kategorie\/climbing-equipment\/\"},{\"@type\":\"ListItem\",\"position\":3,\"name\":\"Abseilger\u00e4te\",\"item\":\"https:\/\/bolting.eu\/produkt-kategorie\/kletterausruestung\/abseilgeraete\/\"},{\"@type\":\"ListItem\",\"position\":4,\"name\":\"Petzl Simple\"}]},{\"@type\":\"WebSite\",\"@id\":\"https:\/\/bolting.eu\/en\/#website\",\"url\":\"https:\/\/bolting.eu\/en\/\",\"name\":\"bolting.eu\",\"description\":\"we make climbs happen\",\"publisher\":{\"@id\":\"https:\/\/bolting.eu\/en\/#organization\"},\"potentialAction\":[{\"@type\":\"SearchAction\",\"target\":{\"@type\":\"EntryPoint\",\"urlTemplate\":\"https:\/\/bolting.eu\/en\/?s={search_term_string}\"},\"query-input\":{\"@type\":\"PropertyValueSpecification\",\"valueRequired\":true,\"valueName\":\"search_term_string\"}}],\"inLanguage\":\"en-US\"},{\"@type\":[\"Organization\",\"Place\",\"SportingGoodsStore\"],\"@id\":\"https:\/\/bolting.eu\/en\/#organization\",\"name\":\"bolting.eu\",\"url\":\"https:\/\/bolting.eu\/en\/\",\"logo\":{\"@id\":\"https:\/\/bolting.eu\/en\/shop\/petzl-simple\/#local-main-organization-logo\"},\"image\":{\"@id\":\"https:\/\/bolting.eu\/en\/shop\/petzl-simple\/#local-main-organization-logo\"},\"sameAs\":[\"https:\/\/www.facebook.com\/bolting.eu\",\"https:\/\/www.instagram.com\/bolting.eu\/\"],\"address\":{\"@id\":\"https:\/\/bolting.eu\/en\/shop\/petzl-simple\/#local-main-place-address\"},\"geo\":{\"@type\":\"GeoCoordinates\",\"latitude\":\"47.264176340396226\",\"longitude\":\"11.380109057672346\"},\"telephone\":[\"+43 699 19083372\"],\"openingHoursSpecification\":[{\"@type\":\"OpeningHoursSpecification\",\"dayOfWeek\":[\"Monday\",\"Wednesday\",\"Friday\"],\"opens\":\"14:00\",\"closes\":\"18:00\"},{\"@type\":\"OpeningHoursSpecification\",\"dayOfWeek\":[\"Tuesday\",\"Thursday\",\"Saturday\",\"Sunday\"],\"opens\":\"00:00\",\"closes\":\"00:00\"}],\"email\":\"office@bolting.eu\",\"vatID\":\"ATU59999728\",\"priceRange\":\"$$\",\"currenciesAccepted\":\"Euro\"},{\"@type\":\"PostalAddress\",\"@id\":\"https:\/\/bolting.eu\/en\/shop\/petzl-simple\/#local-main-place-address\",\"streetAddress\":\"Fischnalerstra\u00dfe 4\",\"addressLocality\":\"Innsbruck\",\"postalCode\":\"6020\",\"addressRegion\":\"Tirol\",\"addressCountry\":\"AT\"},{\"@type\":\"ImageObject\",\"inLanguage\":\"en-US\",\"@id\":\"https:\/\/bolting.eu\/en\/shop\/petzl-simple\/#local-main-organization-logo\",\"url\":\"https:\/\/bolting.eu\/wp-content\/uploads\/2019\/09\/bolting-logo.png\",\"contentUrl\":\"https:\/\/bolting.eu\/wp-content\/uploads\/2019\/09\/bolting-logo.png\",\"width\":400,\"height\":211,\"caption\":\"bolting.eu\"}]}<\/script>\n<meta property=\"product:price:amount\" content=\"71.00\" \/>\n<meta property=\"product:price:currency\" content=\"EUR\" \/>\n<meta property=\"og:availability\" content=\"instock\" \/>\n<meta property=\"product:availability\" content=\"instock\" \/>\n<meta property=\"product:retailer_item_id\" content=\"D004AA00\" \/>\n<meta property=\"product:condition\" content=\"new\" \/>\n<meta name=\"geo.placename\" content=\"Innsbruck\" \/>\n<meta name=\"geo.position\" content=\"47.264176340396226;11.380109057672346\" \/>\n<meta name=\"geo.region\" content=\"Austria\" \/>\n<!-- \/ Yoast SEO Premium plugin. -->","yoast_head_json":{"title":"Petzl Simple - leichtes H\u00f6hlenforschungs Abseilger\u00e4t | bolting.eu","description":"Petzl Simple H\u00f6hlenforschungs Abseilger\u00e4t beim Hardwareprofi aus Innsbruck kaufen \u2705 kostenloser Versand* \u2705 14 Tage R\u00fcckgaberecht \u2705 Co2 neutraler Versand","robots":{"index":"index","follow":"follow","max-snippet":"max-snippet:-1","max-image-preview":"max-image-preview:large","max-video-preview":"max-video-preview:-1"},"canonical":"https:\/\/bolting.eu\/en\/shop\/petzl-simple\/","og_locale":"en_US","og_type":"article","og_title":"Petzl Simple","og_description":"Petzl Simple H\u00f6hlenforschungs Abseilger\u00e4t beim Hardwareprofi aus Innsbruck kaufen \u2705 kostenloser Versand* \u2705 14 Tage R\u00fcckgaberecht \u2705 Co2 neutraler Versand","og_url":"https:\/\/bolting.eu\/en\/shop\/petzl-simple\/","og_site_name":"bolting.eu","article_publisher":"https:\/\/www.facebook.com\/bolting.eu","article_modified_time":"2025-12-17T14:42:14+00:00","og_image":[{"width":700,"height":700,"url":"https:\/\/bolting.eu\/wp-content\/uploads\/2023\/09\/Petzl-Simple-6.jpg","type":"image\/jpeg"}],"twitter_card":"summary_large_image","twitter_misc":{"Price":"&euro;&nbsp;71,00","Availability":"In stock"},"schema":{"@context":"https:\/\/schema.org","@graph":[{"@type":["WebPage","ItemPage"],"@id":"https:\/\/bolting.eu\/en\/shop\/petzl-simple\/","url":"https:\/\/bolting.eu\/en\/shop\/petzl-simple\/","name":"Petzl Simple - leichtes H\u00f6hlenforschungs Abseilger\u00e4t | bolting.eu","isPartOf":{"@id":"https:\/\/bolting.eu\/en\/#website"},"primaryImageOfPage":{"@id":"https:\/\/bolting.eu\/en\/shop\/petzl-simple\/#primaryimage"},"image":{"@id":"https:\/\/bolting.eu\/en\/shop\/petzl-simple\/#primaryimage"},"thumbnailUrl":"https:\/\/bolting.eu\/wp-content\/uploads\/2023\/09\/Petzl-Simple-6.jpg","datePublished":"2023-09-11T15:50:10+00:00","dateModified":"2025-12-17T14:42:14+00:00","description":"Petzl Simple H\u00f6hlenforschungs Abseilger\u00e4t beim Hardwareprofi aus Innsbruck kaufen \u2705 kostenloser Versand* \u2705 14 Tage R\u00fcckgaberecht \u2705 Co2 neutraler Versand","breadcrumb":{"@id":"https:\/\/bolting.eu\/en\/shop\/petzl-simple\/#breadcrumb"},"inLanguage":"en-US","potentialAction":[{"@type":"ReadAction","target":["https:\/\/bolting.eu\/en\/shop\/petzl-simple\/"]}]},{"@type":"ImageObject","inLanguage":"en-US","@id":"https:\/\/bolting.eu\/en\/shop\/petzl-simple\/#primaryimage","url":"https:\/\/bolting.eu\/wp-content\/uploads\/2023\/09\/Petzl-Simple-6.jpg","contentUrl":"https:\/\/bolting.eu\/wp-content\/uploads\/2023\/09\/Petzl-Simple-6.jpg","width":700,"height":700,"caption":"Petzl Speleo Abseilger\u00e4t aufrecht im Bild."},{"@type":"BreadcrumbList","@id":"https:\/\/bolting.eu\/en\/shop\/petzl-simple\/#breadcrumb","itemListElement":[{"@type":"ListItem","position":1,"name":"Shop","item":"https:\/\/bolting.eu\/en\/shop\/"},{"@type":"ListItem","position":2,"name":"climbing equipment","item":"https:\/\/bolting.eu\/en\/produkt-kategorie\/climbing-equipment\/"},{"@type":"ListItem","position":3,"name":"Abseilger\u00e4te","item":"https:\/\/bolting.eu\/produkt-kategorie\/kletterausruestung\/abseilgeraete\/"},{"@type":"ListItem","position":4,"name":"Petzl Simple"}]},{"@type":"WebSite","@id":"https:\/\/bolting.eu\/en\/#website","url":"https:\/\/bolting.eu\/en\/","name":"bolting.eu","description":"we make climbs happen","publisher":{"@id":"https:\/\/bolting.eu\/en\/#organization"},"potentialAction":[{"@type":"SearchAction","target":{"@type":"EntryPoint","urlTemplate":"https:\/\/bolting.eu\/en\/?s={search_term_string}"},"query-input":{"@type":"PropertyValueSpecification","valueRequired":true,"valueName":"search_term_string"}}],"inLanguage":"en-US"},{"@type":["Organization","Place","SportingGoodsStore"],"@id":"https:\/\/bolting.eu\/en\/#organization","name":"bolting.eu","url":"https:\/\/bolting.eu\/en\/","logo":{"@id":"https:\/\/bolting.eu\/en\/shop\/petzl-simple\/#local-main-organization-logo"},"image":{"@id":"https:\/\/bolting.eu\/en\/shop\/petzl-simple\/#local-main-organization-logo"},"sameAs":["https:\/\/www.facebook.com\/bolting.eu","https:\/\/www.instagram.com\/bolting.eu\/"],"address":{"@id":"https:\/\/bolting.eu\/en\/shop\/petzl-simple\/#local-main-place-address"},"geo":{"@type":"GeoCoordinates","latitude":"47.264176340396226","longitude":"11.380109057672346"},"telephone":["+43 699 19083372"],"openingHoursSpecification":[{"@type":"OpeningHoursSpecification","dayOfWeek":["Monday","Wednesday","Friday"],"opens":"14:00","closes":"18:00"},{"@type":"OpeningHoursSpecification","dayOfWeek":["Tuesday","Thursday","Saturday","Sunday"],"opens":"00:00","closes":"00:00"}],"email":"office@bolting.eu","vatID":"ATU59999728","priceRange":"$$","currenciesAccepted":"Euro"},{"@type":"PostalAddress","@id":"https:\/\/bolting.eu\/en\/shop\/petzl-simple\/#local-main-place-address","streetAddress":"Fischnalerstra\u00dfe 4","addressLocality":"Innsbruck","postalCode":"6020","addressRegion":"Tirol","addressCountry":"AT"},{"@type":"ImageObject","inLanguage":"en-US","@id":"https:\/\/bolting.eu\/en\/shop\/petzl-simple\/#local-main-organization-logo","url":"https:\/\/bolting.eu\/wp-content\/uploads\/2019\/09\/bolting-logo.png","contentUrl":"https:\/\/bolting.eu\/wp-content\/uploads\/2019\/09\/bolting-logo.png","width":400,"height":211,"caption":"bolting.eu"}]},"product_price_amount":"71.00","product_price_currency":"EUR","og_availability":"instock","product_availability":"instock","product_retailer_item_id":"D004AA00","product_condition":"new","geo.placename":"Innsbruck","geo.position":{"lat":"47.264176340396226","long":"11.380109057672346"},"geo.region":"Austria"},"_links":{"self":[{"href":"https:\/\/bolting.eu\/en\/wp-json\/wp\/v2\/product\/16998","targetHints":{"allow":["GET"]}}],"collection":[{"href":"https:\/\/bolting.eu\/en\/wp-json\/wp\/v2\/product"}],"about":[{"href":"https:\/\/bolting.eu\/en\/wp-json\/wp\/v2\/types\/product"}],"replies":[{"embeddable":true,"href":"https:\/\/bolting.eu\/en\/wp-json\/wp\/v2\/comments?post=16998"}],"wp:featuredmedia":[{"embeddable":true,"href":"https:\/\/bolting.eu\/en\/wp-json\/wp\/v2\/media\/16999"}],"wp:attachment":[{"href":"https:\/\/bolting.eu\/en\/wp-json\/wp\/v2\/media?parent=16998"}],"wp:term":[{"taxonomy":"product_brand","embeddable":true,"href":"https:\/\/bolting.eu\/en\/wp-json\/wp\/v2\/product_brand?post=16998"},{"taxonomy":"product_cat","embeddable":true,"href":"https:\/\/bolting.eu\/en\/wp-json\/wp\/v2\/product_cat?post=16998"},{"taxonomy":"product_tag","embeddable":true,"href":"https:\/\/bolting.eu\/en\/wp-json\/wp\/v2\/product_tag?post=16998"}],"curies":[{"name":"wp","href":"https:\/\/api.w.org\/{rel}","templated":true}]}}