{"id":16970,"date":"2023-09-08T17:47:26","date_gmt":"2023-09-08T15:47:26","guid":{"rendered":"https:\/\/bolting.eu\/?post_type=product&#038;p=16970"},"modified":"2024-09-25T19:08:00","modified_gmt":"2024-09-25T17:08:00","slug":"black-diamond-wall-hauler-140","status":"publish","type":"product","link":"https:\/\/bolting.eu\/en\/shop\/black-diamond-wall-hauler-140\/","title":{"rendered":"Black Diamond Wall Hauler 140"},"content":{"rendered":"<p>Der Black Diamond Wall Hauler 140 ist ein gro\u00dfer Haulbag f\u00fcr Big Walls. Mit seinem enormen Volumen reden wir von Mehrtages W\u00e4nden in der Gr\u00f6\u00dfenordnung &#8220;Nose&#8221; oder &#8220;Salathe&#8221; Wall.<\/p>\n<p>Dieser Bag ist das gr\u00f6\u00dfte Modell der neuen Serie von 2023. Sie kennzeichnet sich durch diese Features aus.<\/p>\n<p>Weiches TPU Material f\u00fcr mehr Elastizit\u00e4t des Bags. Zudem wird er in der K\u00e4lte nicht mehr so steif und bricht auch nicht mehr.<\/p>\n<p>Dann hat es ein Roll-Top mit einer Zip-Au\u00dfentasche. Endlich! Platz f\u00fcr <a href=\"https:\/\/bolting.eu\/produkt-kategorie\/kletterausruestung\/kletterfuehrer\/\">Kletterf\u00fchrer<\/a>, Tape &amp; Co.!<\/p>\n<p>Innen gibt es wie gewohnt die Tasche mit Zip. Abgerundet wird der Bag mit den klassischen Features. Offset Aufh\u00e4ngeschlaufen, abnehmbares Tragesystem und Schlaufen am Boden f\u00fcr eine &#8220;Poop-Tube&#8221;.<\/p>\n<h2>Eigenschaften<\/h2>\n<ul>\n<li>Hersteller: <a href=\"https:\/\/bolting.eu\/produkt-kategorie\/black-diamond\/\">Black Diamond<\/a><\/li>\n<li>Modell Name: Wall Hauler 140<\/li>\n<li>Material: TPU, Polyamid, Alu;<\/li>\n<li>Gewicht: 3100 Gramm<\/li>\n<li>Volumen: 140 Liter<\/li>\n<li>strapazierf\u00e4higes TPU (thermoplastisches Polyurethane)<\/li>\n<li>roll-Top mit Klettverschluss und Au\u00dfen Zipper-Tasche<\/li>\n<li>dar\u00fcber Kompressionsriemen<\/li>\n<li>Innentasche mit Zip<\/li>\n<li>rote Offset Aufh\u00e4ngeschlaufen<\/li>\n<li>weiche Rundb\u00e4nder am Boden und oberen Umrandung<\/li>\n<li>S-f\u00f6rmige Schultertr\u00e4ger verstaubar<\/li>\n<li>Brustschnalle<\/li>\n<li>gepolsterter H\u00fcftgurt verstaubar<\/li>\n<\/ul>\n<h3>Produktvideo Wall Hauler 140<\/h3>\n<p>Im Folgenden Video stellt euch BD selber den Haulbag vor.<\/p>\n<p><iframe loading=\"lazy\" title=\"Black Diamond Haulbags\u2014New For Spring 2023\" width=\"1020\" height=\"574\" src=\"https:\/\/www.youtube.com\/embed\/SDl0P9ovSpY?feature=oembed\" frameborder=\"0\" allow=\"accelerometer; autoplay; clipboard-write; encrypted-media; gyroscope; picture-in-picture; web-share\" referrerpolicy=\"strict-origin-when-cross-origin\" allowfullscreen><\/iframe><\/p>\n<p>&nbsp;<\/p>\n<h3>Ein Bag f\u00fcr gro\u00dfe Walls<\/h3>\n<p>Dieser Wall Hauler hat ein Volumen von 140 Litern. Der Bag ist also sehr gro\u00df und eignet sich nur f\u00fcr Bigwalls bzw. Expeditionen.<\/p>\n<p>Bei dieser Gr\u00f6\u00dfe solltet ihr die Ausr\u00fcstung bzw. Verpflegung f\u00fcr 2 Kletterer hinein bekommen. Sie sollte an die 3 Tage reichen. D.h. dieses Modell ist ideal f\u00fcr Routen in der IVer und eventuell Ver Klasse. Oder besser gesagt. Linien wie die &#8220;Salath\u00e9 Wall&#8221;, &#8220;Nose&#8221; oder &#8220;Zodiac&#8221; am El Cap.<\/p>\n<h3>Alte Schw\u00e4chen ausgebessert!<\/h3>\n<p>Bei der 2023er Serie hat BD alte Schw\u00e4chen seiner Haulbags behoben.<\/p>\n<p>Das TPU Material ist nun wesentlich weicher. D.h. es bricht auch nicht mehr bei K\u00e4lte. Zudem ist es abriebfester geworden.<\/p>\n<p>Dann endlich! Ein Roll Top mit Au\u00dfentasche. Somit hat man endlich einen schnellen Zugriff auf Topos, Tape oder Energieriegel.<\/p>\n<p>Das Tragesystem ist etwas aufgepimpt geworden. Die Schultertr\u00e4ger sind besser gepolstert und etwas breiter geworden. So auch der H\u00fcftgurt.<\/p>\n<p>Was auch noch auff\u00e4llt. Die Umrandungsb\u00e4nder am Boden und oberen \u00d6ffnung sind h\u00f6her und weicher. Somit bleibt der Bag nicht mehr so oft an scharfen Kanten h\u00e4ngen.<\/p>\n<p>Die Aufh\u00e4ngeschlaufen sind rot und weich. So kann man den zentralen <a href=\"https:\/\/bolting.eu\/produkt-kategorie\/kletterausruestung\/kletterkarabiner\/\">Karabiner<\/a> gut einh\u00e4ngen.<\/p>\n<p>Gut gemacht Leute!<\/p>\n","protected":false},"excerpt":{"rendered":"<p>Gro\u00dfer 140 Liter Haulbag f\u00fcr Bigwalls. Weiches Polyurthane, Roll-Top mit Zipper und eine Innentasche bieten viel Platz.<\/p>\n<p>Das Tragesystem ist neu und bietet nun mehr Komfort.<\/p>\n<p>Versandkostenfrei bis 2kg in <img decoding=\"async\" class=\"emoji\" role=\"img\" draggable=\"false\" src=\"https:\/\/s.w.org\/images\/core\/emoji\/14.0.0\/svg\/1f1e6-1f1f9.svg\" alt=\"\ud83c\udde6\ud83c\uddf9\" \/> ab \u20ac 100,- und <img decoding=\"async\" class=\"emoji\" role=\"img\" draggable=\"false\" src=\"https:\/\/s.w.org\/images\/core\/emoji\/14.0.0\/svg\/1f1e9-1f1ea.svg\" alt=\"\ud83c\udde9\ud83c\uddea\" \/> ab \u20ac 200,-!<\/p>\n","protected":false},"featured_media":16972,"comment_status":"closed","ping_status":"closed","template":"","meta":[],"product_brand":[],"product_cat":[31,42,4658],"product_tag":[],"class_list":{"0":"post-16970","1":"product","2":"type-product","3":"status-publish","4":"has-post-thumbnail","6":"product_cat-big-wall-ausruestung","7":"product_cat-haulbag","8":"product_cat-black-diamond","10":"first","11":"outofstock","12":"taxable","13":"shipping-taxable","14":"purchasable","15":"product-type-simple"},"yoast_head":"<!-- This site is optimized with the Yoast SEO Premium plugin v26.9 (Yoast SEO v26.9) - https:\/\/yoast.com\/product\/yoast-seo-premium-wordpress\/ -->\n<title>Black Diamond Wall Hauler 140 | bolting.eu<\/title>\n<meta name=\"description\" content=\"Black Diamond Wall Hauler 140 beim Kletterprofi aus Innsbruck kaufen \u2705 kostenloser Versand* \u2705 14 Tage R\u00fcckgaberecht \u2705 Co2 neutraler Versand\" \/>\n<meta name=\"robots\" content=\"index, follow, max-snippet:-1, max-image-preview:large, max-video-preview:-1\" \/>\n<link rel=\"canonical\" href=\"https:\/\/bolting.eu\/en\/shop\/black-diamond-wall-hauler-140\/\" \/>\n<meta property=\"og:locale\" content=\"en_US\" \/>\n<meta property=\"og:type\" content=\"article\" \/>\n<meta property=\"og:title\" content=\"Black Diamond Wall Hauler 140\" \/>\n<meta property=\"og:description\" content=\"Black Diamond Wall Hauler 140 beim Kletterprofi aus Innsbruck kaufen \u2705 kostenloser Versand* \u2705 14 Tage R\u00fcckgaberecht \u2705 Co2 neutraler Versand\" \/>\n<meta property=\"og:url\" content=\"https:\/\/bolting.eu\/en\/shop\/black-diamond-wall-hauler-140\/\" \/>\n<meta property=\"og:site_name\" content=\"bolting.eu\" \/>\n<meta property=\"article:publisher\" content=\"https:\/\/www.facebook.com\/bolting.eu\" \/>\n<meta property=\"article:modified_time\" content=\"2024-09-25T17:08:00+00:00\" \/>\n<meta property=\"og:image\" content=\"https:\/\/bolting.eu\/wp-content\/uploads\/2023\/09\/BD-Wall-HAuler-140-2.jpg\" \/>\n\t<meta property=\"og:image:width\" content=\"700\" \/>\n\t<meta property=\"og:image:height\" content=\"700\" \/>\n\t<meta property=\"og:image:type\" content=\"image\/jpeg\" \/>\n<meta name=\"twitter:card\" content=\"summary_large_image\" \/>\n<meta name=\"twitter:label1\" content=\"Price\" \/>\n\t<meta name=\"twitter:data1\" content=\"&euro;&nbsp;250,00\" \/>\n\t<meta name=\"twitter:label2\" content=\"Availability\" \/>\n\t<meta name=\"twitter:data2\" content=\"Out of stock\" \/>\n<script type=\"application\/ld+json\" class=\"yoast-schema-graph\">{\"@context\":\"https:\/\/schema.org\",\"@graph\":[{\"@type\":[\"WebPage\",\"ItemPage\"],\"@id\":\"https:\/\/bolting.eu\/en\/shop\/black-diamond-wall-hauler-140\/\",\"url\":\"https:\/\/bolting.eu\/en\/shop\/black-diamond-wall-hauler-140\/\",\"name\":\"Black Diamond Wall Hauler 140 | bolting.eu\",\"isPartOf\":{\"@id\":\"https:\/\/bolting.eu\/en\/#website\"},\"primaryImageOfPage\":{\"@id\":\"https:\/\/bolting.eu\/en\/shop\/black-diamond-wall-hauler-140\/#primaryimage\"},\"image\":{\"@id\":\"https:\/\/bolting.eu\/en\/shop\/black-diamond-wall-hauler-140\/#primaryimage\"},\"thumbnailUrl\":\"https:\/\/bolting.eu\/wp-content\/uploads\/2023\/09\/BD-Wall-HAuler-140-2.jpg\",\"datePublished\":\"2023-09-08T15:47:26+00:00\",\"dateModified\":\"2024-09-25T17:08:00+00:00\",\"description\":\"Black Diamond Wall Hauler 140 beim Kletterprofi aus Innsbruck kaufen \u2705 kostenloser Versand* \u2705 14 Tage R\u00fcckgaberecht \u2705 Co2 neutraler Versand\",\"breadcrumb\":{\"@id\":\"https:\/\/bolting.eu\/en\/shop\/black-diamond-wall-hauler-140\/#breadcrumb\"},\"inLanguage\":\"en-US\",\"potentialAction\":[{\"@type\":\"ReadAction\",\"target\":[\"https:\/\/bolting.eu\/en\/shop\/black-diamond-wall-hauler-140\/\"]}]},{\"@type\":\"ImageObject\",\"inLanguage\":\"en-US\",\"@id\":\"https:\/\/bolting.eu\/en\/shop\/black-diamond-wall-hauler-140\/#primaryimage\",\"url\":\"https:\/\/bolting.eu\/wp-content\/uploads\/2023\/09\/BD-Wall-HAuler-140-2.jpg\",\"contentUrl\":\"https:\/\/bolting.eu\/wp-content\/uploads\/2023\/09\/BD-Wall-HAuler-140-2.jpg\",\"width\":700,\"height\":700,\"caption\":\"Grau-schwarzer Black Diamond Wall Hauler 140 Haulbag aufrecht in wei\u00dfem Quadrat.\"},{\"@type\":\"BreadcrumbList\",\"@id\":\"https:\/\/bolting.eu\/en\/shop\/black-diamond-wall-hauler-140\/#breadcrumb\",\"itemListElement\":[{\"@type\":\"ListItem\",\"position\":1,\"name\":\"Shop\",\"item\":\"https:\/\/bolting.eu\/en\/shop\/\"},{\"@type\":\"ListItem\",\"position\":2,\"name\":\"Big Wall gear\",\"item\":\"https:\/\/bolting.eu\/en\/produkt-kategorie\/big-wall-gear\/\"},{\"@type\":\"ListItem\",\"position\":3,\"name\":\"Haulbag\",\"item\":\"https:\/\/bolting.eu\/produkt-kategorie\/big-wall-ausruestung\/haulbag\/\"},{\"@type\":\"ListItem\",\"position\":4,\"name\":\"Black Diamond Wall Hauler 140\"}]},{\"@type\":\"WebSite\",\"@id\":\"https:\/\/bolting.eu\/en\/#website\",\"url\":\"https:\/\/bolting.eu\/en\/\",\"name\":\"bolting.eu\",\"description\":\"we make climbs happen\",\"publisher\":{\"@id\":\"https:\/\/bolting.eu\/en\/#organization\"},\"potentialAction\":[{\"@type\":\"SearchAction\",\"target\":{\"@type\":\"EntryPoint\",\"urlTemplate\":\"https:\/\/bolting.eu\/en\/?s={search_term_string}\"},\"query-input\":{\"@type\":\"PropertyValueSpecification\",\"valueRequired\":true,\"valueName\":\"search_term_string\"}}],\"inLanguage\":\"en-US\"},{\"@type\":[\"Organization\",\"Place\",\"SportingGoodsStore\"],\"@id\":\"https:\/\/bolting.eu\/en\/#organization\",\"name\":\"bolting.eu\",\"url\":\"https:\/\/bolting.eu\/en\/\",\"logo\":{\"@id\":\"https:\/\/bolting.eu\/en\/shop\/black-diamond-wall-hauler-140\/#local-main-organization-logo\"},\"image\":{\"@id\":\"https:\/\/bolting.eu\/en\/shop\/black-diamond-wall-hauler-140\/#local-main-organization-logo\"},\"sameAs\":[\"https:\/\/www.facebook.com\/bolting.eu\",\"https:\/\/www.instagram.com\/bolting.eu\/\"],\"address\":{\"@id\":\"https:\/\/bolting.eu\/en\/shop\/black-diamond-wall-hauler-140\/#local-main-place-address\"},\"geo\":{\"@type\":\"GeoCoordinates\",\"latitude\":\"47.264176340396226\",\"longitude\":\"11.380109057672346\"},\"telephone\":[\"+43 699 19083372\"],\"openingHoursSpecification\":[{\"@type\":\"OpeningHoursSpecification\",\"dayOfWeek\":[\"Monday\",\"Wednesday\",\"Friday\"],\"opens\":\"14:00\",\"closes\":\"18:00\"},{\"@type\":\"OpeningHoursSpecification\",\"dayOfWeek\":[\"Tuesday\",\"Thursday\",\"Saturday\",\"Sunday\"],\"opens\":\"00:00\",\"closes\":\"00:00\"}],\"email\":\"office@bolting.eu\",\"vatID\":\"ATU59999728\",\"priceRange\":\"$$\",\"currenciesAccepted\":\"Euro\"},{\"@type\":\"PostalAddress\",\"@id\":\"https:\/\/bolting.eu\/en\/shop\/black-diamond-wall-hauler-140\/#local-main-place-address\",\"streetAddress\":\"Fischnalerstra\u00dfe 4\",\"addressLocality\":\"Innsbruck\",\"postalCode\":\"6020\",\"addressRegion\":\"Tirol\",\"addressCountry\":\"AT\"},{\"@type\":\"ImageObject\",\"inLanguage\":\"en-US\",\"@id\":\"https:\/\/bolting.eu\/en\/shop\/black-diamond-wall-hauler-140\/#local-main-organization-logo\",\"url\":\"https:\/\/bolting.eu\/wp-content\/uploads\/2019\/09\/bolting-logo.png\",\"contentUrl\":\"https:\/\/bolting.eu\/wp-content\/uploads\/2019\/09\/bolting-logo.png\",\"width\":400,\"height\":211,\"caption\":\"bolting.eu\"}]}<\/script>\n<meta property=\"og:video\" content=\"https:\/\/www.youtube.com\/embed\/SDl0P9ovSpY\" \/>\n<meta property=\"og:video:type\" content=\"text\/html\" \/>\n<meta property=\"og:video:duration\" content=\"53\" \/>\n<meta property=\"og:video:width\" content=\"480\" \/>\n<meta property=\"og:video:height\" content=\"270\" \/>\n<meta property=\"ya:ovs:adult\" content=\"false\" \/>\n<meta property=\"ya:ovs:upload_date\" content=\"2023-09-08T15:47:26+00:00\" \/>\n<meta property=\"ya:ovs:allow_embed\" content=\"true\" \/>\n<meta property=\"product:price:amount\" content=\"250.00\" \/>\n<meta property=\"product:price:currency\" content=\"EUR\" \/>\n<meta property=\"og:availability\" content=\"out of stock\" \/>\n<meta property=\"product:availability\" content=\"out of stock\" \/>\n<meta property=\"product:retailer_item_id\" content=\"BD810004\" \/>\n<meta property=\"product:condition\" content=\"new\" \/>\n<meta name=\"geo.placename\" content=\"Innsbruck\" \/>\n<meta name=\"geo.position\" content=\"47.264176340396226;11.380109057672346\" \/>\n<meta name=\"geo.region\" content=\"Austria\" \/>\n<!-- \/ Yoast SEO Premium plugin. -->","yoast_head_json":{"title":"Black Diamond Wall Hauler 140 | bolting.eu","description":"Black Diamond Wall Hauler 140 beim Kletterprofi aus Innsbruck kaufen \u2705 kostenloser Versand* \u2705 14 Tage R\u00fcckgaberecht \u2705 Co2 neutraler Versand","robots":{"index":"index","follow":"follow","max-snippet":"max-snippet:-1","max-image-preview":"max-image-preview:large","max-video-preview":"max-video-preview:-1"},"canonical":"https:\/\/bolting.eu\/en\/shop\/black-diamond-wall-hauler-140\/","og_locale":"en_US","og_type":"article","og_title":"Black Diamond Wall Hauler 140","og_description":"Black Diamond Wall Hauler 140 beim Kletterprofi aus Innsbruck kaufen \u2705 kostenloser Versand* \u2705 14 Tage R\u00fcckgaberecht \u2705 Co2 neutraler Versand","og_url":"https:\/\/bolting.eu\/en\/shop\/black-diamond-wall-hauler-140\/","og_site_name":"bolting.eu","article_publisher":"https:\/\/www.facebook.com\/bolting.eu","article_modified_time":"2024-09-25T17:08:00+00:00","og_image":[{"width":700,"height":700,"url":"https:\/\/bolting.eu\/wp-content\/uploads\/2023\/09\/BD-Wall-HAuler-140-2.jpg","type":"image\/jpeg"}],"twitter_card":"summary_large_image","twitter_misc":{"Price":"&euro;&nbsp;250,00","Availability":"Out of stock"},"schema":{"@context":"https:\/\/schema.org","@graph":[{"@type":["WebPage","ItemPage"],"@id":"https:\/\/bolting.eu\/en\/shop\/black-diamond-wall-hauler-140\/","url":"https:\/\/bolting.eu\/en\/shop\/black-diamond-wall-hauler-140\/","name":"Black Diamond Wall Hauler 140 | bolting.eu","isPartOf":{"@id":"https:\/\/bolting.eu\/en\/#website"},"primaryImageOfPage":{"@id":"https:\/\/bolting.eu\/en\/shop\/black-diamond-wall-hauler-140\/#primaryimage"},"image":{"@id":"https:\/\/bolting.eu\/en\/shop\/black-diamond-wall-hauler-140\/#primaryimage"},"thumbnailUrl":"https:\/\/bolting.eu\/wp-content\/uploads\/2023\/09\/BD-Wall-HAuler-140-2.jpg","datePublished":"2023-09-08T15:47:26+00:00","dateModified":"2024-09-25T17:08:00+00:00","description":"Black Diamond Wall Hauler 140 beim Kletterprofi aus Innsbruck kaufen \u2705 kostenloser Versand* \u2705 14 Tage R\u00fcckgaberecht \u2705 Co2 neutraler Versand","breadcrumb":{"@id":"https:\/\/bolting.eu\/en\/shop\/black-diamond-wall-hauler-140\/#breadcrumb"},"inLanguage":"en-US","potentialAction":[{"@type":"ReadAction","target":["https:\/\/bolting.eu\/en\/shop\/black-diamond-wall-hauler-140\/"]}]},{"@type":"ImageObject","inLanguage":"en-US","@id":"https:\/\/bolting.eu\/en\/shop\/black-diamond-wall-hauler-140\/#primaryimage","url":"https:\/\/bolting.eu\/wp-content\/uploads\/2023\/09\/BD-Wall-HAuler-140-2.jpg","contentUrl":"https:\/\/bolting.eu\/wp-content\/uploads\/2023\/09\/BD-Wall-HAuler-140-2.jpg","width":700,"height":700,"caption":"Grau-schwarzer Black Diamond Wall Hauler 140 Haulbag aufrecht in wei\u00dfem Quadrat."},{"@type":"BreadcrumbList","@id":"https:\/\/bolting.eu\/en\/shop\/black-diamond-wall-hauler-140\/#breadcrumb","itemListElement":[{"@type":"ListItem","position":1,"name":"Shop","item":"https:\/\/bolting.eu\/en\/shop\/"},{"@type":"ListItem","position":2,"name":"Big Wall gear","item":"https:\/\/bolting.eu\/en\/produkt-kategorie\/big-wall-gear\/"},{"@type":"ListItem","position":3,"name":"Haulbag","item":"https:\/\/bolting.eu\/produkt-kategorie\/big-wall-ausruestung\/haulbag\/"},{"@type":"ListItem","position":4,"name":"Black Diamond Wall Hauler 140"}]},{"@type":"WebSite","@id":"https:\/\/bolting.eu\/en\/#website","url":"https:\/\/bolting.eu\/en\/","name":"bolting.eu","description":"we make climbs happen","publisher":{"@id":"https:\/\/bolting.eu\/en\/#organization"},"potentialAction":[{"@type":"SearchAction","target":{"@type":"EntryPoint","urlTemplate":"https:\/\/bolting.eu\/en\/?s={search_term_string}"},"query-input":{"@type":"PropertyValueSpecification","valueRequired":true,"valueName":"search_term_string"}}],"inLanguage":"en-US"},{"@type":["Organization","Place","SportingGoodsStore"],"@id":"https:\/\/bolting.eu\/en\/#organization","name":"bolting.eu","url":"https:\/\/bolting.eu\/en\/","logo":{"@id":"https:\/\/bolting.eu\/en\/shop\/black-diamond-wall-hauler-140\/#local-main-organization-logo"},"image":{"@id":"https:\/\/bolting.eu\/en\/shop\/black-diamond-wall-hauler-140\/#local-main-organization-logo"},"sameAs":["https:\/\/www.facebook.com\/bolting.eu","https:\/\/www.instagram.com\/bolting.eu\/"],"address":{"@id":"https:\/\/bolting.eu\/en\/shop\/black-diamond-wall-hauler-140\/#local-main-place-address"},"geo":{"@type":"GeoCoordinates","latitude":"47.264176340396226","longitude":"11.380109057672346"},"telephone":["+43 699 19083372"],"openingHoursSpecification":[{"@type":"OpeningHoursSpecification","dayOfWeek":["Monday","Wednesday","Friday"],"opens":"14:00","closes":"18:00"},{"@type":"OpeningHoursSpecification","dayOfWeek":["Tuesday","Thursday","Saturday","Sunday"],"opens":"00:00","closes":"00:00"}],"email":"office@bolting.eu","vatID":"ATU59999728","priceRange":"$$","currenciesAccepted":"Euro"},{"@type":"PostalAddress","@id":"https:\/\/bolting.eu\/en\/shop\/black-diamond-wall-hauler-140\/#local-main-place-address","streetAddress":"Fischnalerstra\u00dfe 4","addressLocality":"Innsbruck","postalCode":"6020","addressRegion":"Tirol","addressCountry":"AT"},{"@type":"ImageObject","inLanguage":"en-US","@id":"https:\/\/bolting.eu\/en\/shop\/black-diamond-wall-hauler-140\/#local-main-organization-logo","url":"https:\/\/bolting.eu\/wp-content\/uploads\/2019\/09\/bolting-logo.png","contentUrl":"https:\/\/bolting.eu\/wp-content\/uploads\/2019\/09\/bolting-logo.png","width":400,"height":211,"caption":"bolting.eu"}]},"og_video":"https:\/\/www.youtube.com\/embed\/SDl0P9ovSpY","og_video_type":"text\/html","og_video_duration":"53","og_video_width":"480","og_video_height":"270","ya_ovs_adult":"false","ya_ovs_upload_date":"2023-09-08T15:47:26+00:00","ya_ovs_allow_embed":"true","product_price_amount":"250.00","product_price_currency":"EUR","og_availability":"out of stock","product_availability":"out of stock","product_retailer_item_id":"BD810004","product_condition":"new","geo.placename":"Innsbruck","geo.position":{"lat":"47.264176340396226","long":"11.380109057672346"},"geo.region":"Austria"},"_links":{"self":[{"href":"https:\/\/bolting.eu\/en\/wp-json\/wp\/v2\/product\/16970","targetHints":{"allow":["GET"]}}],"collection":[{"href":"https:\/\/bolting.eu\/en\/wp-json\/wp\/v2\/product"}],"about":[{"href":"https:\/\/bolting.eu\/en\/wp-json\/wp\/v2\/types\/product"}],"replies":[{"embeddable":true,"href":"https:\/\/bolting.eu\/en\/wp-json\/wp\/v2\/comments?post=16970"}],"wp:featuredmedia":[{"embeddable":true,"href":"https:\/\/bolting.eu\/en\/wp-json\/wp\/v2\/media\/16972"}],"wp:attachment":[{"href":"https:\/\/bolting.eu\/en\/wp-json\/wp\/v2\/media?parent=16970"}],"wp:term":[{"taxonomy":"product_brand","embeddable":true,"href":"https:\/\/bolting.eu\/en\/wp-json\/wp\/v2\/product_brand?post=16970"},{"taxonomy":"product_cat","embeddable":true,"href":"https:\/\/bolting.eu\/en\/wp-json\/wp\/v2\/product_cat?post=16970"},{"taxonomy":"product_tag","embeddable":true,"href":"https:\/\/bolting.eu\/en\/wp-json\/wp\/v2\/product_tag?post=16970"}],"curies":[{"name":"wp","href":"https:\/\/api.w.org\/{rel}","templated":true}]}}