{"id":16969,"date":"2023-09-08T17:02:03","date_gmt":"2023-09-08T15:02:03","guid":{"rendered":"https:\/\/bolting.eu\/?post_type=product&#038;p=16969"},"modified":"2026-02-05T09:59:21","modified_gmt":"2026-02-05T08:59:21","slug":"black-diamond-wall-hauler-40","status":"publish","type":"product","link":"https:\/\/bolting.eu\/en\/shop\/black-diamond-wall-hauler-40\/","title":{"rendered":"Black Diamond Wall Hauler 40"},"content":{"rendered":"<p>Der Wall Hauler 40 von Black Diamond ist ein kleiner, vielseitiger Bag. Er ist die Weiterentwicklung des Stubby Haulbag auf den Markt gekommen.<\/p>\n<p>Bei der neuen Serie hat man viele Unzul\u00e4nglichkeiten der alten Modelle beseitigt.<\/p>\n<p>Herausgekommen ist ein richtig gutes Produkt. Es eignet sich sowohl f\u00fcr den Alltagsgebrauch als unverw\u00fcstlicher <a href=\"https:\/\/bolting.eu\/produkt-kategorie\/kletterausruestung\/kletterrucksack\/\">Kletterrucksack<\/a>. Als auch als Bag zum Nachziehen bei schweren Mehrseill\u00e4ngen. Bei Big Walls kann er als zus\u00e4tzlicher Bag f\u00fcr den Tagesbedarf verwendet werden.<\/p>\n<p>Kurzum. Ein Modell f\u00fcr Spezialisten und Mehrseill\u00e4ngen Crusher!<\/p>\n<h2>Eigenschaften Wall Hauler 40<\/h2>\n<ul>\n<li>Hersteller: <a href=\"https:\/\/bolting.eu\/produkt-kategorie\/black-diamond\/\">Black Diamond<\/a><\/li>\n<li>Material: TPU (thermoplastisches Polyurethane), Alu, Polyamid<\/li>\n<li>Volumen: 40 Liter<\/li>\n<li>Gewicht: 2000 Gramm<\/li>\n<li>extrem abriebfest<\/li>\n<li>Roll-Top mit Klettverschluss<\/li>\n<li>Au\u00dfentasche mit Zip im Roll-Top<\/li>\n<li>Innentasche mit Zip<\/li>\n<li>S-f\u00f6rmige, gepolsterte Schultertr\u00e4ger (verstaubar)<\/li>\n<li>Brustschnalle<\/li>\n<li>gepolseterter H\u00fcftgurt (abnehmbar)<\/li>\n<li>verschieden lange Aufh\u00e4ngeschlaufen<\/li>\n<li>weiche Rundb\u00e4nder am Boden und Top um nicht an Felskanten h\u00e4ngen zu bleiben<\/li>\n<\/ul>\n<h3>Produktvideo<\/h3>\n<p>Im Folgenden stellt euch BD die Serie an neuen Bag selber vor.<\/p>\n<p><iframe loading=\"lazy\" title=\"Black Diamond Haulbags\u2014New For Spring 2023\" width=\"1020\" height=\"574\" src=\"https:\/\/www.youtube.com\/embed\/SDl0P9ovSpY?feature=oembed\" frameborder=\"0\" allow=\"accelerometer; autoplay; clipboard-write; encrypted-media; gyroscope; picture-in-picture; web-share\" referrerpolicy=\"strict-origin-when-cross-origin\" allowfullscreen><\/iframe><\/p>\n<p>&nbsp;<\/p>\n<h3>Alte Schw\u00e4chen ausgebessert!<\/h3>\n<p>Bei dem neuen 40 Liter Wall Hauler hat Black Diamond die Schw\u00e4chen der alten Bags ausgebessert.<\/p>\n<p>Allen voran ist das TPU Material nun wesentlich weicher und unempfindlicher bei K\u00e4lte. D.h. es wird nicht so steif und bricht weniger schnell, wenn es deutlich unter 0\u00b0C hat.<\/p>\n<p>Dann gibt es endlich ein Roll Top und darauf eine Au\u00dfentasche mit Zip. Somit kann man au\u00dfen wichtige Dinge verstauen wie <a href=\"https:\/\/bolting.eu\/produkt-kategorie\/kletterausruestung\/kletterfuehrer\/\">Kletterf\u00fchrer<\/a>, Stirnlampe, <a href=\"https:\/\/bolting.eu\/shop\/klettertape-weiss-austrialpin\/\">Klettertape<\/a> oder <a href=\"https:\/\/bolting.eu\/shop\/ocun-crack-gloves\/\">Risskletterhandschuhe<\/a>.<\/p>\n<p>Als letzter wichtiger Punkt wurden die Rundb\u00e4nder weicher gemacht. D.h. das breite, schwarze Bandmaterial rund um den Boden bzw. die obere \u00d6ffnung. Hier waren sie sehr steif bei den alten Modellen und blieben folglich oft an Felskanten h\u00e4ngen. Nun gleiten sie leichter \u00fcber scharfe Kanten.<\/p>\n<h3>Wall Hauler 40 &#8211; Einsatz im Alltag<\/h3>\n<p>Der Bag ist dank des kleinen Volumens gut im Alltag zu gebrauchen. Er ist ein gro\u00dfer &#8220;Rucksack&#8221; der durch das TPU Material quasi unzerst\u00f6rbar ist.<\/p>\n<p>Folglich ist dieses Modell etwas f\u00fcr alle, die einen solchen langlebigen Bag haben wollen. Durch das Roll-Top ist er dann sehr gut zu be- und entladen. Wie z.B. bei oftmaligen Hallen Besuchen oder Dauerbesuch im Klettergarten.<\/p>\n<p>Es passen Schuhe, Gurt, Seil, Expressen und <a href=\"https:\/\/bolting.eu\/produkt-kategorie\/kletterausruestung\/sicherungsgeraete-klettern\/\">Sicherungsger\u00e4t<\/a> ebenso hinein, wie eine Trinkflasche und Jacke.<\/p>\n<h3>Einsatz bei Mehrseill\u00e4ngen<\/h3>\n<p>Der Name sagt es bereits. Wall Hauler 40. Das Modell kann bei schweren Mehrseill\u00e4ngen genau das richtige Produkt sein.<\/p>\n<p>Denn man kann den Bag perfekt die Wand entlang nach oben hieven. Das Klettern selbst kann dadurch mit so wenig Ausr\u00fcstung wie m\u00f6glich erfolgen. Oder anders ausgedr\u00fcckt. Man kann so leicht wie m\u00f6glich klettern. Die weitere Ausr\u00fcstung holt man in der Regel mit einer &#8220;tag line&#8221; und <a href=\"https:\/\/bolting.eu\/shop\/petzl-micro-traxion-seilrolle-mit-ruecklaufsperre\/\">Micro Traxion<\/a> bzw. <a href=\"https:\/\/bolting.eu\/shop\/petzl-nano-traxion\/\">Nano Traxion<\/a> nach.<\/p>\n<p>Das macht in der Regel der Nachsteiger, der Bag wird nur mehr mit <a href=\"https:\/\/bolting.eu\/shop\/cassin-fifi-hook-aluminium\/\">Fifi Hook<\/a> im Stand gesichert. Der h\u00e4ngt sich beim Nachziehen selber aus.<\/p>\n<p>Unser Tipp. Unbedingt Plastik Wasserflasche \u00fcber den Befestigungsknoten stecken und fixieren!<\/p>\n<h3>Verwendung bei Big Walls<\/h3>\n<p>Bei Big Walls ist der 40 Liter Black Diamond Haul Bag auch handy. Entweder man h\u00e4ngt ihn ggf. als &#8220;additional&#8221; Bag unten an einen gro\u00dfen.<\/p>\n<p>Oder man nutzt ihn um beim Auskundschaften Material an strategisch wichtigen Punkten zu deponieren. D.h. sogenannte &#8220;stashes&#8221; zu machen. Wie z.B. in der Salath\u00e9 Wall am &#8220;Heart Ledge&#8221; oder &#8220;El Cap Spire&#8221;.<\/p>\n<p>Bei diesem Volumen passen einige Flaschen Wasser, Essen und Bekleidung oder Ausr\u00fcstung wie ein 6er <a href=\"https:\/\/bolting.eu\/shop\/black-diamond-camalots\/\">Camalot<\/a> hinein.<\/p>\n","protected":false},"excerpt":{"rendered":"<p>Kleiner, vielseitiger Haulbag mit 40 Litern. F\u00fcr Mehrseill\u00e4ngen, Bigwalls oder als extrem langlebiger Kletterrucksack.<\/p>\n<p>Verbesserte neue Serie mit innovativen Features und Materialien.<\/p>\n<p>Versandkostenfrei bis 2kg in <img decoding=\"async\" class=\"emoji\" role=\"img\" draggable=\"false\" src=\"https:\/\/s.w.org\/images\/core\/emoji\/14.0.0\/svg\/1f1e6-1f1f9.svg\" alt=\"\ud83c\udde6\ud83c\uddf9\" \/> ab \u20ac 100,- und <img decoding=\"async\" class=\"emoji\" role=\"img\" draggable=\"false\" src=\"https:\/\/s.w.org\/images\/core\/emoji\/14.0.0\/svg\/1f1e9-1f1ea.svg\" alt=\"\ud83c\udde9\ud83c\uddea\" \/> ab \u20ac 200,-!<\/p>\n","protected":false},"featured_media":16974,"comment_status":"closed","ping_status":"closed","template":"","meta":[],"product_brand":[],"product_cat":[29,31,42,4658,4809],"product_tag":[],"class_list":{"0":"post-16969","1":"product","2":"type-product","3":"status-publish","4":"has-post-thumbnail","6":"product_cat-kletterausruestung","7":"product_cat-big-wall-ausruestung","8":"product_cat-haulbag","9":"product_cat-black-diamond","10":"product_cat-kletterrucksack","12":"first","13":"instock","14":"sale","15":"taxable","16":"shipping-taxable","17":"purchasable","18":"product-type-simple"},"yoast_head":"<!-- This site is optimized with the Yoast SEO Premium plugin v26.9 (Yoast SEO v26.9) - https:\/\/yoast.com\/product\/yoast-seo-premium-wordpress\/ -->\n<title>Black Diamond Wall Hauler 40 | bolting.eu<\/title>\n<meta name=\"description\" content=\"Black Diamond Wall Hauler 40 beim Kletterprofi aus Innsbruck Tirol kaufen \u2705 kostenloser Versand* \u2705 14 Tage R\u00fcckgaberecht \u2705 Co2 neutraler Versand\" \/>\n<meta name=\"robots\" content=\"index, follow, max-snippet:-1, max-image-preview:large, max-video-preview:-1\" \/>\n<link rel=\"canonical\" href=\"https:\/\/bolting.eu\/en\/shop\/black-diamond-wall-hauler-40\/\" \/>\n<meta property=\"og:locale\" content=\"en_US\" \/>\n<meta property=\"og:type\" content=\"article\" \/>\n<meta property=\"og:title\" content=\"Black Diamond Wall Hauler 40\" \/>\n<meta property=\"og:description\" content=\"Black Diamond Wall Hauler 40 beim Kletterprofi aus Innsbruck Tirol kaufen \u2705 kostenloser Versand* \u2705 14 Tage R\u00fcckgaberecht \u2705 Co2 neutraler Versand\" \/>\n<meta property=\"og:url\" content=\"https:\/\/bolting.eu\/en\/shop\/black-diamond-wall-hauler-40\/\" \/>\n<meta property=\"og:site_name\" content=\"bolting.eu\" \/>\n<meta property=\"article:publisher\" content=\"https:\/\/www.facebook.com\/bolting.eu\" \/>\n<meta property=\"article:modified_time\" content=\"2026-02-05T08:59:21+00:00\" \/>\n<meta property=\"og:image\" content=\"https:\/\/bolting.eu\/wp-content\/uploads\/2023\/09\/BD-Wall-HAuler-40-1.jpg\" \/>\n\t<meta property=\"og:image:width\" content=\"700\" \/>\n\t<meta property=\"og:image:height\" content=\"700\" \/>\n\t<meta property=\"og:image:type\" content=\"image\/jpeg\" \/>\n<meta name=\"twitter:card\" content=\"summary_large_image\" \/>\n<meta name=\"twitter:label1\" content=\"Price\" \/>\n\t<meta name=\"twitter:data1\" content=\"&euro;&nbsp;140,00\" \/>\n\t<meta name=\"twitter:label2\" content=\"Availability\" \/>\n\t<meta name=\"twitter:data2\" content=\"In stock\" \/>\n<script type=\"application\/ld+json\" class=\"yoast-schema-graph\">{\"@context\":\"https:\/\/schema.org\",\"@graph\":[{\"@type\":[\"WebPage\",\"ItemPage\"],\"@id\":\"https:\/\/bolting.eu\/en\/shop\/black-diamond-wall-hauler-40\/\",\"url\":\"https:\/\/bolting.eu\/en\/shop\/black-diamond-wall-hauler-40\/\",\"name\":\"Black Diamond Wall Hauler 40 | bolting.eu\",\"isPartOf\":{\"@id\":\"https:\/\/bolting.eu\/en\/#website\"},\"primaryImageOfPage\":{\"@id\":\"https:\/\/bolting.eu\/en\/shop\/black-diamond-wall-hauler-40\/#primaryimage\"},\"image\":{\"@id\":\"https:\/\/bolting.eu\/en\/shop\/black-diamond-wall-hauler-40\/#primaryimage\"},\"thumbnailUrl\":\"https:\/\/bolting.eu\/wp-content\/uploads\/2023\/09\/BD-Wall-HAuler-40-1.jpg\",\"datePublished\":\"2023-09-08T15:02:03+00:00\",\"dateModified\":\"2026-02-05T08:59:21+00:00\",\"description\":\"Black Diamond Wall Hauler 40 beim Kletterprofi aus Innsbruck Tirol kaufen \u2705 kostenloser Versand* \u2705 14 Tage R\u00fcckgaberecht \u2705 Co2 neutraler Versand\",\"breadcrumb\":{\"@id\":\"https:\/\/bolting.eu\/en\/shop\/black-diamond-wall-hauler-40\/#breadcrumb\"},\"inLanguage\":\"en-US\",\"potentialAction\":[{\"@type\":\"ReadAction\",\"target\":[\"https:\/\/bolting.eu\/en\/shop\/black-diamond-wall-hauler-40\/\"]}]},{\"@type\":\"ImageObject\",\"inLanguage\":\"en-US\",\"@id\":\"https:\/\/bolting.eu\/en\/shop\/black-diamond-wall-hauler-40\/#primaryimage\",\"url\":\"https:\/\/bolting.eu\/wp-content\/uploads\/2023\/09\/BD-Wall-HAuler-40-1.jpg\",\"contentUrl\":\"https:\/\/bolting.eu\/wp-content\/uploads\/2023\/09\/BD-Wall-HAuler-40-1.jpg\",\"width\":700,\"height\":700,\"caption\":\"Grau-schwarzer Black Diamond Wall Hauler 40 Haulbag aufrecht in wei\u00dfem Quadrat.\"},{\"@type\":\"BreadcrumbList\",\"@id\":\"https:\/\/bolting.eu\/en\/shop\/black-diamond-wall-hauler-40\/#breadcrumb\",\"itemListElement\":[{\"@type\":\"ListItem\",\"position\":1,\"name\":\"Shop\",\"item\":\"https:\/\/bolting.eu\/en\/shop\/\"},{\"@type\":\"ListItem\",\"position\":2,\"name\":\"Big Wall gear\",\"item\":\"https:\/\/bolting.eu\/en\/produkt-kategorie\/big-wall-gear\/\"},{\"@type\":\"ListItem\",\"position\":3,\"name\":\"Haulbag\",\"item\":\"https:\/\/bolting.eu\/produkt-kategorie\/big-wall-ausruestung\/haulbag\/\"},{\"@type\":\"ListItem\",\"position\":4,\"name\":\"Black Diamond Wall Hauler 40\"}]},{\"@type\":\"WebSite\",\"@id\":\"https:\/\/bolting.eu\/en\/#website\",\"url\":\"https:\/\/bolting.eu\/en\/\",\"name\":\"bolting.eu\",\"description\":\"we make climbs happen\",\"publisher\":{\"@id\":\"https:\/\/bolting.eu\/en\/#organization\"},\"potentialAction\":[{\"@type\":\"SearchAction\",\"target\":{\"@type\":\"EntryPoint\",\"urlTemplate\":\"https:\/\/bolting.eu\/en\/?s={search_term_string}\"},\"query-input\":{\"@type\":\"PropertyValueSpecification\",\"valueRequired\":true,\"valueName\":\"search_term_string\"}}],\"inLanguage\":\"en-US\"},{\"@type\":[\"Organization\",\"Place\",\"SportingGoodsStore\"],\"@id\":\"https:\/\/bolting.eu\/en\/#organization\",\"name\":\"bolting.eu\",\"url\":\"https:\/\/bolting.eu\/en\/\",\"logo\":{\"@id\":\"https:\/\/bolting.eu\/en\/shop\/black-diamond-wall-hauler-40\/#local-main-organization-logo\"},\"image\":{\"@id\":\"https:\/\/bolting.eu\/en\/shop\/black-diamond-wall-hauler-40\/#local-main-organization-logo\"},\"sameAs\":[\"https:\/\/www.facebook.com\/bolting.eu\",\"https:\/\/www.instagram.com\/bolting.eu\/\"],\"address\":{\"@id\":\"https:\/\/bolting.eu\/en\/shop\/black-diamond-wall-hauler-40\/#local-main-place-address\"},\"geo\":{\"@type\":\"GeoCoordinates\",\"latitude\":\"47.264176340396226\",\"longitude\":\"11.380109057672346\"},\"telephone\":[\"+43 699 19083372\"],\"openingHoursSpecification\":[{\"@type\":\"OpeningHoursSpecification\",\"dayOfWeek\":[\"Monday\",\"Wednesday\",\"Friday\"],\"opens\":\"14:00\",\"closes\":\"18:00\"},{\"@type\":\"OpeningHoursSpecification\",\"dayOfWeek\":[\"Tuesday\",\"Thursday\",\"Saturday\",\"Sunday\"],\"opens\":\"00:00\",\"closes\":\"00:00\"}],\"email\":\"office@bolting.eu\",\"vatID\":\"ATU59999728\",\"priceRange\":\"$$\",\"currenciesAccepted\":\"Euro\"},{\"@type\":\"PostalAddress\",\"@id\":\"https:\/\/bolting.eu\/en\/shop\/black-diamond-wall-hauler-40\/#local-main-place-address\",\"streetAddress\":\"Fischnalerstra\u00dfe 4\",\"addressLocality\":\"Innsbruck\",\"postalCode\":\"6020\",\"addressRegion\":\"Tirol\",\"addressCountry\":\"AT\"},{\"@type\":\"ImageObject\",\"inLanguage\":\"en-US\",\"@id\":\"https:\/\/bolting.eu\/en\/shop\/black-diamond-wall-hauler-40\/#local-main-organization-logo\",\"url\":\"https:\/\/bolting.eu\/wp-content\/uploads\/2019\/09\/bolting-logo.png\",\"contentUrl\":\"https:\/\/bolting.eu\/wp-content\/uploads\/2019\/09\/bolting-logo.png\",\"width\":400,\"height\":211,\"caption\":\"bolting.eu\"}]}<\/script>\n<meta property=\"og:video\" content=\"https:\/\/www.youtube.com\/embed\/SDl0P9ovSpY\" \/>\n<meta property=\"og:video:type\" content=\"text\/html\" \/>\n<meta property=\"og:video:duration\" content=\"53\" \/>\n<meta property=\"og:video:width\" content=\"480\" \/>\n<meta property=\"og:video:height\" content=\"270\" \/>\n<meta property=\"ya:ovs:adult\" content=\"false\" \/>\n<meta property=\"ya:ovs:upload_date\" content=\"2023-09-08T15:02:03+00:00\" \/>\n<meta property=\"ya:ovs:allow_embed\" content=\"true\" \/>\n<meta property=\"product:price:amount\" content=\"140.00\" \/>\n<meta property=\"product:price:currency\" content=\"EUR\" \/>\n<meta property=\"og:availability\" content=\"instock\" \/>\n<meta property=\"product:availability\" content=\"instock\" \/>\n<meta property=\"product:retailer_item_id\" content=\"BD810003\" \/>\n<meta property=\"product:condition\" content=\"new\" \/>\n<meta name=\"geo.placename\" content=\"Innsbruck\" \/>\n<meta name=\"geo.position\" content=\"47.264176340396226;11.380109057672346\" \/>\n<meta name=\"geo.region\" content=\"Austria\" \/>\n<!-- \/ Yoast SEO Premium plugin. -->","yoast_head_json":{"title":"Black Diamond Wall Hauler 40 | bolting.eu","description":"Black Diamond Wall Hauler 40 beim Kletterprofi aus Innsbruck Tirol kaufen \u2705 kostenloser Versand* \u2705 14 Tage R\u00fcckgaberecht \u2705 Co2 neutraler Versand","robots":{"index":"index","follow":"follow","max-snippet":"max-snippet:-1","max-image-preview":"max-image-preview:large","max-video-preview":"max-video-preview:-1"},"canonical":"https:\/\/bolting.eu\/en\/shop\/black-diamond-wall-hauler-40\/","og_locale":"en_US","og_type":"article","og_title":"Black Diamond Wall Hauler 40","og_description":"Black Diamond Wall Hauler 40 beim Kletterprofi aus Innsbruck Tirol kaufen \u2705 kostenloser Versand* \u2705 14 Tage R\u00fcckgaberecht \u2705 Co2 neutraler Versand","og_url":"https:\/\/bolting.eu\/en\/shop\/black-diamond-wall-hauler-40\/","og_site_name":"bolting.eu","article_publisher":"https:\/\/www.facebook.com\/bolting.eu","article_modified_time":"2026-02-05T08:59:21+00:00","og_image":[{"width":700,"height":700,"url":"https:\/\/bolting.eu\/wp-content\/uploads\/2023\/09\/BD-Wall-HAuler-40-1.jpg","type":"image\/jpeg"}],"twitter_card":"summary_large_image","twitter_misc":{"Price":"&euro;&nbsp;140,00","Availability":"In stock"},"schema":{"@context":"https:\/\/schema.org","@graph":[{"@type":["WebPage","ItemPage"],"@id":"https:\/\/bolting.eu\/en\/shop\/black-diamond-wall-hauler-40\/","url":"https:\/\/bolting.eu\/en\/shop\/black-diamond-wall-hauler-40\/","name":"Black Diamond Wall Hauler 40 | bolting.eu","isPartOf":{"@id":"https:\/\/bolting.eu\/en\/#website"},"primaryImageOfPage":{"@id":"https:\/\/bolting.eu\/en\/shop\/black-diamond-wall-hauler-40\/#primaryimage"},"image":{"@id":"https:\/\/bolting.eu\/en\/shop\/black-diamond-wall-hauler-40\/#primaryimage"},"thumbnailUrl":"https:\/\/bolting.eu\/wp-content\/uploads\/2023\/09\/BD-Wall-HAuler-40-1.jpg","datePublished":"2023-09-08T15:02:03+00:00","dateModified":"2026-02-05T08:59:21+00:00","description":"Black Diamond Wall Hauler 40 beim Kletterprofi aus Innsbruck Tirol kaufen \u2705 kostenloser Versand* \u2705 14 Tage R\u00fcckgaberecht \u2705 Co2 neutraler Versand","breadcrumb":{"@id":"https:\/\/bolting.eu\/en\/shop\/black-diamond-wall-hauler-40\/#breadcrumb"},"inLanguage":"en-US","potentialAction":[{"@type":"ReadAction","target":["https:\/\/bolting.eu\/en\/shop\/black-diamond-wall-hauler-40\/"]}]},{"@type":"ImageObject","inLanguage":"en-US","@id":"https:\/\/bolting.eu\/en\/shop\/black-diamond-wall-hauler-40\/#primaryimage","url":"https:\/\/bolting.eu\/wp-content\/uploads\/2023\/09\/BD-Wall-HAuler-40-1.jpg","contentUrl":"https:\/\/bolting.eu\/wp-content\/uploads\/2023\/09\/BD-Wall-HAuler-40-1.jpg","width":700,"height":700,"caption":"Grau-schwarzer Black Diamond Wall Hauler 40 Haulbag aufrecht in wei\u00dfem Quadrat."},{"@type":"BreadcrumbList","@id":"https:\/\/bolting.eu\/en\/shop\/black-diamond-wall-hauler-40\/#breadcrumb","itemListElement":[{"@type":"ListItem","position":1,"name":"Shop","item":"https:\/\/bolting.eu\/en\/shop\/"},{"@type":"ListItem","position":2,"name":"Big Wall gear","item":"https:\/\/bolting.eu\/en\/produkt-kategorie\/big-wall-gear\/"},{"@type":"ListItem","position":3,"name":"Haulbag","item":"https:\/\/bolting.eu\/produkt-kategorie\/big-wall-ausruestung\/haulbag\/"},{"@type":"ListItem","position":4,"name":"Black Diamond Wall Hauler 40"}]},{"@type":"WebSite","@id":"https:\/\/bolting.eu\/en\/#website","url":"https:\/\/bolting.eu\/en\/","name":"bolting.eu","description":"we make climbs happen","publisher":{"@id":"https:\/\/bolting.eu\/en\/#organization"},"potentialAction":[{"@type":"SearchAction","target":{"@type":"EntryPoint","urlTemplate":"https:\/\/bolting.eu\/en\/?s={search_term_string}"},"query-input":{"@type":"PropertyValueSpecification","valueRequired":true,"valueName":"search_term_string"}}],"inLanguage":"en-US"},{"@type":["Organization","Place","SportingGoodsStore"],"@id":"https:\/\/bolting.eu\/en\/#organization","name":"bolting.eu","url":"https:\/\/bolting.eu\/en\/","logo":{"@id":"https:\/\/bolting.eu\/en\/shop\/black-diamond-wall-hauler-40\/#local-main-organization-logo"},"image":{"@id":"https:\/\/bolting.eu\/en\/shop\/black-diamond-wall-hauler-40\/#local-main-organization-logo"},"sameAs":["https:\/\/www.facebook.com\/bolting.eu","https:\/\/www.instagram.com\/bolting.eu\/"],"address":{"@id":"https:\/\/bolting.eu\/en\/shop\/black-diamond-wall-hauler-40\/#local-main-place-address"},"geo":{"@type":"GeoCoordinates","latitude":"47.264176340396226","longitude":"11.380109057672346"},"telephone":["+43 699 19083372"],"openingHoursSpecification":[{"@type":"OpeningHoursSpecification","dayOfWeek":["Monday","Wednesday","Friday"],"opens":"14:00","closes":"18:00"},{"@type":"OpeningHoursSpecification","dayOfWeek":["Tuesday","Thursday","Saturday","Sunday"],"opens":"00:00","closes":"00:00"}],"email":"office@bolting.eu","vatID":"ATU59999728","priceRange":"$$","currenciesAccepted":"Euro"},{"@type":"PostalAddress","@id":"https:\/\/bolting.eu\/en\/shop\/black-diamond-wall-hauler-40\/#local-main-place-address","streetAddress":"Fischnalerstra\u00dfe 4","addressLocality":"Innsbruck","postalCode":"6020","addressRegion":"Tirol","addressCountry":"AT"},{"@type":"ImageObject","inLanguage":"en-US","@id":"https:\/\/bolting.eu\/en\/shop\/black-diamond-wall-hauler-40\/#local-main-organization-logo","url":"https:\/\/bolting.eu\/wp-content\/uploads\/2019\/09\/bolting-logo.png","contentUrl":"https:\/\/bolting.eu\/wp-content\/uploads\/2019\/09\/bolting-logo.png","width":400,"height":211,"caption":"bolting.eu"}]},"og_video":"https:\/\/www.youtube.com\/embed\/SDl0P9ovSpY","og_video_type":"text\/html","og_video_duration":"53","og_video_width":"480","og_video_height":"270","ya_ovs_adult":"false","ya_ovs_upload_date":"2023-09-08T15:02:03+00:00","ya_ovs_allow_embed":"true","product_price_amount":"140.00","product_price_currency":"EUR","og_availability":"instock","product_availability":"instock","product_retailer_item_id":"BD810003","product_condition":"new","geo.placename":"Innsbruck","geo.position":{"lat":"47.264176340396226","long":"11.380109057672346"},"geo.region":"Austria"},"_links":{"self":[{"href":"https:\/\/bolting.eu\/en\/wp-json\/wp\/v2\/product\/16969","targetHints":{"allow":["GET"]}}],"collection":[{"href":"https:\/\/bolting.eu\/en\/wp-json\/wp\/v2\/product"}],"about":[{"href":"https:\/\/bolting.eu\/en\/wp-json\/wp\/v2\/types\/product"}],"replies":[{"embeddable":true,"href":"https:\/\/bolting.eu\/en\/wp-json\/wp\/v2\/comments?post=16969"}],"wp:featuredmedia":[{"embeddable":true,"href":"https:\/\/bolting.eu\/en\/wp-json\/wp\/v2\/media\/16974"}],"wp:attachment":[{"href":"https:\/\/bolting.eu\/en\/wp-json\/wp\/v2\/media?parent=16969"}],"wp:term":[{"taxonomy":"product_brand","embeddable":true,"href":"https:\/\/bolting.eu\/en\/wp-json\/wp\/v2\/product_brand?post=16969"},{"taxonomy":"product_cat","embeddable":true,"href":"https:\/\/bolting.eu\/en\/wp-json\/wp\/v2\/product_cat?post=16969"},{"taxonomy":"product_tag","embeddable":true,"href":"https:\/\/bolting.eu\/en\/wp-json\/wp\/v2\/product_tag?post=16969"}],"curies":[{"name":"wp","href":"https:\/\/api.w.org\/{rel}","templated":true}]}}