{"id":16934,"date":"2023-09-07T10:06:52","date_gmt":"2023-09-07T08:06:52","guid":{"rendered":"https:\/\/bolting.eu\/?post_type=product&#038;p=16934"},"modified":"2025-08-04T12:54:30","modified_gmt":"2025-08-04T10:54:30","slug":"black-diamond-bbee-11","status":"publish","type":"product","link":"https:\/\/bolting.eu\/en\/shop\/black-diamond-bbee-11\/","title":{"rendered":"Black Diamond BBEE 11"},"content":{"rendered":"<p>Der BBEE 11 von Black Diamond ist ein kleiner, minimalistischer Rucksack. Er ist sowohl f\u00fcr Mehrseill\u00e4ngenrouten, als auch schnelle Bergaufstiege gedacht. Hierf\u00fcr ist er unser meistverkaufste Modell im Shop!<\/p>\n<p>Ihr bekommt alles Wichtige in den Bag. Jacke, Jause, Stirnlampe, Handschuhe und kleine Getr\u00e4nkeflasche. Zudem passt f\u00fcr Zu- und Abstiege auch ein kleiner <a href=\"https:\/\/bolting.eu\/produkt-kategorie\/bergsteiger-ausruestung\/eispickel\/\">Eispickel<\/a> hinein, wie z.B. ein <a href=\"https:\/\/bolting.eu\/shop\/petzl-ride\/\">Petzl Ride<\/a> oder <a href=\"https:\/\/bolting.eu\/shop\/petzl-gully-eispickel\/\">Gully<\/a>.<\/p>\n<p>Die Gr\u00f6\u00dfe ist ideal zum Klettern bzw. Laufen. Denn zum einen st\u00f6\u00dft man mit Helm am kleinen Bag nicht an. Und zum anderen ist er schmal. D.h. man hat gro\u00dfe Bewegungsfreiheit bei den Armen.<\/p>\n<p>Wir klettern selber mit diesem Rucksack und k\u00f6nnen ihn w\u00e4rmstens empfehlen!<\/p>\n<h2>Eigenschaften<\/h2>\n<ul>\n<li>\u00a0Hersteller: <a href=\"https:\/\/bolting.eu\/produkt-kategorie\/black-diamond\/\">Black Diamond<\/a><\/li>\n<li>Modellname: BBEE 11<\/li>\n<li>Material: 210d Nylon Ripstop, 400d Nylon Twill<\/li>\n<li>Gewicht: 360 Gramm<\/li>\n<li>Volumen: 11 Liter<\/li>\n<li>Aufh\u00e4ngeschlaufe<\/li>\n<li>d\u00fcnner R\u00fcckenpolsterung mit Mesh Netz<\/li>\n<li>gro\u00dfer Top Zipper<\/li>\n<li>2 schmale Daisy Chains au\u00dfen<\/li>\n<li>Fach f\u00fcr Getr\u00e4nkebeutel im R\u00fcckenbereich innen<\/li>\n<li>Loch f\u00fcr Getr\u00e4nkeschlauch<\/li>\n<li>kleine Innentasche mit Zip<\/li>\n<li>gepolsterte Schultertr\u00e4ger<\/li>\n<li>Brustschnalle<\/li>\n<li>verstellbares H\u00fcftband mit Clips<\/li>\n<li><a href=\"https:\/\/blackdiamond-web.cdn.prismic.io\/blackdiamond-web\/6d8f3af6-b0ca-44ab-8b9f-e29fc170a163_S20_EquipmentCleaning_17x11_all+lang.pdf\" target=\"_blank\" rel=\"noopener\">Bedienungsanleitung \/ Pflegehinweise<\/a><\/li>\n<\/ul>\n<h3>Kletterrucksack f\u00fcr lange Routen<\/h3>\n<p>Wir klettern selber schon viele, viele Jahre mit dem BBEE von Black Diamond. Egal ob Dolomiten Mehrseill\u00e4ngen, Half Dome im Yosemite oder Aiguille S\u00fcdwand in den Westalpen.<\/p>\n<p>Wer mit wenig Gep\u00e4ck auskommt, findet hier einen klasse Begleiter. Den es haben d\u00fcnne Jacke bzw. Gore Jacke, etwas Jause, Handschuhe, M\u00fctze, Stirnlampe und 0,5 lit. Flasche Platz. Ideal f\u00fcr lange Routen!<\/p>\n<h3>Black Diamond BBEE =\u00a0Gute Bewegungsfreiheit<\/h3>\n<p>Die Gr\u00f6\u00dfe des Rucksack ist perfekt zum Klettern. Denn er erm\u00f6glicht eine gro\u00dfe Bewegungsfreiheit.<\/p>\n<p>D.h. zum einen st\u00f6\u00dft der Helm nicht an der Oberseite an. Der Bag liegt etwas unter dem Nacken. Und zum anderen ist er sehr schmal. D.h. Ellbogen und Schultern sto\u00dfen ebenfalls nicht an.<\/p>\n<p>Folglich ist er ideal f\u00fcr diese Aktivit\u00e4ten:<\/p>\n<ul>\n<li>Mehrseill\u00e4ngen Klettern<\/li>\n<li>Klettersteige<\/li>\n<li>Laufen<\/li>\n<li>Schnelles Bergsteigen<\/li>\n<li>kurze Wanderungen<\/li>\n<\/ul>\n<figure id=\"attachment_10251\" aria-describedby=\"caption-attachment-10251\" style=\"width: 800px\" class=\"wp-caption alignnone\"><a href=\"https:\/\/bolting.eu\/wp-content\/uploads\/2021\/10\/Kletterseil-Dolomiten.jpg\"><img loading=\"lazy\" decoding=\"async\" class=\"wp-image-10251 size-full\" src=\"https:\/\/bolting.eu\/wp-content\/uploads\/2021\/10\/Kletterseil-Dolomiten.jpg\" alt=\"Frau beim Alpinklettern im grauen Dolomitenfels mit dem Black Diamond BBEE Rucksack.\" width=\"800\" height=\"540\" srcset=\"https:\/\/bolting.eu\/wp-content\/uploads\/2021\/10\/Kletterseil-Dolomiten.jpg 800w, https:\/\/bolting.eu\/wp-content\/uploads\/2021\/10\/Kletterseil-Dolomiten-510x344.jpg 510w, https:\/\/bolting.eu\/wp-content\/uploads\/2021\/10\/Kletterseil-Dolomiten-593x400.jpg 593w, https:\/\/bolting.eu\/wp-content\/uploads\/2021\/10\/Kletterseil-Dolomiten-768x518.jpg 768w, https:\/\/bolting.eu\/wp-content\/uploads\/2021\/10\/Kletterseil-Dolomiten-600x405.jpg 600w\" sizes=\"auto, (max-width: 800px) 100vw, 800px\" \/><\/a><figcaption id=\"caption-attachment-10251\" class=\"wp-caption-text\">Dieser Rucksack ist perfekt f\u00fcr Mehrseill\u00e4ngen, wie hier in den Dolomiten.<\/figcaption><\/figure>\n<p>&nbsp;<\/p>\n","protected":false},"excerpt":{"rendered":"<p>Kleiner, leichter Rucksack f\u00fcr Mehrseill\u00e4ngen, lange L\u00e4ufe oder kurze Wanderungen.<\/p>\n<p>11 Liter Volumen f\u00fcr die wichtigste Ausr\u00fcstung. Bietet eine sehr gute Bewegungsfreiheit!<\/p>\n<p>Versandkostenfrei bis 2kg in <img decoding=\"async\" class=\"emoji\" role=\"img\" draggable=\"false\" src=\"https:\/\/s.w.org\/images\/core\/emoji\/13.1.0\/svg\/1f1e6-1f1f9.svg\" alt=\"\ud83c\udde6\ud83c\uddf9\" \/> ab \u20ac 100,- und <img decoding=\"async\" class=\"emoji\" role=\"img\" draggable=\"false\" src=\"https:\/\/s.w.org\/images\/core\/emoji\/13.1.0\/svg\/1f1e9-1f1ea.svg\" alt=\"\ud83c\udde9\ud83c\uddea\" \/> ab \u20ac 200,-!<\/p>\n","protected":false},"featured_media":16939,"comment_status":"closed","ping_status":"closed","template":"","meta":[],"product_brand":[],"product_cat":[29,4809,4658],"product_tag":[],"class_list":{"0":"post-16934","1":"product","2":"type-product","3":"status-publish","4":"has-post-thumbnail","6":"product_cat-kletterausruestung","7":"product_cat-kletterrucksack","8":"product_cat-black-diamond","10":"first","11":"instock","12":"sale","13":"taxable","14":"shipping-taxable","15":"purchasable","16":"product-type-variable"},"yoast_head":"<!-- This site is optimized with the Yoast SEO Premium plugin v26.9 (Yoast SEO v26.9) - https:\/\/yoast.com\/product\/yoast-seo-premium-wordpress\/ -->\n<title>Black Diamond BBEE 11 - Kletter- &amp; Laufrucksack | bolting.eu<\/title>\n<meta name=\"description\" content=\"Black Diamond BBEE 11 beim Kletterprofi aus Innsbruck kaufen \u2705 kostenloser Versand* \u2705 14 Tage R\u00fcckgaberecht \u2705 Co2 neutraler Versand\" \/>\n<meta name=\"robots\" content=\"index, follow, max-snippet:-1, max-image-preview:large, max-video-preview:-1\" \/>\n<link rel=\"canonical\" href=\"https:\/\/bolting.eu\/en\/shop\/black-diamond-bbee-11\/\" \/>\n<meta property=\"og:locale\" content=\"en_US\" \/>\n<meta property=\"og:type\" content=\"article\" \/>\n<meta property=\"og:title\" content=\"Black Diamond BBEE 11\" \/>\n<meta property=\"og:description\" content=\"Black Diamond BBEE 11 beim Kletterprofi aus Innsbruck kaufen \u2705 kostenloser Versand* \u2705 14 Tage R\u00fcckgaberecht \u2705 Co2 neutraler Versand\" \/>\n<meta property=\"og:url\" content=\"https:\/\/bolting.eu\/en\/shop\/black-diamond-bbee-11\/\" \/>\n<meta property=\"og:site_name\" content=\"bolting.eu\" \/>\n<meta property=\"article:publisher\" content=\"https:\/\/www.facebook.com\/bolting.eu\" \/>\n<meta property=\"article:modified_time\" content=\"2025-08-04T10:54:30+00:00\" \/>\n<meta property=\"og:image\" content=\"https:\/\/bolting.eu\/wp-content\/uploads\/2023\/09\/BD-BBEE-tuerkis-1.jpg\" \/>\n\t<meta property=\"og:image:width\" content=\"700\" \/>\n\t<meta property=\"og:image:height\" content=\"700\" \/>\n\t<meta property=\"og:image:type\" content=\"image\/jpeg\" \/>\n<meta name=\"twitter:card\" content=\"summary_large_image\" \/>\n<meta name=\"twitter:label1\" content=\"Availability\" \/>\n\t<meta name=\"twitter:data1\" content=\"In stock\" \/>\n<script type=\"application\/ld+json\" class=\"yoast-schema-graph\">{\"@context\":\"https:\/\/schema.org\",\"@graph\":[{\"@type\":[\"WebPage\",\"ItemPage\"],\"@id\":\"https:\/\/bolting.eu\/en\/shop\/black-diamond-bbee-11\/\",\"url\":\"https:\/\/bolting.eu\/en\/shop\/black-diamond-bbee-11\/\",\"name\":\"Black Diamond BBEE 11 - Kletter- & Laufrucksack | bolting.eu\",\"isPartOf\":{\"@id\":\"https:\/\/bolting.eu\/en\/#website\"},\"primaryImageOfPage\":{\"@id\":\"https:\/\/bolting.eu\/en\/shop\/black-diamond-bbee-11\/#primaryimage\"},\"image\":{\"@id\":\"https:\/\/bolting.eu\/en\/shop\/black-diamond-bbee-11\/#primaryimage\"},\"thumbnailUrl\":\"https:\/\/bolting.eu\/wp-content\/uploads\/2023\/09\/BD-BBEE-tuerkis-1.jpg\",\"datePublished\":\"2023-09-07T08:06:52+00:00\",\"dateModified\":\"2025-08-04T10:54:30+00:00\",\"description\":\"Black Diamond BBEE 11 beim Kletterprofi aus Innsbruck kaufen \u2705 kostenloser Versand* \u2705 14 Tage R\u00fcckgaberecht \u2705 Co2 neutraler Versand\",\"breadcrumb\":{\"@id\":\"https:\/\/bolting.eu\/en\/shop\/black-diamond-bbee-11\/#breadcrumb\"},\"inLanguage\":\"en-US\",\"potentialAction\":[{\"@type\":\"ReadAction\",\"target\":[\"https:\/\/bolting.eu\/en\/shop\/black-diamond-bbee-11\/\"]}]},{\"@type\":\"ImageObject\",\"inLanguage\":\"en-US\",\"@id\":\"https:\/\/bolting.eu\/en\/shop\/black-diamond-bbee-11\/#primaryimage\",\"url\":\"https:\/\/bolting.eu\/wp-content\/uploads\/2023\/09\/BD-BBEE-tuerkis-1.jpg\",\"contentUrl\":\"https:\/\/bolting.eu\/wp-content\/uploads\/2023\/09\/BD-BBEE-tuerkis-1.jpg\",\"width\":700,\"height\":700,\"caption\":\"T\u00fcrkisblauer Black Diamond BBEE 11 Kletterrucksack von der R\u00fcckseite.\"},{\"@type\":\"BreadcrumbList\",\"@id\":\"https:\/\/bolting.eu\/en\/shop\/black-diamond-bbee-11\/#breadcrumb\",\"itemListElement\":[{\"@type\":\"ListItem\",\"position\":1,\"name\":\"Shop\",\"item\":\"https:\/\/bolting.eu\/en\/shop\/\"},{\"@type\":\"ListItem\",\"position\":2,\"name\":\"climbing equipment\",\"item\":\"https:\/\/bolting.eu\/en\/produkt-kategorie\/climbing-equipment\/\"},{\"@type\":\"ListItem\",\"position\":3,\"name\":\"Kletterrucksack\",\"item\":\"https:\/\/bolting.eu\/produkt-kategorie\/kletterausruestung\/kletterrucksack\/\"},{\"@type\":\"ListItem\",\"position\":4,\"name\":\"Black Diamond BBEE 11\"}]},{\"@type\":\"WebSite\",\"@id\":\"https:\/\/bolting.eu\/en\/#website\",\"url\":\"https:\/\/bolting.eu\/en\/\",\"name\":\"bolting.eu\",\"description\":\"we make climbs happen\",\"publisher\":{\"@id\":\"https:\/\/bolting.eu\/en\/#organization\"},\"potentialAction\":[{\"@type\":\"SearchAction\",\"target\":{\"@type\":\"EntryPoint\",\"urlTemplate\":\"https:\/\/bolting.eu\/en\/?s={search_term_string}\"},\"query-input\":{\"@type\":\"PropertyValueSpecification\",\"valueRequired\":true,\"valueName\":\"search_term_string\"}}],\"inLanguage\":\"en-US\"},{\"@type\":[\"Organization\",\"Place\",\"SportingGoodsStore\"],\"@id\":\"https:\/\/bolting.eu\/en\/#organization\",\"name\":\"bolting.eu\",\"url\":\"https:\/\/bolting.eu\/en\/\",\"logo\":{\"@id\":\"https:\/\/bolting.eu\/en\/shop\/black-diamond-bbee-11\/#local-main-organization-logo\"},\"image\":{\"@id\":\"https:\/\/bolting.eu\/en\/shop\/black-diamond-bbee-11\/#local-main-organization-logo\"},\"sameAs\":[\"https:\/\/www.facebook.com\/bolting.eu\",\"https:\/\/www.instagram.com\/bolting.eu\/\"],\"address\":{\"@id\":\"https:\/\/bolting.eu\/en\/shop\/black-diamond-bbee-11\/#local-main-place-address\"},\"geo\":{\"@type\":\"GeoCoordinates\",\"latitude\":\"47.264176340396226\",\"longitude\":\"11.380109057672346\"},\"telephone\":[\"+43 699 19083372\"],\"openingHoursSpecification\":[{\"@type\":\"OpeningHoursSpecification\",\"dayOfWeek\":[\"Monday\",\"Wednesday\",\"Friday\"],\"opens\":\"14:00\",\"closes\":\"18:00\"},{\"@type\":\"OpeningHoursSpecification\",\"dayOfWeek\":[\"Tuesday\",\"Thursday\",\"Saturday\",\"Sunday\"],\"opens\":\"00:00\",\"closes\":\"00:00\"}],\"email\":\"office@bolting.eu\",\"vatID\":\"ATU59999728\",\"priceRange\":\"$$\",\"currenciesAccepted\":\"Euro\"},{\"@type\":\"PostalAddress\",\"@id\":\"https:\/\/bolting.eu\/en\/shop\/black-diamond-bbee-11\/#local-main-place-address\",\"streetAddress\":\"Fischnalerstra\u00dfe 4\",\"addressLocality\":\"Innsbruck\",\"postalCode\":\"6020\",\"addressRegion\":\"Tirol\",\"addressCountry\":\"AT\"},{\"@type\":\"ImageObject\",\"inLanguage\":\"en-US\",\"@id\":\"https:\/\/bolting.eu\/en\/shop\/black-diamond-bbee-11\/#local-main-organization-logo\",\"url\":\"https:\/\/bolting.eu\/wp-content\/uploads\/2019\/09\/bolting-logo.png\",\"contentUrl\":\"https:\/\/bolting.eu\/wp-content\/uploads\/2019\/09\/bolting-logo.png\",\"width\":400,\"height\":211,\"caption\":\"bolting.eu\"}]}<\/script>\n<meta property=\"og:availability\" content=\"instock\" \/>\n<meta property=\"product:availability\" content=\"instock\" \/>\n<meta property=\"product:condition\" content=\"new\" \/>\n<meta name=\"geo.placename\" content=\"Innsbruck\" \/>\n<meta name=\"geo.position\" content=\"47.264176340396226;11.380109057672346\" \/>\n<meta name=\"geo.region\" content=\"Austria\" \/>\n<!-- \/ Yoast SEO Premium plugin. -->","yoast_head_json":{"title":"Black Diamond BBEE 11 - Kletter- & Laufrucksack | bolting.eu","description":"Black Diamond BBEE 11 beim Kletterprofi aus Innsbruck kaufen \u2705 kostenloser Versand* \u2705 14 Tage R\u00fcckgaberecht \u2705 Co2 neutraler Versand","robots":{"index":"index","follow":"follow","max-snippet":"max-snippet:-1","max-image-preview":"max-image-preview:large","max-video-preview":"max-video-preview:-1"},"canonical":"https:\/\/bolting.eu\/en\/shop\/black-diamond-bbee-11\/","og_locale":"en_US","og_type":"article","og_title":"Black Diamond BBEE 11","og_description":"Black Diamond BBEE 11 beim Kletterprofi aus Innsbruck kaufen \u2705 kostenloser Versand* \u2705 14 Tage R\u00fcckgaberecht \u2705 Co2 neutraler Versand","og_url":"https:\/\/bolting.eu\/en\/shop\/black-diamond-bbee-11\/","og_site_name":"bolting.eu","article_publisher":"https:\/\/www.facebook.com\/bolting.eu","article_modified_time":"2025-08-04T10:54:30+00:00","og_image":[{"width":700,"height":700,"url":"https:\/\/bolting.eu\/wp-content\/uploads\/2023\/09\/BD-BBEE-tuerkis-1.jpg","type":"image\/jpeg"}],"twitter_card":"summary_large_image","twitter_misc":{"Availability":"In stock"},"schema":{"@context":"https:\/\/schema.org","@graph":[{"@type":["WebPage","ItemPage"],"@id":"https:\/\/bolting.eu\/en\/shop\/black-diamond-bbee-11\/","url":"https:\/\/bolting.eu\/en\/shop\/black-diamond-bbee-11\/","name":"Black Diamond BBEE 11 - Kletter- & Laufrucksack | bolting.eu","isPartOf":{"@id":"https:\/\/bolting.eu\/en\/#website"},"primaryImageOfPage":{"@id":"https:\/\/bolting.eu\/en\/shop\/black-diamond-bbee-11\/#primaryimage"},"image":{"@id":"https:\/\/bolting.eu\/en\/shop\/black-diamond-bbee-11\/#primaryimage"},"thumbnailUrl":"https:\/\/bolting.eu\/wp-content\/uploads\/2023\/09\/BD-BBEE-tuerkis-1.jpg","datePublished":"2023-09-07T08:06:52+00:00","dateModified":"2025-08-04T10:54:30+00:00","description":"Black Diamond BBEE 11 beim Kletterprofi aus Innsbruck kaufen \u2705 kostenloser Versand* \u2705 14 Tage R\u00fcckgaberecht \u2705 Co2 neutraler Versand","breadcrumb":{"@id":"https:\/\/bolting.eu\/en\/shop\/black-diamond-bbee-11\/#breadcrumb"},"inLanguage":"en-US","potentialAction":[{"@type":"ReadAction","target":["https:\/\/bolting.eu\/en\/shop\/black-diamond-bbee-11\/"]}]},{"@type":"ImageObject","inLanguage":"en-US","@id":"https:\/\/bolting.eu\/en\/shop\/black-diamond-bbee-11\/#primaryimage","url":"https:\/\/bolting.eu\/wp-content\/uploads\/2023\/09\/BD-BBEE-tuerkis-1.jpg","contentUrl":"https:\/\/bolting.eu\/wp-content\/uploads\/2023\/09\/BD-BBEE-tuerkis-1.jpg","width":700,"height":700,"caption":"T\u00fcrkisblauer Black Diamond BBEE 11 Kletterrucksack von der R\u00fcckseite."},{"@type":"BreadcrumbList","@id":"https:\/\/bolting.eu\/en\/shop\/black-diamond-bbee-11\/#breadcrumb","itemListElement":[{"@type":"ListItem","position":1,"name":"Shop","item":"https:\/\/bolting.eu\/en\/shop\/"},{"@type":"ListItem","position":2,"name":"climbing equipment","item":"https:\/\/bolting.eu\/en\/produkt-kategorie\/climbing-equipment\/"},{"@type":"ListItem","position":3,"name":"Kletterrucksack","item":"https:\/\/bolting.eu\/produkt-kategorie\/kletterausruestung\/kletterrucksack\/"},{"@type":"ListItem","position":4,"name":"Black Diamond BBEE 11"}]},{"@type":"WebSite","@id":"https:\/\/bolting.eu\/en\/#website","url":"https:\/\/bolting.eu\/en\/","name":"bolting.eu","description":"we make climbs happen","publisher":{"@id":"https:\/\/bolting.eu\/en\/#organization"},"potentialAction":[{"@type":"SearchAction","target":{"@type":"EntryPoint","urlTemplate":"https:\/\/bolting.eu\/en\/?s={search_term_string}"},"query-input":{"@type":"PropertyValueSpecification","valueRequired":true,"valueName":"search_term_string"}}],"inLanguage":"en-US"},{"@type":["Organization","Place","SportingGoodsStore"],"@id":"https:\/\/bolting.eu\/en\/#organization","name":"bolting.eu","url":"https:\/\/bolting.eu\/en\/","logo":{"@id":"https:\/\/bolting.eu\/en\/shop\/black-diamond-bbee-11\/#local-main-organization-logo"},"image":{"@id":"https:\/\/bolting.eu\/en\/shop\/black-diamond-bbee-11\/#local-main-organization-logo"},"sameAs":["https:\/\/www.facebook.com\/bolting.eu","https:\/\/www.instagram.com\/bolting.eu\/"],"address":{"@id":"https:\/\/bolting.eu\/en\/shop\/black-diamond-bbee-11\/#local-main-place-address"},"geo":{"@type":"GeoCoordinates","latitude":"47.264176340396226","longitude":"11.380109057672346"},"telephone":["+43 699 19083372"],"openingHoursSpecification":[{"@type":"OpeningHoursSpecification","dayOfWeek":["Monday","Wednesday","Friday"],"opens":"14:00","closes":"18:00"},{"@type":"OpeningHoursSpecification","dayOfWeek":["Tuesday","Thursday","Saturday","Sunday"],"opens":"00:00","closes":"00:00"}],"email":"office@bolting.eu","vatID":"ATU59999728","priceRange":"$$","currenciesAccepted":"Euro"},{"@type":"PostalAddress","@id":"https:\/\/bolting.eu\/en\/shop\/black-diamond-bbee-11\/#local-main-place-address","streetAddress":"Fischnalerstra\u00dfe 4","addressLocality":"Innsbruck","postalCode":"6020","addressRegion":"Tirol","addressCountry":"AT"},{"@type":"ImageObject","inLanguage":"en-US","@id":"https:\/\/bolting.eu\/en\/shop\/black-diamond-bbee-11\/#local-main-organization-logo","url":"https:\/\/bolting.eu\/wp-content\/uploads\/2019\/09\/bolting-logo.png","contentUrl":"https:\/\/bolting.eu\/wp-content\/uploads\/2019\/09\/bolting-logo.png","width":400,"height":211,"caption":"bolting.eu"}]},"og_availability":"instock","product_availability":"instock","product_condition":"new","geo.placename":"Innsbruck","geo.position":{"lat":"47.264176340396226","long":"11.380109057672346"},"geo.region":"Austria"},"_links":{"self":[{"href":"https:\/\/bolting.eu\/en\/wp-json\/wp\/v2\/product\/16934","targetHints":{"allow":["GET"]}}],"collection":[{"href":"https:\/\/bolting.eu\/en\/wp-json\/wp\/v2\/product"}],"about":[{"href":"https:\/\/bolting.eu\/en\/wp-json\/wp\/v2\/types\/product"}],"replies":[{"embeddable":true,"href":"https:\/\/bolting.eu\/en\/wp-json\/wp\/v2\/comments?post=16934"}],"wp:featuredmedia":[{"embeddable":true,"href":"https:\/\/bolting.eu\/en\/wp-json\/wp\/v2\/media\/16939"}],"wp:attachment":[{"href":"https:\/\/bolting.eu\/en\/wp-json\/wp\/v2\/media?parent=16934"}],"wp:term":[{"taxonomy":"product_brand","embeddable":true,"href":"https:\/\/bolting.eu\/en\/wp-json\/wp\/v2\/product_brand?post=16934"},{"taxonomy":"product_cat","embeddable":true,"href":"https:\/\/bolting.eu\/en\/wp-json\/wp\/v2\/product_cat?post=16934"},{"taxonomy":"product_tag","embeddable":true,"href":"https:\/\/bolting.eu\/en\/wp-json\/wp\/v2\/product_tag?post=16934"}],"curies":[{"name":"wp","href":"https:\/\/api.w.org\/{rel}","templated":true}]}}