{"id":16914,"date":"2023-09-05T17:13:52","date_gmt":"2023-09-05T15:13:52","guid":{"rendered":"https:\/\/bolting.eu\/?post_type=product&#038;p=16914"},"modified":"2026-03-20T16:41:18","modified_gmt":"2026-03-20T15:41:18","slug":"edelrid-swift-eco-dry-8-9mm","status":"publish","type":"product","link":"https:\/\/bolting.eu\/en\/shop\/edelrid-swift-eco-dry-8-9mm\/","title":{"rendered":"Edelrid Swift 48 2R Eco Dry 8.9mm"},"content":{"rendered":"<p>Das Edelrid Swift Eco Dry ist ein 8.9mm Kletterseil mit 3-fach Zertifizierung. D.h. Einfach-, Halb- und Doppelseil.<\/p>\n<p>Es wird f\u00fcr das anspruchsvolle Klettern und technisches Bergsteigen verwendet.<\/p>\n<p>Was dieses Produkt auszeichnet, ist erstens sein Durchmesser. Mit nur 8,9mm ergibt sich sehr wenig Reibung an den <a href=\"https:\/\/bolting.eu\/produkt-kategorie\/kletterausruestung\/kletterkarabiner\/\">Karabinern<\/a>. Zweitens sorgt die Eco Dry Impr\u00e4gnierung f\u00fcr ein wasser- und schmutzabweisendes Verhalten. Dabei steht ECO f\u00fcr die PFC- PFAS-freien Chemikalien die verwendet wurden.<\/p>\n<p>Kurzum. Ein Seil f\u00fcr Bergf\u00fchrer, Bergretter und anspruchsvolle Bergsteiger. H\u00e4lt jeder Witterung stand und bietet auch bei N\u00e4sse tolles Handling!<\/p>\n<h2>Eigenschaften Swift Eco Dry<\/h2>\n<ul>\n<li>Hersteller: <a href=\"https:\/\/bolting.eu\/produkt-kategorie\/edelrid\/\">Edelrid<\/a><\/li>\n<li>Seiltyp: Einfachseil, Halbseil und Zwillingsseil<\/li>\n<li>Impr\u00e4gnierung: Eco Dry \u2013 unter 2% Wasseraufnahme!<\/li>\n<li>Behandlung: Thermo Shield f\u00fcr smoothes Handling<\/li>\n<li>3D Lapcoiling: direkt einsatzf\u00e4hig ohne Krangeln<\/li>\n<li>Normst\u00fcrze Einfachseil \/ Halbseil \/ Zwillingsseil: 7 \/ 22 \/ 22<\/li>\n<li>Durchmesser: 8,9mm<\/li>\n<li>L\u00e4ngen: 30m, 40m, 50m<\/li>\n<li>Gewicht \/ Meter: 52 Gramm<\/li>\n<li>ideales &#8220;F\u00fchrungsseil&#8221; bzw. Bergsteiger Seil<\/li>\n<li>Fangstoss Einfachseil \/ Halbseil \/ Zwillingsseil: 9,0 kN \/ 6,7 kN \/ 10,4 kN<\/li>\n<li>stat. Dehnung Einfachseil \/ Halbseil \/ Zwillingsseil: 6,8%, 8,6% \/ 5,3%<\/li>\n<li>EN Norm: EN 892<\/li>\n<li>Mantelverschiebung: keine<\/li>\n<li>empfohlene Sicherungsger\u00e4te: <a href=\"https:\/\/bolting.eu\/shop\/black-diamond-atc-alpine-guide\/\">Black Diamond ATC Alpine Guide<\/a>, <a href=\"https:\/\/bolting.eu\/shop\/petzl-reverso\/\">Petzl Reverso<\/a>, <a href=\"https:\/\/bolting.eu\/shop\/petzl-grigri-2\/\">GriGri 2<\/a>, <a href=\"https:\/\/bolting.eu\/shop\/click-up-sicherungsgeraet-climbing-technology\/\">Click-Up<\/a>, usw.<\/li>\n<li><strong>Achtung &#8211; ECO Modell: Farbe immer unterschiedlich und nicht w\u00e4hlbar!<\/strong><\/li>\n<li><a href=\"https:\/\/media.edelrid.de\/images\/attribut\/54517_GAL_DynamicRope_Seilteppich_ANSICHT.pdf\">Bedienungsanleitung<\/a><\/li>\n<\/ul>\n<h3>Produktvideo<\/h3>\n<p>Im Folgenden stellt euch Phil von Edelrid das Seil selber vor.<\/p>\n<p><iframe loading=\"lazy\" title=\"Edelrid Swift Eco Dry 8.9mm climbing rope\" width=\"1020\" height=\"574\" src=\"https:\/\/www.youtube.com\/embed\/7oQOShMmBO4?feature=oembed\" frameborder=\"0\" allow=\"accelerometer; autoplay; clipboard-write; encrypted-media; gyroscope; picture-in-picture; web-share\" referrerpolicy=\"strict-origin-when-cross-origin\" allowfullscreen><\/iframe><\/p>\n<p>&nbsp;<\/p>\n<h2>Unsere Bergsteigerseil Empfehlung<\/h2>\n<p>Seine Eigenschaften machen das Edelrid Swift Eco Dry zu einem tollen Bergsteigerseil. Deshalb ist es auch unsere Empfehlung f\u00fcr diesen Zweck.<\/p>\n<p>Uns gef\u00e4llt dabei insbesondere der Nachhaltigkeits Aspekt. Denn die Eco Dry Impr\u00e4gnierung ist ein ganz klasse Sache.<\/p>\n<p>Denn klassische PFC- und PFAS Beschichtungen haben extrem lange Halbwertszeiten und sch\u00e4digen die Umwelt. Edelrid hat diese Chemikalien gegen unsch\u00e4dliche Derivate ausgetauscht. Unsch\u00e4dlich und dennoch effektiv.<\/p>\n<p>Somit bleiben diese Seile auch bei schlechtestem Wetter ideal verwendbar. Denn die Wasseraufnahme nach dem UIAA water repellent test weist weniger als 2% des eigenen Gewichts auf.<\/p>\n<h3>Auch tolles Kletterseil<\/h3>\n<p>Das Swift Eco Dry 8.9mm von Edelrid ist auch ein klasse Kletterseil. Denn hier stimmen Durchmesser, Gewicht und Mantelanteil gut zusammen.<\/p>\n<p>Insgesamt ergibt es ein sehr leichtes, reibungsarmes Produkt. Somit ist\u00a0 auch in l\u00e4ngeren Routen wenig &#8220;Zug&#8221; nach unten und leichtes &#8220;Klippen&#8221; garantiert.<\/p>\n","protected":false},"excerpt":{"rendered":"<p>D\u00fcnnes und leichtes 8,9mm Seil mit 3-fach Zertifizierung. Einfach-, Halb- und Doppelseil.<\/p>\n<p>Perfektes Bergsteiger Seil dank ECO Dry Impr\u00e4gnierung. Bleibt bei jedem Wetter trocken mit perfektem Handling.<\/p>\n<p>Versandkostenfrei bis 2kg in <img decoding=\"async\" class=\"emoji\" role=\"img\" draggable=\"false\" src=\"https:\/\/s.w.org\/images\/core\/emoji\/14.0.0\/svg\/1f1e6-1f1f9.svg\" alt=\"\ud83c\udde6\ud83c\uddf9\" \/> ab \u20ac 100,- und <img decoding=\"async\" class=\"emoji\" role=\"img\" draggable=\"false\" src=\"https:\/\/s.w.org\/images\/core\/emoji\/14.0.0\/svg\/1f1e9-1f1ea.svg\" alt=\"\ud83c\udde9\ud83c\uddea\" \/> ab \u20ac 200,-!<\/p>\n","protected":false},"featured_media":16917,"comment_status":"closed","ping_status":"closed","template":"","meta":[],"product_brand":[],"product_cat":[29,4655,6727],"product_tag":[],"class_list":{"0":"post-16914","1":"product","2":"type-product","3":"status-publish","4":"has-post-thumbnail","6":"product_cat-kletterausruestung","7":"product_cat-edelrid","8":"product_cat-kletterseil","10":"first","11":"instock","12":"sale","13":"taxable","14":"shipping-taxable","15":"purchasable","16":"product-type-variable"},"yoast_head":"<!-- This site is optimized with the Yoast SEO Premium plugin v26.9 (Yoast SEO v26.9) - https:\/\/yoast.com\/product\/yoast-seo-premium-wordpress\/ -->\n<title>Edelrid Swift 48 2R Eco Dry 8.9mm - Einfach- \/ Halb- \/ Doppelseil | bolting.eu<\/title>\n<meta name=\"description\" content=\"Edelrid Swift Eco Dry 8,9mm beim Kletterprofi aus Innsbruck kaufen \u2705 kostenloser Versand* \u2705 14 Tage R\u00fcckgaberecht \u2705 Co2 neutraler Versand\" \/>\n<meta name=\"robots\" content=\"index, follow, max-snippet:-1, max-image-preview:large, max-video-preview:-1\" \/>\n<link rel=\"canonical\" href=\"https:\/\/bolting.eu\/en\/shop\/edelrid-swift-eco-dry-8-9mm\/\" \/>\n<meta property=\"og:locale\" content=\"en_US\" \/>\n<meta property=\"og:type\" content=\"article\" \/>\n<meta property=\"og:title\" content=\"Edelrid Swift 48 2R Eco Dry 8.9mm\" \/>\n<meta property=\"og:description\" content=\"Edelrid Swift Eco Dry 8,9mm beim Kletterprofi aus Innsbruck kaufen \u2705 kostenloser Versand* \u2705 14 Tage R\u00fcckgaberecht \u2705 Co2 neutraler Versand\" \/>\n<meta property=\"og:url\" content=\"https:\/\/bolting.eu\/en\/shop\/edelrid-swift-eco-dry-8-9mm\/\" \/>\n<meta property=\"og:site_name\" content=\"bolting.eu\" \/>\n<meta property=\"article:publisher\" content=\"https:\/\/www.facebook.com\/bolting.eu\" \/>\n<meta property=\"article:modified_time\" content=\"2026-03-20T15:41:18+00:00\" \/>\n<meta property=\"og:image\" content=\"https:\/\/bolting.eu\/wp-content\/uploads\/2023\/09\/Edelrid-Swift-Eco-Dry-1.jpg\" \/>\n\t<meta property=\"og:image:width\" content=\"700\" \/>\n\t<meta property=\"og:image:height\" content=\"700\" \/>\n\t<meta property=\"og:image:type\" content=\"image\/jpeg\" \/>\n<meta name=\"twitter:card\" content=\"summary_large_image\" \/>\n<meta name=\"twitter:label1\" content=\"Availability\" \/>\n\t<meta name=\"twitter:data1\" content=\"In stock\" \/>\n<script type=\"application\/ld+json\" class=\"yoast-schema-graph\">{\"@context\":\"https:\/\/schema.org\",\"@graph\":[{\"@type\":[\"WebPage\",\"ItemPage\"],\"@id\":\"https:\/\/bolting.eu\/en\/shop\/edelrid-swift-eco-dry-8-9mm\/\",\"url\":\"https:\/\/bolting.eu\/en\/shop\/edelrid-swift-eco-dry-8-9mm\/\",\"name\":\"Edelrid Swift 48 2R Eco Dry 8.9mm - Einfach- \/ Halb- \/ Doppelseil | bolting.eu\",\"isPartOf\":{\"@id\":\"https:\/\/bolting.eu\/en\/#website\"},\"primaryImageOfPage\":{\"@id\":\"https:\/\/bolting.eu\/en\/shop\/edelrid-swift-eco-dry-8-9mm\/#primaryimage\"},\"image\":{\"@id\":\"https:\/\/bolting.eu\/en\/shop\/edelrid-swift-eco-dry-8-9mm\/#primaryimage\"},\"thumbnailUrl\":\"https:\/\/bolting.eu\/wp-content\/uploads\/2023\/09\/Edelrid-Swift-Eco-Dry-1.jpg\",\"datePublished\":\"2023-09-05T15:13:52+00:00\",\"dateModified\":\"2026-03-20T15:41:18+00:00\",\"description\":\"Edelrid Swift Eco Dry 8,9mm beim Kletterprofi aus Innsbruck kaufen \u2705 kostenloser Versand* \u2705 14 Tage R\u00fcckgaberecht \u2705 Co2 neutraler Versand\",\"breadcrumb\":{\"@id\":\"https:\/\/bolting.eu\/en\/shop\/edelrid-swift-eco-dry-8-9mm\/#breadcrumb\"},\"inLanguage\":\"en-US\",\"potentialAction\":[{\"@type\":\"ReadAction\",\"target\":[\"https:\/\/bolting.eu\/en\/shop\/edelrid-swift-eco-dry-8-9mm\/\"]}]},{\"@type\":\"ImageObject\",\"inLanguage\":\"en-US\",\"@id\":\"https:\/\/bolting.eu\/en\/shop\/edelrid-swift-eco-dry-8-9mm\/#primaryimage\",\"url\":\"https:\/\/bolting.eu\/wp-content\/uploads\/2023\/09\/Edelrid-Swift-Eco-Dry-1.jpg\",\"contentUrl\":\"https:\/\/bolting.eu\/wp-content\/uploads\/2023\/09\/Edelrid-Swift-Eco-Dry-1.jpg\",\"width\":700,\"height\":700,\"caption\":\"Buntes Edelrid Swift Eco Dry Seil mit Verpackung aufrecht in wei\u00dfem Quadrat.\"},{\"@type\":\"BreadcrumbList\",\"@id\":\"https:\/\/bolting.eu\/en\/shop\/edelrid-swift-eco-dry-8-9mm\/#breadcrumb\",\"itemListElement\":[{\"@type\":\"ListItem\",\"position\":1,\"name\":\"Shop\",\"item\":\"https:\/\/bolting.eu\/en\/shop\/\"},{\"@type\":\"ListItem\",\"position\":2,\"name\":\"climbing equipment\",\"item\":\"https:\/\/bolting.eu\/en\/produkt-kategorie\/climbing-equipment\/\"},{\"@type\":\"ListItem\",\"position\":3,\"name\":\"Kletterseil\",\"item\":\"https:\/\/bolting.eu\/produkt-kategorie\/kletterausruestung\/kletterseil\/\"},{\"@type\":\"ListItem\",\"position\":4,\"name\":\"Edelrid Swift 48 2R Eco Dry 8.9mm\"}]},{\"@type\":\"WebSite\",\"@id\":\"https:\/\/bolting.eu\/en\/#website\",\"url\":\"https:\/\/bolting.eu\/en\/\",\"name\":\"bolting.eu\",\"description\":\"we make climbs happen\",\"publisher\":{\"@id\":\"https:\/\/bolting.eu\/en\/#organization\"},\"potentialAction\":[{\"@type\":\"SearchAction\",\"target\":{\"@type\":\"EntryPoint\",\"urlTemplate\":\"https:\/\/bolting.eu\/en\/?s={search_term_string}\"},\"query-input\":{\"@type\":\"PropertyValueSpecification\",\"valueRequired\":true,\"valueName\":\"search_term_string\"}}],\"inLanguage\":\"en-US\"},{\"@type\":[\"Organization\",\"Place\",\"SportingGoodsStore\"],\"@id\":\"https:\/\/bolting.eu\/en\/#organization\",\"name\":\"bolting.eu\",\"url\":\"https:\/\/bolting.eu\/en\/\",\"logo\":{\"@id\":\"https:\/\/bolting.eu\/en\/shop\/edelrid-swift-eco-dry-8-9mm\/#local-main-organization-logo\"},\"image\":{\"@id\":\"https:\/\/bolting.eu\/en\/shop\/edelrid-swift-eco-dry-8-9mm\/#local-main-organization-logo\"},\"sameAs\":[\"https:\/\/www.facebook.com\/bolting.eu\",\"https:\/\/www.instagram.com\/bolting.eu\/\"],\"address\":{\"@id\":\"https:\/\/bolting.eu\/en\/shop\/edelrid-swift-eco-dry-8-9mm\/#local-main-place-address\"},\"geo\":{\"@type\":\"GeoCoordinates\",\"latitude\":\"47.264176340396226\",\"longitude\":\"11.380109057672346\"},\"telephone\":[\"+43 699 19083372\"],\"openingHoursSpecification\":[{\"@type\":\"OpeningHoursSpecification\",\"dayOfWeek\":[\"Monday\",\"Wednesday\",\"Friday\"],\"opens\":\"14:00\",\"closes\":\"18:00\"},{\"@type\":\"OpeningHoursSpecification\",\"dayOfWeek\":[\"Tuesday\",\"Thursday\",\"Saturday\",\"Sunday\"],\"opens\":\"00:00\",\"closes\":\"00:00\"}],\"email\":\"office@bolting.eu\",\"vatID\":\"ATU59999728\",\"priceRange\":\"$$\",\"currenciesAccepted\":\"Euro\"},{\"@type\":\"PostalAddress\",\"@id\":\"https:\/\/bolting.eu\/en\/shop\/edelrid-swift-eco-dry-8-9mm\/#local-main-place-address\",\"streetAddress\":\"Fischnalerstra\u00dfe 4\",\"addressLocality\":\"Innsbruck\",\"postalCode\":\"6020\",\"addressRegion\":\"Tirol\",\"addressCountry\":\"AT\"},{\"@type\":\"ImageObject\",\"inLanguage\":\"en-US\",\"@id\":\"https:\/\/bolting.eu\/en\/shop\/edelrid-swift-eco-dry-8-9mm\/#local-main-organization-logo\",\"url\":\"https:\/\/bolting.eu\/wp-content\/uploads\/2019\/09\/bolting-logo.png\",\"contentUrl\":\"https:\/\/bolting.eu\/wp-content\/uploads\/2019\/09\/bolting-logo.png\",\"width\":400,\"height\":211,\"caption\":\"bolting.eu\"}]}<\/script>\n<meta property=\"og:video\" content=\"https:\/\/www.youtube.com\/embed\/7oQOShMmBO4\" \/>\n<meta property=\"og:video:type\" content=\"text\/html\" \/>\n<meta property=\"og:video:duration\" content=\"256\" \/>\n<meta property=\"og:video:width\" content=\"480\" \/>\n<meta property=\"og:video:height\" content=\"270\" \/>\n<meta property=\"ya:ovs:adult\" content=\"false\" \/>\n<meta property=\"ya:ovs:upload_date\" content=\"2023-09-05T15:13:52+00:00\" \/>\n<meta property=\"ya:ovs:allow_embed\" content=\"true\" \/>\n<meta property=\"og:availability\" content=\"instock\" \/>\n<meta property=\"product:availability\" content=\"instock\" \/>\n<meta property=\"product:condition\" content=\"new\" \/>\n<meta name=\"geo.placename\" content=\"Innsbruck\" \/>\n<meta name=\"geo.position\" content=\"47.264176340396226;11.380109057672346\" \/>\n<meta name=\"geo.region\" content=\"Austria\" \/>\n<!-- \/ Yoast SEO Premium plugin. -->","yoast_head_json":{"title":"Edelrid Swift 48 2R Eco Dry 8.9mm - Einfach- \/ Halb- \/ Doppelseil | bolting.eu","description":"Edelrid Swift Eco Dry 8,9mm beim Kletterprofi aus Innsbruck kaufen \u2705 kostenloser Versand* \u2705 14 Tage R\u00fcckgaberecht \u2705 Co2 neutraler Versand","robots":{"index":"index","follow":"follow","max-snippet":"max-snippet:-1","max-image-preview":"max-image-preview:large","max-video-preview":"max-video-preview:-1"},"canonical":"https:\/\/bolting.eu\/en\/shop\/edelrid-swift-eco-dry-8-9mm\/","og_locale":"en_US","og_type":"article","og_title":"Edelrid Swift 48 2R Eco Dry 8.9mm","og_description":"Edelrid Swift Eco Dry 8,9mm beim Kletterprofi aus Innsbruck kaufen \u2705 kostenloser Versand* \u2705 14 Tage R\u00fcckgaberecht \u2705 Co2 neutraler Versand","og_url":"https:\/\/bolting.eu\/en\/shop\/edelrid-swift-eco-dry-8-9mm\/","og_site_name":"bolting.eu","article_publisher":"https:\/\/www.facebook.com\/bolting.eu","article_modified_time":"2026-03-20T15:41:18+00:00","og_image":[{"width":700,"height":700,"url":"https:\/\/bolting.eu\/wp-content\/uploads\/2023\/09\/Edelrid-Swift-Eco-Dry-1.jpg","type":"image\/jpeg"}],"twitter_card":"summary_large_image","twitter_misc":{"Availability":"In stock"},"schema":{"@context":"https:\/\/schema.org","@graph":[{"@type":["WebPage","ItemPage"],"@id":"https:\/\/bolting.eu\/en\/shop\/edelrid-swift-eco-dry-8-9mm\/","url":"https:\/\/bolting.eu\/en\/shop\/edelrid-swift-eco-dry-8-9mm\/","name":"Edelrid Swift 48 2R Eco Dry 8.9mm - Einfach- \/ Halb- \/ Doppelseil | bolting.eu","isPartOf":{"@id":"https:\/\/bolting.eu\/en\/#website"},"primaryImageOfPage":{"@id":"https:\/\/bolting.eu\/en\/shop\/edelrid-swift-eco-dry-8-9mm\/#primaryimage"},"image":{"@id":"https:\/\/bolting.eu\/en\/shop\/edelrid-swift-eco-dry-8-9mm\/#primaryimage"},"thumbnailUrl":"https:\/\/bolting.eu\/wp-content\/uploads\/2023\/09\/Edelrid-Swift-Eco-Dry-1.jpg","datePublished":"2023-09-05T15:13:52+00:00","dateModified":"2026-03-20T15:41:18+00:00","description":"Edelrid Swift Eco Dry 8,9mm beim Kletterprofi aus Innsbruck kaufen \u2705 kostenloser Versand* \u2705 14 Tage R\u00fcckgaberecht \u2705 Co2 neutraler Versand","breadcrumb":{"@id":"https:\/\/bolting.eu\/en\/shop\/edelrid-swift-eco-dry-8-9mm\/#breadcrumb"},"inLanguage":"en-US","potentialAction":[{"@type":"ReadAction","target":["https:\/\/bolting.eu\/en\/shop\/edelrid-swift-eco-dry-8-9mm\/"]}]},{"@type":"ImageObject","inLanguage":"en-US","@id":"https:\/\/bolting.eu\/en\/shop\/edelrid-swift-eco-dry-8-9mm\/#primaryimage","url":"https:\/\/bolting.eu\/wp-content\/uploads\/2023\/09\/Edelrid-Swift-Eco-Dry-1.jpg","contentUrl":"https:\/\/bolting.eu\/wp-content\/uploads\/2023\/09\/Edelrid-Swift-Eco-Dry-1.jpg","width":700,"height":700,"caption":"Buntes Edelrid Swift Eco Dry Seil mit Verpackung aufrecht in wei\u00dfem Quadrat."},{"@type":"BreadcrumbList","@id":"https:\/\/bolting.eu\/en\/shop\/edelrid-swift-eco-dry-8-9mm\/#breadcrumb","itemListElement":[{"@type":"ListItem","position":1,"name":"Shop","item":"https:\/\/bolting.eu\/en\/shop\/"},{"@type":"ListItem","position":2,"name":"climbing equipment","item":"https:\/\/bolting.eu\/en\/produkt-kategorie\/climbing-equipment\/"},{"@type":"ListItem","position":3,"name":"Kletterseil","item":"https:\/\/bolting.eu\/produkt-kategorie\/kletterausruestung\/kletterseil\/"},{"@type":"ListItem","position":4,"name":"Edelrid Swift 48 2R Eco Dry 8.9mm"}]},{"@type":"WebSite","@id":"https:\/\/bolting.eu\/en\/#website","url":"https:\/\/bolting.eu\/en\/","name":"bolting.eu","description":"we make climbs happen","publisher":{"@id":"https:\/\/bolting.eu\/en\/#organization"},"potentialAction":[{"@type":"SearchAction","target":{"@type":"EntryPoint","urlTemplate":"https:\/\/bolting.eu\/en\/?s={search_term_string}"},"query-input":{"@type":"PropertyValueSpecification","valueRequired":true,"valueName":"search_term_string"}}],"inLanguage":"en-US"},{"@type":["Organization","Place","SportingGoodsStore"],"@id":"https:\/\/bolting.eu\/en\/#organization","name":"bolting.eu","url":"https:\/\/bolting.eu\/en\/","logo":{"@id":"https:\/\/bolting.eu\/en\/shop\/edelrid-swift-eco-dry-8-9mm\/#local-main-organization-logo"},"image":{"@id":"https:\/\/bolting.eu\/en\/shop\/edelrid-swift-eco-dry-8-9mm\/#local-main-organization-logo"},"sameAs":["https:\/\/www.facebook.com\/bolting.eu","https:\/\/www.instagram.com\/bolting.eu\/"],"address":{"@id":"https:\/\/bolting.eu\/en\/shop\/edelrid-swift-eco-dry-8-9mm\/#local-main-place-address"},"geo":{"@type":"GeoCoordinates","latitude":"47.264176340396226","longitude":"11.380109057672346"},"telephone":["+43 699 19083372"],"openingHoursSpecification":[{"@type":"OpeningHoursSpecification","dayOfWeek":["Monday","Wednesday","Friday"],"opens":"14:00","closes":"18:00"},{"@type":"OpeningHoursSpecification","dayOfWeek":["Tuesday","Thursday","Saturday","Sunday"],"opens":"00:00","closes":"00:00"}],"email":"office@bolting.eu","vatID":"ATU59999728","priceRange":"$$","currenciesAccepted":"Euro"},{"@type":"PostalAddress","@id":"https:\/\/bolting.eu\/en\/shop\/edelrid-swift-eco-dry-8-9mm\/#local-main-place-address","streetAddress":"Fischnalerstra\u00dfe 4","addressLocality":"Innsbruck","postalCode":"6020","addressRegion":"Tirol","addressCountry":"AT"},{"@type":"ImageObject","inLanguage":"en-US","@id":"https:\/\/bolting.eu\/en\/shop\/edelrid-swift-eco-dry-8-9mm\/#local-main-organization-logo","url":"https:\/\/bolting.eu\/wp-content\/uploads\/2019\/09\/bolting-logo.png","contentUrl":"https:\/\/bolting.eu\/wp-content\/uploads\/2019\/09\/bolting-logo.png","width":400,"height":211,"caption":"bolting.eu"}]},"og_video":"https:\/\/www.youtube.com\/embed\/7oQOShMmBO4","og_video_type":"text\/html","og_video_duration":"256","og_video_width":"480","og_video_height":"270","ya_ovs_adult":"false","ya_ovs_upload_date":"2023-09-05T15:13:52+00:00","ya_ovs_allow_embed":"true","og_availability":"instock","product_availability":"instock","product_condition":"new","geo.placename":"Innsbruck","geo.position":{"lat":"47.264176340396226","long":"11.380109057672346"},"geo.region":"Austria"},"_links":{"self":[{"href":"https:\/\/bolting.eu\/en\/wp-json\/wp\/v2\/product\/16914","targetHints":{"allow":["GET"]}}],"collection":[{"href":"https:\/\/bolting.eu\/en\/wp-json\/wp\/v2\/product"}],"about":[{"href":"https:\/\/bolting.eu\/en\/wp-json\/wp\/v2\/types\/product"}],"replies":[{"embeddable":true,"href":"https:\/\/bolting.eu\/en\/wp-json\/wp\/v2\/comments?post=16914"}],"wp:featuredmedia":[{"embeddable":true,"href":"https:\/\/bolting.eu\/en\/wp-json\/wp\/v2\/media\/16917"}],"wp:attachment":[{"href":"https:\/\/bolting.eu\/en\/wp-json\/wp\/v2\/media?parent=16914"}],"wp:term":[{"taxonomy":"product_brand","embeddable":true,"href":"https:\/\/bolting.eu\/en\/wp-json\/wp\/v2\/product_brand?post=16914"},{"taxonomy":"product_cat","embeddable":true,"href":"https:\/\/bolting.eu\/en\/wp-json\/wp\/v2\/product_cat?post=16914"},{"taxonomy":"product_tag","embeddable":true,"href":"https:\/\/bolting.eu\/en\/wp-json\/wp\/v2\/product_tag?post=16914"}],"curies":[{"name":"wp","href":"https:\/\/api.w.org\/{rel}","templated":true}]}}