{"id":16868,"date":"2023-09-05T09:23:58","date_gmt":"2023-09-05T07:23:58","guid":{"rendered":"https:\/\/bolting.eu\/?post_type=product&#038;p=16868"},"modified":"2026-04-01T19:55:13","modified_gmt":"2026-04-01T17:55:13","slug":"petzl-captiv-adjust","status":"publish","type":"product","link":"https:\/\/bolting.eu\/en\/shop\/petzl-captiv-adjust\/","title":{"rendered":"Petzl Captiv Adjust"},"content":{"rendered":"<p>Der Petzl Captiv Adjust ist ein <strong>Positionierungsb\u00fcgel<\/strong> f\u00fcr ovalf\u00f6rmige Karabiner.<\/p>\n<p>Er gew\u00e4hrleistet einerseits die L\u00e4ngsausrichtung der Karabiner. Zweitens h\u00e4lt er die ADJUST Einstellvorrichtung durch den Verbindungsb\u00fcgel in der richtigen Dimension. Somit wird die Gefahr einer unbeabsichtigten Entriegelung deutlich verringert.<\/p>\n<p>Abschlie\u00dfend verbindet er die Karabiner mit dem jeweiligen Ausr\u00fcstungsgegenstand und verhindert ein Herabfallen.<\/p>\n<p>Fazit. Ein kleiner, perfekter Helfer f\u00fcr fortgeschrittene Alpinisten, Bergf\u00fchrer und H\u00f6henarbeiter!<\/p>\n<h2>Eigenschaften<\/h2>\n<ul>\n<li>Hersteller: <a href=\"https:\/\/bolting.eu\/produkt-kategorie\/petzl\/\">Petzl<\/a><\/li>\n<li>Produkt Name: Captiv Adjust<\/li>\n<li>Gewicht: 10 Gramm<\/li>\n<li>Material: Polyamid<\/li>\n<li>nur f\u00fcr ovalf\u00f6rmige Petzl Karabiner<\/li>\n<li>Lieferumfang: zwei Adjust Begrenzungsnocken (einer mit Verbindungsb\u00fcgel), zwei kleine Schrauben;<\/li>\n<li>h\u00e4lt Karabiner in L\u00e4ngsrichtung<\/li>\n<li>verhindert seitliches Verrutschen von Ausr\u00fcstung wie z.B. <a href=\"https:\/\/bolting.eu\/produkt-kategorie\/kletterausruestung\/seilrollen\/\">Seilrolle<\/a><\/li>\n<li>Verbindet Karabiner mit Ausr\u00fcstung und verhindert somit dessen Herabfallen<\/li>\n<li>Verkaufseinheit: 1 St\u00fcck<\/li>\n<li>Achtung beim \u00d6ffnen der Verpackung &#8211; 2 kleine Schrauben!!!<\/li>\n<li>ben\u00f6tigtes Zubeh\u00f6r: Mini Kreuz- Schraubenzieher<\/li>\n<\/ul>\n<h3>Kompatibel mit ovalf\u00f6rmigen Karabinern<\/h3>\n<ul>\n<li><a href=\"https:\/\/bolting.eu\/shop\/petzl-ok-ball-lock\/\">OK Ball Lock<\/a> und <a href=\"https:\/\/bolting.eu\/shop\/petzl-ok-screw-lock\/\">OK Screw Lock<\/a><\/li>\n<li><a href=\"https:\/\/bolting.eu\/shop\/petzl-amd\/\">Am\u00b4D<\/a><\/li>\n<li>Bm`D<\/li>\n<li><a href=\"https:\/\/bolting.eu\/shop\/petzl-oxan-stahlkarabiner\/\">Oxan<\/a><\/li>\n<\/ul>\n<p>Achtung! Nicht mit dem Fixierb\u00fcgel &#8220;Captive&#8221; verwechseln. Dieser fixiert die Karabiner permanent an \u00d6sen und Schlaufen!<\/p>\n<h3>Einsatzbereiche<\/h3>\n<p>Der Capitive Adjust ist ein Positionierungsb\u00fcgel f\u00fcr ovalf\u00f6rmige Petzl Karabiner. Folglich kommt er \u00fcberall dort zum Einsatz, wo dieser Typ von Verbindungsmittel passend ist.<\/p>\n<p>D.h. vor allem bei Seilrollen, bei Auffangsystemen und Bandfalld\u00e4mpfern, sowie bei Selbstsicherungen wie der <a href=\"https:\/\/bolting.eu\/shop\/petzl-connect-adjust-selbstsicherungsschlinge\/\">Connect Adjust<\/a>.<\/p>\n<figure id=\"attachment_16869\" aria-describedby=\"caption-attachment-16869\" style=\"width: 400px\" class=\"wp-caption alignnone\"><a href=\"https:\/\/bolting.eu\/wp-content\/uploads\/2023\/09\/Petzl-Captiv-Adjust-3.jpg\"><img loading=\"lazy\" decoding=\"async\" class=\"wp-image-16869 size-medium\" src=\"https:\/\/bolting.eu\/wp-content\/uploads\/2023\/09\/Petzl-Captiv-Adjust-3-400x400.jpg\" alt=\"Petzl Captive Adjust Positionierungsb\u00fcgel auf einem ovelen Karabiner einer Selbstsicherungsschlinge.\" width=\"400\" height=\"400\" srcset=\"https:\/\/bolting.eu\/wp-content\/uploads\/2023\/09\/Petzl-Captiv-Adjust-3-400x400.jpg 400w, https:\/\/bolting.eu\/wp-content\/uploads\/2023\/09\/Petzl-Captiv-Adjust-3-280x280.jpg 280w, https:\/\/bolting.eu\/wp-content\/uploads\/2023\/09\/Petzl-Captiv-Adjust-3-247x247.jpg 247w, https:\/\/bolting.eu\/wp-content\/uploads\/2023\/09\/Petzl-Captiv-Adjust-3-510x510.jpg 510w, https:\/\/bolting.eu\/wp-content\/uploads\/2023\/09\/Petzl-Captiv-Adjust-3-100x100.jpg 100w, https:\/\/bolting.eu\/wp-content\/uploads\/2023\/09\/Petzl-Captiv-Adjust-3.jpg 700w\" sizes=\"auto, (max-width: 400px) 100vw, 400px\" \/><\/a><figcaption id=\"caption-attachment-16869\" class=\"wp-caption-text\">So wirkt der Positionierungsb\u00fcgel. Er verhindert ein seitliches Verrutschen des eingeh\u00e4ngten Ausr\u00fcstungsgegenstandes. Wie hier beider Selbstsicherungsschlinge Connect Adjust.<\/figcaption><\/figure>\n<p>&nbsp;<\/p>\n<h3>Nicht mit Produkt &#8220;Captiv&#8221; verwechseln!<\/h3>\n<p>Beachtet. Es gibt neben dem Captiv Adjust ein fast namensgleiches Produkt. Dieses ist aber ein Fixierb\u00fcgel, welcher den Karabiner permanent an einer \u00d6se oder Schlaufe fixiert. Siehe Bild unten.<\/p>\n<p>Hier geht es zum <a href=\"https:\/\/bolting.eu\/shop\/petzl-captiv\/\">Karabiner Fixierb\u00fcgel<\/a>!<\/p>\n<p>&nbsp;<\/p>\n<p><a href=\"https:\/\/bolting.eu\/wp-content\/uploads\/2023\/07\/Petzl-Captiv-7-2.jpg\"><img loading=\"lazy\" decoding=\"async\" class=\"wp-image-16481 size-medium\" src=\"https:\/\/bolting.eu\/wp-content\/uploads\/2023\/07\/Petzl-Captiv-7-2-400x400.jpg\" alt=\"Petzl Captiv Karabiner Verdrehschutz auf Gurt bzw. Bandfalld\u00e4mpfer montiert.\" width=\"400\" height=\"400\" srcset=\"https:\/\/bolting.eu\/wp-content\/uploads\/2023\/07\/Petzl-Captiv-7-2-400x400.jpg 400w, https:\/\/bolting.eu\/wp-content\/uploads\/2023\/07\/Petzl-Captiv-7-2-280x280.jpg 280w, https:\/\/bolting.eu\/wp-content\/uploads\/2023\/07\/Petzl-Captiv-7-2-247x247.jpg 247w, https:\/\/bolting.eu\/wp-content\/uploads\/2023\/07\/Petzl-Captiv-7-2-510x510.jpg 510w, https:\/\/bolting.eu\/wp-content\/uploads\/2023\/07\/Petzl-Captiv-7-2-100x100.jpg 100w, https:\/\/bolting.eu\/wp-content\/uploads\/2023\/07\/Petzl-Captiv-7-2.jpg 700w\" sizes=\"auto, (max-width: 400px) 100vw, 400px\" \/><\/a><\/p>\n<p>&nbsp;<\/p>\n","protected":false},"excerpt":{"rendered":"<p>Positionierungsb\u00fcgel f\u00fcr die ovalf\u00f6rmigen Petzl Karabiner OK, AM\u00b4D, Bm\u00b4D und Oxan.<\/p>\n<p>Fixiert Karabiner in L\u00e4ngsrichtung, verhindert dessen Verrutschen bzw. unbeabsichtigtes \u00d6ffnen und ein Herabfallen.<\/p>\n<p>Versandkostenfrei bis 2kg in <img decoding=\"async\" class=\"emoji\" role=\"img\" draggable=\"false\" src=\"https:\/\/s.w.org\/images\/core\/emoji\/14.0.0\/svg\/1f1e6-1f1f9.svg\" alt=\"\ud83c\udde6\ud83c\uddf9\" \/> ab \u20ac 100,- und <img decoding=\"async\" class=\"emoji\" role=\"img\" draggable=\"false\" src=\"https:\/\/s.w.org\/images\/core\/emoji\/14.0.0\/svg\/1f1e9-1f1ea.svg\" alt=\"\ud83c\udde9\ud83c\uddea\" \/> ab \u20ac 200,-!<\/p>\n","protected":false},"featured_media":16871,"comment_status":"closed","ping_status":"closed","template":"","meta":[],"product_brand":[],"product_cat":[44,14093,29],"product_tag":[],"class_list":{"0":"post-16868","1":"product","2":"type-product","3":"status-publish","4":"has-post-thumbnail","6":"product_cat-kletterkarabiner","7":"product_cat-petzl","8":"product_cat-kletterausruestung","10":"first","11":"instock","12":"taxable","13":"shipping-taxable","14":"purchasable","15":"product-type-simple"},"yoast_head":"<!-- This site is optimized with the Yoast SEO Premium plugin v26.9 (Yoast SEO v26.9) - https:\/\/yoast.com\/product\/yoast-seo-premium-wordpress\/ -->\n<title>Petzl Captiv Adjust - Karabiner Positionierungsb\u00fcgel | bolting.eu<\/title>\n<meta name=\"description\" content=\"Petzl Captive Adjust Karabiner Positionierungsb\u00fcgel beim Kletterprofi kaufen \u2705 kostenloser Versand* \u2705 14 Tage R\u00fcckgaberecht \u2705 Co2 neutraler Versand\" \/>\n<meta name=\"robots\" content=\"index, follow, max-snippet:-1, max-image-preview:large, max-video-preview:-1\" \/>\n<link rel=\"canonical\" href=\"https:\/\/bolting.eu\/en\/shop\/petzl-captiv-adjust\/\" \/>\n<meta property=\"og:locale\" content=\"en_US\" \/>\n<meta property=\"og:type\" content=\"article\" \/>\n<meta property=\"og:title\" content=\"Petzl Captiv Adjust\" \/>\n<meta property=\"og:description\" content=\"Petzl Captive Adjust Karabiner Positionierungsb\u00fcgel beim Kletterprofi kaufen \u2705 kostenloser Versand* \u2705 14 Tage R\u00fcckgaberecht \u2705 Co2 neutraler Versand\" \/>\n<meta property=\"og:url\" content=\"https:\/\/bolting.eu\/en\/shop\/petzl-captiv-adjust\/\" \/>\n<meta property=\"og:site_name\" content=\"bolting.eu\" \/>\n<meta property=\"article:publisher\" content=\"https:\/\/www.facebook.com\/bolting.eu\" \/>\n<meta property=\"article:modified_time\" content=\"2026-04-01T17:55:13+00:00\" \/>\n<meta property=\"og:image\" content=\"https:\/\/bolting.eu\/wp-content\/uploads\/2023\/09\/Petzl-Captiv-Adjust-1.jpg\" \/>\n\t<meta property=\"og:image:width\" content=\"700\" \/>\n\t<meta property=\"og:image:height\" content=\"700\" \/>\n\t<meta property=\"og:image:type\" content=\"image\/jpeg\" \/>\n<meta name=\"twitter:card\" content=\"summary_large_image\" \/>\n<meta name=\"twitter:label1\" content=\"Price\" \/>\n\t<meta name=\"twitter:data1\" content=\"&euro;&nbsp;3,00\" \/>\n\t<meta name=\"twitter:label2\" content=\"Availability\" \/>\n\t<meta name=\"twitter:data2\" content=\"In stock\" \/>\n<script type=\"application\/ld+json\" class=\"yoast-schema-graph\">{\"@context\":\"https:\/\/schema.org\",\"@graph\":[{\"@type\":[\"WebPage\",\"ItemPage\"],\"@id\":\"https:\/\/bolting.eu\/en\/shop\/petzl-captiv-adjust\/\",\"url\":\"https:\/\/bolting.eu\/en\/shop\/petzl-captiv-adjust\/\",\"name\":\"Petzl Captiv Adjust - Karabiner Positionierungsb\u00fcgel | bolting.eu\",\"isPartOf\":{\"@id\":\"https:\/\/bolting.eu\/en\/#website\"},\"primaryImageOfPage\":{\"@id\":\"https:\/\/bolting.eu\/en\/shop\/petzl-captiv-adjust\/#primaryimage\"},\"image\":{\"@id\":\"https:\/\/bolting.eu\/en\/shop\/petzl-captiv-adjust\/#primaryimage\"},\"thumbnailUrl\":\"https:\/\/bolting.eu\/wp-content\/uploads\/2023\/09\/Petzl-Captiv-Adjust-1.jpg\",\"datePublished\":\"2023-09-05T07:23:58+00:00\",\"dateModified\":\"2026-04-01T17:55:13+00:00\",\"description\":\"Petzl Captive Adjust Karabiner Positionierungsb\u00fcgel beim Kletterprofi kaufen \u2705 kostenloser Versand* \u2705 14 Tage R\u00fcckgaberecht \u2705 Co2 neutraler Versand\",\"breadcrumb\":{\"@id\":\"https:\/\/bolting.eu\/en\/shop\/petzl-captiv-adjust\/#breadcrumb\"},\"inLanguage\":\"en-US\",\"potentialAction\":[{\"@type\":\"ReadAction\",\"target\":[\"https:\/\/bolting.eu\/en\/shop\/petzl-captiv-adjust\/\"]}]},{\"@type\":\"ImageObject\",\"inLanguage\":\"en-US\",\"@id\":\"https:\/\/bolting.eu\/en\/shop\/petzl-captiv-adjust\/#primaryimage\",\"url\":\"https:\/\/bolting.eu\/wp-content\/uploads\/2023\/09\/Petzl-Captiv-Adjust-1.jpg\",\"contentUrl\":\"https:\/\/bolting.eu\/wp-content\/uploads\/2023\/09\/Petzl-Captiv-Adjust-1.jpg\",\"width\":700,\"height\":700,\"caption\":\"Schwarzer Petzl Karabiner Positionierungsb\u00fcgel.\"},{\"@type\":\"BreadcrumbList\",\"@id\":\"https:\/\/bolting.eu\/en\/shop\/petzl-captiv-adjust\/#breadcrumb\",\"itemListElement\":[{\"@type\":\"ListItem\",\"position\":1,\"name\":\"Shop\",\"item\":\"https:\/\/bolting.eu\/en\/shop\/\"},{\"@type\":\"ListItem\",\"position\":2,\"name\":\"climbing equipment\",\"item\":\"https:\/\/bolting.eu\/en\/produkt-kategorie\/climbing-equipment\/\"},{\"@type\":\"ListItem\",\"position\":3,\"name\":\"Climbing carabiner\",\"item\":\"https:\/\/bolting.eu\/en\/produkt-kategorie\/climbing-carabiner\/\"},{\"@type\":\"ListItem\",\"position\":4,\"name\":\"Petzl Captiv Adjust\"}]},{\"@type\":\"WebSite\",\"@id\":\"https:\/\/bolting.eu\/en\/#website\",\"url\":\"https:\/\/bolting.eu\/en\/\",\"name\":\"bolting.eu\",\"description\":\"we make climbs happen\",\"publisher\":{\"@id\":\"https:\/\/bolting.eu\/en\/#organization\"},\"potentialAction\":[{\"@type\":\"SearchAction\",\"target\":{\"@type\":\"EntryPoint\",\"urlTemplate\":\"https:\/\/bolting.eu\/en\/?s={search_term_string}\"},\"query-input\":{\"@type\":\"PropertyValueSpecification\",\"valueRequired\":true,\"valueName\":\"search_term_string\"}}],\"inLanguage\":\"en-US\"},{\"@type\":[\"Organization\",\"Place\",\"SportingGoodsStore\"],\"@id\":\"https:\/\/bolting.eu\/en\/#organization\",\"name\":\"bolting.eu\",\"url\":\"https:\/\/bolting.eu\/en\/\",\"logo\":{\"@id\":\"https:\/\/bolting.eu\/en\/shop\/petzl-captiv-adjust\/#local-main-organization-logo\"},\"image\":{\"@id\":\"https:\/\/bolting.eu\/en\/shop\/petzl-captiv-adjust\/#local-main-organization-logo\"},\"sameAs\":[\"https:\/\/www.facebook.com\/bolting.eu\",\"https:\/\/www.instagram.com\/bolting.eu\/\"],\"address\":{\"@id\":\"https:\/\/bolting.eu\/en\/shop\/petzl-captiv-adjust\/#local-main-place-address\"},\"geo\":{\"@type\":\"GeoCoordinates\",\"latitude\":\"47.264176340396226\",\"longitude\":\"11.380109057672346\"},\"telephone\":[\"+43 699 19083372\"],\"openingHoursSpecification\":[{\"@type\":\"OpeningHoursSpecification\",\"dayOfWeek\":[\"Monday\",\"Wednesday\",\"Friday\"],\"opens\":\"14:00\",\"closes\":\"18:00\"},{\"@type\":\"OpeningHoursSpecification\",\"dayOfWeek\":[\"Tuesday\",\"Thursday\",\"Saturday\",\"Sunday\"],\"opens\":\"00:00\",\"closes\":\"00:00\"}],\"email\":\"office@bolting.eu\",\"vatID\":\"ATU59999728\",\"priceRange\":\"$$\",\"currenciesAccepted\":\"Euro\"},{\"@type\":\"PostalAddress\",\"@id\":\"https:\/\/bolting.eu\/en\/shop\/petzl-captiv-adjust\/#local-main-place-address\",\"streetAddress\":\"Fischnalerstra\u00dfe 4\",\"addressLocality\":\"Innsbruck\",\"postalCode\":\"6020\",\"addressRegion\":\"Tirol\",\"addressCountry\":\"AT\"},{\"@type\":\"ImageObject\",\"inLanguage\":\"en-US\",\"@id\":\"https:\/\/bolting.eu\/en\/shop\/petzl-captiv-adjust\/#local-main-organization-logo\",\"url\":\"https:\/\/bolting.eu\/wp-content\/uploads\/2019\/09\/bolting-logo.png\",\"contentUrl\":\"https:\/\/bolting.eu\/wp-content\/uploads\/2019\/09\/bolting-logo.png\",\"width\":400,\"height\":211,\"caption\":\"bolting.eu\"}]}<\/script>\n<meta property=\"product:price:amount\" content=\"3.00\" \/>\n<meta property=\"product:price:currency\" content=\"EUR\" \/>\n<meta property=\"og:availability\" content=\"instock\" \/>\n<meta property=\"product:availability\" content=\"instock\" \/>\n<meta property=\"product:retailer_item_id\" content=\"M095AA00\" \/>\n<meta property=\"product:condition\" content=\"new\" \/>\n<meta name=\"geo.placename\" content=\"Innsbruck\" \/>\n<meta name=\"geo.position\" content=\"47.264176340396226;11.380109057672346\" \/>\n<meta name=\"geo.region\" content=\"Austria\" \/>\n<!-- \/ Yoast SEO Premium plugin. -->","yoast_head_json":{"title":"Petzl Captiv Adjust - Karabiner Positionierungsb\u00fcgel | bolting.eu","description":"Petzl Captive Adjust Karabiner Positionierungsb\u00fcgel beim Kletterprofi kaufen \u2705 kostenloser Versand* \u2705 14 Tage R\u00fcckgaberecht \u2705 Co2 neutraler Versand","robots":{"index":"index","follow":"follow","max-snippet":"max-snippet:-1","max-image-preview":"max-image-preview:large","max-video-preview":"max-video-preview:-1"},"canonical":"https:\/\/bolting.eu\/en\/shop\/petzl-captiv-adjust\/","og_locale":"en_US","og_type":"article","og_title":"Petzl Captiv Adjust","og_description":"Petzl Captive Adjust Karabiner Positionierungsb\u00fcgel beim Kletterprofi kaufen \u2705 kostenloser Versand* \u2705 14 Tage R\u00fcckgaberecht \u2705 Co2 neutraler Versand","og_url":"https:\/\/bolting.eu\/en\/shop\/petzl-captiv-adjust\/","og_site_name":"bolting.eu","article_publisher":"https:\/\/www.facebook.com\/bolting.eu","article_modified_time":"2026-04-01T17:55:13+00:00","og_image":[{"width":700,"height":700,"url":"https:\/\/bolting.eu\/wp-content\/uploads\/2023\/09\/Petzl-Captiv-Adjust-1.jpg","type":"image\/jpeg"}],"twitter_card":"summary_large_image","twitter_misc":{"Price":"&euro;&nbsp;3,00","Availability":"In stock"},"schema":{"@context":"https:\/\/schema.org","@graph":[{"@type":["WebPage","ItemPage"],"@id":"https:\/\/bolting.eu\/en\/shop\/petzl-captiv-adjust\/","url":"https:\/\/bolting.eu\/en\/shop\/petzl-captiv-adjust\/","name":"Petzl Captiv Adjust - Karabiner Positionierungsb\u00fcgel | bolting.eu","isPartOf":{"@id":"https:\/\/bolting.eu\/en\/#website"},"primaryImageOfPage":{"@id":"https:\/\/bolting.eu\/en\/shop\/petzl-captiv-adjust\/#primaryimage"},"image":{"@id":"https:\/\/bolting.eu\/en\/shop\/petzl-captiv-adjust\/#primaryimage"},"thumbnailUrl":"https:\/\/bolting.eu\/wp-content\/uploads\/2023\/09\/Petzl-Captiv-Adjust-1.jpg","datePublished":"2023-09-05T07:23:58+00:00","dateModified":"2026-04-01T17:55:13+00:00","description":"Petzl Captive Adjust Karabiner Positionierungsb\u00fcgel beim Kletterprofi kaufen \u2705 kostenloser Versand* \u2705 14 Tage R\u00fcckgaberecht \u2705 Co2 neutraler Versand","breadcrumb":{"@id":"https:\/\/bolting.eu\/en\/shop\/petzl-captiv-adjust\/#breadcrumb"},"inLanguage":"en-US","potentialAction":[{"@type":"ReadAction","target":["https:\/\/bolting.eu\/en\/shop\/petzl-captiv-adjust\/"]}]},{"@type":"ImageObject","inLanguage":"en-US","@id":"https:\/\/bolting.eu\/en\/shop\/petzl-captiv-adjust\/#primaryimage","url":"https:\/\/bolting.eu\/wp-content\/uploads\/2023\/09\/Petzl-Captiv-Adjust-1.jpg","contentUrl":"https:\/\/bolting.eu\/wp-content\/uploads\/2023\/09\/Petzl-Captiv-Adjust-1.jpg","width":700,"height":700,"caption":"Schwarzer Petzl Karabiner Positionierungsb\u00fcgel."},{"@type":"BreadcrumbList","@id":"https:\/\/bolting.eu\/en\/shop\/petzl-captiv-adjust\/#breadcrumb","itemListElement":[{"@type":"ListItem","position":1,"name":"Shop","item":"https:\/\/bolting.eu\/en\/shop\/"},{"@type":"ListItem","position":2,"name":"climbing equipment","item":"https:\/\/bolting.eu\/en\/produkt-kategorie\/climbing-equipment\/"},{"@type":"ListItem","position":3,"name":"Climbing carabiner","item":"https:\/\/bolting.eu\/en\/produkt-kategorie\/climbing-carabiner\/"},{"@type":"ListItem","position":4,"name":"Petzl Captiv Adjust"}]},{"@type":"WebSite","@id":"https:\/\/bolting.eu\/en\/#website","url":"https:\/\/bolting.eu\/en\/","name":"bolting.eu","description":"we make climbs happen","publisher":{"@id":"https:\/\/bolting.eu\/en\/#organization"},"potentialAction":[{"@type":"SearchAction","target":{"@type":"EntryPoint","urlTemplate":"https:\/\/bolting.eu\/en\/?s={search_term_string}"},"query-input":{"@type":"PropertyValueSpecification","valueRequired":true,"valueName":"search_term_string"}}],"inLanguage":"en-US"},{"@type":["Organization","Place","SportingGoodsStore"],"@id":"https:\/\/bolting.eu\/en\/#organization","name":"bolting.eu","url":"https:\/\/bolting.eu\/en\/","logo":{"@id":"https:\/\/bolting.eu\/en\/shop\/petzl-captiv-adjust\/#local-main-organization-logo"},"image":{"@id":"https:\/\/bolting.eu\/en\/shop\/petzl-captiv-adjust\/#local-main-organization-logo"},"sameAs":["https:\/\/www.facebook.com\/bolting.eu","https:\/\/www.instagram.com\/bolting.eu\/"],"address":{"@id":"https:\/\/bolting.eu\/en\/shop\/petzl-captiv-adjust\/#local-main-place-address"},"geo":{"@type":"GeoCoordinates","latitude":"47.264176340396226","longitude":"11.380109057672346"},"telephone":["+43 699 19083372"],"openingHoursSpecification":[{"@type":"OpeningHoursSpecification","dayOfWeek":["Monday","Wednesday","Friday"],"opens":"14:00","closes":"18:00"},{"@type":"OpeningHoursSpecification","dayOfWeek":["Tuesday","Thursday","Saturday","Sunday"],"opens":"00:00","closes":"00:00"}],"email":"office@bolting.eu","vatID":"ATU59999728","priceRange":"$$","currenciesAccepted":"Euro"},{"@type":"PostalAddress","@id":"https:\/\/bolting.eu\/en\/shop\/petzl-captiv-adjust\/#local-main-place-address","streetAddress":"Fischnalerstra\u00dfe 4","addressLocality":"Innsbruck","postalCode":"6020","addressRegion":"Tirol","addressCountry":"AT"},{"@type":"ImageObject","inLanguage":"en-US","@id":"https:\/\/bolting.eu\/en\/shop\/petzl-captiv-adjust\/#local-main-organization-logo","url":"https:\/\/bolting.eu\/wp-content\/uploads\/2019\/09\/bolting-logo.png","contentUrl":"https:\/\/bolting.eu\/wp-content\/uploads\/2019\/09\/bolting-logo.png","width":400,"height":211,"caption":"bolting.eu"}]},"product_price_amount":"3.00","product_price_currency":"EUR","og_availability":"instock","product_availability":"instock","product_retailer_item_id":"M095AA00","product_condition":"new","geo.placename":"Innsbruck","geo.position":{"lat":"47.264176340396226","long":"11.380109057672346"},"geo.region":"Austria"},"_links":{"self":[{"href":"https:\/\/bolting.eu\/en\/wp-json\/wp\/v2\/product\/16868","targetHints":{"allow":["GET"]}}],"collection":[{"href":"https:\/\/bolting.eu\/en\/wp-json\/wp\/v2\/product"}],"about":[{"href":"https:\/\/bolting.eu\/en\/wp-json\/wp\/v2\/types\/product"}],"replies":[{"embeddable":true,"href":"https:\/\/bolting.eu\/en\/wp-json\/wp\/v2\/comments?post=16868"}],"wp:featuredmedia":[{"embeddable":true,"href":"https:\/\/bolting.eu\/en\/wp-json\/wp\/v2\/media\/16871"}],"wp:attachment":[{"href":"https:\/\/bolting.eu\/en\/wp-json\/wp\/v2\/media?parent=16868"}],"wp:term":[{"taxonomy":"product_brand","embeddable":true,"href":"https:\/\/bolting.eu\/en\/wp-json\/wp\/v2\/product_brand?post=16868"},{"taxonomy":"product_cat","embeddable":true,"href":"https:\/\/bolting.eu\/en\/wp-json\/wp\/v2\/product_cat?post=16868"},{"taxonomy":"product_tag","embeddable":true,"href":"https:\/\/bolting.eu\/en\/wp-json\/wp\/v2\/product_tag?post=16868"}],"curies":[{"name":"wp","href":"https:\/\/api.w.org\/{rel}","templated":true}]}}