{"id":16719,"date":"2023-08-11T15:47:08","date_gmt":"2023-08-11T13:47:08","guid":{"rendered":"https:\/\/bolting.eu\/?post_type=product&#038;p=16719"},"modified":"2026-04-22T16:15:42","modified_gmt":"2026-04-22T14:15:42","slug":"black-diamond-dynex-runner","status":"publish","type":"product","link":"https:\/\/bolting.eu\/en\/shop\/black-diamond-dynex-runner\/","title":{"rendered":"Black Diamond Dynex Runner"},"content":{"rendered":"<p>Die Black Diamond Dynex Runner sind 10mm breite Rundschlingen aus hochdichtem Polyethylen. Es ist vereinfacht gesagt eine &#8220;Abart&#8221; von &#8220;Dyneema&#8221;. Ein extrem schnittfestes und leichtes Material. Zudem nimmt es kein Wasser auf.<\/p>\n<p>Somit ist dieser Werkstoff ideal f\u00fcr Bandschlingen. Sie k\u00f6nnen folglich auch \u00fcber Felsk\u00f6pfe gelegt oder zum F\u00e4deln f\u00fcr Sanduhren verwendet werden. Als Verbindungsmittel bzw. zum Standplatzbau sind sie selbstverst\u00e4ndlich auch bestens geeignet. Die 60cm Variante wird mit den <a href=\"https:\/\/bolting.eu\/shop\/black-diamond-litewire-carabiner\/\">Litewire<\/a> oder <a href=\"https:\/\/bolting.eu\/shop\/black-diamond-miniwire-carabiner\/\">MiniWire<\/a> Karabinern auch ganz oft zum Bau von &#8220;<a href=\"https:\/\/bolting.eu\/verlaengerbare-expressschlinge\/\">verl\u00e4ngerbaren Expressen<\/a>&#8221; verwendet.<\/p>\n<p>Wir bieten die Schlingen in allen L\u00e4ngen an: 30cm, 60cm, 120cm und 240cm.<\/p>\n<p>Wer sich f\u00fcr sein n\u00e4chstes alpines Abenteuer oder Mehrseill\u00e4ngenroute ausstatten will, der ist hier richtig!<\/p>\n<h2>Eigenschaften Dynex Runners<\/h2>\n<ul>\n<li>Hersteller: <a href=\"https:\/\/bolting.eu\/produkt-kategorie\/black-diamond\/\">Black Diamond<\/a><\/li>\n<li>Material: Dynex = HDPE hochdichtes Polyethylen<\/li>\n<li>L\u00e4ngen: 30cm, 60cm, 120cm, 240cm<\/li>\n<li>Breite: 10mm<\/li>\n<li>Gewicht: 1 Gramm, 19 Gramm, 39 Gramm, 72 Gramm<\/li>\n<li>L\u00e4ngen farbcodiert zur Unterscheidung<\/li>\n<li>Normen: EN 566<\/li>\n<li>extrem leicht und schnittfest<\/li>\n<li>nimmt kein Wasser auf<\/li>\n<li>sehr gut knotbar, wie z.B Mastwurf \u00fcber HMS Karabiner<\/li>\n<li>niedriger Schmelzpunkt schon bei 110\u00b0C!<\/li>\n<li>ideal f\u00fcr Standplatzbau, als Zwischensicherung, F\u00e4deln von Sanduhren<\/li>\n<li>Aufbewahrungsfrist 10 Jahre<\/li>\n<li><a href=\"https:\/\/blackdiamond-web.cdn.prismic.io\/blackdiamond-web\/fa529d1b-848e-4c5f-a9b6-ff8f4f462773_MM5824_R_Runners+and+Dogbones_IS-WEB.pdf\">Bedienungsanleitung<\/a><\/li>\n<\/ul>\n<h3>Hochdichtes Polyethylen<\/h3>\n<p>Die Black Diamond Runners bestehen aus &#8220;Dynex&#8221;. Das ist ein Markenname eines Herstellers, der hochdichtes Polyethylen herstellt. Es handelt sich dabei also um eine Abart des Stoffes, den wir besser als &#8220;Dyneema&#8221; kennen.<\/p>\n<p>BD sichert sich damit einfach zum einen die Unabh\u00e4ngigkeit des Weltmarktf\u00fchrers bei Polyethylen. Und zum anderen greifen sie auf ein noch schnittfesteres und leichteres Material zu.<\/p>\n<h3>Alle L\u00e4ngen verf\u00fcgbar<\/h3>\n<p>Die Dynex Runners gibt es in vier L\u00e4ngen:<\/p>\n<ul>\n<li>30cm: als Express oder f\u00fcr kurze Verbindungen<\/li>\n<li>60cm: klassisch als &#8220;verl\u00e4ngerbare&#8221; Express<\/li>\n<li>120cm: f\u00fcr Sanduhren, weiches Auge, Abseilschlinge, usw&#8230;<\/li>\n<li>240cm: f\u00fcr den Standplatzbau<\/li>\n<\/ul>\n<p>Ihr seht. Je nach euren Bed\u00fcrfnissen bieten wir die passende L\u00f6sung f\u00fcr euer Rack!<\/p>\n<h3>Wann muss ein Black Diamond Dynex Runner ausgetauscht werden?<\/h3>\n<p>Dieses Produkt aus HDPE hat eine Lagerfrist von 10 Jahren. In diesem Zeitraum kann man die Nutzung beginnen und sollte sie dann auch abschlie\u00dfen. D.h. sp\u00e4testens nach 10 Jahren.<\/p>\n<p>Aktuelle Untersuchungen zeigen, dass Bandschlingen nach 3 Jahren getauscht werden sollten. N\u00e4mlich dann, wenn sie regelm\u00e4\u00dfig verwendet werden. In diesem Fall wurden Normbruchwerte festgestellt.<\/p>\n<p>Wer sein Material sehr intensiv benutzt, muss dieses ohnehin regelm\u00e4\u00dfig inspizieren. Es kann also sein, dass ein Runner schon deutlich fr\u00fcher auszuscheiden ist. In jedem Fall, wenn das Bandmaterial irgendwo eingerissen ist.<\/p>\n<h3>Achtung bei Hitze!<\/h3>\n<p>Das Black Diamond Dynex Material bei den Runners hat einen Schmelzpunkt bei nur 110\u00b0C. Es ist also extrem hitzeempfindlich.<\/p>\n<p>Folglich diese Dinge<strong> unbedingt vermeiden<\/strong>:<\/p>\n<ul>\n<li>als Bremsknoten beim Abseilen verwenden<\/li>\n<li>\u00fcber Ofen oder Heizung trocknen<\/li>\n<li>niemals hinter Glasscheiben liegen lassen wie z.B. im Auto<\/li>\n<\/ul>\n","protected":false},"excerpt":{"rendered":"<p>10mm Bandschlinge aus &#8220;Dynex&#8221; Material = hochdichtes Polyethylen. Es ist extrem schnittfest, leicht und nimmt kein Wasser auf.<\/p>\n<p>Ideal f\u00fcr alle Kletteraktivit\u00e4ten wie Standplatzbau, als Expressschlinge oder zum F\u00e4deln von Sanduhren. Erh\u00e4ltlich in 30cm, 60cm, 120cm, 180cm und 240cm.<\/p>\n<p>Versandkostenfrei bis 2kg in <img decoding=\"async\" class=\"emoji\" role=\"img\" draggable=\"false\" src=\"https:\/\/s.w.org\/images\/core\/emoji\/14.0.0\/svg\/1f1e6-1f1f9.svg\" alt=\"\ud83c\udde6\ud83c\uddf9\" \/> ab \u20ac 100,- und <img decoding=\"async\" class=\"emoji\" role=\"img\" draggable=\"false\" src=\"https:\/\/s.w.org\/images\/core\/emoji\/14.0.0\/svg\/1f1e9-1f1ea.svg\" alt=\"\ud83c\udde9\ud83c\uddea\" \/> ab \u20ac 200,-!<\/p>\n<p>&nbsp;<\/p>\n","protected":false},"featured_media":16725,"comment_status":"closed","ping_status":"closed","template":"","meta":[],"product_brand":[],"product_cat":[4658,7707,29,259],"product_tag":[],"class_list":{"0":"post-16719","1":"product","2":"type-product","3":"status-publish","4":"has-post-thumbnail","6":"product_cat-black-diamond","7":"product_cat-dyneema-bandschlingen","8":"product_cat-kletterausruestung","9":"product_cat-bandschlinge","11":"first","12":"instock","13":"taxable","14":"shipping-taxable","15":"purchasable","16":"product-type-variable"},"yoast_head":"<!-- This site is optimized with the Yoast SEO Premium plugin v26.9 (Yoast SEO v26.9) - https:\/\/yoast.com\/product\/yoast-seo-premium-wordpress\/ -->\n<title>Black Diamond Dynex Runner | bolting.eu<\/title>\n<meta name=\"description\" content=\"Black Diamond Dynex Runner beim Kletterprofi aus Innsbruck kaufen \u2705 kostenloser Versand* \u2705 14 Tage R\u00fcckgaberecht \u2705 Co2 neutraler Versand\" \/>\n<meta name=\"robots\" content=\"index, follow, max-snippet:-1, max-image-preview:large, max-video-preview:-1\" \/>\n<link rel=\"canonical\" href=\"https:\/\/bolting.eu\/en\/shop\/black-diamond-dynex-runner\/\" \/>\n<meta property=\"og:locale\" content=\"en_US\" \/>\n<meta property=\"og:type\" content=\"article\" \/>\n<meta property=\"og:title\" content=\"Black Diamond Dynex Runner\" \/>\n<meta property=\"og:description\" content=\"Black Diamond Dynex Runner beim Kletterprofi aus Innsbruck kaufen \u2705 kostenloser Versand* \u2705 14 Tage R\u00fcckgaberecht \u2705 Co2 neutraler Versand\" \/>\n<meta property=\"og:url\" content=\"https:\/\/bolting.eu\/en\/shop\/black-diamond-dynex-runner\/\" \/>\n<meta property=\"og:site_name\" content=\"bolting.eu\" \/>\n<meta property=\"article:publisher\" content=\"https:\/\/www.facebook.com\/bolting.eu\" \/>\n<meta property=\"article:modified_time\" content=\"2026-04-22T14:15:42+00:00\" \/>\n<meta property=\"og:image\" content=\"https:\/\/bolting.eu\/wp-content\/uploads\/2023\/08\/BD-Dynex-Runner-all.jpg\" \/>\n\t<meta property=\"og:image:width\" content=\"700\" \/>\n\t<meta property=\"og:image:height\" content=\"700\" \/>\n\t<meta property=\"og:image:type\" content=\"image\/jpeg\" \/>\n<meta name=\"twitter:card\" content=\"summary_large_image\" \/>\n<meta name=\"twitter:label1\" content=\"Availability\" \/>\n\t<meta name=\"twitter:data1\" content=\"In stock\" \/>\n<script type=\"application\/ld+json\" class=\"yoast-schema-graph\">{\"@context\":\"https:\/\/schema.org\",\"@graph\":[{\"@type\":[\"WebPage\",\"ItemPage\"],\"@id\":\"https:\/\/bolting.eu\/en\/shop\/black-diamond-dynex-runner\/\",\"url\":\"https:\/\/bolting.eu\/en\/shop\/black-diamond-dynex-runner\/\",\"name\":\"Black Diamond Dynex Runner | bolting.eu\",\"isPartOf\":{\"@id\":\"https:\/\/bolting.eu\/en\/#website\"},\"primaryImageOfPage\":{\"@id\":\"https:\/\/bolting.eu\/en\/shop\/black-diamond-dynex-runner\/#primaryimage\"},\"image\":{\"@id\":\"https:\/\/bolting.eu\/en\/shop\/black-diamond-dynex-runner\/#primaryimage\"},\"thumbnailUrl\":\"https:\/\/bolting.eu\/wp-content\/uploads\/2023\/08\/BD-Dynex-Runner-all.jpg\",\"datePublished\":\"2023-08-11T13:47:08+00:00\",\"dateModified\":\"2026-04-22T14:15:42+00:00\",\"description\":\"Black Diamond Dynex Runner beim Kletterprofi aus Innsbruck kaufen \u2705 kostenloser Versand* \u2705 14 Tage R\u00fcckgaberecht \u2705 Co2 neutraler Versand\",\"breadcrumb\":{\"@id\":\"https:\/\/bolting.eu\/en\/shop\/black-diamond-dynex-runner\/#breadcrumb\"},\"inLanguage\":\"en-US\",\"potentialAction\":[{\"@type\":\"ReadAction\",\"target\":[\"https:\/\/bolting.eu\/en\/shop\/black-diamond-dynex-runner\/\"]}]},{\"@type\":\"ImageObject\",\"inLanguage\":\"en-US\",\"@id\":\"https:\/\/bolting.eu\/en\/shop\/black-diamond-dynex-runner\/#primaryimage\",\"url\":\"https:\/\/bolting.eu\/wp-content\/uploads\/2023\/08\/BD-Dynex-Runner-all.jpg\",\"contentUrl\":\"https:\/\/bolting.eu\/wp-content\/uploads\/2023\/08\/BD-Dynex-Runner-all.jpg\",\"width\":700,\"height\":700,\"caption\":\"Vier unterschiedliche Black Diamond Dynex Runner nebeneinander.\"},{\"@type\":\"BreadcrumbList\",\"@id\":\"https:\/\/bolting.eu\/en\/shop\/black-diamond-dynex-runner\/#breadcrumb\",\"itemListElement\":[{\"@type\":\"ListItem\",\"position\":1,\"name\":\"Shop\",\"item\":\"https:\/\/bolting.eu\/en\/shop\/\"},{\"@type\":\"ListItem\",\"position\":2,\"name\":\"climbing equipment\",\"item\":\"https:\/\/bolting.eu\/en\/produkt-kategorie\/climbing-equipment\/\"},{\"@type\":\"ListItem\",\"position\":3,\"name\":\"Bandschlinge\",\"item\":\"https:\/\/bolting.eu\/produkt-kategorie\/kletterausruestung\/bandschlinge\/\"},{\"@type\":\"ListItem\",\"position\":4,\"name\":\"Black Diamond Dynex Runner\"}]},{\"@type\":\"WebSite\",\"@id\":\"https:\/\/bolting.eu\/en\/#website\",\"url\":\"https:\/\/bolting.eu\/en\/\",\"name\":\"bolting.eu\",\"description\":\"we make climbs happen\",\"publisher\":{\"@id\":\"https:\/\/bolting.eu\/en\/#organization\"},\"potentialAction\":[{\"@type\":\"SearchAction\",\"target\":{\"@type\":\"EntryPoint\",\"urlTemplate\":\"https:\/\/bolting.eu\/en\/?s={search_term_string}\"},\"query-input\":{\"@type\":\"PropertyValueSpecification\",\"valueRequired\":true,\"valueName\":\"search_term_string\"}}],\"inLanguage\":\"en-US\"},{\"@type\":[\"Organization\",\"Place\",\"SportingGoodsStore\"],\"@id\":\"https:\/\/bolting.eu\/en\/#organization\",\"name\":\"bolting.eu\",\"url\":\"https:\/\/bolting.eu\/en\/\",\"logo\":{\"@id\":\"https:\/\/bolting.eu\/en\/shop\/black-diamond-dynex-runner\/#local-main-organization-logo\"},\"image\":{\"@id\":\"https:\/\/bolting.eu\/en\/shop\/black-diamond-dynex-runner\/#local-main-organization-logo\"},\"sameAs\":[\"https:\/\/www.facebook.com\/bolting.eu\",\"https:\/\/www.instagram.com\/bolting.eu\/\"],\"address\":{\"@id\":\"https:\/\/bolting.eu\/en\/shop\/black-diamond-dynex-runner\/#local-main-place-address\"},\"geo\":{\"@type\":\"GeoCoordinates\",\"latitude\":\"47.264176340396226\",\"longitude\":\"11.380109057672346\"},\"telephone\":[\"+43 699 19083372\"],\"openingHoursSpecification\":[{\"@type\":\"OpeningHoursSpecification\",\"dayOfWeek\":[\"Monday\",\"Wednesday\",\"Friday\"],\"opens\":\"14:00\",\"closes\":\"18:00\"},{\"@type\":\"OpeningHoursSpecification\",\"dayOfWeek\":[\"Tuesday\",\"Thursday\",\"Saturday\",\"Sunday\"],\"opens\":\"00:00\",\"closes\":\"00:00\"}],\"email\":\"office@bolting.eu\",\"vatID\":\"ATU59999728\",\"priceRange\":\"$$\",\"currenciesAccepted\":\"Euro\"},{\"@type\":\"PostalAddress\",\"@id\":\"https:\/\/bolting.eu\/en\/shop\/black-diamond-dynex-runner\/#local-main-place-address\",\"streetAddress\":\"Fischnalerstra\u00dfe 4\",\"addressLocality\":\"Innsbruck\",\"postalCode\":\"6020\",\"addressRegion\":\"Tirol\",\"addressCountry\":\"AT\"},{\"@type\":\"ImageObject\",\"inLanguage\":\"en-US\",\"@id\":\"https:\/\/bolting.eu\/en\/shop\/black-diamond-dynex-runner\/#local-main-organization-logo\",\"url\":\"https:\/\/bolting.eu\/wp-content\/uploads\/2019\/09\/bolting-logo.png\",\"contentUrl\":\"https:\/\/bolting.eu\/wp-content\/uploads\/2019\/09\/bolting-logo.png\",\"width\":400,\"height\":211,\"caption\":\"bolting.eu\"}]}<\/script>\n<meta property=\"og:availability\" content=\"instock\" \/>\n<meta property=\"product:availability\" content=\"instock\" \/>\n<meta property=\"product:condition\" content=\"new\" \/>\n<meta name=\"geo.placename\" content=\"Innsbruck\" \/>\n<meta name=\"geo.position\" content=\"47.264176340396226;11.380109057672346\" \/>\n<meta name=\"geo.region\" content=\"Austria\" \/>\n<!-- \/ Yoast SEO Premium plugin. -->","yoast_head_json":{"title":"Black Diamond Dynex Runner | bolting.eu","description":"Black Diamond Dynex Runner beim Kletterprofi aus Innsbruck kaufen \u2705 kostenloser Versand* \u2705 14 Tage R\u00fcckgaberecht \u2705 Co2 neutraler Versand","robots":{"index":"index","follow":"follow","max-snippet":"max-snippet:-1","max-image-preview":"max-image-preview:large","max-video-preview":"max-video-preview:-1"},"canonical":"https:\/\/bolting.eu\/en\/shop\/black-diamond-dynex-runner\/","og_locale":"en_US","og_type":"article","og_title":"Black Diamond Dynex Runner","og_description":"Black Diamond Dynex Runner beim Kletterprofi aus Innsbruck kaufen \u2705 kostenloser Versand* \u2705 14 Tage R\u00fcckgaberecht \u2705 Co2 neutraler Versand","og_url":"https:\/\/bolting.eu\/en\/shop\/black-diamond-dynex-runner\/","og_site_name":"bolting.eu","article_publisher":"https:\/\/www.facebook.com\/bolting.eu","article_modified_time":"2026-04-22T14:15:42+00:00","og_image":[{"width":700,"height":700,"url":"https:\/\/bolting.eu\/wp-content\/uploads\/2023\/08\/BD-Dynex-Runner-all.jpg","type":"image\/jpeg"}],"twitter_card":"summary_large_image","twitter_misc":{"Availability":"In stock"},"schema":{"@context":"https:\/\/schema.org","@graph":[{"@type":["WebPage","ItemPage"],"@id":"https:\/\/bolting.eu\/en\/shop\/black-diamond-dynex-runner\/","url":"https:\/\/bolting.eu\/en\/shop\/black-diamond-dynex-runner\/","name":"Black Diamond Dynex Runner | bolting.eu","isPartOf":{"@id":"https:\/\/bolting.eu\/en\/#website"},"primaryImageOfPage":{"@id":"https:\/\/bolting.eu\/en\/shop\/black-diamond-dynex-runner\/#primaryimage"},"image":{"@id":"https:\/\/bolting.eu\/en\/shop\/black-diamond-dynex-runner\/#primaryimage"},"thumbnailUrl":"https:\/\/bolting.eu\/wp-content\/uploads\/2023\/08\/BD-Dynex-Runner-all.jpg","datePublished":"2023-08-11T13:47:08+00:00","dateModified":"2026-04-22T14:15:42+00:00","description":"Black Diamond Dynex Runner beim Kletterprofi aus Innsbruck kaufen \u2705 kostenloser Versand* \u2705 14 Tage R\u00fcckgaberecht \u2705 Co2 neutraler Versand","breadcrumb":{"@id":"https:\/\/bolting.eu\/en\/shop\/black-diamond-dynex-runner\/#breadcrumb"},"inLanguage":"en-US","potentialAction":[{"@type":"ReadAction","target":["https:\/\/bolting.eu\/en\/shop\/black-diamond-dynex-runner\/"]}]},{"@type":"ImageObject","inLanguage":"en-US","@id":"https:\/\/bolting.eu\/en\/shop\/black-diamond-dynex-runner\/#primaryimage","url":"https:\/\/bolting.eu\/wp-content\/uploads\/2023\/08\/BD-Dynex-Runner-all.jpg","contentUrl":"https:\/\/bolting.eu\/wp-content\/uploads\/2023\/08\/BD-Dynex-Runner-all.jpg","width":700,"height":700,"caption":"Vier unterschiedliche Black Diamond Dynex Runner nebeneinander."},{"@type":"BreadcrumbList","@id":"https:\/\/bolting.eu\/en\/shop\/black-diamond-dynex-runner\/#breadcrumb","itemListElement":[{"@type":"ListItem","position":1,"name":"Shop","item":"https:\/\/bolting.eu\/en\/shop\/"},{"@type":"ListItem","position":2,"name":"climbing equipment","item":"https:\/\/bolting.eu\/en\/produkt-kategorie\/climbing-equipment\/"},{"@type":"ListItem","position":3,"name":"Bandschlinge","item":"https:\/\/bolting.eu\/produkt-kategorie\/kletterausruestung\/bandschlinge\/"},{"@type":"ListItem","position":4,"name":"Black Diamond Dynex Runner"}]},{"@type":"WebSite","@id":"https:\/\/bolting.eu\/en\/#website","url":"https:\/\/bolting.eu\/en\/","name":"bolting.eu","description":"we make climbs happen","publisher":{"@id":"https:\/\/bolting.eu\/en\/#organization"},"potentialAction":[{"@type":"SearchAction","target":{"@type":"EntryPoint","urlTemplate":"https:\/\/bolting.eu\/en\/?s={search_term_string}"},"query-input":{"@type":"PropertyValueSpecification","valueRequired":true,"valueName":"search_term_string"}}],"inLanguage":"en-US"},{"@type":["Organization","Place","SportingGoodsStore"],"@id":"https:\/\/bolting.eu\/en\/#organization","name":"bolting.eu","url":"https:\/\/bolting.eu\/en\/","logo":{"@id":"https:\/\/bolting.eu\/en\/shop\/black-diamond-dynex-runner\/#local-main-organization-logo"},"image":{"@id":"https:\/\/bolting.eu\/en\/shop\/black-diamond-dynex-runner\/#local-main-organization-logo"},"sameAs":["https:\/\/www.facebook.com\/bolting.eu","https:\/\/www.instagram.com\/bolting.eu\/"],"address":{"@id":"https:\/\/bolting.eu\/en\/shop\/black-diamond-dynex-runner\/#local-main-place-address"},"geo":{"@type":"GeoCoordinates","latitude":"47.264176340396226","longitude":"11.380109057672346"},"telephone":["+43 699 19083372"],"openingHoursSpecification":[{"@type":"OpeningHoursSpecification","dayOfWeek":["Monday","Wednesday","Friday"],"opens":"14:00","closes":"18:00"},{"@type":"OpeningHoursSpecification","dayOfWeek":["Tuesday","Thursday","Saturday","Sunday"],"opens":"00:00","closes":"00:00"}],"email":"office@bolting.eu","vatID":"ATU59999728","priceRange":"$$","currenciesAccepted":"Euro"},{"@type":"PostalAddress","@id":"https:\/\/bolting.eu\/en\/shop\/black-diamond-dynex-runner\/#local-main-place-address","streetAddress":"Fischnalerstra\u00dfe 4","addressLocality":"Innsbruck","postalCode":"6020","addressRegion":"Tirol","addressCountry":"AT"},{"@type":"ImageObject","inLanguage":"en-US","@id":"https:\/\/bolting.eu\/en\/shop\/black-diamond-dynex-runner\/#local-main-organization-logo","url":"https:\/\/bolting.eu\/wp-content\/uploads\/2019\/09\/bolting-logo.png","contentUrl":"https:\/\/bolting.eu\/wp-content\/uploads\/2019\/09\/bolting-logo.png","width":400,"height":211,"caption":"bolting.eu"}]},"og_availability":"instock","product_availability":"instock","product_condition":"new","geo.placename":"Innsbruck","geo.position":{"lat":"47.264176340396226","long":"11.380109057672346"},"geo.region":"Austria"},"_links":{"self":[{"href":"https:\/\/bolting.eu\/en\/wp-json\/wp\/v2\/product\/16719","targetHints":{"allow":["GET"]}}],"collection":[{"href":"https:\/\/bolting.eu\/en\/wp-json\/wp\/v2\/product"}],"about":[{"href":"https:\/\/bolting.eu\/en\/wp-json\/wp\/v2\/types\/product"}],"replies":[{"embeddable":true,"href":"https:\/\/bolting.eu\/en\/wp-json\/wp\/v2\/comments?post=16719"}],"wp:featuredmedia":[{"embeddable":true,"href":"https:\/\/bolting.eu\/en\/wp-json\/wp\/v2\/media\/16725"}],"wp:attachment":[{"href":"https:\/\/bolting.eu\/en\/wp-json\/wp\/v2\/media?parent=16719"}],"wp:term":[{"taxonomy":"product_brand","embeddable":true,"href":"https:\/\/bolting.eu\/en\/wp-json\/wp\/v2\/product_brand?post=16719"},{"taxonomy":"product_cat","embeddable":true,"href":"https:\/\/bolting.eu\/en\/wp-json\/wp\/v2\/product_cat?post=16719"},{"taxonomy":"product_tag","embeddable":true,"href":"https:\/\/bolting.eu\/en\/wp-json\/wp\/v2\/product_tag?post=16719"}],"curies":[{"name":"wp","href":"https:\/\/api.w.org\/{rel}","templated":true}]}}