{"id":16698,"date":"2023-08-11T09:41:27","date_gmt":"2023-08-11T07:41:27","guid":{"rendered":"https:\/\/bolting.eu\/?post_type=product&#038;p=16698"},"modified":"2026-03-18T18:41:07","modified_gmt":"2026-03-18T17:41:07","slug":"edelrid-hallenkletterseil","status":"publish","type":"product","link":"https:\/\/bolting.eu\/en\/shop\/edelrid-hallenkletterseil\/","title":{"rendered":"Edelrid Hallenkletterseil"},"content":{"rendered":"<p>Unser Edelrid Hallenkletterseil ist das Boa Gym 9,8mm von der Rolle. Somit k\u00f6nnt ihr die gew\u00fcnschte L\u00e4nge den Dimensionen eurer Kletterhalle anpassen.<\/p>\n<p>D.h. ihr k\u00f6nnt auf den Meter genau bestimmen, wie lange euer &#8220;Strick&#8221; sein soll. Folglich zahlt ihr hier keinen Meter zu viel.<\/p>\n<p>Zudem profitiert ihr von zwei weiteren Vorteilen. Erstens k\u00f6nnt ihr z.B. ein 35m Seil noch mit den anderen Klettersachen in einen Rucksack geben. Und zweitens h\u00e4lt dieses Modell mit abriebfestem Polyester Mantel und fester geflochtenem Kern deutlich l\u00e4nger als ein Outdoor Modell.<\/p>\n<p>Mit 9,8mm ist dieses Modell f\u00fcr alle <a href=\"https:\/\/bolting.eu\/produkt-kategorie\/kletterausruestung\/sicherungsgeraete-klettern\/\">Sicherungsger\u00e4te<\/a> sehr gut zu verwenden!<\/p>\n<h3>Eigenschaften <a href=\"https:\/\/bolting.eu\/produkt-kategorie\/edelrid\/\">Edelrid<\/a> Hallenkletterseil<\/h3>\n<ul>\n<li>Modell: Boa Gym<\/li>\n<li>Seilart: Einfachseil<\/li>\n<li>Impr\u00e4gnierung: Thermo Shield Behandlung<\/li>\n<li>zweifl\u00e4chtiger Mantel f\u00fcr kompakte + glatte Struktur<\/li>\n<li>Normst\u00fcrze: 7<\/li>\n<li>Durchmesser 9,8mm<\/li>\n<li>Gewicht \/ Meter: 68 Gramm<\/li>\n<li>Fangstoss: 8,8kN<\/li>\n<li>stat. \/ dyn. Dehnung: 5,5% \/ 32%<\/li>\n<li>EN Norm: EN 892<\/li>\n<li>UIAA 101 bzw. CE 123<\/li>\n<li>Mantelverschiebung: keine<\/li>\n<li>f\u00fcr alle g\u00e4ngigen Sicherungsger\u00e4te geeignet<\/li>\n<li><a href=\"https:\/\/avs.edelrid.com\/images\/attribut\/54517_GAL_Dynamic_Ropes_ANSICHT.pdf\" target=\"_blank\" rel=\"noopener\">Bedienungsanleitung<\/a><\/li>\n<\/ul>\n<h3>Vorteil 1 &#8211; individuelle L\u00e4nge<\/h3>\n<p>Unser Kletterseil f\u00fcr die Halle von der Rolle hat einen ganz entscheidenden Vorteil. Man kann sich de L\u00e4nge auf den Meter genau aussuchen!<\/p>\n<p>D.h. man kann sich &#8211; je nachdem wo man sich meistens Indoor aufh\u00e4lt &#8211; einen &#8220;Strick&#8221; zulegen.<\/p>\n<p>Das ist erstens <strong>sehr wirtschaftlich<\/strong>. Und zweitens hat man ein <strong>sehr kleines Packma\u00df<\/strong>. Somit kann man sein Rope noch mit in den Kletterrucksack packen.<\/p>\n<h3>Hallenkletterseil = viel langlebiger<\/h3>\n<p>Ein weiteres Argument f\u00fcr dieses Edelrid Modell ist seine Langlebigkeit. Denn dieses Modell hat einen Mantel aus Polyester. Dieses Material ist viel abriebfester als Polyamid. Die Thermo Shield Behandlung und der zweifl\u00e4chtige Mantel sorgen zus\u00e4tzlich f\u00fcr eine glatte Oberfl\u00e4che und fl\u00fcssiges Durchlaufen beim Sicherungsger\u00e4t und Karabinern.<\/p>\n<p>Das ist also grunds\u00e4tzlich anders als bei alten Outdoor Stricken. Diese werden ja oft f\u00fcr die Halle genommen wenn man sie mehrmals abgeschnitten hat.\u00a0Denn diese sind aus Polyamid. Und zudem nimmt man meist den ganzen Schmutz im Mantel &#8220;automatisch&#8221;mit. Das nagt dann an <a href=\"https:\/\/bolting.eu\/shop\/petzl-grigri-2\/\">GriGri<\/a> und Co. bzw. den Hallen Umlenkern. Man sieht dies oft deutlich an den vielen grauen H\u00e4nden der Kletterer.<\/p>\n<p>Dann kommt der &#8220;normale&#8221; Mantel dazu. Bei jedem Ablassvorgang wird er immer nur Richtung Mitte geschoben. Das macht sich irgendwann mit Mantelverschiebung und extrem weicher Konsistenz bemerkbar,\u00a0 was in ganz schlechtem Handling m\u00fcndet.<\/p>\n<h3>9,8mm Durchmesser<\/h3>\n<p>Das Hallenseil von Edelrid hat einen Durchmesser von 9,8mm. Das ist zwar verh\u00e4ltnism\u00e4\u00dfig viel. Aber es bringt einige Vorteile mit sich.<\/p>\n<p>Erstens sorgt der hohe Mantelanteil mit seinen Eigenschaften f\u00fcr extreme Langlebigkeit. Denn ein &#8220;dickes&#8221; Rope h\u00e4lt einfach mehr aus als ein d\u00fcnnes.<\/p>\n<p>Zweitens kann dieses Modell f\u00fcr so gut wie alle Sicherungsger\u00e4te verwendet werden. Davon profitieren vor allem Anf\u00e4nger bis Intermediates, weil dieses Modell eine etwas h\u00f6her Reibung verursacht. Folglich ist die Bedienung von modernen Auto-Tubern wie z.B. <a href=\"https:\/\/bolting.eu\/shop\/austrialpin-fish-sicherungsgeraet\/\">Austrialpin Fish<\/a> oder dem <a href=\"https:\/\/bolting.eu\/shop\/click-up-sicherungsgeraet-climbing-technology\/\">CT Click &#8211; up<\/a> deutlich sicherer. Ein m\u00f6gliches, gef\u00e4hrliches Durchrutschen wie bei einem 9,1mm Seil wie dem <a href=\"https:\/\/bolting.eu\/shop\/beal-joker-dry-cover-91mm\/\">Beal Joker<\/a> gibt es hier nicht.<\/p>\n","protected":false},"excerpt":{"rendered":"<p>9,8mm Hallenkletterseil von Edelrid mit extra dichtem, zweifl\u00e4chtigem Mantel aus Polyester. Somit ist es extrem abriebfest.<\/p>\n<p>Hier k\u00f6nnt ihr dieses Modell als Meterware bestellen. Ideal zum Anpassen der L\u00e4nge an eure prim\u00e4re Halle!<\/p>\n<p>Versandkostenfrei bis 2kg in <img decoding=\"async\" class=\"emoji\" role=\"img\" draggable=\"false\" src=\"https:\/\/s.w.org\/images\/core\/emoji\/14.0.0\/svg\/1f1e6-1f1f9.svg\" alt=\"\ud83c\udde6\ud83c\uddf9\" \/> ab \u20ac 100,- und <img decoding=\"async\" class=\"emoji\" role=\"img\" draggable=\"false\" src=\"https:\/\/s.w.org\/images\/core\/emoji\/14.0.0\/svg\/1f1e9-1f1ea.svg\" alt=\"\ud83c\udde9\ud83c\uddea\" \/> ab \u20ac 200,-!<\/p>\n","protected":false},"featured_media":16708,"comment_status":"closed","ping_status":"closed","template":"","meta":[],"product_brand":[],"product_cat":[14434,29,15211],"product_tag":[],"class_list":{"0":"post-16698","1":"product","2":"type-product","3":"status-publish","4":"has-post-thumbnail","6":"product_cat-meterware","7":"product_cat-kletterausruestung","8":"product_cat-kletterwand-zubehoer","10":"first","11":"instock","12":"taxable","13":"shipping-taxable","14":"purchasable","15":"product-type-simple"},"yoast_head":"<!-- This site is optimized with the Yoast SEO Premium plugin v26.9 (Yoast SEO v26.9) - https:\/\/yoast.com\/product\/yoast-seo-premium-wordpress\/ -->\n<title>Edelrid Hallenkletterseil - 9,8mm mit Polyester Mantel | bolting.eu<\/title>\n<meta name=\"description\" content=\"Hallenkletterseil Edelrid 9,8mm beim Kletterprofi aus Innsbruck kaufen \u2705 kostenloser Versand* \u2705 14 Tage R\u00fcckgaberecht \u2705 Co2 neutraler Versand\" \/>\n<meta name=\"robots\" content=\"index, follow, max-snippet:-1, max-image-preview:large, max-video-preview:-1\" \/>\n<link rel=\"canonical\" href=\"https:\/\/bolting.eu\/en\/shop\/edelrid-hallenkletterseil\/\" \/>\n<meta property=\"og:locale\" content=\"en_US\" \/>\n<meta property=\"og:type\" content=\"article\" \/>\n<meta property=\"og:title\" content=\"Edelrid Hallenkletterseil\" \/>\n<meta property=\"og:description\" content=\"Hallenkletterseil Edelrid 9,8mm beim Kletterprofi aus Innsbruck kaufen \u2705 kostenloser Versand* \u2705 14 Tage R\u00fcckgaberecht \u2705 Co2 neutraler Versand\" \/>\n<meta property=\"og:url\" content=\"https:\/\/bolting.eu\/en\/shop\/edelrid-hallenkletterseil\/\" \/>\n<meta property=\"og:site_name\" content=\"bolting.eu\" \/>\n<meta property=\"article:publisher\" content=\"https:\/\/www.facebook.com\/bolting.eu\" \/>\n<meta property=\"article:modified_time\" content=\"2026-03-18T17:41:07+00:00\" \/>\n<meta property=\"og:image\" content=\"https:\/\/bolting.eu\/wp-content\/uploads\/2023\/08\/Edelrid-Hallenkletterseil.jpg\" \/>\n\t<meta property=\"og:image:width\" content=\"700\" \/>\n\t<meta property=\"og:image:height\" content=\"700\" \/>\n\t<meta property=\"og:image:type\" content=\"image\/jpeg\" \/>\n<meta name=\"twitter:card\" content=\"summary_large_image\" \/>\n<meta name=\"twitter:label1\" content=\"Price\" \/>\n\t<meta name=\"twitter:data1\" content=\"&euro;&nbsp;2,89\" \/>\n\t<meta name=\"twitter:label2\" content=\"Availability\" \/>\n\t<meta name=\"twitter:data2\" content=\"In stock\" \/>\n<script type=\"application\/ld+json\" class=\"yoast-schema-graph\">{\"@context\":\"https:\/\/schema.org\",\"@graph\":[{\"@type\":[\"WebPage\",\"ItemPage\"],\"@id\":\"https:\/\/bolting.eu\/en\/shop\/edelrid-hallenkletterseil\/\",\"url\":\"https:\/\/bolting.eu\/en\/shop\/edelrid-hallenkletterseil\/\",\"name\":\"Edelrid Hallenkletterseil - 9,8mm mit Polyester Mantel | bolting.eu\",\"isPartOf\":{\"@id\":\"https:\/\/bolting.eu\/en\/#website\"},\"primaryImageOfPage\":{\"@id\":\"https:\/\/bolting.eu\/en\/shop\/edelrid-hallenkletterseil\/#primaryimage\"},\"image\":{\"@id\":\"https:\/\/bolting.eu\/en\/shop\/edelrid-hallenkletterseil\/#primaryimage\"},\"thumbnailUrl\":\"https:\/\/bolting.eu\/wp-content\/uploads\/2023\/08\/Edelrid-Hallenkletterseil.jpg\",\"datePublished\":\"2023-08-11T07:41:27+00:00\",\"dateModified\":\"2026-03-18T17:41:07+00:00\",\"description\":\"Hallenkletterseil Edelrid 9,8mm beim Kletterprofi aus Innsbruck kaufen \u2705 kostenloser Versand* \u2705 14 Tage R\u00fcckgaberecht \u2705 Co2 neutraler Versand\",\"breadcrumb\":{\"@id\":\"https:\/\/bolting.eu\/en\/shop\/edelrid-hallenkletterseil\/#breadcrumb\"},\"inLanguage\":\"en-US\",\"potentialAction\":[{\"@type\":\"ReadAction\",\"target\":[\"https:\/\/bolting.eu\/en\/shop\/edelrid-hallenkletterseil\/\"]}]},{\"@type\":\"ImageObject\",\"inLanguage\":\"en-US\",\"@id\":\"https:\/\/bolting.eu\/en\/shop\/edelrid-hallenkletterseil\/#primaryimage\",\"url\":\"https:\/\/bolting.eu\/wp-content\/uploads\/2023\/08\/Edelrid-Hallenkletterseil.jpg\",\"contentUrl\":\"https:\/\/bolting.eu\/wp-content\/uploads\/2023\/08\/Edelrid-Hallenkletterseil.jpg\",\"width\":700,\"height\":700,\"caption\":\"Ein loses, gr\u00fcnes Edelrid Hallenkletterseil scharf im Vordergrund und unscharf im Hintergrund.\"},{\"@type\":\"BreadcrumbList\",\"@id\":\"https:\/\/bolting.eu\/en\/shop\/edelrid-hallenkletterseil\/#breadcrumb\",\"itemListElement\":[{\"@type\":\"ListItem\",\"position\":1,\"name\":\"Shop\",\"item\":\"https:\/\/bolting.eu\/en\/shop\/\"},{\"@type\":\"ListItem\",\"position\":2,\"name\":\"climbing equipment\",\"item\":\"https:\/\/bolting.eu\/en\/produkt-kategorie\/climbing-equipment\/\"},{\"@type\":\"ListItem\",\"position\":3,\"name\":\"Kletterseil\",\"item\":\"https:\/\/bolting.eu\/produkt-kategorie\/kletterausruestung\/kletterseil\/\"},{\"@type\":\"ListItem\",\"position\":4,\"name\":\"Meterware\",\"item\":\"https:\/\/bolting.eu\/produkt-kategorie\/kletterausruestung\/kletterseil\/meterware\/\"},{\"@type\":\"ListItem\",\"position\":5,\"name\":\"Edelrid Hallenkletterseil\"}]},{\"@type\":\"WebSite\",\"@id\":\"https:\/\/bolting.eu\/en\/#website\",\"url\":\"https:\/\/bolting.eu\/en\/\",\"name\":\"bolting.eu\",\"description\":\"we make climbs happen\",\"publisher\":{\"@id\":\"https:\/\/bolting.eu\/en\/#organization\"},\"potentialAction\":[{\"@type\":\"SearchAction\",\"target\":{\"@type\":\"EntryPoint\",\"urlTemplate\":\"https:\/\/bolting.eu\/en\/?s={search_term_string}\"},\"query-input\":{\"@type\":\"PropertyValueSpecification\",\"valueRequired\":true,\"valueName\":\"search_term_string\"}}],\"inLanguage\":\"en-US\"},{\"@type\":[\"Organization\",\"Place\",\"SportingGoodsStore\"],\"@id\":\"https:\/\/bolting.eu\/en\/#organization\",\"name\":\"bolting.eu\",\"url\":\"https:\/\/bolting.eu\/en\/\",\"logo\":{\"@id\":\"https:\/\/bolting.eu\/en\/shop\/edelrid-hallenkletterseil\/#local-main-organization-logo\"},\"image\":{\"@id\":\"https:\/\/bolting.eu\/en\/shop\/edelrid-hallenkletterseil\/#local-main-organization-logo\"},\"sameAs\":[\"https:\/\/www.facebook.com\/bolting.eu\",\"https:\/\/www.instagram.com\/bolting.eu\/\"],\"address\":{\"@id\":\"https:\/\/bolting.eu\/en\/shop\/edelrid-hallenkletterseil\/#local-main-place-address\"},\"geo\":{\"@type\":\"GeoCoordinates\",\"latitude\":\"47.264176340396226\",\"longitude\":\"11.380109057672346\"},\"telephone\":[\"+43 699 19083372\"],\"openingHoursSpecification\":[{\"@type\":\"OpeningHoursSpecification\",\"dayOfWeek\":[\"Monday\",\"Wednesday\",\"Friday\"],\"opens\":\"14:00\",\"closes\":\"18:00\"},{\"@type\":\"OpeningHoursSpecification\",\"dayOfWeek\":[\"Tuesday\",\"Thursday\",\"Saturday\",\"Sunday\"],\"opens\":\"00:00\",\"closes\":\"00:00\"}],\"email\":\"office@bolting.eu\",\"vatID\":\"ATU59999728\",\"priceRange\":\"$$\",\"currenciesAccepted\":\"Euro\"},{\"@type\":\"PostalAddress\",\"@id\":\"https:\/\/bolting.eu\/en\/shop\/edelrid-hallenkletterseil\/#local-main-place-address\",\"streetAddress\":\"Fischnalerstra\u00dfe 4\",\"addressLocality\":\"Innsbruck\",\"postalCode\":\"6020\",\"addressRegion\":\"Tirol\",\"addressCountry\":\"AT\"},{\"@type\":\"ImageObject\",\"inLanguage\":\"en-US\",\"@id\":\"https:\/\/bolting.eu\/en\/shop\/edelrid-hallenkletterseil\/#local-main-organization-logo\",\"url\":\"https:\/\/bolting.eu\/wp-content\/uploads\/2019\/09\/bolting-logo.png\",\"contentUrl\":\"https:\/\/bolting.eu\/wp-content\/uploads\/2019\/09\/bolting-logo.png\",\"width\":400,\"height\":211,\"caption\":\"bolting.eu\"}]}<\/script>\n<meta property=\"product:price:amount\" content=\"2.89\" \/>\n<meta property=\"product:price:currency\" content=\"EUR\" \/>\n<meta property=\"og:availability\" content=\"instock\" \/>\n<meta property=\"product:availability\" content=\"instock\" \/>\n<meta property=\"product:retailer_item_id\" content=\"712812009400\" \/>\n<meta property=\"product:condition\" content=\"new\" \/>\n<meta name=\"geo.placename\" content=\"Innsbruck\" \/>\n<meta name=\"geo.position\" content=\"47.264176340396226;11.380109057672346\" \/>\n<meta name=\"geo.region\" content=\"Austria\" \/>\n<!-- \/ Yoast SEO Premium plugin. -->","yoast_head_json":{"title":"Edelrid Hallenkletterseil - 9,8mm mit Polyester Mantel | bolting.eu","description":"Hallenkletterseil Edelrid 9,8mm beim Kletterprofi aus Innsbruck kaufen \u2705 kostenloser Versand* \u2705 14 Tage R\u00fcckgaberecht \u2705 Co2 neutraler Versand","robots":{"index":"index","follow":"follow","max-snippet":"max-snippet:-1","max-image-preview":"max-image-preview:large","max-video-preview":"max-video-preview:-1"},"canonical":"https:\/\/bolting.eu\/en\/shop\/edelrid-hallenkletterseil\/","og_locale":"en_US","og_type":"article","og_title":"Edelrid Hallenkletterseil","og_description":"Hallenkletterseil Edelrid 9,8mm beim Kletterprofi aus Innsbruck kaufen \u2705 kostenloser Versand* \u2705 14 Tage R\u00fcckgaberecht \u2705 Co2 neutraler Versand","og_url":"https:\/\/bolting.eu\/en\/shop\/edelrid-hallenkletterseil\/","og_site_name":"bolting.eu","article_publisher":"https:\/\/www.facebook.com\/bolting.eu","article_modified_time":"2026-03-18T17:41:07+00:00","og_image":[{"width":700,"height":700,"url":"https:\/\/bolting.eu\/wp-content\/uploads\/2023\/08\/Edelrid-Hallenkletterseil.jpg","type":"image\/jpeg"}],"twitter_card":"summary_large_image","twitter_misc":{"Price":"&euro;&nbsp;2,89","Availability":"In stock"},"schema":{"@context":"https:\/\/schema.org","@graph":[{"@type":["WebPage","ItemPage"],"@id":"https:\/\/bolting.eu\/en\/shop\/edelrid-hallenkletterseil\/","url":"https:\/\/bolting.eu\/en\/shop\/edelrid-hallenkletterseil\/","name":"Edelrid Hallenkletterseil - 9,8mm mit Polyester Mantel | bolting.eu","isPartOf":{"@id":"https:\/\/bolting.eu\/en\/#website"},"primaryImageOfPage":{"@id":"https:\/\/bolting.eu\/en\/shop\/edelrid-hallenkletterseil\/#primaryimage"},"image":{"@id":"https:\/\/bolting.eu\/en\/shop\/edelrid-hallenkletterseil\/#primaryimage"},"thumbnailUrl":"https:\/\/bolting.eu\/wp-content\/uploads\/2023\/08\/Edelrid-Hallenkletterseil.jpg","datePublished":"2023-08-11T07:41:27+00:00","dateModified":"2026-03-18T17:41:07+00:00","description":"Hallenkletterseil Edelrid 9,8mm beim Kletterprofi aus Innsbruck kaufen \u2705 kostenloser Versand* \u2705 14 Tage R\u00fcckgaberecht \u2705 Co2 neutraler Versand","breadcrumb":{"@id":"https:\/\/bolting.eu\/en\/shop\/edelrid-hallenkletterseil\/#breadcrumb"},"inLanguage":"en-US","potentialAction":[{"@type":"ReadAction","target":["https:\/\/bolting.eu\/en\/shop\/edelrid-hallenkletterseil\/"]}]},{"@type":"ImageObject","inLanguage":"en-US","@id":"https:\/\/bolting.eu\/en\/shop\/edelrid-hallenkletterseil\/#primaryimage","url":"https:\/\/bolting.eu\/wp-content\/uploads\/2023\/08\/Edelrid-Hallenkletterseil.jpg","contentUrl":"https:\/\/bolting.eu\/wp-content\/uploads\/2023\/08\/Edelrid-Hallenkletterseil.jpg","width":700,"height":700,"caption":"Ein loses, gr\u00fcnes Edelrid Hallenkletterseil scharf im Vordergrund und unscharf im Hintergrund."},{"@type":"BreadcrumbList","@id":"https:\/\/bolting.eu\/en\/shop\/edelrid-hallenkletterseil\/#breadcrumb","itemListElement":[{"@type":"ListItem","position":1,"name":"Shop","item":"https:\/\/bolting.eu\/en\/shop\/"},{"@type":"ListItem","position":2,"name":"climbing equipment","item":"https:\/\/bolting.eu\/en\/produkt-kategorie\/climbing-equipment\/"},{"@type":"ListItem","position":3,"name":"Kletterseil","item":"https:\/\/bolting.eu\/produkt-kategorie\/kletterausruestung\/kletterseil\/"},{"@type":"ListItem","position":4,"name":"Meterware","item":"https:\/\/bolting.eu\/produkt-kategorie\/kletterausruestung\/kletterseil\/meterware\/"},{"@type":"ListItem","position":5,"name":"Edelrid Hallenkletterseil"}]},{"@type":"WebSite","@id":"https:\/\/bolting.eu\/en\/#website","url":"https:\/\/bolting.eu\/en\/","name":"bolting.eu","description":"we make climbs happen","publisher":{"@id":"https:\/\/bolting.eu\/en\/#organization"},"potentialAction":[{"@type":"SearchAction","target":{"@type":"EntryPoint","urlTemplate":"https:\/\/bolting.eu\/en\/?s={search_term_string}"},"query-input":{"@type":"PropertyValueSpecification","valueRequired":true,"valueName":"search_term_string"}}],"inLanguage":"en-US"},{"@type":["Organization","Place","SportingGoodsStore"],"@id":"https:\/\/bolting.eu\/en\/#organization","name":"bolting.eu","url":"https:\/\/bolting.eu\/en\/","logo":{"@id":"https:\/\/bolting.eu\/en\/shop\/edelrid-hallenkletterseil\/#local-main-organization-logo"},"image":{"@id":"https:\/\/bolting.eu\/en\/shop\/edelrid-hallenkletterseil\/#local-main-organization-logo"},"sameAs":["https:\/\/www.facebook.com\/bolting.eu","https:\/\/www.instagram.com\/bolting.eu\/"],"address":{"@id":"https:\/\/bolting.eu\/en\/shop\/edelrid-hallenkletterseil\/#local-main-place-address"},"geo":{"@type":"GeoCoordinates","latitude":"47.264176340396226","longitude":"11.380109057672346"},"telephone":["+43 699 19083372"],"openingHoursSpecification":[{"@type":"OpeningHoursSpecification","dayOfWeek":["Monday","Wednesday","Friday"],"opens":"14:00","closes":"18:00"},{"@type":"OpeningHoursSpecification","dayOfWeek":["Tuesday","Thursday","Saturday","Sunday"],"opens":"00:00","closes":"00:00"}],"email":"office@bolting.eu","vatID":"ATU59999728","priceRange":"$$","currenciesAccepted":"Euro"},{"@type":"PostalAddress","@id":"https:\/\/bolting.eu\/en\/shop\/edelrid-hallenkletterseil\/#local-main-place-address","streetAddress":"Fischnalerstra\u00dfe 4","addressLocality":"Innsbruck","postalCode":"6020","addressRegion":"Tirol","addressCountry":"AT"},{"@type":"ImageObject","inLanguage":"en-US","@id":"https:\/\/bolting.eu\/en\/shop\/edelrid-hallenkletterseil\/#local-main-organization-logo","url":"https:\/\/bolting.eu\/wp-content\/uploads\/2019\/09\/bolting-logo.png","contentUrl":"https:\/\/bolting.eu\/wp-content\/uploads\/2019\/09\/bolting-logo.png","width":400,"height":211,"caption":"bolting.eu"}]},"product_price_amount":"2.89","product_price_currency":"EUR","og_availability":"instock","product_availability":"instock","product_retailer_item_id":"712812009400","product_condition":"new","geo.placename":"Innsbruck","geo.position":{"lat":"47.264176340396226","long":"11.380109057672346"},"geo.region":"Austria"},"_links":{"self":[{"href":"https:\/\/bolting.eu\/en\/wp-json\/wp\/v2\/product\/16698","targetHints":{"allow":["GET"]}}],"collection":[{"href":"https:\/\/bolting.eu\/en\/wp-json\/wp\/v2\/product"}],"about":[{"href":"https:\/\/bolting.eu\/en\/wp-json\/wp\/v2\/types\/product"}],"replies":[{"embeddable":true,"href":"https:\/\/bolting.eu\/en\/wp-json\/wp\/v2\/comments?post=16698"}],"wp:featuredmedia":[{"embeddable":true,"href":"https:\/\/bolting.eu\/en\/wp-json\/wp\/v2\/media\/16708"}],"wp:attachment":[{"href":"https:\/\/bolting.eu\/en\/wp-json\/wp\/v2\/media?parent=16698"}],"wp:term":[{"taxonomy":"product_brand","embeddable":true,"href":"https:\/\/bolting.eu\/en\/wp-json\/wp\/v2\/product_brand?post=16698"},{"taxonomy":"product_cat","embeddable":true,"href":"https:\/\/bolting.eu\/en\/wp-json\/wp\/v2\/product_cat?post=16698"},{"taxonomy":"product_tag","embeddable":true,"href":"https:\/\/bolting.eu\/en\/wp-json\/wp\/v2\/product_tag?post=16698"}],"curies":[{"name":"wp","href":"https:\/\/api.w.org\/{rel}","templated":true}]}}