{"id":16605,"date":"2023-08-01T12:24:29","date_gmt":"2023-08-01T10:24:29","guid":{"rendered":"https:\/\/bolting.eu\/?post_type=product&#038;p=16605"},"modified":"2026-04-27T14:10:54","modified_gmt":"2026-04-27T12:10:54","slug":"edelrid-dyneema-sling-8mm","status":"publish","type":"product","link":"https:\/\/bolting.eu\/en\/shop\/edelrid-dyneema-sling-8mm\/","title":{"rendered":"Edelrid Dyneema Sling 8mm"},"content":{"rendered":"<p>Die Edelrid Dyneema Sling ist eine 8mm breite Bandschlinge. Wie ihr Name es bereits verr\u00e4t, besteht sie aus Polyethylen, a.k.a. &#8220;Dyneema&#8221;.<\/p>\n<p>Das Besondere an diesem Modell ist jedoch, dass der Werkstoff aus bio-basierendem Polyethylen besteht. Damit leistet man einen kleinen \u00f6kologischen Beitrag. Denn dieser Stoff wird eben aus pflanzlichen Grundstoffen gewonnen.<\/p>\n<p>Technisch gesehen besticht diese Schlinge durch die extrem hohe Schnitt- und Zugfestigkeit. D.h man kann damit perfekt Sanduhren f\u00e4deln, die <a href=\"https:\/\/bolting.eu\/produkt-kategorie\/kletterausruestung\/bandschlinge\/\">Bandschlinge<\/a> um Felsk\u00f6pfe legen, usw.<\/p>\n<p>Eine tolle Alternative zu rein Erd\u00f6l basierenden Modellen!<\/p>\n<h2>Eigenschaften Dyneema Sling 8mm<\/h2>\n<ul>\n<li>Hersteller: <a href=\"https:\/\/bolting.eu\/produkt-kategorie\/edelrid\/\">Edelrid<\/a><\/li>\n<li>Material: bio-based \ud83c\udf31 Dyneema<\/li>\n<li>L\u00e4ngen: 60cm, 90cm, 120cm, 180cm, 240cm<\/li>\n<li>Breite: 8mm<\/li>\n<li>Farben: schwarz, gr\u00fcn, blau, schwarz<\/li>\n<li>Gewicht: 19 Gramm, 27 Gramm, 36 Gramm, 51 Gramm, 65 Gramm<\/li>\n<li>Normen: EN 566<\/li>\n<li>extrem schnitt- und zugfest<\/li>\n<li>ideal zum F\u00e4deln von Sanduhren und f\u00fcr Felsk\u00f6pfe<\/li>\n<li>variable L\u00e4ngen f\u00fcr Standplatz, Abseilen, verl\u00e4ngerbare Express<\/li>\n<li>Made in Germany<\/li>\n<li><a href=\"https:\/\/edelrid.com\/eu-de\/sport\/schlingen-shop\/dyneema-sling-8mm?variant=2700437#:~:text=Gebrauchsanleitung%20Schlingen\">Gebrauchsanleitung<\/a><\/li>\n<\/ul>\n<h3>Bio-based Polyethylen<\/h3>\n<p>Die Edelrid Dyneema Bandschlinge besteht aus pflanzlich generiertem Polyethylen. Wir kennen diesen Stoff auch unter dem Markennamen Dyneema.<\/p>\n<p>Im Folgenden sehrt ihr, wie das funktioniert und was das \u00f6kologisch bringt.<\/p>\n<p><iframe loading=\"lazy\" title=\"Bio-based Dyneema\u00ae fiber. The mass balance approach explained.\" width=\"1020\" height=\"574\" src=\"https:\/\/www.youtube.com\/embed\/t2siTgF7kGU?feature=oembed\" frameborder=\"0\" allow=\"accelerometer; autoplay; clipboard-write; encrypted-media; gyroscope; picture-in-picture; web-share\" referrerpolicy=\"strict-origin-when-cross-origin\" allowfullscreen><\/iframe><\/p>\n<h3>\u00a0Dyneema Sling 8mm f\u00fcr alpine Routen<\/h3>\n<p>Diese Edelrid Bandschlinge ist ideal f\u00fcr\u00b4s alpine Gel\u00e4nde. Denn zum einen ist sie durch den kleinen 8mm Durchmesser extrem leicht.<\/p>\n<p>Zum anderen hat dieses Material eine enorme Schnittfestigkeit. Somit kann die Dyneema Sling auch in Sanduhren gef\u00e4delt werden oder um Felsk\u00f6pfe gelegt werden. Wichtig dabei: kontrolliert eure Schlingen regelm\u00e4\u00dfig auf m\u00f6gliche Sch\u00e4den. Wie z.B. nach einem Sturz. Sind sie auch nur leicht eingerissen, m\u00fcssen sie ausgeschieden werden.<\/p>\n<p>Abschlie\u00dfend hat dieses Material auch noch einen ganz entscheidenden Vorteil: es nimmt kein Wasser auf!<\/p>\n<p>Somit k\u00f6nnen diese B\u00e4nder nicht frieren und bleiben auch im Winter knotbar. D.h. sie sind perfekt zum Eisklettern und in Nordw\u00e4nden.<\/p>\n<p>Aufzupassen ist bei der Verwendung beim Abseilen. Z.B. wenn man sie als Klemmknoten verwendet. Denn Dyneema hat einen extrem geringen Schmelzpunkt. Schon bei 145\u00b0 C &#8220;brennen&#8221; sie durch. D.h. hier unbedingt einen <a href=\"https:\/\/bolting.eu\/kurzprusik\/\">Kurzprusik<\/a> verwenden. Idealer Weise einen mit Aramid Kern wie den <a href=\"https:\/\/bolting.eu\/shop\/beal-jammy-prusikschlinge\/\">Beal Jammy<\/a>!<\/p>\n<h3>Die verschiedenen L\u00e4ngen<\/h3>\n<p>Bei uns gibt es diese Bandschlinge in gleich 5 L\u00e4ngen. Im Folgenden geben wir einen kurzen Abriss, f\u00fcr was welche L\u00e4nge ideal ist.<\/p>\n<p>Die 60cm ist der Klassiker, wenn darum geht <a href=\"https:\/\/bolting.eu\/verlaengerbare-expressschlinge\/\">verl\u00e4ngerbare Expressen<\/a> zu bauen. Auch bei kleinen Sanduhren sind sie extrem handy.<\/p>\n<p>Die 90cm Schlinge ist ideal als <a href=\"https:\/\/bolting.eu\/shop\/abseilschlinge-edelrid-90cm\/\">Abseilschlinge<\/a>. Einmal abgebunden erlaubt sie die Verwendung eines Abseilger\u00e4tes. Wie z.B. eines <a href=\"https:\/\/bolting.eu\/shop\/petzl-reverso\/\">Reversos<\/a>. In den vorderen Loop kommt der Karabiner f\u00fcr die Selbstsicherung. Wir empfehlen z.B. den <a href=\"https:\/\/bolting.eu\/shop\/petzl-smd-screw-lock\/\">Petzl SMD screw Lock<\/a>.<\/p>\n<p>Die 120cm Edelrid Dyneema Sling 8mm ist ideal f\u00fcr Standpl\u00e4tze mit <a href=\"https:\/\/bolting.eu\/produkt-kategorie\/einbohrartikel\/bohrhaken\/\">Bohrhaken<\/a> oder <a href=\"https:\/\/bolting.eu\/produkt-kategorie\/einbohrartikel\/klebehaken-buehlerhaken\/\">Klebehaken<\/a>. Hier kann man auch ein weiches Auge fix installieren.<\/p>\n<p>Das 240cm Modell l\u00e4sst sich ideal f\u00fcr den Standplatzbau verwenden. Vor allem beim alpinen Klettern. Ihr k\u00f6nnt hiermit gleich drei Placements zu einer Ausgleichsverankerung zusammenh\u00e4ngen. Wie z.B. Zwei <a href=\"https:\/\/bolting.eu\/produkt-kategorie\/kletterausruestung\/klemmgeraete-friends\/\">Klemmger\u00e4te<\/a> und einen <a href=\"https:\/\/bolting.eu\/produkt-kategorie\/klemmkeile\/\">Klemmkeil<\/a>.<\/p>\n<h3>Wann muss man seine Schlingen austauschen?<\/h3>\n<p>Bandschlingen m\u00fcssen regelm\u00e4\u00dfig inspiziert werden. Am besten vor jeder Tour sowie ein paar Mal w\u00e4hrend der Saison.<\/p>\n<p>Macht diese Kontrolle optisch und auch haptisch. D.h. mit den Fingern den gesamten Umfang abtasten.<\/p>\n<p>Die B\u00e4nder sind auszuscheiden wenn:<\/p>\n<ul>\n<li>das Bandmaterial irgendwo eingerissen ist<\/li>\n<li>die Schlingen stark pelzig sind<\/li>\n<li>irgendwelche N\u00e4hte aufgehen sollten<\/li>\n<li>es irgendwo &#8220;glasige&#8221; Spuren von gro\u00dfer Hitze gibt (bei Verwendung als Klemmknoten beim Abseilen!)<\/li>\n<\/ul>\n","protected":false},"excerpt":{"rendered":"<p>Extrem d\u00fcnne 8mm Bandschlingen aus bio-based Dyneema. Ideal f\u00fcr alpines Klettern, Bergsteigen und Eisklettern. Nimmt kein Wasser auf und friert nicht!<\/p>\n<p>Erh\u00e4ltlich in diesen L\u00e4ngen: 60cm, 90cm, 120cm und 240cm<\/p>\n<p>Versandkostenfrei bis 2kg in <img decoding=\"async\" class=\"emoji\" role=\"img\" draggable=\"false\" src=\"https:\/\/s.w.org\/images\/core\/emoji\/14.0.0\/svg\/1f1e6-1f1f9.svg\" alt=\"\ud83c\udde6\ud83c\uddf9\" \/> ab \u20ac 100,- und <img decoding=\"async\" class=\"emoji\" role=\"img\" draggable=\"false\" src=\"https:\/\/s.w.org\/images\/core\/emoji\/14.0.0\/svg\/1f1e9-1f1ea.svg\" alt=\"\ud83c\udde9\ud83c\uddea\" \/> ab \u20ac 200,-!<\/p>\n","protected":false},"featured_media":16618,"comment_status":"closed","ping_status":"closed","template":"","meta":[],"product_brand":[],"product_cat":[4655,7707,29,259],"product_tag":[],"class_list":{"0":"post-16605","1":"product","2":"type-product","3":"status-publish","4":"has-post-thumbnail","6":"product_cat-edelrid","7":"product_cat-dyneema-bandschlingen","8":"product_cat-kletterausruestung","9":"product_cat-bandschlinge","11":"first","12":"instock","13":"sale","14":"taxable","15":"shipping-taxable","16":"purchasable","17":"product-type-variable"},"yoast_head":"<!-- This site is optimized with the Yoast SEO Premium plugin v26.9 (Yoast SEO v26.9) - https:\/\/yoast.com\/product\/yoast-seo-premium-wordpress\/ -->\n<title>Edelrid Dyneema Sling 8mm | bolting.eu<\/title>\n<meta name=\"description\" content=\"Edelrid Dyneema 8mm Sling beim Kletterprofi aus Innsbruck kaufen \u2705 kostenloser Versand* \u2705 14 Tage R\u00fcckgaberecht \u2705 Co2 neutraler Versand\" \/>\n<meta name=\"robots\" content=\"index, follow, max-snippet:-1, max-image-preview:large, max-video-preview:-1\" \/>\n<link rel=\"canonical\" href=\"https:\/\/bolting.eu\/en\/shop\/edelrid-dyneema-sling-8mm\/\" \/>\n<meta property=\"og:locale\" content=\"en_US\" \/>\n<meta property=\"og:type\" content=\"article\" \/>\n<meta property=\"og:title\" content=\"Edelrid Dyneema Sling 8mm\" \/>\n<meta property=\"og:description\" content=\"Edelrid Dyneema 8mm Sling beim Kletterprofi aus Innsbruck kaufen \u2705 kostenloser Versand* \u2705 14 Tage R\u00fcckgaberecht \u2705 Co2 neutraler Versand\" \/>\n<meta property=\"og:url\" content=\"https:\/\/bolting.eu\/en\/shop\/edelrid-dyneema-sling-8mm\/\" \/>\n<meta property=\"og:site_name\" content=\"bolting.eu\" \/>\n<meta property=\"article:publisher\" content=\"https:\/\/www.facebook.com\/bolting.eu\" \/>\n<meta property=\"article:modified_time\" content=\"2026-04-27T12:10:54+00:00\" \/>\n<meta property=\"og:image\" content=\"https:\/\/bolting.eu\/wp-content\/uploads\/2023\/08\/Edelrid-Dyneema-Sling-8mm-1.jpg\" \/>\n\t<meta property=\"og:image:width\" content=\"700\" \/>\n\t<meta property=\"og:image:height\" content=\"700\" \/>\n\t<meta property=\"og:image:type\" content=\"image\/jpeg\" \/>\n<meta name=\"twitter:card\" content=\"summary_large_image\" \/>\n<meta name=\"twitter:label1\" content=\"Availability\" \/>\n\t<meta name=\"twitter:data1\" content=\"In stock\" \/>\n<script type=\"application\/ld+json\" class=\"yoast-schema-graph\">{\"@context\":\"https:\/\/schema.org\",\"@graph\":[{\"@type\":[\"WebPage\",\"ItemPage\"],\"@id\":\"https:\/\/bolting.eu\/en\/shop\/edelrid-dyneema-sling-8mm\/\",\"url\":\"https:\/\/bolting.eu\/en\/shop\/edelrid-dyneema-sling-8mm\/\",\"name\":\"Edelrid Dyneema Sling 8mm | bolting.eu\",\"isPartOf\":{\"@id\":\"https:\/\/bolting.eu\/en\/#website\"},\"primaryImageOfPage\":{\"@id\":\"https:\/\/bolting.eu\/en\/shop\/edelrid-dyneema-sling-8mm\/#primaryimage\"},\"image\":{\"@id\":\"https:\/\/bolting.eu\/en\/shop\/edelrid-dyneema-sling-8mm\/#primaryimage\"},\"thumbnailUrl\":\"https:\/\/bolting.eu\/wp-content\/uploads\/2023\/08\/Edelrid-Dyneema-Sling-8mm-1.jpg\",\"datePublished\":\"2023-08-01T10:24:29+00:00\",\"dateModified\":\"2026-04-27T12:10:54+00:00\",\"description\":\"Edelrid Dyneema 8mm Sling beim Kletterprofi aus Innsbruck kaufen \u2705 kostenloser Versand* \u2705 14 Tage R\u00fcckgaberecht \u2705 Co2 neutraler Versand\",\"breadcrumb\":{\"@id\":\"https:\/\/bolting.eu\/en\/shop\/edelrid-dyneema-sling-8mm\/#breadcrumb\"},\"inLanguage\":\"en-US\",\"potentialAction\":[{\"@type\":\"ReadAction\",\"target\":[\"https:\/\/bolting.eu\/en\/shop\/edelrid-dyneema-sling-8mm\/\"]}]},{\"@type\":\"ImageObject\",\"inLanguage\":\"en-US\",\"@id\":\"https:\/\/bolting.eu\/en\/shop\/edelrid-dyneema-sling-8mm\/#primaryimage\",\"url\":\"https:\/\/bolting.eu\/wp-content\/uploads\/2023\/08\/Edelrid-Dyneema-Sling-8mm-1.jpg\",\"contentUrl\":\"https:\/\/bolting.eu\/wp-content\/uploads\/2023\/08\/Edelrid-Dyneema-Sling-8mm-1.jpg\",\"width\":700,\"height\":700,\"caption\":\"Vier verschiedenf\u00e4rbige Edelrid Dyneema Sling 8mm nebeneinander aufgelegt.\"},{\"@type\":\"BreadcrumbList\",\"@id\":\"https:\/\/bolting.eu\/en\/shop\/edelrid-dyneema-sling-8mm\/#breadcrumb\",\"itemListElement\":[{\"@type\":\"ListItem\",\"position\":1,\"name\":\"Shop\",\"item\":\"https:\/\/bolting.eu\/en\/shop\/\"},{\"@type\":\"ListItem\",\"position\":2,\"name\":\"climbing equipment\",\"item\":\"https:\/\/bolting.eu\/en\/produkt-kategorie\/climbing-equipment\/\"},{\"@type\":\"ListItem\",\"position\":3,\"name\":\"Bandschlinge\",\"item\":\"https:\/\/bolting.eu\/produkt-kategorie\/kletterausruestung\/bandschlinge\/\"},{\"@type\":\"ListItem\",\"position\":4,\"name\":\"Edelrid Dyneema Sling 8mm\"}]},{\"@type\":\"WebSite\",\"@id\":\"https:\/\/bolting.eu\/en\/#website\",\"url\":\"https:\/\/bolting.eu\/en\/\",\"name\":\"bolting.eu\",\"description\":\"we make climbs happen\",\"publisher\":{\"@id\":\"https:\/\/bolting.eu\/en\/#organization\"},\"potentialAction\":[{\"@type\":\"SearchAction\",\"target\":{\"@type\":\"EntryPoint\",\"urlTemplate\":\"https:\/\/bolting.eu\/en\/?s={search_term_string}\"},\"query-input\":{\"@type\":\"PropertyValueSpecification\",\"valueRequired\":true,\"valueName\":\"search_term_string\"}}],\"inLanguage\":\"en-US\"},{\"@type\":[\"Organization\",\"Place\",\"SportingGoodsStore\"],\"@id\":\"https:\/\/bolting.eu\/en\/#organization\",\"name\":\"bolting.eu\",\"url\":\"https:\/\/bolting.eu\/en\/\",\"logo\":{\"@id\":\"https:\/\/bolting.eu\/en\/shop\/edelrid-dyneema-sling-8mm\/#local-main-organization-logo\"},\"image\":{\"@id\":\"https:\/\/bolting.eu\/en\/shop\/edelrid-dyneema-sling-8mm\/#local-main-organization-logo\"},\"sameAs\":[\"https:\/\/www.facebook.com\/bolting.eu\",\"https:\/\/www.instagram.com\/bolting.eu\/\"],\"address\":{\"@id\":\"https:\/\/bolting.eu\/en\/shop\/edelrid-dyneema-sling-8mm\/#local-main-place-address\"},\"geo\":{\"@type\":\"GeoCoordinates\",\"latitude\":\"47.264176340396226\",\"longitude\":\"11.380109057672346\"},\"telephone\":[\"+43 699 19083372\"],\"openingHoursSpecification\":[{\"@type\":\"OpeningHoursSpecification\",\"dayOfWeek\":[\"Monday\",\"Wednesday\",\"Friday\"],\"opens\":\"14:00\",\"closes\":\"18:00\"},{\"@type\":\"OpeningHoursSpecification\",\"dayOfWeek\":[\"Tuesday\",\"Thursday\",\"Saturday\",\"Sunday\"],\"opens\":\"00:00\",\"closes\":\"00:00\"}],\"email\":\"office@bolting.eu\",\"vatID\":\"ATU59999728\",\"priceRange\":\"$$\",\"currenciesAccepted\":\"Euro\"},{\"@type\":\"PostalAddress\",\"@id\":\"https:\/\/bolting.eu\/en\/shop\/edelrid-dyneema-sling-8mm\/#local-main-place-address\",\"streetAddress\":\"Fischnalerstra\u00dfe 4\",\"addressLocality\":\"Innsbruck\",\"postalCode\":\"6020\",\"addressRegion\":\"Tirol\",\"addressCountry\":\"AT\"},{\"@type\":\"ImageObject\",\"inLanguage\":\"en-US\",\"@id\":\"https:\/\/bolting.eu\/en\/shop\/edelrid-dyneema-sling-8mm\/#local-main-organization-logo\",\"url\":\"https:\/\/bolting.eu\/wp-content\/uploads\/2019\/09\/bolting-logo.png\",\"contentUrl\":\"https:\/\/bolting.eu\/wp-content\/uploads\/2019\/09\/bolting-logo.png\",\"width\":400,\"height\":211,\"caption\":\"bolting.eu\"}]}<\/script>\n<meta property=\"og:video\" content=\"https:\/\/www.youtube.com\/embed\/t2siTgF7kGU\" \/>\n<meta property=\"og:video:type\" content=\"text\/html\" \/>\n<meta property=\"og:video:duration\" content=\"128\" \/>\n<meta property=\"og:video:width\" content=\"480\" \/>\n<meta property=\"og:video:height\" content=\"270\" \/>\n<meta property=\"ya:ovs:adult\" content=\"false\" \/>\n<meta property=\"ya:ovs:upload_date\" content=\"2023-08-01T10:24:29+00:00\" \/>\n<meta property=\"ya:ovs:allow_embed\" content=\"true\" \/>\n<meta property=\"og:availability\" content=\"instock\" \/>\n<meta property=\"product:availability\" content=\"instock\" \/>\n<meta property=\"product:condition\" content=\"new\" \/>\n<meta name=\"geo.placename\" content=\"Innsbruck\" \/>\n<meta name=\"geo.position\" content=\"47.264176340396226;11.380109057672346\" \/>\n<meta name=\"geo.region\" content=\"Austria\" \/>\n<!-- \/ Yoast SEO Premium plugin. -->","yoast_head_json":{"title":"Edelrid Dyneema Sling 8mm | bolting.eu","description":"Edelrid Dyneema 8mm Sling beim Kletterprofi aus Innsbruck kaufen \u2705 kostenloser Versand* \u2705 14 Tage R\u00fcckgaberecht \u2705 Co2 neutraler Versand","robots":{"index":"index","follow":"follow","max-snippet":"max-snippet:-1","max-image-preview":"max-image-preview:large","max-video-preview":"max-video-preview:-1"},"canonical":"https:\/\/bolting.eu\/en\/shop\/edelrid-dyneema-sling-8mm\/","og_locale":"en_US","og_type":"article","og_title":"Edelrid Dyneema Sling 8mm","og_description":"Edelrid Dyneema 8mm Sling beim Kletterprofi aus Innsbruck kaufen \u2705 kostenloser Versand* \u2705 14 Tage R\u00fcckgaberecht \u2705 Co2 neutraler Versand","og_url":"https:\/\/bolting.eu\/en\/shop\/edelrid-dyneema-sling-8mm\/","og_site_name":"bolting.eu","article_publisher":"https:\/\/www.facebook.com\/bolting.eu","article_modified_time":"2026-04-27T12:10:54+00:00","og_image":[{"width":700,"height":700,"url":"https:\/\/bolting.eu\/wp-content\/uploads\/2023\/08\/Edelrid-Dyneema-Sling-8mm-1.jpg","type":"image\/jpeg"}],"twitter_card":"summary_large_image","twitter_misc":{"Availability":"In stock"},"schema":{"@context":"https:\/\/schema.org","@graph":[{"@type":["WebPage","ItemPage"],"@id":"https:\/\/bolting.eu\/en\/shop\/edelrid-dyneema-sling-8mm\/","url":"https:\/\/bolting.eu\/en\/shop\/edelrid-dyneema-sling-8mm\/","name":"Edelrid Dyneema Sling 8mm | bolting.eu","isPartOf":{"@id":"https:\/\/bolting.eu\/en\/#website"},"primaryImageOfPage":{"@id":"https:\/\/bolting.eu\/en\/shop\/edelrid-dyneema-sling-8mm\/#primaryimage"},"image":{"@id":"https:\/\/bolting.eu\/en\/shop\/edelrid-dyneema-sling-8mm\/#primaryimage"},"thumbnailUrl":"https:\/\/bolting.eu\/wp-content\/uploads\/2023\/08\/Edelrid-Dyneema-Sling-8mm-1.jpg","datePublished":"2023-08-01T10:24:29+00:00","dateModified":"2026-04-27T12:10:54+00:00","description":"Edelrid Dyneema 8mm Sling beim Kletterprofi aus Innsbruck kaufen \u2705 kostenloser Versand* \u2705 14 Tage R\u00fcckgaberecht \u2705 Co2 neutraler Versand","breadcrumb":{"@id":"https:\/\/bolting.eu\/en\/shop\/edelrid-dyneema-sling-8mm\/#breadcrumb"},"inLanguage":"en-US","potentialAction":[{"@type":"ReadAction","target":["https:\/\/bolting.eu\/en\/shop\/edelrid-dyneema-sling-8mm\/"]}]},{"@type":"ImageObject","inLanguage":"en-US","@id":"https:\/\/bolting.eu\/en\/shop\/edelrid-dyneema-sling-8mm\/#primaryimage","url":"https:\/\/bolting.eu\/wp-content\/uploads\/2023\/08\/Edelrid-Dyneema-Sling-8mm-1.jpg","contentUrl":"https:\/\/bolting.eu\/wp-content\/uploads\/2023\/08\/Edelrid-Dyneema-Sling-8mm-1.jpg","width":700,"height":700,"caption":"Vier verschiedenf\u00e4rbige Edelrid Dyneema Sling 8mm nebeneinander aufgelegt."},{"@type":"BreadcrumbList","@id":"https:\/\/bolting.eu\/en\/shop\/edelrid-dyneema-sling-8mm\/#breadcrumb","itemListElement":[{"@type":"ListItem","position":1,"name":"Shop","item":"https:\/\/bolting.eu\/en\/shop\/"},{"@type":"ListItem","position":2,"name":"climbing equipment","item":"https:\/\/bolting.eu\/en\/produkt-kategorie\/climbing-equipment\/"},{"@type":"ListItem","position":3,"name":"Bandschlinge","item":"https:\/\/bolting.eu\/produkt-kategorie\/kletterausruestung\/bandschlinge\/"},{"@type":"ListItem","position":4,"name":"Edelrid Dyneema Sling 8mm"}]},{"@type":"WebSite","@id":"https:\/\/bolting.eu\/en\/#website","url":"https:\/\/bolting.eu\/en\/","name":"bolting.eu","description":"we make climbs happen","publisher":{"@id":"https:\/\/bolting.eu\/en\/#organization"},"potentialAction":[{"@type":"SearchAction","target":{"@type":"EntryPoint","urlTemplate":"https:\/\/bolting.eu\/en\/?s={search_term_string}"},"query-input":{"@type":"PropertyValueSpecification","valueRequired":true,"valueName":"search_term_string"}}],"inLanguage":"en-US"},{"@type":["Organization","Place","SportingGoodsStore"],"@id":"https:\/\/bolting.eu\/en\/#organization","name":"bolting.eu","url":"https:\/\/bolting.eu\/en\/","logo":{"@id":"https:\/\/bolting.eu\/en\/shop\/edelrid-dyneema-sling-8mm\/#local-main-organization-logo"},"image":{"@id":"https:\/\/bolting.eu\/en\/shop\/edelrid-dyneema-sling-8mm\/#local-main-organization-logo"},"sameAs":["https:\/\/www.facebook.com\/bolting.eu","https:\/\/www.instagram.com\/bolting.eu\/"],"address":{"@id":"https:\/\/bolting.eu\/en\/shop\/edelrid-dyneema-sling-8mm\/#local-main-place-address"},"geo":{"@type":"GeoCoordinates","latitude":"47.264176340396226","longitude":"11.380109057672346"},"telephone":["+43 699 19083372"],"openingHoursSpecification":[{"@type":"OpeningHoursSpecification","dayOfWeek":["Monday","Wednesday","Friday"],"opens":"14:00","closes":"18:00"},{"@type":"OpeningHoursSpecification","dayOfWeek":["Tuesday","Thursday","Saturday","Sunday"],"opens":"00:00","closes":"00:00"}],"email":"office@bolting.eu","vatID":"ATU59999728","priceRange":"$$","currenciesAccepted":"Euro"},{"@type":"PostalAddress","@id":"https:\/\/bolting.eu\/en\/shop\/edelrid-dyneema-sling-8mm\/#local-main-place-address","streetAddress":"Fischnalerstra\u00dfe 4","addressLocality":"Innsbruck","postalCode":"6020","addressRegion":"Tirol","addressCountry":"AT"},{"@type":"ImageObject","inLanguage":"en-US","@id":"https:\/\/bolting.eu\/en\/shop\/edelrid-dyneema-sling-8mm\/#local-main-organization-logo","url":"https:\/\/bolting.eu\/wp-content\/uploads\/2019\/09\/bolting-logo.png","contentUrl":"https:\/\/bolting.eu\/wp-content\/uploads\/2019\/09\/bolting-logo.png","width":400,"height":211,"caption":"bolting.eu"}]},"og_video":"https:\/\/www.youtube.com\/embed\/t2siTgF7kGU","og_video_type":"text\/html","og_video_duration":"128","og_video_width":"480","og_video_height":"270","ya_ovs_adult":"false","ya_ovs_upload_date":"2023-08-01T10:24:29+00:00","ya_ovs_allow_embed":"true","og_availability":"instock","product_availability":"instock","product_condition":"new","geo.placename":"Innsbruck","geo.position":{"lat":"47.264176340396226","long":"11.380109057672346"},"geo.region":"Austria"},"_links":{"self":[{"href":"https:\/\/bolting.eu\/en\/wp-json\/wp\/v2\/product\/16605","targetHints":{"allow":["GET"]}}],"collection":[{"href":"https:\/\/bolting.eu\/en\/wp-json\/wp\/v2\/product"}],"about":[{"href":"https:\/\/bolting.eu\/en\/wp-json\/wp\/v2\/types\/product"}],"replies":[{"embeddable":true,"href":"https:\/\/bolting.eu\/en\/wp-json\/wp\/v2\/comments?post=16605"}],"wp:featuredmedia":[{"embeddable":true,"href":"https:\/\/bolting.eu\/en\/wp-json\/wp\/v2\/media\/16618"}],"wp:attachment":[{"href":"https:\/\/bolting.eu\/en\/wp-json\/wp\/v2\/media?parent=16605"}],"wp:term":[{"taxonomy":"product_brand","embeddable":true,"href":"https:\/\/bolting.eu\/en\/wp-json\/wp\/v2\/product_brand?post=16605"},{"taxonomy":"product_cat","embeddable":true,"href":"https:\/\/bolting.eu\/en\/wp-json\/wp\/v2\/product_cat?post=16605"},{"taxonomy":"product_tag","embeddable":true,"href":"https:\/\/bolting.eu\/en\/wp-json\/wp\/v2\/product_tag?post=16605"}],"curies":[{"name":"wp","href":"https:\/\/api.w.org\/{rel}","templated":true}]}}