{"id":16464,"date":"2023-07-12T09:30:00","date_gmt":"2023-07-12T07:30:00","guid":{"rendered":"https:\/\/bolting.eu\/?post_type=product&#038;p=16464"},"modified":"2026-04-01T19:53:53","modified_gmt":"2026-04-01T17:53:53","slug":"petzl-tanga","status":"publish","type":"product","link":"https:\/\/bolting.eu\/en\/shop\/petzl-tanga\/","title":{"rendered":"Petzl Tanga"},"content":{"rendered":"<p>Der <a href=\"https:\/\/bolting.eu\/produkt-kategorie\/petzl\/\">Petzl<\/a> Tanga ist ein kleiner Kunststoffring zum Fixieren eines <a href=\"https:\/\/bolting.eu\/produkt-kategorie\/kletterausruestung\/kletterkarabiner\/\">Karabiners<\/a> in der richtigen Position.<\/p>\n<p>Hierf\u00fcr wurde das Produkt aus biegsamen Elastomer hergestellt. Folglich kann man es auf viele unterschiedliche Karabiner montieren. Wie z.B. gro\u00dfe <a href=\"https:\/\/bolting.eu\/produkt-kategorie\/kletterausruestung\/kletterkarabiner\/hms-karabiner\/\">HMS Karabiner<\/a> wie den <a href=\"https:\/\/bolting.eu\/shop\/petzl-william-screw-lock\/\">Wiliam<\/a>, mittelgro\u00dfe Modelle wie den <a href=\"https:\/\/bolting.eu\/shop\/petzl-attache\/\">Attache<\/a> oder kleine Schrauber wie den <a href=\"https:\/\/bolting.eu\/shop\/petzl-smd-twist-lock\/\">SM\u00b4D<\/a>.<\/p>\n<p>Das kleine Zubeh\u00f6rteil erf\u00fcllt somit einen wichtigen Zweck. Zum einen h\u00e4lt es den Karabiner in der belastbarsten Ausrichtung. N\u00e4mlich der L\u00e4ngsrichtung. Und zum anderen verhindert es das &#8220;Querstellen&#8221; von eingeh\u00e4ngten Objekten, wie z.B. <a href=\"https:\/\/bolting.eu\/produkt-kategorie\/kletterausruestung\/seilrollen\/\">Seilrollen<\/a>, <a href=\"https:\/\/bolting.eu\/produkt-kategorie\/kletterausruestung\/sicherungsgeraete-klettern\/\">Sicherungsger\u00e4ten<\/a> oder <a href=\"https:\/\/bolting.eu\/produkt-kategorie\/kletterausruestung\/steigklemme\/\">Steigklemmen<\/a>.<\/p>\n<h2>Eigenschaften Tanga<\/h2>\n<ul>\n<li>Hersteller: Petzl<\/li>\n<li>Material: Elastomer<\/li>\n<li>Gewicht: 5 Gramm<\/li>\n<li>elastischer Ring f\u00fcr Karabiner<\/li>\n<li>wird auf L\u00e4ngsachse gegen\u00fcber Schnapper montiert<\/li>\n<li>einfachste Montage<\/li>\n<li>verhindert Querstellen von eingeh\u00e4ngten Objekten<\/li>\n<li>hilft Karabiner in L\u00e4ngsrichtung zu halten<\/li>\n<li><a href=\"https:\/\/www.petzl.com\/sfc\/servlet.shepherd\/version\/download\/068w0000001bUV7AAM\" target=\"_blank\" rel=\"noopener\">Bedienungsanleitung<\/a><\/li>\n<\/ul>\n<h3>Wo ist das Produkt sinnvoll?<\/h3>\n<p>Der Petzl Tanga macht \u00fcberall dort Sinn, wo sich eingeh\u00e4ngte Objekte nicht quer stellen d\u00fcrfen.<\/p>\n<p>D.h. z.B. <a href=\"https:\/\/bolting.eu\/shop\/petzl-id-s\/\">ID<\/a>, <a href=\"https:\/\/bolting.eu\/shop\/petzl-asap-mitlaufendes-auffanggeraet\/\">ASAP<\/a>, RIG, Simple, Stop, <a href=\"https:\/\/bolting.eu\/shop\/petzl-connect-adjust-selbstsicherungsschlinge\/\">Connect Adjust<\/a>, usw..<\/p>\n<p>Hier ist der kleine Elastomer Ring extrem hilfreich, weil er eben das Verrutschen \u00fcber den kleinen Scheitel hinaus verhindert. Somit werden gef\u00e4hrliche Querbelastungen vermieden.<\/p>\n<p><a href=\"https:\/\/bolting.eu\/wp-content\/uploads\/2023\/07\/Petzl-Tanga-1.jpg\"><img loading=\"lazy\" decoding=\"async\" class=\"alignnone size-full wp-image-16465\" src=\"https:\/\/bolting.eu\/wp-content\/uploads\/2023\/07\/Petzl-Tanga-1.jpg\" alt=\"Grafik mit Sicherungs- und Abseilger\u00e4ten f\u00fcr die Verwendung mit dem Petzl Tanga.\" width=\"1024\" height=\"259\" srcset=\"https:\/\/bolting.eu\/wp-content\/uploads\/2023\/07\/Petzl-Tanga-1.jpg 1024w, https:\/\/bolting.eu\/wp-content\/uploads\/2023\/07\/Petzl-Tanga-1-800x202.jpg 800w, https:\/\/bolting.eu\/wp-content\/uploads\/2023\/07\/Petzl-Tanga-1-768x194.jpg 768w, https:\/\/bolting.eu\/wp-content\/uploads\/2023\/07\/Petzl-Tanga-1-510x129.jpg 510w, https:\/\/bolting.eu\/wp-content\/uploads\/2023\/07\/Petzl-Tanga-1-100x25.jpg 100w\" sizes=\"auto, (max-width: 1024px) 100vw, 1024px\" \/><\/a><\/p>\n<h3>Achtung &#8211; Objekte richtig einh\u00e4ngen!<\/h3>\n<p>Beachtet die Reihenfolge der Installation (siehe unten!) bzw. die Position des eingeh\u00e4ngten Objektes. Egal was man in den Karabiner einh\u00e4ngt. Das Objekt muss im kleinen Scheitel zum Liegen kommen. &#8220;Dar\u00fcber&#8221; quasi, am langen Scheitel gegen\u00fcber des Schnappers, muss sich der Ring befinden.<\/p>\n<figure id=\"attachment_16466\" aria-describedby=\"caption-attachment-16466\" style=\"width: 447px\" class=\"wp-caption alignnone\"><a href=\"https:\/\/bolting.eu\/wp-content\/uploads\/2023\/07\/Petzl-Tanga-2.jpg\"><img loading=\"lazy\" decoding=\"async\" class=\"wp-image-16466 size-medium\" src=\"https:\/\/bolting.eu\/wp-content\/uploads\/2023\/07\/Petzl-Tanga-2-447x400.jpg\" alt=\"Grafik zur Erkl\u00e4rung von Installationsfehlern beim Petzl Tanga.\" width=\"447\" height=\"400\" srcset=\"https:\/\/bolting.eu\/wp-content\/uploads\/2023\/07\/Petzl-Tanga-2-447x400.jpg 447w, https:\/\/bolting.eu\/wp-content\/uploads\/2023\/07\/Petzl-Tanga-2-510x456.jpg 510w, https:\/\/bolting.eu\/wp-content\/uploads\/2023\/07\/Petzl-Tanga-2-100x89.jpg 100w, https:\/\/bolting.eu\/wp-content\/uploads\/2023\/07\/Petzl-Tanga-2.jpg 590w\" sizes=\"auto, (max-width: 447px) 100vw, 447px\" \/><\/a><figcaption id=\"caption-attachment-16466\" class=\"wp-caption-text\">Achtet auf die korrekte Position der einzuh\u00e4ngenden Ausr\u00fcstung. Sie geh\u00f6rt in den kleinen Scheitel des Karabiners!<\/figcaption><\/figure>\n<h3>Petzl Tanga = nicht f\u00fcr alle Karabiner geeignet!<\/h3>\n<p>Der Kunststoff Ring passt auf extrem viele Karabiner Modelle. Aber eben nicht auf alle!<\/p>\n<p>Pr\u00fcft immer, ob sich der Ring eventuell verdreht. Das darf er n\u00e4mlich nicht. Er muss eng am Profil anliegen und soll in keinem Fall verrutschen.<\/p>\n<p><a href=\"https:\/\/bolting.eu\/wp-content\/uploads\/2023\/07\/Petzl-Tanga-3.jpg\"><img loading=\"lazy\" decoding=\"async\" class=\"alignnone size-full wp-image-16467\" src=\"https:\/\/bolting.eu\/wp-content\/uploads\/2023\/07\/Petzl-Tanga-3.jpg\" alt=\"Grafik zur Erkl\u00e4rung einer Fehlanwendung des Petzl Karabiner Verdrehschutz.\" width=\"1024\" height=\"659\" srcset=\"https:\/\/bolting.eu\/wp-content\/uploads\/2023\/07\/Petzl-Tanga-3.jpg 1024w, https:\/\/bolting.eu\/wp-content\/uploads\/2023\/07\/Petzl-Tanga-3-622x400.jpg 622w, https:\/\/bolting.eu\/wp-content\/uploads\/2023\/07\/Petzl-Tanga-3-768x494.jpg 768w, https:\/\/bolting.eu\/wp-content\/uploads\/2023\/07\/Petzl-Tanga-3-510x328.jpg 510w, https:\/\/bolting.eu\/wp-content\/uploads\/2023\/07\/Petzl-Tanga-3-100x64.jpg 100w\" sizes=\"auto, (max-width: 1024px) 100vw, 1024px\" \/><\/a><\/p>\n<p>&nbsp;<\/p>\n","protected":false},"excerpt":{"rendered":"<p>Kleiner Ring aus weichem Elastomer zur Montage an Karabinern. Verhindert ein Drehen der darin eingeh\u00e4ngten Ausr\u00fcstung.<\/p>\n<p>Ideal f\u00fcr Produkte wie ID, RIG, Stop, Simpel, Connect Adjust, usw&#8230;<\/p>\n<p>Versandkostenfrei bis 2kg in <img decoding=\"async\" class=\"emoji\" role=\"img\" draggable=\"false\" src=\"https:\/\/s.w.org\/images\/core\/emoji\/14.0.0\/svg\/1f1e6-1f1f9.svg\" alt=\"\ud83c\udde6\ud83c\uddf9\" \/> ab \u20ac 100,- und <img decoding=\"async\" class=\"emoji\" role=\"img\" draggable=\"false\" src=\"https:\/\/s.w.org\/images\/core\/emoji\/14.0.0\/svg\/1f1e9-1f1ea.svg\" alt=\"\ud83c\udde9\ud83c\uddea\" \/> ab \u20ac 200,-!<\/p>\n","protected":false},"featured_media":16468,"comment_status":"closed","ping_status":"closed","template":"","meta":[],"product_brand":[],"product_cat":[5061,14093,29,44],"product_tag":[],"class_list":{"0":"post-16464","1":"product","2":"type-product","3":"status-publish","4":"has-post-thumbnail","6":"product_cat-kletterzubehoer","7":"product_cat-petzl","8":"product_cat-kletterausruestung","9":"product_cat-kletterkarabiner","11":"first","12":"instock","13":"taxable","14":"shipping-taxable","15":"purchasable","16":"product-type-simple"},"yoast_head":"<!-- This site is optimized with the Yoast SEO Premium plugin v26.9 (Yoast SEO v26.9) - https:\/\/yoast.com\/product\/yoast-seo-premium-wordpress\/ -->\n<title>Petzl Tanga - Verdrehschutz f\u00fcr Karabiner | bolting.eu<\/title>\n<meta name=\"description\" content=\"PETZ Tanga - Verdrehschutz f\u00fcr Karabiner beim Hardwareprofi aus Innsbruck kaufen \u2705 kostenloser Versand* \u2705 14 Tage R\u00fcckgaberecht \u2705 Co2 neutraler Versand\" \/>\n<meta name=\"robots\" content=\"index, follow, max-snippet:-1, max-image-preview:large, max-video-preview:-1\" \/>\n<link rel=\"canonical\" href=\"https:\/\/bolting.eu\/en\/shop\/petzl-tanga\/\" \/>\n<meta property=\"og:locale\" content=\"en_US\" \/>\n<meta property=\"og:type\" content=\"article\" \/>\n<meta property=\"og:title\" content=\"Petzl Tanga\" \/>\n<meta property=\"og:description\" content=\"PETZ Tanga - Verdrehschutz f\u00fcr Karabiner beim Hardwareprofi aus Innsbruck kaufen \u2705 kostenloser Versand* \u2705 14 Tage R\u00fcckgaberecht \u2705 Co2 neutraler Versand\" \/>\n<meta property=\"og:url\" content=\"https:\/\/bolting.eu\/en\/shop\/petzl-tanga\/\" \/>\n<meta property=\"og:site_name\" content=\"bolting.eu\" \/>\n<meta property=\"article:publisher\" content=\"https:\/\/www.facebook.com\/bolting.eu\" \/>\n<meta property=\"article:modified_time\" content=\"2026-04-01T17:53:53+00:00\" \/>\n<meta property=\"og:image\" content=\"https:\/\/bolting.eu\/wp-content\/uploads\/2023\/07\/Petzl-Tanga-4.jpg\" \/>\n\t<meta property=\"og:image:width\" content=\"700\" \/>\n\t<meta property=\"og:image:height\" content=\"700\" \/>\n\t<meta property=\"og:image:type\" content=\"image\/jpeg\" \/>\n<meta name=\"twitter:card\" content=\"summary_large_image\" \/>\n<meta name=\"twitter:label1\" content=\"Price\" \/>\n\t<meta name=\"twitter:data1\" content=\"&euro;&nbsp;1,50\" \/>\n\t<meta name=\"twitter:label2\" content=\"Availability\" \/>\n\t<meta name=\"twitter:data2\" content=\"In stock\" \/>\n<script type=\"application\/ld+json\" class=\"yoast-schema-graph\">{\"@context\":\"https:\/\/schema.org\",\"@graph\":[{\"@type\":[\"WebPage\",\"ItemPage\"],\"@id\":\"https:\/\/bolting.eu\/en\/shop\/petzl-tanga\/\",\"url\":\"https:\/\/bolting.eu\/en\/shop\/petzl-tanga\/\",\"name\":\"Petzl Tanga - Verdrehschutz f\u00fcr Karabiner | bolting.eu\",\"isPartOf\":{\"@id\":\"https:\/\/bolting.eu\/en\/#website\"},\"primaryImageOfPage\":{\"@id\":\"https:\/\/bolting.eu\/en\/shop\/petzl-tanga\/#primaryimage\"},\"image\":{\"@id\":\"https:\/\/bolting.eu\/en\/shop\/petzl-tanga\/#primaryimage\"},\"thumbnailUrl\":\"https:\/\/bolting.eu\/wp-content\/uploads\/2023\/07\/Petzl-Tanga-4.jpg\",\"datePublished\":\"2023-07-12T07:30:00+00:00\",\"dateModified\":\"2026-04-01T17:53:53+00:00\",\"description\":\"PETZ Tanga - Verdrehschutz f\u00fcr Karabiner beim Hardwareprofi aus Innsbruck kaufen \u2705 kostenloser Versand* \u2705 14 Tage R\u00fcckgaberecht \u2705 Co2 neutraler Versand\",\"breadcrumb\":{\"@id\":\"https:\/\/bolting.eu\/en\/shop\/petzl-tanga\/#breadcrumb\"},\"inLanguage\":\"en-US\",\"potentialAction\":[{\"@type\":\"ReadAction\",\"target\":[\"https:\/\/bolting.eu\/en\/shop\/petzl-tanga\/\"]}]},{\"@type\":\"ImageObject\",\"inLanguage\":\"en-US\",\"@id\":\"https:\/\/bolting.eu\/en\/shop\/petzl-tanga\/#primaryimage\",\"url\":\"https:\/\/bolting.eu\/wp-content\/uploads\/2023\/07\/Petzl-Tanga-4.jpg\",\"contentUrl\":\"https:\/\/bolting.eu\/wp-content\/uploads\/2023\/07\/Petzl-Tanga-4.jpg\",\"width\":700,\"height\":700,\"caption\":\"Schwarzer Petzl Tanga Kunststoffring als Verdrehschutz f\u00fcr Kletterausr\u00fcstung.\"},{\"@type\":\"BreadcrumbList\",\"@id\":\"https:\/\/bolting.eu\/en\/shop\/petzl-tanga\/#breadcrumb\",\"itemListElement\":[{\"@type\":\"ListItem\",\"position\":1,\"name\":\"Shop\",\"item\":\"https:\/\/bolting.eu\/en\/shop\/\"},{\"@type\":\"ListItem\",\"position\":2,\"name\":\"climbing equipment\",\"item\":\"https:\/\/bolting.eu\/en\/produkt-kategorie\/climbing-equipment\/\"},{\"@type\":\"ListItem\",\"position\":3,\"name\":\"Climbing carabiner\",\"item\":\"https:\/\/bolting.eu\/en\/produkt-kategorie\/climbing-carabiner\/\"},{\"@type\":\"ListItem\",\"position\":4,\"name\":\"Petzl Tanga\"}]},{\"@type\":\"WebSite\",\"@id\":\"https:\/\/bolting.eu\/en\/#website\",\"url\":\"https:\/\/bolting.eu\/en\/\",\"name\":\"bolting.eu\",\"description\":\"we make climbs happen\",\"publisher\":{\"@id\":\"https:\/\/bolting.eu\/en\/#organization\"},\"potentialAction\":[{\"@type\":\"SearchAction\",\"target\":{\"@type\":\"EntryPoint\",\"urlTemplate\":\"https:\/\/bolting.eu\/en\/?s={search_term_string}\"},\"query-input\":{\"@type\":\"PropertyValueSpecification\",\"valueRequired\":true,\"valueName\":\"search_term_string\"}}],\"inLanguage\":\"en-US\"},{\"@type\":[\"Organization\",\"Place\",\"SportingGoodsStore\"],\"@id\":\"https:\/\/bolting.eu\/en\/#organization\",\"name\":\"bolting.eu\",\"url\":\"https:\/\/bolting.eu\/en\/\",\"logo\":{\"@id\":\"https:\/\/bolting.eu\/en\/shop\/petzl-tanga\/#local-main-organization-logo\"},\"image\":{\"@id\":\"https:\/\/bolting.eu\/en\/shop\/petzl-tanga\/#local-main-organization-logo\"},\"sameAs\":[\"https:\/\/www.facebook.com\/bolting.eu\",\"https:\/\/www.instagram.com\/bolting.eu\/\"],\"address\":{\"@id\":\"https:\/\/bolting.eu\/en\/shop\/petzl-tanga\/#local-main-place-address\"},\"geo\":{\"@type\":\"GeoCoordinates\",\"latitude\":\"47.264176340396226\",\"longitude\":\"11.380109057672346\"},\"telephone\":[\"+43 699 19083372\"],\"openingHoursSpecification\":[{\"@type\":\"OpeningHoursSpecification\",\"dayOfWeek\":[\"Monday\",\"Wednesday\",\"Friday\"],\"opens\":\"14:00\",\"closes\":\"18:00\"},{\"@type\":\"OpeningHoursSpecification\",\"dayOfWeek\":[\"Tuesday\",\"Thursday\",\"Saturday\",\"Sunday\"],\"opens\":\"00:00\",\"closes\":\"00:00\"}],\"email\":\"office@bolting.eu\",\"vatID\":\"ATU59999728\",\"priceRange\":\"$$\",\"currenciesAccepted\":\"Euro\"},{\"@type\":\"PostalAddress\",\"@id\":\"https:\/\/bolting.eu\/en\/shop\/petzl-tanga\/#local-main-place-address\",\"streetAddress\":\"Fischnalerstra\u00dfe 4\",\"addressLocality\":\"Innsbruck\",\"postalCode\":\"6020\",\"addressRegion\":\"Tirol\",\"addressCountry\":\"AT\"},{\"@type\":\"ImageObject\",\"inLanguage\":\"en-US\",\"@id\":\"https:\/\/bolting.eu\/en\/shop\/petzl-tanga\/#local-main-organization-logo\",\"url\":\"https:\/\/bolting.eu\/wp-content\/uploads\/2019\/09\/bolting-logo.png\",\"contentUrl\":\"https:\/\/bolting.eu\/wp-content\/uploads\/2019\/09\/bolting-logo.png\",\"width\":400,\"height\":211,\"caption\":\"bolting.eu\"}]}<\/script>\n<meta property=\"product:price:amount\" content=\"1.50\" \/>\n<meta property=\"product:price:currency\" content=\"EUR\" \/>\n<meta property=\"og:availability\" content=\"instock\" \/>\n<meta property=\"product:availability\" content=\"instock\" \/>\n<meta property=\"product:retailer_item_id\" content=\"M92000\" \/>\n<meta property=\"product:condition\" content=\"new\" \/>\n<meta name=\"geo.placename\" content=\"Innsbruck\" \/>\n<meta name=\"geo.position\" content=\"47.264176340396226;11.380109057672346\" \/>\n<meta name=\"geo.region\" content=\"Austria\" \/>\n<!-- \/ Yoast SEO Premium plugin. -->","yoast_head_json":{"title":"Petzl Tanga - Verdrehschutz f\u00fcr Karabiner | bolting.eu","description":"PETZ Tanga - Verdrehschutz f\u00fcr Karabiner beim Hardwareprofi aus Innsbruck kaufen \u2705 kostenloser Versand* \u2705 14 Tage R\u00fcckgaberecht \u2705 Co2 neutraler Versand","robots":{"index":"index","follow":"follow","max-snippet":"max-snippet:-1","max-image-preview":"max-image-preview:large","max-video-preview":"max-video-preview:-1"},"canonical":"https:\/\/bolting.eu\/en\/shop\/petzl-tanga\/","og_locale":"en_US","og_type":"article","og_title":"Petzl Tanga","og_description":"PETZ Tanga - Verdrehschutz f\u00fcr Karabiner beim Hardwareprofi aus Innsbruck kaufen \u2705 kostenloser Versand* \u2705 14 Tage R\u00fcckgaberecht \u2705 Co2 neutraler Versand","og_url":"https:\/\/bolting.eu\/en\/shop\/petzl-tanga\/","og_site_name":"bolting.eu","article_publisher":"https:\/\/www.facebook.com\/bolting.eu","article_modified_time":"2026-04-01T17:53:53+00:00","og_image":[{"width":700,"height":700,"url":"https:\/\/bolting.eu\/wp-content\/uploads\/2023\/07\/Petzl-Tanga-4.jpg","type":"image\/jpeg"}],"twitter_card":"summary_large_image","twitter_misc":{"Price":"&euro;&nbsp;1,50","Availability":"In stock"},"schema":{"@context":"https:\/\/schema.org","@graph":[{"@type":["WebPage","ItemPage"],"@id":"https:\/\/bolting.eu\/en\/shop\/petzl-tanga\/","url":"https:\/\/bolting.eu\/en\/shop\/petzl-tanga\/","name":"Petzl Tanga - Verdrehschutz f\u00fcr Karabiner | bolting.eu","isPartOf":{"@id":"https:\/\/bolting.eu\/en\/#website"},"primaryImageOfPage":{"@id":"https:\/\/bolting.eu\/en\/shop\/petzl-tanga\/#primaryimage"},"image":{"@id":"https:\/\/bolting.eu\/en\/shop\/petzl-tanga\/#primaryimage"},"thumbnailUrl":"https:\/\/bolting.eu\/wp-content\/uploads\/2023\/07\/Petzl-Tanga-4.jpg","datePublished":"2023-07-12T07:30:00+00:00","dateModified":"2026-04-01T17:53:53+00:00","description":"PETZ Tanga - Verdrehschutz f\u00fcr Karabiner beim Hardwareprofi aus Innsbruck kaufen \u2705 kostenloser Versand* \u2705 14 Tage R\u00fcckgaberecht \u2705 Co2 neutraler Versand","breadcrumb":{"@id":"https:\/\/bolting.eu\/en\/shop\/petzl-tanga\/#breadcrumb"},"inLanguage":"en-US","potentialAction":[{"@type":"ReadAction","target":["https:\/\/bolting.eu\/en\/shop\/petzl-tanga\/"]}]},{"@type":"ImageObject","inLanguage":"en-US","@id":"https:\/\/bolting.eu\/en\/shop\/petzl-tanga\/#primaryimage","url":"https:\/\/bolting.eu\/wp-content\/uploads\/2023\/07\/Petzl-Tanga-4.jpg","contentUrl":"https:\/\/bolting.eu\/wp-content\/uploads\/2023\/07\/Petzl-Tanga-4.jpg","width":700,"height":700,"caption":"Schwarzer Petzl Tanga Kunststoffring als Verdrehschutz f\u00fcr Kletterausr\u00fcstung."},{"@type":"BreadcrumbList","@id":"https:\/\/bolting.eu\/en\/shop\/petzl-tanga\/#breadcrumb","itemListElement":[{"@type":"ListItem","position":1,"name":"Shop","item":"https:\/\/bolting.eu\/en\/shop\/"},{"@type":"ListItem","position":2,"name":"climbing equipment","item":"https:\/\/bolting.eu\/en\/produkt-kategorie\/climbing-equipment\/"},{"@type":"ListItem","position":3,"name":"Climbing carabiner","item":"https:\/\/bolting.eu\/en\/produkt-kategorie\/climbing-carabiner\/"},{"@type":"ListItem","position":4,"name":"Petzl Tanga"}]},{"@type":"WebSite","@id":"https:\/\/bolting.eu\/en\/#website","url":"https:\/\/bolting.eu\/en\/","name":"bolting.eu","description":"we make climbs happen","publisher":{"@id":"https:\/\/bolting.eu\/en\/#organization"},"potentialAction":[{"@type":"SearchAction","target":{"@type":"EntryPoint","urlTemplate":"https:\/\/bolting.eu\/en\/?s={search_term_string}"},"query-input":{"@type":"PropertyValueSpecification","valueRequired":true,"valueName":"search_term_string"}}],"inLanguage":"en-US"},{"@type":["Organization","Place","SportingGoodsStore"],"@id":"https:\/\/bolting.eu\/en\/#organization","name":"bolting.eu","url":"https:\/\/bolting.eu\/en\/","logo":{"@id":"https:\/\/bolting.eu\/en\/shop\/petzl-tanga\/#local-main-organization-logo"},"image":{"@id":"https:\/\/bolting.eu\/en\/shop\/petzl-tanga\/#local-main-organization-logo"},"sameAs":["https:\/\/www.facebook.com\/bolting.eu","https:\/\/www.instagram.com\/bolting.eu\/"],"address":{"@id":"https:\/\/bolting.eu\/en\/shop\/petzl-tanga\/#local-main-place-address"},"geo":{"@type":"GeoCoordinates","latitude":"47.264176340396226","longitude":"11.380109057672346"},"telephone":["+43 699 19083372"],"openingHoursSpecification":[{"@type":"OpeningHoursSpecification","dayOfWeek":["Monday","Wednesday","Friday"],"opens":"14:00","closes":"18:00"},{"@type":"OpeningHoursSpecification","dayOfWeek":["Tuesday","Thursday","Saturday","Sunday"],"opens":"00:00","closes":"00:00"}],"email":"office@bolting.eu","vatID":"ATU59999728","priceRange":"$$","currenciesAccepted":"Euro"},{"@type":"PostalAddress","@id":"https:\/\/bolting.eu\/en\/shop\/petzl-tanga\/#local-main-place-address","streetAddress":"Fischnalerstra\u00dfe 4","addressLocality":"Innsbruck","postalCode":"6020","addressRegion":"Tirol","addressCountry":"AT"},{"@type":"ImageObject","inLanguage":"en-US","@id":"https:\/\/bolting.eu\/en\/shop\/petzl-tanga\/#local-main-organization-logo","url":"https:\/\/bolting.eu\/wp-content\/uploads\/2019\/09\/bolting-logo.png","contentUrl":"https:\/\/bolting.eu\/wp-content\/uploads\/2019\/09\/bolting-logo.png","width":400,"height":211,"caption":"bolting.eu"}]},"product_price_amount":"1.50","product_price_currency":"EUR","og_availability":"instock","product_availability":"instock","product_retailer_item_id":"M92000","product_condition":"new","geo.placename":"Innsbruck","geo.position":{"lat":"47.264176340396226","long":"11.380109057672346"},"geo.region":"Austria"},"_links":{"self":[{"href":"https:\/\/bolting.eu\/en\/wp-json\/wp\/v2\/product\/16464","targetHints":{"allow":["GET"]}}],"collection":[{"href":"https:\/\/bolting.eu\/en\/wp-json\/wp\/v2\/product"}],"about":[{"href":"https:\/\/bolting.eu\/en\/wp-json\/wp\/v2\/types\/product"}],"replies":[{"embeddable":true,"href":"https:\/\/bolting.eu\/en\/wp-json\/wp\/v2\/comments?post=16464"}],"wp:featuredmedia":[{"embeddable":true,"href":"https:\/\/bolting.eu\/en\/wp-json\/wp\/v2\/media\/16468"}],"wp:attachment":[{"href":"https:\/\/bolting.eu\/en\/wp-json\/wp\/v2\/media?parent=16464"}],"wp:term":[{"taxonomy":"product_brand","embeddable":true,"href":"https:\/\/bolting.eu\/en\/wp-json\/wp\/v2\/product_brand?post=16464"},{"taxonomy":"product_cat","embeddable":true,"href":"https:\/\/bolting.eu\/en\/wp-json\/wp\/v2\/product_cat?post=16464"},{"taxonomy":"product_tag","embeddable":true,"href":"https:\/\/bolting.eu\/en\/wp-json\/wp\/v2\/product_tag?post=16464"}],"curies":[{"name":"wp","href":"https:\/\/api.w.org\/{rel}","templated":true}]}}