{"id":1644,"date":"2020-03-02T15:09:42","date_gmt":"2020-03-02T14:09:42","guid":{"rendered":"https:\/\/bolting.eu\/?post_type=product&#038;p=1644"},"modified":"2025-09-22T14:49:40","modified_gmt":"2025-09-22T12:49:40","slug":"sicherheitskarabiner-mit-diebstahlschutz","status":"publish","type":"product","link":"https:\/\/bolting.eu\/en\/shop\/sicherheitskarabiner-mit-diebstahlschutz\/","title":{"rendered":"Sicherheitskarabiner mit Diebstahlschutz"},"content":{"rendered":"<p>Dieser Sicherheitskarabiner mit Diebstahlschutz ist ein hochwertiges Produkt aus AISI 316L Edelstahl. Er ist konzipiert f\u00fcr die permanente Anbringung, weshalb er eben einen durchgehenden Splint eingebaut hat. Somit kann das Produkt einerseits nicht gestohlen werden. Andererseits wird der Karabiner so aber auch in seiner Position fixiert. \u00dcberdies kann er gegen\u00fcber Schnappkarabinern eben auch &#8220;zugeschraubt&#8221; werden. Somit wird er zum Sicherheitskarabiner. Denn ein unabsichtliches Aush\u00e4ngen eines eingeh\u00e4ngten Last ist somit nicht mehr m\u00f6glich.<\/p>\n<h3>Einsatzbereiche Sicherheitskarabiner mit Diebstahlschutz<\/h3>\n<p>Dieses Produkt wird in folgenden Bereichen gerne eingesetzt:<\/p>\n<ul>\n<li>an Abseilstellen f\u00fcr Bergrettungs\u00fcbungen<\/li>\n<li>an Abseilpisten bei Alpinrouten<\/li>\n<li>im Bereich der H\u00f6hlenforschung \/ Speleologie<\/li>\n<li>Anbringung von Drahtseilen oder Stahlketten<\/li>\n<li>im Segelbereich<\/li>\n<li>in der Forst- und Landwirtschaft<\/li>\n<\/ul>\n<h3>Eigenschaften Sicherheitskarabiner mit Diebstahlschutz<\/h3>\n<ul>\n<li>Material: AISI 316L Stahl<\/li>\n<li>Schraub\u00f6ffnung: 15mm Breite<\/li>\n<li>Splint als Diebstahlschutz<\/li>\n<li>EN Norm: 12275<\/li>\n<li>Bruchlast: 40kN geschlossen \/ 15 kN offen<\/li>\n<li>Gr\u00f6\u00dfe: ca. 117 x 57mm<\/li>\n<li>Gewicht: 170 Gramm<\/li>\n<\/ul>\n<h3>Wann sind Karabiner auszutauschen?<\/h3>\n<p>Dieses Produkt ist sp\u00e4testens dann zu wechseln, wenn ca. die H\u00e4lfte des Durchmessers abgerieben ist. Wir empfehlen dies jedoch bereits fr\u00fcher zu tun. So lassen sich m\u00f6gliche Risiken minimieren.<\/p>\n<h3>Zubeh\u00f6r Sicherheitskarbiner mit Diebstahlschutz<\/h3>\n<p>F\u00fcr die Anbringung des Sicherheitskarabiner mit Diebstahlschutz in einer <a href=\"https:\/\/bolting.eu\/produkt-kategorie\/bohrhakenlasche\/\">Bohrhakenlasche<\/a> bzw. in einem <a href=\"https:\/\/bolting.eu\/produkt-kategorie\/klebehaken-buehlerhaken\/\">Klebehaken<\/a> braucht man ein entsprechendes <a href=\"https:\/\/bolting.eu\/produkt-kategorie\/schraubglied-rapidglied\/\">Schraubglied &#8211; Rapidglied<\/a>. Wir empfehlen ein genormtes Rapidglied mit 8mm oder 10mm Durchmesser.<\/p>\n<p>Wer den Karabiner an einem Seil bzw. einer <a href=\"https:\/\/bolting.eu\/produkt-kategorie\/reepschnur\/\">Reepschnur<\/a> oder <a href=\"https:\/\/bolting.eu\/produkt-kategorie\/bandschlinge\/\">Bandschlinge<\/a> befestigt sollte mit den entsprechenden Knoten vertraut sein. Hier ein paar Vorschl\u00e4ge aus dem Kletterbereich f\u00fcr sichere Knoten:<\/p>\n<ul>\n<li>Achterknoten<\/li>\n<li>Neunerknoten<\/li>\n<li>Mastwurf<\/li>\n<li>Schmetterlingsknoten<\/li>\n<li>Ankerstich<\/li>\n<\/ul>\n<p>Ggf. vergesst bitte nicht, f\u00fcr eine redundante R\u00fccksicherung zu sorgen. Darunter versteht man die zus\u00e4tzliche\u00a0 Fixierung der Last wie z.B. eines Seiles. So kann es zu keinem Absturz kommen, sollte der prim\u00e4re Aufh\u00e4ngungspunkt versagen!<\/p>\n<h3>Galvanische Korrosion<\/h3>\n<p>Bitte beachtet. Der Sicherheitskarabiner mit Diebstahlschutz darf keinesfalls fix an einem verzinkten Bauteil befestigt werden. Denn dies w\u00fcrde zu <a href=\"https:\/\/bolting.eu\/galvanische-korrosion-bei-bohrhaken\/\">galvanischer Korrosion<\/a> und &#8220;Verrosten&#8221; des unedleren Metall Bauteils f\u00fchren.<\/p>\n<p>Wer sich mehr zu dem Thema einlesen m\u00f6chte, hier unser Fachbeitrag &#8220;<a href=\"https:\/\/bolting.eu\/stahlqualitaeten-bei-bohrhaken-und-klebehaken\/\">Stahlqualit\u00e4ten bei Bohrhaken und Klebehaken<\/a>&#8221;<\/p>\n<p>Link Tipp: <a href=\"https:\/\/www.raumerclimbing.com\">zum Hersteller<\/a><\/p>\n<p>&nbsp;<\/p>\n","protected":false},"excerpt":{"rendered":"<ul>\n<li>Material: AISI 316L Stahl<\/li>\n<li>Schraub\u00f6ffnung: 15mm Breite<\/li>\n<li>Splint als Diebstahlschutz<\/li>\n<li>EN Norm: 12275<\/li>\n<li>Bruchlast: 40kN geschlossen \/ 15 kN offen<\/li>\n<li>Gr\u00f6\u00dfe: ca. 117 x 57mm<\/li>\n<li>Gewicht: 170 Gramm<\/li>\n<\/ul>\n","protected":false},"featured_media":1647,"comment_status":"closed","ping_status":"closed","template":"","meta":[],"product_brand":[],"product_cat":[58,1210,3003,3008,4660,44],"product_tag":[],"class_list":{"0":"post-1644","1":"product","2":"type-product","3":"status-publish","4":"has-post-thumbnail","6":"product_cat-umlenker-kettenstand","7":"product_cat-einbohrartikel","8":"product_cat-stahlkarabiner","9":"product_cat-sicherheitskarabiner","10":"product_cat-raumer","11":"product_cat-kletterkarabiner","13":"first","14":"instock","15":"sale","16":"taxable","17":"shipping-taxable","18":"purchasable","19":"product-type-simple"},"yoast_head":"<!-- This site is optimized with the Yoast SEO Premium plugin v26.9 (Yoast SEO v26.9) - https:\/\/yoast.com\/product\/yoast-seo-premium-wordpress\/ -->\n<title>Sicherheitskarabiner mit Diebstahlschutz aus AISI 316L Stahl bei bolting.eu<\/title>\n<meta name=\"description\" content=\"Hier findet Ihr den SICHERHEITSKARABINER aus AISI 316L Stahl mit Splint als Diebstahlschutz zum Top Preis beim Einbohr Experten bolting.eu!\" \/>\n<meta name=\"robots\" content=\"index, follow, max-snippet:-1, max-image-preview:large, max-video-preview:-1\" \/>\n<link rel=\"canonical\" href=\"https:\/\/bolting.eu\/en\/shop\/sicherheitskarabiner-mit-diebstahlschutz\/\" \/>\n<meta property=\"og:locale\" content=\"en_US\" \/>\n<meta property=\"og:type\" content=\"article\" \/>\n<meta property=\"og:title\" content=\"Sicherheitskarabiner mit Diebstahlschutz\" \/>\n<meta property=\"og:description\" content=\"Hier findet Ihr den SICHERHEITSKARABINER aus AISI 316L Stahl mit Splint als Diebstahlschutz zum Top Preis beim Einbohr Experten bolting.eu!\" \/>\n<meta property=\"og:url\" content=\"https:\/\/bolting.eu\/en\/shop\/sicherheitskarabiner-mit-diebstahlschutz\/\" \/>\n<meta property=\"og:site_name\" content=\"bolting.eu\" \/>\n<meta property=\"article:publisher\" content=\"https:\/\/www.facebook.com\/bolting.eu\" \/>\n<meta property=\"article:modified_time\" content=\"2025-09-22T12:49:40+00:00\" \/>\n<meta property=\"og:image\" content=\"https:\/\/bolting.eu\/wp-content\/uploads\/2020\/03\/Sicherheitskarabiner-mit-Diebstahlschutz.jpg\" \/>\n\t<meta property=\"og:image:width\" content=\"700\" \/>\n\t<meta property=\"og:image:height\" content=\"700\" \/>\n\t<meta property=\"og:image:type\" content=\"image\/jpeg\" \/>\n<meta name=\"twitter:card\" content=\"summary_large_image\" \/>\n<meta name=\"twitter:label1\" content=\"Price\" \/>\n\t<meta name=\"twitter:data1\" content=\"&euro;&nbsp;18,00\" \/>\n\t<meta name=\"twitter:label2\" content=\"Availability\" \/>\n\t<meta name=\"twitter:data2\" content=\"In stock\" \/>\n<script type=\"application\/ld+json\" class=\"yoast-schema-graph\">{\"@context\":\"https:\/\/schema.org\",\"@graph\":[{\"@type\":[\"WebPage\",\"ItemPage\"],\"@id\":\"https:\/\/bolting.eu\/en\/shop\/sicherheitskarabiner-mit-diebstahlschutz\/\",\"url\":\"https:\/\/bolting.eu\/en\/shop\/sicherheitskarabiner-mit-diebstahlschutz\/\",\"name\":\"Sicherheitskarabiner mit Diebstahlschutz aus AISI 316L Stahl bei bolting.eu\",\"isPartOf\":{\"@id\":\"https:\/\/bolting.eu\/en\/#website\"},\"primaryImageOfPage\":{\"@id\":\"https:\/\/bolting.eu\/en\/shop\/sicherheitskarabiner-mit-diebstahlschutz\/#primaryimage\"},\"image\":{\"@id\":\"https:\/\/bolting.eu\/en\/shop\/sicherheitskarabiner-mit-diebstahlschutz\/#primaryimage\"},\"thumbnailUrl\":\"https:\/\/bolting.eu\/wp-content\/uploads\/2020\/03\/Sicherheitskarabiner-mit-Diebstahlschutz.jpg\",\"datePublished\":\"2020-03-02T14:09:42+00:00\",\"dateModified\":\"2025-09-22T12:49:40+00:00\",\"description\":\"Hier findet Ihr den SICHERHEITSKARABINER aus AISI 316L Stahl mit Splint als Diebstahlschutz zum Top Preis beim Einbohr Experten bolting.eu!\",\"breadcrumb\":{\"@id\":\"https:\/\/bolting.eu\/en\/shop\/sicherheitskarabiner-mit-diebstahlschutz\/#breadcrumb\"},\"inLanguage\":\"en-US\",\"potentialAction\":[{\"@type\":\"ReadAction\",\"target\":[\"https:\/\/bolting.eu\/en\/shop\/sicherheitskarabiner-mit-diebstahlschutz\/\"]}]},{\"@type\":\"ImageObject\",\"inLanguage\":\"en-US\",\"@id\":\"https:\/\/bolting.eu\/en\/shop\/sicherheitskarabiner-mit-diebstahlschutz\/#primaryimage\",\"url\":\"https:\/\/bolting.eu\/wp-content\/uploads\/2020\/03\/Sicherheitskarabiner-mit-Diebstahlschutz.jpg\",\"contentUrl\":\"https:\/\/bolting.eu\/wp-content\/uploads\/2020\/03\/Sicherheitskarabiner-mit-Diebstahlschutz.jpg\",\"width\":700,\"height\":700,\"caption\":\"Das Bild zeigt einen silbernen Sicherheitskarabiner mit Diebstahlschutz. Er steht vertikal in Bildmitte mit dem Verschlussmechanismus nach rechts.\"},{\"@type\":\"BreadcrumbList\",\"@id\":\"https:\/\/bolting.eu\/en\/shop\/sicherheitskarabiner-mit-diebstahlschutz\/#breadcrumb\",\"itemListElement\":[{\"@type\":\"ListItem\",\"position\":1,\"name\":\"Shop\",\"item\":\"https:\/\/bolting.eu\/en\/shop\/\"},{\"@type\":\"ListItem\",\"position\":2,\"name\":\"climbing equipment\",\"item\":\"https:\/\/bolting.eu\/en\/produkt-kategorie\/climbing-equipment\/\"},{\"@type\":\"ListItem\",\"position\":3,\"name\":\"Climbing carabiner\",\"item\":\"https:\/\/bolting.eu\/en\/produkt-kategorie\/climbing-carabiner\/\"},{\"@type\":\"ListItem\",\"position\":4,\"name\":\"Steel carabiner\",\"item\":\"https:\/\/bolting.eu\/en\/produkt-kategorie\/steel-carabiner\/\"},{\"@type\":\"ListItem\",\"position\":5,\"name\":\"Sicherheitskarabiner mit Diebstahlschutz\"}]},{\"@type\":\"WebSite\",\"@id\":\"https:\/\/bolting.eu\/en\/#website\",\"url\":\"https:\/\/bolting.eu\/en\/\",\"name\":\"bolting.eu\",\"description\":\"we make climbs happen\",\"publisher\":{\"@id\":\"https:\/\/bolting.eu\/en\/#organization\"},\"potentialAction\":[{\"@type\":\"SearchAction\",\"target\":{\"@type\":\"EntryPoint\",\"urlTemplate\":\"https:\/\/bolting.eu\/en\/?s={search_term_string}\"},\"query-input\":{\"@type\":\"PropertyValueSpecification\",\"valueRequired\":true,\"valueName\":\"search_term_string\"}}],\"inLanguage\":\"en-US\"},{\"@type\":[\"Organization\",\"Place\",\"SportingGoodsStore\"],\"@id\":\"https:\/\/bolting.eu\/en\/#organization\",\"name\":\"bolting.eu\",\"url\":\"https:\/\/bolting.eu\/en\/\",\"logo\":{\"@id\":\"https:\/\/bolting.eu\/en\/shop\/sicherheitskarabiner-mit-diebstahlschutz\/#local-main-organization-logo\"},\"image\":{\"@id\":\"https:\/\/bolting.eu\/en\/shop\/sicherheitskarabiner-mit-diebstahlschutz\/#local-main-organization-logo\"},\"sameAs\":[\"https:\/\/www.facebook.com\/bolting.eu\",\"https:\/\/www.instagram.com\/bolting.eu\/\"],\"address\":{\"@id\":\"https:\/\/bolting.eu\/en\/shop\/sicherheitskarabiner-mit-diebstahlschutz\/#local-main-place-address\"},\"geo\":{\"@type\":\"GeoCoordinates\",\"latitude\":\"47.264176340396226\",\"longitude\":\"11.380109057672346\"},\"telephone\":[\"+43 699 19083372\"],\"openingHoursSpecification\":[{\"@type\":\"OpeningHoursSpecification\",\"dayOfWeek\":[\"Monday\",\"Wednesday\",\"Friday\"],\"opens\":\"14:00\",\"closes\":\"18:00\"},{\"@type\":\"OpeningHoursSpecification\",\"dayOfWeek\":[\"Tuesday\",\"Thursday\",\"Saturday\",\"Sunday\"],\"opens\":\"00:00\",\"closes\":\"00:00\"}],\"email\":\"office@bolting.eu\",\"vatID\":\"ATU59999728\",\"priceRange\":\"$$\",\"currenciesAccepted\":\"Euro\"},{\"@type\":\"PostalAddress\",\"@id\":\"https:\/\/bolting.eu\/en\/shop\/sicherheitskarabiner-mit-diebstahlschutz\/#local-main-place-address\",\"streetAddress\":\"Fischnalerstra\u00dfe 4\",\"addressLocality\":\"Innsbruck\",\"postalCode\":\"6020\",\"addressRegion\":\"Tirol\",\"addressCountry\":\"AT\"},{\"@type\":\"ImageObject\",\"inLanguage\":\"en-US\",\"@id\":\"https:\/\/bolting.eu\/en\/shop\/sicherheitskarabiner-mit-diebstahlschutz\/#local-main-organization-logo\",\"url\":\"https:\/\/bolting.eu\/wp-content\/uploads\/2019\/09\/bolting-logo.png\",\"contentUrl\":\"https:\/\/bolting.eu\/wp-content\/uploads\/2019\/09\/bolting-logo.png\",\"width\":400,\"height\":211,\"caption\":\"bolting.eu\"}]}<\/script>\n<meta property=\"product:price:amount\" content=\"18.00\" \/>\n<meta property=\"product:price:currency\" content=\"EUR\" \/>\n<meta property=\"og:availability\" content=\"instock\" \/>\n<meta property=\"product:availability\" content=\"instock\" \/>\n<meta property=\"product:retailer_item_id\" content=\"R534\" \/>\n<meta property=\"product:condition\" content=\"new\" \/>\n<meta name=\"geo.placename\" content=\"Innsbruck\" \/>\n<meta name=\"geo.position\" content=\"47.264176340396226;11.380109057672346\" \/>\n<meta name=\"geo.region\" content=\"Austria\" \/>\n<!-- \/ Yoast SEO Premium plugin. -->","yoast_head_json":{"title":"Sicherheitskarabiner mit Diebstahlschutz aus AISI 316L Stahl bei bolting.eu","description":"Hier findet Ihr den SICHERHEITSKARABINER aus AISI 316L Stahl mit Splint als Diebstahlschutz zum Top Preis beim Einbohr Experten bolting.eu!","robots":{"index":"index","follow":"follow","max-snippet":"max-snippet:-1","max-image-preview":"max-image-preview:large","max-video-preview":"max-video-preview:-1"},"canonical":"https:\/\/bolting.eu\/en\/shop\/sicherheitskarabiner-mit-diebstahlschutz\/","og_locale":"en_US","og_type":"article","og_title":"Sicherheitskarabiner mit Diebstahlschutz","og_description":"Hier findet Ihr den SICHERHEITSKARABINER aus AISI 316L Stahl mit Splint als Diebstahlschutz zum Top Preis beim Einbohr Experten bolting.eu!","og_url":"https:\/\/bolting.eu\/en\/shop\/sicherheitskarabiner-mit-diebstahlschutz\/","og_site_name":"bolting.eu","article_publisher":"https:\/\/www.facebook.com\/bolting.eu","article_modified_time":"2025-09-22T12:49:40+00:00","og_image":[{"width":700,"height":700,"url":"https:\/\/bolting.eu\/wp-content\/uploads\/2020\/03\/Sicherheitskarabiner-mit-Diebstahlschutz.jpg","type":"image\/jpeg"}],"twitter_card":"summary_large_image","twitter_misc":{"Price":"&euro;&nbsp;18,00","Availability":"In stock"},"schema":{"@context":"https:\/\/schema.org","@graph":[{"@type":["WebPage","ItemPage"],"@id":"https:\/\/bolting.eu\/en\/shop\/sicherheitskarabiner-mit-diebstahlschutz\/","url":"https:\/\/bolting.eu\/en\/shop\/sicherheitskarabiner-mit-diebstahlschutz\/","name":"Sicherheitskarabiner mit Diebstahlschutz aus AISI 316L Stahl bei bolting.eu","isPartOf":{"@id":"https:\/\/bolting.eu\/en\/#website"},"primaryImageOfPage":{"@id":"https:\/\/bolting.eu\/en\/shop\/sicherheitskarabiner-mit-diebstahlschutz\/#primaryimage"},"image":{"@id":"https:\/\/bolting.eu\/en\/shop\/sicherheitskarabiner-mit-diebstahlschutz\/#primaryimage"},"thumbnailUrl":"https:\/\/bolting.eu\/wp-content\/uploads\/2020\/03\/Sicherheitskarabiner-mit-Diebstahlschutz.jpg","datePublished":"2020-03-02T14:09:42+00:00","dateModified":"2025-09-22T12:49:40+00:00","description":"Hier findet Ihr den SICHERHEITSKARABINER aus AISI 316L Stahl mit Splint als Diebstahlschutz zum Top Preis beim Einbohr Experten bolting.eu!","breadcrumb":{"@id":"https:\/\/bolting.eu\/en\/shop\/sicherheitskarabiner-mit-diebstahlschutz\/#breadcrumb"},"inLanguage":"en-US","potentialAction":[{"@type":"ReadAction","target":["https:\/\/bolting.eu\/en\/shop\/sicherheitskarabiner-mit-diebstahlschutz\/"]}]},{"@type":"ImageObject","inLanguage":"en-US","@id":"https:\/\/bolting.eu\/en\/shop\/sicherheitskarabiner-mit-diebstahlschutz\/#primaryimage","url":"https:\/\/bolting.eu\/wp-content\/uploads\/2020\/03\/Sicherheitskarabiner-mit-Diebstahlschutz.jpg","contentUrl":"https:\/\/bolting.eu\/wp-content\/uploads\/2020\/03\/Sicherheitskarabiner-mit-Diebstahlschutz.jpg","width":700,"height":700,"caption":"Das Bild zeigt einen silbernen Sicherheitskarabiner mit Diebstahlschutz. Er steht vertikal in Bildmitte mit dem Verschlussmechanismus nach rechts."},{"@type":"BreadcrumbList","@id":"https:\/\/bolting.eu\/en\/shop\/sicherheitskarabiner-mit-diebstahlschutz\/#breadcrumb","itemListElement":[{"@type":"ListItem","position":1,"name":"Shop","item":"https:\/\/bolting.eu\/en\/shop\/"},{"@type":"ListItem","position":2,"name":"climbing equipment","item":"https:\/\/bolting.eu\/en\/produkt-kategorie\/climbing-equipment\/"},{"@type":"ListItem","position":3,"name":"Climbing carabiner","item":"https:\/\/bolting.eu\/en\/produkt-kategorie\/climbing-carabiner\/"},{"@type":"ListItem","position":4,"name":"Steel carabiner","item":"https:\/\/bolting.eu\/en\/produkt-kategorie\/steel-carabiner\/"},{"@type":"ListItem","position":5,"name":"Sicherheitskarabiner mit Diebstahlschutz"}]},{"@type":"WebSite","@id":"https:\/\/bolting.eu\/en\/#website","url":"https:\/\/bolting.eu\/en\/","name":"bolting.eu","description":"we make climbs happen","publisher":{"@id":"https:\/\/bolting.eu\/en\/#organization"},"potentialAction":[{"@type":"SearchAction","target":{"@type":"EntryPoint","urlTemplate":"https:\/\/bolting.eu\/en\/?s={search_term_string}"},"query-input":{"@type":"PropertyValueSpecification","valueRequired":true,"valueName":"search_term_string"}}],"inLanguage":"en-US"},{"@type":["Organization","Place","SportingGoodsStore"],"@id":"https:\/\/bolting.eu\/en\/#organization","name":"bolting.eu","url":"https:\/\/bolting.eu\/en\/","logo":{"@id":"https:\/\/bolting.eu\/en\/shop\/sicherheitskarabiner-mit-diebstahlschutz\/#local-main-organization-logo"},"image":{"@id":"https:\/\/bolting.eu\/en\/shop\/sicherheitskarabiner-mit-diebstahlschutz\/#local-main-organization-logo"},"sameAs":["https:\/\/www.facebook.com\/bolting.eu","https:\/\/www.instagram.com\/bolting.eu\/"],"address":{"@id":"https:\/\/bolting.eu\/en\/shop\/sicherheitskarabiner-mit-diebstahlschutz\/#local-main-place-address"},"geo":{"@type":"GeoCoordinates","latitude":"47.264176340396226","longitude":"11.380109057672346"},"telephone":["+43 699 19083372"],"openingHoursSpecification":[{"@type":"OpeningHoursSpecification","dayOfWeek":["Monday","Wednesday","Friday"],"opens":"14:00","closes":"18:00"},{"@type":"OpeningHoursSpecification","dayOfWeek":["Tuesday","Thursday","Saturday","Sunday"],"opens":"00:00","closes":"00:00"}],"email":"office@bolting.eu","vatID":"ATU59999728","priceRange":"$$","currenciesAccepted":"Euro"},{"@type":"PostalAddress","@id":"https:\/\/bolting.eu\/en\/shop\/sicherheitskarabiner-mit-diebstahlschutz\/#local-main-place-address","streetAddress":"Fischnalerstra\u00dfe 4","addressLocality":"Innsbruck","postalCode":"6020","addressRegion":"Tirol","addressCountry":"AT"},{"@type":"ImageObject","inLanguage":"en-US","@id":"https:\/\/bolting.eu\/en\/shop\/sicherheitskarabiner-mit-diebstahlschutz\/#local-main-organization-logo","url":"https:\/\/bolting.eu\/wp-content\/uploads\/2019\/09\/bolting-logo.png","contentUrl":"https:\/\/bolting.eu\/wp-content\/uploads\/2019\/09\/bolting-logo.png","width":400,"height":211,"caption":"bolting.eu"}]},"product_price_amount":"18.00","product_price_currency":"EUR","og_availability":"instock","product_availability":"instock","product_retailer_item_id":"R534","product_condition":"new","geo.placename":"Innsbruck","geo.position":{"lat":"47.264176340396226","long":"11.380109057672346"},"geo.region":"Austria"},"_links":{"self":[{"href":"https:\/\/bolting.eu\/en\/wp-json\/wp\/v2\/product\/1644","targetHints":{"allow":["GET"]}}],"collection":[{"href":"https:\/\/bolting.eu\/en\/wp-json\/wp\/v2\/product"}],"about":[{"href":"https:\/\/bolting.eu\/en\/wp-json\/wp\/v2\/types\/product"}],"replies":[{"embeddable":true,"href":"https:\/\/bolting.eu\/en\/wp-json\/wp\/v2\/comments?post=1644"}],"wp:featuredmedia":[{"embeddable":true,"href":"https:\/\/bolting.eu\/en\/wp-json\/wp\/v2\/media\/1647"}],"wp:attachment":[{"href":"https:\/\/bolting.eu\/en\/wp-json\/wp\/v2\/media?parent=1644"}],"wp:term":[{"taxonomy":"product_brand","embeddable":true,"href":"https:\/\/bolting.eu\/en\/wp-json\/wp\/v2\/product_brand?post=1644"},{"taxonomy":"product_cat","embeddable":true,"href":"https:\/\/bolting.eu\/en\/wp-json\/wp\/v2\/product_cat?post=1644"},{"taxonomy":"product_tag","embeddable":true,"href":"https:\/\/bolting.eu\/en\/wp-json\/wp\/v2\/product_tag?post=1644"}],"curies":[{"name":"wp","href":"https:\/\/api.w.org\/{rel}","templated":true}]}}