{"id":16407,"date":"2023-07-10T10:48:25","date_gmt":"2023-07-10T08:48:25","guid":{"rendered":"https:\/\/bolting.eu\/?post_type=product&#038;p=16407"},"modified":"2026-04-15T17:14:56","modified_gmt":"2026-04-15T15:14:56","slug":"ocun-webee-bigwall","status":"publish","type":"product","link":"https:\/\/bolting.eu\/en\/shop\/ocun-webee-bigwall\/","title":{"rendered":"Ocun Webee Bigwall"},"content":{"rendered":"<p>Der Ocun Webee Bigwall ist ein Klettergurt f\u00fcr lange W\u00e4nde. Denn dieses Modell ist mit extrem breiten B\u00e4ndern ausgestattet. Zudem wurde auch die ganze Ausstattung den Bed\u00fcrfnissen f\u00fcr viel Materialmitnahme angepasst.<\/p>\n<p>Was diesen Gurt besonders auszeichnet, ist das wabenf\u00f6rmige Kunststoffmaterial. Somit kann die H\u00fcft- als auch die Beinschlaufen extrem bel\u00fcftet werden.<\/p>\n<p>\u00dcberdies besitzt dieses Produkt gleich 7 (!) Materialschlaufen. D.h. da ist enorm viel Platz f\u00fcr <a href=\"https:\/\/bolting.eu\/produkt-kategorie\/klemmkeile\/\">Klemmkeile<\/a>, <a href=\"https:\/\/bolting.eu\/produkt-kategorie\/einbohrartikel\/felshaken-normalhaken\/\">Felshaken<\/a>, <a href=\"https:\/\/bolting.eu\/produkt-kategorie\/kletterausruestung\/klemmgeraete-friends\/\">Friends<\/a>, als auch <a href=\"https:\/\/bolting.eu\/produkt-kategorie\/kletterausruestung\/seilrollen\/\">Seilrollen<\/a> usw&#8230;<\/p>\n<p>Kurzum. Ein ideales Bigwall Modell f\u00fcr w\u00e4rmere Breiten. Wird auch gerne von Klettersteig Gehern gekauft, die Wert auf extremen Komfort beim Rasten legen!<\/p>\n<h2>Eigenschaften Weebe Bigwall<\/h2>\n<ul>\n<li>Hersteller: <a href=\"https:\/\/bolting.eu\/produkt-kategorie\/ocun\/\">Ocun<\/a><\/li>\n<li>Material: Stahl, Kunststoff, Nylon, Plyamd;<\/li>\n<li>Gr\u00f6\u00dfen:\u00a0 XS &#8211; M (rot) und L &#8211; XL (schwarz)<\/li>\n<li>Gewicht: 530 Gramm bzw. 570 Gramm<\/li>\n<li>Norm: EN 12277 Typ C bzw. UIAA 105<\/li>\n<li>ideal f\u00fcr Bigwalls<\/li>\n<li>7 Materialschlaufen<\/li>\n<li>2 Slide-Lock Schnallen am H\u00fcftband<\/li>\n<li>verstellbare Beinschlaufen mit Slide-Lock Schnallen<\/li>\n<li>wabenf\u00f6rmige Webee Schaumstoff = tolle Bel\u00fcftung<\/li>\n<li>2 Anseilschlaufen mit Verschlei\u00df Indokator<\/li>\n<li>Trageriemen Beinschlaufen abklippsbar<\/li>\n<li>2 Slots f\u00fcr Materialkarabiner<\/li>\n<li>Tag Line Schlaufe mit 9kN Bruchlast<\/li>\n<li><a href=\"https:\/\/www.ocun.com\/data\/files\/products\/02u4z3vg.pdf\" target=\"_blank\" rel=\"noopener\">Bedienungsanleitung<\/a><\/li>\n<\/ul>\n<h3>Gr\u00f6\u00dfentabelle<\/h3>\n<table class=\"text-left\" border=\"1\" cellpadding=\"5\">\n<tbody>\n<tr>\n<td><strong>GR\u00d6SSEN\u00a0<\/strong><\/td>\n<td><strong>H\u00dcFTUMFANG<\/strong><\/td>\n<td><strong>\u00a0BEINUMFANG\u00a0<\/strong><\/td>\n<td><strong>\u00a0GEWICHT<\/strong><\/td>\n<\/tr>\n<tr>\n<td style=\"text-align: center;\">XS &#8211; M<\/td>\n<td style=\"text-align: center;\">68 &#8211; 95 cm<\/td>\n<td style=\"text-align: center;\">50 &#8211; 68 cm<\/td>\n<td style=\"text-align: center;\">530 g<\/td>\n<\/tr>\n<tr>\n<td style=\"text-align: center;\">L &#8211; XL<\/td>\n<td style=\"text-align: center;\">85 &#8211; 110 cm<\/td>\n<td style=\"text-align: center;\">55 &#8211; 73 cm<\/td>\n<td style=\"text-align: center;\">570 g<\/td>\n<\/tr>\n<\/tbody>\n<\/table>\n<p>&nbsp;<\/p>\n<h3>Webee Technologie<\/h3>\n<p>Der Bigwall Gurt von Ocun ist mit dem Webee Schaumstoff gemacht. Diese Technology basiert auf einer tragenden Struktur aus Kunststoff Waben. Somit ergeben sich viele kleine Luftl\u00f6cher. Diese sorgen f\u00fcr eine au\u00dfergew\u00f6hnlich gute Bel\u00fcftung.<\/p>\n<p>Darin liegt auch die besondere St\u00e4rke dieses Modells. Es ist das wohl am besten bel\u00fcftetste am Markt.<\/p>\n<p>Klarer Weise ist dieses Produkt besonders bei Anwendern beliebt, die mit w\u00e4rmeren Temperaturen zu tun haben. Wie z.B. auch Klettersteig Liebhaber, H\u00f6henarbeiter, usw..<\/p>\n<p>Euch gefallen die Waben nicht? Dann k\u00f6nnt ihr ein &#8220;klassisches Modell wie den <a href=\"https:\/\/bolting.eu\/shop\/singing-rock-dome-big-wall-gurt\/\">Singing Rock Dome<\/a> ja in Betracht ziehen.<\/p>\n<h2>Ocun Webee Bigwall = Lastentier<\/h2>\n<p>Dieser Gurt ist ein echtes Lastentier. Denn er hat gleich 7 (!) versteifte Materialschlaufen.<\/p>\n<p>Zwei davon befinden sich wie \u00fcblich auf der Seite. Im R\u00fccken sind aber noch zwei weitere kleine angebracht. Zentral am R\u00fccken dann eine gro\u00dfe runde Schlaufe f\u00fcr alles zus\u00e4tzliche Material.<\/p>\n<p>Somit l\u00e4sst sich die Bigwall Ausr\u00fcstung und alles an Zubeh\u00f6r perfekt sortieren!<\/p>\n<p>Solltet ihr immer noch zu wenig Platz haben. Dann gibt es zwei zus\u00e4tzliche Slots f\u00fcr Materialkarabiner wie den <a href=\"https:\/\/bolting.eu\/shop\/petzl-caritool-evo-eisschraubenhalter\/\">Petzl Caritool Evo<\/a>!<\/p>\n","protected":false},"excerpt":{"rendered":"<p>Perfekt bel\u00fcfteter Bigwall Gurt dank Webee Waben Technologie. 7 Materialschlaufen, extremer Komfort und 2 Sicherungsschlaufen.<\/p>\n<p>Erh\u00e4ltlich in den Gr\u00f6\u00dfen XS &#8211; M und L &#8211; XL.<\/p>\n<p>Versandkostenfrei bis 2kg in <img decoding=\"async\" class=\"emoji\" role=\"img\" draggable=\"false\" src=\"https:\/\/s.w.org\/images\/core\/emoji\/14.0.0\/svg\/1f1e6-1f1f9.svg\" alt=\"\ud83c\udde6\ud83c\uddf9\" \/> ab \u20ac 100,- und <img decoding=\"async\" class=\"emoji\" role=\"img\" draggable=\"false\" src=\"https:\/\/s.w.org\/images\/core\/emoji\/14.0.0\/svg\/1f1e9-1f1ea.svg\" alt=\"\ud83c\udde9\ud83c\uddea\" \/> ab \u20ac 200,-!<\/p>\n","protected":false},"featured_media":16412,"comment_status":"closed","ping_status":"closed","template":"","meta":[],"product_brand":[],"product_cat":[31,6359,12383,29],"product_tag":[],"class_list":{"0":"post-16407","1":"product","2":"type-product","3":"status-publish","4":"has-post-thumbnail","6":"product_cat-big-wall-ausruestung","7":"product_cat-klettergurte","8":"product_cat-ocun","9":"product_cat-kletterausruestung","11":"first","12":"outofstock","13":"sale","14":"taxable","15":"shipping-taxable","16":"purchasable","17":"product-type-variable"},"yoast_head":"<!-- This site is optimized with the Yoast SEO Premium plugin v26.9 (Yoast SEO v26.9) - https:\/\/yoast.com\/product\/yoast-seo-premium-wordpress\/ -->\n<title>Ocun Webee Bigwall Klettergurt | bolting.eu<\/title>\n<meta name=\"description\" content=\"OCUN Webee Bigwall Klettergurt beim Kletterprofi aus Innsbruck kaufen \u2705 kostenloser Versand* \u2705 14 Tage R\u00fcckgaberecht \u2705 Co2 neutraler Versand\" \/>\n<meta name=\"robots\" content=\"index, follow, max-snippet:-1, max-image-preview:large, max-video-preview:-1\" \/>\n<link rel=\"canonical\" href=\"https:\/\/bolting.eu\/en\/shop\/ocun-webee-bigwall\/\" \/>\n<meta property=\"og:locale\" content=\"en_US\" \/>\n<meta property=\"og:type\" content=\"article\" \/>\n<meta property=\"og:title\" content=\"Ocun Webee Bigwall\" \/>\n<meta property=\"og:description\" content=\"OCUN Webee Bigwall Klettergurt beim Kletterprofi aus Innsbruck kaufen \u2705 kostenloser Versand* \u2705 14 Tage R\u00fcckgaberecht \u2705 Co2 neutraler Versand\" \/>\n<meta property=\"og:url\" content=\"https:\/\/bolting.eu\/en\/shop\/ocun-webee-bigwall\/\" \/>\n<meta property=\"og:site_name\" content=\"bolting.eu\" \/>\n<meta property=\"article:publisher\" content=\"https:\/\/www.facebook.com\/bolting.eu\" \/>\n<meta property=\"article:modified_time\" content=\"2026-04-15T15:14:56+00:00\" \/>\n<meta property=\"og:image\" content=\"https:\/\/bolting.eu\/wp-content\/uploads\/2023\/07\/Ocun-Webee-BigWall-1.jpg\" \/>\n\t<meta property=\"og:image:width\" content=\"700\" \/>\n\t<meta property=\"og:image:height\" content=\"700\" \/>\n\t<meta property=\"og:image:type\" content=\"image\/jpeg\" \/>\n<meta name=\"twitter:card\" content=\"summary_large_image\" \/>\n<meta name=\"twitter:label1\" content=\"Availability\" \/>\n\t<meta name=\"twitter:data1\" content=\"Out of stock\" \/>\n<script type=\"application\/ld+json\" class=\"yoast-schema-graph\">{\"@context\":\"https:\/\/schema.org\",\"@graph\":[{\"@type\":[\"WebPage\",\"ItemPage\"],\"@id\":\"https:\/\/bolting.eu\/en\/shop\/ocun-webee-bigwall\/\",\"url\":\"https:\/\/bolting.eu\/en\/shop\/ocun-webee-bigwall\/\",\"name\":\"Ocun Webee Bigwall Klettergurt | bolting.eu\",\"isPartOf\":{\"@id\":\"https:\/\/bolting.eu\/en\/#website\"},\"primaryImageOfPage\":{\"@id\":\"https:\/\/bolting.eu\/en\/shop\/ocun-webee-bigwall\/#primaryimage\"},\"image\":{\"@id\":\"https:\/\/bolting.eu\/en\/shop\/ocun-webee-bigwall\/#primaryimage\"},\"thumbnailUrl\":\"https:\/\/bolting.eu\/wp-content\/uploads\/2023\/07\/Ocun-Webee-BigWall-1.jpg\",\"datePublished\":\"2023-07-10T08:48:25+00:00\",\"dateModified\":\"2026-04-15T15:14:56+00:00\",\"description\":\"OCUN Webee Bigwall Klettergurt beim Kletterprofi aus Innsbruck kaufen \u2705 kostenloser Versand* \u2705 14 Tage R\u00fcckgaberecht \u2705 Co2 neutraler Versand\",\"breadcrumb\":{\"@id\":\"https:\/\/bolting.eu\/en\/shop\/ocun-webee-bigwall\/#breadcrumb\"},\"inLanguage\":\"en-US\",\"potentialAction\":[{\"@type\":\"ReadAction\",\"target\":[\"https:\/\/bolting.eu\/en\/shop\/ocun-webee-bigwall\/\"]}]},{\"@type\":\"ImageObject\",\"inLanguage\":\"en-US\",\"@id\":\"https:\/\/bolting.eu\/en\/shop\/ocun-webee-bigwall\/#primaryimage\",\"url\":\"https:\/\/bolting.eu\/wp-content\/uploads\/2023\/07\/Ocun-Webee-BigWall-1.jpg\",\"contentUrl\":\"https:\/\/bolting.eu\/wp-content\/uploads\/2023\/07\/Ocun-Webee-BigWall-1.jpg\",\"width\":700,\"height\":700,\"caption\":\"Roter Ocun Webee Bigwall Klettergurt von vorne.\"},{\"@type\":\"BreadcrumbList\",\"@id\":\"https:\/\/bolting.eu\/en\/shop\/ocun-webee-bigwall\/#breadcrumb\",\"itemListElement\":[{\"@type\":\"ListItem\",\"position\":1,\"name\":\"Shop\",\"item\":\"https:\/\/bolting.eu\/en\/shop\/\"},{\"@type\":\"ListItem\",\"position\":2,\"name\":\"climbing equipment\",\"item\":\"https:\/\/bolting.eu\/en\/produkt-kategorie\/climbing-equipment\/\"},{\"@type\":\"ListItem\",\"position\":3,\"name\":\"Klettergurte\",\"item\":\"https:\/\/bolting.eu\/produkt-kategorie\/kletterausruestung\/klettergurte\/\"},{\"@type\":\"ListItem\",\"position\":4,\"name\":\"Ocun Webee Bigwall\"}]},{\"@type\":\"WebSite\",\"@id\":\"https:\/\/bolting.eu\/en\/#website\",\"url\":\"https:\/\/bolting.eu\/en\/\",\"name\":\"bolting.eu\",\"description\":\"we make climbs happen\",\"publisher\":{\"@id\":\"https:\/\/bolting.eu\/en\/#organization\"},\"potentialAction\":[{\"@type\":\"SearchAction\",\"target\":{\"@type\":\"EntryPoint\",\"urlTemplate\":\"https:\/\/bolting.eu\/en\/?s={search_term_string}\"},\"query-input\":{\"@type\":\"PropertyValueSpecification\",\"valueRequired\":true,\"valueName\":\"search_term_string\"}}],\"inLanguage\":\"en-US\"},{\"@type\":[\"Organization\",\"Place\",\"SportingGoodsStore\"],\"@id\":\"https:\/\/bolting.eu\/en\/#organization\",\"name\":\"bolting.eu\",\"url\":\"https:\/\/bolting.eu\/en\/\",\"logo\":{\"@id\":\"https:\/\/bolting.eu\/en\/shop\/ocun-webee-bigwall\/#local-main-organization-logo\"},\"image\":{\"@id\":\"https:\/\/bolting.eu\/en\/shop\/ocun-webee-bigwall\/#local-main-organization-logo\"},\"sameAs\":[\"https:\/\/www.facebook.com\/bolting.eu\",\"https:\/\/www.instagram.com\/bolting.eu\/\"],\"address\":{\"@id\":\"https:\/\/bolting.eu\/en\/shop\/ocun-webee-bigwall\/#local-main-place-address\"},\"geo\":{\"@type\":\"GeoCoordinates\",\"latitude\":\"47.264176340396226\",\"longitude\":\"11.380109057672346\"},\"telephone\":[\"+43 699 19083372\"],\"openingHoursSpecification\":[{\"@type\":\"OpeningHoursSpecification\",\"dayOfWeek\":[\"Monday\",\"Wednesday\",\"Friday\"],\"opens\":\"14:00\",\"closes\":\"18:00\"},{\"@type\":\"OpeningHoursSpecification\",\"dayOfWeek\":[\"Tuesday\",\"Thursday\",\"Saturday\",\"Sunday\"],\"opens\":\"00:00\",\"closes\":\"00:00\"}],\"email\":\"office@bolting.eu\",\"vatID\":\"ATU59999728\",\"priceRange\":\"$$\",\"currenciesAccepted\":\"Euro\"},{\"@type\":\"PostalAddress\",\"@id\":\"https:\/\/bolting.eu\/en\/shop\/ocun-webee-bigwall\/#local-main-place-address\",\"streetAddress\":\"Fischnalerstra\u00dfe 4\",\"addressLocality\":\"Innsbruck\",\"postalCode\":\"6020\",\"addressRegion\":\"Tirol\",\"addressCountry\":\"AT\"},{\"@type\":\"ImageObject\",\"inLanguage\":\"en-US\",\"@id\":\"https:\/\/bolting.eu\/en\/shop\/ocun-webee-bigwall\/#local-main-organization-logo\",\"url\":\"https:\/\/bolting.eu\/wp-content\/uploads\/2019\/09\/bolting-logo.png\",\"contentUrl\":\"https:\/\/bolting.eu\/wp-content\/uploads\/2019\/09\/bolting-logo.png\",\"width\":400,\"height\":211,\"caption\":\"bolting.eu\"}]}<\/script>\n<meta property=\"og:availability\" content=\"out of stock\" \/>\n<meta property=\"product:availability\" content=\"out of stock\" \/>\n<meta property=\"product:condition\" content=\"new\" \/>\n<meta name=\"geo.placename\" content=\"Innsbruck\" \/>\n<meta name=\"geo.position\" content=\"47.264176340396226;11.380109057672346\" \/>\n<meta name=\"geo.region\" content=\"Austria\" \/>\n<!-- \/ Yoast SEO Premium plugin. -->","yoast_head_json":{"title":"Ocun Webee Bigwall Klettergurt | bolting.eu","description":"OCUN Webee Bigwall Klettergurt beim Kletterprofi aus Innsbruck kaufen \u2705 kostenloser Versand* \u2705 14 Tage R\u00fcckgaberecht \u2705 Co2 neutraler Versand","robots":{"index":"index","follow":"follow","max-snippet":"max-snippet:-1","max-image-preview":"max-image-preview:large","max-video-preview":"max-video-preview:-1"},"canonical":"https:\/\/bolting.eu\/en\/shop\/ocun-webee-bigwall\/","og_locale":"en_US","og_type":"article","og_title":"Ocun Webee Bigwall","og_description":"OCUN Webee Bigwall Klettergurt beim Kletterprofi aus Innsbruck kaufen \u2705 kostenloser Versand* \u2705 14 Tage R\u00fcckgaberecht \u2705 Co2 neutraler Versand","og_url":"https:\/\/bolting.eu\/en\/shop\/ocun-webee-bigwall\/","og_site_name":"bolting.eu","article_publisher":"https:\/\/www.facebook.com\/bolting.eu","article_modified_time":"2026-04-15T15:14:56+00:00","og_image":[{"width":700,"height":700,"url":"https:\/\/bolting.eu\/wp-content\/uploads\/2023\/07\/Ocun-Webee-BigWall-1.jpg","type":"image\/jpeg"}],"twitter_card":"summary_large_image","twitter_misc":{"Availability":"Out of stock"},"schema":{"@context":"https:\/\/schema.org","@graph":[{"@type":["WebPage","ItemPage"],"@id":"https:\/\/bolting.eu\/en\/shop\/ocun-webee-bigwall\/","url":"https:\/\/bolting.eu\/en\/shop\/ocun-webee-bigwall\/","name":"Ocun Webee Bigwall Klettergurt | bolting.eu","isPartOf":{"@id":"https:\/\/bolting.eu\/en\/#website"},"primaryImageOfPage":{"@id":"https:\/\/bolting.eu\/en\/shop\/ocun-webee-bigwall\/#primaryimage"},"image":{"@id":"https:\/\/bolting.eu\/en\/shop\/ocun-webee-bigwall\/#primaryimage"},"thumbnailUrl":"https:\/\/bolting.eu\/wp-content\/uploads\/2023\/07\/Ocun-Webee-BigWall-1.jpg","datePublished":"2023-07-10T08:48:25+00:00","dateModified":"2026-04-15T15:14:56+00:00","description":"OCUN Webee Bigwall Klettergurt beim Kletterprofi aus Innsbruck kaufen \u2705 kostenloser Versand* \u2705 14 Tage R\u00fcckgaberecht \u2705 Co2 neutraler Versand","breadcrumb":{"@id":"https:\/\/bolting.eu\/en\/shop\/ocun-webee-bigwall\/#breadcrumb"},"inLanguage":"en-US","potentialAction":[{"@type":"ReadAction","target":["https:\/\/bolting.eu\/en\/shop\/ocun-webee-bigwall\/"]}]},{"@type":"ImageObject","inLanguage":"en-US","@id":"https:\/\/bolting.eu\/en\/shop\/ocun-webee-bigwall\/#primaryimage","url":"https:\/\/bolting.eu\/wp-content\/uploads\/2023\/07\/Ocun-Webee-BigWall-1.jpg","contentUrl":"https:\/\/bolting.eu\/wp-content\/uploads\/2023\/07\/Ocun-Webee-BigWall-1.jpg","width":700,"height":700,"caption":"Roter Ocun Webee Bigwall Klettergurt von vorne."},{"@type":"BreadcrumbList","@id":"https:\/\/bolting.eu\/en\/shop\/ocun-webee-bigwall\/#breadcrumb","itemListElement":[{"@type":"ListItem","position":1,"name":"Shop","item":"https:\/\/bolting.eu\/en\/shop\/"},{"@type":"ListItem","position":2,"name":"climbing equipment","item":"https:\/\/bolting.eu\/en\/produkt-kategorie\/climbing-equipment\/"},{"@type":"ListItem","position":3,"name":"Klettergurte","item":"https:\/\/bolting.eu\/produkt-kategorie\/kletterausruestung\/klettergurte\/"},{"@type":"ListItem","position":4,"name":"Ocun Webee Bigwall"}]},{"@type":"WebSite","@id":"https:\/\/bolting.eu\/en\/#website","url":"https:\/\/bolting.eu\/en\/","name":"bolting.eu","description":"we make climbs happen","publisher":{"@id":"https:\/\/bolting.eu\/en\/#organization"},"potentialAction":[{"@type":"SearchAction","target":{"@type":"EntryPoint","urlTemplate":"https:\/\/bolting.eu\/en\/?s={search_term_string}"},"query-input":{"@type":"PropertyValueSpecification","valueRequired":true,"valueName":"search_term_string"}}],"inLanguage":"en-US"},{"@type":["Organization","Place","SportingGoodsStore"],"@id":"https:\/\/bolting.eu\/en\/#organization","name":"bolting.eu","url":"https:\/\/bolting.eu\/en\/","logo":{"@id":"https:\/\/bolting.eu\/en\/shop\/ocun-webee-bigwall\/#local-main-organization-logo"},"image":{"@id":"https:\/\/bolting.eu\/en\/shop\/ocun-webee-bigwall\/#local-main-organization-logo"},"sameAs":["https:\/\/www.facebook.com\/bolting.eu","https:\/\/www.instagram.com\/bolting.eu\/"],"address":{"@id":"https:\/\/bolting.eu\/en\/shop\/ocun-webee-bigwall\/#local-main-place-address"},"geo":{"@type":"GeoCoordinates","latitude":"47.264176340396226","longitude":"11.380109057672346"},"telephone":["+43 699 19083372"],"openingHoursSpecification":[{"@type":"OpeningHoursSpecification","dayOfWeek":["Monday","Wednesday","Friday"],"opens":"14:00","closes":"18:00"},{"@type":"OpeningHoursSpecification","dayOfWeek":["Tuesday","Thursday","Saturday","Sunday"],"opens":"00:00","closes":"00:00"}],"email":"office@bolting.eu","vatID":"ATU59999728","priceRange":"$$","currenciesAccepted":"Euro"},{"@type":"PostalAddress","@id":"https:\/\/bolting.eu\/en\/shop\/ocun-webee-bigwall\/#local-main-place-address","streetAddress":"Fischnalerstra\u00dfe 4","addressLocality":"Innsbruck","postalCode":"6020","addressRegion":"Tirol","addressCountry":"AT"},{"@type":"ImageObject","inLanguage":"en-US","@id":"https:\/\/bolting.eu\/en\/shop\/ocun-webee-bigwall\/#local-main-organization-logo","url":"https:\/\/bolting.eu\/wp-content\/uploads\/2019\/09\/bolting-logo.png","contentUrl":"https:\/\/bolting.eu\/wp-content\/uploads\/2019\/09\/bolting-logo.png","width":400,"height":211,"caption":"bolting.eu"}]},"og_availability":"out of stock","product_availability":"out of stock","product_condition":"new","geo.placename":"Innsbruck","geo.position":{"lat":"47.264176340396226","long":"11.380109057672346"},"geo.region":"Austria"},"_links":{"self":[{"href":"https:\/\/bolting.eu\/en\/wp-json\/wp\/v2\/product\/16407","targetHints":{"allow":["GET"]}}],"collection":[{"href":"https:\/\/bolting.eu\/en\/wp-json\/wp\/v2\/product"}],"about":[{"href":"https:\/\/bolting.eu\/en\/wp-json\/wp\/v2\/types\/product"}],"replies":[{"embeddable":true,"href":"https:\/\/bolting.eu\/en\/wp-json\/wp\/v2\/comments?post=16407"}],"wp:featuredmedia":[{"embeddable":true,"href":"https:\/\/bolting.eu\/en\/wp-json\/wp\/v2\/media\/16412"}],"wp:attachment":[{"href":"https:\/\/bolting.eu\/en\/wp-json\/wp\/v2\/media?parent=16407"}],"wp:term":[{"taxonomy":"product_brand","embeddable":true,"href":"https:\/\/bolting.eu\/en\/wp-json\/wp\/v2\/product_brand?post=16407"},{"taxonomy":"product_cat","embeddable":true,"href":"https:\/\/bolting.eu\/en\/wp-json\/wp\/v2\/product_cat?post=16407"},{"taxonomy":"product_tag","embeddable":true,"href":"https:\/\/bolting.eu\/en\/wp-json\/wp\/v2\/product_tag?post=16407"}],"curies":[{"name":"wp","href":"https:\/\/api.w.org\/{rel}","templated":true}]}}