{"id":1640,"date":"2020-03-02T15:04:43","date_gmt":"2020-03-02T14:04:43","guid":{"rendered":"https:\/\/bolting.eu\/?post_type=product&#038;p=1640"},"modified":"2026-03-23T14:38:27","modified_gmt":"2026-03-23T13:38:27","slug":"umlenkkarabiner","status":"publish","type":"product","link":"https:\/\/bolting.eu\/en\/shop\/umlenkkarabiner\/","title":{"rendered":"Umlenkkarabiner"},"content":{"rendered":"<p>Unser Umlenkkarabiner ist ein wahres Arbeitstier. Denn erstens ist der ca. 12mm starke <a href=\"https:\/\/bolting.eu\/produkt-kategorie\/kletterausruestung\/karabiner-kletterkarabiner\/stahlkarabiner\/\">Stahlkarabiner<\/a> aus AISI 316L Stahl hoch abriebfest. Zweitens ist er mit einem Splint als Diebstahlschutz ausgestattet. Drittens erf\u00fcllt er die EN Norm 12275 und ist somit f\u00fcr Klettergartenhalter geeignet. Kurzum: der perfekte Karabiner um den Umlenker &#8211; Abseilstand in hochfrequentierten Routen damit auszustatten.<\/p>\n<p>Das Produkt ist nur mit separat beigelegtem Splint erh\u00e4ltlich. Er kann selber ganz einfach installiert werden.<\/p>\n<h3>Eigenschaften Umlenkkarabiner<\/h3>\n<ul>\n<li>Material: AISI 316L Stahl<\/li>\n<li>12mm Radius f\u00fcr viel Abrieb<\/li>\n<li>Splint als Sicherungsschutz liegt separat bei<\/li>\n<li>Normen: En 12275 und EN 362 bzw. UIAA 121<\/li>\n<li>Bruchlast: 40kN geschlossen \/ 12 kN offen \/ 16kN Querachse<\/li>\n<li>Gr\u00f6\u00dfe: ca. 113 x 70mm<\/li>\n<li>Schnapper\u00f6ffnung: 25mm<\/li>\n<li>Gewicht: 239 Gramm<\/li>\n<\/ul>\n<h3>Wann sind Umlenkkarabiner auszutauschen?<\/h3>\n<p>Dieses Produkt ist sp\u00e4testens dann zu wechseln, wenn ca. die H\u00e4lfte des Durchmessers abgerieben ist. Wir empfehlen Klettergartenhaltern dies jedoch bereits fr\u00fcher zu tun. So lassen sich rechtliche Risiken minimieren.<\/p>\n<p>Die Kontrolle der Karabiner in den Kettenst\u00e4nden sollte j\u00e4hrlich erfolgen. Im Rahmen der strikt empfohlenen Klettergarten Inspektion. Bolting.eu pr\u00fcft z.B. im Rahmen des <a href=\"https:\/\/bolting.eu\/klettergarten-check\/\">Klettergarten Checks<\/a>\u00a0den Zustand der Umlenkpunkte.<\/p>\n<h3>Einsatzgebiete<\/h3>\n<p>Der Umlenkkarabiner ist perfekt f\u00fcr folgende Einsatzgebiete:<\/p>\n<ul>\n<li><a href=\"https:\/\/bolting.eu\/consulting-errichtung\/klettergarten-errichtung\/\">Klettergarten Errichtung<\/a><\/li>\n<li><a href=\"https:\/\/bolting.eu\/consulting-errichtung\/klettergarten-sanierung\/\">Sanierung von Kletterg\u00e4rten<\/a><\/li>\n<li><a href=\"https:\/\/bolting.eu\/klettergarten-wartung\/\">Klettergarten Wartung<\/a><\/li>\n<\/ul>\n<p>Das Produkt ist besonders f\u00fcr hochfrequente Routen zu empfehlen. Der hoch abriebfeste und dicke Stahl sorgen f\u00fcr eine lange Lebensdauer.<\/p>\n<h3>Zubeh\u00f6r Umlenkkarabiner<\/h3>\n<p>F\u00fcr die direkte Anbringung in einer <a href=\"https:\/\/bolting.eu\/produkt-kategorie\/bohrhakenlasche\/\">Bohrhakenlasche<\/a> bzw. in einem <a href=\"https:\/\/bolting.eu\/produkt-kategorie\/klebehaken-buehlerhaken\/\">Klebehaken<\/a> braucht man ein entsprechendes <a href=\"https:\/\/bolting.eu\/produkt-kategorie\/schraubglied-rapidglied\/\">Schraubglied &#8211; Rapidglied<\/a>. Wir empfehlen ein genormtes Rapidglied mit 8mm oder 10mm Durchmesser.<\/p>\n<p>Den Karabiner kann man auch in einen Ring einh\u00e4ngen. In diesem Fall bitte mit separatem Splint \/ Diebstahlsicherung bestellen!<\/p>\n<h3>Galvanische Korrosion<\/h3>\n<p>Bitte beachtet. Der Umlenkkarabiner darf keinesfalls mit einem verzinkten Rapidglied befestigt werden. Denn dies w\u00fcrde zu <a href=\"https:\/\/bolting.eu\/galvanische-korrosion-bei-bohrhaken\/\">galvanischer Korrosion<\/a> f\u00fchren. Zudem darf er auch nicht einfach in eine verzinkte Bohrhakenlasche geh\u00e4ngt werden. Beides f\u00fchrt zum &#8220;Verrosten&#8221; des unedleren Metall Bauteils.<\/p>\n<p>Wer sich mehr zu dem Thema einlesen m\u00f6chte, hier unser Fachbeitrag &#8220;<a href=\"https:\/\/bolting.eu\/stahlqualitaeten-bei-bohrhaken-und-klebehaken\/\">Stahlqualit\u00e4ten bei Bohrhaken und Klebehaken<\/a>&#8221;<\/p>\n<p>Link Tipp: <a href=\"https:\/\/www.raumerclimbing.com\">zum Hersteller<\/a><\/p>\n<p>&nbsp;<\/p>\n","protected":false},"excerpt":{"rendered":"<p>Super sicherer Edelstahl Karabiner mit Triple Lock Verschluss f\u00fcr alle g\u00e4ngigen Kettenst\u00e4nde \/ Umlenker.<\/p>\n<p>Passt auf alle 10mm starken Ringe und kann dann mit Splint diebstahlsicher befestigt werden.<\/p>\n<p>Versandkostenfrei bis 2kg in\u00a0<img decoding=\"async\" class=\"emoji\" role=\"img\" draggable=\"false\" src=\"https:\/\/s.w.org\/images\/core\/emoji\/14.0.0\/svg\/1f1e6-1f1f9.svg\" alt=\"\ud83c\udde6\ud83c\uddf9\" \/>\u00a0ab \u20ac 100,- und\u00a0<img decoding=\"async\" class=\"emoji\" role=\"img\" draggable=\"false\" src=\"https:\/\/s.w.org\/images\/core\/emoji\/14.0.0\/svg\/1f1e9-1f1ea.svg\" alt=\"\ud83c\udde9\ud83c\uddea\" \/>\u00a0ab \u20ac 200,-!<\/p>\n","protected":false},"featured_media":37202,"comment_status":"closed","ping_status":"closed","template":"","meta":[],"product_brand":[],"product_cat":[1210,44,4660,3004,3003,58],"product_tag":[],"class_list":{"0":"post-1640","1":"product","2":"type-product","3":"status-publish","4":"has-post-thumbnail","6":"product_cat-einbohrartikel","7":"product_cat-kletterkarabiner","8":"product_cat-raumer","9":"product_cat-schnappkarabiner","10":"product_cat-stahlkarabiner","11":"product_cat-umlenker-kettenstand","13":"first","14":"instock","15":"sale","16":"taxable","17":"shipping-taxable","18":"purchasable","19":"product-type-simple"},"yoast_head":"<!-- This site is optimized with the Yoast SEO Premium plugin v26.9 (Yoast SEO v26.9) - https:\/\/yoast.com\/product\/yoast-seo-premium-wordpress\/ -->\n<title>Umlenkkarabiner mit Splint aus AISI 316L Stahl hochabriebfestbolting.eu<\/title>\n<meta name=\"description\" content=\"Hier findet Ihr den UMLENKKARABINER aus AISI 316L Stahl mit Splint als Diebstahlschutz zum Top Preis beim Einbohr Experten bolting.eu!\" \/>\n<meta name=\"robots\" content=\"index, follow, max-snippet:-1, max-image-preview:large, max-video-preview:-1\" \/>\n<link rel=\"canonical\" href=\"https:\/\/bolting.eu\/en\/shop\/umlenkkarabiner\/\" \/>\n<meta property=\"og:locale\" content=\"en_US\" \/>\n<meta property=\"og:type\" content=\"article\" \/>\n<meta property=\"og:title\" content=\"Umlenkkarabiner\" \/>\n<meta property=\"og:description\" content=\"Hier findet Ihr den UMLENKKARABINER aus AISI 316L Stahl mit Splint als Diebstahlschutz zum Top Preis beim Einbohr Experten bolting.eu!\" \/>\n<meta property=\"og:url\" content=\"https:\/\/bolting.eu\/en\/shop\/umlenkkarabiner\/\" \/>\n<meta property=\"og:site_name\" content=\"bolting.eu\" \/>\n<meta property=\"article:publisher\" content=\"https:\/\/www.facebook.com\/bolting.eu\" \/>\n<meta property=\"article:modified_time\" content=\"2026-03-23T13:38:27+00:00\" \/>\n<meta property=\"og:image\" content=\"https:\/\/bolting.eu\/wp-content\/uploads\/2020\/03\/AA-Ferrda-TL-Umlenkkarabiner-2.jpg\" \/>\n\t<meta property=\"og:image:width\" content=\"700\" \/>\n\t<meta property=\"og:image:height\" content=\"700\" \/>\n\t<meta property=\"og:image:type\" content=\"image\/jpeg\" \/>\n<meta name=\"twitter:card\" content=\"summary_large_image\" \/>\n<meta name=\"twitter:label1\" content=\"Price\" \/>\n\t<meta name=\"twitter:data1\" content=\"&euro;&nbsp;37,00\" \/>\n\t<meta name=\"twitter:label2\" content=\"Availability\" \/>\n\t<meta name=\"twitter:data2\" content=\"In stock\" \/>\n<script type=\"application\/ld+json\" class=\"yoast-schema-graph\">{\"@context\":\"https:\/\/schema.org\",\"@graph\":[{\"@type\":[\"WebPage\",\"ItemPage\"],\"@id\":\"https:\/\/bolting.eu\/en\/shop\/umlenkkarabiner\/\",\"url\":\"https:\/\/bolting.eu\/en\/shop\/umlenkkarabiner\/\",\"name\":\"Umlenkkarabiner mit Splint aus AISI 316L Stahl hochabriebfestbolting.eu\",\"isPartOf\":{\"@id\":\"https:\/\/bolting.eu\/en\/#website\"},\"primaryImageOfPage\":{\"@id\":\"https:\/\/bolting.eu\/en\/shop\/umlenkkarabiner\/#primaryimage\"},\"image\":{\"@id\":\"https:\/\/bolting.eu\/en\/shop\/umlenkkarabiner\/#primaryimage\"},\"thumbnailUrl\":\"https:\/\/bolting.eu\/wp-content\/uploads\/2020\/03\/AA-Ferrda-TL-Umlenkkarabiner-2.jpg\",\"datePublished\":\"2020-03-02T14:04:43+00:00\",\"dateModified\":\"2026-03-23T13:38:27+00:00\",\"description\":\"Hier findet Ihr den UMLENKKARABINER aus AISI 316L Stahl mit Splint als Diebstahlschutz zum Top Preis beim Einbohr Experten bolting.eu!\",\"breadcrumb\":{\"@id\":\"https:\/\/bolting.eu\/en\/shop\/umlenkkarabiner\/#breadcrumb\"},\"inLanguage\":\"en-US\",\"potentialAction\":[{\"@type\":\"ReadAction\",\"target\":[\"https:\/\/bolting.eu\/en\/shop\/umlenkkarabiner\/\"]}]},{\"@type\":\"ImageObject\",\"inLanguage\":\"en-US\",\"@id\":\"https:\/\/bolting.eu\/en\/shop\/umlenkkarabiner\/#primaryimage\",\"url\":\"https:\/\/bolting.eu\/wp-content\/uploads\/2020\/03\/AA-Ferrda-TL-Umlenkkarabiner-2.jpg\",\"contentUrl\":\"https:\/\/bolting.eu\/wp-content\/uploads\/2020\/03\/AA-Ferrda-TL-Umlenkkarabiner-2.jpg\",\"width\":700,\"height\":700,\"caption\":\"Silberner Umlenkkarabiner mit blauem Verschluss nach rechts und einem Splint.\"},{\"@type\":\"BreadcrumbList\",\"@id\":\"https:\/\/bolting.eu\/en\/shop\/umlenkkarabiner\/#breadcrumb\",\"itemListElement\":[{\"@type\":\"ListItem\",\"position\":1,\"name\":\"Shop\",\"item\":\"https:\/\/bolting.eu\/en\/shop\/\"},{\"@type\":\"ListItem\",\"position\":2,\"name\":\"climbing equipment\",\"item\":\"https:\/\/bolting.eu\/en\/produkt-kategorie\/climbing-equipment\/\"},{\"@type\":\"ListItem\",\"position\":3,\"name\":\"Climbing carabiner\",\"item\":\"https:\/\/bolting.eu\/en\/produkt-kategorie\/climbing-carabiner\/\"},{\"@type\":\"ListItem\",\"position\":4,\"name\":\"Steel carabiner\",\"item\":\"https:\/\/bolting.eu\/en\/produkt-kategorie\/steel-carabiner\/\"},{\"@type\":\"ListItem\",\"position\":5,\"name\":\"Umlenkkarabiner\"}]},{\"@type\":\"WebSite\",\"@id\":\"https:\/\/bolting.eu\/en\/#website\",\"url\":\"https:\/\/bolting.eu\/en\/\",\"name\":\"bolting.eu\",\"description\":\"we make climbs happen\",\"publisher\":{\"@id\":\"https:\/\/bolting.eu\/en\/#organization\"},\"potentialAction\":[{\"@type\":\"SearchAction\",\"target\":{\"@type\":\"EntryPoint\",\"urlTemplate\":\"https:\/\/bolting.eu\/en\/?s={search_term_string}\"},\"query-input\":{\"@type\":\"PropertyValueSpecification\",\"valueRequired\":true,\"valueName\":\"search_term_string\"}}],\"inLanguage\":\"en-US\"},{\"@type\":[\"Organization\",\"Place\",\"SportingGoodsStore\"],\"@id\":\"https:\/\/bolting.eu\/en\/#organization\",\"name\":\"bolting.eu\",\"url\":\"https:\/\/bolting.eu\/en\/\",\"logo\":{\"@id\":\"https:\/\/bolting.eu\/en\/shop\/umlenkkarabiner\/#local-main-organization-logo\"},\"image\":{\"@id\":\"https:\/\/bolting.eu\/en\/shop\/umlenkkarabiner\/#local-main-organization-logo\"},\"sameAs\":[\"https:\/\/www.facebook.com\/bolting.eu\",\"https:\/\/www.instagram.com\/bolting.eu\/\"],\"address\":{\"@id\":\"https:\/\/bolting.eu\/en\/shop\/umlenkkarabiner\/#local-main-place-address\"},\"geo\":{\"@type\":\"GeoCoordinates\",\"latitude\":\"47.264176340396226\",\"longitude\":\"11.380109057672346\"},\"telephone\":[\"+43 699 19083372\"],\"openingHoursSpecification\":[{\"@type\":\"OpeningHoursSpecification\",\"dayOfWeek\":[\"Monday\",\"Wednesday\",\"Friday\"],\"opens\":\"14:00\",\"closes\":\"18:00\"},{\"@type\":\"OpeningHoursSpecification\",\"dayOfWeek\":[\"Tuesday\",\"Thursday\",\"Saturday\",\"Sunday\"],\"opens\":\"00:00\",\"closes\":\"00:00\"}],\"email\":\"office@bolting.eu\",\"vatID\":\"ATU59999728\",\"priceRange\":\"$$\",\"currenciesAccepted\":\"Euro\"},{\"@type\":\"PostalAddress\",\"@id\":\"https:\/\/bolting.eu\/en\/shop\/umlenkkarabiner\/#local-main-place-address\",\"streetAddress\":\"Fischnalerstra\u00dfe 4\",\"addressLocality\":\"Innsbruck\",\"postalCode\":\"6020\",\"addressRegion\":\"Tirol\",\"addressCountry\":\"AT\"},{\"@type\":\"ImageObject\",\"inLanguage\":\"en-US\",\"@id\":\"https:\/\/bolting.eu\/en\/shop\/umlenkkarabiner\/#local-main-organization-logo\",\"url\":\"https:\/\/bolting.eu\/wp-content\/uploads\/2019\/09\/bolting-logo.png\",\"contentUrl\":\"https:\/\/bolting.eu\/wp-content\/uploads\/2019\/09\/bolting-logo.png\",\"width\":400,\"height\":211,\"caption\":\"bolting.eu\"}]}<\/script>\n<meta property=\"product:price:amount\" content=\"37.00\" \/>\n<meta property=\"product:price:currency\" content=\"EUR\" \/>\n<meta property=\"og:availability\" content=\"instock\" \/>\n<meta property=\"product:availability\" content=\"instock\" \/>\n<meta property=\"product:retailer_item_id\" content=\"NW32A-L\" \/>\n<meta property=\"product:condition\" content=\"new\" \/>\n<meta name=\"geo.placename\" content=\"Innsbruck\" \/>\n<meta name=\"geo.position\" content=\"47.264176340396226;11.380109057672346\" \/>\n<meta name=\"geo.region\" content=\"Austria\" \/>\n<!-- \/ Yoast SEO Premium plugin. -->","yoast_head_json":{"title":"Umlenkkarabiner mit Splint aus AISI 316L Stahl hochabriebfestbolting.eu","description":"Hier findet Ihr den UMLENKKARABINER aus AISI 316L Stahl mit Splint als Diebstahlschutz zum Top Preis beim Einbohr Experten bolting.eu!","robots":{"index":"index","follow":"follow","max-snippet":"max-snippet:-1","max-image-preview":"max-image-preview:large","max-video-preview":"max-video-preview:-1"},"canonical":"https:\/\/bolting.eu\/en\/shop\/umlenkkarabiner\/","og_locale":"en_US","og_type":"article","og_title":"Umlenkkarabiner","og_description":"Hier findet Ihr den UMLENKKARABINER aus AISI 316L Stahl mit Splint als Diebstahlschutz zum Top Preis beim Einbohr Experten bolting.eu!","og_url":"https:\/\/bolting.eu\/en\/shop\/umlenkkarabiner\/","og_site_name":"bolting.eu","article_publisher":"https:\/\/www.facebook.com\/bolting.eu","article_modified_time":"2026-03-23T13:38:27+00:00","og_image":[{"width":700,"height":700,"url":"https:\/\/bolting.eu\/wp-content\/uploads\/2020\/03\/AA-Ferrda-TL-Umlenkkarabiner-2.jpg","type":"image\/jpeg"}],"twitter_card":"summary_large_image","twitter_misc":{"Price":"&euro;&nbsp;37,00","Availability":"In stock"},"schema":{"@context":"https:\/\/schema.org","@graph":[{"@type":["WebPage","ItemPage"],"@id":"https:\/\/bolting.eu\/en\/shop\/umlenkkarabiner\/","url":"https:\/\/bolting.eu\/en\/shop\/umlenkkarabiner\/","name":"Umlenkkarabiner mit Splint aus AISI 316L Stahl hochabriebfestbolting.eu","isPartOf":{"@id":"https:\/\/bolting.eu\/en\/#website"},"primaryImageOfPage":{"@id":"https:\/\/bolting.eu\/en\/shop\/umlenkkarabiner\/#primaryimage"},"image":{"@id":"https:\/\/bolting.eu\/en\/shop\/umlenkkarabiner\/#primaryimage"},"thumbnailUrl":"https:\/\/bolting.eu\/wp-content\/uploads\/2020\/03\/AA-Ferrda-TL-Umlenkkarabiner-2.jpg","datePublished":"2020-03-02T14:04:43+00:00","dateModified":"2026-03-23T13:38:27+00:00","description":"Hier findet Ihr den UMLENKKARABINER aus AISI 316L Stahl mit Splint als Diebstahlschutz zum Top Preis beim Einbohr Experten bolting.eu!","breadcrumb":{"@id":"https:\/\/bolting.eu\/en\/shop\/umlenkkarabiner\/#breadcrumb"},"inLanguage":"en-US","potentialAction":[{"@type":"ReadAction","target":["https:\/\/bolting.eu\/en\/shop\/umlenkkarabiner\/"]}]},{"@type":"ImageObject","inLanguage":"en-US","@id":"https:\/\/bolting.eu\/en\/shop\/umlenkkarabiner\/#primaryimage","url":"https:\/\/bolting.eu\/wp-content\/uploads\/2020\/03\/AA-Ferrda-TL-Umlenkkarabiner-2.jpg","contentUrl":"https:\/\/bolting.eu\/wp-content\/uploads\/2020\/03\/AA-Ferrda-TL-Umlenkkarabiner-2.jpg","width":700,"height":700,"caption":"Silberner Umlenkkarabiner mit blauem Verschluss nach rechts und einem Splint."},{"@type":"BreadcrumbList","@id":"https:\/\/bolting.eu\/en\/shop\/umlenkkarabiner\/#breadcrumb","itemListElement":[{"@type":"ListItem","position":1,"name":"Shop","item":"https:\/\/bolting.eu\/en\/shop\/"},{"@type":"ListItem","position":2,"name":"climbing equipment","item":"https:\/\/bolting.eu\/en\/produkt-kategorie\/climbing-equipment\/"},{"@type":"ListItem","position":3,"name":"Climbing carabiner","item":"https:\/\/bolting.eu\/en\/produkt-kategorie\/climbing-carabiner\/"},{"@type":"ListItem","position":4,"name":"Steel carabiner","item":"https:\/\/bolting.eu\/en\/produkt-kategorie\/steel-carabiner\/"},{"@type":"ListItem","position":5,"name":"Umlenkkarabiner"}]},{"@type":"WebSite","@id":"https:\/\/bolting.eu\/en\/#website","url":"https:\/\/bolting.eu\/en\/","name":"bolting.eu","description":"we make climbs happen","publisher":{"@id":"https:\/\/bolting.eu\/en\/#organization"},"potentialAction":[{"@type":"SearchAction","target":{"@type":"EntryPoint","urlTemplate":"https:\/\/bolting.eu\/en\/?s={search_term_string}"},"query-input":{"@type":"PropertyValueSpecification","valueRequired":true,"valueName":"search_term_string"}}],"inLanguage":"en-US"},{"@type":["Organization","Place","SportingGoodsStore"],"@id":"https:\/\/bolting.eu\/en\/#organization","name":"bolting.eu","url":"https:\/\/bolting.eu\/en\/","logo":{"@id":"https:\/\/bolting.eu\/en\/shop\/umlenkkarabiner\/#local-main-organization-logo"},"image":{"@id":"https:\/\/bolting.eu\/en\/shop\/umlenkkarabiner\/#local-main-organization-logo"},"sameAs":["https:\/\/www.facebook.com\/bolting.eu","https:\/\/www.instagram.com\/bolting.eu\/"],"address":{"@id":"https:\/\/bolting.eu\/en\/shop\/umlenkkarabiner\/#local-main-place-address"},"geo":{"@type":"GeoCoordinates","latitude":"47.264176340396226","longitude":"11.380109057672346"},"telephone":["+43 699 19083372"],"openingHoursSpecification":[{"@type":"OpeningHoursSpecification","dayOfWeek":["Monday","Wednesday","Friday"],"opens":"14:00","closes":"18:00"},{"@type":"OpeningHoursSpecification","dayOfWeek":["Tuesday","Thursday","Saturday","Sunday"],"opens":"00:00","closes":"00:00"}],"email":"office@bolting.eu","vatID":"ATU59999728","priceRange":"$$","currenciesAccepted":"Euro"},{"@type":"PostalAddress","@id":"https:\/\/bolting.eu\/en\/shop\/umlenkkarabiner\/#local-main-place-address","streetAddress":"Fischnalerstra\u00dfe 4","addressLocality":"Innsbruck","postalCode":"6020","addressRegion":"Tirol","addressCountry":"AT"},{"@type":"ImageObject","inLanguage":"en-US","@id":"https:\/\/bolting.eu\/en\/shop\/umlenkkarabiner\/#local-main-organization-logo","url":"https:\/\/bolting.eu\/wp-content\/uploads\/2019\/09\/bolting-logo.png","contentUrl":"https:\/\/bolting.eu\/wp-content\/uploads\/2019\/09\/bolting-logo.png","width":400,"height":211,"caption":"bolting.eu"}]},"product_price_amount":"37.00","product_price_currency":"EUR","og_availability":"instock","product_availability":"instock","product_retailer_item_id":"NW32A-L","product_condition":"new","geo.placename":"Innsbruck","geo.position":{"lat":"47.264176340396226","long":"11.380109057672346"},"geo.region":"Austria"},"_links":{"self":[{"href":"https:\/\/bolting.eu\/en\/wp-json\/wp\/v2\/product\/1640","targetHints":{"allow":["GET"]}}],"collection":[{"href":"https:\/\/bolting.eu\/en\/wp-json\/wp\/v2\/product"}],"about":[{"href":"https:\/\/bolting.eu\/en\/wp-json\/wp\/v2\/types\/product"}],"replies":[{"embeddable":true,"href":"https:\/\/bolting.eu\/en\/wp-json\/wp\/v2\/comments?post=1640"}],"wp:featuredmedia":[{"embeddable":true,"href":"https:\/\/bolting.eu\/en\/wp-json\/wp\/v2\/media\/37202"}],"wp:attachment":[{"href":"https:\/\/bolting.eu\/en\/wp-json\/wp\/v2\/media?parent=1640"}],"wp:term":[{"taxonomy":"product_brand","embeddable":true,"href":"https:\/\/bolting.eu\/en\/wp-json\/wp\/v2\/product_brand?post=1640"},{"taxonomy":"product_cat","embeddable":true,"href":"https:\/\/bolting.eu\/en\/wp-json\/wp\/v2\/product_cat?post=1640"},{"taxonomy":"product_tag","embeddable":true,"href":"https:\/\/bolting.eu\/en\/wp-json\/wp\/v2\/product_tag?post=1640"}],"curies":[{"name":"wp","href":"https:\/\/api.w.org\/{rel}","templated":true}]}}