{"id":16388,"date":"2023-07-10T09:28:15","date_gmt":"2023-07-10T07:28:15","guid":{"rendered":"https:\/\/bolting.eu\/?post_type=product&#038;p=16388"},"modified":"2026-01-20T13:54:14","modified_gmt":"2026-01-20T12:54:14","slug":"black-diamond-momentum-men","status":"publish","type":"product","link":"https:\/\/bolting.eu\/en\/shop\/black-diamond-momentum-men\/","title":{"rendered":"Black Diamond Momentum Men"},"content":{"rendered":"<p>Der Black Diamond Momentum Men ist ein g\u00fcnstiger Allround <a href=\"https:\/\/bolting.eu\/produkt-kategorie\/kletterausruestung\/klettergurte\/\">Klettergurt<\/a> f\u00fcr Herren. Der voll verstellbare Gurt punktet neben dem preis mit einigen coolen Features.<\/p>\n<p>Erstens die super leicht verstellen Beinschlaufen mit trakFIT Sxstem. Einfach die Schlaufe anziehen oder auseinander ziehen. Fertig! Kein F\u00e4deln und kein herumschlaufen. Super leicht!<\/p>\n<p>Die Dual Core Construction sorgt weiters f\u00fcr angenehmen Tragekomfort. Die vier festen Materialschlaufen bieten viel Platz f\u00fcr Expressen, <a href=\"https:\/\/bolting.eu\/produkt-kategorie\/kletterausruestung\/sicherungsgeraete-klettern\/\">Sicherungsger\u00e4t<\/a>, <a href=\"https:\/\/bolting.eu\/produkt-kategorie\/klemmkeile\/\">Klemmkeile<\/a> und <a href=\"https:\/\/bolting.eu\/produkt-kategorie\/kletterausruestung\/klemmgeraete-friends\/\">Friends<\/a>. Wie z.B. ein ganzes Set <a href=\"https:\/\/bolting.eu\/shop\/totem-cams-klemmgeraete\/\">Totem Cams<\/a>.<\/p>\n<p>Kurzum. Ein preiswerter Allrounder f\u00fcr alle Disziplinen.<\/p>\n<h2>Eigenschaften Black Diamond Momentum Klettergurt<\/h2>\n<ul>\n<li>voll verstellbarer Herren Klettergurt<\/li>\n<li>Material: Polyamid, Alu, Kunststoff, Nylon<\/li>\n<li>Gewicht: 302 Gramm (gr. M)<\/li>\n<li>Gr\u00f6\u00dfen; XS &#8211; XXL<\/li>\n<li>verstellbarer Beinschlaufen mit trakFIT System<\/li>\n<li>Dual Core H\u00fcftschlaufen<\/li>\n<li>vier feste Materialschlaufen<\/li>\n<li>abnehmbare, elastische Beinschlaufenaufh\u00e4ngung<\/li>\n<li>vorgef\u00e4delte Speed Adjust Schnalle am H\u00fcftgurt<\/li>\n<li>ausgwogener Allround Klettergurt<\/li>\n<li><a href=\"https:\/\/blackdiamond-web.cdn.prismic.io\/blackdiamond-web\/5616f91f-8e19-48bd-977e-1ec2ffa1d4b1_M10150_J+Harness+IS-WEB.pdf\" target=\"_blank\" rel=\"noopener\">Bedienungsanleitung<\/a><\/li>\n<\/ul>\n<h3>Gr\u00f6\u00dfentabelle<\/h3>\n<table style=\"height: 263px;\" width=\"400\">\n<tbody>\n<tr>\n<td style=\"text-align: center;\" colspan=\"3\" width=\"261\"><strong>Gr\u00f6\u00dfentabelle Black Diamond Momentum Men<\/strong><\/td>\n<\/tr>\n<tr>\n<td><\/td>\n<td><\/td>\n<td><\/td>\n<\/tr>\n<tr>\n<td><\/td>\n<td style=\"text-align: center;\"><strong>H\u00fcfte<\/strong><\/td>\n<td style=\"text-align: center;\"><strong>Beine<\/strong><\/td>\n<\/tr>\n<tr>\n<td style=\"text-align: center;\">XS<\/td>\n<td style=\"text-align: center;\">61 &#8211; 69 cm<\/td>\n<td style=\"text-align: center;\">45 &#8211; 53 cm<\/td>\n<\/tr>\n<tr>\n<td style=\"text-align: center;\">S<\/td>\n<td style=\"text-align: center;\">69 &#8211; 76 cm<\/td>\n<td style=\"text-align: center;\">48 &#8211; 58 cm<\/td>\n<\/tr>\n<tr>\n<td style=\"text-align: center;\">M<\/td>\n<td style=\"text-align: center;\">76 &#8211; 84 cm<\/td>\n<td style=\"text-align: center;\">53 &#8211; 63 cm<\/td>\n<\/tr>\n<tr>\n<td style=\"text-align: center;\">L<\/td>\n<td style=\"text-align: center;\">84 &#8211; 91 cm<\/td>\n<td style=\"text-align: center;\">63 &#8211; 69 cm<\/td>\n<\/tr>\n<tr>\n<td style=\"text-align: center;\">XL<\/td>\n<td style=\"text-align: center;\">91 &#8211; 99 cm<\/td>\n<td style=\"text-align: center;\">63 &#8211; 69 cm<\/td>\n<\/tr>\n<tr>\n<td style=\"text-align: center;\">XXL<\/td>\n<td style=\"text-align: center;\">100 &#8211; 114 cm<\/td>\n<td style=\"text-align: center;\">66 &#8211; 76 cm<\/td>\n<\/tr>\n<\/tbody>\n<\/table>\n<h3>G\u00fcnstiger Allrounder<\/h3>\n<p>Der Momentum Klettergurt von Black Diamond f\u00e4llt in die Kategorie &#8220;Allrounder&#8221;.<\/p>\n<p>Seine Materialien, Bauweise und Ausstattungsfeatures erlauben eine breite Anwendung. D.h. er ist sowohl beim Sport- als auch Alpinklettern eine gute Wahl. Ebenso beim Eisklettern oder Bergtouren.<\/p>\n<p>F\u00fcr viele H\u00e4ngest\u00e4nde ist dieses Modell aber nicht zu empfehlen. Hierf\u00fcr fehlen den H\u00fcft- und Beinschlafe etwas die Breite und dickere Polsterung.<\/p>\n<h3>trakFIT System<\/h3>\n<p>Dieser Klettergurt hat das trakFIT System. Das ist ein super einfach zu bediendes Verstellsystem f\u00fcr die Beinschlaufen.<\/p>\n<p>Damit kann man den Black Diamond Momentum Men in Windeseile verstellen. Entgegen anderen System von diversen Marken, braucht man hier nichts herumf\u00e4deln. Einfach das Band der Beinschlaufe anziehen und fertig. Es ist tats\u00e4chlich so einfach wie es klingt.<\/p>\n<figure id=\"attachment_16399\" aria-describedby=\"caption-attachment-16399\" style=\"width: 400px\" class=\"wp-caption alignnone\"><a href=\"https:\/\/bolting.eu\/wp-content\/uploads\/2023\/07\/Black-Diamond-Momentum-Men-7.jpg\"><img loading=\"lazy\" decoding=\"async\" class=\"wp-image-16399 size-medium\" src=\"https:\/\/bolting.eu\/wp-content\/uploads\/2023\/07\/Black-Diamond-Momentum-Men-7-400x400.jpg\" alt=\"Schwarze trakFIT Schnalle eines Black Diamond Klettergurtes.\" width=\"400\" height=\"400\" srcset=\"https:\/\/bolting.eu\/wp-content\/uploads\/2023\/07\/Black-Diamond-Momentum-Men-7-400x400.jpg 400w, https:\/\/bolting.eu\/wp-content\/uploads\/2023\/07\/Black-Diamond-Momentum-Men-7-280x280.jpg 280w, https:\/\/bolting.eu\/wp-content\/uploads\/2023\/07\/Black-Diamond-Momentum-Men-7-247x247.jpg 247w, https:\/\/bolting.eu\/wp-content\/uploads\/2023\/07\/Black-Diamond-Momentum-Men-7-510x510.jpg 510w, https:\/\/bolting.eu\/wp-content\/uploads\/2023\/07\/Black-Diamond-Momentum-Men-7-100x100.jpg 100w, https:\/\/bolting.eu\/wp-content\/uploads\/2023\/07\/Black-Diamond-Momentum-Men-7.jpg 700w\" sizes=\"auto, (max-width: 400px) 100vw, 400px\" \/><\/a><figcaption id=\"caption-attachment-16399\" class=\"wp-caption-text\">Die trakFIT Schnalle zum super leichten verstellen der Beinschlaufenn.<\/figcaption><\/figure>\n","protected":false},"excerpt":{"rendered":"<p>Preiswerter Allrounder von Black Diamond. Die Dual Core Konstruktion sorgt f\u00fcr guten Komfort. Das trakFIT System f\u00fcr super leicht zu verstellende Beinschlaufen.<\/p>\n<p>Vier feste Materialschlaufen bieten Platz f\u00fcr massig Ausr\u00fcstung. In Gr\u00f6\u00dfen XS &#8211; XXL.<\/p>\n<p>Versandkostenfrei bis 2kg in <img decoding=\"async\" class=\"emoji\" role=\"img\" draggable=\"false\" src=\"https:\/\/s.w.org\/images\/core\/emoji\/14.0.0\/svg\/1f1e6-1f1f9.svg\" alt=\"\ud83c\udde6\ud83c\uddf9\" \/> ab \u20ac 100,- und <img decoding=\"async\" class=\"emoji\" role=\"img\" draggable=\"false\" src=\"https:\/\/s.w.org\/images\/core\/emoji\/14.0.0\/svg\/1f1e9-1f1ea.svg\" alt=\"\ud83c\udde9\ud83c\uddea\" \/> ab \u20ac 200,-!<\/p>\n<p>&nbsp;<\/p>\n","protected":false},"featured_media":16403,"comment_status":"closed","ping_status":"closed","template":"","meta":[],"product_brand":[],"product_cat":[4658,6359,14319,29],"product_tag":[],"class_list":{"0":"post-16388","1":"product","2":"type-product","3":"status-publish","4":"has-post-thumbnail","6":"product_cat-black-diamond","7":"product_cat-klettergurte","8":"product_cat-sale-klettern","9":"product_cat-kletterausruestung","11":"first","12":"instock","13":"sale","14":"taxable","15":"shipping-taxable","16":"purchasable","17":"product-type-variable"},"yoast_head":"<!-- This site is optimized with the Yoast SEO Premium plugin v26.9 (Yoast SEO v26.9) - https:\/\/yoast.com\/product\/yoast-seo-premium-wordpress\/ -->\n<title>Black Diamond Momentum Men - Allround Klettergurt | bolting.eu<\/title>\n<meta name=\"description\" content=\"Black Diamond Momentum Men beim Kletter Hardwareprofi aus Innsbruck kaufen \u2705 kostenloser Versand* \u2705 14 Tage R\u00fcckgaberecht \u2705 Co2 neutraler Versand\" \/>\n<meta name=\"robots\" content=\"index, follow, max-snippet:-1, max-image-preview:large, max-video-preview:-1\" \/>\n<link rel=\"canonical\" href=\"https:\/\/bolting.eu\/en\/shop\/black-diamond-momentum-men\/\" \/>\n<meta property=\"og:locale\" content=\"en_US\" \/>\n<meta property=\"og:type\" content=\"article\" \/>\n<meta property=\"og:title\" content=\"Black Diamond Momentum Men\" \/>\n<meta property=\"og:description\" content=\"Black Diamond Momentum Men beim Kletter Hardwareprofi aus Innsbruck kaufen \u2705 kostenloser Versand* \u2705 14 Tage R\u00fcckgaberecht \u2705 Co2 neutraler Versand\" \/>\n<meta property=\"og:url\" content=\"https:\/\/bolting.eu\/en\/shop\/black-diamond-momentum-men\/\" \/>\n<meta property=\"og:site_name\" content=\"bolting.eu\" \/>\n<meta property=\"article:publisher\" content=\"https:\/\/www.facebook.com\/bolting.eu\" \/>\n<meta property=\"article:modified_time\" content=\"2026-01-20T12:54:14+00:00\" \/>\n<meta property=\"og:image\" content=\"https:\/\/bolting.eu\/wp-content\/uploads\/2023\/07\/Black-Diamond-Momentum-Men-3.jpg\" \/>\n\t<meta property=\"og:image:width\" content=\"700\" \/>\n\t<meta property=\"og:image:height\" content=\"700\" \/>\n\t<meta property=\"og:image:type\" content=\"image\/jpeg\" \/>\n<meta name=\"twitter:card\" content=\"summary_large_image\" \/>\n<meta name=\"twitter:label1\" content=\"Availability\" \/>\n\t<meta name=\"twitter:data1\" content=\"In stock\" \/>\n<script type=\"application\/ld+json\" class=\"yoast-schema-graph\">{\"@context\":\"https:\/\/schema.org\",\"@graph\":[{\"@type\":[\"WebPage\",\"ItemPage\"],\"@id\":\"https:\/\/bolting.eu\/en\/shop\/black-diamond-momentum-men\/\",\"url\":\"https:\/\/bolting.eu\/en\/shop\/black-diamond-momentum-men\/\",\"name\":\"Black Diamond Momentum Men - Allround Klettergurt | bolting.eu\",\"isPartOf\":{\"@id\":\"https:\/\/bolting.eu\/en\/#website\"},\"primaryImageOfPage\":{\"@id\":\"https:\/\/bolting.eu\/en\/shop\/black-diamond-momentum-men\/#primaryimage\"},\"image\":{\"@id\":\"https:\/\/bolting.eu\/en\/shop\/black-diamond-momentum-men\/#primaryimage\"},\"thumbnailUrl\":\"https:\/\/bolting.eu\/wp-content\/uploads\/2023\/07\/Black-Diamond-Momentum-Men-3.jpg\",\"datePublished\":\"2023-07-10T07:28:15+00:00\",\"dateModified\":\"2026-01-20T12:54:14+00:00\",\"description\":\"Black Diamond Momentum Men beim Kletter Hardwareprofi aus Innsbruck kaufen \u2705 kostenloser Versand* \u2705 14 Tage R\u00fcckgaberecht \u2705 Co2 neutraler Versand\",\"breadcrumb\":{\"@id\":\"https:\/\/bolting.eu\/en\/shop\/black-diamond-momentum-men\/#breadcrumb\"},\"inLanguage\":\"en-US\",\"potentialAction\":[{\"@type\":\"ReadAction\",\"target\":[\"https:\/\/bolting.eu\/en\/shop\/black-diamond-momentum-men\/\"]}]},{\"@type\":\"ImageObject\",\"inLanguage\":\"en-US\",\"@id\":\"https:\/\/bolting.eu\/en\/shop\/black-diamond-momentum-men\/#primaryimage\",\"url\":\"https:\/\/bolting.eu\/wp-content\/uploads\/2023\/07\/Black-Diamond-Momentum-Men-3.jpg\",\"contentUrl\":\"https:\/\/bolting.eu\/wp-content\/uploads\/2023\/07\/Black-Diamond-Momentum-Men-3.jpg\",\"width\":700,\"height\":700,\"caption\":\"Schwarzer Black Diamond Momentum Men Klettergurt mit blauer Sicherungsschlaufe.\"},{\"@type\":\"BreadcrumbList\",\"@id\":\"https:\/\/bolting.eu\/en\/shop\/black-diamond-momentum-men\/#breadcrumb\",\"itemListElement\":[{\"@type\":\"ListItem\",\"position\":1,\"name\":\"Shop\",\"item\":\"https:\/\/bolting.eu\/en\/shop\/\"},{\"@type\":\"ListItem\",\"position\":2,\"name\":\"climbing equipment\",\"item\":\"https:\/\/bolting.eu\/en\/produkt-kategorie\/climbing-equipment\/\"},{\"@type\":\"ListItem\",\"position\":3,\"name\":\"Klettergurte\",\"item\":\"https:\/\/bolting.eu\/produkt-kategorie\/kletterausruestung\/klettergurte\/\"},{\"@type\":\"ListItem\",\"position\":4,\"name\":\"Black Diamond Momentum Men\"}]},{\"@type\":\"WebSite\",\"@id\":\"https:\/\/bolting.eu\/en\/#website\",\"url\":\"https:\/\/bolting.eu\/en\/\",\"name\":\"bolting.eu\",\"description\":\"we make climbs happen\",\"publisher\":{\"@id\":\"https:\/\/bolting.eu\/en\/#organization\"},\"potentialAction\":[{\"@type\":\"SearchAction\",\"target\":{\"@type\":\"EntryPoint\",\"urlTemplate\":\"https:\/\/bolting.eu\/en\/?s={search_term_string}\"},\"query-input\":{\"@type\":\"PropertyValueSpecification\",\"valueRequired\":true,\"valueName\":\"search_term_string\"}}],\"inLanguage\":\"en-US\"},{\"@type\":[\"Organization\",\"Place\",\"SportingGoodsStore\"],\"@id\":\"https:\/\/bolting.eu\/en\/#organization\",\"name\":\"bolting.eu\",\"url\":\"https:\/\/bolting.eu\/en\/\",\"logo\":{\"@id\":\"https:\/\/bolting.eu\/en\/shop\/black-diamond-momentum-men\/#local-main-organization-logo\"},\"image\":{\"@id\":\"https:\/\/bolting.eu\/en\/shop\/black-diamond-momentum-men\/#local-main-organization-logo\"},\"sameAs\":[\"https:\/\/www.facebook.com\/bolting.eu\",\"https:\/\/www.instagram.com\/bolting.eu\/\"],\"address\":{\"@id\":\"https:\/\/bolting.eu\/en\/shop\/black-diamond-momentum-men\/#local-main-place-address\"},\"geo\":{\"@type\":\"GeoCoordinates\",\"latitude\":\"47.264176340396226\",\"longitude\":\"11.380109057672346\"},\"telephone\":[\"+43 699 19083372\"],\"openingHoursSpecification\":[{\"@type\":\"OpeningHoursSpecification\",\"dayOfWeek\":[\"Monday\",\"Wednesday\",\"Friday\"],\"opens\":\"14:00\",\"closes\":\"18:00\"},{\"@type\":\"OpeningHoursSpecification\",\"dayOfWeek\":[\"Tuesday\",\"Thursday\",\"Saturday\",\"Sunday\"],\"opens\":\"00:00\",\"closes\":\"00:00\"}],\"email\":\"office@bolting.eu\",\"vatID\":\"ATU59999728\",\"priceRange\":\"$$\",\"currenciesAccepted\":\"Euro\"},{\"@type\":\"PostalAddress\",\"@id\":\"https:\/\/bolting.eu\/en\/shop\/black-diamond-momentum-men\/#local-main-place-address\",\"streetAddress\":\"Fischnalerstra\u00dfe 4\",\"addressLocality\":\"Innsbruck\",\"postalCode\":\"6020\",\"addressRegion\":\"Tirol\",\"addressCountry\":\"AT\"},{\"@type\":\"ImageObject\",\"inLanguage\":\"en-US\",\"@id\":\"https:\/\/bolting.eu\/en\/shop\/black-diamond-momentum-men\/#local-main-organization-logo\",\"url\":\"https:\/\/bolting.eu\/wp-content\/uploads\/2019\/09\/bolting-logo.png\",\"contentUrl\":\"https:\/\/bolting.eu\/wp-content\/uploads\/2019\/09\/bolting-logo.png\",\"width\":400,\"height\":211,\"caption\":\"bolting.eu\"}]}<\/script>\n<meta property=\"og:availability\" content=\"instock\" \/>\n<meta property=\"product:availability\" content=\"instock\" \/>\n<meta property=\"product:condition\" content=\"new\" \/>\n<meta name=\"geo.placename\" content=\"Innsbruck\" \/>\n<meta name=\"geo.position\" content=\"47.264176340396226;11.380109057672346\" \/>\n<meta name=\"geo.region\" content=\"Austria\" \/>\n<!-- \/ Yoast SEO Premium plugin. -->","yoast_head_json":{"title":"Black Diamond Momentum Men - Allround Klettergurt | bolting.eu","description":"Black Diamond Momentum Men beim Kletter Hardwareprofi aus Innsbruck kaufen \u2705 kostenloser Versand* \u2705 14 Tage R\u00fcckgaberecht \u2705 Co2 neutraler Versand","robots":{"index":"index","follow":"follow","max-snippet":"max-snippet:-1","max-image-preview":"max-image-preview:large","max-video-preview":"max-video-preview:-1"},"canonical":"https:\/\/bolting.eu\/en\/shop\/black-diamond-momentum-men\/","og_locale":"en_US","og_type":"article","og_title":"Black Diamond Momentum Men","og_description":"Black Diamond Momentum Men beim Kletter Hardwareprofi aus Innsbruck kaufen \u2705 kostenloser Versand* \u2705 14 Tage R\u00fcckgaberecht \u2705 Co2 neutraler Versand","og_url":"https:\/\/bolting.eu\/en\/shop\/black-diamond-momentum-men\/","og_site_name":"bolting.eu","article_publisher":"https:\/\/www.facebook.com\/bolting.eu","article_modified_time":"2026-01-20T12:54:14+00:00","og_image":[{"width":700,"height":700,"url":"https:\/\/bolting.eu\/wp-content\/uploads\/2023\/07\/Black-Diamond-Momentum-Men-3.jpg","type":"image\/jpeg"}],"twitter_card":"summary_large_image","twitter_misc":{"Availability":"In stock"},"schema":{"@context":"https:\/\/schema.org","@graph":[{"@type":["WebPage","ItemPage"],"@id":"https:\/\/bolting.eu\/en\/shop\/black-diamond-momentum-men\/","url":"https:\/\/bolting.eu\/en\/shop\/black-diamond-momentum-men\/","name":"Black Diamond Momentum Men - Allround Klettergurt | bolting.eu","isPartOf":{"@id":"https:\/\/bolting.eu\/en\/#website"},"primaryImageOfPage":{"@id":"https:\/\/bolting.eu\/en\/shop\/black-diamond-momentum-men\/#primaryimage"},"image":{"@id":"https:\/\/bolting.eu\/en\/shop\/black-diamond-momentum-men\/#primaryimage"},"thumbnailUrl":"https:\/\/bolting.eu\/wp-content\/uploads\/2023\/07\/Black-Diamond-Momentum-Men-3.jpg","datePublished":"2023-07-10T07:28:15+00:00","dateModified":"2026-01-20T12:54:14+00:00","description":"Black Diamond Momentum Men beim Kletter Hardwareprofi aus Innsbruck kaufen \u2705 kostenloser Versand* \u2705 14 Tage R\u00fcckgaberecht \u2705 Co2 neutraler Versand","breadcrumb":{"@id":"https:\/\/bolting.eu\/en\/shop\/black-diamond-momentum-men\/#breadcrumb"},"inLanguage":"en-US","potentialAction":[{"@type":"ReadAction","target":["https:\/\/bolting.eu\/en\/shop\/black-diamond-momentum-men\/"]}]},{"@type":"ImageObject","inLanguage":"en-US","@id":"https:\/\/bolting.eu\/en\/shop\/black-diamond-momentum-men\/#primaryimage","url":"https:\/\/bolting.eu\/wp-content\/uploads\/2023\/07\/Black-Diamond-Momentum-Men-3.jpg","contentUrl":"https:\/\/bolting.eu\/wp-content\/uploads\/2023\/07\/Black-Diamond-Momentum-Men-3.jpg","width":700,"height":700,"caption":"Schwarzer Black Diamond Momentum Men Klettergurt mit blauer Sicherungsschlaufe."},{"@type":"BreadcrumbList","@id":"https:\/\/bolting.eu\/en\/shop\/black-diamond-momentum-men\/#breadcrumb","itemListElement":[{"@type":"ListItem","position":1,"name":"Shop","item":"https:\/\/bolting.eu\/en\/shop\/"},{"@type":"ListItem","position":2,"name":"climbing equipment","item":"https:\/\/bolting.eu\/en\/produkt-kategorie\/climbing-equipment\/"},{"@type":"ListItem","position":3,"name":"Klettergurte","item":"https:\/\/bolting.eu\/produkt-kategorie\/kletterausruestung\/klettergurte\/"},{"@type":"ListItem","position":4,"name":"Black Diamond Momentum Men"}]},{"@type":"WebSite","@id":"https:\/\/bolting.eu\/en\/#website","url":"https:\/\/bolting.eu\/en\/","name":"bolting.eu","description":"we make climbs happen","publisher":{"@id":"https:\/\/bolting.eu\/en\/#organization"},"potentialAction":[{"@type":"SearchAction","target":{"@type":"EntryPoint","urlTemplate":"https:\/\/bolting.eu\/en\/?s={search_term_string}"},"query-input":{"@type":"PropertyValueSpecification","valueRequired":true,"valueName":"search_term_string"}}],"inLanguage":"en-US"},{"@type":["Organization","Place","SportingGoodsStore"],"@id":"https:\/\/bolting.eu\/en\/#organization","name":"bolting.eu","url":"https:\/\/bolting.eu\/en\/","logo":{"@id":"https:\/\/bolting.eu\/en\/shop\/black-diamond-momentum-men\/#local-main-organization-logo"},"image":{"@id":"https:\/\/bolting.eu\/en\/shop\/black-diamond-momentum-men\/#local-main-organization-logo"},"sameAs":["https:\/\/www.facebook.com\/bolting.eu","https:\/\/www.instagram.com\/bolting.eu\/"],"address":{"@id":"https:\/\/bolting.eu\/en\/shop\/black-diamond-momentum-men\/#local-main-place-address"},"geo":{"@type":"GeoCoordinates","latitude":"47.264176340396226","longitude":"11.380109057672346"},"telephone":["+43 699 19083372"],"openingHoursSpecification":[{"@type":"OpeningHoursSpecification","dayOfWeek":["Monday","Wednesday","Friday"],"opens":"14:00","closes":"18:00"},{"@type":"OpeningHoursSpecification","dayOfWeek":["Tuesday","Thursday","Saturday","Sunday"],"opens":"00:00","closes":"00:00"}],"email":"office@bolting.eu","vatID":"ATU59999728","priceRange":"$$","currenciesAccepted":"Euro"},{"@type":"PostalAddress","@id":"https:\/\/bolting.eu\/en\/shop\/black-diamond-momentum-men\/#local-main-place-address","streetAddress":"Fischnalerstra\u00dfe 4","addressLocality":"Innsbruck","postalCode":"6020","addressRegion":"Tirol","addressCountry":"AT"},{"@type":"ImageObject","inLanguage":"en-US","@id":"https:\/\/bolting.eu\/en\/shop\/black-diamond-momentum-men\/#local-main-organization-logo","url":"https:\/\/bolting.eu\/wp-content\/uploads\/2019\/09\/bolting-logo.png","contentUrl":"https:\/\/bolting.eu\/wp-content\/uploads\/2019\/09\/bolting-logo.png","width":400,"height":211,"caption":"bolting.eu"}]},"og_availability":"instock","product_availability":"instock","product_condition":"new","geo.placename":"Innsbruck","geo.position":{"lat":"47.264176340396226","long":"11.380109057672346"},"geo.region":"Austria"},"_links":{"self":[{"href":"https:\/\/bolting.eu\/en\/wp-json\/wp\/v2\/product\/16388","targetHints":{"allow":["GET"]}}],"collection":[{"href":"https:\/\/bolting.eu\/en\/wp-json\/wp\/v2\/product"}],"about":[{"href":"https:\/\/bolting.eu\/en\/wp-json\/wp\/v2\/types\/product"}],"replies":[{"embeddable":true,"href":"https:\/\/bolting.eu\/en\/wp-json\/wp\/v2\/comments?post=16388"}],"wp:featuredmedia":[{"embeddable":true,"href":"https:\/\/bolting.eu\/en\/wp-json\/wp\/v2\/media\/16403"}],"wp:attachment":[{"href":"https:\/\/bolting.eu\/en\/wp-json\/wp\/v2\/media?parent=16388"}],"wp:term":[{"taxonomy":"product_brand","embeddable":true,"href":"https:\/\/bolting.eu\/en\/wp-json\/wp\/v2\/product_brand?post=16388"},{"taxonomy":"product_cat","embeddable":true,"href":"https:\/\/bolting.eu\/en\/wp-json\/wp\/v2\/product_cat?post=16388"},{"taxonomy":"product_tag","embeddable":true,"href":"https:\/\/bolting.eu\/en\/wp-json\/wp\/v2\/product_tag?post=16388"}],"curies":[{"name":"wp","href":"https:\/\/api.w.org\/{rel}","templated":true}]}}