{"id":16199,"date":"2023-06-19T12:29:53","date_gmt":"2023-06-19T10:29:53","guid":{"rendered":"https:\/\/bolting.eu\/?post_type=product&#038;p=16199"},"modified":"2026-04-30T16:08:49","modified_gmt":"2026-04-30T14:08:49","slug":"camp-energy-cr4","status":"publish","type":"product","link":"https:\/\/bolting.eu\/en\/shop\/camp-energy-cr4\/","title":{"rendered":"Camp Energy CR4"},"content":{"rendered":"<p>Der Camp Energy CR4 ist ein preisg\u00fcnstiger Klettergurt mit 4 Schnallen. D.h. hier sind sowohl die Beinschlaufen als auch die H\u00fcftschlaufen voll verstellbar.<\/p>\n<p>Vor allem die H\u00fcftschlaufe ist perfekt mittig zentrierbar. Denn die Schnallen befinden sich genau links und rechts der Anseilschlaufe.<\/p>\n<p>Diese Flexibilit\u00e4t machen den Gurt zu einem treuen Begleiter. Egal ob Sport- oder Alpinklettern im Sommer. Oder Eisklettern im Winter.<\/p>\n<p>Des weiteren hat der Gurt einen sehr angenehmen Komfort, dank seiner thermogeformten Polsterung. Vier Materialschlaufen runden den Gurt ab. F\u00fcr unz\u00e4hlige Expressen beim Sportklettern bzw. <a href=\"https:\/\/bolting.eu\/produkt-kategorie\/kletterausruestung\/klemmgeraete-friends\/\">Klemmger\u00e4te<\/a> oder <a href=\"https:\/\/bolting.eu\/produkt-kategorie\/klemmkeile\/\">Klemmkeile<\/a> beim Alpinklettern.<\/p>\n<p>Kurzum. Wer ein vielseitiges 4 Saisonen Modell sucht, der ist hier richtig.<\/p>\n<h2>Eigenschaften Energy CR4<\/h2>\n<ul>\n<li>Hersteller: <a href=\"https:\/\/bolting.eu\/produkt-kategorie\/camp-cassin\/\">Camp<\/a><\/li>\n<li>super preiswerter 4 Saisonen Klettergurt\n<ul>\n<li style=\"list-style-type: none;\">\n<ul>\n<li style=\"list-style-type: none;\">\n<ul>\n<li>Gewicht: nur 380301010 Gramm<\/li>\n<\/ul>\n<\/li>\n<\/ul>\n<\/li>\n<\/ul>\n<\/li>\n<li>2 Uni Gr\u00f6\u00dfen: XS &#8211; M, M &#8211; XL<\/li>\n<li>Farbe: rot oder grau<\/li>\n<li>Normen: EN 12277<\/li>\n<li>d\u00fcnne Bauweise<\/li>\n<li>thermogeformte Innenseiten bei Bein- und H\u00fcftschlaufen<\/li>\n<li>abriebfeste Au\u00dfenseite<\/li>\n<li>vier Materialschlaufen<\/li>\n<li>abklippsbare Beinschlaufen Halter<\/li>\n<li>kleine Schlaufe am R\u00fccken f\u00fcr z.B. <a href=\"https:\/\/bolting.eu\/produkt-kategorie\/kletterausruestung\/chalkbag\/\">Chalkbag<\/a><\/li>\n<li>sehr, sehr gutes Preis \u2013 Leistungsverh\u00e4ltnis<\/li>\n<li><a href=\"https:\/\/www.camp.it\/62521c39-3b62-4c39-a217-cc45b2d1a7fd\" target=\"_blank\" rel=\"noopener\">Bedienungsanleitung<\/a><\/li>\n<\/ul>\n<h2>2 Uni Gr\u00f6\u00dfen<\/h2>\n<p>Der Energy CR4 von Camp ist in zwei praktischen Gr\u00f6\u00dfen verf\u00fcgbar.<\/p>\n<p>Zum einen in XS &#8211; M. Und zum anderen in M &#8211; XL.<\/p>\n<p>D.h. man kann mit einem Gurt sowohl im Sommer unterwegs sein, als auch im Winter. Wo man n\u00e4mlich klarer Weise deutlich dickere Kleidung verwendet.<\/p>\n<p>Des weiteren sind diese Uni Gr\u00f6\u00dfen f\u00fcr Bergschulen und Vereine extrem interessant. Denn somit braucht man sich nur zwei Gr\u00f6\u00dfen zulegen, die alle K\u00f6rpergr\u00f6\u00dfen abdecken.<\/p>\n<h2>Energy CR4 = sehr guter Allrounder<\/h2>\n<p>Dieser Klettergurt mit 4 Schnallen ist ein preiswertes Allround Einstiegsmodell. Wir haben je bereits erw\u00e4hnt, dass er im Sommer wie Winter eine gute Figur macht.<\/p>\n<p>Das ist seiner komfortablen Bauweise zu verdanken sowie dem Verstell Mechanismus. Egal ob wenig Bekleidung oder dicke Gore Garnitur. Er l\u00e4sst sich ideal verstellen.<\/p>\n<p>Die Vier Materialschlaufen haben dabei auch Platz f\u00fcr die entsprechende Ausr\u00fcstung. Zus\u00e4tzliches Equipment wie einige <a href=\"https:\/\/bolting.eu\/produkt-kategorie\/bergsteiger-ausruestung\/eisschrauben\/\">Eisschrauben,<\/a> <a href=\"https:\/\/bolting.eu\/produkt-kategorie\/kletterausruestung\/reepschnur\/\">Reepschn\u00fcre<\/a> oder <a href=\"https:\/\/bolting.eu\/produkt-kategorie\/kletterausruestung\/sicherungsgeraete-klettern\/\">Sicherungsger\u00e4te<\/a> wie ein Reverso passen locker auf die hintere Schlaufe.<\/p>\n<figure id=\"attachment_16201\" aria-describedby=\"caption-attachment-16201\" style=\"width: 400px\" class=\"wp-caption alignnone\"><a href=\"https:\/\/bolting.eu\/wp-content\/uploads\/2023\/06\/Camp-Energy-CR4-rot-3.jpg\"><img loading=\"lazy\" decoding=\"async\" class=\"wp-image-16201 size-medium\" src=\"https:\/\/bolting.eu\/wp-content\/uploads\/2023\/06\/Camp-Energy-CR4-rot-3-400x400.jpg\" alt=\"Roter Camp CR4 Klettergurt mit 4 Schnallen von der Seite gesehen.\" width=\"400\" height=\"400\" srcset=\"https:\/\/bolting.eu\/wp-content\/uploads\/2023\/06\/Camp-Energy-CR4-rot-3-400x400.jpg 400w, https:\/\/bolting.eu\/wp-content\/uploads\/2023\/06\/Camp-Energy-CR4-rot-3-280x280.jpg 280w, https:\/\/bolting.eu\/wp-content\/uploads\/2023\/06\/Camp-Energy-CR4-rot-3-247x247.jpg 247w, https:\/\/bolting.eu\/wp-content\/uploads\/2023\/06\/Camp-Energy-CR4-rot-3-510x510.jpg 510w, https:\/\/bolting.eu\/wp-content\/uploads\/2023\/06\/Camp-Energy-CR4-rot-3-100x100.jpg 100w, https:\/\/bolting.eu\/wp-content\/uploads\/2023\/06\/Camp-Energy-CR4-rot-3.jpg 700w\" sizes=\"auto, (max-width: 400px) 100vw, 400px\" \/><\/a><figcaption id=\"caption-attachment-16201\" class=\"wp-caption-text\">Ein wirklich ausgewogenes Allround Einsteiger Modell, der CR4!<\/figcaption><\/figure>\n","protected":false},"excerpt":{"rendered":"<p>Vielseitiger und preiswerter Klettergurt mit 4 Schnallen. Ein sehr gutes Allround Einstiegsmodell.<\/p>\n<p>Erh\u00e4ltlich in den Uni Gr\u00f6\u00dfen XS &#8211; M sowie M &#8211; XL bzw. zwei Farben.<\/p>\n<p>Versandkostenfrei bis 2kg in <img decoding=\"async\" class=\"emoji\" role=\"img\" draggable=\"false\" src=\"https:\/\/s.w.org\/images\/core\/emoji\/14.0.0\/svg\/1f1e6-1f1f9.svg\" alt=\"\ud83c\udde6\ud83c\uddf9\" \/> ab \u20ac 100,- und <img decoding=\"async\" class=\"emoji\" role=\"img\" draggable=\"false\" src=\"https:\/\/s.w.org\/images\/core\/emoji\/14.0.0\/svg\/1f1e9-1f1ea.svg\" alt=\"\ud83c\udde9\ud83c\uddea\" \/> ab \u20ac 200,-!<\/p>\n","protected":false},"featured_media":16205,"comment_status":"closed","ping_status":"closed","template":"","meta":[],"product_brand":[],"product_cat":[26],"product_tag":[],"class_list":{"0":"post-16199","1":"product","2":"type-product","3":"status-publish","4":"has-post-thumbnail","6":"product_cat-unkategorisiert","8":"first","9":"instock","10":"sale","11":"taxable","12":"shipping-taxable","13":"purchasable","14":"product-type-variable"},"yoast_head":"<!-- This site is optimized with the Yoast SEO Premium plugin v26.9 (Yoast SEO v26.9) - https:\/\/yoast.com\/product\/yoast-seo-premium-wordpress\/ -->\n<title>Camp Energy CR4 | bolting.eu<\/title>\n<meta name=\"description\" content=\"Camp Energy CR4 Klettergurt mit 4 Schnallen beim Kletterprofi aus Innsbruck kaufen \u2705 kostenloser Versand* \u2705 14 Tage R\u00fcckgaberecht \u2705 Co2 neutraler Versand\" \/>\n<meta name=\"robots\" content=\"index, follow, max-snippet:-1, max-image-preview:large, max-video-preview:-1\" \/>\n<link rel=\"canonical\" href=\"https:\/\/bolting.eu\/en\/shop\/camp-energy-cr4\/\" \/>\n<meta property=\"og:locale\" content=\"en_US\" \/>\n<meta property=\"og:type\" content=\"article\" \/>\n<meta property=\"og:title\" content=\"Camp Energy CR4\" \/>\n<meta property=\"og:description\" content=\"Camp Energy CR4 Klettergurt mit 4 Schnallen beim Kletterprofi aus Innsbruck kaufen \u2705 kostenloser Versand* \u2705 14 Tage R\u00fcckgaberecht \u2705 Co2 neutraler Versand\" \/>\n<meta property=\"og:url\" content=\"https:\/\/bolting.eu\/en\/shop\/camp-energy-cr4\/\" \/>\n<meta property=\"og:site_name\" content=\"bolting.eu\" \/>\n<meta property=\"article:publisher\" content=\"https:\/\/www.facebook.com\/bolting.eu\" \/>\n<meta property=\"article:modified_time\" content=\"2026-04-30T14:08:49+00:00\" \/>\n<meta property=\"og:image\" content=\"https:\/\/bolting.eu\/wp-content\/uploads\/2023\/06\/Camp-Energy-CR4-rot-1.jpg\" \/>\n\t<meta property=\"og:image:width\" content=\"700\" \/>\n\t<meta property=\"og:image:height\" content=\"700\" \/>\n\t<meta property=\"og:image:type\" content=\"image\/jpeg\" \/>\n<meta name=\"twitter:card\" content=\"summary_large_image\" \/>\n<meta name=\"twitter:label1\" content=\"Availability\" \/>\n\t<meta name=\"twitter:data1\" content=\"In stock\" \/>\n<script type=\"application\/ld+json\" class=\"yoast-schema-graph\">{\"@context\":\"https:\/\/schema.org\",\"@graph\":[{\"@type\":[\"WebPage\",\"ItemPage\"],\"@id\":\"https:\/\/bolting.eu\/en\/shop\/camp-energy-cr4\/\",\"url\":\"https:\/\/bolting.eu\/en\/shop\/camp-energy-cr4\/\",\"name\":\"Camp Energy CR4 | bolting.eu\",\"isPartOf\":{\"@id\":\"https:\/\/bolting.eu\/en\/#website\"},\"primaryImageOfPage\":{\"@id\":\"https:\/\/bolting.eu\/en\/shop\/camp-energy-cr4\/#primaryimage\"},\"image\":{\"@id\":\"https:\/\/bolting.eu\/en\/shop\/camp-energy-cr4\/#primaryimage\"},\"thumbnailUrl\":\"https:\/\/bolting.eu\/wp-content\/uploads\/2023\/06\/Camp-Energy-CR4-rot-1.jpg\",\"datePublished\":\"2023-06-19T10:29:53+00:00\",\"dateModified\":\"2026-04-30T14:08:49+00:00\",\"description\":\"Camp Energy CR4 Klettergurt mit 4 Schnallen beim Kletterprofi aus Innsbruck kaufen \u2705 kostenloser Versand* \u2705 14 Tage R\u00fcckgaberecht \u2705 Co2 neutraler Versand\",\"breadcrumb\":{\"@id\":\"https:\/\/bolting.eu\/en\/shop\/camp-energy-cr4\/#breadcrumb\"},\"inLanguage\":\"en-US\",\"potentialAction\":[{\"@type\":\"ReadAction\",\"target\":[\"https:\/\/bolting.eu\/en\/shop\/camp-energy-cr4\/\"]}]},{\"@type\":\"ImageObject\",\"inLanguage\":\"en-US\",\"@id\":\"https:\/\/bolting.eu\/en\/shop\/camp-energy-cr4\/#primaryimage\",\"url\":\"https:\/\/bolting.eu\/wp-content\/uploads\/2023\/06\/Camp-Energy-CR4-rot-1.jpg\",\"contentUrl\":\"https:\/\/bolting.eu\/wp-content\/uploads\/2023\/06\/Camp-Energy-CR4-rot-1.jpg\",\"width\":700,\"height\":700,\"caption\":\"Roter Camp CR4 Klettergurt mit 4 Schnallen von vorne gesehen.\"},{\"@type\":\"BreadcrumbList\",\"@id\":\"https:\/\/bolting.eu\/en\/shop\/camp-energy-cr4\/#breadcrumb\",\"itemListElement\":[{\"@type\":\"ListItem\",\"position\":1,\"name\":\"Shop\",\"item\":\"https:\/\/bolting.eu\/en\/shop\/\"},{\"@type\":\"ListItem\",\"position\":2,\"name\":\"uncategorized\",\"item\":\"https:\/\/bolting.eu\/en\/produkt-kategorie\/uncategorized\/\"},{\"@type\":\"ListItem\",\"position\":3,\"name\":\"Camp Energy CR4\"}]},{\"@type\":\"WebSite\",\"@id\":\"https:\/\/bolting.eu\/en\/#website\",\"url\":\"https:\/\/bolting.eu\/en\/\",\"name\":\"bolting.eu\",\"description\":\"we make climbs happen\",\"publisher\":{\"@id\":\"https:\/\/bolting.eu\/en\/#organization\"},\"potentialAction\":[{\"@type\":\"SearchAction\",\"target\":{\"@type\":\"EntryPoint\",\"urlTemplate\":\"https:\/\/bolting.eu\/en\/?s={search_term_string}\"},\"query-input\":{\"@type\":\"PropertyValueSpecification\",\"valueRequired\":true,\"valueName\":\"search_term_string\"}}],\"inLanguage\":\"en-US\"},{\"@type\":[\"Organization\",\"Place\",\"SportingGoodsStore\"],\"@id\":\"https:\/\/bolting.eu\/en\/#organization\",\"name\":\"bolting.eu\",\"url\":\"https:\/\/bolting.eu\/en\/\",\"logo\":{\"@id\":\"https:\/\/bolting.eu\/en\/shop\/camp-energy-cr4\/#local-main-organization-logo\"},\"image\":{\"@id\":\"https:\/\/bolting.eu\/en\/shop\/camp-energy-cr4\/#local-main-organization-logo\"},\"sameAs\":[\"https:\/\/www.facebook.com\/bolting.eu\",\"https:\/\/www.instagram.com\/bolting.eu\/\"],\"address\":{\"@id\":\"https:\/\/bolting.eu\/en\/shop\/camp-energy-cr4\/#local-main-place-address\"},\"geo\":{\"@type\":\"GeoCoordinates\",\"latitude\":\"47.264176340396226\",\"longitude\":\"11.380109057672346\"},\"telephone\":[\"+43 699 19083372\"],\"openingHoursSpecification\":[{\"@type\":\"OpeningHoursSpecification\",\"dayOfWeek\":[\"Monday\",\"Wednesday\",\"Friday\"],\"opens\":\"14:00\",\"closes\":\"18:00\"},{\"@type\":\"OpeningHoursSpecification\",\"dayOfWeek\":[\"Tuesday\",\"Thursday\",\"Saturday\",\"Sunday\"],\"opens\":\"00:00\",\"closes\":\"00:00\"}],\"email\":\"office@bolting.eu\",\"vatID\":\"ATU59999728\",\"priceRange\":\"$$\",\"currenciesAccepted\":\"Euro\"},{\"@type\":\"PostalAddress\",\"@id\":\"https:\/\/bolting.eu\/en\/shop\/camp-energy-cr4\/#local-main-place-address\",\"streetAddress\":\"Fischnalerstra\u00dfe 4\",\"addressLocality\":\"Innsbruck\",\"postalCode\":\"6020\",\"addressRegion\":\"Tirol\",\"addressCountry\":\"AT\"},{\"@type\":\"ImageObject\",\"inLanguage\":\"en-US\",\"@id\":\"https:\/\/bolting.eu\/en\/shop\/camp-energy-cr4\/#local-main-organization-logo\",\"url\":\"https:\/\/bolting.eu\/wp-content\/uploads\/2019\/09\/bolting-logo.png\",\"contentUrl\":\"https:\/\/bolting.eu\/wp-content\/uploads\/2019\/09\/bolting-logo.png\",\"width\":400,\"height\":211,\"caption\":\"bolting.eu\"}]}<\/script>\n<meta property=\"og:availability\" content=\"instock\" \/>\n<meta property=\"product:availability\" content=\"instock\" \/>\n<meta property=\"product:condition\" content=\"new\" \/>\n<meta name=\"geo.placename\" content=\"Innsbruck\" \/>\n<meta name=\"geo.position\" content=\"47.264176340396226;11.380109057672346\" \/>\n<meta name=\"geo.region\" content=\"Austria\" \/>\n<!-- \/ Yoast SEO Premium plugin. -->","yoast_head_json":{"title":"Camp Energy CR4 | bolting.eu","description":"Camp Energy CR4 Klettergurt mit 4 Schnallen beim Kletterprofi aus Innsbruck kaufen \u2705 kostenloser Versand* \u2705 14 Tage R\u00fcckgaberecht \u2705 Co2 neutraler Versand","robots":{"index":"index","follow":"follow","max-snippet":"max-snippet:-1","max-image-preview":"max-image-preview:large","max-video-preview":"max-video-preview:-1"},"canonical":"https:\/\/bolting.eu\/en\/shop\/camp-energy-cr4\/","og_locale":"en_US","og_type":"article","og_title":"Camp Energy CR4","og_description":"Camp Energy CR4 Klettergurt mit 4 Schnallen beim Kletterprofi aus Innsbruck kaufen \u2705 kostenloser Versand* \u2705 14 Tage R\u00fcckgaberecht \u2705 Co2 neutraler Versand","og_url":"https:\/\/bolting.eu\/en\/shop\/camp-energy-cr4\/","og_site_name":"bolting.eu","article_publisher":"https:\/\/www.facebook.com\/bolting.eu","article_modified_time":"2026-04-30T14:08:49+00:00","og_image":[{"width":700,"height":700,"url":"https:\/\/bolting.eu\/wp-content\/uploads\/2023\/06\/Camp-Energy-CR4-rot-1.jpg","type":"image\/jpeg"}],"twitter_card":"summary_large_image","twitter_misc":{"Availability":"In stock"},"schema":{"@context":"https:\/\/schema.org","@graph":[{"@type":["WebPage","ItemPage"],"@id":"https:\/\/bolting.eu\/en\/shop\/camp-energy-cr4\/","url":"https:\/\/bolting.eu\/en\/shop\/camp-energy-cr4\/","name":"Camp Energy CR4 | bolting.eu","isPartOf":{"@id":"https:\/\/bolting.eu\/en\/#website"},"primaryImageOfPage":{"@id":"https:\/\/bolting.eu\/en\/shop\/camp-energy-cr4\/#primaryimage"},"image":{"@id":"https:\/\/bolting.eu\/en\/shop\/camp-energy-cr4\/#primaryimage"},"thumbnailUrl":"https:\/\/bolting.eu\/wp-content\/uploads\/2023\/06\/Camp-Energy-CR4-rot-1.jpg","datePublished":"2023-06-19T10:29:53+00:00","dateModified":"2026-04-30T14:08:49+00:00","description":"Camp Energy CR4 Klettergurt mit 4 Schnallen beim Kletterprofi aus Innsbruck kaufen \u2705 kostenloser Versand* \u2705 14 Tage R\u00fcckgaberecht \u2705 Co2 neutraler Versand","breadcrumb":{"@id":"https:\/\/bolting.eu\/en\/shop\/camp-energy-cr4\/#breadcrumb"},"inLanguage":"en-US","potentialAction":[{"@type":"ReadAction","target":["https:\/\/bolting.eu\/en\/shop\/camp-energy-cr4\/"]}]},{"@type":"ImageObject","inLanguage":"en-US","@id":"https:\/\/bolting.eu\/en\/shop\/camp-energy-cr4\/#primaryimage","url":"https:\/\/bolting.eu\/wp-content\/uploads\/2023\/06\/Camp-Energy-CR4-rot-1.jpg","contentUrl":"https:\/\/bolting.eu\/wp-content\/uploads\/2023\/06\/Camp-Energy-CR4-rot-1.jpg","width":700,"height":700,"caption":"Roter Camp CR4 Klettergurt mit 4 Schnallen von vorne gesehen."},{"@type":"BreadcrumbList","@id":"https:\/\/bolting.eu\/en\/shop\/camp-energy-cr4\/#breadcrumb","itemListElement":[{"@type":"ListItem","position":1,"name":"Shop","item":"https:\/\/bolting.eu\/en\/shop\/"},{"@type":"ListItem","position":2,"name":"uncategorized","item":"https:\/\/bolting.eu\/en\/produkt-kategorie\/uncategorized\/"},{"@type":"ListItem","position":3,"name":"Camp Energy CR4"}]},{"@type":"WebSite","@id":"https:\/\/bolting.eu\/en\/#website","url":"https:\/\/bolting.eu\/en\/","name":"bolting.eu","description":"we make climbs happen","publisher":{"@id":"https:\/\/bolting.eu\/en\/#organization"},"potentialAction":[{"@type":"SearchAction","target":{"@type":"EntryPoint","urlTemplate":"https:\/\/bolting.eu\/en\/?s={search_term_string}"},"query-input":{"@type":"PropertyValueSpecification","valueRequired":true,"valueName":"search_term_string"}}],"inLanguage":"en-US"},{"@type":["Organization","Place","SportingGoodsStore"],"@id":"https:\/\/bolting.eu\/en\/#organization","name":"bolting.eu","url":"https:\/\/bolting.eu\/en\/","logo":{"@id":"https:\/\/bolting.eu\/en\/shop\/camp-energy-cr4\/#local-main-organization-logo"},"image":{"@id":"https:\/\/bolting.eu\/en\/shop\/camp-energy-cr4\/#local-main-organization-logo"},"sameAs":["https:\/\/www.facebook.com\/bolting.eu","https:\/\/www.instagram.com\/bolting.eu\/"],"address":{"@id":"https:\/\/bolting.eu\/en\/shop\/camp-energy-cr4\/#local-main-place-address"},"geo":{"@type":"GeoCoordinates","latitude":"47.264176340396226","longitude":"11.380109057672346"},"telephone":["+43 699 19083372"],"openingHoursSpecification":[{"@type":"OpeningHoursSpecification","dayOfWeek":["Monday","Wednesday","Friday"],"opens":"14:00","closes":"18:00"},{"@type":"OpeningHoursSpecification","dayOfWeek":["Tuesday","Thursday","Saturday","Sunday"],"opens":"00:00","closes":"00:00"}],"email":"office@bolting.eu","vatID":"ATU59999728","priceRange":"$$","currenciesAccepted":"Euro"},{"@type":"PostalAddress","@id":"https:\/\/bolting.eu\/en\/shop\/camp-energy-cr4\/#local-main-place-address","streetAddress":"Fischnalerstra\u00dfe 4","addressLocality":"Innsbruck","postalCode":"6020","addressRegion":"Tirol","addressCountry":"AT"},{"@type":"ImageObject","inLanguage":"en-US","@id":"https:\/\/bolting.eu\/en\/shop\/camp-energy-cr4\/#local-main-organization-logo","url":"https:\/\/bolting.eu\/wp-content\/uploads\/2019\/09\/bolting-logo.png","contentUrl":"https:\/\/bolting.eu\/wp-content\/uploads\/2019\/09\/bolting-logo.png","width":400,"height":211,"caption":"bolting.eu"}]},"og_availability":"instock","product_availability":"instock","product_condition":"new","geo.placename":"Innsbruck","geo.position":{"lat":"47.264176340396226","long":"11.380109057672346"},"geo.region":"Austria"},"_links":{"self":[{"href":"https:\/\/bolting.eu\/en\/wp-json\/wp\/v2\/product\/16199","targetHints":{"allow":["GET"]}}],"collection":[{"href":"https:\/\/bolting.eu\/en\/wp-json\/wp\/v2\/product"}],"about":[{"href":"https:\/\/bolting.eu\/en\/wp-json\/wp\/v2\/types\/product"}],"replies":[{"embeddable":true,"href":"https:\/\/bolting.eu\/en\/wp-json\/wp\/v2\/comments?post=16199"}],"wp:featuredmedia":[{"embeddable":true,"href":"https:\/\/bolting.eu\/en\/wp-json\/wp\/v2\/media\/16205"}],"wp:attachment":[{"href":"https:\/\/bolting.eu\/en\/wp-json\/wp\/v2\/media?parent=16199"}],"wp:term":[{"taxonomy":"product_brand","embeddable":true,"href":"https:\/\/bolting.eu\/en\/wp-json\/wp\/v2\/product_brand?post=16199"},{"taxonomy":"product_cat","embeddable":true,"href":"https:\/\/bolting.eu\/en\/wp-json\/wp\/v2\/product_cat?post=16199"},{"taxonomy":"product_tag","embeddable":true,"href":"https:\/\/bolting.eu\/en\/wp-json\/wp\/v2\/product_tag?post=16199"}],"curies":[{"name":"wp","href":"https:\/\/api.w.org\/{rel}","templated":true}]}}