{"id":16063,"date":"2023-06-07T10:13:20","date_gmt":"2023-06-07T08:13:20","guid":{"rendered":"https:\/\/bolting.eu\/?post_type=product&#038;p=16063"},"modified":"2026-01-30T15:54:55","modified_gmt":"2026-01-30T14:54:55","slug":"petzl-aquila","status":"publish","type":"product","link":"https:\/\/bolting.eu\/en\/shop\/petzl-aquila\/","title":{"rendered":"Petzl Aquila"},"content":{"rendered":"<p>Der Petzl Aquila ist ein Spitzen Allround Klettergurt. Denn er ist auf Komfort bei relativ geringem Gewicht ausgelegt. Sein Einsatzbereich reicht dabei vom Sportklettern, \u00fcber Alpin- und Eisklettern bis hin zum Bergsteigen.<\/p>\n<p>Zentral dabei sind der Komfort beim freien H\u00e4ngen und d as Platzangebot f\u00fcr Ausr\u00fcstung. Hierf\u00fcr hat dieses Modell breite H\u00fcft- und Beinschlaufen. Insgesamt bieten f\u00fcnft Materialschlaufen massig Platz.<\/p>\n<p>Die weiteren Features sind in gewohnter Petzl Manier sehr ausgewogen. Erstens der Tragekomfort. Zweitens die M\u00f6glichkeit gleich mehrere Caritool Karabiner zu fixieren. Des weiteren die Doubleback HD Schnallen zum einfachen Verstellen.<\/p>\n<p>Kurzum. Ein perfekter &#8220;Allrounder&#8221; und auch ideal f\u00fcr Personen mit kr\u00e4ftiger Statur.<\/p>\n<h2>Eigenschaften Petzl Aquila<\/h2>\n<ul>\n<li>Material: Polyester, Polyamid, EVA, Polyurethan, Alu, HDPE;<\/li>\n<li>Gr\u00f6\u00dfen: S \u2013 M \u2013 L &#8211; XL<\/li>\n<li>Gewicht: 385 \u2013 465 Gramm<\/li>\n<li><strong>Gurt zum leistungsorientierten Klettern &amp; Alpinismus<\/strong><\/li>\n<li>Norm: EN 12277<\/li>\n<li>2 gro\u00dfe, steife, seitliche Materialschlaufen f\u00fcr z.B. <a href=\"https:\/\/bolting.eu\/produkt-kategorie\/kletterausruestung\/expressschlingen\/\">Expressen<\/a> und <a href=\"https:\/\/bolting.eu\/produkt-kategorie\/kletterausruestung\/klemmgeraete-friends\/\">Klemmger\u00e4te<\/a><\/li>\n<li>2 flexible Materialschlaufen hinten f\u00fcr z.B. <a href=\"https:\/\/bolting.eu\/produkt-kategorie\/kletterausruestung\/kletterkarabiner\/\">Karabiner<\/a> und <a href=\"https:\/\/bolting.eu\/produkt-kategorie\/kletterausruestung\/reepschnur\/\">Reepschn\u00fcre<\/a><\/li>\n<li>1 gro\u00dfe Materialschlaufe am R\u00fccken f\u00fcr extra Ausr\u00fcstung<\/li>\n<li>1 kleinen Haul Loop hinten (z.B. zum Kletterseil nachziehen)<\/li>\n<li>verst\u00e4rkte HDPE B\u00e4nder an den Anseilschlaufen f\u00fcr lange Lebensdauer<\/li>\n<li>einfach bedienbare Double-Back HD Schnallen<\/li>\n<li>Abnehmbare Aufh\u00e4ngung der Beinschlaufen<\/li>\n<li>kompatibel f\u00fcr mehrere Caritool Karabiner<\/li>\n<li>FUSEFRAME Technologie &#8211; keine Schr\u00e4gb\u00e4ndermehr und somit sehr komfortabel beim &#8220;freien&#8221; H\u00e4ngen<\/li>\n<li>inkl. Transport \/ Aufbewahrungsbeutel<\/li>\n<li><a href=\"https:\/\/www.petzl.com\/AT\/de\/Sport\/Gurte\/AQUILA#:~:text=Das%20PDF%20herunterladen%20%3A%20technical%2Dnotice%2DHIRUNDOS%2DAQUILA%2D3%20%2D%203.25%20MB\" target=\"_blank\" rel=\"noopener\">Gebrauchsanleitung<\/a><\/li>\n<\/ul>\n<h3>Gr\u00f6\u00dfentabelle<\/h3>\n<table style=\"border-collapse: collapse; width: 405px; height: 173px;\" border=\"0\" width=\"348\" cellspacing=\"0\" cellpadding=\"0\">\n<tbody>\n<tr style=\"height: 16.0pt;\">\n<td class=\"xl66\" style=\"height: 16pt; width: 260pt; text-align: center;\" colspan=\"4\" width=\"348\" height=\"21\"><strong>Eigenschaften Petzl Aquila<\/strong><\/td>\n<\/tr>\n<tr style=\"height: 18.0pt;\">\n<td class=\"xl65\" style=\"height: 18pt; text-align: center;\" height=\"24\">Artikelnummer<\/td>\n<td class=\"xl65\" style=\"text-align: center;\">C037BA00<\/td>\n<td class=\"xl65\" style=\"text-align: center;\">C037BA01<\/td>\n<td class=\"xl65\" style=\"text-align: center;\">C037BA02<\/td>\n<\/tr>\n<tr style=\"height: 18.0pt; -webkit-font-smoothing: antialiased;\">\n<td class=\"xl65\" style=\"height: 18pt; -webkit-font-smoothing: antialiased; text-align: center;\" height=\"24\">Farbe<\/td>\n<td class=\"xl65\" style=\"-webkit-font-smoothing: antialiased; text-align: center;\">Black<\/td>\n<td class=\"xl65\" style=\"-webkit-font-smoothing: antialiased; text-align: center;\">Black<\/td>\n<td class=\"xl65\" style=\"-webkit-font-smoothing: antialiased; text-align: center;\">Black<\/td>\n<\/tr>\n<tr style=\"height: 18.0pt; -webkit-font-smoothing: antialiased;\">\n<td class=\"xl65\" style=\"height: 18pt; -webkit-font-smoothing: antialiased; text-align: center;\" height=\"24\"><strong>Gr\u00f6\u00dfe<\/strong><\/td>\n<td class=\"xl65\" style=\"-webkit-font-smoothing: antialiased; text-align: center;\"><strong>S<\/strong><\/td>\n<td class=\"xl65\" style=\"-webkit-font-smoothing: antialiased; text-align: center;\"><strong>M<\/strong><\/td>\n<td class=\"xl65\" style=\"-webkit-font-smoothing: antialiased; text-align: center;\"><strong>L<\/strong><\/td>\n<\/tr>\n<tr style=\"height: 18.0pt; -webkit-font-smoothing: antialiased;\">\n<td class=\"xl65\" style=\"height: 18pt; -webkit-font-smoothing: antialiased; text-align: center;\" height=\"24\"><strong>Taillenumfang<\/strong><\/td>\n<td class=\"xl65\" style=\"-webkit-font-smoothing: antialiased; text-align: center;\"><strong>71-77 cm<\/strong><\/td>\n<td class=\"xl65\" style=\"-webkit-font-smoothing: antialiased; text-align: center;\"><strong>77-84 cm<\/strong><\/td>\n<td class=\"xl65\" style=\"-webkit-font-smoothing: antialiased; text-align: center;\"><strong>84-92 cm<\/strong><\/td>\n<\/tr>\n<tr style=\"height: 18.0pt; -webkit-font-smoothing: antialiased;\">\n<td class=\"xl65\" style=\"height: 18pt; -webkit-font-smoothing: antialiased; text-align: center;\" height=\"24\"><strong>Beinschlaufen<\/strong><\/td>\n<td class=\"xl65\" style=\"-webkit-font-smoothing: antialiased; text-align: center;\"><strong>48-58 cm<\/strong><\/td>\n<td class=\"xl65\" style=\"-webkit-font-smoothing: antialiased; text-align: center;\"><strong>52-62 cm<\/strong><\/td>\n<td class=\"xl65\" style=\"-webkit-font-smoothing: antialiased; text-align: center;\"><strong>55-65 cm<\/strong><\/td>\n<\/tr>\n<tr style=\"height: 18.0pt; -webkit-font-smoothing: antialiased;\">\n<td class=\"xl65\" style=\"height: 18pt; -webkit-font-smoothing: antialiased; text-align: center;\" height=\"24\">Gewicht<\/td>\n<td class=\"xl65\" style=\"-webkit-font-smoothing: antialiased; text-align: center;\">385 g<\/td>\n<td class=\"xl65\" style=\"-webkit-font-smoothing: antialiased; text-align: center;\">405 g<\/td>\n<td class=\"xl65\" style=\"-webkit-font-smoothing: antialiased; text-align: center;\">435 g<\/td>\n<\/tr>\n<\/tbody>\n<\/table>\n<h3>Produktvideo zum Aquila<\/h3>\n<p>Im Folgenden stellt Petzl den Aquila nochmals n\u00e4her vor. Eines kommt gut heraus. N\u00e4mlich die Vielseitigkeit und der hohe Komfort. Aber seht selbst!<\/p>\n<p><iframe loading=\"lazy\" title=\"AQUILA Komfortabler Klettergurt zum leistungsorientierten Sportklettern, Tradklettern und zum Klettern von Mehrseill\u00e4ngenrouten\" src=\"https:\/\/player.vimeo.com\/video\/653646209?dnt=1&amp;app_id=122963\" width=\"1020\" height=\"574\" frameborder=\"0\" allow=\"autoplay; fullscreen; picture-in-picture; clipboard-write; encrypted-media; web-share\" referrerpolicy=\"strict-origin-when-cross-origin\"><\/iframe><\/p>\n<h3>FUSEFRAME Konstruktion<\/h3>\n<p>Der Aquila von Petzl basiert auf der sogenannten FUSEFRAME Technologie. Das sind breite B\u00e4nder in den H\u00fcft- und Beinschlaufen, auf denen thermogeformter Schaumstoff aufgeklebt wird. Dieser hat geschlossene Zellen und wirkt daher angenehm weich.<\/p>\n<p>Insgesamt f\u00fchrt dies zum Weglassen der sogenannten Schr\u00e4gb\u00e4nder. Das macht vor allem das freie H\u00e4ngen besonders komfortabel.<\/p>\n<h3>Zielgruppen Petzl Aquila<\/h3>\n<p>Dieses Modell hat zwei klare Zielgruppen.<\/p>\n<p>Zum einen sind es leistungsorientierte Allround Alpinisten. Denn der Gurt ist sowohl f\u00fcr das Sport- als auch Alpin und Eisklettern gedacht.<\/p>\n<p>Und zum anderen sind es motivierte Bergsteiger, die einen leichten und vielseitigen Gurt sch\u00e4tzen.<\/p>\n<p>Zudem ist dieses Produkt ideal f\u00fcr Personen mit kr\u00e4ftiger Statur. Denn es hat breite H\u00fcft- und Beinschlaufen.<\/p>\n<h3>Massig Platz!<\/h3>\n<p>Dieses Modell bietet massig Platz f\u00fcr Ausr\u00fcstung. Denn der Aquila von Petzl hat gleich f\u00fcnf Materialschlaufen. Zudem kann man mehrere Caritool Karabiner fixieren.<\/p>\n<p>Somit hat enorm viel Kletterausr\u00fcstung Platz an diesem Gurt. Das macht in sowohl bei Alpinisten als auch Ausbildern zu einer beliebten Wahl.<\/p>\n<p>In unserem Sortiment ist es der Allrounder mit dem gr\u00f6\u00dften &#8220;Fassungsverm\u00f6gen&#8221;. Bei viel weniger Gewicht, bietet er den selben potentiellen Platz wie ein Big Wall Gurt!<\/p>\n<figure id=\"attachment_16067\" aria-describedby=\"caption-attachment-16067\" style=\"width: 400px\" class=\"wp-caption alignnone\"><a href=\"https:\/\/bolting.eu\/wp-content\/uploads\/2023\/06\/Petzl-Aquila-3.jpg\"><img loading=\"lazy\" decoding=\"async\" class=\"wp-image-16067 size-medium\" src=\"https:\/\/bolting.eu\/wp-content\/uploads\/2023\/06\/Petzl-Aquila-3-400x400.jpg\" alt=\"H\u00fcftband des schwarzen Petzl Aquila Klettergurt von hinten.\" width=\"400\" height=\"400\" srcset=\"https:\/\/bolting.eu\/wp-content\/uploads\/2023\/06\/Petzl-Aquila-3-400x400.jpg 400w, https:\/\/bolting.eu\/wp-content\/uploads\/2023\/06\/Petzl-Aquila-3-280x280.jpg 280w, https:\/\/bolting.eu\/wp-content\/uploads\/2023\/06\/Petzl-Aquila-3-247x247.jpg 247w, https:\/\/bolting.eu\/wp-content\/uploads\/2023\/06\/Petzl-Aquila-3-510x510.jpg 510w, https:\/\/bolting.eu\/wp-content\/uploads\/2023\/06\/Petzl-Aquila-3-100x100.jpg 100w, https:\/\/bolting.eu\/wp-content\/uploads\/2023\/06\/Petzl-Aquila-3.jpg 700w\" sizes=\"auto, (max-width: 400px) 100vw, 400px\" \/><\/a><figcaption id=\"caption-attachment-16067\" class=\"wp-caption-text\">F\u00fcnf Materialschlaufen, dazu noch mehrere Caritool Karabiner Befestigungen. Hier ist massig Platz!<\/figcaption><\/figure>\n","protected":false},"excerpt":{"rendered":"<p>Leichter, extrem bequemer Allround Klettergurt mit Fuseframe Technologie f\u00fcr hohen Tragekomfort. Zudem breite H\u00fcft- und verstellbare Beinschlaufen.<\/p>\n<p>Ideal f\u00fcr Allround Einsatz und Personen mit kr\u00e4ftiger Statur.<\/p>\n<div class=\"product-short-description\">\n<p>Versandkostenfrei bis 2kg in <img decoding=\"async\" class=\"emoji\" role=\"img\" draggable=\"false\" src=\"https:\/\/s.w.org\/images\/core\/emoji\/14.0.0\/svg\/1f1e6-1f1f9.svg\" alt=\"\ud83c\udde6\ud83c\uddf9\" \/> ab \u20ac 100,- und <img decoding=\"async\" class=\"emoji\" role=\"img\" draggable=\"false\" src=\"https:\/\/s.w.org\/images\/core\/emoji\/14.0.0\/svg\/1f1e9-1f1ea.svg\" alt=\"\ud83c\udde9\ud83c\uddea\" \/> ab \u20ac 200,-!<\/p>\n<\/div>\n","protected":false},"featured_media":16069,"comment_status":"closed","ping_status":"closed","template":"","meta":[],"product_brand":[],"product_cat":[6359,29,14093],"product_tag":[],"class_list":{"0":"post-16063","1":"product","2":"type-product","3":"status-publish","4":"has-post-thumbnail","6":"product_cat-klettergurte","7":"product_cat-kletterausruestung","8":"product_cat-petzl","10":"first","11":"instock","12":"sale","13":"taxable","14":"shipping-taxable","15":"purchasable","16":"product-type-variable"},"yoast_head":"<!-- This site is optimized with the Yoast SEO Premium plugin v26.9 (Yoast SEO v26.9) - https:\/\/yoast.com\/product\/yoast-seo-premium-wordpress\/ -->\n<title>Petzl Aquila - High End Allround Klettergurt | bolting.eu<\/title>\n<meta name=\"description\" content=\"Petzl Aquila Klettergurt beim Kletter Hardwareprofi aus Innsbruck kaufen \u2705 kostenloser Versand* \u2705 14 Tage R\u00fcckgaberecht \u2705 Co2 neutraler Versand\" \/>\n<meta name=\"robots\" content=\"index, follow, max-snippet:-1, max-image-preview:large, max-video-preview:-1\" \/>\n<link rel=\"canonical\" href=\"https:\/\/bolting.eu\/en\/shop\/petzl-aquila\/\" \/>\n<meta property=\"og:locale\" content=\"en_US\" \/>\n<meta property=\"og:type\" content=\"article\" \/>\n<meta property=\"og:title\" content=\"Petzl Aquila\" \/>\n<meta property=\"og:description\" content=\"Petzl Aquila Klettergurt beim Kletter Hardwareprofi aus Innsbruck kaufen \u2705 kostenloser Versand* \u2705 14 Tage R\u00fcckgaberecht \u2705 Co2 neutraler Versand\" \/>\n<meta property=\"og:url\" content=\"https:\/\/bolting.eu\/en\/shop\/petzl-aquila\/\" \/>\n<meta property=\"og:site_name\" content=\"bolting.eu\" \/>\n<meta property=\"article:publisher\" content=\"https:\/\/www.facebook.com\/bolting.eu\" \/>\n<meta property=\"article:modified_time\" content=\"2026-01-30T14:54:55+00:00\" \/>\n<meta property=\"og:image\" content=\"https:\/\/bolting.eu\/wp-content\/uploads\/2023\/06\/Petzl-Aquila-1.jpg\" \/>\n\t<meta property=\"og:image:width\" content=\"700\" \/>\n\t<meta property=\"og:image:height\" content=\"700\" \/>\n\t<meta property=\"og:image:type\" content=\"image\/jpeg\" \/>\n<meta name=\"twitter:card\" content=\"summary_large_image\" \/>\n<meta name=\"twitter:label1\" content=\"Availability\" \/>\n\t<meta name=\"twitter:data1\" content=\"In stock\" \/>\n<script type=\"application\/ld+json\" class=\"yoast-schema-graph\">{\"@context\":\"https:\/\/schema.org\",\"@graph\":[{\"@type\":[\"WebPage\",\"ItemPage\"],\"@id\":\"https:\/\/bolting.eu\/en\/shop\/petzl-aquila\/\",\"url\":\"https:\/\/bolting.eu\/en\/shop\/petzl-aquila\/\",\"name\":\"Petzl Aquila - High End Allround Klettergurt | bolting.eu\",\"isPartOf\":{\"@id\":\"https:\/\/bolting.eu\/en\/#website\"},\"primaryImageOfPage\":{\"@id\":\"https:\/\/bolting.eu\/en\/shop\/petzl-aquila\/#primaryimage\"},\"image\":{\"@id\":\"https:\/\/bolting.eu\/en\/shop\/petzl-aquila\/#primaryimage\"},\"thumbnailUrl\":\"https:\/\/bolting.eu\/wp-content\/uploads\/2023\/06\/Petzl-Aquila-1.jpg\",\"datePublished\":\"2023-06-07T08:13:20+00:00\",\"dateModified\":\"2026-01-30T14:54:55+00:00\",\"description\":\"Petzl Aquila Klettergurt beim Kletter Hardwareprofi aus Innsbruck kaufen \u2705 kostenloser Versand* \u2705 14 Tage R\u00fcckgaberecht \u2705 Co2 neutraler Versand\",\"breadcrumb\":{\"@id\":\"https:\/\/bolting.eu\/en\/shop\/petzl-aquila\/#breadcrumb\"},\"inLanguage\":\"en-US\",\"potentialAction\":[{\"@type\":\"ReadAction\",\"target\":[\"https:\/\/bolting.eu\/en\/shop\/petzl-aquila\/\"]}]},{\"@type\":\"ImageObject\",\"inLanguage\":\"en-US\",\"@id\":\"https:\/\/bolting.eu\/en\/shop\/petzl-aquila\/#primaryimage\",\"url\":\"https:\/\/bolting.eu\/wp-content\/uploads\/2023\/06\/Petzl-Aquila-1.jpg\",\"contentUrl\":\"https:\/\/bolting.eu\/wp-content\/uploads\/2023\/06\/Petzl-Aquila-1.jpg\",\"width\":700,\"height\":700,\"caption\":\"Schwarzer Petzl Aquila verstellbarer Klettergurt von vorne.\"},{\"@type\":\"BreadcrumbList\",\"@id\":\"https:\/\/bolting.eu\/en\/shop\/petzl-aquila\/#breadcrumb\",\"itemListElement\":[{\"@type\":\"ListItem\",\"position\":1,\"name\":\"Shop\",\"item\":\"https:\/\/bolting.eu\/en\/shop\/\"},{\"@type\":\"ListItem\",\"position\":2,\"name\":\"climbing equipment\",\"item\":\"https:\/\/bolting.eu\/en\/produkt-kategorie\/climbing-equipment\/\"},{\"@type\":\"ListItem\",\"position\":3,\"name\":\"Klettergurte\",\"item\":\"https:\/\/bolting.eu\/produkt-kategorie\/kletterausruestung\/klettergurte\/\"},{\"@type\":\"ListItem\",\"position\":4,\"name\":\"Petzl Aquila\"}]},{\"@type\":\"WebSite\",\"@id\":\"https:\/\/bolting.eu\/en\/#website\",\"url\":\"https:\/\/bolting.eu\/en\/\",\"name\":\"bolting.eu\",\"description\":\"we make climbs happen\",\"publisher\":{\"@id\":\"https:\/\/bolting.eu\/en\/#organization\"},\"potentialAction\":[{\"@type\":\"SearchAction\",\"target\":{\"@type\":\"EntryPoint\",\"urlTemplate\":\"https:\/\/bolting.eu\/en\/?s={search_term_string}\"},\"query-input\":{\"@type\":\"PropertyValueSpecification\",\"valueRequired\":true,\"valueName\":\"search_term_string\"}}],\"inLanguage\":\"en-US\"},{\"@type\":[\"Organization\",\"Place\",\"SportingGoodsStore\"],\"@id\":\"https:\/\/bolting.eu\/en\/#organization\",\"name\":\"bolting.eu\",\"url\":\"https:\/\/bolting.eu\/en\/\",\"logo\":{\"@id\":\"https:\/\/bolting.eu\/en\/shop\/petzl-aquila\/#local-main-organization-logo\"},\"image\":{\"@id\":\"https:\/\/bolting.eu\/en\/shop\/petzl-aquila\/#local-main-organization-logo\"},\"sameAs\":[\"https:\/\/www.facebook.com\/bolting.eu\",\"https:\/\/www.instagram.com\/bolting.eu\/\"],\"address\":{\"@id\":\"https:\/\/bolting.eu\/en\/shop\/petzl-aquila\/#local-main-place-address\"},\"geo\":{\"@type\":\"GeoCoordinates\",\"latitude\":\"47.264176340396226\",\"longitude\":\"11.380109057672346\"},\"telephone\":[\"+43 699 19083372\"],\"openingHoursSpecification\":[{\"@type\":\"OpeningHoursSpecification\",\"dayOfWeek\":[\"Monday\",\"Wednesday\",\"Friday\"],\"opens\":\"14:00\",\"closes\":\"18:00\"},{\"@type\":\"OpeningHoursSpecification\",\"dayOfWeek\":[\"Tuesday\",\"Thursday\",\"Saturday\",\"Sunday\"],\"opens\":\"00:00\",\"closes\":\"00:00\"}],\"email\":\"office@bolting.eu\",\"vatID\":\"ATU59999728\",\"priceRange\":\"$$\",\"currenciesAccepted\":\"Euro\"},{\"@type\":\"PostalAddress\",\"@id\":\"https:\/\/bolting.eu\/en\/shop\/petzl-aquila\/#local-main-place-address\",\"streetAddress\":\"Fischnalerstra\u00dfe 4\",\"addressLocality\":\"Innsbruck\",\"postalCode\":\"6020\",\"addressRegion\":\"Tirol\",\"addressCountry\":\"AT\"},{\"@type\":\"ImageObject\",\"inLanguage\":\"en-US\",\"@id\":\"https:\/\/bolting.eu\/en\/shop\/petzl-aquila\/#local-main-organization-logo\",\"url\":\"https:\/\/bolting.eu\/wp-content\/uploads\/2019\/09\/bolting-logo.png\",\"contentUrl\":\"https:\/\/bolting.eu\/wp-content\/uploads\/2019\/09\/bolting-logo.png\",\"width\":400,\"height\":211,\"caption\":\"bolting.eu\"}]}<\/script>\n<meta property=\"og:video\" content=\"https:\/\/player.vimeo.com\/video\/653646209\" \/>\n<meta property=\"og:video:type\" content=\"text\/html\" \/>\n<meta property=\"og:video:duration\" content=\"91\" \/>\n<meta property=\"og:video:width\" content=\"3840\" \/>\n<meta property=\"og:video:height\" content=\"2160\" \/>\n<meta property=\"ya:ovs:adult\" content=\"false\" \/>\n<meta property=\"ya:ovs:upload_date\" content=\"2023-06-07T08:13:20+00:00\" \/>\n<meta property=\"ya:ovs:allow_embed\" content=\"true\" \/>\n<meta property=\"og:availability\" content=\"instock\" \/>\n<meta property=\"product:availability\" content=\"instock\" \/>\n<meta property=\"product:condition\" content=\"new\" \/>\n<meta name=\"geo.placename\" content=\"Innsbruck\" \/>\n<meta name=\"geo.position\" content=\"47.264176340396226;11.380109057672346\" \/>\n<meta name=\"geo.region\" content=\"Austria\" \/>\n<!-- \/ Yoast SEO Premium plugin. -->","yoast_head_json":{"title":"Petzl Aquila - High End Allround Klettergurt | bolting.eu","description":"Petzl Aquila Klettergurt beim Kletter Hardwareprofi aus Innsbruck kaufen \u2705 kostenloser Versand* \u2705 14 Tage R\u00fcckgaberecht \u2705 Co2 neutraler Versand","robots":{"index":"index","follow":"follow","max-snippet":"max-snippet:-1","max-image-preview":"max-image-preview:large","max-video-preview":"max-video-preview:-1"},"canonical":"https:\/\/bolting.eu\/en\/shop\/petzl-aquila\/","og_locale":"en_US","og_type":"article","og_title":"Petzl Aquila","og_description":"Petzl Aquila Klettergurt beim Kletter Hardwareprofi aus Innsbruck kaufen \u2705 kostenloser Versand* \u2705 14 Tage R\u00fcckgaberecht \u2705 Co2 neutraler Versand","og_url":"https:\/\/bolting.eu\/en\/shop\/petzl-aquila\/","og_site_name":"bolting.eu","article_publisher":"https:\/\/www.facebook.com\/bolting.eu","article_modified_time":"2026-01-30T14:54:55+00:00","og_image":[{"width":700,"height":700,"url":"https:\/\/bolting.eu\/wp-content\/uploads\/2023\/06\/Petzl-Aquila-1.jpg","type":"image\/jpeg"}],"twitter_card":"summary_large_image","twitter_misc":{"Availability":"In stock"},"schema":{"@context":"https:\/\/schema.org","@graph":[{"@type":["WebPage","ItemPage"],"@id":"https:\/\/bolting.eu\/en\/shop\/petzl-aquila\/","url":"https:\/\/bolting.eu\/en\/shop\/petzl-aquila\/","name":"Petzl Aquila - High End Allround Klettergurt | bolting.eu","isPartOf":{"@id":"https:\/\/bolting.eu\/en\/#website"},"primaryImageOfPage":{"@id":"https:\/\/bolting.eu\/en\/shop\/petzl-aquila\/#primaryimage"},"image":{"@id":"https:\/\/bolting.eu\/en\/shop\/petzl-aquila\/#primaryimage"},"thumbnailUrl":"https:\/\/bolting.eu\/wp-content\/uploads\/2023\/06\/Petzl-Aquila-1.jpg","datePublished":"2023-06-07T08:13:20+00:00","dateModified":"2026-01-30T14:54:55+00:00","description":"Petzl Aquila Klettergurt beim Kletter Hardwareprofi aus Innsbruck kaufen \u2705 kostenloser Versand* \u2705 14 Tage R\u00fcckgaberecht \u2705 Co2 neutraler Versand","breadcrumb":{"@id":"https:\/\/bolting.eu\/en\/shop\/petzl-aquila\/#breadcrumb"},"inLanguage":"en-US","potentialAction":[{"@type":"ReadAction","target":["https:\/\/bolting.eu\/en\/shop\/petzl-aquila\/"]}]},{"@type":"ImageObject","inLanguage":"en-US","@id":"https:\/\/bolting.eu\/en\/shop\/petzl-aquila\/#primaryimage","url":"https:\/\/bolting.eu\/wp-content\/uploads\/2023\/06\/Petzl-Aquila-1.jpg","contentUrl":"https:\/\/bolting.eu\/wp-content\/uploads\/2023\/06\/Petzl-Aquila-1.jpg","width":700,"height":700,"caption":"Schwarzer Petzl Aquila verstellbarer Klettergurt von vorne."},{"@type":"BreadcrumbList","@id":"https:\/\/bolting.eu\/en\/shop\/petzl-aquila\/#breadcrumb","itemListElement":[{"@type":"ListItem","position":1,"name":"Shop","item":"https:\/\/bolting.eu\/en\/shop\/"},{"@type":"ListItem","position":2,"name":"climbing equipment","item":"https:\/\/bolting.eu\/en\/produkt-kategorie\/climbing-equipment\/"},{"@type":"ListItem","position":3,"name":"Klettergurte","item":"https:\/\/bolting.eu\/produkt-kategorie\/kletterausruestung\/klettergurte\/"},{"@type":"ListItem","position":4,"name":"Petzl Aquila"}]},{"@type":"WebSite","@id":"https:\/\/bolting.eu\/en\/#website","url":"https:\/\/bolting.eu\/en\/","name":"bolting.eu","description":"we make climbs happen","publisher":{"@id":"https:\/\/bolting.eu\/en\/#organization"},"potentialAction":[{"@type":"SearchAction","target":{"@type":"EntryPoint","urlTemplate":"https:\/\/bolting.eu\/en\/?s={search_term_string}"},"query-input":{"@type":"PropertyValueSpecification","valueRequired":true,"valueName":"search_term_string"}}],"inLanguage":"en-US"},{"@type":["Organization","Place","SportingGoodsStore"],"@id":"https:\/\/bolting.eu\/en\/#organization","name":"bolting.eu","url":"https:\/\/bolting.eu\/en\/","logo":{"@id":"https:\/\/bolting.eu\/en\/shop\/petzl-aquila\/#local-main-organization-logo"},"image":{"@id":"https:\/\/bolting.eu\/en\/shop\/petzl-aquila\/#local-main-organization-logo"},"sameAs":["https:\/\/www.facebook.com\/bolting.eu","https:\/\/www.instagram.com\/bolting.eu\/"],"address":{"@id":"https:\/\/bolting.eu\/en\/shop\/petzl-aquila\/#local-main-place-address"},"geo":{"@type":"GeoCoordinates","latitude":"47.264176340396226","longitude":"11.380109057672346"},"telephone":["+43 699 19083372"],"openingHoursSpecification":[{"@type":"OpeningHoursSpecification","dayOfWeek":["Monday","Wednesday","Friday"],"opens":"14:00","closes":"18:00"},{"@type":"OpeningHoursSpecification","dayOfWeek":["Tuesday","Thursday","Saturday","Sunday"],"opens":"00:00","closes":"00:00"}],"email":"office@bolting.eu","vatID":"ATU59999728","priceRange":"$$","currenciesAccepted":"Euro"},{"@type":"PostalAddress","@id":"https:\/\/bolting.eu\/en\/shop\/petzl-aquila\/#local-main-place-address","streetAddress":"Fischnalerstra\u00dfe 4","addressLocality":"Innsbruck","postalCode":"6020","addressRegion":"Tirol","addressCountry":"AT"},{"@type":"ImageObject","inLanguage":"en-US","@id":"https:\/\/bolting.eu\/en\/shop\/petzl-aquila\/#local-main-organization-logo","url":"https:\/\/bolting.eu\/wp-content\/uploads\/2019\/09\/bolting-logo.png","contentUrl":"https:\/\/bolting.eu\/wp-content\/uploads\/2019\/09\/bolting-logo.png","width":400,"height":211,"caption":"bolting.eu"}]},"og_video":"https:\/\/player.vimeo.com\/video\/653646209","og_video_type":"text\/html","og_video_duration":"91","og_video_width":"3840","og_video_height":"2160","ya_ovs_adult":"false","ya_ovs_upload_date":"2023-06-07T08:13:20+00:00","ya_ovs_allow_embed":"true","og_availability":"instock","product_availability":"instock","product_condition":"new","geo.placename":"Innsbruck","geo.position":{"lat":"47.264176340396226","long":"11.380109057672346"},"geo.region":"Austria"},"_links":{"self":[{"href":"https:\/\/bolting.eu\/en\/wp-json\/wp\/v2\/product\/16063","targetHints":{"allow":["GET"]}}],"collection":[{"href":"https:\/\/bolting.eu\/en\/wp-json\/wp\/v2\/product"}],"about":[{"href":"https:\/\/bolting.eu\/en\/wp-json\/wp\/v2\/types\/product"}],"replies":[{"embeddable":true,"href":"https:\/\/bolting.eu\/en\/wp-json\/wp\/v2\/comments?post=16063"}],"wp:featuredmedia":[{"embeddable":true,"href":"https:\/\/bolting.eu\/en\/wp-json\/wp\/v2\/media\/16069"}],"wp:attachment":[{"href":"https:\/\/bolting.eu\/en\/wp-json\/wp\/v2\/media?parent=16063"}],"wp:term":[{"taxonomy":"product_brand","embeddable":true,"href":"https:\/\/bolting.eu\/en\/wp-json\/wp\/v2\/product_brand?post=16063"},{"taxonomy":"product_cat","embeddable":true,"href":"https:\/\/bolting.eu\/en\/wp-json\/wp\/v2\/product_cat?post=16063"},{"taxonomy":"product_tag","embeddable":true,"href":"https:\/\/bolting.eu\/en\/wp-json\/wp\/v2\/product_tag?post=16063"}],"curies":[{"name":"wp","href":"https:\/\/api.w.org\/{rel}","templated":true}]}}