{"id":16050,"date":"2023-06-07T08:41:33","date_gmt":"2023-06-07T06:41:33","guid":{"rendered":"https:\/\/bolting.eu\/?post_type=product&#038;p=16050"},"modified":"2026-01-27T17:57:36","modified_gmt":"2026-01-27T16:57:36","slug":"petzl-sitta","status":"publish","type":"product","link":"https:\/\/bolting.eu\/en\/shop\/petzl-sitta\/","title":{"rendered":"Petzl Sitta"},"content":{"rendered":"<p>Der Petzl Sitta <a href=\"https:\/\/bolting.eu\/produkt-kategorie\/kletterausruestung\/klettergurte\/page\/2\/\">Klettergurt<\/a> ist ein ultraleichtes Modell f\u00fcr anspruchsvollste Eins\u00e4tze. Denn er wiegt gerade einmal um die 255 Gramm (Gr. S).<\/p>\n<p>Somit geh\u00f6rt er einerseits zu den absoluten Leichtgewichten. Andererseits bietet er aber viel Komfort. M\u00f6glich macht das die innovative WIREFRAME Technologie.<\/p>\n<p>Weitere tolle Features zeichnen dieses Modell aus.<\/p>\n<p>Erstens die abriebfesten HDPE Garne. Zweitens die Doubleback HD-Schnalle f\u00fcr leichtes Einstellen. Drittens die vier Materialschlaufen sowie die <a href=\"https:\/\/bolting.eu\/shop\/petzl-caritool-materialkarabiner\/\">Caritool<\/a> Schlitze.<\/p>\n<p>Abschlie\u00dfend sind noch die extra abriebfesten Schlaufen zum Einbinden des <a href=\"https:\/\/bolting.eu\/produkt-kategorie\/kletterausruestung\/kletterseil\/\">Kletterseil<\/a> zu erw\u00e4hnen.<\/p>\n<h2>Eigenschaften Petzl Sitta<\/h2>\n<ul>\n<li>Material: Polyester, Polyamid, EVA, Polyurethan, Alu, HDPE;<\/li>\n<li>Gr\u00f6\u00dfen: S \u2013 M \u2013 L<\/li>\n<li>Gewicht: 255 \u2013 300 Gramm<\/li>\n<li><strong>Gurt zum leistungsorientierten Klettern &amp; Alpinismus<\/strong><\/li>\n<li>Norm: EN 12277<\/li>\n<li>2 gro\u00dfe, steife, seitliche Materialschlaufen mit beweglichen Trennelementen f\u00fcr z.B. <a href=\"https:\/\/bolting.eu\/produkt-kategorie\/kletterausruestung\/expressschlingen\/\">Expressen<\/a> und <a href=\"https:\/\/bolting.eu\/produkt-kategorie\/kletterausruestung\/klemmgeraete-friends\/\">Klemmegr\u00e4te<\/a><\/li>\n<li>2 flexible Materialschlaufen hinten f\u00fcr z.B. <a href=\"https:\/\/bolting.eu\/produkt-kategorie\/kletterausruestung\/kletterkarabiner\/\">Karabiner<\/a> und <a href=\"https:\/\/bolting.eu\/produkt-kategorie\/kletterausruestung\/reepschnur\/\">Reepschn\u00fcre<\/a><\/li>\n<li>1 kleinen Haul Loop hinten (z.B. zum Kletterseil nachziehen)<\/li>\n<li>verst\u00e4rkte HDPE B\u00e4nder an den Anseilschlaufen f\u00fcr lange Lebensdauer<\/li>\n<li>einfach bedienbare Double-Back HD Schnalle<\/li>\n<li>WIREFRAME Technology &#8211; ideale Lastverteilung trotz geringstem Gewicht<\/li>\n<li>2 Schlitze f\u00fcr Caritool Karabiner<\/li>\n<li>extrem kleines Packma\u00df<\/li>\n<li>enorme Bewegungsfreiheit<\/li>\n<li>geklebte Konstruktion des H\u00fcftgurts sorgt f\u00fcr keinerlei Druckpunkte<\/li>\n<li>inkl. Transport \/ Aufbewahrungsbeutel<\/li>\n<li><a href=\"https:\/\/www.petzl.com\/AT\/de\/Sport\/Gurte\/SITTA#:~:text=Das%20PDF%20herunterladen%20%3A%20technical%2Dnotice%2DSITTA%2D1%20%2D%202.62%20MB\" target=\"_blank\" rel=\"noopener\">Gebrauchsanleitung<\/a><\/li>\n<\/ul>\n<h3>Gr\u00f6\u00dfentabelle<\/h3>\n<table style=\"border-collapse: collapse; width: 428px; height: 167px;\" border=\"0\" width=\"348\" cellspacing=\"0\" cellpadding=\"0\">\n<tbody>\n<tr style=\"height: 16.0pt;\">\n<td class=\"xl64\" style=\"height: 16pt; width: 260pt; text-align: center;\" colspan=\"4\" width=\"348\" height=\"21\"><strong>Eigenschaften Sitta Klettergurt<\/strong><\/td>\n<\/tr>\n<tr style=\"height: 18.0pt;\">\n<td class=\"xl63\" style=\"height: 18pt; text-align: center;\" height=\"24\">Artikelnummer<\/td>\n<td class=\"xl63\" style=\"text-align: center;\">C10AO S<\/td>\n<td class=\"xl63\" style=\"text-align: center;\">C10AO M<\/td>\n<td class=\"xl63\" style=\"text-align: center;\">C10AO L<\/td>\n<\/tr>\n<tr style=\"height: 18.0pt; -webkit-font-smoothing: antialiased;\">\n<td class=\"xl63\" style=\"height: 18pt; -webkit-font-smoothing: antialiased; text-align: center;\" height=\"24\">Farbe(n)<\/td>\n<td class=\"xl63\" style=\"-webkit-font-smoothing: antialiased; text-align: center;\">Orange\/White<\/td>\n<td class=\"xl63\" style=\"-webkit-font-smoothing: antialiased; text-align: center;\">Orange\/White<\/td>\n<td class=\"xl63\" style=\"-webkit-font-smoothing: antialiased; text-align: center;\">Orange\/White<\/td>\n<\/tr>\n<tr style=\"height: 18.0pt; -webkit-font-smoothing: antialiased;\">\n<td class=\"xl63\" style=\"height: 18pt; -webkit-font-smoothing: antialiased; text-align: center;\" height=\"24\"><strong>Gr\u00f6\u00dfe<\/strong><\/td>\n<td class=\"xl63\" style=\"-webkit-font-smoothing: antialiased; text-align: center;\"><strong>S<\/strong><\/td>\n<td class=\"xl63\" style=\"-webkit-font-smoothing: antialiased; text-align: center;\"><strong>M<\/strong><\/td>\n<td class=\"xl63\" style=\"-webkit-font-smoothing: antialiased; text-align: center;\"><strong>L<\/strong><\/td>\n<\/tr>\n<tr style=\"height: 18.0pt; -webkit-font-smoothing: antialiased;\">\n<td class=\"xl63\" style=\"height: 18pt; -webkit-font-smoothing: antialiased; text-align: center;\" height=\"24\"><strong>Taillenumfang<\/strong><\/td>\n<td class=\"xl63\" style=\"-webkit-font-smoothing: antialiased; text-align: center;\"><strong>67-77 cm<\/strong><\/td>\n<td class=\"xl63\" style=\"-webkit-font-smoothing: antialiased; text-align: center;\"><strong>74-84 cm<\/strong><\/td>\n<td class=\"xl63\" style=\"-webkit-font-smoothing: antialiased; text-align: center;\"><strong>81-92 cm<\/strong><\/td>\n<\/tr>\n<tr style=\"height: 18.0pt; -webkit-font-smoothing: antialiased;\">\n<td class=\"xl63\" style=\"height: 18pt; -webkit-font-smoothing: antialiased; text-align: center;\" height=\"24\"><strong>Beinschlaufen<\/strong><\/td>\n<td class=\"xl63\" style=\"-webkit-font-smoothing: antialiased; text-align: center;\"><strong>48-53 cm<\/strong><\/td>\n<td class=\"xl63\" style=\"-webkit-font-smoothing: antialiased; text-align: center;\"><strong>52-57 cm<\/strong><\/td>\n<td class=\"xl63\" style=\"-webkit-font-smoothing: antialiased; text-align: center;\"><strong>55-60 cm<\/strong><\/td>\n<\/tr>\n<tr style=\"height: 18.0pt; -webkit-font-smoothing: antialiased;\">\n<td class=\"xl63\" style=\"height: 18pt; -webkit-font-smoothing: antialiased; text-align: center;\" height=\"24\">Gewicht<\/td>\n<td class=\"xl63\" style=\"-webkit-font-smoothing: antialiased; text-align: center;\">255 g<\/td>\n<td class=\"xl63\" style=\"-webkit-font-smoothing: antialiased; text-align: center;\">270 g<\/td>\n<td class=\"xl63\" style=\"-webkit-font-smoothing: antialiased; text-align: center;\">300 g<\/td>\n<\/tr>\n<\/tbody>\n<\/table>\n<h3>Produktvideo<\/h3>\n<p>Im Folgenden stellt <a href=\"https:\/\/bolting.eu\/produkt-kategorie\/petzl\/\">Petzl<\/a> den Sitta nochmals n\u00e4her vor.<\/p>\n<p><iframe loading=\"lazy\" title=\"SITTA - Petzl&#039;s high-end climbing and mountaineering harness\" src=\"https:\/\/player.vimeo.com\/video\/134939662?dnt=1&amp;app_id=122963\" width=\"1020\" height=\"574\" frameborder=\"0\" allow=\"autoplay; fullscreen; picture-in-picture; clipboard-write; encrypted-media\"><\/iframe><\/p>\n","protected":false},"excerpt":{"rendered":"<p>Extrem leichter Klettergurt (255 Gramm Gr. S) mit innovativer WIREFRAME Technologie.<\/p>\n<p>Trotz des ultraleichten Gewicht perfekter Tragekomfort und optimale Lastverteilung. Ein Produkt f\u00fcr leistungsorientierte Kletterer und AlpinistInnen.<\/p>\n<div class=\"product-short-description\">\n<p>Versandkostenfrei bis 2kg in <img decoding=\"async\" class=\"emoji\" role=\"img\" draggable=\"false\" src=\"https:\/\/s.w.org\/images\/core\/emoji\/14.0.0\/svg\/1f1e6-1f1f9.svg\" alt=\"\ud83c\udde6\ud83c\uddf9\" \/> ab \u20ac 100,- und <img decoding=\"async\" class=\"emoji\" role=\"img\" draggable=\"false\" src=\"https:\/\/s.w.org\/images\/core\/emoji\/14.0.0\/svg\/1f1e9-1f1ea.svg\" alt=\"\ud83c\udde9\ud83c\uddea\" \/> ab \u20ac 200,-!<\/p>\n<\/div>\n<div class=\"wc-gzd-additional-info defect-description wc-gzd-additional-info-placeholder\"><\/div>\n","protected":false},"featured_media":16056,"comment_status":"closed","ping_status":"closed","template":"","meta":[],"product_brand":[],"product_cat":[29,14093,6359],"product_tag":[],"class_list":{"0":"post-16050","1":"product","2":"type-product","3":"status-publish","4":"has-post-thumbnail","6":"product_cat-kletterausruestung","7":"product_cat-petzl","8":"product_cat-klettergurte","10":"first","11":"instock","12":"sale","13":"taxable","14":"shipping-taxable","15":"purchasable","16":"product-type-variable"},"yoast_head":"<!-- This site is optimized with the Yoast SEO Premium plugin v26.9 (Yoast SEO v26.9) - https:\/\/yoast.com\/product\/yoast-seo-premium-wordpress\/ -->\n<title>Petzl Sitta - ultraleichter High End Klettergurt | bolting.eu<\/title>\n<meta name=\"description\" content=\"Petzl Sitta beim Kletter Hardwareprofi aus Innsbruck kaufen \u2705 Trusted Shop \u2705 kostenloser Versand* \u2705 14 Tage R\u00fcckgaberecht \u2705 Co2 neutraler Versand\" \/>\n<meta name=\"robots\" content=\"index, follow, max-snippet:-1, max-image-preview:large, max-video-preview:-1\" \/>\n<link rel=\"canonical\" href=\"https:\/\/bolting.eu\/en\/shop\/petzl-sitta\/\" \/>\n<meta property=\"og:locale\" content=\"en_US\" \/>\n<meta property=\"og:type\" content=\"article\" \/>\n<meta property=\"og:title\" content=\"Petzl Sitta\" \/>\n<meta property=\"og:description\" content=\"Petzl Sitta beim Kletter Hardwareprofi aus Innsbruck kaufen \u2705 Trusted Shop \u2705 kostenloser Versand* \u2705 14 Tage R\u00fcckgaberecht \u2705 Co2 neutraler Versand\" \/>\n<meta property=\"og:url\" content=\"https:\/\/bolting.eu\/en\/shop\/petzl-sitta\/\" \/>\n<meta property=\"og:site_name\" content=\"bolting.eu\" \/>\n<meta property=\"article:publisher\" content=\"https:\/\/www.facebook.com\/bolting.eu\" \/>\n<meta property=\"article:modified_time\" content=\"2026-01-27T16:57:36+00:00\" \/>\n<meta property=\"og:image\" content=\"https:\/\/bolting.eu\/wp-content\/uploads\/2023\/06\/Petzl-Sitta-3.jpg\" \/>\n\t<meta property=\"og:image:width\" content=\"700\" \/>\n\t<meta property=\"og:image:height\" content=\"700\" \/>\n\t<meta property=\"og:image:type\" content=\"image\/jpeg\" \/>\n<meta name=\"twitter:card\" content=\"summary_large_image\" \/>\n<meta name=\"twitter:label1\" content=\"Availability\" \/>\n\t<meta name=\"twitter:data1\" content=\"In stock\" \/>\n<script type=\"application\/ld+json\" class=\"yoast-schema-graph\">{\"@context\":\"https:\/\/schema.org\",\"@graph\":[{\"@type\":[\"WebPage\",\"ItemPage\"],\"@id\":\"https:\/\/bolting.eu\/en\/shop\/petzl-sitta\/\",\"url\":\"https:\/\/bolting.eu\/en\/shop\/petzl-sitta\/\",\"name\":\"Petzl Sitta - ultraleichter High End Klettergurt | bolting.eu\",\"isPartOf\":{\"@id\":\"https:\/\/bolting.eu\/en\/#website\"},\"primaryImageOfPage\":{\"@id\":\"https:\/\/bolting.eu\/en\/shop\/petzl-sitta\/#primaryimage\"},\"image\":{\"@id\":\"https:\/\/bolting.eu\/en\/shop\/petzl-sitta\/#primaryimage\"},\"thumbnailUrl\":\"https:\/\/bolting.eu\/wp-content\/uploads\/2023\/06\/Petzl-Sitta-3.jpg\",\"datePublished\":\"2023-06-07T06:41:33+00:00\",\"dateModified\":\"2026-01-27T16:57:36+00:00\",\"description\":\"Petzl Sitta beim Kletter Hardwareprofi aus Innsbruck kaufen \u2705 Trusted Shop \u2705 kostenloser Versand* \u2705 14 Tage R\u00fcckgaberecht \u2705 Co2 neutraler Versand\",\"breadcrumb\":{\"@id\":\"https:\/\/bolting.eu\/en\/shop\/petzl-sitta\/#breadcrumb\"},\"inLanguage\":\"en-US\",\"potentialAction\":[{\"@type\":\"ReadAction\",\"target\":[\"https:\/\/bolting.eu\/en\/shop\/petzl-sitta\/\"]}]},{\"@type\":\"ImageObject\",\"inLanguage\":\"en-US\",\"@id\":\"https:\/\/bolting.eu\/en\/shop\/petzl-sitta\/#primaryimage\",\"url\":\"https:\/\/bolting.eu\/wp-content\/uploads\/2023\/06\/Petzl-Sitta-3.jpg\",\"contentUrl\":\"https:\/\/bolting.eu\/wp-content\/uploads\/2023\/06\/Petzl-Sitta-3.jpg\",\"width\":700,\"height\":700,\"caption\":\"Orange-wei\u00dfer Petzl Sitta Klettergurt von vorne auf wei\u00dfem Hintergrund.\"},{\"@type\":\"BreadcrumbList\",\"@id\":\"https:\/\/bolting.eu\/en\/shop\/petzl-sitta\/#breadcrumb\",\"itemListElement\":[{\"@type\":\"ListItem\",\"position\":1,\"name\":\"Shop\",\"item\":\"https:\/\/bolting.eu\/en\/shop\/\"},{\"@type\":\"ListItem\",\"position\":2,\"name\":\"climbing equipment\",\"item\":\"https:\/\/bolting.eu\/en\/produkt-kategorie\/climbing-equipment\/\"},{\"@type\":\"ListItem\",\"position\":3,\"name\":\"Klettergurte\",\"item\":\"https:\/\/bolting.eu\/produkt-kategorie\/kletterausruestung\/klettergurte\/\"},{\"@type\":\"ListItem\",\"position\":4,\"name\":\"Petzl Sitta\"}]},{\"@type\":\"WebSite\",\"@id\":\"https:\/\/bolting.eu\/en\/#website\",\"url\":\"https:\/\/bolting.eu\/en\/\",\"name\":\"bolting.eu\",\"description\":\"we make climbs happen\",\"publisher\":{\"@id\":\"https:\/\/bolting.eu\/en\/#organization\"},\"potentialAction\":[{\"@type\":\"SearchAction\",\"target\":{\"@type\":\"EntryPoint\",\"urlTemplate\":\"https:\/\/bolting.eu\/en\/?s={search_term_string}\"},\"query-input\":{\"@type\":\"PropertyValueSpecification\",\"valueRequired\":true,\"valueName\":\"search_term_string\"}}],\"inLanguage\":\"en-US\"},{\"@type\":[\"Organization\",\"Place\",\"SportingGoodsStore\"],\"@id\":\"https:\/\/bolting.eu\/en\/#organization\",\"name\":\"bolting.eu\",\"url\":\"https:\/\/bolting.eu\/en\/\",\"logo\":{\"@id\":\"https:\/\/bolting.eu\/en\/shop\/petzl-sitta\/#local-main-organization-logo\"},\"image\":{\"@id\":\"https:\/\/bolting.eu\/en\/shop\/petzl-sitta\/#local-main-organization-logo\"},\"sameAs\":[\"https:\/\/www.facebook.com\/bolting.eu\",\"https:\/\/www.instagram.com\/bolting.eu\/\"],\"address\":{\"@id\":\"https:\/\/bolting.eu\/en\/shop\/petzl-sitta\/#local-main-place-address\"},\"geo\":{\"@type\":\"GeoCoordinates\",\"latitude\":\"47.264176340396226\",\"longitude\":\"11.380109057672346\"},\"telephone\":[\"+43 699 19083372\"],\"openingHoursSpecification\":[{\"@type\":\"OpeningHoursSpecification\",\"dayOfWeek\":[\"Monday\",\"Wednesday\",\"Friday\"],\"opens\":\"14:00\",\"closes\":\"18:00\"},{\"@type\":\"OpeningHoursSpecification\",\"dayOfWeek\":[\"Tuesday\",\"Thursday\",\"Saturday\",\"Sunday\"],\"opens\":\"00:00\",\"closes\":\"00:00\"}],\"email\":\"office@bolting.eu\",\"vatID\":\"ATU59999728\",\"priceRange\":\"$$\",\"currenciesAccepted\":\"Euro\"},{\"@type\":\"PostalAddress\",\"@id\":\"https:\/\/bolting.eu\/en\/shop\/petzl-sitta\/#local-main-place-address\",\"streetAddress\":\"Fischnalerstra\u00dfe 4\",\"addressLocality\":\"Innsbruck\",\"postalCode\":\"6020\",\"addressRegion\":\"Tirol\",\"addressCountry\":\"AT\"},{\"@type\":\"ImageObject\",\"inLanguage\":\"en-US\",\"@id\":\"https:\/\/bolting.eu\/en\/shop\/petzl-sitta\/#local-main-organization-logo\",\"url\":\"https:\/\/bolting.eu\/wp-content\/uploads\/2019\/09\/bolting-logo.png\",\"contentUrl\":\"https:\/\/bolting.eu\/wp-content\/uploads\/2019\/09\/bolting-logo.png\",\"width\":400,\"height\":211,\"caption\":\"bolting.eu\"}]}<\/script>\n<meta property=\"og:availability\" content=\"instock\" \/>\n<meta property=\"product:availability\" content=\"instock\" \/>\n<meta property=\"product:condition\" content=\"new\" \/>\n<meta name=\"geo.placename\" content=\"Innsbruck\" \/>\n<meta name=\"geo.position\" content=\"47.264176340396226;11.380109057672346\" \/>\n<meta name=\"geo.region\" content=\"Austria\" \/>\n<!-- \/ Yoast SEO Premium plugin. -->","yoast_head_json":{"title":"Petzl Sitta - ultraleichter High End Klettergurt | bolting.eu","description":"Petzl Sitta beim Kletter Hardwareprofi aus Innsbruck kaufen \u2705 Trusted Shop \u2705 kostenloser Versand* \u2705 14 Tage R\u00fcckgaberecht \u2705 Co2 neutraler Versand","robots":{"index":"index","follow":"follow","max-snippet":"max-snippet:-1","max-image-preview":"max-image-preview:large","max-video-preview":"max-video-preview:-1"},"canonical":"https:\/\/bolting.eu\/en\/shop\/petzl-sitta\/","og_locale":"en_US","og_type":"article","og_title":"Petzl Sitta","og_description":"Petzl Sitta beim Kletter Hardwareprofi aus Innsbruck kaufen \u2705 Trusted Shop \u2705 kostenloser Versand* \u2705 14 Tage R\u00fcckgaberecht \u2705 Co2 neutraler Versand","og_url":"https:\/\/bolting.eu\/en\/shop\/petzl-sitta\/","og_site_name":"bolting.eu","article_publisher":"https:\/\/www.facebook.com\/bolting.eu","article_modified_time":"2026-01-27T16:57:36+00:00","og_image":[{"width":700,"height":700,"url":"https:\/\/bolting.eu\/wp-content\/uploads\/2023\/06\/Petzl-Sitta-3.jpg","type":"image\/jpeg"}],"twitter_card":"summary_large_image","twitter_misc":{"Availability":"In stock"},"schema":{"@context":"https:\/\/schema.org","@graph":[{"@type":["WebPage","ItemPage"],"@id":"https:\/\/bolting.eu\/en\/shop\/petzl-sitta\/","url":"https:\/\/bolting.eu\/en\/shop\/petzl-sitta\/","name":"Petzl Sitta - ultraleichter High End Klettergurt | bolting.eu","isPartOf":{"@id":"https:\/\/bolting.eu\/en\/#website"},"primaryImageOfPage":{"@id":"https:\/\/bolting.eu\/en\/shop\/petzl-sitta\/#primaryimage"},"image":{"@id":"https:\/\/bolting.eu\/en\/shop\/petzl-sitta\/#primaryimage"},"thumbnailUrl":"https:\/\/bolting.eu\/wp-content\/uploads\/2023\/06\/Petzl-Sitta-3.jpg","datePublished":"2023-06-07T06:41:33+00:00","dateModified":"2026-01-27T16:57:36+00:00","description":"Petzl Sitta beim Kletter Hardwareprofi aus Innsbruck kaufen \u2705 Trusted Shop \u2705 kostenloser Versand* \u2705 14 Tage R\u00fcckgaberecht \u2705 Co2 neutraler Versand","breadcrumb":{"@id":"https:\/\/bolting.eu\/en\/shop\/petzl-sitta\/#breadcrumb"},"inLanguage":"en-US","potentialAction":[{"@type":"ReadAction","target":["https:\/\/bolting.eu\/en\/shop\/petzl-sitta\/"]}]},{"@type":"ImageObject","inLanguage":"en-US","@id":"https:\/\/bolting.eu\/en\/shop\/petzl-sitta\/#primaryimage","url":"https:\/\/bolting.eu\/wp-content\/uploads\/2023\/06\/Petzl-Sitta-3.jpg","contentUrl":"https:\/\/bolting.eu\/wp-content\/uploads\/2023\/06\/Petzl-Sitta-3.jpg","width":700,"height":700,"caption":"Orange-wei\u00dfer Petzl Sitta Klettergurt von vorne auf wei\u00dfem Hintergrund."},{"@type":"BreadcrumbList","@id":"https:\/\/bolting.eu\/en\/shop\/petzl-sitta\/#breadcrumb","itemListElement":[{"@type":"ListItem","position":1,"name":"Shop","item":"https:\/\/bolting.eu\/en\/shop\/"},{"@type":"ListItem","position":2,"name":"climbing equipment","item":"https:\/\/bolting.eu\/en\/produkt-kategorie\/climbing-equipment\/"},{"@type":"ListItem","position":3,"name":"Klettergurte","item":"https:\/\/bolting.eu\/produkt-kategorie\/kletterausruestung\/klettergurte\/"},{"@type":"ListItem","position":4,"name":"Petzl Sitta"}]},{"@type":"WebSite","@id":"https:\/\/bolting.eu\/en\/#website","url":"https:\/\/bolting.eu\/en\/","name":"bolting.eu","description":"we make climbs happen","publisher":{"@id":"https:\/\/bolting.eu\/en\/#organization"},"potentialAction":[{"@type":"SearchAction","target":{"@type":"EntryPoint","urlTemplate":"https:\/\/bolting.eu\/en\/?s={search_term_string}"},"query-input":{"@type":"PropertyValueSpecification","valueRequired":true,"valueName":"search_term_string"}}],"inLanguage":"en-US"},{"@type":["Organization","Place","SportingGoodsStore"],"@id":"https:\/\/bolting.eu\/en\/#organization","name":"bolting.eu","url":"https:\/\/bolting.eu\/en\/","logo":{"@id":"https:\/\/bolting.eu\/en\/shop\/petzl-sitta\/#local-main-organization-logo"},"image":{"@id":"https:\/\/bolting.eu\/en\/shop\/petzl-sitta\/#local-main-organization-logo"},"sameAs":["https:\/\/www.facebook.com\/bolting.eu","https:\/\/www.instagram.com\/bolting.eu\/"],"address":{"@id":"https:\/\/bolting.eu\/en\/shop\/petzl-sitta\/#local-main-place-address"},"geo":{"@type":"GeoCoordinates","latitude":"47.264176340396226","longitude":"11.380109057672346"},"telephone":["+43 699 19083372"],"openingHoursSpecification":[{"@type":"OpeningHoursSpecification","dayOfWeek":["Monday","Wednesday","Friday"],"opens":"14:00","closes":"18:00"},{"@type":"OpeningHoursSpecification","dayOfWeek":["Tuesday","Thursday","Saturday","Sunday"],"opens":"00:00","closes":"00:00"}],"email":"office@bolting.eu","vatID":"ATU59999728","priceRange":"$$","currenciesAccepted":"Euro"},{"@type":"PostalAddress","@id":"https:\/\/bolting.eu\/en\/shop\/petzl-sitta\/#local-main-place-address","streetAddress":"Fischnalerstra\u00dfe 4","addressLocality":"Innsbruck","postalCode":"6020","addressRegion":"Tirol","addressCountry":"AT"},{"@type":"ImageObject","inLanguage":"en-US","@id":"https:\/\/bolting.eu\/en\/shop\/petzl-sitta\/#local-main-organization-logo","url":"https:\/\/bolting.eu\/wp-content\/uploads\/2019\/09\/bolting-logo.png","contentUrl":"https:\/\/bolting.eu\/wp-content\/uploads\/2019\/09\/bolting-logo.png","width":400,"height":211,"caption":"bolting.eu"}]},"og_availability":"instock","product_availability":"instock","product_condition":"new","geo.placename":"Innsbruck","geo.position":{"lat":"47.264176340396226","long":"11.380109057672346"},"geo.region":"Austria"},"_links":{"self":[{"href":"https:\/\/bolting.eu\/en\/wp-json\/wp\/v2\/product\/16050","targetHints":{"allow":["GET"]}}],"collection":[{"href":"https:\/\/bolting.eu\/en\/wp-json\/wp\/v2\/product"}],"about":[{"href":"https:\/\/bolting.eu\/en\/wp-json\/wp\/v2\/types\/product"}],"replies":[{"embeddable":true,"href":"https:\/\/bolting.eu\/en\/wp-json\/wp\/v2\/comments?post=16050"}],"wp:featuredmedia":[{"embeddable":true,"href":"https:\/\/bolting.eu\/en\/wp-json\/wp\/v2\/media\/16056"}],"wp:attachment":[{"href":"https:\/\/bolting.eu\/en\/wp-json\/wp\/v2\/media?parent=16050"}],"wp:term":[{"taxonomy":"product_brand","embeddable":true,"href":"https:\/\/bolting.eu\/en\/wp-json\/wp\/v2\/product_brand?post=16050"},{"taxonomy":"product_cat","embeddable":true,"href":"https:\/\/bolting.eu\/en\/wp-json\/wp\/v2\/product_cat?post=16050"},{"taxonomy":"product_tag","embeddable":true,"href":"https:\/\/bolting.eu\/en\/wp-json\/wp\/v2\/product_tag?post=16050"}],"curies":[{"name":"wp","href":"https:\/\/api.w.org\/{rel}","templated":true}]}}