{"id":16008,"date":"2023-06-05T09:38:38","date_gmt":"2023-06-05T07:38:38","guid":{"rendered":"https:\/\/bolting.eu\/?post_type=product&#038;p=16008"},"modified":"2026-03-11T18:25:35","modified_gmt":"2026-03-11T17:25:35","slug":"dmm-dragonfly-micro-friend","status":"publish","type":"product","link":"https:\/\/bolting.eu\/en\/shop\/dmm-dragonfly-micro-friend\/","title":{"rendered":"DMM Dragonfly Micro Friend"},"content":{"rendered":"<p>Die DMM Dragonfly sind Micro Friends zum Absichern von kleinsten Rissen und Spalten. Denn diese Klemmger\u00e4te haben im Vergleich zu normalen Modellen einen extrem kurzen Kopf.<\/p>\n<p>Sie sind f\u00fcr Risse von bereits 7,6mm bis zu 22,5mm verwendbar. D.h. wir haben es hier mit Modellen zu tun, die f\u00fcr ein erweitertes Big Wall oder Trad Kletter Rack gedacht ist.<\/p>\n<p>Ansonsten haben sie alle tollen Eigenschaften der Cams der walisischen Edelschmiede. Erstens die verl\u00e4ngerbaren Dyneema <a href=\"https:\/\/bolting.eu\/produkt-kategorie\/kletterausruestung\/bandschlinge\/\">Bandschlingen<\/a>. Zweitens den griffigen Trigger auf dem Single Schaft aus Stahldraht. Und drittens die pr\u00e4zise gefr\u00e4sten Klemmsegmente mit der griffigen Oberfl\u00e4che.<\/p>\n<p>Insgesamt ein weiteres Top Produkt der Waliser, speziell f\u00fcr Trad und Techno Kletterer!<\/p>\n<h2>Eigenschaften DMM Dragonfly Cams<\/h2>\n<ul>\n<li>Micro Friends f\u00fcr kleinste Risse<\/li>\n<li>erh\u00e4ltlich in 6 Gr\u00f6\u00dfen<\/li>\n<li>f\u00fcr Rissbreiten 7,,8mm &#8211; 22,5mm<\/li>\n<li>Farben: gr\u00fcn #1, rot #2, gelb #3, blau #4, grau #5, violett #6<\/li>\n<li>Normen: EN 12276<\/li>\n<li>Bruchlasten: 6kN &#8211; 9 kN<\/li>\n<li>13,75\u00b0 Klemmwinkel &#8211; halten auch gut wenn etwas zu wenig bzw. zu weit ge\u00f6ffnet<\/li>\n<li>&#8220;ausziehbare&#8221; 11mm Dynama Bandschlinge<\/li>\n<li>extrem schmaler Kopf<\/li>\n<li>passt in kleinste Ritzen<\/li>\n<li>flexibler Stamm aus Stahldraht<\/li>\n<li>sehr griffiger Gummi am Trigger<\/li>\n<li>komplementieren ein <a href=\"https:\/\/bolting.eu\/shop\/dmm-dragon-cams\/\">Dragon Cam<\/a> Set von den Gr\u00f6\u00dfen nach unten<\/li>\n<li>Gr\u00f6\u00dfen #4, #5 und #6 \u00fcberlappen mit 00 &#8211; 1 des gr\u00f6\u00dferen und breiteren Schwesternmodells<\/li>\n<li>perfekt zum Trad, Techno und Big Wall Klettern<\/li>\n<li><a href=\"https:\/\/dmmwales.com\/climbing-products\/cams\/dragonfly-micro-cams#:~:text=Camming%20Devices%20User%20Instructions%20(EN%2C%20FR%2C%20DE%2C%20IT%2C%20ES%2C%20PT%2C%20NL%2C%20NO%2C%20SV%2C%20FI%2C%20DK%2C%20PL%2C%20CZ%2C%20SK)\" target=\"_blank\" rel=\"noopener\">Bedienungsanleitung<\/a><\/li>\n<\/ul>\n<table width=\"366\">\n<tbody>\n<tr>\n<td style=\"text-align: center;\" colspan=\"4\" width=\"366\">Modell \u00dcbersichtstabelle<\/td>\n<\/tr>\n<tr>\n<td style=\"text-align: center;\">#1 Gr\u00fcn<\/td>\n<td style=\"text-align: center;\">6 kN<\/td>\n<td style=\"text-align: center;\">55 Gramm<\/td>\n<td style=\"text-align: center;\">7,8 &#8211; 11 mm<\/td>\n<\/tr>\n<tr>\n<td style=\"text-align: center;\">#2 Rot<\/td>\n<td style=\"text-align: center;\">6 kN<\/td>\n<td style=\"text-align: center;\">56 Gramm<\/td>\n<td style=\"text-align: center;\">8,7 &#8211; 12,9 mm<\/td>\n<\/tr>\n<tr>\n<td style=\"text-align: center;\">#3 Gelb<\/td>\n<td style=\"text-align: center;\">8 kN<\/td>\n<td style=\"text-align: center;\">65 Gramm<\/td>\n<td style=\"text-align: center;\">10,2 &#8211; 15,2 mm<\/td>\n<\/tr>\n<tr>\n<td style=\"text-align: center;\">#4 Blau<\/td>\n<td style=\"text-align: center;\">8 kN<\/td>\n<td style=\"text-align: center;\">67 Gramm<\/td>\n<td style=\"text-align: center;\">12,1 &#8211; 17,9 mm<\/td>\n<\/tr>\n<tr>\n<td style=\"text-align: center;\">#5 Grau<\/td>\n<td style=\"text-align: center;\">9 kN<\/td>\n<td style=\"text-align: center;\">70 Gramm<\/td>\n<td style=\"text-align: center;\">15,1 &#8211; 22,5 mm<\/td>\n<\/tr>\n<tr>\n<td style=\"text-align: center;\">#6 Violett<\/td>\n<td style=\"text-align: center;\">9 kN<\/td>\n<td style=\"text-align: center;\">73 Gramm<\/td>\n<td style=\"text-align: center;\">19 &#8211; 28,3 mm<\/td>\n<\/tr>\n<\/tbody>\n<\/table>\n<h3>Produktvideo<\/h3>\n<p>UK Climbing hat sich den Dragonfly Micro Friends im folgenden Video angenommen:<\/p>\n<p><iframe loading=\"lazy\" title=\"DMM - Dragonfly Micro Cams\" width=\"1020\" height=\"574\" src=\"https:\/\/www.youtube.com\/embed\/7JWm4Q1jb-E?feature=oembed\" frameborder=\"0\" allow=\"accelerometer; autoplay; clipboard-write; encrypted-media; gyroscope; picture-in-picture; web-share\" referrerpolicy=\"strict-origin-when-cross-origin\" allowfullscreen><\/iframe><\/p>\n<h3>13,75\u00b0 Klemmwinkel<\/h3>\n<p>Dieser Klemmwinkel ist etwas kleiner als z.B. die 14,5\u00b0 der <a href=\"https:\/\/bolting.eu\/shop\/black-diamond-camalots\/\">Black Diamond Camalots<\/a>. Das hat einen klaren Vorteil.<\/p>\n<p>Man kann die Segmente etwas weniger und etwas weiter aufmachen. Trotzdem entwickeln sie eine passende Klemmwirkung und halten sicher.<\/p>\n<p>Das ist vor allem bei den schmalen Rissen, bei &#8220;pockets&#8221; und &#8220;pin scars&#8221; ein super Feature.<\/p>\n<h3>So setzt man die DMM Micro Friends<\/h3>\n<p>Achtet beim Setzen der Dragonfly Cams auf ein paar Dinge.<\/p>\n<p>Als aller erstes sollte der Fels immer trocken sein. Nasser Fels kann zum Herausrutschen bei St\u00fcrzen f\u00fchren!<\/p>\n<p>Des weiteren sollte man diese Guidelines beachten. Erstens die Segmente gleichm\u00e4\u00dfig ausfahren lassen. D.h. parallele Risse w\u00e4hlen.<\/p>\n<p>Zweitens den Stamm in steilem Winkel nach unten stehen lassen.<\/p>\n<p>Drittens in Querrissen darauf achten, dass die Felskante rund ist.<\/p>\n<figure id=\"attachment_16009\" aria-describedby=\"caption-attachment-16009\" style=\"width: 1024px\" class=\"wp-caption alignnone\"><a href=\"https:\/\/bolting.eu\/wp-content\/uploads\/2023\/06\/DMM-Dragonfly-Micro-Cams-2.jpg\"><img loading=\"lazy\" decoding=\"async\" class=\"wp-image-16009 size-full\" src=\"https:\/\/bolting.eu\/wp-content\/uploads\/2023\/06\/DMM-Dragonfly-Micro-Cams-2.jpg\" alt=\"Grafik zur Verwendung der DMM Dragonfly Micro Friends.\" width=\"1024\" height=\"258\" srcset=\"https:\/\/bolting.eu\/wp-content\/uploads\/2023\/06\/DMM-Dragonfly-Micro-Cams-2.jpg 1024w, https:\/\/bolting.eu\/wp-content\/uploads\/2023\/06\/DMM-Dragonfly-Micro-Cams-2-800x202.jpg 800w, https:\/\/bolting.eu\/wp-content\/uploads\/2023\/06\/DMM-Dragonfly-Micro-Cams-2-768x194.jpg 768w, https:\/\/bolting.eu\/wp-content\/uploads\/2023\/06\/DMM-Dragonfly-Micro-Cams-2-510x128.jpg 510w, https:\/\/bolting.eu\/wp-content\/uploads\/2023\/06\/DMM-Dragonfly-Micro-Cams-2-100x25.jpg 100w\" sizes=\"auto, (max-width: 1024px) 100vw, 1024px\" \/><\/a><figcaption id=\"caption-attachment-16009\" class=\"wp-caption-text\">So sollte man die Cams setzen!<\/figcaption><\/figure>\n<h3>No go\u00b4s bei den DMM Dragonfly Klemmger\u00e4ten!<\/h3>\n<p>Es gibt ein paar Dinge, die sollte man sich hinter die Ohren schreiben.<\/p>\n<p>Erstens die Micro Friends niemals als <a href=\"https:\/\/bolting.eu\/produkt-kategorie\/klemmkeile\/\">Klemmkeil<\/a> verwenden!<\/p>\n<p>Zweitens darf in keinem Fall die Achse vertikal sein (Bild 17).<\/p>\n<p>Drittens niemals mit stark zusammengedr\u00fcckten und fast ganz ausgefahrenen Klemmsegmenten legen.<\/p>\n<p>Des weiteren sollten alle Klemmsegmente ordentlich am Fels aufliegen. Abschlie\u00dfend der Hinweis auf scharfe Felskanten beim Legen in Querrissen (Bild 18)<\/p>\n<figure id=\"attachment_16010\" aria-describedby=\"caption-attachment-16010\" style=\"width: 1024px\" class=\"wp-caption alignnone\"><a href=\"https:\/\/bolting.eu\/wp-content\/uploads\/2023\/06\/DMM-Dragonfly-Micro-Cams-1.jpg\"><img loading=\"lazy\" decoding=\"async\" class=\"wp-image-16010 size-full\" src=\"https:\/\/bolting.eu\/wp-content\/uploads\/2023\/06\/DMM-Dragonfly-Micro-Cams-1.jpg\" alt=\"Grafik zu Anwendungsfehlern der DMM Dragonfly Micro Frioends.\" width=\"1024\" height=\"337\" srcset=\"https:\/\/bolting.eu\/wp-content\/uploads\/2023\/06\/DMM-Dragonfly-Micro-Cams-1.jpg 1024w, https:\/\/bolting.eu\/wp-content\/uploads\/2023\/06\/DMM-Dragonfly-Micro-Cams-1-800x263.jpg 800w, https:\/\/bolting.eu\/wp-content\/uploads\/2023\/06\/DMM-Dragonfly-Micro-Cams-1-768x253.jpg 768w, https:\/\/bolting.eu\/wp-content\/uploads\/2023\/06\/DMM-Dragonfly-Micro-Cams-1-510x168.jpg 510w, https:\/\/bolting.eu\/wp-content\/uploads\/2023\/06\/DMM-Dragonfly-Micro-Cams-1-100x33.jpg 100w\" sizes=\"auto, (max-width: 1024px) 100vw, 1024px\" \/><\/a><figcaption id=\"caption-attachment-16010\" class=\"wp-caption-text\">Das sollte man auf keinen Fall mit den Klemmger\u00e4ten machen!<\/figcaption><\/figure>\n","protected":false},"excerpt":{"rendered":"<p>Micro Friends f\u00fcr kleinste Risse in sechs Gr\u00f6\u00dfen f\u00fcr Risse 7,8 &#8211; 22.5mm.<\/p>\n<p>Ideal f\u00fcr Trad, Techno und Big Wall Klettern.<\/p>\n<p>Versandkostenfrei bis 2kg in <img decoding=\"async\" class=\"emoji\" role=\"img\" draggable=\"false\" src=\"https:\/\/s.w.org\/images\/core\/emoji\/14.0.0\/svg\/1f1e6-1f1f9.svg\" alt=\"\ud83c\udde6\ud83c\uddf9\" \/> ab \u20ac 100,- und <img decoding=\"async\" class=\"emoji\" role=\"img\" draggable=\"false\" src=\"https:\/\/s.w.org\/images\/core\/emoji\/14.0.0\/svg\/1f1e9-1f1ea.svg\" alt=\"\ud83c\udde9\ud83c\uddea\" \/> ab \u20ac 200,-!<\/p>\n","protected":false},"featured_media":16014,"comment_status":"closed","ping_status":"closed","template":"","meta":[],"product_brand":[],"product_cat":[9670,39,29],"product_tag":[],"class_list":{"0":"post-16008","1":"product","2":"type-product","3":"status-publish","4":"has-post-thumbnail","6":"product_cat-dmm","7":"product_cat-klemmgeraete-friends","8":"product_cat-kletterausruestung","10":"first","11":"instock","12":"sale","13":"taxable","14":"shipping-taxable","15":"purchasable","16":"product-type-variable"},"yoast_head":"<!-- This site is optimized with the Yoast SEO Premium plugin v26.9 (Yoast SEO v26.9) - https:\/\/yoast.com\/product\/yoast-seo-premium-wordpress\/ -->\n<title>DMM Dragonfly Micro Friend | bolting.eu<\/title>\n<meta name=\"description\" content=\"DMM Dragonfly Micro Friends beim Kletterprofi aus Innsbruck kaufen \u2705 kostenloser Versand* \u2705 14 Tage R\u00fcckgaberecht \u2705 Co2 neutraler Versand\" \/>\n<meta name=\"robots\" content=\"index, follow, max-snippet:-1, max-image-preview:large, max-video-preview:-1\" \/>\n<link rel=\"canonical\" href=\"https:\/\/bolting.eu\/en\/shop\/dmm-dragonfly-micro-friend\/\" \/>\n<meta property=\"og:locale\" content=\"en_US\" \/>\n<meta property=\"og:type\" content=\"article\" \/>\n<meta property=\"og:title\" content=\"DMM Dragonfly Micro Friend\" \/>\n<meta property=\"og:description\" content=\"DMM Dragonfly Micro Friends beim Kletterprofi aus Innsbruck kaufen \u2705 kostenloser Versand* \u2705 14 Tage R\u00fcckgaberecht \u2705 Co2 neutraler Versand\" \/>\n<meta property=\"og:url\" content=\"https:\/\/bolting.eu\/en\/shop\/dmm-dragonfly-micro-friend\/\" \/>\n<meta property=\"og:site_name\" content=\"bolting.eu\" \/>\n<meta property=\"article:publisher\" content=\"https:\/\/www.facebook.com\/bolting.eu\" \/>\n<meta property=\"article:modified_time\" content=\"2026-03-11T17:25:35+00:00\" \/>\n<meta property=\"og:image\" content=\"https:\/\/bolting.eu\/wp-content\/uploads\/2023\/06\/DMM-Dragonly-Micro-Friends-Set.jpg\" \/>\n\t<meta property=\"og:image:width\" content=\"700\" \/>\n\t<meta property=\"og:image:height\" content=\"700\" \/>\n\t<meta property=\"og:image:type\" content=\"image\/jpeg\" \/>\n<meta name=\"twitter:card\" content=\"summary_large_image\" \/>\n<meta name=\"twitter:label1\" content=\"Availability\" \/>\n\t<meta name=\"twitter:data1\" content=\"In stock\" \/>\n<script type=\"application\/ld+json\" class=\"yoast-schema-graph\">{\"@context\":\"https:\/\/schema.org\",\"@graph\":[{\"@type\":[\"WebPage\",\"ItemPage\"],\"@id\":\"https:\/\/bolting.eu\/en\/shop\/dmm-dragonfly-micro-friend\/\",\"url\":\"https:\/\/bolting.eu\/en\/shop\/dmm-dragonfly-micro-friend\/\",\"name\":\"DMM Dragonfly Micro Friend | bolting.eu\",\"isPartOf\":{\"@id\":\"https:\/\/bolting.eu\/en\/#website\"},\"primaryImageOfPage\":{\"@id\":\"https:\/\/bolting.eu\/en\/shop\/dmm-dragonfly-micro-friend\/#primaryimage\"},\"image\":{\"@id\":\"https:\/\/bolting.eu\/en\/shop\/dmm-dragonfly-micro-friend\/#primaryimage\"},\"thumbnailUrl\":\"https:\/\/bolting.eu\/wp-content\/uploads\/2023\/06\/DMM-Dragonly-Micro-Friends-Set.jpg\",\"datePublished\":\"2023-06-05T07:38:38+00:00\",\"dateModified\":\"2026-03-11T17:25:35+00:00\",\"description\":\"DMM Dragonfly Micro Friends beim Kletterprofi aus Innsbruck kaufen \u2705 kostenloser Versand* \u2705 14 Tage R\u00fcckgaberecht \u2705 Co2 neutraler Versand\",\"breadcrumb\":{\"@id\":\"https:\/\/bolting.eu\/en\/shop\/dmm-dragonfly-micro-friend\/#breadcrumb\"},\"inLanguage\":\"en-US\",\"potentialAction\":[{\"@type\":\"ReadAction\",\"target\":[\"https:\/\/bolting.eu\/en\/shop\/dmm-dragonfly-micro-friend\/\"]}]},{\"@type\":\"ImageObject\",\"inLanguage\":\"en-US\",\"@id\":\"https:\/\/bolting.eu\/en\/shop\/dmm-dragonfly-micro-friend\/#primaryimage\",\"url\":\"https:\/\/bolting.eu\/wp-content\/uploads\/2023\/06\/DMM-Dragonly-Micro-Friends-Set.jpg\",\"contentUrl\":\"https:\/\/bolting.eu\/wp-content\/uploads\/2023\/06\/DMM-Dragonly-Micro-Friends-Set.jpg\",\"width\":700,\"height\":700,\"caption\":\"Dragonfly Micro Cams\"},{\"@type\":\"BreadcrumbList\",\"@id\":\"https:\/\/bolting.eu\/en\/shop\/dmm-dragonfly-micro-friend\/#breadcrumb\",\"itemListElement\":[{\"@type\":\"ListItem\",\"position\":1,\"name\":\"Shop\",\"item\":\"https:\/\/bolting.eu\/en\/shop\/\"},{\"@type\":\"ListItem\",\"position\":2,\"name\":\"climbing equipment\",\"item\":\"https:\/\/bolting.eu\/en\/produkt-kategorie\/climbing-equipment\/\"},{\"@type\":\"ListItem\",\"position\":3,\"name\":\"Klemmger\u00e4te - Friends\",\"item\":\"https:\/\/bolting.eu\/produkt-kategorie\/kletterausruestung\/klemmgeraete-friends\/\"},{\"@type\":\"ListItem\",\"position\":4,\"name\":\"DMM Dragonfly Micro Friend\"}]},{\"@type\":\"WebSite\",\"@id\":\"https:\/\/bolting.eu\/en\/#website\",\"url\":\"https:\/\/bolting.eu\/en\/\",\"name\":\"bolting.eu\",\"description\":\"we make climbs happen\",\"publisher\":{\"@id\":\"https:\/\/bolting.eu\/en\/#organization\"},\"potentialAction\":[{\"@type\":\"SearchAction\",\"target\":{\"@type\":\"EntryPoint\",\"urlTemplate\":\"https:\/\/bolting.eu\/en\/?s={search_term_string}\"},\"query-input\":{\"@type\":\"PropertyValueSpecification\",\"valueRequired\":true,\"valueName\":\"search_term_string\"}}],\"inLanguage\":\"en-US\"},{\"@type\":[\"Organization\",\"Place\",\"SportingGoodsStore\"],\"@id\":\"https:\/\/bolting.eu\/en\/#organization\",\"name\":\"bolting.eu\",\"url\":\"https:\/\/bolting.eu\/en\/\",\"logo\":{\"@id\":\"https:\/\/bolting.eu\/en\/shop\/dmm-dragonfly-micro-friend\/#local-main-organization-logo\"},\"image\":{\"@id\":\"https:\/\/bolting.eu\/en\/shop\/dmm-dragonfly-micro-friend\/#local-main-organization-logo\"},\"sameAs\":[\"https:\/\/www.facebook.com\/bolting.eu\",\"https:\/\/www.instagram.com\/bolting.eu\/\"],\"address\":{\"@id\":\"https:\/\/bolting.eu\/en\/shop\/dmm-dragonfly-micro-friend\/#local-main-place-address\"},\"geo\":{\"@type\":\"GeoCoordinates\",\"latitude\":\"47.264176340396226\",\"longitude\":\"11.380109057672346\"},\"telephone\":[\"+43 699 19083372\"],\"openingHoursSpecification\":[{\"@type\":\"OpeningHoursSpecification\",\"dayOfWeek\":[\"Monday\",\"Wednesday\",\"Friday\"],\"opens\":\"14:00\",\"closes\":\"18:00\"},{\"@type\":\"OpeningHoursSpecification\",\"dayOfWeek\":[\"Tuesday\",\"Thursday\",\"Saturday\",\"Sunday\"],\"opens\":\"00:00\",\"closes\":\"00:00\"}],\"email\":\"office@bolting.eu\",\"vatID\":\"ATU59999728\",\"priceRange\":\"$$\",\"currenciesAccepted\":\"Euro\"},{\"@type\":\"PostalAddress\",\"@id\":\"https:\/\/bolting.eu\/en\/shop\/dmm-dragonfly-micro-friend\/#local-main-place-address\",\"streetAddress\":\"Fischnalerstra\u00dfe 4\",\"addressLocality\":\"Innsbruck\",\"postalCode\":\"6020\",\"addressRegion\":\"Tirol\",\"addressCountry\":\"AT\"},{\"@type\":\"ImageObject\",\"inLanguage\":\"en-US\",\"@id\":\"https:\/\/bolting.eu\/en\/shop\/dmm-dragonfly-micro-friend\/#local-main-organization-logo\",\"url\":\"https:\/\/bolting.eu\/wp-content\/uploads\/2019\/09\/bolting-logo.png\",\"contentUrl\":\"https:\/\/bolting.eu\/wp-content\/uploads\/2019\/09\/bolting-logo.png\",\"width\":400,\"height\":211,\"caption\":\"bolting.eu\"}]}<\/script>\n<meta property=\"og:video\" content=\"https:\/\/www.youtube.com\/embed\/7JWm4Q1jb-E\" \/>\n<meta property=\"og:video:type\" content=\"text\/html\" \/>\n<meta property=\"og:video:duration\" content=\"107\" \/>\n<meta property=\"og:video:width\" content=\"480\" \/>\n<meta property=\"og:video:height\" content=\"270\" \/>\n<meta property=\"ya:ovs:adult\" content=\"false\" \/>\n<meta property=\"ya:ovs:upload_date\" content=\"2023-06-05T07:38:38+00:00\" \/>\n<meta property=\"ya:ovs:allow_embed\" content=\"true\" \/>\n<meta property=\"og:availability\" content=\"instock\" \/>\n<meta property=\"product:availability\" content=\"instock\" \/>\n<meta property=\"product:condition\" content=\"new\" \/>\n<meta name=\"geo.placename\" content=\"Innsbruck\" \/>\n<meta name=\"geo.position\" content=\"47.264176340396226;11.380109057672346\" \/>\n<meta name=\"geo.region\" content=\"Austria\" \/>\n<!-- \/ Yoast SEO Premium plugin. -->","yoast_head_json":{"title":"DMM Dragonfly Micro Friend | bolting.eu","description":"DMM Dragonfly Micro Friends beim Kletterprofi aus Innsbruck kaufen \u2705 kostenloser Versand* \u2705 14 Tage R\u00fcckgaberecht \u2705 Co2 neutraler Versand","robots":{"index":"index","follow":"follow","max-snippet":"max-snippet:-1","max-image-preview":"max-image-preview:large","max-video-preview":"max-video-preview:-1"},"canonical":"https:\/\/bolting.eu\/en\/shop\/dmm-dragonfly-micro-friend\/","og_locale":"en_US","og_type":"article","og_title":"DMM Dragonfly Micro Friend","og_description":"DMM Dragonfly Micro Friends beim Kletterprofi aus Innsbruck kaufen \u2705 kostenloser Versand* \u2705 14 Tage R\u00fcckgaberecht \u2705 Co2 neutraler Versand","og_url":"https:\/\/bolting.eu\/en\/shop\/dmm-dragonfly-micro-friend\/","og_site_name":"bolting.eu","article_publisher":"https:\/\/www.facebook.com\/bolting.eu","article_modified_time":"2026-03-11T17:25:35+00:00","og_image":[{"width":700,"height":700,"url":"https:\/\/bolting.eu\/wp-content\/uploads\/2023\/06\/DMM-Dragonly-Micro-Friends-Set.jpg","type":"image\/jpeg"}],"twitter_card":"summary_large_image","twitter_misc":{"Availability":"In stock"},"schema":{"@context":"https:\/\/schema.org","@graph":[{"@type":["WebPage","ItemPage"],"@id":"https:\/\/bolting.eu\/en\/shop\/dmm-dragonfly-micro-friend\/","url":"https:\/\/bolting.eu\/en\/shop\/dmm-dragonfly-micro-friend\/","name":"DMM Dragonfly Micro Friend | bolting.eu","isPartOf":{"@id":"https:\/\/bolting.eu\/en\/#website"},"primaryImageOfPage":{"@id":"https:\/\/bolting.eu\/en\/shop\/dmm-dragonfly-micro-friend\/#primaryimage"},"image":{"@id":"https:\/\/bolting.eu\/en\/shop\/dmm-dragonfly-micro-friend\/#primaryimage"},"thumbnailUrl":"https:\/\/bolting.eu\/wp-content\/uploads\/2023\/06\/DMM-Dragonly-Micro-Friends-Set.jpg","datePublished":"2023-06-05T07:38:38+00:00","dateModified":"2026-03-11T17:25:35+00:00","description":"DMM Dragonfly Micro Friends beim Kletterprofi aus Innsbruck kaufen \u2705 kostenloser Versand* \u2705 14 Tage R\u00fcckgaberecht \u2705 Co2 neutraler Versand","breadcrumb":{"@id":"https:\/\/bolting.eu\/en\/shop\/dmm-dragonfly-micro-friend\/#breadcrumb"},"inLanguage":"en-US","potentialAction":[{"@type":"ReadAction","target":["https:\/\/bolting.eu\/en\/shop\/dmm-dragonfly-micro-friend\/"]}]},{"@type":"ImageObject","inLanguage":"en-US","@id":"https:\/\/bolting.eu\/en\/shop\/dmm-dragonfly-micro-friend\/#primaryimage","url":"https:\/\/bolting.eu\/wp-content\/uploads\/2023\/06\/DMM-Dragonly-Micro-Friends-Set.jpg","contentUrl":"https:\/\/bolting.eu\/wp-content\/uploads\/2023\/06\/DMM-Dragonly-Micro-Friends-Set.jpg","width":700,"height":700,"caption":"Dragonfly Micro Cams"},{"@type":"BreadcrumbList","@id":"https:\/\/bolting.eu\/en\/shop\/dmm-dragonfly-micro-friend\/#breadcrumb","itemListElement":[{"@type":"ListItem","position":1,"name":"Shop","item":"https:\/\/bolting.eu\/en\/shop\/"},{"@type":"ListItem","position":2,"name":"climbing equipment","item":"https:\/\/bolting.eu\/en\/produkt-kategorie\/climbing-equipment\/"},{"@type":"ListItem","position":3,"name":"Klemmger\u00e4te - Friends","item":"https:\/\/bolting.eu\/produkt-kategorie\/kletterausruestung\/klemmgeraete-friends\/"},{"@type":"ListItem","position":4,"name":"DMM Dragonfly Micro Friend"}]},{"@type":"WebSite","@id":"https:\/\/bolting.eu\/en\/#website","url":"https:\/\/bolting.eu\/en\/","name":"bolting.eu","description":"we make climbs happen","publisher":{"@id":"https:\/\/bolting.eu\/en\/#organization"},"potentialAction":[{"@type":"SearchAction","target":{"@type":"EntryPoint","urlTemplate":"https:\/\/bolting.eu\/en\/?s={search_term_string}"},"query-input":{"@type":"PropertyValueSpecification","valueRequired":true,"valueName":"search_term_string"}}],"inLanguage":"en-US"},{"@type":["Organization","Place","SportingGoodsStore"],"@id":"https:\/\/bolting.eu\/en\/#organization","name":"bolting.eu","url":"https:\/\/bolting.eu\/en\/","logo":{"@id":"https:\/\/bolting.eu\/en\/shop\/dmm-dragonfly-micro-friend\/#local-main-organization-logo"},"image":{"@id":"https:\/\/bolting.eu\/en\/shop\/dmm-dragonfly-micro-friend\/#local-main-organization-logo"},"sameAs":["https:\/\/www.facebook.com\/bolting.eu","https:\/\/www.instagram.com\/bolting.eu\/"],"address":{"@id":"https:\/\/bolting.eu\/en\/shop\/dmm-dragonfly-micro-friend\/#local-main-place-address"},"geo":{"@type":"GeoCoordinates","latitude":"47.264176340396226","longitude":"11.380109057672346"},"telephone":["+43 699 19083372"],"openingHoursSpecification":[{"@type":"OpeningHoursSpecification","dayOfWeek":["Monday","Wednesday","Friday"],"opens":"14:00","closes":"18:00"},{"@type":"OpeningHoursSpecification","dayOfWeek":["Tuesday","Thursday","Saturday","Sunday"],"opens":"00:00","closes":"00:00"}],"email":"office@bolting.eu","vatID":"ATU59999728","priceRange":"$$","currenciesAccepted":"Euro"},{"@type":"PostalAddress","@id":"https:\/\/bolting.eu\/en\/shop\/dmm-dragonfly-micro-friend\/#local-main-place-address","streetAddress":"Fischnalerstra\u00dfe 4","addressLocality":"Innsbruck","postalCode":"6020","addressRegion":"Tirol","addressCountry":"AT"},{"@type":"ImageObject","inLanguage":"en-US","@id":"https:\/\/bolting.eu\/en\/shop\/dmm-dragonfly-micro-friend\/#local-main-organization-logo","url":"https:\/\/bolting.eu\/wp-content\/uploads\/2019\/09\/bolting-logo.png","contentUrl":"https:\/\/bolting.eu\/wp-content\/uploads\/2019\/09\/bolting-logo.png","width":400,"height":211,"caption":"bolting.eu"}]},"og_video":"https:\/\/www.youtube.com\/embed\/7JWm4Q1jb-E","og_video_type":"text\/html","og_video_duration":"107","og_video_width":"480","og_video_height":"270","ya_ovs_adult":"false","ya_ovs_upload_date":"2023-06-05T07:38:38+00:00","ya_ovs_allow_embed":"true","og_availability":"instock","product_availability":"instock","product_condition":"new","geo.placename":"Innsbruck","geo.position":{"lat":"47.264176340396226","long":"11.380109057672346"},"geo.region":"Austria"},"_links":{"self":[{"href":"https:\/\/bolting.eu\/en\/wp-json\/wp\/v2\/product\/16008","targetHints":{"allow":["GET"]}}],"collection":[{"href":"https:\/\/bolting.eu\/en\/wp-json\/wp\/v2\/product"}],"about":[{"href":"https:\/\/bolting.eu\/en\/wp-json\/wp\/v2\/types\/product"}],"replies":[{"embeddable":true,"href":"https:\/\/bolting.eu\/en\/wp-json\/wp\/v2\/comments?post=16008"}],"wp:featuredmedia":[{"embeddable":true,"href":"https:\/\/bolting.eu\/en\/wp-json\/wp\/v2\/media\/16014"}],"wp:attachment":[{"href":"https:\/\/bolting.eu\/en\/wp-json\/wp\/v2\/media?parent=16008"}],"wp:term":[{"taxonomy":"product_brand","embeddable":true,"href":"https:\/\/bolting.eu\/en\/wp-json\/wp\/v2\/product_brand?post=16008"},{"taxonomy":"product_cat","embeddable":true,"href":"https:\/\/bolting.eu\/en\/wp-json\/wp\/v2\/product_cat?post=16008"},{"taxonomy":"product_tag","embeddable":true,"href":"https:\/\/bolting.eu\/en\/wp-json\/wp\/v2\/product_tag?post=16008"}],"curies":[{"name":"wp","href":"https:\/\/api.w.org\/{rel}","templated":true}]}}