{"id":15977,"date":"2023-06-04T19:44:31","date_gmt":"2023-06-04T17:44:31","guid":{"rendered":"https:\/\/bolting.eu\/?post_type=product&#038;p=15977"},"modified":"2026-02-25T10:58:32","modified_gmt":"2026-02-25T09:58:32","slug":"black-diamond-camalot-ultralight","status":"publish","type":"product","link":"https:\/\/bolting.eu\/en\/shop\/black-diamond-camalot-ultralight\/","title":{"rendered":"Black Diamond Camalot Ultralight"},"content":{"rendered":"<p>Die Black Diamond Camalot Ultralight sind die reduzierte Form der bekannten C4\u00b4s. D.h. hier wurden an relevanten Stellen nochmals Material und somit Gewicht eingespart. Somit sind diese Friends extrem leicht. Sie sollten in keiner <a href=\"https:\/\/bolting.eu\/kletterausruestung\/\">Kletterausr\u00fcstung<\/a> von Alpinisten fehlen.<\/p>\n<p>Die wichtigsten gewichtsreduzierenden Elemente sind. Erstens die Klemmnocken. Diese wurden hier noch leichter gemacht indem das Alu st\u00e4rker ausgefr\u00e4st wurde. Zweitens wurde das Stahlkabel im &#8220;Stamm&#8221; gegen eine Dyneema <a href=\"https:\/\/bolting.eu\/produkt-kategorie\/kletterausruestung\/reepschnur\/\">Reepschnur<\/a> ersetzt. Drittens wurde der &#8220;Trigger Kit&#8221; schm\u00e4ler und somit leichter. Und viertens wurde die breite Polyester Schlinge gegen eine d\u00fcnne, 14mm Dyneema <a href=\"https:\/\/bolting.eu\/produkt-kategorie\/kletterausruestung\/bandschlinge\/\">Bandschlinge<\/a> ersetzt.<\/p>\n<p>Alles in allem macht dies die ultraleichte Version ca. 25% leichter als das Original.<\/p>\n<h2>Eigenschaften Camalot Ultralight<\/h2>\n<ul>\n<li>Hersteller: <a href=\"https:\/\/bolting.eu\/produkt-kategorie\/black-diamond\/\">Black Diamond<\/a><\/li>\n<li>25% leichter als die originalen <a href=\"https:\/\/bolting.eu\/shop\/black-diamond-camalots\/\">C4\u00b4s<\/a><\/li>\n<li>ein Rack #0.4 &#8211; #4 ist um 239 Gramm leichter<\/li>\n<li>reduzierterer Klemmnocken<\/li>\n<li>Dyneema Reepschnur im Stamm statt Stahlkabel<\/li>\n<li>leichtere Trigger<\/li>\n<li>14mm Dyneema Bandschlinge<\/li>\n<li>gleiche Klemmradien<\/li>\n<li>gleiche Rissbreiten<\/li>\n<li>verf\u00fcgbar ab #0.4 = grau bis #4<\/li>\n<li>Karabinerempfehlung: <a href=\"https:\/\/bolting.eu\/shop\/black-diamond-litewire-rackpack\/\">LiteWire Rack Pack<\/a><\/li>\n<li><a href=\"https:\/\/www.blackdiamondequipment.com\/de_EU\/product\/camalot-ultralight\/#:~:text=Product%20Instructions%20%2D%20Camalot%E2%84%A2%20C4%20%26%20Camalot%20Ultralight\" target=\"_blank\" rel=\"noopener\">Bedienungsanleitung<\/a><\/li>\n<\/ul>\n<h3>Produktvideo<\/h3>\n<p>Im Folgenden stellt <a href=\"https:\/\/bolting.eu\/produkt-kategorie\/black-diamond\/\">Black Diamond<\/a> seine Camalots Ultralight nochmals selber in einem Video vor. Eines kommt super heraus. Wie man das Gewicht reduzieren konnte und wo der Anwendungsfall liegt. N\u00e4mlich in langen, alpinen Routen, wo jedes Gramm z\u00e4hlt!<\/p>\n<p><iframe loading=\"lazy\" title=\"Camalot\u2122 Ultralight\" width=\"1020\" height=\"574\" src=\"https:\/\/www.youtube.com\/embed\/2I9tiengHvo?feature=oembed\" frameborder=\"0\" allow=\"accelerometer; autoplay; clipboard-write; encrypted-media; gyroscope; picture-in-picture; web-share\" referrerpolicy=\"strict-origin-when-cross-origin\" allowfullscreen><\/iframe><\/p>\n<p>&nbsp;<\/p>\n<h3>Eigenschaften Tabelle<\/h3>\n<p>Im Folgenden k\u00f6nnt ihr f\u00fcr die Ultralights die wichtigsten Eigenschaften ablesen.<\/p>\n<table width=\"380\">\n<tbody>\n<tr>\n<td style=\"text-align: center;\" colspan=\"4\" width=\"380\"><strong>Eigenschaften Tabelle<\/strong><\/td>\n<\/tr>\n<tr>\n<td style=\"text-align: center;\">Gr\u00f6\u00dfe<\/td>\n<td style=\"text-align: center;\">Gewicht Gramm<\/td>\n<td style=\"text-align: center;\">Rissbreite mm<\/td>\n<td style=\"text-align: center;\">Bruchlast kN<\/td>\n<\/tr>\n<tr>\n<td style=\"text-align: center;\">#0.4<\/td>\n<td style=\"text-align: center;\">61<\/td>\n<td style=\"text-align: center;\">15,5 &#8211; 26,7<\/td>\n<td style=\"text-align: center;\">8<\/td>\n<\/tr>\n<tr>\n<td style=\"text-align: center;\">#0.5<\/td>\n<td style=\"text-align: center;\">74<\/td>\n<td style=\"text-align: center;\">19,6 &#8211; 33,5<\/td>\n<td style=\"text-align: center;\">10<\/td>\n<\/tr>\n<tr>\n<td style=\"text-align: center;\">#0.75<\/td>\n<td style=\"text-align: center;\">89<\/td>\n<td style=\"text-align: center;\">23,9 &#8211; 41,2<\/td>\n<td style=\"text-align: center;\">12<\/td>\n<\/tr>\n<tr>\n<td style=\"text-align: center;\">#1<\/td>\n<td style=\"text-align: center;\">101<\/td>\n<td style=\"text-align: center;\">30,2 &#8211; 52,1<\/td>\n<td style=\"text-align: center;\">12<\/td>\n<\/tr>\n<tr>\n<td style=\"text-align: center;\">#2<\/td>\n<td style=\"text-align: center;\">126<\/td>\n<td style=\"text-align: center;\">37,2 &#8211; 64,9<\/td>\n<td style=\"text-align: center;\">12<\/td>\n<\/tr>\n<tr>\n<td style=\"text-align: center;\">#3<\/td>\n<td style=\"text-align: center;\">167<\/td>\n<td style=\"text-align: center;\">50,7 &#8211; 87,9<\/td>\n<td style=\"text-align: center;\">12<\/td>\n<\/tr>\n<tr>\n<td style=\"text-align: center;\">#4<\/td>\n<td style=\"text-align: center;\">225<\/td>\n<td style=\"text-align: center;\">66,0 &#8211; 114,7<\/td>\n<td style=\"text-align: center;\">12<\/td>\n<\/tr>\n<\/tbody>\n<\/table>\n<h3>Anwendungsgebiet Black Diamond Camalots Ultralight<\/h3>\n<p>Diese Klemmger\u00e4te sind f\u00fcr lange und l\u00e4ngste Routen konzipiert. Sie sollen sprichw\u00f6rtlich nicht ins Gewicht fallen. Wie z.B. Eintagesbegehungen oder Routen mit langen alpinen Zustiegen.<\/p>\n<p>Zudem sind sie bei Expeditionen aufgrund der geringen Masse die erste Wahl f\u00fcr viele Alpinisten.<\/p>\n<p>Idealerweise besetzt man die Klemmger\u00e4te auch mit passenden Schnappkarabinern. Wie z.B. die <a href=\"https:\/\/bolting.eu\/shop\/black-diamond-litewire-carabiner\/\">Litewires<\/a> oder<\/p>\n<h3>Wann sind die Cams auszuscheiden?<\/h3>\n<p>Die Ultralights von Black Diamond haben einige Komponenten aus Dyneema Material. Wer seine Cams also enormer Hitze aussetzt, muss mit stark reduzierten Bruchlasten rechnen. Das kann passieren wenn man:<\/p>\n<ul>\n<li>seine Ausr\u00fcstung im Auto liegen l\u00e4sst<\/li>\n<li>auf einer Heizung oder \u00fcber dem Ofen trocknet<\/li>\n<li>zu nahe am Feuer liegen l\u00e4sst<\/li>\n<\/ul>\n<p>In diesen F\u00e4llen m\u00fcsst ihr eure Ausr\u00fcstung leider ausscheiden.<\/p>\n<p>Ebenso m\u00fcsst ihr die Klemmger\u00e4te wegwerfen, wenn die integrativen Bestandteile Anzeichen von Besch\u00e4digungen haben. Wie z.B.<\/p>\n<ul>\n<li>Risse in den Klemmnocken<\/li>\n<li>verbogene Klemmsegmente<\/li>\n<li>Risse im &#8220;Stamm&#8221;<\/li>\n<li>Einrisse in der Bandschlinge<\/li>\n<\/ul>\n<p><a href=\"https:\/\/bolting.eu\/wp-content\/uploads\/2022\/10\/BD-Camalot-8.jpg\"><img loading=\"lazy\" decoding=\"async\" class=\"alignnone size-full wp-image-15972\" src=\"https:\/\/bolting.eu\/wp-content\/uploads\/2022\/10\/BD-Camalot-8.jpg\" alt=\"Grafik mit Besch\u00e4digungen an Black Diamond Camalots die zum Ausscheiden f\u00fchren.\" width=\"800\" height=\"176\" srcset=\"https:\/\/bolting.eu\/wp-content\/uploads\/2022\/10\/BD-Camalot-8.jpg 800w, https:\/\/bolting.eu\/wp-content\/uploads\/2022\/10\/BD-Camalot-8-768x169.jpg 768w, https:\/\/bolting.eu\/wp-content\/uploads\/2022\/10\/BD-Camalot-8-510x112.jpg 510w, https:\/\/bolting.eu\/wp-content\/uploads\/2022\/10\/BD-Camalot-8-100x22.jpg 100w\" sizes=\"auto, (max-width: 800px) 100vw, 800px\" \/><\/a><\/p>\n<p>&nbsp;<\/p>\n<p>&nbsp;<\/p>\n","protected":false},"excerpt":{"rendered":"<p>Ultraleichte Friends, die gegen\u00fcber den normalen C4\u00b4s ca. 25% leichter sind. Perfekt f\u00fcr lange und alpine Routen.<\/p>\n<p>Erh\u00e4ltlich in sieben Gr\u00f6\u00dfen von #0.4 bis #4.<\/p>\n<p>Versandkostenfrei bis 2kg in <img decoding=\"async\" class=\"emoji\" role=\"img\" draggable=\"false\" src=\"https:\/\/s.w.org\/images\/core\/emoji\/14.0.0\/svg\/1f1e6-1f1f9.svg\" alt=\"\ud83c\udde6\ud83c\uddf9\" \/> ab \u20ac 100,- und <img decoding=\"async\" class=\"emoji\" role=\"img\" draggable=\"false\" src=\"https:\/\/s.w.org\/images\/core\/emoji\/14.0.0\/svg\/1f1e9-1f1ea.svg\" alt=\"\ud83c\udde9\ud83c\uddea\" \/> ab \u20ac 200,-!<\/p>\n<p>&nbsp;<\/p>\n","protected":false},"featured_media":15992,"comment_status":"closed","ping_status":"closed","template":"","meta":[],"product_brand":[],"product_cat":[4658,39,29,14319],"product_tag":[],"class_list":{"0":"post-15977","1":"product","2":"type-product","3":"status-publish","4":"has-post-thumbnail","6":"product_cat-black-diamond","7":"product_cat-klemmgeraete-friends","8":"product_cat-kletterausruestung","9":"product_cat-sale-klettern","11":"first","12":"instock","13":"sale","14":"taxable","15":"shipping-taxable","16":"purchasable","17":"product-type-variable"},"yoast_head":"<!-- This site is optimized with the Yoast SEO Premium plugin v26.9 (Yoast SEO v26.9) - https:\/\/yoast.com\/product\/yoast-seo-premium-wordpress\/ -->\n<title>Black Diamond Camalot Ultralight | bolting.eu<\/title>\n<meta name=\"description\" content=\"Black Diamond Camalot Ultralight beim Hardwareprofi aus Innsbruck kaufen \u2705 kostenloser Versand* \u2705 14 Tage R\u00fcckgaberecht \u2705 Co2 neutraler Versand\" \/>\n<meta name=\"robots\" content=\"index, follow, max-snippet:-1, max-image-preview:large, max-video-preview:-1\" \/>\n<link rel=\"canonical\" href=\"https:\/\/bolting.eu\/en\/shop\/black-diamond-camalot-ultralight\/\" \/>\n<meta property=\"og:locale\" content=\"en_US\" \/>\n<meta property=\"og:type\" content=\"article\" \/>\n<meta property=\"og:title\" content=\"Black Diamond Camalot Ultralight\" \/>\n<meta property=\"og:description\" content=\"Black Diamond Camalot Ultralight beim Hardwareprofi aus Innsbruck kaufen \u2705 kostenloser Versand* \u2705 14 Tage R\u00fcckgaberecht \u2705 Co2 neutraler Versand\" \/>\n<meta property=\"og:url\" content=\"https:\/\/bolting.eu\/en\/shop\/black-diamond-camalot-ultralight\/\" \/>\n<meta property=\"og:site_name\" content=\"bolting.eu\" \/>\n<meta property=\"article:publisher\" content=\"https:\/\/www.facebook.com\/bolting.eu\" \/>\n<meta property=\"article:modified_time\" content=\"2026-02-25T09:58:32+00:00\" \/>\n<meta property=\"og:image\" content=\"https:\/\/bolting.eu\/wp-content\/uploads\/2023\/06\/Black-Diamond-Camalot-Ultralight-8.jpg\" \/>\n\t<meta property=\"og:image:width\" content=\"700\" \/>\n\t<meta property=\"og:image:height\" content=\"700\" \/>\n\t<meta property=\"og:image:type\" content=\"image\/jpeg\" \/>\n<meta name=\"twitter:card\" content=\"summary_large_image\" \/>\n<meta name=\"twitter:label1\" content=\"Availability\" \/>\n\t<meta name=\"twitter:data1\" content=\"In stock\" \/>\n<script type=\"application\/ld+json\" class=\"yoast-schema-graph\">{\"@context\":\"https:\/\/schema.org\",\"@graph\":[{\"@type\":[\"WebPage\",\"ItemPage\"],\"@id\":\"https:\/\/bolting.eu\/en\/shop\/black-diamond-camalot-ultralight\/\",\"url\":\"https:\/\/bolting.eu\/en\/shop\/black-diamond-camalot-ultralight\/\",\"name\":\"Black Diamond Camalot Ultralight | bolting.eu\",\"isPartOf\":{\"@id\":\"https:\/\/bolting.eu\/en\/#website\"},\"primaryImageOfPage\":{\"@id\":\"https:\/\/bolting.eu\/en\/shop\/black-diamond-camalot-ultralight\/#primaryimage\"},\"image\":{\"@id\":\"https:\/\/bolting.eu\/en\/shop\/black-diamond-camalot-ultralight\/#primaryimage\"},\"thumbnailUrl\":\"https:\/\/bolting.eu\/wp-content\/uploads\/2023\/06\/Black-Diamond-Camalot-Ultralight-8.jpg\",\"datePublished\":\"2023-06-04T17:44:31+00:00\",\"dateModified\":\"2026-02-25T09:58:32+00:00\",\"description\":\"Black Diamond Camalot Ultralight beim Hardwareprofi aus Innsbruck kaufen \u2705 kostenloser Versand* \u2705 14 Tage R\u00fcckgaberecht \u2705 Co2 neutraler Versand\",\"breadcrumb\":{\"@id\":\"https:\/\/bolting.eu\/en\/shop\/black-diamond-camalot-ultralight\/#breadcrumb\"},\"inLanguage\":\"en-US\",\"potentialAction\":[{\"@type\":\"ReadAction\",\"target\":[\"https:\/\/bolting.eu\/en\/shop\/black-diamond-camalot-ultralight\/\"]}]},{\"@type\":\"ImageObject\",\"inLanguage\":\"en-US\",\"@id\":\"https:\/\/bolting.eu\/en\/shop\/black-diamond-camalot-ultralight\/#primaryimage\",\"url\":\"https:\/\/bolting.eu\/wp-content\/uploads\/2023\/06\/Black-Diamond-Camalot-Ultralight-8.jpg\",\"contentUrl\":\"https:\/\/bolting.eu\/wp-content\/uploads\/2023\/06\/Black-Diamond-Camalot-Ultralight-8.jpg\",\"width\":700,\"height\":700},{\"@type\":\"BreadcrumbList\",\"@id\":\"https:\/\/bolting.eu\/en\/shop\/black-diamond-camalot-ultralight\/#breadcrumb\",\"itemListElement\":[{\"@type\":\"ListItem\",\"position\":1,\"name\":\"Shop\",\"item\":\"https:\/\/bolting.eu\/en\/shop\/\"},{\"@type\":\"ListItem\",\"position\":2,\"name\":\"climbing equipment\",\"item\":\"https:\/\/bolting.eu\/en\/produkt-kategorie\/climbing-equipment\/\"},{\"@type\":\"ListItem\",\"position\":3,\"name\":\"Klemmger\u00e4te - Friends\",\"item\":\"https:\/\/bolting.eu\/produkt-kategorie\/kletterausruestung\/klemmgeraete-friends\/\"},{\"@type\":\"ListItem\",\"position\":4,\"name\":\"Black Diamond Camalot Ultralight\"}]},{\"@type\":\"WebSite\",\"@id\":\"https:\/\/bolting.eu\/en\/#website\",\"url\":\"https:\/\/bolting.eu\/en\/\",\"name\":\"bolting.eu\",\"description\":\"we make climbs happen\",\"publisher\":{\"@id\":\"https:\/\/bolting.eu\/en\/#organization\"},\"potentialAction\":[{\"@type\":\"SearchAction\",\"target\":{\"@type\":\"EntryPoint\",\"urlTemplate\":\"https:\/\/bolting.eu\/en\/?s={search_term_string}\"},\"query-input\":{\"@type\":\"PropertyValueSpecification\",\"valueRequired\":true,\"valueName\":\"search_term_string\"}}],\"inLanguage\":\"en-US\"},{\"@type\":[\"Organization\",\"Place\",\"SportingGoodsStore\"],\"@id\":\"https:\/\/bolting.eu\/en\/#organization\",\"name\":\"bolting.eu\",\"url\":\"https:\/\/bolting.eu\/en\/\",\"logo\":{\"@id\":\"https:\/\/bolting.eu\/en\/shop\/black-diamond-camalot-ultralight\/#local-main-organization-logo\"},\"image\":{\"@id\":\"https:\/\/bolting.eu\/en\/shop\/black-diamond-camalot-ultralight\/#local-main-organization-logo\"},\"sameAs\":[\"https:\/\/www.facebook.com\/bolting.eu\",\"https:\/\/www.instagram.com\/bolting.eu\/\"],\"address\":{\"@id\":\"https:\/\/bolting.eu\/en\/shop\/black-diamond-camalot-ultralight\/#local-main-place-address\"},\"geo\":{\"@type\":\"GeoCoordinates\",\"latitude\":\"47.264176340396226\",\"longitude\":\"11.380109057672346\"},\"telephone\":[\"+43 699 19083372\"],\"openingHoursSpecification\":[{\"@type\":\"OpeningHoursSpecification\",\"dayOfWeek\":[\"Monday\",\"Wednesday\",\"Friday\"],\"opens\":\"14:00\",\"closes\":\"18:00\"},{\"@type\":\"OpeningHoursSpecification\",\"dayOfWeek\":[\"Tuesday\",\"Thursday\",\"Saturday\",\"Sunday\"],\"opens\":\"00:00\",\"closes\":\"00:00\"}],\"email\":\"office@bolting.eu\",\"vatID\":\"ATU59999728\",\"priceRange\":\"$$\",\"currenciesAccepted\":\"Euro\"},{\"@type\":\"PostalAddress\",\"@id\":\"https:\/\/bolting.eu\/en\/shop\/black-diamond-camalot-ultralight\/#local-main-place-address\",\"streetAddress\":\"Fischnalerstra\u00dfe 4\",\"addressLocality\":\"Innsbruck\",\"postalCode\":\"6020\",\"addressRegion\":\"Tirol\",\"addressCountry\":\"AT\"},{\"@type\":\"ImageObject\",\"inLanguage\":\"en-US\",\"@id\":\"https:\/\/bolting.eu\/en\/shop\/black-diamond-camalot-ultralight\/#local-main-organization-logo\",\"url\":\"https:\/\/bolting.eu\/wp-content\/uploads\/2019\/09\/bolting-logo.png\",\"contentUrl\":\"https:\/\/bolting.eu\/wp-content\/uploads\/2019\/09\/bolting-logo.png\",\"width\":400,\"height\":211,\"caption\":\"bolting.eu\"}]}<\/script>\n<meta property=\"og:video\" content=\"https:\/\/www.youtube.com\/embed\/2I9tiengHvo\" \/>\n<meta property=\"og:video:type\" content=\"text\/html\" \/>\n<meta property=\"og:video:duration\" content=\"92\" \/>\n<meta property=\"og:video:width\" content=\"480\" \/>\n<meta property=\"og:video:height\" content=\"270\" \/>\n<meta property=\"ya:ovs:adult\" content=\"false\" \/>\n<meta property=\"ya:ovs:upload_date\" content=\"2023-06-04T17:44:31+00:00\" \/>\n<meta property=\"ya:ovs:allow_embed\" content=\"true\" \/>\n<meta property=\"og:availability\" content=\"instock\" \/>\n<meta property=\"product:availability\" content=\"instock\" \/>\n<meta property=\"product:condition\" content=\"new\" \/>\n<meta name=\"geo.placename\" content=\"Innsbruck\" \/>\n<meta name=\"geo.position\" content=\"47.264176340396226;11.380109057672346\" \/>\n<meta name=\"geo.region\" content=\"Austria\" \/>\n<!-- \/ Yoast SEO Premium plugin. -->","yoast_head_json":{"title":"Black Diamond Camalot Ultralight | bolting.eu","description":"Black Diamond Camalot Ultralight beim Hardwareprofi aus Innsbruck kaufen \u2705 kostenloser Versand* \u2705 14 Tage R\u00fcckgaberecht \u2705 Co2 neutraler Versand","robots":{"index":"index","follow":"follow","max-snippet":"max-snippet:-1","max-image-preview":"max-image-preview:large","max-video-preview":"max-video-preview:-1"},"canonical":"https:\/\/bolting.eu\/en\/shop\/black-diamond-camalot-ultralight\/","og_locale":"en_US","og_type":"article","og_title":"Black Diamond Camalot Ultralight","og_description":"Black Diamond Camalot Ultralight beim Hardwareprofi aus Innsbruck kaufen \u2705 kostenloser Versand* \u2705 14 Tage R\u00fcckgaberecht \u2705 Co2 neutraler Versand","og_url":"https:\/\/bolting.eu\/en\/shop\/black-diamond-camalot-ultralight\/","og_site_name":"bolting.eu","article_publisher":"https:\/\/www.facebook.com\/bolting.eu","article_modified_time":"2026-02-25T09:58:32+00:00","og_image":[{"width":700,"height":700,"url":"https:\/\/bolting.eu\/wp-content\/uploads\/2023\/06\/Black-Diamond-Camalot-Ultralight-8.jpg","type":"image\/jpeg"}],"twitter_card":"summary_large_image","twitter_misc":{"Availability":"In stock"},"schema":{"@context":"https:\/\/schema.org","@graph":[{"@type":["WebPage","ItemPage"],"@id":"https:\/\/bolting.eu\/en\/shop\/black-diamond-camalot-ultralight\/","url":"https:\/\/bolting.eu\/en\/shop\/black-diamond-camalot-ultralight\/","name":"Black Diamond Camalot Ultralight | bolting.eu","isPartOf":{"@id":"https:\/\/bolting.eu\/en\/#website"},"primaryImageOfPage":{"@id":"https:\/\/bolting.eu\/en\/shop\/black-diamond-camalot-ultralight\/#primaryimage"},"image":{"@id":"https:\/\/bolting.eu\/en\/shop\/black-diamond-camalot-ultralight\/#primaryimage"},"thumbnailUrl":"https:\/\/bolting.eu\/wp-content\/uploads\/2023\/06\/Black-Diamond-Camalot-Ultralight-8.jpg","datePublished":"2023-06-04T17:44:31+00:00","dateModified":"2026-02-25T09:58:32+00:00","description":"Black Diamond Camalot Ultralight beim Hardwareprofi aus Innsbruck kaufen \u2705 kostenloser Versand* \u2705 14 Tage R\u00fcckgaberecht \u2705 Co2 neutraler Versand","breadcrumb":{"@id":"https:\/\/bolting.eu\/en\/shop\/black-diamond-camalot-ultralight\/#breadcrumb"},"inLanguage":"en-US","potentialAction":[{"@type":"ReadAction","target":["https:\/\/bolting.eu\/en\/shop\/black-diamond-camalot-ultralight\/"]}]},{"@type":"ImageObject","inLanguage":"en-US","@id":"https:\/\/bolting.eu\/en\/shop\/black-diamond-camalot-ultralight\/#primaryimage","url":"https:\/\/bolting.eu\/wp-content\/uploads\/2023\/06\/Black-Diamond-Camalot-Ultralight-8.jpg","contentUrl":"https:\/\/bolting.eu\/wp-content\/uploads\/2023\/06\/Black-Diamond-Camalot-Ultralight-8.jpg","width":700,"height":700},{"@type":"BreadcrumbList","@id":"https:\/\/bolting.eu\/en\/shop\/black-diamond-camalot-ultralight\/#breadcrumb","itemListElement":[{"@type":"ListItem","position":1,"name":"Shop","item":"https:\/\/bolting.eu\/en\/shop\/"},{"@type":"ListItem","position":2,"name":"climbing equipment","item":"https:\/\/bolting.eu\/en\/produkt-kategorie\/climbing-equipment\/"},{"@type":"ListItem","position":3,"name":"Klemmger\u00e4te - Friends","item":"https:\/\/bolting.eu\/produkt-kategorie\/kletterausruestung\/klemmgeraete-friends\/"},{"@type":"ListItem","position":4,"name":"Black Diamond Camalot Ultralight"}]},{"@type":"WebSite","@id":"https:\/\/bolting.eu\/en\/#website","url":"https:\/\/bolting.eu\/en\/","name":"bolting.eu","description":"we make climbs happen","publisher":{"@id":"https:\/\/bolting.eu\/en\/#organization"},"potentialAction":[{"@type":"SearchAction","target":{"@type":"EntryPoint","urlTemplate":"https:\/\/bolting.eu\/en\/?s={search_term_string}"},"query-input":{"@type":"PropertyValueSpecification","valueRequired":true,"valueName":"search_term_string"}}],"inLanguage":"en-US"},{"@type":["Organization","Place","SportingGoodsStore"],"@id":"https:\/\/bolting.eu\/en\/#organization","name":"bolting.eu","url":"https:\/\/bolting.eu\/en\/","logo":{"@id":"https:\/\/bolting.eu\/en\/shop\/black-diamond-camalot-ultralight\/#local-main-organization-logo"},"image":{"@id":"https:\/\/bolting.eu\/en\/shop\/black-diamond-camalot-ultralight\/#local-main-organization-logo"},"sameAs":["https:\/\/www.facebook.com\/bolting.eu","https:\/\/www.instagram.com\/bolting.eu\/"],"address":{"@id":"https:\/\/bolting.eu\/en\/shop\/black-diamond-camalot-ultralight\/#local-main-place-address"},"geo":{"@type":"GeoCoordinates","latitude":"47.264176340396226","longitude":"11.380109057672346"},"telephone":["+43 699 19083372"],"openingHoursSpecification":[{"@type":"OpeningHoursSpecification","dayOfWeek":["Monday","Wednesday","Friday"],"opens":"14:00","closes":"18:00"},{"@type":"OpeningHoursSpecification","dayOfWeek":["Tuesday","Thursday","Saturday","Sunday"],"opens":"00:00","closes":"00:00"}],"email":"office@bolting.eu","vatID":"ATU59999728","priceRange":"$$","currenciesAccepted":"Euro"},{"@type":"PostalAddress","@id":"https:\/\/bolting.eu\/en\/shop\/black-diamond-camalot-ultralight\/#local-main-place-address","streetAddress":"Fischnalerstra\u00dfe 4","addressLocality":"Innsbruck","postalCode":"6020","addressRegion":"Tirol","addressCountry":"AT"},{"@type":"ImageObject","inLanguage":"en-US","@id":"https:\/\/bolting.eu\/en\/shop\/black-diamond-camalot-ultralight\/#local-main-organization-logo","url":"https:\/\/bolting.eu\/wp-content\/uploads\/2019\/09\/bolting-logo.png","contentUrl":"https:\/\/bolting.eu\/wp-content\/uploads\/2019\/09\/bolting-logo.png","width":400,"height":211,"caption":"bolting.eu"}]},"og_video":"https:\/\/www.youtube.com\/embed\/2I9tiengHvo","og_video_type":"text\/html","og_video_duration":"92","og_video_width":"480","og_video_height":"270","ya_ovs_adult":"false","ya_ovs_upload_date":"2023-06-04T17:44:31+00:00","ya_ovs_allow_embed":"true","og_availability":"instock","product_availability":"instock","product_condition":"new","geo.placename":"Innsbruck","geo.position":{"lat":"47.264176340396226","long":"11.380109057672346"},"geo.region":"Austria"},"_links":{"self":[{"href":"https:\/\/bolting.eu\/en\/wp-json\/wp\/v2\/product\/15977","targetHints":{"allow":["GET"]}}],"collection":[{"href":"https:\/\/bolting.eu\/en\/wp-json\/wp\/v2\/product"}],"about":[{"href":"https:\/\/bolting.eu\/en\/wp-json\/wp\/v2\/types\/product"}],"replies":[{"embeddable":true,"href":"https:\/\/bolting.eu\/en\/wp-json\/wp\/v2\/comments?post=15977"}],"wp:featuredmedia":[{"embeddable":true,"href":"https:\/\/bolting.eu\/en\/wp-json\/wp\/v2\/media\/15992"}],"wp:attachment":[{"href":"https:\/\/bolting.eu\/en\/wp-json\/wp\/v2\/media?parent=15977"}],"wp:term":[{"taxonomy":"product_brand","embeddable":true,"href":"https:\/\/bolting.eu\/en\/wp-json\/wp\/v2\/product_brand?post=15977"},{"taxonomy":"product_cat","embeddable":true,"href":"https:\/\/bolting.eu\/en\/wp-json\/wp\/v2\/product_cat?post=15977"},{"taxonomy":"product_tag","embeddable":true,"href":"https:\/\/bolting.eu\/en\/wp-json\/wp\/v2\/product_tag?post=15977"}],"curies":[{"name":"wp","href":"https:\/\/api.w.org\/{rel}","templated":true}]}}