{"id":15959,"date":"2023-05-31T08:42:43","date_gmt":"2023-05-31T06:42:43","guid":{"rendered":"https:\/\/bolting.eu\/?post_type=product&#038;p=15959"},"modified":"2026-02-25T13:22:54","modified_gmt":"2026-02-25T12:22:54","slug":"singing-rock-technic-standard","status":"publish","type":"product","link":"https:\/\/bolting.eu\/en\/shop\/singing-rock-technic-standard\/","title":{"rendered":"Singing Rock Technic Standard"},"content":{"rendered":"<p>Der Rock Empire Technic Standard ist ein extrem preiswerter H\u00f6henarbeiter Gurt. Er ist sowohl f\u00fcr alle absturzgef\u00e4hrdeten als auch h\u00e4ngenden Arbeiten zu verwenden.<\/p>\n<p>Hierzu ist er als Ganzk\u00f6rpergurt mit 3 Aufh\u00e4ngepunkten und 2 Positionierungs\u00f6sen konzipiert. Optional k\u00f6nnt ihr eine Bruststeigklemme mit einem Rapidglied und passender Schlinge installieren. Zwei Materialschlaufen f\u00fcr die <a href=\"https:\/\/bolting.eu\/kletterausruestung\/\">Kletterausr\u00fcstung<\/a> runden das Modell ebenso ab, wie die leichtg\u00e4ngigen Verstellschnallen.<\/p>\n<p>Wer f\u00fcr seine H\u00f6henarbeiten ein preisg\u00fcnstiges Modell sucht, der ist hier goldrichtig!<\/p>\n<h2>Eigenschaften Technic Standard<\/h2>\n<ul>\n<li>Hersteller: <a href=\"https:\/\/bolting.eu\/produkt-kategorie\/singing-rock\/\">Singing Rock<\/a><\/li>\n<li>preiswerter H\u00f6henarbeiter Gurt<\/li>\n<li>gro\u00dfe Aufh\u00e4ngepunkte vorne (EN 813, EN 358)<\/li>\n<li>seitliche Positionierungs\u00f6sen (EN 358)<\/li>\n<li>frontale und r\u00fcckw\u00e4rtige Aufh\u00e4ngepunkte f\u00fcr Absturzsicherung (EN 361)<\/li>\n<li>optional Bruststeigklemme mit <a href=\"https:\/\/bolting.eu\/produkt-kategorie\/einbohrartikel\/schraubglied-rapidglied\/\">Schraubglied<\/a> und Strap for Cam Clean Schlinge (diese im Lieferumfang!)<\/li>\n<li>2 Materialschlaufen<\/li>\n<li>leichtg\u00e4ngige Verstellschnallen<\/li>\n<li>Edelstahl \u00d6sen mit hoher Korrosionsbest\u00e4ndigkeit<\/li>\n<li>Gr\u00f6\u00dfen: S, M-L, XL<\/li>\n<li>Gewicht: ca. 2.075 Gramm (m-L)<\/li>\n<li><a href=\"https:\/\/www.singingrock.com\/technic#:~:text=PDF%20%2D%201%2C1%20MB-,instructions%20of%20use,-PDF%20%2D%201%2C2%20MB\" target=\"_blank\" rel=\"noopener\">Bedienungsanleitung<\/a><\/li>\n<\/ul>\n<h3>Gr\u00f6\u00dfentabelle<\/h3>\n<p>Im Folgenden findet ihr die Gr\u00f6\u00dfentabelle f\u00fcr den Singing Rock Technic Standard. Ihr k\u00f6nnt deutlich sehen. Die Gr\u00f6\u00dfe M &#8211; L deckt einen sehr gro\u00dfen Bereich ab. F\u00fcr viele wird diese &#8220;mittlere&#8221; Gr\u00f6\u00dfe passen.<\/p>\n<p>Vergesst nicht, f\u00fcr Arbeiten im Winter ein paar cm dazu zu berechnen. Denn dicke Kleidung macht im Schnitt gleich mal dieses Ma\u00df aus.<\/p>\n<p><a href=\"https:\/\/bolting.eu\/wp-content\/uploads\/2023\/05\/Bildschirmfoto-2023-05-30-um-16.20.12.png\"><img loading=\"lazy\" decoding=\"async\" class=\"alignnone size-full wp-image-15960\" src=\"https:\/\/bolting.eu\/wp-content\/uploads\/2023\/05\/Bildschirmfoto-2023-05-30-um-16.20.12.png\" alt=\"\" width=\"2332\" height=\"898\" srcset=\"https:\/\/bolting.eu\/wp-content\/uploads\/2023\/05\/Bildschirmfoto-2023-05-30-um-16.20.12.png 2332w, https:\/\/bolting.eu\/wp-content\/uploads\/2023\/05\/Bildschirmfoto-2023-05-30-um-16.20.12-800x308.png 800w, https:\/\/bolting.eu\/wp-content\/uploads\/2023\/05\/Bildschirmfoto-2023-05-30-um-16.20.12-1400x539.png 1400w, https:\/\/bolting.eu\/wp-content\/uploads\/2023\/05\/Bildschirmfoto-2023-05-30-um-16.20.12-768x296.png 768w, https:\/\/bolting.eu\/wp-content\/uploads\/2023\/05\/Bildschirmfoto-2023-05-30-um-16.20.12-1536x591.png 1536w, https:\/\/bolting.eu\/wp-content\/uploads\/2023\/05\/Bildschirmfoto-2023-05-30-um-16.20.12-2048x789.png 2048w, https:\/\/bolting.eu\/wp-content\/uploads\/2023\/05\/Bildschirmfoto-2023-05-30-um-16.20.12-510x196.png 510w, https:\/\/bolting.eu\/wp-content\/uploads\/2023\/05\/Bildschirmfoto-2023-05-30-um-16.20.12-100x39.png 100w\" sizes=\"auto, (max-width: 2332px) 100vw, 2332px\" \/><\/a><\/p>\n<h3>Preiswerter H\u00f6henarbeiter Gurt<\/h3>\n<p>Wir haben den Singing Rock Technic Standard aus einem bestimmten Grund im Sortiment. Denn er ist ein extrem preiswertes Modell bei gleichzeitig hoher Qualit\u00e4t.<\/p>\n<p>Eine Mischung, welche selten zu finden ist. Somit deckt dieses Produkt eine wichtige K\u00e4uferschichte bei uns ab. N\u00e4mlich Personen, die sporadisch einen hochwertigen Gurt verwenden wollen, aber nicht die top Modelle ben\u00f6tigen.<\/p>\n<p>Mit dem Produkt des tschechischen Herstellers gelingt es und wieder einmal, eine passende L\u00f6sung f\u00fcr diese Anforderung bereit zu stellen!<\/p>\n<h3>Singing Rock Technic Standard = Empfehlung f\u00fcr Erschlie\u00dfer<\/h3>\n<p>Dieser H\u00f6henarbeiter Gurt ist f\u00fcr Erschlie\u00dfer eine Empfehlen. Beim systematischen <a href=\"https:\/\/bolting.eu\/kletterroute-einbohren\/\">Kletterroten einbohren<\/a>, <a href=\"https:\/\/bolting.eu\/kletter-infrastruktur\/klettergarten-sanierung\/\">Klettergarten sanieren<\/a> oder beim <a href=\"https:\/\/bolting.eu\/klettersteigbau\/\">Klettersteigbau<\/a>, ist er ideal. Denn er bietet dem R\u00fccken bei steilerem Gel\u00e4nde eine wertvolle St\u00fctze.<\/p>\n<p>Somit muss man nicht aus dem Bauch bzw. R\u00fccken die Spannung beim Bohren aufbauen. Das Arbeiten geht mit weniger Energieeinsatz und deutlich entspannter.<\/p>\n<h3>Zubeh\u00f6r f\u00fcr H\u00f6henarbeitergurt<\/h3>\n<p>Wer einen voll ausgestatteten Technic Standard haben will, sollte sich diese zwei Dinge zulegen.<\/p>\n<p>Zum einen eine passende Bruststeigklemme wie die <a href=\"https:\/\/bolting.eu\/shop\/bruststeigklemme-kong-cam-clean\/\">Kong Cam Clean<\/a> mit gedrehten \u00d6sen. Die obere Fixierung &#8220;strap for Cam Clean&#8221; ist im Lieferumfang des Gurtes dabei.<\/p>\n<p>Und zum anderen ein passendes halbrundes <a href=\"https:\/\/bolting.eu\/shop\/kong-quick-link-d\/\">Schraubglied Kong Quick Link D<\/a>.<\/p>\n<figure id=\"attachment_1586\" aria-describedby=\"caption-attachment-1586\" style=\"width: 200px\" class=\"wp-caption alignnone\"><a href=\"https:\/\/bolting.eu\/wp-content\/uploads\/2020\/02\/Kong-Quick-Link-D.jpg\"><img loading=\"lazy\" decoding=\"async\" class=\"wp-image-1586\" src=\"https:\/\/bolting.eu\/wp-content\/uploads\/2020\/02\/Kong-Quick-Link-D.jpg\" alt=\"Das Bild zeigt ein silber gl\u00e4nzendes Kong Quick Link D in einem wei\u00dfem Quadrat. Das D-f\u00f6rmige Schraubglied steht horizontal in Bildmitte mit dem gebogenen Schenkel nach oben bzw. mit dem Schraubverschluss nach unten.\" width=\"200\" height=\"200\" srcset=\"https:\/\/bolting.eu\/wp-content\/uploads\/2020\/02\/Kong-Quick-Link-D.jpg 700w, https:\/\/bolting.eu\/wp-content\/uploads\/2020\/02\/Kong-Quick-Link-D-280x280.jpg 280w, https:\/\/bolting.eu\/wp-content\/uploads\/2020\/02\/Kong-Quick-Link-D-400x400.jpg 400w, https:\/\/bolting.eu\/wp-content\/uploads\/2020\/02\/Kong-Quick-Link-D-247x247.jpg 247w, https:\/\/bolting.eu\/wp-content\/uploads\/2020\/02\/Kong-Quick-Link-D-600x600.jpg 600w, https:\/\/bolting.eu\/wp-content\/uploads\/2020\/02\/Kong-Quick-Link-D-100x100.jpg 100w, https:\/\/bolting.eu\/wp-content\/uploads\/2020\/02\/Kong-Quick-Link-D-300x300.jpg 300w\" sizes=\"auto, (max-width: 200px) 100vw, 200px\" \/><\/a><figcaption id=\"caption-attachment-1586\" class=\"wp-caption-text\">Das halbrunde Schraubglied.<\/figcaption><\/figure>\n<figure id=\"attachment_2234\" aria-describedby=\"caption-attachment-2234\" style=\"width: 200px\" class=\"wp-caption alignnone\"><a href=\"https:\/\/bolting.eu\/wp-content\/uploads\/2020\/03\/Bruststeigklemme-Kong-Cam-Clean_red.jpg\"><img loading=\"lazy\" decoding=\"async\" class=\"wp-image-2234\" src=\"https:\/\/bolting.eu\/wp-content\/uploads\/2020\/03\/Bruststeigklemme-Kong-Cam-Clean_red.jpg\" alt=\"Das Bild zeigt die rote Bruststeigklemme Kong Cam Clean. Die Brustklemme steht aufrecht im Bild, mit den Aufh\u00e4nge\u00f6sen nach rechts und dem Klemmnocken-Block links.\" width=\"200\" height=\"200\" srcset=\"https:\/\/bolting.eu\/wp-content\/uploads\/2020\/03\/Bruststeigklemme-Kong-Cam-Clean_red.jpg 700w, https:\/\/bolting.eu\/wp-content\/uploads\/2020\/03\/Bruststeigklemme-Kong-Cam-Clean_red-247x247.jpg 247w, https:\/\/bolting.eu\/wp-content\/uploads\/2020\/03\/Bruststeigklemme-Kong-Cam-Clean_red-100x100.jpg 100w, https:\/\/bolting.eu\/wp-content\/uploads\/2020\/03\/Bruststeigklemme-Kong-Cam-Clean_red-510x510.jpg 510w, https:\/\/bolting.eu\/wp-content\/uploads\/2020\/03\/Bruststeigklemme-Kong-Cam-Clean_red-280x280.jpg 280w, https:\/\/bolting.eu\/wp-content\/uploads\/2020\/03\/Bruststeigklemme-Kong-Cam-Clean_red-400x400.jpg 400w, https:\/\/bolting.eu\/wp-content\/uploads\/2020\/03\/Bruststeigklemme-Kong-Cam-Clean_red-300x300.jpg 300w, https:\/\/bolting.eu\/wp-content\/uploads\/2020\/03\/Bruststeigklemme-Kong-Cam-Clean_red-600x600.jpg 600w\" sizes=\"auto, (max-width: 200px) 100vw, 200px\" \/><\/a><figcaption id=\"caption-attachment-2234\" class=\"wp-caption-text\">Die passende Bruststeigklemme.<\/figcaption><\/figure>\n","protected":false},"excerpt":{"rendered":"<p>Hochwertiger und preiswerter H\u00f6henarbeiter Gurt. 3 Aufh\u00e4ngepunkte und 2 Positionierungs\u00f6sen, sowie leichtg\u00e4ngige Verstell Schnallen.<\/p>\n<p>Erh\u00e4ltlich in 3 Gr\u00f6\u00dfen.<\/p>\n<p>Versandkostenfrei bis 2kg in <img decoding=\"async\" class=\"emoji\" role=\"img\" draggable=\"false\" src=\"https:\/\/s.w.org\/images\/core\/emoji\/14.0.0\/svg\/1f1e6-1f1f9.svg\" alt=\"\ud83c\udde6\ud83c\uddf9\" \/> ab \u20ac 100,- und <img decoding=\"async\" class=\"emoji\" role=\"img\" draggable=\"false\" src=\"https:\/\/s.w.org\/images\/core\/emoji\/14.0.0\/svg\/1f1e9-1f1ea.svg\" alt=\"\ud83c\udde9\ud83c\uddea\" \/> ab \u20ac 200,-!<\/p>\n","protected":false},"featured_media":15967,"comment_status":"closed","ping_status":"closed","template":"","meta":[],"product_brand":[],"product_cat":[14513,14689,12141],"product_tag":[],"class_list":{"0":"post-15959","1":"product","2":"type-product","3":"status-publish","4":"has-post-thumbnail","6":"product_cat-industriekletter-ausruestung","7":"product_cat-industrieklettergurt","8":"product_cat-singing-rock","10":"first","11":"instock","12":"taxable","13":"shipping-taxable","14":"purchasable","15":"product-type-variable"},"yoast_head":"<!-- This site is optimized with the Yoast SEO Premium plugin v26.9 (Yoast SEO v26.9) - https:\/\/yoast.com\/product\/yoast-seo-premium-wordpress\/ -->\n<title>Singing Rock Technic Standard | bolting.eu<\/title>\n<meta name=\"robots\" content=\"index, follow, max-snippet:-1, max-image-preview:large, max-video-preview:-1\" \/>\n<link rel=\"canonical\" href=\"https:\/\/bolting.eu\/en\/shop\/singing-rock-technic-standard\/\" \/>\n<meta property=\"og:locale\" content=\"en_US\" \/>\n<meta property=\"og:type\" content=\"article\" \/>\n<meta property=\"og:title\" content=\"Singing Rock Technic Standard\" \/>\n<meta property=\"og:description\" content=\"Hochwertiger und preiswerter H\u00f6henarbeiter Gurt. 3 Aufh\u00e4ngepunkte und 2 Positionierungs\u00f6sen, sowie leichtg\u00e4ngige Verstell Schnallen.  Erh\u00e4ltlich in 3 Gr\u00f6\u00dfen.  Versandkostenfrei bis 2kg in ab \u20ac 100,- und ab \u20ac 200,-!\" \/>\n<meta property=\"og:url\" content=\"https:\/\/bolting.eu\/en\/shop\/singing-rock-technic-standard\/\" \/>\n<meta property=\"og:site_name\" content=\"bolting.eu\" \/>\n<meta property=\"article:publisher\" content=\"https:\/\/www.facebook.com\/bolting.eu\" \/>\n<meta property=\"article:modified_time\" content=\"2026-02-25T12:22:54+00:00\" \/>\n<meta property=\"og:image\" content=\"https:\/\/bolting.eu\/wp-content\/uploads\/2023\/05\/Singing-Rock-Technic-Standrad-1.jpg\" \/>\n\t<meta property=\"og:image:width\" content=\"700\" \/>\n\t<meta property=\"og:image:height\" content=\"700\" \/>\n\t<meta property=\"og:image:type\" content=\"image\/jpeg\" \/>\n<meta name=\"twitter:card\" content=\"summary_large_image\" \/>\n<meta name=\"twitter:label1\" content=\"Availability\" \/>\n\t<meta name=\"twitter:data1\" content=\"In stock\" \/>\n<script type=\"application\/ld+json\" class=\"yoast-schema-graph\">{\"@context\":\"https:\/\/schema.org\",\"@graph\":[{\"@type\":[\"WebPage\",\"ItemPage\"],\"@id\":\"https:\/\/bolting.eu\/en\/shop\/singing-rock-technic-standard\/\",\"url\":\"https:\/\/bolting.eu\/en\/shop\/singing-rock-technic-standard\/\",\"name\":\"Singing Rock Technic Standard | bolting.eu\",\"isPartOf\":{\"@id\":\"https:\/\/bolting.eu\/en\/#website\"},\"primaryImageOfPage\":{\"@id\":\"https:\/\/bolting.eu\/en\/shop\/singing-rock-technic-standard\/#primaryimage\"},\"image\":{\"@id\":\"https:\/\/bolting.eu\/en\/shop\/singing-rock-technic-standard\/#primaryimage\"},\"thumbnailUrl\":\"https:\/\/bolting.eu\/wp-content\/uploads\/2023\/05\/Singing-Rock-Technic-Standrad-1.jpg\",\"datePublished\":\"2023-05-31T06:42:43+00:00\",\"dateModified\":\"2026-02-25T12:22:54+00:00\",\"breadcrumb\":{\"@id\":\"https:\/\/bolting.eu\/en\/shop\/singing-rock-technic-standard\/#breadcrumb\"},\"inLanguage\":\"en-US\",\"potentialAction\":[{\"@type\":\"ReadAction\",\"target\":[\"https:\/\/bolting.eu\/en\/shop\/singing-rock-technic-standard\/\"]}]},{\"@type\":\"ImageObject\",\"inLanguage\":\"en-US\",\"@id\":\"https:\/\/bolting.eu\/en\/shop\/singing-rock-technic-standard\/#primaryimage\",\"url\":\"https:\/\/bolting.eu\/wp-content\/uploads\/2023\/05\/Singing-Rock-Technic-Standrad-1.jpg\",\"contentUrl\":\"https:\/\/bolting.eu\/wp-content\/uploads\/2023\/05\/Singing-Rock-Technic-Standrad-1.jpg\",\"width\":700,\"height\":700,\"caption\":\"Schwarzer Singing Rock Technic Standard H\u00f6henarbeiter Gurt aufrecht in wei\u00dfem Quadrat.\"},{\"@type\":\"BreadcrumbList\",\"@id\":\"https:\/\/bolting.eu\/en\/shop\/singing-rock-technic-standard\/#breadcrumb\",\"itemListElement\":[{\"@type\":\"ListItem\",\"position\":1,\"name\":\"Shop\",\"item\":\"https:\/\/bolting.eu\/en\/shop\/\"},{\"@type\":\"ListItem\",\"position\":2,\"name\":\"Industrial climbing gear\",\"item\":\"https:\/\/bolting.eu\/en\/produkt-kategorie\/industrial-climbing-gear\/\"},{\"@type\":\"ListItem\",\"position\":3,\"name\":\"Industrieklettergurt\",\"item\":\"https:\/\/bolting.eu\/produkt-kategorie\/industriekletter-ausruestung\/industrieklettergurt\/\"},{\"@type\":\"ListItem\",\"position\":4,\"name\":\"Singing Rock Technic Standard\"}]},{\"@type\":\"WebSite\",\"@id\":\"https:\/\/bolting.eu\/en\/#website\",\"url\":\"https:\/\/bolting.eu\/en\/\",\"name\":\"bolting.eu\",\"description\":\"we make climbs happen\",\"publisher\":{\"@id\":\"https:\/\/bolting.eu\/en\/#organization\"},\"potentialAction\":[{\"@type\":\"SearchAction\",\"target\":{\"@type\":\"EntryPoint\",\"urlTemplate\":\"https:\/\/bolting.eu\/en\/?s={search_term_string}\"},\"query-input\":{\"@type\":\"PropertyValueSpecification\",\"valueRequired\":true,\"valueName\":\"search_term_string\"}}],\"inLanguage\":\"en-US\"},{\"@type\":[\"Organization\",\"Place\",\"SportingGoodsStore\"],\"@id\":\"https:\/\/bolting.eu\/en\/#organization\",\"name\":\"bolting.eu\",\"url\":\"https:\/\/bolting.eu\/en\/\",\"logo\":{\"@id\":\"https:\/\/bolting.eu\/en\/shop\/singing-rock-technic-standard\/#local-main-organization-logo\"},\"image\":{\"@id\":\"https:\/\/bolting.eu\/en\/shop\/singing-rock-technic-standard\/#local-main-organization-logo\"},\"sameAs\":[\"https:\/\/www.facebook.com\/bolting.eu\",\"https:\/\/www.instagram.com\/bolting.eu\/\"],\"address\":{\"@id\":\"https:\/\/bolting.eu\/en\/shop\/singing-rock-technic-standard\/#local-main-place-address\"},\"geo\":{\"@type\":\"GeoCoordinates\",\"latitude\":\"47.264176340396226\",\"longitude\":\"11.380109057672346\"},\"telephone\":[\"+43 699 19083372\"],\"openingHoursSpecification\":[{\"@type\":\"OpeningHoursSpecification\",\"dayOfWeek\":[\"Monday\",\"Wednesday\",\"Friday\"],\"opens\":\"14:00\",\"closes\":\"18:00\"},{\"@type\":\"OpeningHoursSpecification\",\"dayOfWeek\":[\"Tuesday\",\"Thursday\",\"Saturday\",\"Sunday\"],\"opens\":\"00:00\",\"closes\":\"00:00\"}],\"email\":\"office@bolting.eu\",\"vatID\":\"ATU59999728\",\"priceRange\":\"$$\",\"currenciesAccepted\":\"Euro\"},{\"@type\":\"PostalAddress\",\"@id\":\"https:\/\/bolting.eu\/en\/shop\/singing-rock-technic-standard\/#local-main-place-address\",\"streetAddress\":\"Fischnalerstra\u00dfe 4\",\"addressLocality\":\"Innsbruck\",\"postalCode\":\"6020\",\"addressRegion\":\"Tirol\",\"addressCountry\":\"AT\"},{\"@type\":\"ImageObject\",\"inLanguage\":\"en-US\",\"@id\":\"https:\/\/bolting.eu\/en\/shop\/singing-rock-technic-standard\/#local-main-organization-logo\",\"url\":\"https:\/\/bolting.eu\/wp-content\/uploads\/2019\/09\/bolting-logo.png\",\"contentUrl\":\"https:\/\/bolting.eu\/wp-content\/uploads\/2019\/09\/bolting-logo.png\",\"width\":400,\"height\":211,\"caption\":\"bolting.eu\"}]}<\/script>\n<meta property=\"og:availability\" content=\"instock\" \/>\n<meta property=\"product:availability\" content=\"instock\" \/>\n<meta property=\"product:condition\" content=\"new\" \/>\n<meta name=\"geo.placename\" content=\"Innsbruck\" \/>\n<meta name=\"geo.position\" content=\"47.264176340396226;11.380109057672346\" \/>\n<meta name=\"geo.region\" content=\"Austria\" \/>\n<!-- \/ Yoast SEO Premium plugin. -->","yoast_head_json":{"title":"Singing Rock Technic Standard | bolting.eu","robots":{"index":"index","follow":"follow","max-snippet":"max-snippet:-1","max-image-preview":"max-image-preview:large","max-video-preview":"max-video-preview:-1"},"canonical":"https:\/\/bolting.eu\/en\/shop\/singing-rock-technic-standard\/","og_locale":"en_US","og_type":"article","og_title":"Singing Rock Technic Standard","og_description":"Hochwertiger und preiswerter H\u00f6henarbeiter Gurt. 3 Aufh\u00e4ngepunkte und 2 Positionierungs\u00f6sen, sowie leichtg\u00e4ngige Verstell Schnallen.  Erh\u00e4ltlich in 3 Gr\u00f6\u00dfen.  Versandkostenfrei bis 2kg in ab \u20ac 100,- und ab \u20ac 200,-!","og_url":"https:\/\/bolting.eu\/en\/shop\/singing-rock-technic-standard\/","og_site_name":"bolting.eu","article_publisher":"https:\/\/www.facebook.com\/bolting.eu","article_modified_time":"2026-02-25T12:22:54+00:00","og_image":[{"width":700,"height":700,"url":"https:\/\/bolting.eu\/wp-content\/uploads\/2023\/05\/Singing-Rock-Technic-Standrad-1.jpg","type":"image\/jpeg"}],"twitter_card":"summary_large_image","twitter_misc":{"Availability":"In stock"},"schema":{"@context":"https:\/\/schema.org","@graph":[{"@type":["WebPage","ItemPage"],"@id":"https:\/\/bolting.eu\/en\/shop\/singing-rock-technic-standard\/","url":"https:\/\/bolting.eu\/en\/shop\/singing-rock-technic-standard\/","name":"Singing Rock Technic Standard | bolting.eu","isPartOf":{"@id":"https:\/\/bolting.eu\/en\/#website"},"primaryImageOfPage":{"@id":"https:\/\/bolting.eu\/en\/shop\/singing-rock-technic-standard\/#primaryimage"},"image":{"@id":"https:\/\/bolting.eu\/en\/shop\/singing-rock-technic-standard\/#primaryimage"},"thumbnailUrl":"https:\/\/bolting.eu\/wp-content\/uploads\/2023\/05\/Singing-Rock-Technic-Standrad-1.jpg","datePublished":"2023-05-31T06:42:43+00:00","dateModified":"2026-02-25T12:22:54+00:00","breadcrumb":{"@id":"https:\/\/bolting.eu\/en\/shop\/singing-rock-technic-standard\/#breadcrumb"},"inLanguage":"en-US","potentialAction":[{"@type":"ReadAction","target":["https:\/\/bolting.eu\/en\/shop\/singing-rock-technic-standard\/"]}]},{"@type":"ImageObject","inLanguage":"en-US","@id":"https:\/\/bolting.eu\/en\/shop\/singing-rock-technic-standard\/#primaryimage","url":"https:\/\/bolting.eu\/wp-content\/uploads\/2023\/05\/Singing-Rock-Technic-Standrad-1.jpg","contentUrl":"https:\/\/bolting.eu\/wp-content\/uploads\/2023\/05\/Singing-Rock-Technic-Standrad-1.jpg","width":700,"height":700,"caption":"Schwarzer Singing Rock Technic Standard H\u00f6henarbeiter Gurt aufrecht in wei\u00dfem Quadrat."},{"@type":"BreadcrumbList","@id":"https:\/\/bolting.eu\/en\/shop\/singing-rock-technic-standard\/#breadcrumb","itemListElement":[{"@type":"ListItem","position":1,"name":"Shop","item":"https:\/\/bolting.eu\/en\/shop\/"},{"@type":"ListItem","position":2,"name":"Industrial climbing gear","item":"https:\/\/bolting.eu\/en\/produkt-kategorie\/industrial-climbing-gear\/"},{"@type":"ListItem","position":3,"name":"Industrieklettergurt","item":"https:\/\/bolting.eu\/produkt-kategorie\/industriekletter-ausruestung\/industrieklettergurt\/"},{"@type":"ListItem","position":4,"name":"Singing Rock Technic Standard"}]},{"@type":"WebSite","@id":"https:\/\/bolting.eu\/en\/#website","url":"https:\/\/bolting.eu\/en\/","name":"bolting.eu","description":"we make climbs happen","publisher":{"@id":"https:\/\/bolting.eu\/en\/#organization"},"potentialAction":[{"@type":"SearchAction","target":{"@type":"EntryPoint","urlTemplate":"https:\/\/bolting.eu\/en\/?s={search_term_string}"},"query-input":{"@type":"PropertyValueSpecification","valueRequired":true,"valueName":"search_term_string"}}],"inLanguage":"en-US"},{"@type":["Organization","Place","SportingGoodsStore"],"@id":"https:\/\/bolting.eu\/en\/#organization","name":"bolting.eu","url":"https:\/\/bolting.eu\/en\/","logo":{"@id":"https:\/\/bolting.eu\/en\/shop\/singing-rock-technic-standard\/#local-main-organization-logo"},"image":{"@id":"https:\/\/bolting.eu\/en\/shop\/singing-rock-technic-standard\/#local-main-organization-logo"},"sameAs":["https:\/\/www.facebook.com\/bolting.eu","https:\/\/www.instagram.com\/bolting.eu\/"],"address":{"@id":"https:\/\/bolting.eu\/en\/shop\/singing-rock-technic-standard\/#local-main-place-address"},"geo":{"@type":"GeoCoordinates","latitude":"47.264176340396226","longitude":"11.380109057672346"},"telephone":["+43 699 19083372"],"openingHoursSpecification":[{"@type":"OpeningHoursSpecification","dayOfWeek":["Monday","Wednesday","Friday"],"opens":"14:00","closes":"18:00"},{"@type":"OpeningHoursSpecification","dayOfWeek":["Tuesday","Thursday","Saturday","Sunday"],"opens":"00:00","closes":"00:00"}],"email":"office@bolting.eu","vatID":"ATU59999728","priceRange":"$$","currenciesAccepted":"Euro"},{"@type":"PostalAddress","@id":"https:\/\/bolting.eu\/en\/shop\/singing-rock-technic-standard\/#local-main-place-address","streetAddress":"Fischnalerstra\u00dfe 4","addressLocality":"Innsbruck","postalCode":"6020","addressRegion":"Tirol","addressCountry":"AT"},{"@type":"ImageObject","inLanguage":"en-US","@id":"https:\/\/bolting.eu\/en\/shop\/singing-rock-technic-standard\/#local-main-organization-logo","url":"https:\/\/bolting.eu\/wp-content\/uploads\/2019\/09\/bolting-logo.png","contentUrl":"https:\/\/bolting.eu\/wp-content\/uploads\/2019\/09\/bolting-logo.png","width":400,"height":211,"caption":"bolting.eu"}]},"og_availability":"instock","product_availability":"instock","product_condition":"new","geo.placename":"Innsbruck","geo.position":{"lat":"47.264176340396226","long":"11.380109057672346"},"geo.region":"Austria"},"_links":{"self":[{"href":"https:\/\/bolting.eu\/en\/wp-json\/wp\/v2\/product\/15959","targetHints":{"allow":["GET"]}}],"collection":[{"href":"https:\/\/bolting.eu\/en\/wp-json\/wp\/v2\/product"}],"about":[{"href":"https:\/\/bolting.eu\/en\/wp-json\/wp\/v2\/types\/product"}],"replies":[{"embeddable":true,"href":"https:\/\/bolting.eu\/en\/wp-json\/wp\/v2\/comments?post=15959"}],"wp:featuredmedia":[{"embeddable":true,"href":"https:\/\/bolting.eu\/en\/wp-json\/wp\/v2\/media\/15967"}],"wp:attachment":[{"href":"https:\/\/bolting.eu\/en\/wp-json\/wp\/v2\/media?parent=15959"}],"wp:term":[{"taxonomy":"product_brand","embeddable":true,"href":"https:\/\/bolting.eu\/en\/wp-json\/wp\/v2\/product_brand?post=15959"},{"taxonomy":"product_cat","embeddable":true,"href":"https:\/\/bolting.eu\/en\/wp-json\/wp\/v2\/product_cat?post=15959"},{"taxonomy":"product_tag","embeddable":true,"href":"https:\/\/bolting.eu\/en\/wp-json\/wp\/v2\/product_tag?post=15959"}],"curies":[{"name":"wp","href":"https:\/\/api.w.org\/{rel}","templated":true}]}}