{"id":15951,"date":"2023-05-30T15:35:57","date_gmt":"2023-05-30T13:35:57","guid":{"rendered":"https:\/\/bolting.eu\/?post_type=product&#038;p=15951"},"modified":"2026-04-29T14:42:01","modified_gmt":"2026-04-29T12:42:01","slug":"rock-empire-belt-equip-klettergurt-xxxl","status":"publish","type":"product","link":"https:\/\/bolting.eu\/en\/shop\/rock-empire-belt-equip-klettergurt-xxxl\/","title":{"rendered":"Rock Empire Belt Equip &#8211; Klettergurt XXXL"},"content":{"rendered":"<p>Der Rock Empire Belt Equip ist ein Klettergurt XXXL. Denn er kann bis zu einem H\u00fcftumfang von 130cm und Beinumfang von 75cm verstellt werden. Das macht ihn zu einem perfekten Begleiter f\u00fcr alle Personen, die extrem gro\u00df sind.<\/p>\n<p>Um einen idealen Sitz zu gew\u00e4hrleisten, hat dieses Produkt diese Eigenschaften.<\/p>\n<p>Zum einen besitzt das Modell zwei Schnallen am H\u00fcftband. Somit kann man es immer sch\u00f6n &#8220;mittig&#8221; stellen. Und zum anderen kann man die Beinschlaufen ebenso verstellen. In Kombination mit der sehr breiten Bauweisen, sorgt das f\u00fcr den n\u00f6tigen Komfort. Die sechs Materialschlaufen f\u00fcr <a href=\"https:\/\/bolting.eu\/kletterausruestung\/\">Kletterausr\u00fcstung<\/a> lassen keine W\u00fcnsche hinsichtlich Materialmitnahme offen.<\/p>\n<p>Wer also extrem gro\u00df ist, findet hier nicht nur einen Gurt indem man einfach nur &#8220;rein passt&#8221;. Man bekommt auch den passenden Tragekomfort wenn man sich darin bewegt und rastet.<\/p>\n<h2>Eigenschaften Rock Empire Belt Equip<\/h2>\n<ul>\n<li>Klettergurt XXXL<\/li>\n<li>H\u00fcftumfang: 83 &#8211; 130cm<\/li>\n<li>Beinumfang: 55 &#8211; 75cm<\/li>\n<li>Normen: EN 358 (bis 150kg), EN 813 (bis 100kg)<\/li>\n<li>Gewicht: 707 Gramm<\/li>\n<li>H\u00fcftschlaufe mit 2 Schnallen<\/li>\n<li>Beinschlaufen je 1 Schnalle<\/li>\n<li>sehr breite Ausf\u00fchrung<\/li>\n<li>guter Komfort beim Tragen und Rasten<\/li>\n<li>6 Materialschlaufen<\/li>\n<li>Aufh\u00e4ngeschlaufe hinten<\/li>\n<li><a href=\"https:\/\/www.rockempire.cz\/sites\/default\/files\/1186\/navod_text_uvazky_es_0.pdf\" target=\"_blank\" rel=\"noopener\">Bedienungsanleitung<\/a><\/li>\n<\/ul>\n<h3>DER Klettergurt in XXXL<\/h3>\n<p>Wir haben im Laufe der Zeit viele Anfragen von extrem gro\u00dfen Personen bzgl. passenden Modellen erhalten. Deshalb haben wir uns intensiv auf die Suche nach einer idealen L\u00f6sung gemacht.<\/p>\n<p>Gefunden haben wir sie beim Bergsportspezialisten Rock Empire in Tschechien. Denn hier gibt es mit diesem Modell seit 2023 eine ad\u00e4quate L\u00f6sung.<\/p>\n<p>Der Belt Equip ist derzeit das einzige Modell in diese Gr\u00f6\u00dfenkategorie unserer Recherche nach. Wir sind stolz darauf, damit bereits vielen verzweifelten Kunden geholfen zu haben.<\/p>\n<p>Gr\u00f6\u00dfer als gro\u00df!<\/p>\n<p>Dieses Modell geht nochmals \u00fcber die Gr\u00f6\u00dfen unserer <a href=\"https:\/\/bolting.eu\/produkt-kategorie\/kletterausruestung\/klettergurte\/klettergurt-xxl\/\">XXL Klettergurte<\/a> hinaus. Er bietet noch weitere H\u00fcft- und Beinschlaufen als die Singing Rock Modelle <a href=\"https:\/\/bolting.eu\/shop\/singing-rock-klettergurt-rob-xxl\/\">Rob<\/a>, <a href=\"https:\/\/bolting.eu\/shop\/singing-rock-ray-klettergurt-xxl\/\">Ray<\/a>, <a href=\"https:\/\/bolting.eu\/shop\/singing-rock-versa-klettergurt-l-xxl\/\">Versa<\/a>, <a href=\"https:\/\/bolting.eu\/shop\/singing-rock-garnet-klettergurt-xxl\/\">Garnet<\/a> und <a href=\"https:\/\/bolting.eu\/shop\/singing-rock-dome-big-wall-gurt\/\">Dome<\/a>.<\/p>\n<h3>Guter Komfort beim Tragen und Rasten<\/h3>\n<p>Der Belt Equip von Rock Empire bietet einen sehr guten Komfort beim Tragen und Rasten. Denn der Klettergurt in XXXL hat &#8211; f\u00fcr seine Dimensionen &#8211; immer noch vern\u00fcnftig breite B\u00e4nder.<\/p>\n<p>D.h. die H\u00fcftschlaufe und die Beinschlaufen sind zwar super angenehm breit, aber nicht zu breit. Man kann sich darin am Klettersteig oder beim Klettern wesentlich besser bewegen als in allen H\u00f6henarbeiter Gurten.<\/p>\n<p>Zudem ist die Polsterung ordentlich ausgef\u00fchrt und atmungsaktiv.<\/p>\n<p>&nbsp;<\/p>\n","protected":false},"excerpt":{"rendered":"<p>Klettergurt XXXL mit H\u00fcftumfang bis 130cm und Beinumfang bis 75cm.<\/p>\n<p>Zwei Schnallen erlauben &#8220;mittiges&#8221; einstellen des H\u00fcftbandes. Sehr guter Komfort beim Tragen und Rasten.<\/p>\n<p>Versandkostenfrei bis 2kg in <img decoding=\"async\" class=\"emoji\" role=\"img\" draggable=\"false\" src=\"https:\/\/s.w.org\/images\/core\/emoji\/14.0.0\/svg\/1f1e6-1f1f9.svg\" alt=\"\ud83c\udde6\ud83c\uddf9\" \/> ab \u20ac 100,- und <img decoding=\"async\" class=\"emoji\" role=\"img\" draggable=\"false\" src=\"https:\/\/s.w.org\/images\/core\/emoji\/14.0.0\/svg\/1f1e9-1f1ea.svg\" alt=\"\ud83c\udde9\ud83c\uddea\" \/> ab \u20ac 200,- \u2705\u00a0 Trusted Shops zertifiziert<\/p>\n","protected":false},"featured_media":15955,"comment_status":"closed","ping_status":"closed","template":"","meta":[],"product_brand":[],"product_cat":[29,14060,6359],"product_tag":[],"class_list":{"0":"post-15951","1":"product","2":"type-product","3":"status-publish","4":"has-post-thumbnail","6":"product_cat-kletterausruestung","7":"product_cat-klettergurt-xxl","8":"product_cat-klettergurte","10":"first","11":"instock","12":"taxable","13":"shipping-taxable","14":"purchasable","15":"product-type-simple"},"yoast_head":"<!-- This site is optimized with the Yoast SEO Premium plugin v26.9 (Yoast SEO v26.9) - https:\/\/yoast.com\/product\/yoast-seo-premium-wordpress\/ -->\n<title>Rock Empire Belt Equip - Klettergurt XXXL | bolting.eu<\/title>\n<meta name=\"description\" content=\"Rock Empire Belt Equip Klettergurt XXXL beim Kletterprofi kaufen \u2705 Trusted Shops \u2705 kostenloser Versand* \u2705 14 Tage R\u00fcckgaberecht \u2705 Co2 neutraler Versand\" \/>\n<meta name=\"robots\" content=\"index, follow, max-snippet:-1, max-image-preview:large, max-video-preview:-1\" \/>\n<link rel=\"canonical\" href=\"https:\/\/bolting.eu\/en\/shop\/rock-empire-belt-equip-klettergurt-xxxl\/\" \/>\n<meta property=\"og:locale\" content=\"en_US\" \/>\n<meta property=\"og:type\" content=\"article\" \/>\n<meta property=\"og:title\" content=\"Rock Empire Belt Equip - Klettergurt XXXL\" \/>\n<meta property=\"og:description\" content=\"Rock Empire Belt Equip Klettergurt XXXL beim Kletterprofi kaufen \u2705 Trusted Shops \u2705 kostenloser Versand* \u2705 14 Tage R\u00fcckgaberecht \u2705 Co2 neutraler Versand\" \/>\n<meta property=\"og:url\" content=\"https:\/\/bolting.eu\/en\/shop\/rock-empire-belt-equip-klettergurt-xxxl\/\" \/>\n<meta property=\"og:site_name\" content=\"bolting.eu\" \/>\n<meta property=\"article:publisher\" content=\"https:\/\/www.facebook.com\/bolting.eu\" \/>\n<meta property=\"article:modified_time\" content=\"2026-04-29T12:42:01+00:00\" \/>\n<meta property=\"og:image\" content=\"https:\/\/bolting.eu\/wp-content\/uploads\/2023\/05\/Belt-Equip-Klettergurt-Uebergroesse-1.jpg\" \/>\n\t<meta property=\"og:image:width\" content=\"700\" \/>\n\t<meta property=\"og:image:height\" content=\"700\" \/>\n\t<meta property=\"og:image:type\" content=\"image\/jpeg\" \/>\n<meta name=\"twitter:card\" content=\"summary_large_image\" \/>\n<meta name=\"twitter:label1\" content=\"Price\" \/>\n\t<meta name=\"twitter:data1\" content=\"&euro;&nbsp;149,90\" \/>\n\t<meta name=\"twitter:label2\" content=\"Availability\" \/>\n\t<meta name=\"twitter:data2\" content=\"In stock\" \/>\n<script type=\"application\/ld+json\" class=\"yoast-schema-graph\">{\"@context\":\"https:\/\/schema.org\",\"@graph\":[{\"@type\":[\"WebPage\",\"ItemPage\"],\"@id\":\"https:\/\/bolting.eu\/en\/shop\/rock-empire-belt-equip-klettergurt-xxxl\/\",\"url\":\"https:\/\/bolting.eu\/en\/shop\/rock-empire-belt-equip-klettergurt-xxxl\/\",\"name\":\"Rock Empire Belt Equip - Klettergurt XXXL | bolting.eu\",\"isPartOf\":{\"@id\":\"https:\/\/bolting.eu\/en\/#website\"},\"primaryImageOfPage\":{\"@id\":\"https:\/\/bolting.eu\/en\/shop\/rock-empire-belt-equip-klettergurt-xxxl\/#primaryimage\"},\"image\":{\"@id\":\"https:\/\/bolting.eu\/en\/shop\/rock-empire-belt-equip-klettergurt-xxxl\/#primaryimage\"},\"thumbnailUrl\":\"https:\/\/bolting.eu\/wp-content\/uploads\/2023\/05\/Belt-Equip-Klettergurt-Uebergroesse-1.jpg\",\"datePublished\":\"2023-05-30T13:35:57+00:00\",\"dateModified\":\"2026-04-29T12:42:01+00:00\",\"description\":\"Rock Empire Belt Equip Klettergurt XXXL beim Kletterprofi kaufen \u2705 Trusted Shops \u2705 kostenloser Versand* \u2705 14 Tage R\u00fcckgaberecht \u2705 Co2 neutraler Versand\",\"breadcrumb\":{\"@id\":\"https:\/\/bolting.eu\/en\/shop\/rock-empire-belt-equip-klettergurt-xxxl\/#breadcrumb\"},\"inLanguage\":\"en-US\",\"potentialAction\":[{\"@type\":\"ReadAction\",\"target\":[\"https:\/\/bolting.eu\/en\/shop\/rock-empire-belt-equip-klettergurt-xxxl\/\"]}]},{\"@type\":\"ImageObject\",\"inLanguage\":\"en-US\",\"@id\":\"https:\/\/bolting.eu\/en\/shop\/rock-empire-belt-equip-klettergurt-xxxl\/#primaryimage\",\"url\":\"https:\/\/bolting.eu\/wp-content\/uploads\/2023\/05\/Belt-Equip-Klettergurt-Uebergroesse-1.jpg\",\"contentUrl\":\"https:\/\/bolting.eu\/wp-content\/uploads\/2023\/05\/Belt-Equip-Klettergurt-Uebergroesse-1.jpg\",\"width\":700,\"height\":700,\"caption\":\"Schwarz-oranger Rock Empire Belt Equip Klettergurt XXL.\"},{\"@type\":\"BreadcrumbList\",\"@id\":\"https:\/\/bolting.eu\/en\/shop\/rock-empire-belt-equip-klettergurt-xxxl\/#breadcrumb\",\"itemListElement\":[{\"@type\":\"ListItem\",\"position\":1,\"name\":\"Shop\",\"item\":\"https:\/\/bolting.eu\/en\/shop\/\"},{\"@type\":\"ListItem\",\"position\":2,\"name\":\"climbing equipment\",\"item\":\"https:\/\/bolting.eu\/en\/produkt-kategorie\/climbing-equipment\/\"},{\"@type\":\"ListItem\",\"position\":3,\"name\":\"Klettergurte\",\"item\":\"https:\/\/bolting.eu\/produkt-kategorie\/kletterausruestung\/klettergurte\/\"},{\"@type\":\"ListItem\",\"position\":4,\"name\":\"Rock Empire Belt Equip &#8211; Klettergurt XXXL\"}]},{\"@type\":\"WebSite\",\"@id\":\"https:\/\/bolting.eu\/en\/#website\",\"url\":\"https:\/\/bolting.eu\/en\/\",\"name\":\"bolting.eu\",\"description\":\"we make climbs happen\",\"publisher\":{\"@id\":\"https:\/\/bolting.eu\/en\/#organization\"},\"potentialAction\":[{\"@type\":\"SearchAction\",\"target\":{\"@type\":\"EntryPoint\",\"urlTemplate\":\"https:\/\/bolting.eu\/en\/?s={search_term_string}\"},\"query-input\":{\"@type\":\"PropertyValueSpecification\",\"valueRequired\":true,\"valueName\":\"search_term_string\"}}],\"inLanguage\":\"en-US\"},{\"@type\":[\"Organization\",\"Place\",\"SportingGoodsStore\"],\"@id\":\"https:\/\/bolting.eu\/en\/#organization\",\"name\":\"bolting.eu\",\"url\":\"https:\/\/bolting.eu\/en\/\",\"logo\":{\"@id\":\"https:\/\/bolting.eu\/en\/shop\/rock-empire-belt-equip-klettergurt-xxxl\/#local-main-organization-logo\"},\"image\":{\"@id\":\"https:\/\/bolting.eu\/en\/shop\/rock-empire-belt-equip-klettergurt-xxxl\/#local-main-organization-logo\"},\"sameAs\":[\"https:\/\/www.facebook.com\/bolting.eu\",\"https:\/\/www.instagram.com\/bolting.eu\/\"],\"address\":{\"@id\":\"https:\/\/bolting.eu\/en\/shop\/rock-empire-belt-equip-klettergurt-xxxl\/#local-main-place-address\"},\"geo\":{\"@type\":\"GeoCoordinates\",\"latitude\":\"47.264176340396226\",\"longitude\":\"11.380109057672346\"},\"telephone\":[\"+43 699 19083372\"],\"openingHoursSpecification\":[{\"@type\":\"OpeningHoursSpecification\",\"dayOfWeek\":[\"Monday\",\"Wednesday\",\"Friday\"],\"opens\":\"14:00\",\"closes\":\"18:00\"},{\"@type\":\"OpeningHoursSpecification\",\"dayOfWeek\":[\"Tuesday\",\"Thursday\",\"Saturday\",\"Sunday\"],\"opens\":\"00:00\",\"closes\":\"00:00\"}],\"email\":\"office@bolting.eu\",\"vatID\":\"ATU59999728\",\"priceRange\":\"$$\",\"currenciesAccepted\":\"Euro\"},{\"@type\":\"PostalAddress\",\"@id\":\"https:\/\/bolting.eu\/en\/shop\/rock-empire-belt-equip-klettergurt-xxxl\/#local-main-place-address\",\"streetAddress\":\"Fischnalerstra\u00dfe 4\",\"addressLocality\":\"Innsbruck\",\"postalCode\":\"6020\",\"addressRegion\":\"Tirol\",\"addressCountry\":\"AT\"},{\"@type\":\"ImageObject\",\"inLanguage\":\"en-US\",\"@id\":\"https:\/\/bolting.eu\/en\/shop\/rock-empire-belt-equip-klettergurt-xxxl\/#local-main-organization-logo\",\"url\":\"https:\/\/bolting.eu\/wp-content\/uploads\/2019\/09\/bolting-logo.png\",\"contentUrl\":\"https:\/\/bolting.eu\/wp-content\/uploads\/2019\/09\/bolting-logo.png\",\"width\":400,\"height\":211,\"caption\":\"bolting.eu\"}]}<\/script>\n<meta property=\"product:price:amount\" content=\"149.90\" \/>\n<meta property=\"product:price:currency\" content=\"EUR\" \/>\n<meta property=\"og:availability\" content=\"instock\" \/>\n<meta property=\"product:availability\" content=\"instock\" \/>\n<meta property=\"product:retailer_item_id\" content=\"CUE001\" \/>\n<meta property=\"product:condition\" content=\"new\" \/>\n<meta name=\"geo.placename\" content=\"Innsbruck\" \/>\n<meta name=\"geo.position\" content=\"47.264176340396226;11.380109057672346\" \/>\n<meta name=\"geo.region\" content=\"Austria\" \/>\n<!-- \/ Yoast SEO Premium plugin. -->","yoast_head_json":{"title":"Rock Empire Belt Equip - Klettergurt XXXL | bolting.eu","description":"Rock Empire Belt Equip Klettergurt XXXL beim Kletterprofi kaufen \u2705 Trusted Shops \u2705 kostenloser Versand* \u2705 14 Tage R\u00fcckgaberecht \u2705 Co2 neutraler Versand","robots":{"index":"index","follow":"follow","max-snippet":"max-snippet:-1","max-image-preview":"max-image-preview:large","max-video-preview":"max-video-preview:-1"},"canonical":"https:\/\/bolting.eu\/en\/shop\/rock-empire-belt-equip-klettergurt-xxxl\/","og_locale":"en_US","og_type":"article","og_title":"Rock Empire Belt Equip - Klettergurt XXXL","og_description":"Rock Empire Belt Equip Klettergurt XXXL beim Kletterprofi kaufen \u2705 Trusted Shops \u2705 kostenloser Versand* \u2705 14 Tage R\u00fcckgaberecht \u2705 Co2 neutraler Versand","og_url":"https:\/\/bolting.eu\/en\/shop\/rock-empire-belt-equip-klettergurt-xxxl\/","og_site_name":"bolting.eu","article_publisher":"https:\/\/www.facebook.com\/bolting.eu","article_modified_time":"2026-04-29T12:42:01+00:00","og_image":[{"width":700,"height":700,"url":"https:\/\/bolting.eu\/wp-content\/uploads\/2023\/05\/Belt-Equip-Klettergurt-Uebergroesse-1.jpg","type":"image\/jpeg"}],"twitter_card":"summary_large_image","twitter_misc":{"Price":"&euro;&nbsp;149,90","Availability":"In stock"},"schema":{"@context":"https:\/\/schema.org","@graph":[{"@type":["WebPage","ItemPage"],"@id":"https:\/\/bolting.eu\/en\/shop\/rock-empire-belt-equip-klettergurt-xxxl\/","url":"https:\/\/bolting.eu\/en\/shop\/rock-empire-belt-equip-klettergurt-xxxl\/","name":"Rock Empire Belt Equip - Klettergurt XXXL | bolting.eu","isPartOf":{"@id":"https:\/\/bolting.eu\/en\/#website"},"primaryImageOfPage":{"@id":"https:\/\/bolting.eu\/en\/shop\/rock-empire-belt-equip-klettergurt-xxxl\/#primaryimage"},"image":{"@id":"https:\/\/bolting.eu\/en\/shop\/rock-empire-belt-equip-klettergurt-xxxl\/#primaryimage"},"thumbnailUrl":"https:\/\/bolting.eu\/wp-content\/uploads\/2023\/05\/Belt-Equip-Klettergurt-Uebergroesse-1.jpg","datePublished":"2023-05-30T13:35:57+00:00","dateModified":"2026-04-29T12:42:01+00:00","description":"Rock Empire Belt Equip Klettergurt XXXL beim Kletterprofi kaufen \u2705 Trusted Shops \u2705 kostenloser Versand* \u2705 14 Tage R\u00fcckgaberecht \u2705 Co2 neutraler Versand","breadcrumb":{"@id":"https:\/\/bolting.eu\/en\/shop\/rock-empire-belt-equip-klettergurt-xxxl\/#breadcrumb"},"inLanguage":"en-US","potentialAction":[{"@type":"ReadAction","target":["https:\/\/bolting.eu\/en\/shop\/rock-empire-belt-equip-klettergurt-xxxl\/"]}]},{"@type":"ImageObject","inLanguage":"en-US","@id":"https:\/\/bolting.eu\/en\/shop\/rock-empire-belt-equip-klettergurt-xxxl\/#primaryimage","url":"https:\/\/bolting.eu\/wp-content\/uploads\/2023\/05\/Belt-Equip-Klettergurt-Uebergroesse-1.jpg","contentUrl":"https:\/\/bolting.eu\/wp-content\/uploads\/2023\/05\/Belt-Equip-Klettergurt-Uebergroesse-1.jpg","width":700,"height":700,"caption":"Schwarz-oranger Rock Empire Belt Equip Klettergurt XXL."},{"@type":"BreadcrumbList","@id":"https:\/\/bolting.eu\/en\/shop\/rock-empire-belt-equip-klettergurt-xxxl\/#breadcrumb","itemListElement":[{"@type":"ListItem","position":1,"name":"Shop","item":"https:\/\/bolting.eu\/en\/shop\/"},{"@type":"ListItem","position":2,"name":"climbing equipment","item":"https:\/\/bolting.eu\/en\/produkt-kategorie\/climbing-equipment\/"},{"@type":"ListItem","position":3,"name":"Klettergurte","item":"https:\/\/bolting.eu\/produkt-kategorie\/kletterausruestung\/klettergurte\/"},{"@type":"ListItem","position":4,"name":"Rock Empire Belt Equip &#8211; Klettergurt XXXL"}]},{"@type":"WebSite","@id":"https:\/\/bolting.eu\/en\/#website","url":"https:\/\/bolting.eu\/en\/","name":"bolting.eu","description":"we make climbs happen","publisher":{"@id":"https:\/\/bolting.eu\/en\/#organization"},"potentialAction":[{"@type":"SearchAction","target":{"@type":"EntryPoint","urlTemplate":"https:\/\/bolting.eu\/en\/?s={search_term_string}"},"query-input":{"@type":"PropertyValueSpecification","valueRequired":true,"valueName":"search_term_string"}}],"inLanguage":"en-US"},{"@type":["Organization","Place","SportingGoodsStore"],"@id":"https:\/\/bolting.eu\/en\/#organization","name":"bolting.eu","url":"https:\/\/bolting.eu\/en\/","logo":{"@id":"https:\/\/bolting.eu\/en\/shop\/rock-empire-belt-equip-klettergurt-xxxl\/#local-main-organization-logo"},"image":{"@id":"https:\/\/bolting.eu\/en\/shop\/rock-empire-belt-equip-klettergurt-xxxl\/#local-main-organization-logo"},"sameAs":["https:\/\/www.facebook.com\/bolting.eu","https:\/\/www.instagram.com\/bolting.eu\/"],"address":{"@id":"https:\/\/bolting.eu\/en\/shop\/rock-empire-belt-equip-klettergurt-xxxl\/#local-main-place-address"},"geo":{"@type":"GeoCoordinates","latitude":"47.264176340396226","longitude":"11.380109057672346"},"telephone":["+43 699 19083372"],"openingHoursSpecification":[{"@type":"OpeningHoursSpecification","dayOfWeek":["Monday","Wednesday","Friday"],"opens":"14:00","closes":"18:00"},{"@type":"OpeningHoursSpecification","dayOfWeek":["Tuesday","Thursday","Saturday","Sunday"],"opens":"00:00","closes":"00:00"}],"email":"office@bolting.eu","vatID":"ATU59999728","priceRange":"$$","currenciesAccepted":"Euro"},{"@type":"PostalAddress","@id":"https:\/\/bolting.eu\/en\/shop\/rock-empire-belt-equip-klettergurt-xxxl\/#local-main-place-address","streetAddress":"Fischnalerstra\u00dfe 4","addressLocality":"Innsbruck","postalCode":"6020","addressRegion":"Tirol","addressCountry":"AT"},{"@type":"ImageObject","inLanguage":"en-US","@id":"https:\/\/bolting.eu\/en\/shop\/rock-empire-belt-equip-klettergurt-xxxl\/#local-main-organization-logo","url":"https:\/\/bolting.eu\/wp-content\/uploads\/2019\/09\/bolting-logo.png","contentUrl":"https:\/\/bolting.eu\/wp-content\/uploads\/2019\/09\/bolting-logo.png","width":400,"height":211,"caption":"bolting.eu"}]},"product_price_amount":"149.90","product_price_currency":"EUR","og_availability":"instock","product_availability":"instock","product_retailer_item_id":"CUE001","product_condition":"new","geo.placename":"Innsbruck","geo.position":{"lat":"47.264176340396226","long":"11.380109057672346"},"geo.region":"Austria"},"_links":{"self":[{"href":"https:\/\/bolting.eu\/en\/wp-json\/wp\/v2\/product\/15951","targetHints":{"allow":["GET"]}}],"collection":[{"href":"https:\/\/bolting.eu\/en\/wp-json\/wp\/v2\/product"}],"about":[{"href":"https:\/\/bolting.eu\/en\/wp-json\/wp\/v2\/types\/product"}],"replies":[{"embeddable":true,"href":"https:\/\/bolting.eu\/en\/wp-json\/wp\/v2\/comments?post=15951"}],"wp:featuredmedia":[{"embeddable":true,"href":"https:\/\/bolting.eu\/en\/wp-json\/wp\/v2\/media\/15955"}],"wp:attachment":[{"href":"https:\/\/bolting.eu\/en\/wp-json\/wp\/v2\/media?parent=15951"}],"wp:term":[{"taxonomy":"product_brand","embeddable":true,"href":"https:\/\/bolting.eu\/en\/wp-json\/wp\/v2\/product_brand?post=15951"},{"taxonomy":"product_cat","embeddable":true,"href":"https:\/\/bolting.eu\/en\/wp-json\/wp\/v2\/product_cat?post=15951"},{"taxonomy":"product_tag","embeddable":true,"href":"https:\/\/bolting.eu\/en\/wp-json\/wp\/v2\/product_tag?post=15951"}],"curies":[{"name":"wp","href":"https:\/\/api.w.org\/{rel}","templated":true}]}}