{"id":15852,"date":"2023-05-15T12:02:21","date_gmt":"2023-05-15T10:02:21","guid":{"rendered":"https:\/\/bolting.eu\/?post_type=product&#038;p=15852"},"modified":"2025-09-19T07:20:22","modified_gmt":"2025-09-19T05:20:22","slug":"12mm-schwerlastduebel-2-expansionsgliedern","status":"publish","type":"product","link":"https:\/\/bolting.eu\/en\/shop\/12mm-schwerlastduebel-2-expansionsgliedern\/","title":{"rendered":"12mm Schwerlastd\u00fcbel &#8211; 2 Expansionsglieder"},"content":{"rendered":"<p>Hier findet ihr unseren 12mm Schwerlastd\u00fcbel mit zwei Expansionsgliedern. Er ist ein besonders hochwertiger 12mm Bohrhaken aus AISI 316L Edelstahl, der bestens f\u00fcr schwerste Lasten in Untergr\u00fcnden wie Fels und Beton geeignet ist.<\/p>\n<p>Denn erstens betr\u00e4gt der Durchmesser eben 12mm. Somit ist der Anker extrem belastbar. Zweitens sind die zwei verf\u00fcgbaren Modelle sehr lang. Es gibt sie sowohl in 100mm als auch 120mm L\u00e4nge. Folglich wirkt der Spreizdruck tief im Untergrund. Drittens befinden sich zwei Expansionsglieder am Schaftende. D.h. dieses Modell ist auch f\u00fcr etwas weicheren Fels bzw. Fels mit kleinen Hohlr\u00e4umen eine gute Wahl.<\/p>\n<p>Weiters ist dieser Bohrhaken unsere klare Empfehlung f\u00fcr Erschlie\u00dfer von Kletterrouten, die sich mit oberfl\u00e4chlich br\u00fcchigem Fels auseinandersetzen m\u00fcssen. Die L\u00e4nge bzw. die zwei Expansionglieder, machen dieses Produkt zu einer hochwertigen L\u00f6sung bei diesem Problem.<\/p>\n<h2>Eigenschaften 12mm Schwerlastd\u00fcbel<\/h2>\n<ul>\n<li>Stahlqualit\u00e4t: AISI 316L Edelstahl (A4 Stahl)<\/li>\n<li>Durchmesser: 12mm<\/li>\n<li>L\u00e4ngen: 100mm oder 120mm<\/li>\n<li>Expansionsglieder: 2<\/li>\n<li>Gewindel\u00e4nge: 25mm<\/li>\n<li>Bruchlast: 24kn (2.400kg) bei axialer bzw. 30kN (3.000 kg) bei radialer Belastung<\/li>\n<li>Bohrhaken f\u00fcr Schwerlastanwendungen<\/li>\n<li>ideal f\u00fcr oberfl\u00e4chlich br\u00fcchigen Fels durch gro\u00dfe Verankerungstiefe<\/li>\n<li>kann in etwas weicherem Gestein und Gestein mit kleinen Hohlr\u00e4umen gesetzt werden<\/li>\n<li>nur mit Edelstahl Bauteilen verarbeiten, ansonsten &#8220;<a href=\"https:\/\/bolting.eu\/galvanische-korrosion-bei-bohrhaken\/\">galvanische Korrosion<\/a>&#8220;<\/li>\n<li>passender Schraubenschl\u00fcssel: 19mm<\/li>\n<li>ben\u00f6tigtes Bohrloch: 12mm<\/li>\n<li>ben\u00f6tiger Durchmesser Bohrung <a href=\"https:\/\/bolting.eu\/produkt-kategorie\/einbohrartikel\/bohrhakenlasche\/\">Bohrhakenlasche<\/a>: 12mm<\/li>\n<li>empfohlene Lochb\u00fcrste: 14mm bei Kunststoff, 12mm bei Stahl Lochb\u00fcrste<\/li>\n<\/ul>\n<h3>Ideal f\u00fcr &#8220;schlechteren Fels&#8221;<\/h3>\n<p>Dieser Schwerlastd\u00fcbel mit 12mm Durchmesser, auch &#8220;Bohrhaken&#8221; oder &#8220;Schwerlastanker&#8221; genannt, ist ideal f\u00fcr etwas schlechteren Fels. D.h. wir reden hier sehr wohl von einem Fels mit dichtem Gef\u00fcge wie Kalkgestein oder Gneis.<\/p>\n<p>Allerdings kann man den Haken auch dann verwenden, wenn diese Gesteinsarten oberfl\u00e4chlich br\u00fcchig sind bzw. im Untergrund\u00a0 weichere Schichten aufweisen.<\/p>\n<p>Grund hierf\u00fcr ist die lange Setztiefe der Expansionringe. Zudem gibt es von ihnen zwei St\u00fcck. Somit ist eine Druckverteilung tief im Untergrund gegeben. Des weiteren sorgen die zwei Spreizglieder f\u00fcr verl\u00e4ssliches Anpressen am Bohrloch.<\/p>\n<p>Handelt es sich um sehr weiche Gesteinsarten wie Sandstein oder um Konglomerat, empfehlen wir <a href=\"https:\/\/bolting.eu\/produkt-kategorie\/einbohrartikel\/klebehaken-buehlerhaken\/\">Klebehaken<\/a> mit mind. 120mm L\u00e4nge!<\/p>\n<h3>Bestens geeignet f\u00fcr schwere Lasten<\/h3>\n<p>Dank des 12mm Durchmessers ist diese D\u00fcbel ideal f\u00fcr den Schwerlastbereich. Dieser geht nat\u00fcrlich auch \u00fcber Anwendungen im Klettersport hinaus.<\/p>\n<p>D.h. er kann in festem Beton sowie in allen dichten Natursteinarten verwendet werden.<\/p>\n<p>Nicht m\u00f6glich ist die Verwendung in Hohlziegeln und Baustoffen mit geringer Dichte wie z.B. Ytong.<\/p>\n<p>Ordentlich in passendem Untergrund gesetzt, betr\u00e4gt die Bruchlast 24kn axial und 30kN radial.<\/p>\n<h3>Anwendungen 12mm Schwerlastd\u00fcbel<\/h3>\n<p>Unsere Empfehlungen lauten ganz klar:<\/p>\n<ul>\n<li>ideal f\u00fcr oberfl\u00e4chlich br\u00fcchigen Fels<\/li>\n<li>f\u00fcr Gesteine mit kleinen Hohlr\u00e4umen wie z.B. Kalkgestein<\/li>\n<li>zum Anbringen von 12mm Laschen f\u00fcr hohe Belastungen wie z.B. Slacklines<\/li>\n<li>f\u00fcr sehr schwere Bauteile in festem Beton<\/li>\n<\/ul>\n","protected":false},"excerpt":{"rendered":"<p>Hier findet ihr unseren 12mm Schwerlastd\u00fcbel mit zwei Expansionsgliedern. Er ist ein besonders hochwertiger 12mm Bohrhaken aus AISI 316L Edelstahl, der bestens f\u00fcr schwerste Lasten in Untergr\u00fcnden wie Fels und Beton geeignet ist. Denn erstens betr\u00e4gt der Durchmesser eben 12mm. Somit ist der Anker extrem belastbar. Zweitens sind die zwei verf\u00fcgbaren Modelle sehr lang. Es [&#8230;]\n","protected":false},"featured_media":15856,"comment_status":"closed","ping_status":"closed","template":"","meta":[],"product_brand":[],"product_cat":[4660,32,1210],"product_tag":[],"class_list":{"0":"post-15852","1":"product","2":"type-product","3":"status-publish","4":"has-post-thumbnail","6":"product_cat-raumer","7":"product_cat-bohrhaken","8":"product_cat-einbohrartikel","10":"first","11":"instock","12":"taxable","13":"shipping-taxable","14":"purchasable","15":"product-type-variable"},"yoast_head":"<!-- This site is optimized with the Yoast SEO Premium plugin v26.9 (Yoast SEO v26.9) - https:\/\/yoast.com\/product\/yoast-seo-premium-wordpress\/ -->\n<title>12mm Schwerlastd\u00fcbel - 2 Expansionsglieder | bolting.eu<\/title>\n<meta name=\"description\" content=\"12mm Schwerlastd\u00fcbel - AISI 316L Edelstahl beim Einbohrprofi aus Innsbruck kaufen \u2705 kostenloser Versand* \u2705 14 Tage R\u00fcckgaberecht \u2705 Co2 neutraler Versand\" \/>\n<meta name=\"robots\" content=\"index, follow, max-snippet:-1, max-image-preview:large, max-video-preview:-1\" \/>\n<link rel=\"canonical\" href=\"https:\/\/bolting.eu\/en\/shop\/12mm-schwerlastduebel-2-expansionsgliedern\/\" \/>\n<meta property=\"og:locale\" content=\"en_US\" \/>\n<meta property=\"og:type\" content=\"article\" \/>\n<meta property=\"og:title\" content=\"12mm Schwerlastd\u00fcbel - 2 Expansionsglieder\" \/>\n<meta property=\"og:description\" content=\"12mm Schwerlastd\u00fcbel - AISI 316L Edelstahl beim Einbohrprofi aus Innsbruck kaufen \u2705 kostenloser Versand* \u2705 14 Tage R\u00fcckgaberecht \u2705 Co2 neutraler Versand\" \/>\n<meta property=\"og:url\" content=\"https:\/\/bolting.eu\/en\/shop\/12mm-schwerlastduebel-2-expansionsgliedern\/\" \/>\n<meta property=\"og:site_name\" content=\"bolting.eu\" \/>\n<meta property=\"article:publisher\" content=\"https:\/\/www.facebook.com\/bolting.eu\" \/>\n<meta property=\"article:modified_time\" content=\"2025-09-19T05:20:22+00:00\" \/>\n<meta property=\"og:image\" content=\"https:\/\/bolting.eu\/wp-content\/uploads\/2023\/05\/12mm-Schwerlastduebel-1.jpg\" \/>\n\t<meta property=\"og:image:width\" content=\"700\" \/>\n\t<meta property=\"og:image:height\" content=\"700\" \/>\n\t<meta property=\"og:image:type\" content=\"image\/jpeg\" \/>\n<meta name=\"twitter:card\" content=\"summary_large_image\" \/>\n<meta name=\"twitter:label1\" content=\"Availability\" \/>\n\t<meta name=\"twitter:data1\" content=\"In stock\" \/>\n<script type=\"application\/ld+json\" class=\"yoast-schema-graph\">{\"@context\":\"https:\/\/schema.org\",\"@graph\":[{\"@type\":[\"WebPage\",\"ItemPage\"],\"@id\":\"https:\/\/bolting.eu\/en\/shop\/12mm-schwerlastduebel-2-expansionsgliedern\/\",\"url\":\"https:\/\/bolting.eu\/en\/shop\/12mm-schwerlastduebel-2-expansionsgliedern\/\",\"name\":\"12mm Schwerlastd\u00fcbel - 2 Expansionsglieder | bolting.eu\",\"isPartOf\":{\"@id\":\"https:\/\/bolting.eu\/en\/#website\"},\"primaryImageOfPage\":{\"@id\":\"https:\/\/bolting.eu\/en\/shop\/12mm-schwerlastduebel-2-expansionsgliedern\/#primaryimage\"},\"image\":{\"@id\":\"https:\/\/bolting.eu\/en\/shop\/12mm-schwerlastduebel-2-expansionsgliedern\/#primaryimage\"},\"thumbnailUrl\":\"https:\/\/bolting.eu\/wp-content\/uploads\/2023\/05\/12mm-Schwerlastduebel-1.jpg\",\"datePublished\":\"2023-05-15T10:02:21+00:00\",\"dateModified\":\"2025-09-19T05:20:22+00:00\",\"description\":\"12mm Schwerlastd\u00fcbel - AISI 316L Edelstahl beim Einbohrprofi aus Innsbruck kaufen \u2705 kostenloser Versand* \u2705 14 Tage R\u00fcckgaberecht \u2705 Co2 neutraler Versand\",\"breadcrumb\":{\"@id\":\"https:\/\/bolting.eu\/en\/shop\/12mm-schwerlastduebel-2-expansionsgliedern\/#breadcrumb\"},\"inLanguage\":\"en-US\",\"potentialAction\":[{\"@type\":\"ReadAction\",\"target\":[\"https:\/\/bolting.eu\/en\/shop\/12mm-schwerlastduebel-2-expansionsgliedern\/\"]}]},{\"@type\":\"ImageObject\",\"inLanguage\":\"en-US\",\"@id\":\"https:\/\/bolting.eu\/en\/shop\/12mm-schwerlastduebel-2-expansionsgliedern\/#primaryimage\",\"url\":\"https:\/\/bolting.eu\/wp-content\/uploads\/2023\/05\/12mm-Schwerlastduebel-1.jpg\",\"contentUrl\":\"https:\/\/bolting.eu\/wp-content\/uploads\/2023\/05\/12mm-Schwerlastduebel-1.jpg\",\"width\":700,\"height\":700,\"caption\":\"Grauer 12mm Schwerlastd\u00fcbel mit der Mutter rechts.\"},{\"@type\":\"BreadcrumbList\",\"@id\":\"https:\/\/bolting.eu\/en\/shop\/12mm-schwerlastduebel-2-expansionsgliedern\/#breadcrumb\",\"itemListElement\":[{\"@type\":\"ListItem\",\"position\":1,\"name\":\"Shop\",\"item\":\"https:\/\/bolting.eu\/en\/shop\/\"},{\"@type\":\"ListItem\",\"position\":2,\"name\":\"bolting products\",\"item\":\"https:\/\/bolting.eu\/en\/produkt-kategorie\/bolting-products\/\"},{\"@type\":\"ListItem\",\"position\":3,\"name\":\"expansion bolt\",\"item\":\"https:\/\/bolting.eu\/en\/produkt-kategorie\/expansion-bolt\/\"},{\"@type\":\"ListItem\",\"position\":4,\"name\":\"12mm Schwerlastd\u00fcbel &#8211; 2 Expansionsglieder\"}]},{\"@type\":\"WebSite\",\"@id\":\"https:\/\/bolting.eu\/en\/#website\",\"url\":\"https:\/\/bolting.eu\/en\/\",\"name\":\"bolting.eu\",\"description\":\"we make climbs happen\",\"publisher\":{\"@id\":\"https:\/\/bolting.eu\/en\/#organization\"},\"potentialAction\":[{\"@type\":\"SearchAction\",\"target\":{\"@type\":\"EntryPoint\",\"urlTemplate\":\"https:\/\/bolting.eu\/en\/?s={search_term_string}\"},\"query-input\":{\"@type\":\"PropertyValueSpecification\",\"valueRequired\":true,\"valueName\":\"search_term_string\"}}],\"inLanguage\":\"en-US\"},{\"@type\":[\"Organization\",\"Place\",\"SportingGoodsStore\"],\"@id\":\"https:\/\/bolting.eu\/en\/#organization\",\"name\":\"bolting.eu\",\"url\":\"https:\/\/bolting.eu\/en\/\",\"logo\":{\"@id\":\"https:\/\/bolting.eu\/en\/shop\/12mm-schwerlastduebel-2-expansionsgliedern\/#local-main-organization-logo\"},\"image\":{\"@id\":\"https:\/\/bolting.eu\/en\/shop\/12mm-schwerlastduebel-2-expansionsgliedern\/#local-main-organization-logo\"},\"sameAs\":[\"https:\/\/www.facebook.com\/bolting.eu\",\"https:\/\/www.instagram.com\/bolting.eu\/\"],\"address\":{\"@id\":\"https:\/\/bolting.eu\/en\/shop\/12mm-schwerlastduebel-2-expansionsgliedern\/#local-main-place-address\"},\"geo\":{\"@type\":\"GeoCoordinates\",\"latitude\":\"47.264176340396226\",\"longitude\":\"11.380109057672346\"},\"telephone\":[\"+43 699 19083372\"],\"openingHoursSpecification\":[{\"@type\":\"OpeningHoursSpecification\",\"dayOfWeek\":[\"Monday\",\"Wednesday\",\"Friday\"],\"opens\":\"14:00\",\"closes\":\"18:00\"},{\"@type\":\"OpeningHoursSpecification\",\"dayOfWeek\":[\"Tuesday\",\"Thursday\",\"Saturday\",\"Sunday\"],\"opens\":\"00:00\",\"closes\":\"00:00\"}],\"email\":\"office@bolting.eu\",\"vatID\":\"ATU59999728\",\"priceRange\":\"$$\",\"currenciesAccepted\":\"Euro\"},{\"@type\":\"PostalAddress\",\"@id\":\"https:\/\/bolting.eu\/en\/shop\/12mm-schwerlastduebel-2-expansionsgliedern\/#local-main-place-address\",\"streetAddress\":\"Fischnalerstra\u00dfe 4\",\"addressLocality\":\"Innsbruck\",\"postalCode\":\"6020\",\"addressRegion\":\"Tirol\",\"addressCountry\":\"AT\"},{\"@type\":\"ImageObject\",\"inLanguage\":\"en-US\",\"@id\":\"https:\/\/bolting.eu\/en\/shop\/12mm-schwerlastduebel-2-expansionsgliedern\/#local-main-organization-logo\",\"url\":\"https:\/\/bolting.eu\/wp-content\/uploads\/2019\/09\/bolting-logo.png\",\"contentUrl\":\"https:\/\/bolting.eu\/wp-content\/uploads\/2019\/09\/bolting-logo.png\",\"width\":400,\"height\":211,\"caption\":\"bolting.eu\"}]}<\/script>\n<meta property=\"og:availability\" content=\"instock\" \/>\n<meta property=\"product:availability\" content=\"instock\" \/>\n<meta property=\"product:condition\" content=\"new\" \/>\n<meta name=\"geo.placename\" content=\"Innsbruck\" \/>\n<meta name=\"geo.position\" content=\"47.264176340396226;11.380109057672346\" \/>\n<meta name=\"geo.region\" content=\"Austria\" \/>\n<!-- \/ Yoast SEO Premium plugin. -->","yoast_head_json":{"title":"12mm Schwerlastd\u00fcbel - 2 Expansionsglieder | bolting.eu","description":"12mm Schwerlastd\u00fcbel - AISI 316L Edelstahl beim Einbohrprofi aus Innsbruck kaufen \u2705 kostenloser Versand* \u2705 14 Tage R\u00fcckgaberecht \u2705 Co2 neutraler Versand","robots":{"index":"index","follow":"follow","max-snippet":"max-snippet:-1","max-image-preview":"max-image-preview:large","max-video-preview":"max-video-preview:-1"},"canonical":"https:\/\/bolting.eu\/en\/shop\/12mm-schwerlastduebel-2-expansionsgliedern\/","og_locale":"en_US","og_type":"article","og_title":"12mm Schwerlastd\u00fcbel - 2 Expansionsglieder","og_description":"12mm Schwerlastd\u00fcbel - AISI 316L Edelstahl beim Einbohrprofi aus Innsbruck kaufen \u2705 kostenloser Versand* \u2705 14 Tage R\u00fcckgaberecht \u2705 Co2 neutraler Versand","og_url":"https:\/\/bolting.eu\/en\/shop\/12mm-schwerlastduebel-2-expansionsgliedern\/","og_site_name":"bolting.eu","article_publisher":"https:\/\/www.facebook.com\/bolting.eu","article_modified_time":"2025-09-19T05:20:22+00:00","og_image":[{"width":700,"height":700,"url":"https:\/\/bolting.eu\/wp-content\/uploads\/2023\/05\/12mm-Schwerlastduebel-1.jpg","type":"image\/jpeg"}],"twitter_card":"summary_large_image","twitter_misc":{"Availability":"In stock"},"schema":{"@context":"https:\/\/schema.org","@graph":[{"@type":["WebPage","ItemPage"],"@id":"https:\/\/bolting.eu\/en\/shop\/12mm-schwerlastduebel-2-expansionsgliedern\/","url":"https:\/\/bolting.eu\/en\/shop\/12mm-schwerlastduebel-2-expansionsgliedern\/","name":"12mm Schwerlastd\u00fcbel - 2 Expansionsglieder | bolting.eu","isPartOf":{"@id":"https:\/\/bolting.eu\/en\/#website"},"primaryImageOfPage":{"@id":"https:\/\/bolting.eu\/en\/shop\/12mm-schwerlastduebel-2-expansionsgliedern\/#primaryimage"},"image":{"@id":"https:\/\/bolting.eu\/en\/shop\/12mm-schwerlastduebel-2-expansionsgliedern\/#primaryimage"},"thumbnailUrl":"https:\/\/bolting.eu\/wp-content\/uploads\/2023\/05\/12mm-Schwerlastduebel-1.jpg","datePublished":"2023-05-15T10:02:21+00:00","dateModified":"2025-09-19T05:20:22+00:00","description":"12mm Schwerlastd\u00fcbel - AISI 316L Edelstahl beim Einbohrprofi aus Innsbruck kaufen \u2705 kostenloser Versand* \u2705 14 Tage R\u00fcckgaberecht \u2705 Co2 neutraler Versand","breadcrumb":{"@id":"https:\/\/bolting.eu\/en\/shop\/12mm-schwerlastduebel-2-expansionsgliedern\/#breadcrumb"},"inLanguage":"en-US","potentialAction":[{"@type":"ReadAction","target":["https:\/\/bolting.eu\/en\/shop\/12mm-schwerlastduebel-2-expansionsgliedern\/"]}]},{"@type":"ImageObject","inLanguage":"en-US","@id":"https:\/\/bolting.eu\/en\/shop\/12mm-schwerlastduebel-2-expansionsgliedern\/#primaryimage","url":"https:\/\/bolting.eu\/wp-content\/uploads\/2023\/05\/12mm-Schwerlastduebel-1.jpg","contentUrl":"https:\/\/bolting.eu\/wp-content\/uploads\/2023\/05\/12mm-Schwerlastduebel-1.jpg","width":700,"height":700,"caption":"Grauer 12mm Schwerlastd\u00fcbel mit der Mutter rechts."},{"@type":"BreadcrumbList","@id":"https:\/\/bolting.eu\/en\/shop\/12mm-schwerlastduebel-2-expansionsgliedern\/#breadcrumb","itemListElement":[{"@type":"ListItem","position":1,"name":"Shop","item":"https:\/\/bolting.eu\/en\/shop\/"},{"@type":"ListItem","position":2,"name":"bolting products","item":"https:\/\/bolting.eu\/en\/produkt-kategorie\/bolting-products\/"},{"@type":"ListItem","position":3,"name":"expansion bolt","item":"https:\/\/bolting.eu\/en\/produkt-kategorie\/expansion-bolt\/"},{"@type":"ListItem","position":4,"name":"12mm Schwerlastd\u00fcbel &#8211; 2 Expansionsglieder"}]},{"@type":"WebSite","@id":"https:\/\/bolting.eu\/en\/#website","url":"https:\/\/bolting.eu\/en\/","name":"bolting.eu","description":"we make climbs happen","publisher":{"@id":"https:\/\/bolting.eu\/en\/#organization"},"potentialAction":[{"@type":"SearchAction","target":{"@type":"EntryPoint","urlTemplate":"https:\/\/bolting.eu\/en\/?s={search_term_string}"},"query-input":{"@type":"PropertyValueSpecification","valueRequired":true,"valueName":"search_term_string"}}],"inLanguage":"en-US"},{"@type":["Organization","Place","SportingGoodsStore"],"@id":"https:\/\/bolting.eu\/en\/#organization","name":"bolting.eu","url":"https:\/\/bolting.eu\/en\/","logo":{"@id":"https:\/\/bolting.eu\/en\/shop\/12mm-schwerlastduebel-2-expansionsgliedern\/#local-main-organization-logo"},"image":{"@id":"https:\/\/bolting.eu\/en\/shop\/12mm-schwerlastduebel-2-expansionsgliedern\/#local-main-organization-logo"},"sameAs":["https:\/\/www.facebook.com\/bolting.eu","https:\/\/www.instagram.com\/bolting.eu\/"],"address":{"@id":"https:\/\/bolting.eu\/en\/shop\/12mm-schwerlastduebel-2-expansionsgliedern\/#local-main-place-address"},"geo":{"@type":"GeoCoordinates","latitude":"47.264176340396226","longitude":"11.380109057672346"},"telephone":["+43 699 19083372"],"openingHoursSpecification":[{"@type":"OpeningHoursSpecification","dayOfWeek":["Monday","Wednesday","Friday"],"opens":"14:00","closes":"18:00"},{"@type":"OpeningHoursSpecification","dayOfWeek":["Tuesday","Thursday","Saturday","Sunday"],"opens":"00:00","closes":"00:00"}],"email":"office@bolting.eu","vatID":"ATU59999728","priceRange":"$$","currenciesAccepted":"Euro"},{"@type":"PostalAddress","@id":"https:\/\/bolting.eu\/en\/shop\/12mm-schwerlastduebel-2-expansionsgliedern\/#local-main-place-address","streetAddress":"Fischnalerstra\u00dfe 4","addressLocality":"Innsbruck","postalCode":"6020","addressRegion":"Tirol","addressCountry":"AT"},{"@type":"ImageObject","inLanguage":"en-US","@id":"https:\/\/bolting.eu\/en\/shop\/12mm-schwerlastduebel-2-expansionsgliedern\/#local-main-organization-logo","url":"https:\/\/bolting.eu\/wp-content\/uploads\/2019\/09\/bolting-logo.png","contentUrl":"https:\/\/bolting.eu\/wp-content\/uploads\/2019\/09\/bolting-logo.png","width":400,"height":211,"caption":"bolting.eu"}]},"og_availability":"instock","product_availability":"instock","product_condition":"new","geo.placename":"Innsbruck","geo.position":{"lat":"47.264176340396226","long":"11.380109057672346"},"geo.region":"Austria"},"_links":{"self":[{"href":"https:\/\/bolting.eu\/en\/wp-json\/wp\/v2\/product\/15852","targetHints":{"allow":["GET"]}}],"collection":[{"href":"https:\/\/bolting.eu\/en\/wp-json\/wp\/v2\/product"}],"about":[{"href":"https:\/\/bolting.eu\/en\/wp-json\/wp\/v2\/types\/product"}],"replies":[{"embeddable":true,"href":"https:\/\/bolting.eu\/en\/wp-json\/wp\/v2\/comments?post=15852"}],"wp:featuredmedia":[{"embeddable":true,"href":"https:\/\/bolting.eu\/en\/wp-json\/wp\/v2\/media\/15856"}],"wp:attachment":[{"href":"https:\/\/bolting.eu\/en\/wp-json\/wp\/v2\/media?parent=15852"}],"wp:term":[{"taxonomy":"product_brand","embeddable":true,"href":"https:\/\/bolting.eu\/en\/wp-json\/wp\/v2\/product_brand?post=15852"},{"taxonomy":"product_cat","embeddable":true,"href":"https:\/\/bolting.eu\/en\/wp-json\/wp\/v2\/product_cat?post=15852"},{"taxonomy":"product_tag","embeddable":true,"href":"https:\/\/bolting.eu\/en\/wp-json\/wp\/v2\/product_tag?post=15852"}],"curies":[{"name":"wp","href":"https:\/\/api.w.org\/{rel}","templated":true}]}}