{"id":15608,"date":"2023-04-17T10:37:07","date_gmt":"2023-04-17T08:37:07","guid":{"rendered":"https:\/\/bolting.eu\/?post_type=product&#038;p=15608"},"modified":"2025-08-16T22:35:25","modified_gmt":"2025-08-16T20:35:25","slug":"grivel-helix-eisschraube","status":"publish","type":"product","link":"https:\/\/bolting.eu\/en\/shop\/grivel-helix-eisschraube\/","title":{"rendered":"Grivel Helix Eisschraube"},"content":{"rendered":"<p>Die Grivel Helix ist eine preisg\u00fcnstige Stahl Eisschraube. Sie ist perfekt f\u00fcr alle, die keine ausklappbare Kurbel brauchen. Denn bei diesem Modell ist sie starr. Das spart nat\u00fcrlich Produktionskosten und Material. Somit hat diese Variante auch einen attraktiven Preis.<\/p>\n<p>Bis auf den Setzvorgang beeinflusst es aber die Qualit\u00e4t nicht im Geringsten. Denn die Schraube besteht erstens aus dem bew\u00e4hrten Grivel Stahl.<\/p>\n<p>Zweitens hat sie vier scharfe Z\u00e4hne zum schnellen Setzen der Eisschraube. Und drittens ist sie mit dem legend\u00e4ren Gewinde ausgestattet. Dieses bietet ca. 15% mehr Ausrissfestigkeit als vergleichbare Modelle.<\/p>\n<p>Kurzum. Eine klasse Allround Eisschraube f\u00fcr Wasserf\u00e4lle, Nordw\u00e4nde und Hochtouren. Wird super oft mit dem <a href=\"https:\/\/bolting.eu\/shop\/grivel-g14-steigeisen\/\">Grivel G14 Steigeisen<\/a> gekauft!<\/p>\n<h2>Eigenschaften Grivel Helix Eisschraube<\/h2>\n<ul>\n<li>Hersteller: <a href=\"https:\/\/bolting.eu\/produkt-kategorie\/grivel\/\">Grivel<\/a><\/li>\n<li>Material: Stahl, Polyamid (Knopf auf Kurbel)<\/li>\n<li>L\u00e4nge \u2013 Gewicht: 12 cm \u2013 133 g, 16 cm \u2013 155 g, 20 cm \u2013 171 g<\/li>\n<li>Normen: <a href=\"https:\/\/bolting.eu\/en-568-uiaa-151-eisschrauben-norm\/\">EN 568<\/a><\/li>\n<li>fixe &#8211; starre Kurbel<\/li>\n<li>drehbarer Knopf auf der Kurbel<\/li>\n<li>Grivel Spezialgewinde \u2013 erh\u00f6hte Ausrissfestigkeit<\/li>\n<li>gro\u00dfe \u00d6se f\u00fcr <a href=\"https:\/\/bolting.eu\/produkt-kategorie\/kletterausruestung\/expressschlingen\/\">Expressschlinge<\/a><\/li>\n<li>zum <a href=\"https:\/\/grivel.com\/\" target=\"_blank\" rel=\"noopener\">Hersteller<\/a><\/li>\n<\/ul>\n<h3>Leichter Allrounder<\/h3>\n<p>Ein toller Nebeneffekt der fixen Kurbel ist das geringe Gewicht. So kommt die Grivel Helix auf ca. 20 Gramm weniger als z.B. die <a href=\"https:\/\/bolting.eu\/shop\/grivel-360-eisschraube\/\">360 Eisschraube<\/a>.<\/p>\n<p>Das wird zum einen durch eine etwas kleinere \u00d6se erreicht. Zum anderen gibt es kein separates Bauteil. Auch das spart einige Gramm ein.<\/p>\n<p>Somit erh\u00e4lt man eine sehr flexibel einsetzbare Schraube. Sie hat ihre St\u00e4rken im Bereich Bergsteigen und moderates Eisklettern.<\/p>\n<p>Einziger Nachteil. Wer sehr viele Schrauben an den Gurt h\u00e4ngt, wird keine gro\u00dfe Freude haben. Hierf\u00fcr empfehlen sich Modelle, die platzsparender zusammengeschoben werden k\u00f6nnen.<\/p>\n<figure id=\"attachment_15613\" aria-describedby=\"caption-attachment-15613\" style=\"width: 1024px\" class=\"wp-caption alignnone\"><a href=\"https:\/\/bolting.eu\/wp-content\/uploads\/2023\/04\/Grivel-Helix-setzen.jpg\"><img loading=\"lazy\" decoding=\"async\" class=\"wp-image-15613 size-full\" src=\"https:\/\/bolting.eu\/wp-content\/uploads\/2023\/04\/Grivel-Helix-setzen.jpg\" alt=\"Hand eines Eiskletterers mit Handschuh beim Setzen einer Grivel Helix Eisschraube.\" width=\"1024\" height=\"666\" srcset=\"https:\/\/bolting.eu\/wp-content\/uploads\/2023\/04\/Grivel-Helix-setzen.jpg 1024w, https:\/\/bolting.eu\/wp-content\/uploads\/2023\/04\/Grivel-Helix-setzen-615x400.jpg 615w, https:\/\/bolting.eu\/wp-content\/uploads\/2023\/04\/Grivel-Helix-setzen-768x500.jpg 768w, https:\/\/bolting.eu\/wp-content\/uploads\/2023\/04\/Grivel-Helix-setzen-510x332.jpg 510w, https:\/\/bolting.eu\/wp-content\/uploads\/2023\/04\/Grivel-Helix-setzen-100x65.jpg 100w\" sizes=\"auto, (max-width: 1024px) 100vw, 1024px\" \/><\/a><figcaption id=\"caption-attachment-15613\" class=\"wp-caption-text\">Die starre Kurbel erm\u00f6glicht ein solides Ansetzen und Eindrehen!<\/figcaption><\/figure>\n<h3>Helix Eisschraube = 4-Zacker<\/h3>\n<p>Dieses Grivel Modell ist eine klassische 4- Zack Schraube. Entgegen dem Trend, auf 3 Zacken zu reduzieren, bleibt Grivel dem &#8220;alten&#8221; System treu.<\/p>\n<p>Begr\u00fcndet wird dies zum einen mit der geringeren Abn\u00fctzung jedes einzelnen Zahnes. Und zum anderen durch ein leichteres Ansetzen bzw. &#8220;Anbei\u00dfen&#8221;.<\/p>\n<p>In jedem Fall hat sich die Schraube schon Jahre bew\u00e4hrt. D.h. hier ist man in jedem Fall auf der sicheren Seite, wenn man ein verl\u00e4ssliches Modell sucht.<\/p>\n<figure id=\"attachment_15614\" aria-describedby=\"caption-attachment-15614\" style=\"width: 700px\" class=\"wp-caption alignnone\"><a href=\"https:\/\/bolting.eu\/wp-content\/uploads\/2023\/04\/Grivel-Helix-zaehne.jpg\"><img loading=\"lazy\" decoding=\"async\" class=\"wp-image-15614 size-full\" src=\"https:\/\/bolting.eu\/wp-content\/uploads\/2023\/04\/Grivel-Helix-zaehne.jpg\" alt=\"Spitze einer Grivel Eisschraube\" width=\"700\" height=\"700\" srcset=\"https:\/\/bolting.eu\/wp-content\/uploads\/2023\/04\/Grivel-Helix-zaehne.jpg 700w, https:\/\/bolting.eu\/wp-content\/uploads\/2023\/04\/Grivel-Helix-zaehne-400x400.jpg 400w, https:\/\/bolting.eu\/wp-content\/uploads\/2023\/04\/Grivel-Helix-zaehne-280x280.jpg 280w, https:\/\/bolting.eu\/wp-content\/uploads\/2023\/04\/Grivel-Helix-zaehne-247x247.jpg 247w, https:\/\/bolting.eu\/wp-content\/uploads\/2023\/04\/Grivel-Helix-zaehne-510x510.jpg 510w, https:\/\/bolting.eu\/wp-content\/uploads\/2023\/04\/Grivel-Helix-zaehne-100x100.jpg 100w\" sizes=\"auto, (max-width: 700px) 100vw, 700px\" \/><\/a><figcaption id=\"caption-attachment-15614\" class=\"wp-caption-text\">Die 4-Zacken Spitze gew\u00e4hrleistet ein langfristig leichtes Ansetzen und &#8220;Anbei\u00dfen&#8221; der Schrauben.<\/figcaption><\/figure>\n","protected":false},"excerpt":{"rendered":"<p>Preisg\u00fcnstige Eisschraube aus Stahl mit fixer Kurbel.<\/p>\n<p>Ein leichtes Gewicht und sehr gute Setzeigenschaften zeichnen dieses Modell aus.<\/p>\n<p>Versandkostenfrei bis 2kg in <img decoding=\"async\" class=\"emoji\" role=\"img\" draggable=\"false\" src=\"https:\/\/s.w.org\/images\/core\/emoji\/14.0.0\/svg\/1f1e6-1f1f9.svg\" alt=\"\ud83c\udde6\ud83c\uddf9\" \/> ab \u20ac 100,- und <img decoding=\"async\" class=\"emoji\" role=\"img\" draggable=\"false\" src=\"https:\/\/s.w.org\/images\/core\/emoji\/14.0.0\/svg\/1f1e9-1f1ea.svg\" alt=\"\ud83c\udde9\ud83c\uddea\" \/> ab \u20ac 200,-!<\/p>\n<p>&nbsp;<\/p>\n","protected":false},"featured_media":15617,"comment_status":"closed","ping_status":"closed","template":"","meta":[],"product_brand":[],"product_cat":[4667,13938,14281],"product_tag":[],"class_list":{"0":"post-15608","1":"product","2":"type-product","3":"status-publish","4":"has-post-thumbnail","6":"product_cat-grivel","7":"product_cat-bergsteiger-ausruestung","8":"product_cat-eisschrauben","10":"first","11":"instock","12":"sale","13":"taxable","14":"shipping-taxable","15":"purchasable","16":"product-type-variable"},"yoast_head":"<!-- This site is optimized with the Yoast SEO Premium plugin v26.9 (Yoast SEO v26.9) - https:\/\/yoast.com\/product\/yoast-seo-premium-wordpress\/ -->\n<title>Grivel Helix Eisschraube - g\u00fcnstige Eischraube | bolting.eu<\/title>\n<meta name=\"description\" content=\"Grivel Helix - g\u00fcnstige Eisschraube beim Hardwareprofi aus Innsbruck kaufen \u2705 kostenloser Versand* \u2705 14 Tage R\u00fcckgaberecht \u2705 Co2 neutraler Versand\" \/>\n<meta name=\"robots\" content=\"index, follow, max-snippet:-1, max-image-preview:large, max-video-preview:-1\" \/>\n<link rel=\"canonical\" href=\"https:\/\/bolting.eu\/en\/shop\/grivel-helix-eisschraube\/\" \/>\n<meta property=\"og:locale\" content=\"en_US\" \/>\n<meta property=\"og:type\" content=\"article\" \/>\n<meta property=\"og:title\" content=\"Grivel Helix Eisschraube\" \/>\n<meta property=\"og:description\" content=\"Grivel Helix - g\u00fcnstige Eisschraube beim Hardwareprofi aus Innsbruck kaufen \u2705 kostenloser Versand* \u2705 14 Tage R\u00fcckgaberecht \u2705 Co2 neutraler Versand\" \/>\n<meta property=\"og:url\" content=\"https:\/\/bolting.eu\/en\/shop\/grivel-helix-eisschraube\/\" \/>\n<meta property=\"og:site_name\" content=\"bolting.eu\" \/>\n<meta property=\"article:publisher\" content=\"https:\/\/www.facebook.com\/bolting.eu\" \/>\n<meta property=\"article:modified_time\" content=\"2025-08-16T20:35:25+00:00\" \/>\n<meta property=\"og:image\" content=\"https:\/\/bolting.eu\/wp-content\/uploads\/2023\/04\/Grivel-Helix-12cm.jpg\" \/>\n\t<meta property=\"og:image:width\" content=\"700\" \/>\n\t<meta property=\"og:image:height\" content=\"700\" \/>\n\t<meta property=\"og:image:type\" content=\"image\/jpeg\" \/>\n<meta name=\"twitter:card\" content=\"summary_large_image\" \/>\n<meta name=\"twitter:label1\" content=\"Availability\" \/>\n\t<meta name=\"twitter:data1\" content=\"In stock\" \/>\n<script type=\"application\/ld+json\" class=\"yoast-schema-graph\">{\"@context\":\"https:\/\/schema.org\",\"@graph\":[{\"@type\":[\"WebPage\",\"ItemPage\"],\"@id\":\"https:\/\/bolting.eu\/en\/shop\/grivel-helix-eisschraube\/\",\"url\":\"https:\/\/bolting.eu\/en\/shop\/grivel-helix-eisschraube\/\",\"name\":\"Grivel Helix Eisschraube - g\u00fcnstige Eischraube | bolting.eu\",\"isPartOf\":{\"@id\":\"https:\/\/bolting.eu\/en\/#website\"},\"primaryImageOfPage\":{\"@id\":\"https:\/\/bolting.eu\/en\/shop\/grivel-helix-eisschraube\/#primaryimage\"},\"image\":{\"@id\":\"https:\/\/bolting.eu\/en\/shop\/grivel-helix-eisschraube\/#primaryimage\"},\"thumbnailUrl\":\"https:\/\/bolting.eu\/wp-content\/uploads\/2023\/04\/Grivel-Helix-12cm.jpg\",\"datePublished\":\"2023-04-17T08:37:07+00:00\",\"dateModified\":\"2025-08-16T20:35:25+00:00\",\"description\":\"Grivel Helix - g\u00fcnstige Eisschraube beim Hardwareprofi aus Innsbruck kaufen \u2705 kostenloser Versand* \u2705 14 Tage R\u00fcckgaberecht \u2705 Co2 neutraler Versand\",\"breadcrumb\":{\"@id\":\"https:\/\/bolting.eu\/en\/shop\/grivel-helix-eisschraube\/#breadcrumb\"},\"inLanguage\":\"en-US\",\"potentialAction\":[{\"@type\":\"ReadAction\",\"target\":[\"https:\/\/bolting.eu\/en\/shop\/grivel-helix-eisschraube\/\"]}]},{\"@type\":\"ImageObject\",\"inLanguage\":\"en-US\",\"@id\":\"https:\/\/bolting.eu\/en\/shop\/grivel-helix-eisschraube\/#primaryimage\",\"url\":\"https:\/\/bolting.eu\/wp-content\/uploads\/2023\/04\/Grivel-Helix-12cm.jpg\",\"contentUrl\":\"https:\/\/bolting.eu\/wp-content\/uploads\/2023\/04\/Grivel-Helix-12cm.jpg\",\"width\":700,\"height\":700,\"caption\":\"Grivel Helix Eisschraube mit 12cm L\u00e4nge, starrer Kurbel und rotem Drehknopf.\"},{\"@type\":\"BreadcrumbList\",\"@id\":\"https:\/\/bolting.eu\/en\/shop\/grivel-helix-eisschraube\/#breadcrumb\",\"itemListElement\":[{\"@type\":\"ListItem\",\"position\":1,\"name\":\"Shop\",\"item\":\"https:\/\/bolting.eu\/en\/shop\/\"},{\"@type\":\"ListItem\",\"position\":2,\"name\":\"Bergsteiger Ausr\u00fcstung\",\"item\":\"https:\/\/bolting.eu\/produkt-kategorie\/bergsteiger-ausruestung\/\"},{\"@type\":\"ListItem\",\"position\":3,\"name\":\"Eisschrauben\",\"item\":\"https:\/\/bolting.eu\/produkt-kategorie\/bergsteiger-ausruestung\/eisschrauben\/\"},{\"@type\":\"ListItem\",\"position\":4,\"name\":\"Grivel Helix Eisschraube\"}]},{\"@type\":\"WebSite\",\"@id\":\"https:\/\/bolting.eu\/en\/#website\",\"url\":\"https:\/\/bolting.eu\/en\/\",\"name\":\"bolting.eu\",\"description\":\"we make climbs happen\",\"publisher\":{\"@id\":\"https:\/\/bolting.eu\/en\/#organization\"},\"potentialAction\":[{\"@type\":\"SearchAction\",\"target\":{\"@type\":\"EntryPoint\",\"urlTemplate\":\"https:\/\/bolting.eu\/en\/?s={search_term_string}\"},\"query-input\":{\"@type\":\"PropertyValueSpecification\",\"valueRequired\":true,\"valueName\":\"search_term_string\"}}],\"inLanguage\":\"en-US\"},{\"@type\":[\"Organization\",\"Place\",\"SportingGoodsStore\"],\"@id\":\"https:\/\/bolting.eu\/en\/#organization\",\"name\":\"bolting.eu\",\"url\":\"https:\/\/bolting.eu\/en\/\",\"logo\":{\"@id\":\"https:\/\/bolting.eu\/en\/shop\/grivel-helix-eisschraube\/#local-main-organization-logo\"},\"image\":{\"@id\":\"https:\/\/bolting.eu\/en\/shop\/grivel-helix-eisschraube\/#local-main-organization-logo\"},\"sameAs\":[\"https:\/\/www.facebook.com\/bolting.eu\",\"https:\/\/www.instagram.com\/bolting.eu\/\"],\"address\":{\"@id\":\"https:\/\/bolting.eu\/en\/shop\/grivel-helix-eisschraube\/#local-main-place-address\"},\"geo\":{\"@type\":\"GeoCoordinates\",\"latitude\":\"47.264176340396226\",\"longitude\":\"11.380109057672346\"},\"telephone\":[\"+43 699 19083372\"],\"openingHoursSpecification\":[{\"@type\":\"OpeningHoursSpecification\",\"dayOfWeek\":[\"Monday\",\"Wednesday\",\"Friday\"],\"opens\":\"14:00\",\"closes\":\"18:00\"},{\"@type\":\"OpeningHoursSpecification\",\"dayOfWeek\":[\"Tuesday\",\"Thursday\",\"Saturday\",\"Sunday\"],\"opens\":\"00:00\",\"closes\":\"00:00\"}],\"email\":\"office@bolting.eu\",\"vatID\":\"ATU59999728\",\"priceRange\":\"$$\",\"currenciesAccepted\":\"Euro\"},{\"@type\":\"PostalAddress\",\"@id\":\"https:\/\/bolting.eu\/en\/shop\/grivel-helix-eisschraube\/#local-main-place-address\",\"streetAddress\":\"Fischnalerstra\u00dfe 4\",\"addressLocality\":\"Innsbruck\",\"postalCode\":\"6020\",\"addressRegion\":\"Tirol\",\"addressCountry\":\"AT\"},{\"@type\":\"ImageObject\",\"inLanguage\":\"en-US\",\"@id\":\"https:\/\/bolting.eu\/en\/shop\/grivel-helix-eisschraube\/#local-main-organization-logo\",\"url\":\"https:\/\/bolting.eu\/wp-content\/uploads\/2019\/09\/bolting-logo.png\",\"contentUrl\":\"https:\/\/bolting.eu\/wp-content\/uploads\/2019\/09\/bolting-logo.png\",\"width\":400,\"height\":211,\"caption\":\"bolting.eu\"}]}<\/script>\n<meta property=\"og:availability\" content=\"instock\" \/>\n<meta property=\"product:availability\" content=\"instock\" \/>\n<meta property=\"product:condition\" content=\"new\" \/>\n<meta name=\"geo.placename\" content=\"Innsbruck\" \/>\n<meta name=\"geo.position\" content=\"47.264176340396226;11.380109057672346\" \/>\n<meta name=\"geo.region\" content=\"Austria\" \/>\n<!-- \/ Yoast SEO Premium plugin. -->","yoast_head_json":{"title":"Grivel Helix Eisschraube - g\u00fcnstige Eischraube | bolting.eu","description":"Grivel Helix - g\u00fcnstige Eisschraube beim Hardwareprofi aus Innsbruck kaufen \u2705 kostenloser Versand* \u2705 14 Tage R\u00fcckgaberecht \u2705 Co2 neutraler Versand","robots":{"index":"index","follow":"follow","max-snippet":"max-snippet:-1","max-image-preview":"max-image-preview:large","max-video-preview":"max-video-preview:-1"},"canonical":"https:\/\/bolting.eu\/en\/shop\/grivel-helix-eisschraube\/","og_locale":"en_US","og_type":"article","og_title":"Grivel Helix Eisschraube","og_description":"Grivel Helix - g\u00fcnstige Eisschraube beim Hardwareprofi aus Innsbruck kaufen \u2705 kostenloser Versand* \u2705 14 Tage R\u00fcckgaberecht \u2705 Co2 neutraler Versand","og_url":"https:\/\/bolting.eu\/en\/shop\/grivel-helix-eisschraube\/","og_site_name":"bolting.eu","article_publisher":"https:\/\/www.facebook.com\/bolting.eu","article_modified_time":"2025-08-16T20:35:25+00:00","og_image":[{"width":700,"height":700,"url":"https:\/\/bolting.eu\/wp-content\/uploads\/2023\/04\/Grivel-Helix-12cm.jpg","type":"image\/jpeg"}],"twitter_card":"summary_large_image","twitter_misc":{"Availability":"In stock"},"schema":{"@context":"https:\/\/schema.org","@graph":[{"@type":["WebPage","ItemPage"],"@id":"https:\/\/bolting.eu\/en\/shop\/grivel-helix-eisschraube\/","url":"https:\/\/bolting.eu\/en\/shop\/grivel-helix-eisschraube\/","name":"Grivel Helix Eisschraube - g\u00fcnstige Eischraube | bolting.eu","isPartOf":{"@id":"https:\/\/bolting.eu\/en\/#website"},"primaryImageOfPage":{"@id":"https:\/\/bolting.eu\/en\/shop\/grivel-helix-eisschraube\/#primaryimage"},"image":{"@id":"https:\/\/bolting.eu\/en\/shop\/grivel-helix-eisschraube\/#primaryimage"},"thumbnailUrl":"https:\/\/bolting.eu\/wp-content\/uploads\/2023\/04\/Grivel-Helix-12cm.jpg","datePublished":"2023-04-17T08:37:07+00:00","dateModified":"2025-08-16T20:35:25+00:00","description":"Grivel Helix - g\u00fcnstige Eisschraube beim Hardwareprofi aus Innsbruck kaufen \u2705 kostenloser Versand* \u2705 14 Tage R\u00fcckgaberecht \u2705 Co2 neutraler Versand","breadcrumb":{"@id":"https:\/\/bolting.eu\/en\/shop\/grivel-helix-eisschraube\/#breadcrumb"},"inLanguage":"en-US","potentialAction":[{"@type":"ReadAction","target":["https:\/\/bolting.eu\/en\/shop\/grivel-helix-eisschraube\/"]}]},{"@type":"ImageObject","inLanguage":"en-US","@id":"https:\/\/bolting.eu\/en\/shop\/grivel-helix-eisschraube\/#primaryimage","url":"https:\/\/bolting.eu\/wp-content\/uploads\/2023\/04\/Grivel-Helix-12cm.jpg","contentUrl":"https:\/\/bolting.eu\/wp-content\/uploads\/2023\/04\/Grivel-Helix-12cm.jpg","width":700,"height":700,"caption":"Grivel Helix Eisschraube mit 12cm L\u00e4nge, starrer Kurbel und rotem Drehknopf."},{"@type":"BreadcrumbList","@id":"https:\/\/bolting.eu\/en\/shop\/grivel-helix-eisschraube\/#breadcrumb","itemListElement":[{"@type":"ListItem","position":1,"name":"Shop","item":"https:\/\/bolting.eu\/en\/shop\/"},{"@type":"ListItem","position":2,"name":"Bergsteiger Ausr\u00fcstung","item":"https:\/\/bolting.eu\/produkt-kategorie\/bergsteiger-ausruestung\/"},{"@type":"ListItem","position":3,"name":"Eisschrauben","item":"https:\/\/bolting.eu\/produkt-kategorie\/bergsteiger-ausruestung\/eisschrauben\/"},{"@type":"ListItem","position":4,"name":"Grivel Helix Eisschraube"}]},{"@type":"WebSite","@id":"https:\/\/bolting.eu\/en\/#website","url":"https:\/\/bolting.eu\/en\/","name":"bolting.eu","description":"we make climbs happen","publisher":{"@id":"https:\/\/bolting.eu\/en\/#organization"},"potentialAction":[{"@type":"SearchAction","target":{"@type":"EntryPoint","urlTemplate":"https:\/\/bolting.eu\/en\/?s={search_term_string}"},"query-input":{"@type":"PropertyValueSpecification","valueRequired":true,"valueName":"search_term_string"}}],"inLanguage":"en-US"},{"@type":["Organization","Place","SportingGoodsStore"],"@id":"https:\/\/bolting.eu\/en\/#organization","name":"bolting.eu","url":"https:\/\/bolting.eu\/en\/","logo":{"@id":"https:\/\/bolting.eu\/en\/shop\/grivel-helix-eisschraube\/#local-main-organization-logo"},"image":{"@id":"https:\/\/bolting.eu\/en\/shop\/grivel-helix-eisschraube\/#local-main-organization-logo"},"sameAs":["https:\/\/www.facebook.com\/bolting.eu","https:\/\/www.instagram.com\/bolting.eu\/"],"address":{"@id":"https:\/\/bolting.eu\/en\/shop\/grivel-helix-eisschraube\/#local-main-place-address"},"geo":{"@type":"GeoCoordinates","latitude":"47.264176340396226","longitude":"11.380109057672346"},"telephone":["+43 699 19083372"],"openingHoursSpecification":[{"@type":"OpeningHoursSpecification","dayOfWeek":["Monday","Wednesday","Friday"],"opens":"14:00","closes":"18:00"},{"@type":"OpeningHoursSpecification","dayOfWeek":["Tuesday","Thursday","Saturday","Sunday"],"opens":"00:00","closes":"00:00"}],"email":"office@bolting.eu","vatID":"ATU59999728","priceRange":"$$","currenciesAccepted":"Euro"},{"@type":"PostalAddress","@id":"https:\/\/bolting.eu\/en\/shop\/grivel-helix-eisschraube\/#local-main-place-address","streetAddress":"Fischnalerstra\u00dfe 4","addressLocality":"Innsbruck","postalCode":"6020","addressRegion":"Tirol","addressCountry":"AT"},{"@type":"ImageObject","inLanguage":"en-US","@id":"https:\/\/bolting.eu\/en\/shop\/grivel-helix-eisschraube\/#local-main-organization-logo","url":"https:\/\/bolting.eu\/wp-content\/uploads\/2019\/09\/bolting-logo.png","contentUrl":"https:\/\/bolting.eu\/wp-content\/uploads\/2019\/09\/bolting-logo.png","width":400,"height":211,"caption":"bolting.eu"}]},"og_availability":"instock","product_availability":"instock","product_condition":"new","geo.placename":"Innsbruck","geo.position":{"lat":"47.264176340396226","long":"11.380109057672346"},"geo.region":"Austria"},"_links":{"self":[{"href":"https:\/\/bolting.eu\/en\/wp-json\/wp\/v2\/product\/15608","targetHints":{"allow":["GET"]}}],"collection":[{"href":"https:\/\/bolting.eu\/en\/wp-json\/wp\/v2\/product"}],"about":[{"href":"https:\/\/bolting.eu\/en\/wp-json\/wp\/v2\/types\/product"}],"replies":[{"embeddable":true,"href":"https:\/\/bolting.eu\/en\/wp-json\/wp\/v2\/comments?post=15608"}],"wp:featuredmedia":[{"embeddable":true,"href":"https:\/\/bolting.eu\/en\/wp-json\/wp\/v2\/media\/15617"}],"wp:attachment":[{"href":"https:\/\/bolting.eu\/en\/wp-json\/wp\/v2\/media?parent=15608"}],"wp:term":[{"taxonomy":"product_brand","embeddable":true,"href":"https:\/\/bolting.eu\/en\/wp-json\/wp\/v2\/product_brand?post=15608"},{"taxonomy":"product_cat","embeddable":true,"href":"https:\/\/bolting.eu\/en\/wp-json\/wp\/v2\/product_cat?post=15608"},{"taxonomy":"product_tag","embeddable":true,"href":"https:\/\/bolting.eu\/en\/wp-json\/wp\/v2\/product_tag?post=15608"}],"curies":[{"name":"wp","href":"https:\/\/api.w.org\/{rel}","templated":true}]}}