{"id":15591,"date":"2023-04-16T13:38:44","date_gmt":"2023-04-16T11:38:44","guid":{"rendered":"https:\/\/bolting.eu\/?post_type=product&#038;p=15591"},"modified":"2025-12-17T16:09:54","modified_gmt":"2025-12-17T15:09:54","slug":"petzl-basic-seilklemme","status":"publish","type":"product","link":"https:\/\/bolting.eu\/en\/shop\/petzl-basic-seilklemme\/","title":{"rendered":"Petzl Basic Seilklemme"},"content":{"rendered":"<p>Die Petzl Basic ist eine kleine, kompakte Seilklemme f\u00fcr die rechte Hand. Aufgrund ihrer kleinen Gr\u00f6\u00dfe ist sie \u00e4u\u00dferst flexibel einsetzbar. Wie z.B. als R\u00fccklaufsperre bei Flaschenz\u00fcgen oder als Aufstiegshilfe am <a href=\"https:\/\/bolting.eu\/produkt-kategorie\/kletterausruestung\/kletterseil\/\">Kletterseil<\/a>.<\/p>\n<p>Das Ger\u00e4t basiert auf den gezahnten Klemmnocken aus Edelstahl. Ein Reinigungsschlitz sorgt f\u00fcr die optimale Funktion bei allen Bedingungen. Denn egal ob Eis oder Schmutz, hier dr\u00fcckt es \u00fcberfl\u00fcssiges Material sch\u00f6n heraus.<\/p>\n<p>Neu bei Petzl ist die gro\u00dfe \u00d6se f\u00fcr die <a href=\"https:\/\/bolting.eu\/produkt-kategorie\/kletterausruestung\/kletterkarabiner\/\">Karabiner<\/a> am unteren Ende. Aus zwei \u00d6sen hat Petzl hier eine gemacht. Hier kommen das Verbindungsmittel und die Trittschlinge wie <a href=\"https:\/\/bolting.eu\/shop\/petzl-footcord\/\">Footcord<\/a> und <a href=\"https:\/\/bolting.eu\/shop\/petzl-footape\/\">Footape<\/a> hinein.<\/p>\n<p>Wer eine einfache, simple Klemme sucht, der ist hier genau richtig!<\/p>\n<h2>Eigenschaften Petzl Basic<\/h2>\n<ul>\n<li>Hersteller: Petzl<\/li>\n<li>Material: Alu (K\u00f6rper), Edelstahl (Klemmnocken) Polyamid (Sicherheitssperre)<\/li>\n<li>Gewicht: 85 Gramm<\/li>\n<li>Normen: EN 567<\/li>\n<li>einfache Steigklemme f\u00fcr die rechte Hand<\/li>\n<li>ideal f\u00fcr Flaschnz\u00fcge<\/li>\n<li>simpler Aufsteig am Seil<\/li>\n<li>gro\u00dfe Befestigungs\u00f6se<\/li>\n<li>obere \u00d6se zum F\u00fchren des Seiles<\/li>\n<li><a href=\"https:\/\/www.petzl.com\/sfc\/servlet.shepherd\/version\/download\/0686800000OvGDaAAN\" target=\"_blank\" rel=\"noopener\">Bedienungsanleitung<\/a><\/li>\n<\/ul>\n<h3>Produkt Review<\/h3>\n<p>Im Folgenden haben wir euch einen Produkt Test heraus gesucht. Der ist unserer Meinung nach richtig gut. Denn er informiert \u00fcber alle wichtigen Features der Basic Steigklemme.<\/p>\n<p><iframe loading=\"lazy\" title=\"Petzl Basic Non-Handled Ascender Review\" width=\"1020\" height=\"574\" src=\"https:\/\/www.youtube.com\/embed\/SZ4END_QLpw?feature=oembed\" frameborder=\"0\" allow=\"accelerometer; autoplay; clipboard-write; encrypted-media; gyroscope; picture-in-picture; web-share\" referrerpolicy=\"strict-origin-when-cross-origin\" allowfullscreen><\/iframe><\/p>\n<p>&nbsp;<\/p>\n<p>&nbsp;<\/p>\n<h3>Nur f\u00fcr die rechte Hand<\/h3>\n<p>Leider gibt es die Petzl Basic nur f\u00fcr rechte Hand. Wie ihr im Bild unterhalb sehen k\u00f6nnt.<\/p>\n<p>Das l\u00e4sst leider einiges an Handling Qualit\u00e4t f\u00fcr Linksh\u00e4nder liegen. Denn dieses Modell l\u00e4sst sich so nat\u00fcrlich nicht optimal bedienen. Hier kann der Ascension Jumar f\u00fcr die linke Hand aber Abhilfe schaffen.<\/p>\n<figure id=\"attachment_15592\" aria-describedby=\"caption-attachment-15592\" style=\"width: 400px\" class=\"wp-caption alignnone\"><a href=\"https:\/\/bolting.eu\/wp-content\/uploads\/2023\/04\/Petzl-Basic-Steigklemme-rechte-HAnd.jpg\"><img loading=\"lazy\" decoding=\"async\" class=\"wp-image-15592 size-medium\" src=\"https:\/\/bolting.eu\/wp-content\/uploads\/2023\/04\/Petzl-Basic-Steigklemme-rechte-HAnd-400x400.jpg\" alt=\"Grafik zum richtigen Verschieben der Petzl Basic Steigklemme.\" width=\"400\" height=\"400\" srcset=\"https:\/\/bolting.eu\/wp-content\/uploads\/2023\/04\/Petzl-Basic-Steigklemme-rechte-HAnd-400x400.jpg 400w, https:\/\/bolting.eu\/wp-content\/uploads\/2023\/04\/Petzl-Basic-Steigklemme-rechte-HAnd-280x280.jpg 280w, https:\/\/bolting.eu\/wp-content\/uploads\/2023\/04\/Petzl-Basic-Steigklemme-rechte-HAnd-247x247.jpg 247w, https:\/\/bolting.eu\/wp-content\/uploads\/2023\/04\/Petzl-Basic-Steigklemme-rechte-HAnd-510x510.jpg 510w, https:\/\/bolting.eu\/wp-content\/uploads\/2023\/04\/Petzl-Basic-Steigklemme-rechte-HAnd-100x100.jpg 100w, https:\/\/bolting.eu\/wp-content\/uploads\/2023\/04\/Petzl-Basic-Steigklemme-rechte-HAnd.jpg 700w\" sizes=\"auto, (max-width: 400px) 100vw, 400px\" \/><\/a><figcaption id=\"caption-attachment-15592\" class=\"wp-caption-text\">So greift man die Basic am besten an. Leider ist sie &#8220;nur&#8221; f\u00fcr die rechte Hand verf\u00fcgbar. Grafik: Petzl.com<\/figcaption><\/figure>\n<h3>Installation Basic Steigklemme<\/h3>\n<p>Das folgende Bild zeigt euch die richtige Installation.<\/p>\n<p>Wer das Seil zudem noch ganz sicher f\u00fchren will, h\u00e4ngt einen <a href=\"https:\/\/bolting.eu\/produkt-kategorie\/kletterausruestung\/kletterkarabiner\/schnappkarabiner\/\">Schnappkarabiner<\/a> in die obere \u00d6se!<\/p>\n<figure id=\"attachment_15595\" aria-describedby=\"caption-attachment-15595\" style=\"width: 1200px\" class=\"wp-caption alignnone\"><a href=\"https:\/\/bolting.eu\/wp-content\/uploads\/2023\/04\/Petzl-Basic-Steigklemme-Installation.jpg\"><img loading=\"lazy\" decoding=\"async\" class=\"wp-image-15595 size-full\" src=\"https:\/\/bolting.eu\/wp-content\/uploads\/2023\/04\/Petzl-Basic-Steigklemme-Installation.jpg\" alt=\"Grafik zur Verwendung der Petzl Basic Steigklemme in f\u00fcnf Schritten.\" width=\"1200\" height=\"600\" srcset=\"https:\/\/bolting.eu\/wp-content\/uploads\/2023\/04\/Petzl-Basic-Steigklemme-Installation.jpg 1200w, https:\/\/bolting.eu\/wp-content\/uploads\/2023\/04\/Petzl-Basic-Steigklemme-Installation-800x400.jpg 800w, https:\/\/bolting.eu\/wp-content\/uploads\/2023\/04\/Petzl-Basic-Steigklemme-Installation-768x384.jpg 768w, https:\/\/bolting.eu\/wp-content\/uploads\/2023\/04\/Petzl-Basic-Steigklemme-Installation-510x255.jpg 510w, https:\/\/bolting.eu\/wp-content\/uploads\/2023\/04\/Petzl-Basic-Steigklemme-Installation-100x50.jpg 100w\" sizes=\"auto, (max-width: 1200px) 100vw, 1200px\" \/><\/a><figcaption id=\"caption-attachment-15595\" class=\"wp-caption-text\">So wird die Klemme ordentlich installiert. Grafik: Petzl.com<\/figcaption><\/figure>\n<p>&nbsp;<\/p>\n<h3>Flaschenzug mit der Petzl Basic<\/h3>\n<p>Die kompakte Steigklemme eignet sich sehr gut f\u00fcr Flaschenz\u00fcge. Denn zum einen hat sie ein geringes Gewicht. Somit kann man immer zwei Klemmen einpacken. Und zum anderen hat sie ein entsprechendes Packma\u00df. Dadurch haben sie fast immer gut Platz am Gurt oder Kletterrucksack.<\/p>\n<p>Im Folgenden zeigen wir euch den klassischen Aufbau eines Flaschenzuges. Man sieht sofort, wie die Klemmen dabei eingesetzt werden.<\/p>\n<figure id=\"attachment_15593\" aria-describedby=\"caption-attachment-15593\" style=\"width: 400px\" class=\"wp-caption alignnone\"><a href=\"https:\/\/bolting.eu\/wp-content\/uploads\/2023\/04\/Petzl-Basic-Steigklemme-Flaschenzug-1.jpg\"><img loading=\"lazy\" decoding=\"async\" class=\"wp-image-15593 size-medium\" src=\"https:\/\/bolting.eu\/wp-content\/uploads\/2023\/04\/Petzl-Basic-Steigklemme-Flaschenzug-1-400x400.jpg\" alt=\"Grafik zum Aufbau eines Flaschenzuges mit der BAsic Steigklemme.\" width=\"400\" height=\"400\" srcset=\"https:\/\/bolting.eu\/wp-content\/uploads\/2023\/04\/Petzl-Basic-Steigklemme-Flaschenzug-1-400x400.jpg 400w, https:\/\/bolting.eu\/wp-content\/uploads\/2023\/04\/Petzl-Basic-Steigklemme-Flaschenzug-1-280x280.jpg 280w, https:\/\/bolting.eu\/wp-content\/uploads\/2023\/04\/Petzl-Basic-Steigklemme-Flaschenzug-1-247x247.jpg 247w, https:\/\/bolting.eu\/wp-content\/uploads\/2023\/04\/Petzl-Basic-Steigklemme-Flaschenzug-1-510x510.jpg 510w, https:\/\/bolting.eu\/wp-content\/uploads\/2023\/04\/Petzl-Basic-Steigklemme-Flaschenzug-1-100x100.jpg 100w, https:\/\/bolting.eu\/wp-content\/uploads\/2023\/04\/Petzl-Basic-Steigklemme-Flaschenzug-1.jpg 700w\" sizes=\"auto, (max-width: 400px) 100vw, 400px\" \/><\/a><figcaption id=\"caption-attachment-15593\" class=\"wp-caption-text\">So sieht ein klassischer Flaschenzug aus. Grafik: Petzl.com<\/figcaption><\/figure>\n<p>&nbsp;<\/p>\n","protected":false},"excerpt":{"rendered":"<p>Simple und kosteng\u00fcnstige Steigklemme f\u00fcr den universellen Einsatz.<\/p>\n<p>Ideal f\u00fcr Flaschenz\u00fcge und dem Aufstieg am Seil.<\/p>\n<p>Versandkostenfrei bis 2kg in <img decoding=\"async\" class=\"emoji\" role=\"img\" draggable=\"false\" src=\"https:\/\/s.w.org\/images\/core\/emoji\/14.0.0\/svg\/1f1e6-1f1f9.svg\" alt=\"\ud83c\udde6\ud83c\uddf9\" \/> ab \u20ac 100,- und <img decoding=\"async\" class=\"emoji\" role=\"img\" draggable=\"false\" src=\"https:\/\/s.w.org\/images\/core\/emoji\/14.0.0\/svg\/1f1e9-1f1ea.svg\" alt=\"\ud83c\udde9\ud83c\uddea\" \/> ab \u20ac 200,-!<\/p>\n<p>&nbsp;<\/p>\n","protected":false},"featured_media":15594,"comment_status":"closed","ping_status":"closed","template":"","meta":[],"product_brand":[],"product_cat":[29,3660,14093],"product_tag":[],"class_list":{"0":"post-15591","1":"product","2":"type-product","3":"status-publish","4":"has-post-thumbnail","6":"product_cat-kletterausruestung","7":"product_cat-steigklemmen-seilklemmen","8":"product_cat-petzl","10":"first","11":"instock","12":"taxable","13":"shipping-taxable","14":"purchasable","15":"product-type-simple"},"yoast_head":"<!-- This site is optimized with the Yoast SEO Premium plugin v26.9 (Yoast SEO v26.9) - https:\/\/yoast.com\/product\/yoast-seo-premium-wordpress\/ -->\n<title>Petzl Basic Seilklemme online kaufen | bolting.eu<\/title>\n<meta name=\"description\" content=\"Petzl Basic Steigklemme beim Hardwareprofi aus Innsbruck kaufen \u2705 kostenloser Versand* \u2705 14 Tage R\u00fcckgaberecht \u2705 Co2 neutraler Versand\" \/>\n<meta name=\"robots\" content=\"index, follow, max-snippet:-1, max-image-preview:large, max-video-preview:-1\" \/>\n<link rel=\"canonical\" href=\"https:\/\/bolting.eu\/en\/shop\/petzl-basic-seilklemme\/\" \/>\n<meta property=\"og:locale\" content=\"en_US\" \/>\n<meta property=\"og:type\" content=\"article\" \/>\n<meta property=\"og:title\" content=\"Petzl Basic Seilklemme\" \/>\n<meta property=\"og:description\" content=\"Petzl Basic Steigklemme beim Hardwareprofi aus Innsbruck kaufen \u2705 kostenloser Versand* \u2705 14 Tage R\u00fcckgaberecht \u2705 Co2 neutraler Versand\" \/>\n<meta property=\"og:url\" content=\"https:\/\/bolting.eu\/en\/shop\/petzl-basic-seilklemme\/\" \/>\n<meta property=\"og:site_name\" content=\"bolting.eu\" \/>\n<meta property=\"article:publisher\" content=\"https:\/\/www.facebook.com\/bolting.eu\" \/>\n<meta property=\"article:modified_time\" content=\"2025-12-17T15:09:54+00:00\" \/>\n<meta property=\"og:image\" content=\"https:\/\/bolting.eu\/wp-content\/uploads\/2023\/04\/Petzl-Basic-Steigklemme-1.jpg\" \/>\n\t<meta property=\"og:image:width\" content=\"700\" \/>\n\t<meta property=\"og:image:height\" content=\"700\" \/>\n\t<meta property=\"og:image:type\" content=\"image\/jpeg\" \/>\n<meta name=\"twitter:card\" content=\"summary_large_image\" \/>\n<meta name=\"twitter:label1\" content=\"Price\" \/>\n\t<meta name=\"twitter:data1\" content=\"&euro;&nbsp;60,00\" \/>\n\t<meta name=\"twitter:label2\" content=\"Availability\" \/>\n\t<meta name=\"twitter:data2\" content=\"In stock\" \/>\n<script type=\"application\/ld+json\" class=\"yoast-schema-graph\">{\"@context\":\"https:\/\/schema.org\",\"@graph\":[{\"@type\":[\"WebPage\",\"ItemPage\"],\"@id\":\"https:\/\/bolting.eu\/en\/shop\/petzl-basic-seilklemme\/\",\"url\":\"https:\/\/bolting.eu\/en\/shop\/petzl-basic-seilklemme\/\",\"name\":\"Petzl Basic Seilklemme online kaufen | bolting.eu\",\"isPartOf\":{\"@id\":\"https:\/\/bolting.eu\/en\/#website\"},\"primaryImageOfPage\":{\"@id\":\"https:\/\/bolting.eu\/en\/shop\/petzl-basic-seilklemme\/#primaryimage\"},\"image\":{\"@id\":\"https:\/\/bolting.eu\/en\/shop\/petzl-basic-seilklemme\/#primaryimage\"},\"thumbnailUrl\":\"https:\/\/bolting.eu\/wp-content\/uploads\/2023\/04\/Petzl-Basic-Steigklemme-1.jpg\",\"datePublished\":\"2023-04-16T11:38:44+00:00\",\"dateModified\":\"2025-12-17T15:09:54+00:00\",\"description\":\"Petzl Basic Steigklemme beim Hardwareprofi aus Innsbruck kaufen \u2705 kostenloser Versand* \u2705 14 Tage R\u00fcckgaberecht \u2705 Co2 neutraler Versand\",\"breadcrumb\":{\"@id\":\"https:\/\/bolting.eu\/en\/shop\/petzl-basic-seilklemme\/#breadcrumb\"},\"inLanguage\":\"en-US\",\"potentialAction\":[{\"@type\":\"ReadAction\",\"target\":[\"https:\/\/bolting.eu\/en\/shop\/petzl-basic-seilklemme\/\"]}]},{\"@type\":\"ImageObject\",\"inLanguage\":\"en-US\",\"@id\":\"https:\/\/bolting.eu\/en\/shop\/petzl-basic-seilklemme\/#primaryimage\",\"url\":\"https:\/\/bolting.eu\/wp-content\/uploads\/2023\/04\/Petzl-Basic-Steigklemme-1.jpg\",\"contentUrl\":\"https:\/\/bolting.eu\/wp-content\/uploads\/2023\/04\/Petzl-Basic-Steigklemme-1.jpg\",\"width\":700,\"height\":700,\"caption\":\"Graue Petzl Basic Steigklemme von der Seite mit schwarzem Sicherheitsb\u00fcgel.\"},{\"@type\":\"BreadcrumbList\",\"@id\":\"https:\/\/bolting.eu\/en\/shop\/petzl-basic-seilklemme\/#breadcrumb\",\"itemListElement\":[{\"@type\":\"ListItem\",\"position\":1,\"name\":\"Shop\",\"item\":\"https:\/\/bolting.eu\/en\/shop\/\"},{\"@type\":\"ListItem\",\"position\":2,\"name\":\"climbing equipment\",\"item\":\"https:\/\/bolting.eu\/en\/produkt-kategorie\/climbing-equipment\/\"},{\"@type\":\"ListItem\",\"position\":3,\"name\":\"Steigklemmen - Seilklemmen\",\"item\":\"https:\/\/bolting.eu\/produkt-kategorie\/kletterausruestung\/steigklemmen-seilklemmen\/\"},{\"@type\":\"ListItem\",\"position\":4,\"name\":\"Petzl Basic Seilklemme\"}]},{\"@type\":\"WebSite\",\"@id\":\"https:\/\/bolting.eu\/en\/#website\",\"url\":\"https:\/\/bolting.eu\/en\/\",\"name\":\"bolting.eu\",\"description\":\"we make climbs happen\",\"publisher\":{\"@id\":\"https:\/\/bolting.eu\/en\/#organization\"},\"potentialAction\":[{\"@type\":\"SearchAction\",\"target\":{\"@type\":\"EntryPoint\",\"urlTemplate\":\"https:\/\/bolting.eu\/en\/?s={search_term_string}\"},\"query-input\":{\"@type\":\"PropertyValueSpecification\",\"valueRequired\":true,\"valueName\":\"search_term_string\"}}],\"inLanguage\":\"en-US\"},{\"@type\":[\"Organization\",\"Place\",\"SportingGoodsStore\"],\"@id\":\"https:\/\/bolting.eu\/en\/#organization\",\"name\":\"bolting.eu\",\"url\":\"https:\/\/bolting.eu\/en\/\",\"logo\":{\"@id\":\"https:\/\/bolting.eu\/en\/shop\/petzl-basic-seilklemme\/#local-main-organization-logo\"},\"image\":{\"@id\":\"https:\/\/bolting.eu\/en\/shop\/petzl-basic-seilklemme\/#local-main-organization-logo\"},\"sameAs\":[\"https:\/\/www.facebook.com\/bolting.eu\",\"https:\/\/www.instagram.com\/bolting.eu\/\"],\"address\":{\"@id\":\"https:\/\/bolting.eu\/en\/shop\/petzl-basic-seilklemme\/#local-main-place-address\"},\"geo\":{\"@type\":\"GeoCoordinates\",\"latitude\":\"47.264176340396226\",\"longitude\":\"11.380109057672346\"},\"telephone\":[\"+43 699 19083372\"],\"openingHoursSpecification\":[{\"@type\":\"OpeningHoursSpecification\",\"dayOfWeek\":[\"Monday\",\"Wednesday\",\"Friday\"],\"opens\":\"14:00\",\"closes\":\"18:00\"},{\"@type\":\"OpeningHoursSpecification\",\"dayOfWeek\":[\"Tuesday\",\"Thursday\",\"Saturday\",\"Sunday\"],\"opens\":\"00:00\",\"closes\":\"00:00\"}],\"email\":\"office@bolting.eu\",\"vatID\":\"ATU59999728\",\"priceRange\":\"$$\",\"currenciesAccepted\":\"Euro\"},{\"@type\":\"PostalAddress\",\"@id\":\"https:\/\/bolting.eu\/en\/shop\/petzl-basic-seilklemme\/#local-main-place-address\",\"streetAddress\":\"Fischnalerstra\u00dfe 4\",\"addressLocality\":\"Innsbruck\",\"postalCode\":\"6020\",\"addressRegion\":\"Tirol\",\"addressCountry\":\"AT\"},{\"@type\":\"ImageObject\",\"inLanguage\":\"en-US\",\"@id\":\"https:\/\/bolting.eu\/en\/shop\/petzl-basic-seilklemme\/#local-main-organization-logo\",\"url\":\"https:\/\/bolting.eu\/wp-content\/uploads\/2019\/09\/bolting-logo.png\",\"contentUrl\":\"https:\/\/bolting.eu\/wp-content\/uploads\/2019\/09\/bolting-logo.png\",\"width\":400,\"height\":211,\"caption\":\"bolting.eu\"}]}<\/script>\n<meta property=\"og:video\" content=\"https:\/\/www.youtube.com\/embed\/SZ4END_QLpw\" \/>\n<meta property=\"og:video:type\" content=\"text\/html\" \/>\n<meta property=\"og:video:duration\" content=\"321\" \/>\n<meta property=\"og:video:width\" content=\"480\" \/>\n<meta property=\"og:video:height\" content=\"270\" \/>\n<meta property=\"ya:ovs:adult\" content=\"false\" \/>\n<meta property=\"ya:ovs:upload_date\" content=\"2023-04-16T11:38:44+00:00\" \/>\n<meta property=\"ya:ovs:allow_embed\" content=\"true\" \/>\n<meta property=\"product:price:amount\" content=\"60.00\" \/>\n<meta property=\"product:price:currency\" content=\"EUR\" \/>\n<meta property=\"og:availability\" content=\"instock\" \/>\n<meta property=\"product:availability\" content=\"instock\" \/>\n<meta property=\"product:retailer_item_id\" content=\"B18BAA\" \/>\n<meta property=\"product:condition\" content=\"new\" \/>\n<meta name=\"geo.placename\" content=\"Innsbruck\" \/>\n<meta name=\"geo.position\" content=\"47.264176340396226;11.380109057672346\" \/>\n<meta name=\"geo.region\" content=\"Austria\" \/>\n<!-- \/ Yoast SEO Premium plugin. -->","yoast_head_json":{"title":"Petzl Basic Seilklemme online kaufen | bolting.eu","description":"Petzl Basic Steigklemme beim Hardwareprofi aus Innsbruck kaufen \u2705 kostenloser Versand* \u2705 14 Tage R\u00fcckgaberecht \u2705 Co2 neutraler Versand","robots":{"index":"index","follow":"follow","max-snippet":"max-snippet:-1","max-image-preview":"max-image-preview:large","max-video-preview":"max-video-preview:-1"},"canonical":"https:\/\/bolting.eu\/en\/shop\/petzl-basic-seilklemme\/","og_locale":"en_US","og_type":"article","og_title":"Petzl Basic Seilklemme","og_description":"Petzl Basic Steigklemme beim Hardwareprofi aus Innsbruck kaufen \u2705 kostenloser Versand* \u2705 14 Tage R\u00fcckgaberecht \u2705 Co2 neutraler Versand","og_url":"https:\/\/bolting.eu\/en\/shop\/petzl-basic-seilklemme\/","og_site_name":"bolting.eu","article_publisher":"https:\/\/www.facebook.com\/bolting.eu","article_modified_time":"2025-12-17T15:09:54+00:00","og_image":[{"width":700,"height":700,"url":"https:\/\/bolting.eu\/wp-content\/uploads\/2023\/04\/Petzl-Basic-Steigklemme-1.jpg","type":"image\/jpeg"}],"twitter_card":"summary_large_image","twitter_misc":{"Price":"&euro;&nbsp;60,00","Availability":"In stock"},"schema":{"@context":"https:\/\/schema.org","@graph":[{"@type":["WebPage","ItemPage"],"@id":"https:\/\/bolting.eu\/en\/shop\/petzl-basic-seilklemme\/","url":"https:\/\/bolting.eu\/en\/shop\/petzl-basic-seilklemme\/","name":"Petzl Basic Seilklemme online kaufen | bolting.eu","isPartOf":{"@id":"https:\/\/bolting.eu\/en\/#website"},"primaryImageOfPage":{"@id":"https:\/\/bolting.eu\/en\/shop\/petzl-basic-seilklemme\/#primaryimage"},"image":{"@id":"https:\/\/bolting.eu\/en\/shop\/petzl-basic-seilklemme\/#primaryimage"},"thumbnailUrl":"https:\/\/bolting.eu\/wp-content\/uploads\/2023\/04\/Petzl-Basic-Steigklemme-1.jpg","datePublished":"2023-04-16T11:38:44+00:00","dateModified":"2025-12-17T15:09:54+00:00","description":"Petzl Basic Steigklemme beim Hardwareprofi aus Innsbruck kaufen \u2705 kostenloser Versand* \u2705 14 Tage R\u00fcckgaberecht \u2705 Co2 neutraler Versand","breadcrumb":{"@id":"https:\/\/bolting.eu\/en\/shop\/petzl-basic-seilklemme\/#breadcrumb"},"inLanguage":"en-US","potentialAction":[{"@type":"ReadAction","target":["https:\/\/bolting.eu\/en\/shop\/petzl-basic-seilklemme\/"]}]},{"@type":"ImageObject","inLanguage":"en-US","@id":"https:\/\/bolting.eu\/en\/shop\/petzl-basic-seilklemme\/#primaryimage","url":"https:\/\/bolting.eu\/wp-content\/uploads\/2023\/04\/Petzl-Basic-Steigklemme-1.jpg","contentUrl":"https:\/\/bolting.eu\/wp-content\/uploads\/2023\/04\/Petzl-Basic-Steigklemme-1.jpg","width":700,"height":700,"caption":"Graue Petzl Basic Steigklemme von der Seite mit schwarzem Sicherheitsb\u00fcgel."},{"@type":"BreadcrumbList","@id":"https:\/\/bolting.eu\/en\/shop\/petzl-basic-seilklemme\/#breadcrumb","itemListElement":[{"@type":"ListItem","position":1,"name":"Shop","item":"https:\/\/bolting.eu\/en\/shop\/"},{"@type":"ListItem","position":2,"name":"climbing equipment","item":"https:\/\/bolting.eu\/en\/produkt-kategorie\/climbing-equipment\/"},{"@type":"ListItem","position":3,"name":"Steigklemmen - Seilklemmen","item":"https:\/\/bolting.eu\/produkt-kategorie\/kletterausruestung\/steigklemmen-seilklemmen\/"},{"@type":"ListItem","position":4,"name":"Petzl Basic Seilklemme"}]},{"@type":"WebSite","@id":"https:\/\/bolting.eu\/en\/#website","url":"https:\/\/bolting.eu\/en\/","name":"bolting.eu","description":"we make climbs happen","publisher":{"@id":"https:\/\/bolting.eu\/en\/#organization"},"potentialAction":[{"@type":"SearchAction","target":{"@type":"EntryPoint","urlTemplate":"https:\/\/bolting.eu\/en\/?s={search_term_string}"},"query-input":{"@type":"PropertyValueSpecification","valueRequired":true,"valueName":"search_term_string"}}],"inLanguage":"en-US"},{"@type":["Organization","Place","SportingGoodsStore"],"@id":"https:\/\/bolting.eu\/en\/#organization","name":"bolting.eu","url":"https:\/\/bolting.eu\/en\/","logo":{"@id":"https:\/\/bolting.eu\/en\/shop\/petzl-basic-seilklemme\/#local-main-organization-logo"},"image":{"@id":"https:\/\/bolting.eu\/en\/shop\/petzl-basic-seilklemme\/#local-main-organization-logo"},"sameAs":["https:\/\/www.facebook.com\/bolting.eu","https:\/\/www.instagram.com\/bolting.eu\/"],"address":{"@id":"https:\/\/bolting.eu\/en\/shop\/petzl-basic-seilklemme\/#local-main-place-address"},"geo":{"@type":"GeoCoordinates","latitude":"47.264176340396226","longitude":"11.380109057672346"},"telephone":["+43 699 19083372"],"openingHoursSpecification":[{"@type":"OpeningHoursSpecification","dayOfWeek":["Monday","Wednesday","Friday"],"opens":"14:00","closes":"18:00"},{"@type":"OpeningHoursSpecification","dayOfWeek":["Tuesday","Thursday","Saturday","Sunday"],"opens":"00:00","closes":"00:00"}],"email":"office@bolting.eu","vatID":"ATU59999728","priceRange":"$$","currenciesAccepted":"Euro"},{"@type":"PostalAddress","@id":"https:\/\/bolting.eu\/en\/shop\/petzl-basic-seilklemme\/#local-main-place-address","streetAddress":"Fischnalerstra\u00dfe 4","addressLocality":"Innsbruck","postalCode":"6020","addressRegion":"Tirol","addressCountry":"AT"},{"@type":"ImageObject","inLanguage":"en-US","@id":"https:\/\/bolting.eu\/en\/shop\/petzl-basic-seilklemme\/#local-main-organization-logo","url":"https:\/\/bolting.eu\/wp-content\/uploads\/2019\/09\/bolting-logo.png","contentUrl":"https:\/\/bolting.eu\/wp-content\/uploads\/2019\/09\/bolting-logo.png","width":400,"height":211,"caption":"bolting.eu"}]},"og_video":"https:\/\/www.youtube.com\/embed\/SZ4END_QLpw","og_video_type":"text\/html","og_video_duration":"321","og_video_width":"480","og_video_height":"270","ya_ovs_adult":"false","ya_ovs_upload_date":"2023-04-16T11:38:44+00:00","ya_ovs_allow_embed":"true","product_price_amount":"60.00","product_price_currency":"EUR","og_availability":"instock","product_availability":"instock","product_retailer_item_id":"B18BAA","product_condition":"new","geo.placename":"Innsbruck","geo.position":{"lat":"47.264176340396226","long":"11.380109057672346"},"geo.region":"Austria"},"_links":{"self":[{"href":"https:\/\/bolting.eu\/en\/wp-json\/wp\/v2\/product\/15591","targetHints":{"allow":["GET"]}}],"collection":[{"href":"https:\/\/bolting.eu\/en\/wp-json\/wp\/v2\/product"}],"about":[{"href":"https:\/\/bolting.eu\/en\/wp-json\/wp\/v2\/types\/product"}],"replies":[{"embeddable":true,"href":"https:\/\/bolting.eu\/en\/wp-json\/wp\/v2\/comments?post=15591"}],"wp:featuredmedia":[{"embeddable":true,"href":"https:\/\/bolting.eu\/en\/wp-json\/wp\/v2\/media\/15594"}],"wp:attachment":[{"href":"https:\/\/bolting.eu\/en\/wp-json\/wp\/v2\/media?parent=15591"}],"wp:term":[{"taxonomy":"product_brand","embeddable":true,"href":"https:\/\/bolting.eu\/en\/wp-json\/wp\/v2\/product_brand?post=15591"},{"taxonomy":"product_cat","embeddable":true,"href":"https:\/\/bolting.eu\/en\/wp-json\/wp\/v2\/product_cat?post=15591"},{"taxonomy":"product_tag","embeddable":true,"href":"https:\/\/bolting.eu\/en\/wp-json\/wp\/v2\/product_tag?post=15591"}],"curies":[{"name":"wp","href":"https:\/\/api.w.org\/{rel}","templated":true}]}}