{"id":15498,"date":"2023-04-03T16:44:10","date_gmt":"2023-04-03T14:44:10","guid":{"rendered":"https:\/\/bolting.eu\/?post_type=product&#038;p=15498"},"modified":"2026-03-14T16:21:32","modified_gmt":"2026-03-14T15:21:32","slug":"dmm-dragon-cams","status":"publish","type":"product","link":"https:\/\/bolting.eu\/en\/shop\/dmm-dragon-cams\/","title":{"rendered":"DMM Dragon Cams"},"content":{"rendered":"<p>Die DMM Dragon Cams z\u00e4hlen zu den beliebtesten Friends am Markt. Und das aus gutem Grund. Denn die Klemmger\u00e4te haben einen entscheidenden Vorteil gegen\u00fcber den <a href=\"https:\/\/bolting.eu\/shop\/black-diamond-camalots\/\">Camalots<\/a>.<\/p>\n<p>Die verl\u00e4ngerbare 30cm <a href=\"https:\/\/bolting.eu\/produkt-kategorie\/kletterausruestung\/bandschlinge\/\">Bandschlinge<\/a>!<\/p>\n<p>Somit braucht man anstatt einer zus\u00e4tzlichen <a href=\"https:\/\/bolting.eu\/produkt-kategorie\/kletterausruestung\/expressschlingen\/\">Expressschlinge<\/a> nur einen kleinen <a href=\"https:\/\/bolting.eu\/produkt-kategorie\/kletterausruestung\/kletterkarabiner\/schnappkarabiner\/\">Schnappkarabiner<\/a>. Das bringt zum einen eine deutliche Gewichtsersparnis. Und zum anderen ein wesentlich einfacheres Handling.<\/p>\n<p>Ansonsten sind die Cams recht identisch aufgebaut. Auf einer Doppelachse sitzen die Klemmsegmente mit 13,5\u00b0 Anpresswinkel.<\/p>\n<p>Kurzum. Wer sehr viel Trad klettert ist hier an der richtigen Adresse.<\/p>\n<h2>Eigenschaften Dragon Cams<\/h2>\n<ul>\n<li>Hersteller: <a href=\"https:\/\/bolting.eu\/produkt-kategorie\/dmm\/\">DMM Wales<\/a><\/li>\n<li>Material: Aluminium, Stahldraht, Kunststoff, Dyneema<\/li>\n<li>Gr\u00f6\u00dfen: 00,0,1,2,3,4,5,6,7,8<\/li>\n<li>farblich markierte Gr\u00f6\u00dfen<\/li>\n<li>Gewicht: 75 &#8211; 515 Gramm<\/li>\n<li>Rissbreiten: 14 &#8211; 195mm<\/li>\n<li>Normen: EN 12276<\/li>\n<li>8mm Dyneema Bandschlinge: ausgezogen 30cm lang<\/li>\n<li>doppelachsiger Friend<\/li>\n<li>13,5\u00b0 Klemmwinkel<\/li>\n<li>Triple Grip Oberfl\u00e4che bei Klemmsegmenten<\/li>\n<li>extrem guter Halt v.a. in weicheren Gesteinsarten<\/li>\n<li>ergonomischer Griff mit Delle f\u00fcr Daumen<\/li>\n<li><a href=\"https:\/\/dmmwales.com\/climbing-products\/cams\/dragon-cams#:~:text=Camming%20Devices%20User%20Instructions%20(EN%2C%20FR%2C%20DE%2C%20IT%2C%20ES%2C%20PT%2C%20NL%2C%20NO%2C%20SV%2C%20FI%2C%20DK%2C%20PL%2C%20CZ%2C%20SK)\">Bedienungsanleitung<\/a><\/li>\n<\/ul>\n<p>&nbsp;<\/p>\n<h3>Gr\u00f6\u00dfentabelle<\/h3>\n<p>Im Folgenden findet ihr eine genaue \u00dcbersicht zu den Dragon Cams und ihren Eigenschaften.<\/p>\n<table width=\"643\">\n<tbody>\n<tr>\n<td style=\"text-align: center;\" width=\"87\"><strong>Gr\u00f6\u00dfe<\/strong><\/td>\n<td style=\"text-align: center;\" width=\"87\"><strong>Farbe<\/strong><\/td>\n<td style=\"text-align: center;\" width=\"105\"><strong>Bruchlast aktiv<\/strong><\/td>\n<td style=\"text-align: center;\" width=\"115\"><strong>Bruchlast passiv<\/strong><\/td>\n<td style=\"text-align: center;\" width=\"136\"><strong>Gewicht in Gramm<\/strong><\/td>\n<td style=\"text-align: center;\" width=\"113\"><strong>Rissbreiten mm<\/strong><\/td>\n<\/tr>\n<tr>\n<td style=\"text-align: center;\">00<\/td>\n<td style=\"text-align: center;\">blau<\/td>\n<td style=\"text-align: center;\">10kN<\/td>\n<td style=\"text-align: center;\">9kN<\/td>\n<td style=\"text-align: center;\">75<\/td>\n<td style=\"text-align: center;\">14 &#8211; 21<\/td>\n<\/tr>\n<tr>\n<td style=\"text-align: center;\">0<\/td>\n<td style=\"text-align: center;\">silber<\/td>\n<td style=\"text-align: center;\">14kN<\/td>\n<td style=\"text-align: center;\">12kN<\/td>\n<td style=\"text-align: center;\">85<\/td>\n<td style=\"text-align: center;\">16 &#8211; 25<\/td>\n<\/tr>\n<tr>\n<td style=\"text-align: center;\">1<\/td>\n<td style=\"text-align: center;\">violett<\/td>\n<td style=\"text-align: center;\">14kN<\/td>\n<td style=\"text-align: center;\">14kN<\/td>\n<td style=\"text-align: center;\">103<\/td>\n<td style=\"text-align: center;\">20 &#8211; 33<\/td>\n<\/tr>\n<tr>\n<td style=\"text-align: center;\">2<\/td>\n<td style=\"text-align: center;\">gr\u00fcn<\/td>\n<td style=\"text-align: center;\">14kN<\/td>\n<td style=\"text-align: center;\">14kN<\/td>\n<td style=\"text-align: center;\">117<\/td>\n<td style=\"text-align: center;\">24 &#8211; 41<\/td>\n<\/tr>\n<tr>\n<td style=\"text-align: center;\">3<\/td>\n<td style=\"text-align: center;\">rot<\/td>\n<td style=\"text-align: center;\">14kN<\/td>\n<td style=\"text-align: center;\">14kN<\/td>\n<td style=\"text-align: center;\">128<\/td>\n<td style=\"text-align: center;\">29 &#8211; 50<\/td>\n<\/tr>\n<tr>\n<td style=\"text-align: center;\">4<\/td>\n<td style=\"text-align: center;\">gold<\/td>\n<td style=\"text-align: center;\">14kN<\/td>\n<td style=\"text-align: center;\">14kN<\/td>\n<td style=\"text-align: center;\">154<\/td>\n<td style=\"text-align: center;\">38 &#8211; 64<\/td>\n<\/tr>\n<tr>\n<td style=\"text-align: center;\">5<\/td>\n<td style=\"text-align: center;\">blau<\/td>\n<td style=\"text-align: center;\">14kN<\/td>\n<td style=\"text-align: center;\">14kN<\/td>\n<td style=\"text-align: center;\">208<\/td>\n<td style=\"text-align: center;\">50 &#8211; 85<\/td>\n<\/tr>\n<tr>\n<td style=\"text-align: center;\">6<\/td>\n<td style=\"text-align: center;\">silber<\/td>\n<td style=\"text-align: center;\">14kN<\/td>\n<td style=\"text-align: center;\">14kN<\/td>\n<td style=\"text-align: center;\">299<\/td>\n<td style=\"text-align: center;\">68 &#8211; 114<\/td>\n<\/tr>\n<tr>\n<td style=\"text-align: center;\">7<\/td>\n<td style=\"text-align: center;\">violett<\/td>\n<td style=\"text-align: center;\">14kN<\/td>\n<td style=\"text-align: center;\">14kN<\/td>\n<td style=\"text-align: center;\">362<\/td>\n<td style=\"text-align: center;\">88-149<\/td>\n<\/tr>\n<tr>\n<td style=\"text-align: center;\">8<\/td>\n<td style=\"text-align: center;\">gr\u00fcn<\/td>\n<td style=\"text-align: center;\">14kN<\/td>\n<td style=\"text-align: center;\">14kN<\/td>\n<td style=\"text-align: center;\">515<\/td>\n<td style=\"text-align: center;\">116-195<\/td>\n<\/tr>\n<\/tbody>\n<\/table>\n<p>&nbsp;<\/p>\n<h3>Bruchlasten<\/h3>\n<p>Beachtet die enormen Bruchlasten der DMM Friends. Sie liegen deutlich \u00fcber jenen aller anderen Hersteller.<\/p>\n<p>Wie sie getestet werden, k\u00f6nnt ihr euch im Folgenden Video ansehen.<\/p>\n<p><iframe loading=\"lazy\" title=\"DMM Dragon Cam testing\" width=\"1020\" height=\"574\" src=\"https:\/\/www.youtube.com\/embed\/UDuhx18T394?feature=oembed\" frameborder=\"0\" allow=\"accelerometer; autoplay; clipboard-write; encrypted-media; gyroscope; picture-in-picture; web-share\" referrerpolicy=\"strict-origin-when-cross-origin\" allowfullscreen><\/iframe><\/p>\n<h3>DMM Dragon Cams = ausziehbare Bandschlinge<\/h3>\n<p>Wie gesagt. Die ausziehbare Bandschlinge ist eine DER Features dieser Klemmger\u00e4te.<\/p>\n<p>Zum Aufracken wird die Schlinge &#8220;doppelt&#8221; belassen. Dann ist sie 15 cm lang. Wird der Friend aber in den Riss gelegt, so H\u00e4ngt man den Karabiner aus und gibt ihn nur mehr in einer der beiden Schlaufen. Dann daran ziehen und schon ist die Schlinge verl\u00e4ngert. Dann ist sie 30cm lang.<\/p>\n<p>Das folgende Bild zeigt, wie das dann aussieht.<\/p>\n<figure id=\"attachment_15524\" aria-describedby=\"caption-attachment-15524\" style=\"width: 800px\" class=\"wp-caption alignnone\"><a href=\"https:\/\/bolting.eu\/wp-content\/uploads\/2023\/04\/Dragon-Cams-ausziehbare-Schlinge.jpg\"><img loading=\"lazy\" decoding=\"async\" class=\"wp-image-15524 size-medium\" src=\"https:\/\/bolting.eu\/wp-content\/uploads\/2023\/04\/Dragon-Cams-ausziehbare-Schlinge-800x400.jpg\" alt=\"DMM DRagon Cam mit doppelter und mit verl\u00e4ngerte Bandschlinge und Karabiner.\" width=\"800\" height=\"400\" srcset=\"https:\/\/bolting.eu\/wp-content\/uploads\/2023\/04\/Dragon-Cams-ausziehbare-Schlinge-800x400.jpg 800w, https:\/\/bolting.eu\/wp-content\/uploads\/2023\/04\/Dragon-Cams-ausziehbare-Schlinge-768x384.jpg 768w, https:\/\/bolting.eu\/wp-content\/uploads\/2023\/04\/Dragon-Cams-ausziehbare-Schlinge-510x255.jpg 510w, https:\/\/bolting.eu\/wp-content\/uploads\/2023\/04\/Dragon-Cams-ausziehbare-Schlinge-100x50.jpg 100w, https:\/\/bolting.eu\/wp-content\/uploads\/2023\/04\/Dragon-Cams-ausziehbare-Schlinge.jpg 1200w\" sizes=\"auto, (max-width: 800px) 100vw, 800px\" \/><\/a><figcaption id=\"caption-attachment-15524\" class=\"wp-caption-text\">Unten: mit &#8220;doppelter&#8221; Schlinge kommt der Friend an den Gurt Oben: so wird die Schlinge &#8220;verl\u00e4ngert&#8221;<\/figcaption><\/figure>\n<h3>Die besseren Camalots<\/h3>\n<p>Oft werden die Dragon Cams wegen diesem Feature auch als die &#8220;besseren&#8221; Camalots bezeichnet.<\/p>\n<p>Denn durch die lange Schlinge erspart man sich gleich zwei Dinge.<\/p>\n<p>Erstens neben dem Karabiner f\u00fcr den Friend selbst auch eine zus\u00e4tzliche Express mitf\u00fchren. Das macht gut 100 Gramm pro Klemmger\u00e4t aus. Und zweitens braucht man klarer Weise auch den Platz nicht daf\u00fcr am Gurt. Somit gibt es auch deutlich mehr \u00dcbersicht am Gurt.<\/p>\n<figure id=\"attachment_15523\" aria-describedby=\"caption-attachment-15523\" style=\"width: 800px\" class=\"wp-caption alignnone\"><a href=\"https:\/\/bolting.eu\/wp-content\/uploads\/2023\/04\/Dragon-Cams-Camalots-Vergleich.jpg\"><img loading=\"lazy\" decoding=\"async\" class=\"wp-image-15523 size-medium\" src=\"https:\/\/bolting.eu\/wp-content\/uploads\/2023\/04\/Dragon-Cams-Camalots-Vergleich-800x400.jpg\" alt=\"oter DMM Dragon Cam neben rotem Black Diamond Camalot Friend zum Vergleich.\" width=\"800\" height=\"400\" srcset=\"https:\/\/bolting.eu\/wp-content\/uploads\/2023\/04\/Dragon-Cams-Camalots-Vergleich-800x400.jpg 800w, https:\/\/bolting.eu\/wp-content\/uploads\/2023\/04\/Dragon-Cams-Camalots-Vergleich-768x384.jpg 768w, https:\/\/bolting.eu\/wp-content\/uploads\/2023\/04\/Dragon-Cams-Camalots-Vergleich-510x255.jpg 510w, https:\/\/bolting.eu\/wp-content\/uploads\/2023\/04\/Dragon-Cams-Camalots-Vergleich-100x50.jpg 100w, https:\/\/bolting.eu\/wp-content\/uploads\/2023\/04\/Dragon-Cams-Camalots-Vergleich.jpg 1200w\" sizes=\"auto, (max-width: 800px) 100vw, 800px\" \/><\/a><figcaption id=\"caption-attachment-15523\" class=\"wp-caption-text\">Die beiden Cams im Vergleich. Man sieht den Unterschied der Systematik, also einen Karabiner vs. zus\u00e4tzliche Expressschlinge<\/figcaption><\/figure>\n<h3>Einfacheres Handling der Dragon Cams<\/h3>\n<p>Oftmals wird den DMM Friends ein besseres Handling als den Camalots attestiert. Der Grund liegt klar auf der Hand.<\/p>\n<p>Zum einen entf\u00e4llt das l\u00e4stige Klippen einer zus\u00e4tzlichen Express. Zum anderen ist der Steg ganz anders gemacht und f\u00fcr den Daumen gibt es eine sch\u00f6ne Delle am Einfassungspunkt.<\/p>\n<p>Im Grunde muss jeder selber entscheiden was er bevorzugt. Unserer Meinung nach sind die DMM Produkte f\u00fcr Trad Kletterer in der Handhabung einfacher. Wer viele Friends am Gurt hat, wird eine gro\u00dfe Freude mit ihnen haben.<\/p>\n<h4><span style=\"font-size: 120%;\">Schlingen Austausch &#8211; Service<\/span><\/h4>\n<p>Ihr habt alte DMM Dragon Cams und wollt die Schlingen daran tauschen? Dann nichts wie her damit. Schickt und die Klemmger\u00e4te und wir lassen sie euch von DMM gegen neue ersetzen.<\/p>\n<p>Die Wartedauer betr\u00e4gt hierf\u00fcr ca. 4 Wochen. Preis nur auf Anfrage bitte!<\/p>\n","protected":false},"excerpt":{"rendered":"<p>Doppelachsige Klemmger\u00e4te mit ausziehbarer Bandschlinge in 8 Gr\u00f6\u00dfen.<\/p>\n<p>Extrem gewichtssparend und toll im Handling.<\/p>\n<p>Versandkostenfrei bis 2kg in <img decoding=\"async\" class=\"emoji\" role=\"img\" draggable=\"false\" src=\"https:\/\/s.w.org\/images\/core\/emoji\/14.0.0\/svg\/1f1e6-1f1f9.svg\" alt=\"\ud83c\udde6\ud83c\uddf9\" \/> ab \u20ac 100,- und <img decoding=\"async\" class=\"emoji\" role=\"img\" draggable=\"false\" src=\"https:\/\/s.w.org\/images\/core\/emoji\/14.0.0\/svg\/1f1e9-1f1ea.svg\" alt=\"\ud83c\udde9\ud83c\uddea\" \/> ab \u20ac 200,-!<\/p>\n","protected":false},"featured_media":15512,"comment_status":"closed","ping_status":"closed","template":"","meta":[],"product_brand":[],"product_cat":[9670,29,39],"product_tag":[],"class_list":{"0":"post-15498","1":"product","2":"type-product","3":"status-publish","4":"has-post-thumbnail","6":"product_cat-dmm","7":"product_cat-kletterausruestung","8":"product_cat-klemmgeraete-friends","10":"first","11":"instock","12":"sale","13":"taxable","14":"shipping-taxable","15":"purchasable","16":"product-type-variable"},"yoast_head":"<!-- This site is optimized with the Yoast SEO Premium plugin v26.9 (Yoast SEO v26.9) - https:\/\/yoast.com\/product\/yoast-seo-premium-wordpress\/ -->\n<title>DMM Dragon Cams - doppelachsige DMM Friends | bolting.eu<\/title>\n<meta name=\"description\" content=\"DMM Dragon Cams - DMM Friends beim Kletterprofi aus Innsbruck kaufen \u2705 kostenloser Versand* \u2705 14 Tage R\u00fcckgaberecht \u2705 Co2 neutraler Versand\" \/>\n<meta name=\"robots\" content=\"index, follow, max-snippet:-1, max-image-preview:large, max-video-preview:-1\" \/>\n<link rel=\"canonical\" href=\"https:\/\/bolting.eu\/en\/shop\/dmm-dragon-cams\/\" \/>\n<meta property=\"og:locale\" content=\"en_US\" \/>\n<meta property=\"og:type\" content=\"article\" \/>\n<meta property=\"og:title\" content=\"DMM Dragon Cams\" \/>\n<meta property=\"og:description\" content=\"DMM Dragon Cams - DMM Friends beim Kletterprofi aus Innsbruck kaufen \u2705 kostenloser Versand* \u2705 14 Tage R\u00fcckgaberecht \u2705 Co2 neutraler Versand\" \/>\n<meta property=\"og:url\" content=\"https:\/\/bolting.eu\/en\/shop\/dmm-dragon-cams\/\" \/>\n<meta property=\"og:site_name\" content=\"bolting.eu\" \/>\n<meta property=\"article:publisher\" content=\"https:\/\/www.facebook.com\/bolting.eu\" \/>\n<meta property=\"article:modified_time\" content=\"2026-03-14T15:21:32+00:00\" \/>\n<meta property=\"og:image\" content=\"https:\/\/bolting.eu\/wp-content\/uploads\/2023\/04\/DMM-Dragon-Cams-1.jpg\" \/>\n\t<meta property=\"og:image:width\" content=\"700\" \/>\n\t<meta property=\"og:image:height\" content=\"700\" \/>\n\t<meta property=\"og:image:type\" content=\"image\/jpeg\" \/>\n<meta name=\"twitter:card\" content=\"summary_large_image\" \/>\n<meta name=\"twitter:label1\" content=\"Availability\" \/>\n\t<meta name=\"twitter:data1\" content=\"In stock\" \/>\n<script type=\"application\/ld+json\" class=\"yoast-schema-graph\">{\"@context\":\"https:\/\/schema.org\",\"@graph\":[{\"@type\":[\"WebPage\",\"ItemPage\"],\"@id\":\"https:\/\/bolting.eu\/en\/shop\/dmm-dragon-cams\/\",\"url\":\"https:\/\/bolting.eu\/en\/shop\/dmm-dragon-cams\/\",\"name\":\"DMM Dragon Cams - doppelachsige DMM Friends | bolting.eu\",\"isPartOf\":{\"@id\":\"https:\/\/bolting.eu\/en\/#website\"},\"primaryImageOfPage\":{\"@id\":\"https:\/\/bolting.eu\/en\/shop\/dmm-dragon-cams\/#primaryimage\"},\"image\":{\"@id\":\"https:\/\/bolting.eu\/en\/shop\/dmm-dragon-cams\/#primaryimage\"},\"thumbnailUrl\":\"https:\/\/bolting.eu\/wp-content\/uploads\/2023\/04\/DMM-Dragon-Cams-1.jpg\",\"datePublished\":\"2023-04-03T14:44:10+00:00\",\"dateModified\":\"2026-03-14T15:21:32+00:00\",\"description\":\"DMM Dragon Cams - DMM Friends beim Kletterprofi aus Innsbruck kaufen \u2705 kostenloser Versand* \u2705 14 Tage R\u00fcckgaberecht \u2705 Co2 neutraler Versand\",\"breadcrumb\":{\"@id\":\"https:\/\/bolting.eu\/en\/shop\/dmm-dragon-cams\/#breadcrumb\"},\"inLanguage\":\"en-US\",\"potentialAction\":[{\"@type\":\"ReadAction\",\"target\":[\"https:\/\/bolting.eu\/en\/shop\/dmm-dragon-cams\/\"]}]},{\"@type\":\"ImageObject\",\"inLanguage\":\"en-US\",\"@id\":\"https:\/\/bolting.eu\/en\/shop\/dmm-dragon-cams\/#primaryimage\",\"url\":\"https:\/\/bolting.eu\/wp-content\/uploads\/2023\/04\/DMM-Dragon-Cams-1.jpg\",\"contentUrl\":\"https:\/\/bolting.eu\/wp-content\/uploads\/2023\/04\/DMM-Dragon-Cams-1.jpg\",\"width\":700,\"height\":700,\"caption\":\"Dragon Cams\"},{\"@type\":\"BreadcrumbList\",\"@id\":\"https:\/\/bolting.eu\/en\/shop\/dmm-dragon-cams\/#breadcrumb\",\"itemListElement\":[{\"@type\":\"ListItem\",\"position\":1,\"name\":\"Shop\",\"item\":\"https:\/\/bolting.eu\/en\/shop\/\"},{\"@type\":\"ListItem\",\"position\":2,\"name\":\"climbing equipment\",\"item\":\"https:\/\/bolting.eu\/en\/produkt-kategorie\/climbing-equipment\/\"},{\"@type\":\"ListItem\",\"position\":3,\"name\":\"Klemmger\u00e4te - Friends\",\"item\":\"https:\/\/bolting.eu\/produkt-kategorie\/kletterausruestung\/klemmgeraete-friends\/\"},{\"@type\":\"ListItem\",\"position\":4,\"name\":\"DMM Dragon Cams\"}]},{\"@type\":\"WebSite\",\"@id\":\"https:\/\/bolting.eu\/en\/#website\",\"url\":\"https:\/\/bolting.eu\/en\/\",\"name\":\"bolting.eu\",\"description\":\"we make climbs happen\",\"publisher\":{\"@id\":\"https:\/\/bolting.eu\/en\/#organization\"},\"potentialAction\":[{\"@type\":\"SearchAction\",\"target\":{\"@type\":\"EntryPoint\",\"urlTemplate\":\"https:\/\/bolting.eu\/en\/?s={search_term_string}\"},\"query-input\":{\"@type\":\"PropertyValueSpecification\",\"valueRequired\":true,\"valueName\":\"search_term_string\"}}],\"inLanguage\":\"en-US\"},{\"@type\":[\"Organization\",\"Place\",\"SportingGoodsStore\"],\"@id\":\"https:\/\/bolting.eu\/en\/#organization\",\"name\":\"bolting.eu\",\"url\":\"https:\/\/bolting.eu\/en\/\",\"logo\":{\"@id\":\"https:\/\/bolting.eu\/en\/shop\/dmm-dragon-cams\/#local-main-organization-logo\"},\"image\":{\"@id\":\"https:\/\/bolting.eu\/en\/shop\/dmm-dragon-cams\/#local-main-organization-logo\"},\"sameAs\":[\"https:\/\/www.facebook.com\/bolting.eu\",\"https:\/\/www.instagram.com\/bolting.eu\/\"],\"address\":{\"@id\":\"https:\/\/bolting.eu\/en\/shop\/dmm-dragon-cams\/#local-main-place-address\"},\"geo\":{\"@type\":\"GeoCoordinates\",\"latitude\":\"47.264176340396226\",\"longitude\":\"11.380109057672346\"},\"telephone\":[\"+43 699 19083372\"],\"openingHoursSpecification\":[{\"@type\":\"OpeningHoursSpecification\",\"dayOfWeek\":[\"Monday\",\"Wednesday\",\"Friday\"],\"opens\":\"14:00\",\"closes\":\"18:00\"},{\"@type\":\"OpeningHoursSpecification\",\"dayOfWeek\":[\"Tuesday\",\"Thursday\",\"Saturday\",\"Sunday\"],\"opens\":\"00:00\",\"closes\":\"00:00\"}],\"email\":\"office@bolting.eu\",\"vatID\":\"ATU59999728\",\"priceRange\":\"$$\",\"currenciesAccepted\":\"Euro\"},{\"@type\":\"PostalAddress\",\"@id\":\"https:\/\/bolting.eu\/en\/shop\/dmm-dragon-cams\/#local-main-place-address\",\"streetAddress\":\"Fischnalerstra\u00dfe 4\",\"addressLocality\":\"Innsbruck\",\"postalCode\":\"6020\",\"addressRegion\":\"Tirol\",\"addressCountry\":\"AT\"},{\"@type\":\"ImageObject\",\"inLanguage\":\"en-US\",\"@id\":\"https:\/\/bolting.eu\/en\/shop\/dmm-dragon-cams\/#local-main-organization-logo\",\"url\":\"https:\/\/bolting.eu\/wp-content\/uploads\/2019\/09\/bolting-logo.png\",\"contentUrl\":\"https:\/\/bolting.eu\/wp-content\/uploads\/2019\/09\/bolting-logo.png\",\"width\":400,\"height\":211,\"caption\":\"bolting.eu\"}]}<\/script>\n<meta property=\"og:video\" content=\"https:\/\/www.youtube.com\/embed\/UDuhx18T394\" \/>\n<meta property=\"og:video:type\" content=\"text\/html\" \/>\n<meta property=\"og:video:duration\" content=\"133\" \/>\n<meta property=\"og:video:width\" content=\"480\" \/>\n<meta property=\"og:video:height\" content=\"270\" \/>\n<meta property=\"ya:ovs:adult\" content=\"false\" \/>\n<meta property=\"ya:ovs:upload_date\" content=\"2023-04-03T14:44:10+00:00\" \/>\n<meta property=\"ya:ovs:allow_embed\" content=\"true\" \/>\n<meta property=\"og:availability\" content=\"instock\" \/>\n<meta property=\"product:availability\" content=\"instock\" \/>\n<meta property=\"product:condition\" content=\"new\" \/>\n<meta name=\"geo.placename\" content=\"Innsbruck\" \/>\n<meta name=\"geo.position\" content=\"47.264176340396226;11.380109057672346\" \/>\n<meta name=\"geo.region\" content=\"Austria\" \/>\n<!-- \/ Yoast SEO Premium plugin. -->","yoast_head_json":{"title":"DMM Dragon Cams - doppelachsige DMM Friends | bolting.eu","description":"DMM Dragon Cams - DMM Friends beim Kletterprofi aus Innsbruck kaufen \u2705 kostenloser Versand* \u2705 14 Tage R\u00fcckgaberecht \u2705 Co2 neutraler Versand","robots":{"index":"index","follow":"follow","max-snippet":"max-snippet:-1","max-image-preview":"max-image-preview:large","max-video-preview":"max-video-preview:-1"},"canonical":"https:\/\/bolting.eu\/en\/shop\/dmm-dragon-cams\/","og_locale":"en_US","og_type":"article","og_title":"DMM Dragon Cams","og_description":"DMM Dragon Cams - DMM Friends beim Kletterprofi aus Innsbruck kaufen \u2705 kostenloser Versand* \u2705 14 Tage R\u00fcckgaberecht \u2705 Co2 neutraler Versand","og_url":"https:\/\/bolting.eu\/en\/shop\/dmm-dragon-cams\/","og_site_name":"bolting.eu","article_publisher":"https:\/\/www.facebook.com\/bolting.eu","article_modified_time":"2026-03-14T15:21:32+00:00","og_image":[{"width":700,"height":700,"url":"https:\/\/bolting.eu\/wp-content\/uploads\/2023\/04\/DMM-Dragon-Cams-1.jpg","type":"image\/jpeg"}],"twitter_card":"summary_large_image","twitter_misc":{"Availability":"In stock"},"schema":{"@context":"https:\/\/schema.org","@graph":[{"@type":["WebPage","ItemPage"],"@id":"https:\/\/bolting.eu\/en\/shop\/dmm-dragon-cams\/","url":"https:\/\/bolting.eu\/en\/shop\/dmm-dragon-cams\/","name":"DMM Dragon Cams - doppelachsige DMM Friends | bolting.eu","isPartOf":{"@id":"https:\/\/bolting.eu\/en\/#website"},"primaryImageOfPage":{"@id":"https:\/\/bolting.eu\/en\/shop\/dmm-dragon-cams\/#primaryimage"},"image":{"@id":"https:\/\/bolting.eu\/en\/shop\/dmm-dragon-cams\/#primaryimage"},"thumbnailUrl":"https:\/\/bolting.eu\/wp-content\/uploads\/2023\/04\/DMM-Dragon-Cams-1.jpg","datePublished":"2023-04-03T14:44:10+00:00","dateModified":"2026-03-14T15:21:32+00:00","description":"DMM Dragon Cams - DMM Friends beim Kletterprofi aus Innsbruck kaufen \u2705 kostenloser Versand* \u2705 14 Tage R\u00fcckgaberecht \u2705 Co2 neutraler Versand","breadcrumb":{"@id":"https:\/\/bolting.eu\/en\/shop\/dmm-dragon-cams\/#breadcrumb"},"inLanguage":"en-US","potentialAction":[{"@type":"ReadAction","target":["https:\/\/bolting.eu\/en\/shop\/dmm-dragon-cams\/"]}]},{"@type":"ImageObject","inLanguage":"en-US","@id":"https:\/\/bolting.eu\/en\/shop\/dmm-dragon-cams\/#primaryimage","url":"https:\/\/bolting.eu\/wp-content\/uploads\/2023\/04\/DMM-Dragon-Cams-1.jpg","contentUrl":"https:\/\/bolting.eu\/wp-content\/uploads\/2023\/04\/DMM-Dragon-Cams-1.jpg","width":700,"height":700,"caption":"Dragon Cams"},{"@type":"BreadcrumbList","@id":"https:\/\/bolting.eu\/en\/shop\/dmm-dragon-cams\/#breadcrumb","itemListElement":[{"@type":"ListItem","position":1,"name":"Shop","item":"https:\/\/bolting.eu\/en\/shop\/"},{"@type":"ListItem","position":2,"name":"climbing equipment","item":"https:\/\/bolting.eu\/en\/produkt-kategorie\/climbing-equipment\/"},{"@type":"ListItem","position":3,"name":"Klemmger\u00e4te - Friends","item":"https:\/\/bolting.eu\/produkt-kategorie\/kletterausruestung\/klemmgeraete-friends\/"},{"@type":"ListItem","position":4,"name":"DMM Dragon Cams"}]},{"@type":"WebSite","@id":"https:\/\/bolting.eu\/en\/#website","url":"https:\/\/bolting.eu\/en\/","name":"bolting.eu","description":"we make climbs happen","publisher":{"@id":"https:\/\/bolting.eu\/en\/#organization"},"potentialAction":[{"@type":"SearchAction","target":{"@type":"EntryPoint","urlTemplate":"https:\/\/bolting.eu\/en\/?s={search_term_string}"},"query-input":{"@type":"PropertyValueSpecification","valueRequired":true,"valueName":"search_term_string"}}],"inLanguage":"en-US"},{"@type":["Organization","Place","SportingGoodsStore"],"@id":"https:\/\/bolting.eu\/en\/#organization","name":"bolting.eu","url":"https:\/\/bolting.eu\/en\/","logo":{"@id":"https:\/\/bolting.eu\/en\/shop\/dmm-dragon-cams\/#local-main-organization-logo"},"image":{"@id":"https:\/\/bolting.eu\/en\/shop\/dmm-dragon-cams\/#local-main-organization-logo"},"sameAs":["https:\/\/www.facebook.com\/bolting.eu","https:\/\/www.instagram.com\/bolting.eu\/"],"address":{"@id":"https:\/\/bolting.eu\/en\/shop\/dmm-dragon-cams\/#local-main-place-address"},"geo":{"@type":"GeoCoordinates","latitude":"47.264176340396226","longitude":"11.380109057672346"},"telephone":["+43 699 19083372"],"openingHoursSpecification":[{"@type":"OpeningHoursSpecification","dayOfWeek":["Monday","Wednesday","Friday"],"opens":"14:00","closes":"18:00"},{"@type":"OpeningHoursSpecification","dayOfWeek":["Tuesday","Thursday","Saturday","Sunday"],"opens":"00:00","closes":"00:00"}],"email":"office@bolting.eu","vatID":"ATU59999728","priceRange":"$$","currenciesAccepted":"Euro"},{"@type":"PostalAddress","@id":"https:\/\/bolting.eu\/en\/shop\/dmm-dragon-cams\/#local-main-place-address","streetAddress":"Fischnalerstra\u00dfe 4","addressLocality":"Innsbruck","postalCode":"6020","addressRegion":"Tirol","addressCountry":"AT"},{"@type":"ImageObject","inLanguage":"en-US","@id":"https:\/\/bolting.eu\/en\/shop\/dmm-dragon-cams\/#local-main-organization-logo","url":"https:\/\/bolting.eu\/wp-content\/uploads\/2019\/09\/bolting-logo.png","contentUrl":"https:\/\/bolting.eu\/wp-content\/uploads\/2019\/09\/bolting-logo.png","width":400,"height":211,"caption":"bolting.eu"}]},"og_video":"https:\/\/www.youtube.com\/embed\/UDuhx18T394","og_video_type":"text\/html","og_video_duration":"133","og_video_width":"480","og_video_height":"270","ya_ovs_adult":"false","ya_ovs_upload_date":"2023-04-03T14:44:10+00:00","ya_ovs_allow_embed":"true","og_availability":"instock","product_availability":"instock","product_condition":"new","geo.placename":"Innsbruck","geo.position":{"lat":"47.264176340396226","long":"11.380109057672346"},"geo.region":"Austria"},"_links":{"self":[{"href":"https:\/\/bolting.eu\/en\/wp-json\/wp\/v2\/product\/15498","targetHints":{"allow":["GET"]}}],"collection":[{"href":"https:\/\/bolting.eu\/en\/wp-json\/wp\/v2\/product"}],"about":[{"href":"https:\/\/bolting.eu\/en\/wp-json\/wp\/v2\/types\/product"}],"replies":[{"embeddable":true,"href":"https:\/\/bolting.eu\/en\/wp-json\/wp\/v2\/comments?post=15498"}],"wp:featuredmedia":[{"embeddable":true,"href":"https:\/\/bolting.eu\/en\/wp-json\/wp\/v2\/media\/15512"}],"wp:attachment":[{"href":"https:\/\/bolting.eu\/en\/wp-json\/wp\/v2\/media?parent=15498"}],"wp:term":[{"taxonomy":"product_brand","embeddable":true,"href":"https:\/\/bolting.eu\/en\/wp-json\/wp\/v2\/product_brand?post=15498"},{"taxonomy":"product_cat","embeddable":true,"href":"https:\/\/bolting.eu\/en\/wp-json\/wp\/v2\/product_cat?post=15498"},{"taxonomy":"product_tag","embeddable":true,"href":"https:\/\/bolting.eu\/en\/wp-json\/wp\/v2\/product_tag?post=15498"}],"curies":[{"name":"wp","href":"https:\/\/api.w.org\/{rel}","templated":true}]}}