{"id":1540,"date":"2020-02-26T23:06:24","date_gmt":"2020-02-26T22:06:24","guid":{"rendered":"https:\/\/bolting.eu\/?post_type=product&#038;p=1540"},"modified":"2026-04-23T09:08:39","modified_gmt":"2026-04-23T07:08:39","slug":"maillon-rapid-edelstahl","status":"publish","type":"product","link":"https:\/\/bolting.eu\/en\/shop\/maillon-rapid-edelstahl\/","title":{"rendered":"Maillon Rapid Edelstahl 7mm"},"content":{"rendered":"<p>Unser Maillon Rapid Edelstahl mit 7mm Durchmesser ist das <strong>Original <a href=\"https:\/\/bolting.eu\/produkt-kategorie\/einbohrartikel\/schraubglied-rapidglied\/\">Schraubglied<\/a> von Peguet<\/strong>. Somit hat es erstens eine Top Qualit\u00e4t. Zweitens die EN Norm 12275 bzw. EN Norm 362. Und drittens ein Bruchlast von 45kN.<\/p>\n<h3>Eigenschaften Maillon Rapid Edelstahl<\/h3>\n<ul>\n<li>Material: AISI 316L Edelstahl<\/li>\n<li>Durchmesser: 7mm<\/li>\n<li>Innenradius: 16mm<\/li>\n<li>Schnapper\u00f6ffnung: 11mm<\/li>\n<li>Bruchlasten: 40 kN L\u00e4ngsbelastung<\/li>\n<li>EN Norm 12275 bzw. EN Norm 362<\/li>\n<li>Gewicht: 52 Gramm<\/li>\n<\/ul>\n<h3>Einsatzbereiche Maillon Rapid Edelstahl<\/h3>\n<p>Das Produkt wird in vielen Bereichen sehr gerne verwendet, wie beispielsweise:<\/p>\n<ul>\n<li>an <a href=\"https:\/\/bolting.eu\/produkt-kategorie\/umlenker-kettenstand\/\">Umlenker-Kettenst\u00e4nde<\/a> zum Abseilen<\/li>\n<li>in <a href=\"https:\/\/bolting.eu\/produkt-kategorie\/klebehaken-buehlerhaken\/\">Klebehaken<\/a> bei R\u00fcckz\u00fcgen \/ Abseilen<\/li>\n<li>in <a href=\"https:\/\/bolting.eu\/produkt-kategorie\/bohrhaken\/\">Bohrhaken<\/a> bei R\u00fcckz\u00fcgen \/ Abseilen<\/li>\n<li>als Abseilpunkt in der H\u00f6hlenforschung<\/li>\n<li>zur fixen Verbindung von Ausr\u00fcstung bei H\u00f6henarbeiten<\/li>\n<li>im Bereich der Bergrettung und H\u00f6hlenrettung<\/li>\n<li>fixen Verbinden von Steigklemmen mit <a href=\"https:\/\/bolting.eu\/produkt-kategorie\/bandschlinge\/\">Bandschlingen<\/a> \/ Trittleitern<\/li>\n<\/ul>\n<h3>Auf galvanische Korrosion achten!<\/h3>\n<p>Wer ein Maillon Rapid Edelstahl fix verbaut, muss auf <a href=\"https:\/\/bolting.eu\/galvanische-korrosion-bei-bohrhaken\/\">galvanische Korrosion<\/a> achten! D.h. man darf dieses Produkt aus Edelstahl nicht in einen Fixpunkt aus verzinktem Stahl h\u00e4ngen. Denn dies f\u00fchrt im Laufe der Zeit zur Korrosion des Fixpunktes.<\/p>\n<p>Verzinkte Bauteile bitte immer mit anderen verzinkten Bauteilen wie z.B. <a href=\"https:\/\/bolting.eu\/produkt-kategorie\/bohrhakenlasche\/\">Bohrhakenlaschen<\/a> kombinieren. Ist der Fixpunkt aus verzinktem Stahl m\u00fcsst ihr ein Glied mit der selben Stahlqualit\u00e4t verwenden. Nur so h\u00e4lt es langfristig. D.h. \u00fcber viele Jahre.<\/p>\n<p>Wenn dich dieses Thema n\u00e4her interessiert lies dir unseren Fachbeitrag durch: <a href=\"https:\/\/bolting.eu\/stahlqualitaeten-bei-bohrhaken-und-klebehaken\/\">Stahlqualit\u00e4ten bei Bohrhaken und Klebehaken<\/a><\/p>\n<h3>Problematik Baumarkt Schraubglieder<\/h3>\n<p><a href=\"https:\/\/bolting.eu\/wp-content\/uploads\/2019\/10\/Qualitaetsmerkmale-Schraubglied-Rapidglied.jpg\"><img loading=\"lazy\" decoding=\"async\" class=\"alignleft wp-image-546 size-thumbnail\" src=\"https:\/\/bolting.eu\/wp-content\/uploads\/2019\/10\/Qualitaetsmerkmale-Schraubglied-Rapidglied-280x280.jpg\" alt=\"Das Bild zeigt die Qualit\u00e4tsmerkmale eines genormten Schraubglied-Rapidglied. In der Mitte befindet sich ein gro\u00dfes, silber gl\u00e4nzendes, horizontal liegendes Schraubglied. Darauf sind am oberen Schenkel drei Kreise. Diese markieren die Spezifikationen die im Stahl aufgedruckt sind. Dar\u00fcber die Angaben Hersteller, Norm und Bruchlast Zug- und Querbelastung. Am unteren Bildrand der Schriftzu: Qualit\u00e4tsmerkmale genormtes Schraubglied - Rapid Glied\" width=\"280\" height=\"280\" srcset=\"https:\/\/bolting.eu\/wp-content\/uploads\/2019\/10\/Qualitaetsmerkmale-Schraubglied-Rapidglied-280x280.jpg 280w, https:\/\/bolting.eu\/wp-content\/uploads\/2019\/10\/Qualitaetsmerkmale-Schraubglied-Rapidglied-300x300.jpg 300w, https:\/\/bolting.eu\/wp-content\/uploads\/2019\/10\/Qualitaetsmerkmale-Schraubglied-Rapidglied-100x100.jpg 100w\" sizes=\"auto, (max-width: 280px) 100vw, 280px\" \/><\/a>Leider tauchen an Abseilpunkten immer wieder ungenormte Produkte aus dem Baumarkt auf. Achtung! Diese k\u00f6nnen lebensgef\u00e4hrlich sein. Denn die Bruchlasten betragen oft nur einige hundert Kilo. Folglich erf\u00fcllen diese Glieder keinerlei Normen.<\/p>\n<p>Verwendet ausschlie\u00dflich genormte Produkte wie das Maillon Rapid Edelstahl Glied. Sie sind an den Markierungen auf der Seite deutlich erkennbar.\u00a0 Nur normgerechtes Material sollte in den o.g. Bereichen verwendet werden.<\/p>\n<h3>Schraubglied Typen beachten!<\/h3>\n<p>Es gibt viele verschiedene Modelle von Rapidgliedern. Die ovale Form des Maillon Rapid Edelstahl ist dabei die klassische. Sie wird vor allem bei vertikalen Kraft\u00fcbertragungen von schmalen Seilen bzw. Stahl Bauteilen verwendet. Denn der Innenradius ist nur 16mm. Beispielsweise von einem Klebehaken auf ein 10mm Seil. Oder auch vom Metallring des H\u00f6henarbeiter Gurtes auf eine Bandschlinge bzw. Falld\u00e4mpfer.<\/p>\n<p>Je nachdem welchen Einsatzzweck man plant k\u00f6nnen auch diese Formen besser geeignet sein:<\/p>\n<ul>\n<li>D-f\u00f6rmig: f\u00fcr die Anbringung mehrerer Sicherungspunkte wie beim H\u00f6henarbeiten<\/li>\n<li>dreiecksf\u00f6rmig: um Lasten von einem kleinen Anh\u00e4ngepunkt auf z.B. eine Slackline zu \u00fcbertragen<\/li>\n<li>rechteckig: f\u00fcr Hubarbeiten wie die Verbinung von Hebegurt zu Hebegurt<\/li>\n<li>birnenf\u00f6rmig: einerseits wo gro\u00dfe Schraub\u00f6ffnungen n\u00f6tig sind bzw. andererseits breite Bauteile eingeh\u00e4ngt werden sollen<\/li>\n<li>oval: klassische Bauweise f\u00fcr alle vertikalen Kraft\u00fcbertragungen<\/li>\n<\/ul>\n<p><a href=\"https:\/\/bolting.eu\/wp-content\/uploads\/2019\/10\/Uebersicht-Formen-Schraubglieder-Rapid-Glieder.jpg\"><img loading=\"lazy\" decoding=\"async\" class=\"aligncenter wp-image-545 size-medium\" src=\"https:\/\/bolting.eu\/wp-content\/uploads\/2019\/10\/Uebersicht-Formen-Schraubglieder-Rapid-Glieder-766x400.jpg\" alt=\"Das Bild zeigt f\u00fcnf silbern gl\u00e4nzende Schraubglieder - Rapidglieder auf wei\u00dfem Grund. Von Links nach Rechts: rechteckiges Schraubglied, dreieckiges Schraubglied, ovales Schraubglied, trapezf\u00f6rmiges Schraubglied und birnenf\u00f6rmiges Schraubglied.\" width=\"766\" height=\"400\" srcset=\"https:\/\/bolting.eu\/wp-content\/uploads\/2019\/10\/Uebersicht-Formen-Schraubglieder-Rapid-Glieder-766x400.jpg 766w, https:\/\/bolting.eu\/wp-content\/uploads\/2019\/10\/Uebersicht-Formen-Schraubglieder-Rapid-Glieder-768x401.jpg 768w, https:\/\/bolting.eu\/wp-content\/uploads\/2019\/10\/Uebersicht-Formen-Schraubglieder-Rapid-Glieder-600x314.jpg 600w, https:\/\/bolting.eu\/wp-content\/uploads\/2019\/10\/Uebersicht-Formen-Schraubglieder-Rapid-Glieder.jpg 1200w\" sizes=\"auto, (max-width: 766px) 100vw, 766px\" \/><\/a><\/p>\n<h3>Praxis Tipp<\/h3>\n<p>Wer ein Maillon Rapid Edelstahl regelm\u00e4\u00dfig verwendet sollte es warten. Ja, genau! W A R T E N! Beispielsweise kann das bei H\u00f6henarbeiten sein. Hier muss man das Glied immer wieder aus dem Gurt oder der Rigging Platte ein und aus h\u00e4ngen. D.h. man ist dann gut daran beraten es mit einem <a href=\"https:\/\/bolting.eu\/shop\/kong-kletterausruestung-pflegeoel\/\">Kletterausr\u00fcstung Pflege\u00f6l<\/a> einzuschmieren. Somit l\u00e4sst sich der Schraubverschluss weiter gut bedienen!<\/p>\n<p>Link Tipp: <a href=\"https:\/\/www.peguet.com\/psa-zertifizierte-maillon-rapide-schraubglieder\/maillon-rapide-normal\" target=\"_blank\" rel=\"noopener noreferrer\">zum Hersteller<\/a><\/p>\n","protected":false},"excerpt":{"rendered":"<ul>\n<li>Material: AISI 316L Edelstahl<\/li>\n<li>Durchmesser: 7mm<\/li>\n<li>Innenradius: 16mm<\/li>\n<li>Schnapper\u00f6ffnung: 11mm<\/li>\n<li>Bruchlasten: 40 kN L\u00e4ngsbelastung<\/li>\n<li>EN Norm 12275 bzw. EN Norm 362<\/li>\n<li>Gewicht: 52 Gramm<\/li>\n<\/ul>\n","protected":false},"featured_media":1544,"comment_status":"closed","ping_status":"closed","template":"","meta":[],"product_brand":[],"product_cat":[15006,15020,14793],"product_tag":[14866,14875,15021,14904,14865],"class_list":{"0":"post-1540","1":"product","2":"type-product","3":"status-publish","4":"has-post-thumbnail","6":"product_cat-screw-link-quick-link","7":"product_cat-speleologist-gear","8":"product_cat-bolting-products","9":"product_tag-cave-rescue","10":"product_tag-work-at-heights","11":"product_tag-rappelling","12":"product_tag-stainless-steel","13":"product_tag-speleology-en","15":"first","16":"instock","17":"sale","18":"taxable","19":"shipping-taxable","20":"purchasable","21":"product-type-simple"},"yoast_head":"<!-- This site is optimized with the Yoast SEO Premium plugin v26.9 (Yoast SEO v26.9) - https:\/\/yoast.com\/product\/yoast-seo-premium-wordpress\/ -->\n<title>Maillon Rapid Edelstahl 7mm von Peguet - online kaufen bei bolting.eu<\/title>\n<meta name=\"description\" content=\"Hier findest du das Maillon Rapid Edelstahl Glied 7mm von Peguet. Universelles Rapid Glied zum Klettern, H\u00f6hlenforschen und H\u00f6henarbeiten.\" \/>\n<meta name=\"robots\" content=\"index, follow, max-snippet:-1, max-image-preview:large, max-video-preview:-1\" \/>\n<link rel=\"canonical\" href=\"https:\/\/bolting.eu\/en\/shop\/maillon-rapid-edelstahl\/\" \/>\n<meta property=\"og:locale\" content=\"en_US\" \/>\n<meta property=\"og:type\" content=\"article\" \/>\n<meta property=\"og:title\" content=\"Maillon Rapid Edelstahl 7mm\" \/>\n<meta property=\"og:description\" content=\"Hier findest du das Maillon Rapid Edelstahl Glied 7mm von Peguet. Universelles Rapid Glied zum Klettern, H\u00f6hlenforschen und H\u00f6henarbeiten.\" \/>\n<meta property=\"og:url\" content=\"https:\/\/bolting.eu\/en\/shop\/maillon-rapid-edelstahl\/\" \/>\n<meta property=\"og:site_name\" content=\"bolting.eu\" \/>\n<meta property=\"article:publisher\" content=\"https:\/\/www.facebook.com\/bolting.eu\" \/>\n<meta property=\"article:modified_time\" content=\"2026-04-23T07:08:39+00:00\" \/>\n<meta property=\"og:image\" content=\"https:\/\/bolting.eu\/wp-content\/uploads\/2020\/02\/Maillon-Rapid-Edelstahl.jpg\" \/>\n\t<meta property=\"og:image:width\" content=\"700\" \/>\n\t<meta property=\"og:image:height\" content=\"700\" \/>\n\t<meta property=\"og:image:type\" content=\"image\/jpeg\" \/>\n<meta name=\"twitter:card\" content=\"summary_large_image\" \/>\n<meta name=\"twitter:label1\" content=\"Price\" \/>\n\t<meta name=\"twitter:data1\" content=\"&euro;&nbsp;17,50\" \/>\n\t<meta name=\"twitter:label2\" content=\"Availability\" \/>\n\t<meta name=\"twitter:data2\" content=\"In stock\" \/>\n<script type=\"application\/ld+json\" class=\"yoast-schema-graph\">{\"@context\":\"https:\/\/schema.org\",\"@graph\":[{\"@type\":[\"WebPage\",\"ItemPage\"],\"@id\":\"https:\/\/bolting.eu\/en\/shop\/maillon-rapid-edelstahl\/\",\"url\":\"https:\/\/bolting.eu\/en\/shop\/maillon-rapid-edelstahl\/\",\"name\":\"Maillon Rapid Edelstahl 7mm von Peguet - online kaufen bei bolting.eu\",\"isPartOf\":{\"@id\":\"https:\/\/bolting.eu\/en\/#website\"},\"primaryImageOfPage\":{\"@id\":\"https:\/\/bolting.eu\/en\/shop\/maillon-rapid-edelstahl\/#primaryimage\"},\"image\":{\"@id\":\"https:\/\/bolting.eu\/en\/shop\/maillon-rapid-edelstahl\/#primaryimage\"},\"thumbnailUrl\":\"https:\/\/bolting.eu\/wp-content\/uploads\/2020\/02\/Maillon-Rapid-Edelstahl.jpg\",\"datePublished\":\"2020-02-26T22:06:24+00:00\",\"dateModified\":\"2026-04-23T07:08:39+00:00\",\"description\":\"Hier findest du das Maillon Rapid Edelstahl Glied 7mm von Peguet. Universelles Rapid Glied zum Klettern, H\u00f6hlenforschen und H\u00f6henarbeiten.\",\"breadcrumb\":{\"@id\":\"https:\/\/bolting.eu\/en\/shop\/maillon-rapid-edelstahl\/#breadcrumb\"},\"inLanguage\":\"en-US\",\"potentialAction\":[{\"@type\":\"ReadAction\",\"target\":[\"https:\/\/bolting.eu\/en\/shop\/maillon-rapid-edelstahl\/\"]}]},{\"@type\":\"ImageObject\",\"inLanguage\":\"en-US\",\"@id\":\"https:\/\/bolting.eu\/en\/shop\/maillon-rapid-edelstahl\/#primaryimage\",\"url\":\"https:\/\/bolting.eu\/wp-content\/uploads\/2020\/02\/Maillon-Rapid-Edelstahl.jpg\",\"contentUrl\":\"https:\/\/bolting.eu\/wp-content\/uploads\/2020\/02\/Maillon-Rapid-Edelstahl.jpg\",\"width\":700,\"height\":700,\"caption\":\"Das Bild zeigt ein silber gl\u00e4nzendes Maillon Rapid Edelstahl Glied in einem wei\u00dfem Quadrat. Es steht vertikal in Bildmitte mit dem Schraubverschluss nach rechts.\"},{\"@type\":\"BreadcrumbList\",\"@id\":\"https:\/\/bolting.eu\/en\/shop\/maillon-rapid-edelstahl\/#breadcrumb\",\"itemListElement\":[{\"@type\":\"ListItem\",\"position\":1,\"name\":\"Shop\",\"item\":\"https:\/\/bolting.eu\/en\/shop\/\"},{\"@type\":\"ListItem\",\"position\":2,\"name\":\"bolting products\",\"item\":\"https:\/\/bolting.eu\/en\/produkt-kategorie\/bolting-products\/\"},{\"@type\":\"ListItem\",\"position\":3,\"name\":\"screw link - quick link\",\"item\":\"https:\/\/bolting.eu\/en\/produkt-kategorie\/screw-link-quick-link\/\"},{\"@type\":\"ListItem\",\"position\":4,\"name\":\"Maillon Rapid Edelstahl 7mm\"}]},{\"@type\":\"WebSite\",\"@id\":\"https:\/\/bolting.eu\/en\/#website\",\"url\":\"https:\/\/bolting.eu\/en\/\",\"name\":\"bolting.eu\",\"description\":\"we make climbs happen\",\"publisher\":{\"@id\":\"https:\/\/bolting.eu\/en\/#organization\"},\"potentialAction\":[{\"@type\":\"SearchAction\",\"target\":{\"@type\":\"EntryPoint\",\"urlTemplate\":\"https:\/\/bolting.eu\/en\/?s={search_term_string}\"},\"query-input\":{\"@type\":\"PropertyValueSpecification\",\"valueRequired\":true,\"valueName\":\"search_term_string\"}}],\"inLanguage\":\"en-US\"},{\"@type\":[\"Organization\",\"Place\",\"SportingGoodsStore\"],\"@id\":\"https:\/\/bolting.eu\/en\/#organization\",\"name\":\"bolting.eu\",\"url\":\"https:\/\/bolting.eu\/en\/\",\"logo\":{\"@id\":\"https:\/\/bolting.eu\/en\/shop\/maillon-rapid-edelstahl\/#local-main-organization-logo\"},\"image\":{\"@id\":\"https:\/\/bolting.eu\/en\/shop\/maillon-rapid-edelstahl\/#local-main-organization-logo\"},\"sameAs\":[\"https:\/\/www.facebook.com\/bolting.eu\",\"https:\/\/www.instagram.com\/bolting.eu\/\"],\"address\":{\"@id\":\"https:\/\/bolting.eu\/en\/shop\/maillon-rapid-edelstahl\/#local-main-place-address\"},\"geo\":{\"@type\":\"GeoCoordinates\",\"latitude\":\"47.264176340396226\",\"longitude\":\"11.380109057672346\"},\"telephone\":[\"+43 699 19083372\"],\"openingHoursSpecification\":[{\"@type\":\"OpeningHoursSpecification\",\"dayOfWeek\":[\"Monday\",\"Wednesday\",\"Friday\"],\"opens\":\"14:00\",\"closes\":\"18:00\"},{\"@type\":\"OpeningHoursSpecification\",\"dayOfWeek\":[\"Tuesday\",\"Thursday\",\"Saturday\",\"Sunday\"],\"opens\":\"00:00\",\"closes\":\"00:00\"}],\"email\":\"office@bolting.eu\",\"vatID\":\"ATU59999728\",\"priceRange\":\"$$\",\"currenciesAccepted\":\"Euro\"},{\"@type\":\"PostalAddress\",\"@id\":\"https:\/\/bolting.eu\/en\/shop\/maillon-rapid-edelstahl\/#local-main-place-address\",\"streetAddress\":\"Fischnalerstra\u00dfe 4\",\"addressLocality\":\"Innsbruck\",\"postalCode\":\"6020\",\"addressRegion\":\"Tirol\",\"addressCountry\":\"AT\"},{\"@type\":\"ImageObject\",\"inLanguage\":\"en-US\",\"@id\":\"https:\/\/bolting.eu\/en\/shop\/maillon-rapid-edelstahl\/#local-main-organization-logo\",\"url\":\"https:\/\/bolting.eu\/wp-content\/uploads\/2019\/09\/bolting-logo.png\",\"contentUrl\":\"https:\/\/bolting.eu\/wp-content\/uploads\/2019\/09\/bolting-logo.png\",\"width\":400,\"height\":211,\"caption\":\"bolting.eu\"}]}<\/script>\n<meta property=\"product:price:amount\" content=\"17.50\" \/>\n<meta property=\"product:price:currency\" content=\"EUR\" \/>\n<meta property=\"og:availability\" content=\"instock\" \/>\n<meta property=\"product:availability\" content=\"instock\" \/>\n<meta property=\"product:retailer_item_id\" content=\"RG07\" \/>\n<meta property=\"product:condition\" content=\"new\" \/>\n<meta name=\"geo.placename\" content=\"Innsbruck\" \/>\n<meta name=\"geo.position\" content=\"47.264176340396226;11.380109057672346\" \/>\n<meta name=\"geo.region\" content=\"Austria\" \/>\n<!-- \/ Yoast SEO Premium plugin. -->","yoast_head_json":{"title":"Maillon Rapid Edelstahl 7mm von Peguet - online kaufen bei bolting.eu","description":"Hier findest du das Maillon Rapid Edelstahl Glied 7mm von Peguet. Universelles Rapid Glied zum Klettern, H\u00f6hlenforschen und H\u00f6henarbeiten.","robots":{"index":"index","follow":"follow","max-snippet":"max-snippet:-1","max-image-preview":"max-image-preview:large","max-video-preview":"max-video-preview:-1"},"canonical":"https:\/\/bolting.eu\/en\/shop\/maillon-rapid-edelstahl\/","og_locale":"en_US","og_type":"article","og_title":"Maillon Rapid Edelstahl 7mm","og_description":"Hier findest du das Maillon Rapid Edelstahl Glied 7mm von Peguet. Universelles Rapid Glied zum Klettern, H\u00f6hlenforschen und H\u00f6henarbeiten.","og_url":"https:\/\/bolting.eu\/en\/shop\/maillon-rapid-edelstahl\/","og_site_name":"bolting.eu","article_publisher":"https:\/\/www.facebook.com\/bolting.eu","article_modified_time":"2026-04-23T07:08:39+00:00","og_image":[{"width":700,"height":700,"url":"https:\/\/bolting.eu\/wp-content\/uploads\/2020\/02\/Maillon-Rapid-Edelstahl.jpg","type":"image\/jpeg"}],"twitter_card":"summary_large_image","twitter_misc":{"Price":"&euro;&nbsp;17,50","Availability":"In stock"},"schema":{"@context":"https:\/\/schema.org","@graph":[{"@type":["WebPage","ItemPage"],"@id":"https:\/\/bolting.eu\/en\/shop\/maillon-rapid-edelstahl\/","url":"https:\/\/bolting.eu\/en\/shop\/maillon-rapid-edelstahl\/","name":"Maillon Rapid Edelstahl 7mm von Peguet - online kaufen bei bolting.eu","isPartOf":{"@id":"https:\/\/bolting.eu\/en\/#website"},"primaryImageOfPage":{"@id":"https:\/\/bolting.eu\/en\/shop\/maillon-rapid-edelstahl\/#primaryimage"},"image":{"@id":"https:\/\/bolting.eu\/en\/shop\/maillon-rapid-edelstahl\/#primaryimage"},"thumbnailUrl":"https:\/\/bolting.eu\/wp-content\/uploads\/2020\/02\/Maillon-Rapid-Edelstahl.jpg","datePublished":"2020-02-26T22:06:24+00:00","dateModified":"2026-04-23T07:08:39+00:00","description":"Hier findest du das Maillon Rapid Edelstahl Glied 7mm von Peguet. Universelles Rapid Glied zum Klettern, H\u00f6hlenforschen und H\u00f6henarbeiten.","breadcrumb":{"@id":"https:\/\/bolting.eu\/en\/shop\/maillon-rapid-edelstahl\/#breadcrumb"},"inLanguage":"en-US","potentialAction":[{"@type":"ReadAction","target":["https:\/\/bolting.eu\/en\/shop\/maillon-rapid-edelstahl\/"]}]},{"@type":"ImageObject","inLanguage":"en-US","@id":"https:\/\/bolting.eu\/en\/shop\/maillon-rapid-edelstahl\/#primaryimage","url":"https:\/\/bolting.eu\/wp-content\/uploads\/2020\/02\/Maillon-Rapid-Edelstahl.jpg","contentUrl":"https:\/\/bolting.eu\/wp-content\/uploads\/2020\/02\/Maillon-Rapid-Edelstahl.jpg","width":700,"height":700,"caption":"Das Bild zeigt ein silber gl\u00e4nzendes Maillon Rapid Edelstahl Glied in einem wei\u00dfem Quadrat. Es steht vertikal in Bildmitte mit dem Schraubverschluss nach rechts."},{"@type":"BreadcrumbList","@id":"https:\/\/bolting.eu\/en\/shop\/maillon-rapid-edelstahl\/#breadcrumb","itemListElement":[{"@type":"ListItem","position":1,"name":"Shop","item":"https:\/\/bolting.eu\/en\/shop\/"},{"@type":"ListItem","position":2,"name":"bolting products","item":"https:\/\/bolting.eu\/en\/produkt-kategorie\/bolting-products\/"},{"@type":"ListItem","position":3,"name":"screw link - quick link","item":"https:\/\/bolting.eu\/en\/produkt-kategorie\/screw-link-quick-link\/"},{"@type":"ListItem","position":4,"name":"Maillon Rapid Edelstahl 7mm"}]},{"@type":"WebSite","@id":"https:\/\/bolting.eu\/en\/#website","url":"https:\/\/bolting.eu\/en\/","name":"bolting.eu","description":"we make climbs happen","publisher":{"@id":"https:\/\/bolting.eu\/en\/#organization"},"potentialAction":[{"@type":"SearchAction","target":{"@type":"EntryPoint","urlTemplate":"https:\/\/bolting.eu\/en\/?s={search_term_string}"},"query-input":{"@type":"PropertyValueSpecification","valueRequired":true,"valueName":"search_term_string"}}],"inLanguage":"en-US"},{"@type":["Organization","Place","SportingGoodsStore"],"@id":"https:\/\/bolting.eu\/en\/#organization","name":"bolting.eu","url":"https:\/\/bolting.eu\/en\/","logo":{"@id":"https:\/\/bolting.eu\/en\/shop\/maillon-rapid-edelstahl\/#local-main-organization-logo"},"image":{"@id":"https:\/\/bolting.eu\/en\/shop\/maillon-rapid-edelstahl\/#local-main-organization-logo"},"sameAs":["https:\/\/www.facebook.com\/bolting.eu","https:\/\/www.instagram.com\/bolting.eu\/"],"address":{"@id":"https:\/\/bolting.eu\/en\/shop\/maillon-rapid-edelstahl\/#local-main-place-address"},"geo":{"@type":"GeoCoordinates","latitude":"47.264176340396226","longitude":"11.380109057672346"},"telephone":["+43 699 19083372"],"openingHoursSpecification":[{"@type":"OpeningHoursSpecification","dayOfWeek":["Monday","Wednesday","Friday"],"opens":"14:00","closes":"18:00"},{"@type":"OpeningHoursSpecification","dayOfWeek":["Tuesday","Thursday","Saturday","Sunday"],"opens":"00:00","closes":"00:00"}],"email":"office@bolting.eu","vatID":"ATU59999728","priceRange":"$$","currenciesAccepted":"Euro"},{"@type":"PostalAddress","@id":"https:\/\/bolting.eu\/en\/shop\/maillon-rapid-edelstahl\/#local-main-place-address","streetAddress":"Fischnalerstra\u00dfe 4","addressLocality":"Innsbruck","postalCode":"6020","addressRegion":"Tirol","addressCountry":"AT"},{"@type":"ImageObject","inLanguage":"en-US","@id":"https:\/\/bolting.eu\/en\/shop\/maillon-rapid-edelstahl\/#local-main-organization-logo","url":"https:\/\/bolting.eu\/wp-content\/uploads\/2019\/09\/bolting-logo.png","contentUrl":"https:\/\/bolting.eu\/wp-content\/uploads\/2019\/09\/bolting-logo.png","width":400,"height":211,"caption":"bolting.eu"}]},"product_price_amount":"17.50","product_price_currency":"EUR","og_availability":"instock","product_availability":"instock","product_retailer_item_id":"RG07","product_condition":"new","geo.placename":"Innsbruck","geo.position":{"lat":"47.264176340396226","long":"11.380109057672346"},"geo.region":"Austria"},"_links":{"self":[{"href":"https:\/\/bolting.eu\/en\/wp-json\/wp\/v2\/product\/1540","targetHints":{"allow":["GET"]}}],"collection":[{"href":"https:\/\/bolting.eu\/en\/wp-json\/wp\/v2\/product"}],"about":[{"href":"https:\/\/bolting.eu\/en\/wp-json\/wp\/v2\/types\/product"}],"replies":[{"embeddable":true,"href":"https:\/\/bolting.eu\/en\/wp-json\/wp\/v2\/comments?post=1540"}],"wp:featuredmedia":[{"embeddable":true,"href":"https:\/\/bolting.eu\/en\/wp-json\/wp\/v2\/media\/1544"}],"wp:attachment":[{"href":"https:\/\/bolting.eu\/en\/wp-json\/wp\/v2\/media?parent=1540"}],"wp:term":[{"taxonomy":"product_brand","embeddable":true,"href":"https:\/\/bolting.eu\/en\/wp-json\/wp\/v2\/product_brand?post=1540"},{"taxonomy":"product_cat","embeddable":true,"href":"https:\/\/bolting.eu\/en\/wp-json\/wp\/v2\/product_cat?post=1540"},{"taxonomy":"product_tag","embeddable":true,"href":"https:\/\/bolting.eu\/en\/wp-json\/wp\/v2\/product_tag?post=1540"}],"curies":[{"name":"wp","href":"https:\/\/api.w.org\/{rel}","templated":true}]}}