{"id":15394,"date":"2023-03-17T11:36:29","date_gmt":"2023-03-17T10:36:29","guid":{"rendered":"https:\/\/bolting.eu\/?post_type=product&#038;p=15394"},"modified":"2026-04-10T18:32:05","modified_gmt":"2026-04-10T16:32:05","slug":"abseilschlinge-edelrid-90cm","status":"publish","type":"product","link":"https:\/\/bolting.eu\/en\/shop\/abseilschlinge-edelrid-90cm\/","title":{"rendered":"Abseilschlinge Edelrid 90cm"},"content":{"rendered":"<p>Hier findet ihr eine Abseilschlinge f\u00fcr Mehrseill\u00e4ngen. Denn dieses 11mm breite Dyneema Modell ist perfekt.<\/p>\n<p>Dieses Produkt ist zum Bau einer fixen Schlinge gedacht. D.h. sie sollte einmal passend verknotet werden. Danach wird sie immer zum Abseilen verwendet. Denn ein L\u00f6sen des Spierenstich Knotens ist bei diesem Dyneema Band sehr schwer.<\/p>\n<p>Mit 90cm ist die L\u00e4nge perfekt. Zum einen weil es keine &#8220;\u00fcberstehende&#8221; Restschlaufe gibt. Und zum anderen weil man dennoch ideal die Selbstsicherung mit <a href=\"https:\/\/bolting.eu\/produkt-kategorie\/kletterausruestung\/kletterkarabiner\/schraubkarabiner\/\">Schraubkarabiner<\/a> einh\u00e4ngen kann.<\/p>\n<h2>Eigenschaften Abseilschlinge<\/h2>\n<ul>\n<li>Hersteller: <a href=\"https:\/\/bolting.eu\/produkt-kategorie\/edelrid\/\">Edelrid<\/a><\/li>\n<li>Material: Dyneema<\/li>\n<li>L\u00e4nge: 90cm &#8211; Umfang 180cm<\/li>\n<li>Breite: 11mm<\/li>\n<li>Gewicht: 37 Gramm<\/li>\n<li>Bruchlast: 23 kN<\/li>\n<li>sehr schnittfest<\/li>\n<li>nimmt kein Wasser auf &#8211; friert nicht<\/li>\n<li>perfekt als Schlinge beim Abseilvorgang<\/li>\n<li>L\u00e4nge ergibt keine \u00fcberstehende &#8220;Restschluafe&#8221; --> erh\u00f6hte Sicherheit<\/li>\n<li>empfohlenes Abseilger\u00e4t: <a href=\"https:\/\/bolting.eu\/shop\/petzl-reverso\/\">Petzl Reverso<\/a><\/li>\n<li>empfohlener Karabiner Selbsticherung: <a href=\"https:\/\/bolting.eu\/shop\/petzl-smd-twist-lock\/\">Petzl SMD Twist Lock<\/a><\/li>\n<li><a href=\"https:\/\/edelrid.com\/de-de\/sport\/schlingen-shop\/dyneema-sling-11mm?variant=2700430#:~:text=Gebrauchsanleitung%20Schlingen\" target=\"_blank\" rel=\"noopener\">Bedienungsanleitung<\/a><\/li>\n<\/ul>\n<p>&nbsp;<\/p>\n<h3>90cm = Ideale L\u00e4nge!<\/h3>\n<p>90cm ist die perfekte L\u00e4nge f\u00fcr eine Schlinge zum Abseilen. Denn so kann man sie einmal mit dem Spierenstich abbinden f\u00fcr das Abseilger\u00e4t. Es bleibt dann noch gen\u00fcg Platz f\u00fcr die Selbstsicherung, ohne dass zus\u00e4tzlich ein Restschlaufe bleibt. Wie z.B. bei einem 120cm langen Modell.<\/p>\n<p>Somit ist alles viel \u00fcbersichtlicher und folglich auch sicherer!<\/p>\n<p>Die folgende Grafik des Schweizer Alpenclubs zeigt das wundersch\u00f6n!<\/p>\n<figure id=\"attachment_15391\" aria-describedby=\"caption-attachment-15391\" style=\"width: 348px\" class=\"wp-caption alignnone\"><a href=\"https:\/\/bolting.eu\/wp-content\/uploads\/2023\/03\/Richtig-Abseilen-1.jpg\"><img loading=\"lazy\" decoding=\"async\" class=\"wp-image-15391 size-large\" src=\"https:\/\/bolting.eu\/wp-content\/uploads\/2023\/03\/Richtig-Abseilen-1-348x800.jpg\" alt=\"Grafik zur Verwendung einer 90cm Abseilschlinge beim Abseilen mit Halbseilen.\" width=\"348\" height=\"800\" srcset=\"https:\/\/bolting.eu\/wp-content\/uploads\/2023\/03\/Richtig-Abseilen-1-348x800.jpg 348w, https:\/\/bolting.eu\/wp-content\/uploads\/2023\/03\/Richtig-Abseilen-1-174x400.jpg 174w, https:\/\/bolting.eu\/wp-content\/uploads\/2023\/03\/Richtig-Abseilen-1-100x230.jpg 100w, https:\/\/bolting.eu\/wp-content\/uploads\/2023\/03\/Richtig-Abseilen-1.jpg 445w\" sizes=\"auto, (max-width: 348px) 100vw, 348px\" \/><\/a><figcaption id=\"caption-attachment-15391\" class=\"wp-caption-text\">Grafik: Schweizer Alpenclub, Beitrag &#8220;<a href=\"https:\/\/www.sac-cas.ch\/de\/die-alpen\/abwaerts-aber-sicher-26556\/?_ga=2.48030373.320239582.1678693688-1839024874.1672672998\" target=\"_blank\" rel=\"noopener\">Abw\u00e4rts aber sicher<\/a>&#8220;<\/figcaption><\/figure>\n<p>&nbsp;<\/p>\n<h3>Schlinge fix herrichten<\/h3>\n<p>Wir empfehlen euch, die Abseilschlinge fix her zu richten. D.h. sie fertig abzul\u00e4ngen und dann nur mehr zum Abseilen zu verwenden.<\/p>\n<p>Das hat zwei Gr\u00fcnde. Zum einen l\u00e4sst sich der notwendige Spierenstich Knoten irgendwann einmal sowieso nur mehr ganz schwer l\u00f6sen. Und zum anderen erspart ihr euch das umst\u00e4ndliche Herrichten mitten in der Wand. Wie z.B. bei einem schnellen R\u00fcckzug.<\/p>\n<p>Einfach schon fertiger zusammenlegen, mit Karabiner an den Gurt und fertig!<\/p>\n<h3>Dyneema Abseilschlinge f\u00fcr Alpinisten<\/h3>\n<p>Dieses Produkt ist ja aus Dyneema. Folglich hat es alle positiven Eigenschaften dieses Materials.<\/p>\n<p>Einerseits eine sehr hohe Schnittfestigkeit. Andererseits keine Wasseraufnahme. Somit friert diese Schlinge auch nicht.<\/p>\n<p>Das macht sie perfekt f\u00fcr Alpinisten. Denn sie sind oft bei sehr schlechtem Wetter und auch im Winter unterwegs. Wie z.B. beim Eisklettern.<\/p>\n<p>Wer eine reine Schlinge zum Sportklettern braucht, kann auch die 90cm Bandschlinge aus Polyester verwenden.<\/p>\n","protected":false},"excerpt":{"rendered":"<p>Schlinge zum Abseilen von Edelrid aus 11mm &#8211; 90cm Dyneema Band.<\/p>\n<p>Perfekt f\u00fcr den Abseilvorgang bei Mehrseill\u00e4ngen &#8211; keine &#8220;Restschkaufe&#8221;.<\/p>\n<p>Versandkostenfrei bis 2kg in <img decoding=\"async\" class=\"emoji\" role=\"img\" draggable=\"false\" src=\"https:\/\/s.w.org\/images\/core\/emoji\/14.0.0\/svg\/1f1e6-1f1f9.svg\" alt=\"\ud83c\udde6\ud83c\uddf9\" \/> ab \u20ac 100,- und <img decoding=\"async\" class=\"emoji\" role=\"img\" draggable=\"false\" src=\"https:\/\/s.w.org\/images\/core\/emoji\/14.0.0\/svg\/1f1e9-1f1ea.svg\" alt=\"\ud83c\udde9\ud83c\uddea\" \/> ab \u20ac 200,-!<\/p>\n","protected":false},"featured_media":15399,"comment_status":"closed","ping_status":"closed","template":"","meta":[],"product_brand":[],"product_cat":[4655,29,259],"product_tag":[],"class_list":{"0":"post-15394","1":"product","2":"type-product","3":"status-publish","4":"has-post-thumbnail","6":"product_cat-edelrid","7":"product_cat-kletterausruestung","8":"product_cat-bandschlinge","10":"first","11":"instock","12":"taxable","13":"shipping-taxable","14":"purchasable","15":"product-type-simple"},"yoast_head":"<!-- This site is optimized with the Yoast SEO Premium plugin v26.9 (Yoast SEO v26.9) - https:\/\/yoast.com\/product\/yoast-seo-premium-wordpress\/ -->\n<title>Abseilschlinge Edelrid 90cm aus Dyneema | bolting.eu<\/title>\n<meta name=\"description\" content=\"Abseilschlinge Edelrid 90cm beim Kletterprofi aus Innsbruck kaufen \u2705 Trusted Shop \u2705 kostenloser Versand* \u2705 14 Tage R\u00fcckgaberecht \u2705 Co2 neutraler Versand\" \/>\n<meta name=\"robots\" content=\"index, follow, max-snippet:-1, max-image-preview:large, max-video-preview:-1\" \/>\n<link rel=\"canonical\" href=\"https:\/\/bolting.eu\/en\/shop\/abseilschlinge-edelrid-90cm\/\" \/>\n<meta property=\"og:locale\" content=\"en_US\" \/>\n<meta property=\"og:type\" content=\"article\" \/>\n<meta property=\"og:title\" content=\"Abseilschlinge Edelrid 90cm\" \/>\n<meta property=\"og:description\" content=\"Abseilschlinge Edelrid 90cm beim Kletterprofi aus Innsbruck kaufen \u2705 Trusted Shop \u2705 kostenloser Versand* \u2705 14 Tage R\u00fcckgaberecht \u2705 Co2 neutraler Versand\" \/>\n<meta property=\"og:url\" content=\"https:\/\/bolting.eu\/en\/shop\/abseilschlinge-edelrid-90cm\/\" \/>\n<meta property=\"og:site_name\" content=\"bolting.eu\" \/>\n<meta property=\"article:publisher\" content=\"https:\/\/www.facebook.com\/bolting.eu\" \/>\n<meta property=\"article:modified_time\" content=\"2026-04-10T16:32:05+00:00\" \/>\n<meta property=\"og:image\" content=\"https:\/\/bolting.eu\/wp-content\/uploads\/2023\/03\/Abseilschlinge-Edelrid-90cm.jpg\" \/>\n\t<meta property=\"og:image:width\" content=\"700\" \/>\n\t<meta property=\"og:image:height\" content=\"700\" \/>\n\t<meta property=\"og:image:type\" content=\"image\/jpeg\" \/>\n<meta name=\"twitter:card\" content=\"summary_large_image\" \/>\n<meta name=\"twitter:label1\" content=\"Price\" \/>\n\t<meta name=\"twitter:data1\" content=\"&euro;&nbsp;13,00\" \/>\n\t<meta name=\"twitter:label2\" content=\"Availability\" \/>\n\t<meta name=\"twitter:data2\" content=\"In stock\" \/>\n<script type=\"application\/ld+json\" class=\"yoast-schema-graph\">{\"@context\":\"https:\/\/schema.org\",\"@graph\":[{\"@type\":[\"WebPage\",\"ItemPage\"],\"@id\":\"https:\/\/bolting.eu\/en\/shop\/abseilschlinge-edelrid-90cm\/\",\"url\":\"https:\/\/bolting.eu\/en\/shop\/abseilschlinge-edelrid-90cm\/\",\"name\":\"Abseilschlinge Edelrid 90cm aus Dyneema | bolting.eu\",\"isPartOf\":{\"@id\":\"https:\/\/bolting.eu\/en\/#website\"},\"primaryImageOfPage\":{\"@id\":\"https:\/\/bolting.eu\/en\/shop\/abseilschlinge-edelrid-90cm\/#primaryimage\"},\"image\":{\"@id\":\"https:\/\/bolting.eu\/en\/shop\/abseilschlinge-edelrid-90cm\/#primaryimage\"},\"thumbnailUrl\":\"https:\/\/bolting.eu\/wp-content\/uploads\/2023\/03\/Abseilschlinge-Edelrid-90cm.jpg\",\"datePublished\":\"2023-03-17T10:36:29+00:00\",\"dateModified\":\"2026-04-10T16:32:05+00:00\",\"description\":\"Abseilschlinge Edelrid 90cm beim Kletterprofi aus Innsbruck kaufen \u2705 Trusted Shop \u2705 kostenloser Versand* \u2705 14 Tage R\u00fcckgaberecht \u2705 Co2 neutraler Versand\",\"breadcrumb\":{\"@id\":\"https:\/\/bolting.eu\/en\/shop\/abseilschlinge-edelrid-90cm\/#breadcrumb\"},\"inLanguage\":\"en-US\",\"potentialAction\":[{\"@type\":\"ReadAction\",\"target\":[\"https:\/\/bolting.eu\/en\/shop\/abseilschlinge-edelrid-90cm\/\"]}]},{\"@type\":\"ImageObject\",\"inLanguage\":\"en-US\",\"@id\":\"https:\/\/bolting.eu\/en\/shop\/abseilschlinge-edelrid-90cm\/#primaryimage\",\"url\":\"https:\/\/bolting.eu\/wp-content\/uploads\/2023\/03\/Abseilschlinge-Edelrid-90cm.jpg\",\"contentUrl\":\"https:\/\/bolting.eu\/wp-content\/uploads\/2023\/03\/Abseilschlinge-Edelrid-90cm.jpg\",\"width\":700,\"height\":700,\"caption\":\"Schlaufe einer schwarz - wei\u00dfen Abseilschlinge auf einem wei\u00dfem Quadrat.\"},{\"@type\":\"BreadcrumbList\",\"@id\":\"https:\/\/bolting.eu\/en\/shop\/abseilschlinge-edelrid-90cm\/#breadcrumb\",\"itemListElement\":[{\"@type\":\"ListItem\",\"position\":1,\"name\":\"Shop\",\"item\":\"https:\/\/bolting.eu\/en\/shop\/\"},{\"@type\":\"ListItem\",\"position\":2,\"name\":\"climbing equipment\",\"item\":\"https:\/\/bolting.eu\/en\/produkt-kategorie\/climbing-equipment\/\"},{\"@type\":\"ListItem\",\"position\":3,\"name\":\"Bandschlinge\",\"item\":\"https:\/\/bolting.eu\/produkt-kategorie\/kletterausruestung\/bandschlinge\/\"},{\"@type\":\"ListItem\",\"position\":4,\"name\":\"Abseilschlinge Edelrid 90cm\"}]},{\"@type\":\"WebSite\",\"@id\":\"https:\/\/bolting.eu\/en\/#website\",\"url\":\"https:\/\/bolting.eu\/en\/\",\"name\":\"bolting.eu\",\"description\":\"we make climbs happen\",\"publisher\":{\"@id\":\"https:\/\/bolting.eu\/en\/#organization\"},\"potentialAction\":[{\"@type\":\"SearchAction\",\"target\":{\"@type\":\"EntryPoint\",\"urlTemplate\":\"https:\/\/bolting.eu\/en\/?s={search_term_string}\"},\"query-input\":{\"@type\":\"PropertyValueSpecification\",\"valueRequired\":true,\"valueName\":\"search_term_string\"}}],\"inLanguage\":\"en-US\"},{\"@type\":[\"Organization\",\"Place\",\"SportingGoodsStore\"],\"@id\":\"https:\/\/bolting.eu\/en\/#organization\",\"name\":\"bolting.eu\",\"url\":\"https:\/\/bolting.eu\/en\/\",\"logo\":{\"@id\":\"https:\/\/bolting.eu\/en\/shop\/abseilschlinge-edelrid-90cm\/#local-main-organization-logo\"},\"image\":{\"@id\":\"https:\/\/bolting.eu\/en\/shop\/abseilschlinge-edelrid-90cm\/#local-main-organization-logo\"},\"sameAs\":[\"https:\/\/www.facebook.com\/bolting.eu\",\"https:\/\/www.instagram.com\/bolting.eu\/\"],\"address\":{\"@id\":\"https:\/\/bolting.eu\/en\/shop\/abseilschlinge-edelrid-90cm\/#local-main-place-address\"},\"geo\":{\"@type\":\"GeoCoordinates\",\"latitude\":\"47.264176340396226\",\"longitude\":\"11.380109057672346\"},\"telephone\":[\"+43 699 19083372\"],\"openingHoursSpecification\":[{\"@type\":\"OpeningHoursSpecification\",\"dayOfWeek\":[\"Monday\",\"Wednesday\",\"Friday\"],\"opens\":\"14:00\",\"closes\":\"18:00\"},{\"@type\":\"OpeningHoursSpecification\",\"dayOfWeek\":[\"Tuesday\",\"Thursday\",\"Saturday\",\"Sunday\"],\"opens\":\"00:00\",\"closes\":\"00:00\"}],\"email\":\"office@bolting.eu\",\"vatID\":\"ATU59999728\",\"priceRange\":\"$$\",\"currenciesAccepted\":\"Euro\"},{\"@type\":\"PostalAddress\",\"@id\":\"https:\/\/bolting.eu\/en\/shop\/abseilschlinge-edelrid-90cm\/#local-main-place-address\",\"streetAddress\":\"Fischnalerstra\u00dfe 4\",\"addressLocality\":\"Innsbruck\",\"postalCode\":\"6020\",\"addressRegion\":\"Tirol\",\"addressCountry\":\"AT\"},{\"@type\":\"ImageObject\",\"inLanguage\":\"en-US\",\"@id\":\"https:\/\/bolting.eu\/en\/shop\/abseilschlinge-edelrid-90cm\/#local-main-organization-logo\",\"url\":\"https:\/\/bolting.eu\/wp-content\/uploads\/2019\/09\/bolting-logo.png\",\"contentUrl\":\"https:\/\/bolting.eu\/wp-content\/uploads\/2019\/09\/bolting-logo.png\",\"width\":400,\"height\":211,\"caption\":\"bolting.eu\"}]}<\/script>\n<meta property=\"product:price:amount\" content=\"13.00\" \/>\n<meta property=\"product:price:currency\" content=\"EUR\" \/>\n<meta property=\"og:availability\" content=\"instock\" \/>\n<meta property=\"product:availability\" content=\"instock\" \/>\n<meta property=\"product:retailer_item_id\" content=\"739210900170\" \/>\n<meta property=\"product:condition\" content=\"new\" \/>\n<meta name=\"geo.placename\" content=\"Innsbruck\" \/>\n<meta name=\"geo.position\" content=\"47.264176340396226;11.380109057672346\" \/>\n<meta name=\"geo.region\" content=\"Austria\" \/>\n<!-- \/ Yoast SEO Premium plugin. -->","yoast_head_json":{"title":"Abseilschlinge Edelrid 90cm aus Dyneema | bolting.eu","description":"Abseilschlinge Edelrid 90cm beim Kletterprofi aus Innsbruck kaufen \u2705 Trusted Shop \u2705 kostenloser Versand* \u2705 14 Tage R\u00fcckgaberecht \u2705 Co2 neutraler Versand","robots":{"index":"index","follow":"follow","max-snippet":"max-snippet:-1","max-image-preview":"max-image-preview:large","max-video-preview":"max-video-preview:-1"},"canonical":"https:\/\/bolting.eu\/en\/shop\/abseilschlinge-edelrid-90cm\/","og_locale":"en_US","og_type":"article","og_title":"Abseilschlinge Edelrid 90cm","og_description":"Abseilschlinge Edelrid 90cm beim Kletterprofi aus Innsbruck kaufen \u2705 Trusted Shop \u2705 kostenloser Versand* \u2705 14 Tage R\u00fcckgaberecht \u2705 Co2 neutraler Versand","og_url":"https:\/\/bolting.eu\/en\/shop\/abseilschlinge-edelrid-90cm\/","og_site_name":"bolting.eu","article_publisher":"https:\/\/www.facebook.com\/bolting.eu","article_modified_time":"2026-04-10T16:32:05+00:00","og_image":[{"width":700,"height":700,"url":"https:\/\/bolting.eu\/wp-content\/uploads\/2023\/03\/Abseilschlinge-Edelrid-90cm.jpg","type":"image\/jpeg"}],"twitter_card":"summary_large_image","twitter_misc":{"Price":"&euro;&nbsp;13,00","Availability":"In stock"},"schema":{"@context":"https:\/\/schema.org","@graph":[{"@type":["WebPage","ItemPage"],"@id":"https:\/\/bolting.eu\/en\/shop\/abseilschlinge-edelrid-90cm\/","url":"https:\/\/bolting.eu\/en\/shop\/abseilschlinge-edelrid-90cm\/","name":"Abseilschlinge Edelrid 90cm aus Dyneema | bolting.eu","isPartOf":{"@id":"https:\/\/bolting.eu\/en\/#website"},"primaryImageOfPage":{"@id":"https:\/\/bolting.eu\/en\/shop\/abseilschlinge-edelrid-90cm\/#primaryimage"},"image":{"@id":"https:\/\/bolting.eu\/en\/shop\/abseilschlinge-edelrid-90cm\/#primaryimage"},"thumbnailUrl":"https:\/\/bolting.eu\/wp-content\/uploads\/2023\/03\/Abseilschlinge-Edelrid-90cm.jpg","datePublished":"2023-03-17T10:36:29+00:00","dateModified":"2026-04-10T16:32:05+00:00","description":"Abseilschlinge Edelrid 90cm beim Kletterprofi aus Innsbruck kaufen \u2705 Trusted Shop \u2705 kostenloser Versand* \u2705 14 Tage R\u00fcckgaberecht \u2705 Co2 neutraler Versand","breadcrumb":{"@id":"https:\/\/bolting.eu\/en\/shop\/abseilschlinge-edelrid-90cm\/#breadcrumb"},"inLanguage":"en-US","potentialAction":[{"@type":"ReadAction","target":["https:\/\/bolting.eu\/en\/shop\/abseilschlinge-edelrid-90cm\/"]}]},{"@type":"ImageObject","inLanguage":"en-US","@id":"https:\/\/bolting.eu\/en\/shop\/abseilschlinge-edelrid-90cm\/#primaryimage","url":"https:\/\/bolting.eu\/wp-content\/uploads\/2023\/03\/Abseilschlinge-Edelrid-90cm.jpg","contentUrl":"https:\/\/bolting.eu\/wp-content\/uploads\/2023\/03\/Abseilschlinge-Edelrid-90cm.jpg","width":700,"height":700,"caption":"Schlaufe einer schwarz - wei\u00dfen Abseilschlinge auf einem wei\u00dfem Quadrat."},{"@type":"BreadcrumbList","@id":"https:\/\/bolting.eu\/en\/shop\/abseilschlinge-edelrid-90cm\/#breadcrumb","itemListElement":[{"@type":"ListItem","position":1,"name":"Shop","item":"https:\/\/bolting.eu\/en\/shop\/"},{"@type":"ListItem","position":2,"name":"climbing equipment","item":"https:\/\/bolting.eu\/en\/produkt-kategorie\/climbing-equipment\/"},{"@type":"ListItem","position":3,"name":"Bandschlinge","item":"https:\/\/bolting.eu\/produkt-kategorie\/kletterausruestung\/bandschlinge\/"},{"@type":"ListItem","position":4,"name":"Abseilschlinge Edelrid 90cm"}]},{"@type":"WebSite","@id":"https:\/\/bolting.eu\/en\/#website","url":"https:\/\/bolting.eu\/en\/","name":"bolting.eu","description":"we make climbs happen","publisher":{"@id":"https:\/\/bolting.eu\/en\/#organization"},"potentialAction":[{"@type":"SearchAction","target":{"@type":"EntryPoint","urlTemplate":"https:\/\/bolting.eu\/en\/?s={search_term_string}"},"query-input":{"@type":"PropertyValueSpecification","valueRequired":true,"valueName":"search_term_string"}}],"inLanguage":"en-US"},{"@type":["Organization","Place","SportingGoodsStore"],"@id":"https:\/\/bolting.eu\/en\/#organization","name":"bolting.eu","url":"https:\/\/bolting.eu\/en\/","logo":{"@id":"https:\/\/bolting.eu\/en\/shop\/abseilschlinge-edelrid-90cm\/#local-main-organization-logo"},"image":{"@id":"https:\/\/bolting.eu\/en\/shop\/abseilschlinge-edelrid-90cm\/#local-main-organization-logo"},"sameAs":["https:\/\/www.facebook.com\/bolting.eu","https:\/\/www.instagram.com\/bolting.eu\/"],"address":{"@id":"https:\/\/bolting.eu\/en\/shop\/abseilschlinge-edelrid-90cm\/#local-main-place-address"},"geo":{"@type":"GeoCoordinates","latitude":"47.264176340396226","longitude":"11.380109057672346"},"telephone":["+43 699 19083372"],"openingHoursSpecification":[{"@type":"OpeningHoursSpecification","dayOfWeek":["Monday","Wednesday","Friday"],"opens":"14:00","closes":"18:00"},{"@type":"OpeningHoursSpecification","dayOfWeek":["Tuesday","Thursday","Saturday","Sunday"],"opens":"00:00","closes":"00:00"}],"email":"office@bolting.eu","vatID":"ATU59999728","priceRange":"$$","currenciesAccepted":"Euro"},{"@type":"PostalAddress","@id":"https:\/\/bolting.eu\/en\/shop\/abseilschlinge-edelrid-90cm\/#local-main-place-address","streetAddress":"Fischnalerstra\u00dfe 4","addressLocality":"Innsbruck","postalCode":"6020","addressRegion":"Tirol","addressCountry":"AT"},{"@type":"ImageObject","inLanguage":"en-US","@id":"https:\/\/bolting.eu\/en\/shop\/abseilschlinge-edelrid-90cm\/#local-main-organization-logo","url":"https:\/\/bolting.eu\/wp-content\/uploads\/2019\/09\/bolting-logo.png","contentUrl":"https:\/\/bolting.eu\/wp-content\/uploads\/2019\/09\/bolting-logo.png","width":400,"height":211,"caption":"bolting.eu"}]},"product_price_amount":"13.00","product_price_currency":"EUR","og_availability":"instock","product_availability":"instock","product_retailer_item_id":"739210900170","product_condition":"new","geo.placename":"Innsbruck","geo.position":{"lat":"47.264176340396226","long":"11.380109057672346"},"geo.region":"Austria"},"_links":{"self":[{"href":"https:\/\/bolting.eu\/en\/wp-json\/wp\/v2\/product\/15394","targetHints":{"allow":["GET"]}}],"collection":[{"href":"https:\/\/bolting.eu\/en\/wp-json\/wp\/v2\/product"}],"about":[{"href":"https:\/\/bolting.eu\/en\/wp-json\/wp\/v2\/types\/product"}],"replies":[{"embeddable":true,"href":"https:\/\/bolting.eu\/en\/wp-json\/wp\/v2\/comments?post=15394"}],"wp:featuredmedia":[{"embeddable":true,"href":"https:\/\/bolting.eu\/en\/wp-json\/wp\/v2\/media\/15399"}],"wp:attachment":[{"href":"https:\/\/bolting.eu\/en\/wp-json\/wp\/v2\/media?parent=15394"}],"wp:term":[{"taxonomy":"product_brand","embeddable":true,"href":"https:\/\/bolting.eu\/en\/wp-json\/wp\/v2\/product_brand?post=15394"},{"taxonomy":"product_cat","embeddable":true,"href":"https:\/\/bolting.eu\/en\/wp-json\/wp\/v2\/product_cat?post=15394"},{"taxonomy":"product_tag","embeddable":true,"href":"https:\/\/bolting.eu\/en\/wp-json\/wp\/v2\/product_tag?post=15394"}],"curies":[{"name":"wp","href":"https:\/\/api.w.org\/{rel}","templated":true}]}}