{"id":15389,"date":"2023-03-17T10:32:08","date_gmt":"2023-03-17T09:32:08","guid":{"rendered":"https:\/\/bolting.eu\/?post_type=product&#038;p=15389"},"modified":"2026-04-10T05:56:02","modified_gmt":"2026-04-10T03:56:02","slug":"edelrid-bandschlinge-90cm","status":"publish","type":"product","link":"https:\/\/bolting.eu\/en\/shop\/edelrid-bandschlinge-90cm\/","title":{"rendered":"Edelrid Bandschlinge 90cm"},"content":{"rendered":"<p>Die Edelrid Bandschlinge 90cm ist ein universelles Modell. Denn sie kann sowohl als Zwischensicherung, f\u00fcr den Standbau mit <a href=\"https:\/\/bolting.eu\/weiches-auge-knoten\/\">weichem Auge Knoten<\/a> als auch zum Abseilen verwendet werden.<\/p>\n<p>Dieses Model besteht aus abriebfestem Polyester und ist 16mm breit. Das bedeutet zum einen sehr gute Knotbarkeit. Und zum anderen kann man die Knoten auch wieder relativ leicht l\u00f6sen.<\/p>\n<p>Anders als sehr d\u00fcnne Dyneema Schlingen bietet das breite Polyamid hier deutliche Vorteile.<\/p>\n<p>Kurzum. Ein vielseitiges Band f\u00fcr alle, die diese angenehme &#8220;Zwischengr\u00f6\u00dfe&#8221; verwenden wollen.<\/p>\n<h2>Eigenschaften 90cm Bandschlinge<\/h2>\n<ul>\n<li>Hersteller: <a href=\"https:\/\/bolting.eu\/produkt-kategorie\/edelrid\/\">Edelrid<\/a><\/li>\n<li>Material: Polyester<\/li>\n<li>Breite: 16mm<\/li>\n<li>L\u00e4nge: 90cm &#8211; 180cm Umfang<\/li>\n<li>Farbe: schwarz<\/li>\n<li>Normen: En 354, EN 566, EN 795<\/li>\n<li>Material hat gute Griffigkeit<\/li>\n<li>leicht zu knoten bzw. zu l\u00f6sen<\/li>\n<li>Bruchlast: 22 kN<\/li>\n<li>roter Verschlei\u00df Indikator zeigt Abnutzung an<\/li>\n<li>ideal als Abseilschlinge<\/li>\n<li><a href=\"https:\/\/avs.edelrid.com\/images\/attribut\/54523_GAL_Slings_Tapes_Safety_ANSICHT_2.pdf\" target=\"_blank\" rel=\"noopener\">Gebrauchsanleitung<\/a><\/li>\n<\/ul>\n<h3>Ideale Abseilschlinge!<\/h3>\n<p>Die 90cm Bandschlinge ist eine ideale Option beim Abseilen. Denn sie ist lange genug, um einen passenden Abstand zum Abseilger\u00e4t herzustellen. Und dann eben noch ein Restst\u00fcck f\u00fcr die Selbstsicherung zu lassen.<\/p>\n<p>Entgegen der 120cm langen Variante, bleibt da keine l\u00e4stige Restschlaufe.<\/p>\n<p>Kurzum. Die k\u00fcrzere Option ist wesentlich \u00fcbersichtlicher und somit auch sicherer. Eine Grafik des Schweizer Alpenclubs verdeutlicht das ideale Abseil Set-Up.<\/p>\n<p>&nbsp;<\/p>\n<figure id=\"attachment_15391\" aria-describedby=\"caption-attachment-15391\" style=\"width: 348px\" class=\"wp-caption alignnone\"><a href=\"https:\/\/bolting.eu\/wp-content\/uploads\/2023\/03\/Richtig-Abseilen-1.jpg\"><img loading=\"lazy\" decoding=\"async\" class=\"wp-image-15391 size-large\" src=\"https:\/\/bolting.eu\/wp-content\/uploads\/2023\/03\/Richtig-Abseilen-1-348x800.jpg\" alt=\"Grafik zur Verwendung einer 90cm Bandschlinge beim Abseilen mit Halbseilen.\" width=\"348\" height=\"800\" srcset=\"https:\/\/bolting.eu\/wp-content\/uploads\/2023\/03\/Richtig-Abseilen-1-348x800.jpg 348w, https:\/\/bolting.eu\/wp-content\/uploads\/2023\/03\/Richtig-Abseilen-1-174x400.jpg 174w, https:\/\/bolting.eu\/wp-content\/uploads\/2023\/03\/Richtig-Abseilen-1-100x230.jpg 100w, https:\/\/bolting.eu\/wp-content\/uploads\/2023\/03\/Richtig-Abseilen-1.jpg 445w\" sizes=\"auto, (max-width: 348px) 100vw, 348px\" \/><\/a><figcaption id=\"caption-attachment-15391\" class=\"wp-caption-text\">So setzt man die Bandschlinge beim Abseilen ad\u00e4quat ein. Grafik: Schweizer Alpenclub Beitrag &#8220;<a href=\"https:\/\/www.sac-cas.ch\/de\/die-alpen\/abwaerts-aber-sicher-26556\/\" target=\"_blank\" rel=\"noopener\">Abw\u00e4rts aber sicher<\/a>&#8220;<\/figcaption><\/figure>\n<h3>Produkt aus Polyester<\/h3>\n<p>Es hat einen guten Grund, wieso es die 90cm Bandschlinge aus 16mm breitem Polyester gibt. Dieses Material hat n\u00e4mlich einige Vorteile gegen\u00fcber d\u00fcnnem Dyneema.<\/p>\n<p>Erstens ist die Oberfl\u00e4che wesentlich rauer und hat somit eine bessere Knotbarkeit. Zweitens ist Polyester sehr abriebfest. D.h. wer viel damit hantiert hat die Garantie, dass die Fasern nicht schnell ausfransen. Und drittens lassen sich Knoten aus den 16mm breiten B\u00e4nder auch viel besser l\u00f6sen.<\/p>\n<h3>Bandschlinge 90cm mit Verschlei\u00dfindikator<\/h3>\n<p>Dieses Produkt hat ein cooles Sicherheitsfeature. Rote F\u00e4den auf der Innenseite des Bandes.<\/p>\n<p>Somit ist eine offensichtliche Warnung gew\u00e4hrleistet, sollte das Band einrei\u00dfen oder abgenutzt sein. Denn dann kommen die roten Fasern zum Vorschein und signalisieren einen sofortigen Austausch!<\/p>\n","protected":false},"excerpt":{"rendered":"<p>90cm Bandschlinge aus 16mm breitem Polyester Band.<\/p>\n<p>Vielseitig verwendbar mit St\u00e4rken als Abseilschlinge.<\/p>\n<p>Versandkostenfrei bis 2kg in <img decoding=\"async\" class=\"emoji\" role=\"img\" draggable=\"false\" src=\"https:\/\/s.w.org\/images\/core\/emoji\/14.0.0\/svg\/1f1e6-1f1f9.svg\" alt=\"\ud83c\udde6\ud83c\uddf9\" \/> ab \u20ac 100,- und <img decoding=\"async\" class=\"emoji\" role=\"img\" draggable=\"false\" src=\"https:\/\/s.w.org\/images\/core\/emoji\/14.0.0\/svg\/1f1e9-1f1ea.svg\" alt=\"\ud83c\udde9\ud83c\uddea\" \/> ab \u20ac 200,-!<\/p>\n","protected":false},"featured_media":15392,"comment_status":"closed","ping_status":"closed","template":"","meta":[],"product_brand":[],"product_cat":[29,259,4655],"product_tag":[],"class_list":{"0":"post-15389","1":"product","2":"type-product","3":"status-publish","4":"has-post-thumbnail","6":"product_cat-kletterausruestung","7":"product_cat-bandschlinge","8":"product_cat-edelrid","10":"first","11":"instock","12":"taxable","13":"shipping-taxable","14":"purchasable","15":"product-type-simple"},"yoast_head":"<!-- This site is optimized with the Yoast SEO Premium plugin v26.9 (Yoast SEO v26.9) - https:\/\/yoast.com\/product\/yoast-seo-premium-wordpress\/ -->\n<title>Edelrid Bandschlinge 90cm - PES SLING aus Polyester | bolting.eu<\/title>\n<meta name=\"description\" content=\"Bandschlinge 90cm Edelrid PES SLING beim Kletterprofi aus Innsbruck kaufen \u2705 kostenloser Versand* \u2705 14 Tage R\u00fcckgaberecht \u2705 Co2 neutraler Versand\" \/>\n<meta name=\"robots\" content=\"index, follow, max-snippet:-1, max-image-preview:large, max-video-preview:-1\" \/>\n<link rel=\"canonical\" href=\"https:\/\/bolting.eu\/en\/shop\/edelrid-bandschlinge-90cm\/\" \/>\n<meta property=\"og:locale\" content=\"en_US\" \/>\n<meta property=\"og:type\" content=\"article\" \/>\n<meta property=\"og:title\" content=\"Edelrid Bandschlinge 90cm\" \/>\n<meta property=\"og:description\" content=\"Bandschlinge 90cm Edelrid PES SLING beim Kletterprofi aus Innsbruck kaufen \u2705 kostenloser Versand* \u2705 14 Tage R\u00fcckgaberecht \u2705 Co2 neutraler Versand\" \/>\n<meta property=\"og:url\" content=\"https:\/\/bolting.eu\/en\/shop\/edelrid-bandschlinge-90cm\/\" \/>\n<meta property=\"og:site_name\" content=\"bolting.eu\" \/>\n<meta property=\"article:publisher\" content=\"https:\/\/www.facebook.com\/bolting.eu\" \/>\n<meta property=\"article:modified_time\" content=\"2026-04-10T03:56:02+00:00\" \/>\n<meta property=\"og:image\" content=\"https:\/\/bolting.eu\/wp-content\/uploads\/2023\/03\/Bandschlinge-90cm-1.jpg\" \/>\n\t<meta property=\"og:image:width\" content=\"700\" \/>\n\t<meta property=\"og:image:height\" content=\"700\" \/>\n\t<meta property=\"og:image:type\" content=\"image\/jpeg\" \/>\n<meta name=\"twitter:card\" content=\"summary_large_image\" \/>\n<meta name=\"twitter:label1\" content=\"Price\" \/>\n\t<meta name=\"twitter:data1\" content=\"&euro;&nbsp;8,00\" \/>\n\t<meta name=\"twitter:label2\" content=\"Availability\" \/>\n\t<meta name=\"twitter:data2\" content=\"In stock\" \/>\n<script type=\"application\/ld+json\" class=\"yoast-schema-graph\">{\"@context\":\"https:\/\/schema.org\",\"@graph\":[{\"@type\":[\"WebPage\",\"ItemPage\"],\"@id\":\"https:\/\/bolting.eu\/en\/shop\/edelrid-bandschlinge-90cm\/\",\"url\":\"https:\/\/bolting.eu\/en\/shop\/edelrid-bandschlinge-90cm\/\",\"name\":\"Edelrid Bandschlinge 90cm - PES SLING aus Polyester | bolting.eu\",\"isPartOf\":{\"@id\":\"https:\/\/bolting.eu\/en\/#website\"},\"primaryImageOfPage\":{\"@id\":\"https:\/\/bolting.eu\/en\/shop\/edelrid-bandschlinge-90cm\/#primaryimage\"},\"image\":{\"@id\":\"https:\/\/bolting.eu\/en\/shop\/edelrid-bandschlinge-90cm\/#primaryimage\"},\"thumbnailUrl\":\"https:\/\/bolting.eu\/wp-content\/uploads\/2023\/03\/Bandschlinge-90cm-1.jpg\",\"datePublished\":\"2023-03-17T09:32:08+00:00\",\"dateModified\":\"2026-04-10T03:56:02+00:00\",\"description\":\"Bandschlinge 90cm Edelrid PES SLING beim Kletterprofi aus Innsbruck kaufen \u2705 kostenloser Versand* \u2705 14 Tage R\u00fcckgaberecht \u2705 Co2 neutraler Versand\",\"breadcrumb\":{\"@id\":\"https:\/\/bolting.eu\/en\/shop\/edelrid-bandschlinge-90cm\/#breadcrumb\"},\"inLanguage\":\"en-US\",\"potentialAction\":[{\"@type\":\"ReadAction\",\"target\":[\"https:\/\/bolting.eu\/en\/shop\/edelrid-bandschlinge-90cm\/\"]}]},{\"@type\":\"ImageObject\",\"inLanguage\":\"en-US\",\"@id\":\"https:\/\/bolting.eu\/en\/shop\/edelrid-bandschlinge-90cm\/#primaryimage\",\"url\":\"https:\/\/bolting.eu\/wp-content\/uploads\/2023\/03\/Bandschlinge-90cm-1.jpg\",\"contentUrl\":\"https:\/\/bolting.eu\/wp-content\/uploads\/2023\/03\/Bandschlinge-90cm-1.jpg\",\"width\":700,\"height\":700},{\"@type\":\"BreadcrumbList\",\"@id\":\"https:\/\/bolting.eu\/en\/shop\/edelrid-bandschlinge-90cm\/#breadcrumb\",\"itemListElement\":[{\"@type\":\"ListItem\",\"position\":1,\"name\":\"Shop\",\"item\":\"https:\/\/bolting.eu\/en\/shop\/\"},{\"@type\":\"ListItem\",\"position\":2,\"name\":\"climbing equipment\",\"item\":\"https:\/\/bolting.eu\/en\/produkt-kategorie\/climbing-equipment\/\"},{\"@type\":\"ListItem\",\"position\":3,\"name\":\"Bandschlinge\",\"item\":\"https:\/\/bolting.eu\/produkt-kategorie\/kletterausruestung\/bandschlinge\/\"},{\"@type\":\"ListItem\",\"position\":4,\"name\":\"Edelrid Bandschlinge 90cm\"}]},{\"@type\":\"WebSite\",\"@id\":\"https:\/\/bolting.eu\/en\/#website\",\"url\":\"https:\/\/bolting.eu\/en\/\",\"name\":\"bolting.eu\",\"description\":\"we make climbs happen\",\"publisher\":{\"@id\":\"https:\/\/bolting.eu\/en\/#organization\"},\"potentialAction\":[{\"@type\":\"SearchAction\",\"target\":{\"@type\":\"EntryPoint\",\"urlTemplate\":\"https:\/\/bolting.eu\/en\/?s={search_term_string}\"},\"query-input\":{\"@type\":\"PropertyValueSpecification\",\"valueRequired\":true,\"valueName\":\"search_term_string\"}}],\"inLanguage\":\"en-US\"},{\"@type\":[\"Organization\",\"Place\",\"SportingGoodsStore\"],\"@id\":\"https:\/\/bolting.eu\/en\/#organization\",\"name\":\"bolting.eu\",\"url\":\"https:\/\/bolting.eu\/en\/\",\"logo\":{\"@id\":\"https:\/\/bolting.eu\/en\/shop\/edelrid-bandschlinge-90cm\/#local-main-organization-logo\"},\"image\":{\"@id\":\"https:\/\/bolting.eu\/en\/shop\/edelrid-bandschlinge-90cm\/#local-main-organization-logo\"},\"sameAs\":[\"https:\/\/www.facebook.com\/bolting.eu\",\"https:\/\/www.instagram.com\/bolting.eu\/\"],\"address\":{\"@id\":\"https:\/\/bolting.eu\/en\/shop\/edelrid-bandschlinge-90cm\/#local-main-place-address\"},\"geo\":{\"@type\":\"GeoCoordinates\",\"latitude\":\"47.264176340396226\",\"longitude\":\"11.380109057672346\"},\"telephone\":[\"+43 699 19083372\"],\"openingHoursSpecification\":[{\"@type\":\"OpeningHoursSpecification\",\"dayOfWeek\":[\"Monday\",\"Wednesday\",\"Friday\"],\"opens\":\"14:00\",\"closes\":\"18:00\"},{\"@type\":\"OpeningHoursSpecification\",\"dayOfWeek\":[\"Tuesday\",\"Thursday\",\"Saturday\",\"Sunday\"],\"opens\":\"00:00\",\"closes\":\"00:00\"}],\"email\":\"office@bolting.eu\",\"vatID\":\"ATU59999728\",\"priceRange\":\"$$\",\"currenciesAccepted\":\"Euro\"},{\"@type\":\"PostalAddress\",\"@id\":\"https:\/\/bolting.eu\/en\/shop\/edelrid-bandschlinge-90cm\/#local-main-place-address\",\"streetAddress\":\"Fischnalerstra\u00dfe 4\",\"addressLocality\":\"Innsbruck\",\"postalCode\":\"6020\",\"addressRegion\":\"Tirol\",\"addressCountry\":\"AT\"},{\"@type\":\"ImageObject\",\"inLanguage\":\"en-US\",\"@id\":\"https:\/\/bolting.eu\/en\/shop\/edelrid-bandschlinge-90cm\/#local-main-organization-logo\",\"url\":\"https:\/\/bolting.eu\/wp-content\/uploads\/2019\/09\/bolting-logo.png\",\"contentUrl\":\"https:\/\/bolting.eu\/wp-content\/uploads\/2019\/09\/bolting-logo.png\",\"width\":400,\"height\":211,\"caption\":\"bolting.eu\"}]}<\/script>\n<meta property=\"product:price:amount\" content=\"8.00\" \/>\n<meta property=\"product:price:currency\" content=\"EUR\" \/>\n<meta property=\"og:availability\" content=\"instock\" \/>\n<meta property=\"product:availability\" content=\"instock\" \/>\n<meta property=\"product:retailer_item_id\" content=\"739300900170\" \/>\n<meta property=\"product:condition\" content=\"new\" \/>\n<meta name=\"geo.placename\" content=\"Innsbruck\" \/>\n<meta name=\"geo.position\" content=\"47.264176340396226;11.380109057672346\" \/>\n<meta name=\"geo.region\" content=\"Austria\" \/>\n<!-- \/ Yoast SEO Premium plugin. -->","yoast_head_json":{"title":"Edelrid Bandschlinge 90cm - PES SLING aus Polyester | bolting.eu","description":"Bandschlinge 90cm Edelrid PES SLING beim Kletterprofi aus Innsbruck kaufen \u2705 kostenloser Versand* \u2705 14 Tage R\u00fcckgaberecht \u2705 Co2 neutraler Versand","robots":{"index":"index","follow":"follow","max-snippet":"max-snippet:-1","max-image-preview":"max-image-preview:large","max-video-preview":"max-video-preview:-1"},"canonical":"https:\/\/bolting.eu\/en\/shop\/edelrid-bandschlinge-90cm\/","og_locale":"en_US","og_type":"article","og_title":"Edelrid Bandschlinge 90cm","og_description":"Bandschlinge 90cm Edelrid PES SLING beim Kletterprofi aus Innsbruck kaufen \u2705 kostenloser Versand* \u2705 14 Tage R\u00fcckgaberecht \u2705 Co2 neutraler Versand","og_url":"https:\/\/bolting.eu\/en\/shop\/edelrid-bandschlinge-90cm\/","og_site_name":"bolting.eu","article_publisher":"https:\/\/www.facebook.com\/bolting.eu","article_modified_time":"2026-04-10T03:56:02+00:00","og_image":[{"width":700,"height":700,"url":"https:\/\/bolting.eu\/wp-content\/uploads\/2023\/03\/Bandschlinge-90cm-1.jpg","type":"image\/jpeg"}],"twitter_card":"summary_large_image","twitter_misc":{"Price":"&euro;&nbsp;8,00","Availability":"In stock"},"schema":{"@context":"https:\/\/schema.org","@graph":[{"@type":["WebPage","ItemPage"],"@id":"https:\/\/bolting.eu\/en\/shop\/edelrid-bandschlinge-90cm\/","url":"https:\/\/bolting.eu\/en\/shop\/edelrid-bandschlinge-90cm\/","name":"Edelrid Bandschlinge 90cm - PES SLING aus Polyester | bolting.eu","isPartOf":{"@id":"https:\/\/bolting.eu\/en\/#website"},"primaryImageOfPage":{"@id":"https:\/\/bolting.eu\/en\/shop\/edelrid-bandschlinge-90cm\/#primaryimage"},"image":{"@id":"https:\/\/bolting.eu\/en\/shop\/edelrid-bandschlinge-90cm\/#primaryimage"},"thumbnailUrl":"https:\/\/bolting.eu\/wp-content\/uploads\/2023\/03\/Bandschlinge-90cm-1.jpg","datePublished":"2023-03-17T09:32:08+00:00","dateModified":"2026-04-10T03:56:02+00:00","description":"Bandschlinge 90cm Edelrid PES SLING beim Kletterprofi aus Innsbruck kaufen \u2705 kostenloser Versand* \u2705 14 Tage R\u00fcckgaberecht \u2705 Co2 neutraler Versand","breadcrumb":{"@id":"https:\/\/bolting.eu\/en\/shop\/edelrid-bandschlinge-90cm\/#breadcrumb"},"inLanguage":"en-US","potentialAction":[{"@type":"ReadAction","target":["https:\/\/bolting.eu\/en\/shop\/edelrid-bandschlinge-90cm\/"]}]},{"@type":"ImageObject","inLanguage":"en-US","@id":"https:\/\/bolting.eu\/en\/shop\/edelrid-bandschlinge-90cm\/#primaryimage","url":"https:\/\/bolting.eu\/wp-content\/uploads\/2023\/03\/Bandschlinge-90cm-1.jpg","contentUrl":"https:\/\/bolting.eu\/wp-content\/uploads\/2023\/03\/Bandschlinge-90cm-1.jpg","width":700,"height":700},{"@type":"BreadcrumbList","@id":"https:\/\/bolting.eu\/en\/shop\/edelrid-bandschlinge-90cm\/#breadcrumb","itemListElement":[{"@type":"ListItem","position":1,"name":"Shop","item":"https:\/\/bolting.eu\/en\/shop\/"},{"@type":"ListItem","position":2,"name":"climbing equipment","item":"https:\/\/bolting.eu\/en\/produkt-kategorie\/climbing-equipment\/"},{"@type":"ListItem","position":3,"name":"Bandschlinge","item":"https:\/\/bolting.eu\/produkt-kategorie\/kletterausruestung\/bandschlinge\/"},{"@type":"ListItem","position":4,"name":"Edelrid Bandschlinge 90cm"}]},{"@type":"WebSite","@id":"https:\/\/bolting.eu\/en\/#website","url":"https:\/\/bolting.eu\/en\/","name":"bolting.eu","description":"we make climbs happen","publisher":{"@id":"https:\/\/bolting.eu\/en\/#organization"},"potentialAction":[{"@type":"SearchAction","target":{"@type":"EntryPoint","urlTemplate":"https:\/\/bolting.eu\/en\/?s={search_term_string}"},"query-input":{"@type":"PropertyValueSpecification","valueRequired":true,"valueName":"search_term_string"}}],"inLanguage":"en-US"},{"@type":["Organization","Place","SportingGoodsStore"],"@id":"https:\/\/bolting.eu\/en\/#organization","name":"bolting.eu","url":"https:\/\/bolting.eu\/en\/","logo":{"@id":"https:\/\/bolting.eu\/en\/shop\/edelrid-bandschlinge-90cm\/#local-main-organization-logo"},"image":{"@id":"https:\/\/bolting.eu\/en\/shop\/edelrid-bandschlinge-90cm\/#local-main-organization-logo"},"sameAs":["https:\/\/www.facebook.com\/bolting.eu","https:\/\/www.instagram.com\/bolting.eu\/"],"address":{"@id":"https:\/\/bolting.eu\/en\/shop\/edelrid-bandschlinge-90cm\/#local-main-place-address"},"geo":{"@type":"GeoCoordinates","latitude":"47.264176340396226","longitude":"11.380109057672346"},"telephone":["+43 699 19083372"],"openingHoursSpecification":[{"@type":"OpeningHoursSpecification","dayOfWeek":["Monday","Wednesday","Friday"],"opens":"14:00","closes":"18:00"},{"@type":"OpeningHoursSpecification","dayOfWeek":["Tuesday","Thursday","Saturday","Sunday"],"opens":"00:00","closes":"00:00"}],"email":"office@bolting.eu","vatID":"ATU59999728","priceRange":"$$","currenciesAccepted":"Euro"},{"@type":"PostalAddress","@id":"https:\/\/bolting.eu\/en\/shop\/edelrid-bandschlinge-90cm\/#local-main-place-address","streetAddress":"Fischnalerstra\u00dfe 4","addressLocality":"Innsbruck","postalCode":"6020","addressRegion":"Tirol","addressCountry":"AT"},{"@type":"ImageObject","inLanguage":"en-US","@id":"https:\/\/bolting.eu\/en\/shop\/edelrid-bandschlinge-90cm\/#local-main-organization-logo","url":"https:\/\/bolting.eu\/wp-content\/uploads\/2019\/09\/bolting-logo.png","contentUrl":"https:\/\/bolting.eu\/wp-content\/uploads\/2019\/09\/bolting-logo.png","width":400,"height":211,"caption":"bolting.eu"}]},"product_price_amount":"8.00","product_price_currency":"EUR","og_availability":"instock","product_availability":"instock","product_retailer_item_id":"739300900170","product_condition":"new","geo.placename":"Innsbruck","geo.position":{"lat":"47.264176340396226","long":"11.380109057672346"},"geo.region":"Austria"},"_links":{"self":[{"href":"https:\/\/bolting.eu\/en\/wp-json\/wp\/v2\/product\/15389","targetHints":{"allow":["GET"]}}],"collection":[{"href":"https:\/\/bolting.eu\/en\/wp-json\/wp\/v2\/product"}],"about":[{"href":"https:\/\/bolting.eu\/en\/wp-json\/wp\/v2\/types\/product"}],"replies":[{"embeddable":true,"href":"https:\/\/bolting.eu\/en\/wp-json\/wp\/v2\/comments?post=15389"}],"wp:featuredmedia":[{"embeddable":true,"href":"https:\/\/bolting.eu\/en\/wp-json\/wp\/v2\/media\/15392"}],"wp:attachment":[{"href":"https:\/\/bolting.eu\/en\/wp-json\/wp\/v2\/media?parent=15389"}],"wp:term":[{"taxonomy":"product_brand","embeddable":true,"href":"https:\/\/bolting.eu\/en\/wp-json\/wp\/v2\/product_brand?post=15389"},{"taxonomy":"product_cat","embeddable":true,"href":"https:\/\/bolting.eu\/en\/wp-json\/wp\/v2\/product_cat?post=15389"},{"taxonomy":"product_tag","embeddable":true,"href":"https:\/\/bolting.eu\/en\/wp-json\/wp\/v2\/product_tag?post=15389"}],"curies":[{"name":"wp","href":"https:\/\/api.w.org\/{rel}","templated":true}]}}