{"id":15345,"date":"2023-03-11T15:39:51","date_gmt":"2023-03-11T14:39:51","guid":{"rendered":"https:\/\/bolting.eu\/?post_type=product&#038;p=15345"},"modified":"2025-10-29T17:21:52","modified_gmt":"2025-10-29T16:21:52","slug":"petzl-footape","status":"publish","type":"product","link":"https:\/\/bolting.eu\/en\/shop\/petzl-footape\/","title":{"rendered":"Petzl Footape"},"content":{"rendered":"<p>Die Petzl Footape ist zum einen f\u00fcr den Aufstieg am Seil mit einer <a href=\"https:\/\/bolting.eu\/produkt-kategorie\/kletterausruestung\/steigklemme\/\">Steigklemme<\/a> gedacht. Und zum anderen zum Hochsteigen beim Techno Klettern.<\/p>\n<p>Hierzu ist die Trittschlinge erstens l\u00e4ngenverstellbar mit einer leichtg\u00e4ngigen Schnalle. Zweitens wird sie aus robustem <a href=\"https:\/\/bolting.eu\/produkt-kategorie\/kletterausruestung\/bandschlinge\/https:\/\/bolting.eu\/produkt-kategorie\/kletterausruestung\/bandschlinge\/\">Bandschlingen<\/a> Material hergestellt. Und drittens kann man seine Schuhe durch einen verstellbaren Riemen sehr gut fixieren.<\/p>\n<p>Kurzum. Eine extrem robuste Trittschlinge f\u00fcr den oftmaligen Einsatz!<\/p>\n<h2>Eigenschaften Footape Trittschlinge<\/h2>\n<ul>\n<li>Hersteller: <a href=\"https:\/\/bolting.eu\/produkt-kategorie\/petzl\/\">Petzl<\/a><\/li>\n<li>Material: Polyamid, Stahl<\/li>\n<li>Gewicht: nur 65 Gramm<\/li>\n<li>max. L\u00e4nge: 130cm<\/li>\n<li>20mm Polyamid Bandschlinge<\/li>\n<li>super leicht verstellbare Double-Back Schnalle aus Stahl<\/li>\n<li>elastischer Riemen f\u00fcr Halt des Fu\u00dfes in der Schlinge<\/li>\n<li>ideal f\u00fcr Big Wall, Techno Klettern und Aufstieg mit Seilklemme<\/li>\n<li><a href=\"https:\/\/www.petzl.com\/sfc\/servlet.shepherd\/version\/download\/0686800000D7ccrAAB\" target=\"_blank\" rel=\"noopener\">Pflegeanleitung<\/a><\/li>\n<\/ul>\n<h3>Ideal mit Ascension Jumar<\/h3>\n<p>Die Petzl Footape ist ideal in Verbindung mit der <a href=\"https:\/\/bolting.eu\/shop\/petzl-ascension-handsteigklemme\/\">Ascension<\/a> Handsteigklemme. Wir empfehlen euch die Fixierung in einem kleinen <a href=\"https:\/\/bolting.eu\/shop\/schraub-kettenglied-4mm-aisi-304\/\">4mm Rapidglied<\/a>. Somit spart ihr nochmals Gewicht ein.<\/p>\n<p>Zudem ist die Schlinge dann ganz sicher verbunden.<\/p>\n<p>Durch die L\u00e4nge von max. 130cm kann dieses Modell von jedem verwendet werden. Egal ob gro\u00dfe oder kleine Person. Diese Dimension ist f\u00fcr alle K\u00f6rpergr\u00f6\u00dfen geeignet.<\/p>\n<h3>Robust und langlebig<\/h3>\n<p>Die Footape von Petzl ist eine sehr robuste Trittschlinge. Denn sie ist aus starkem Bandschlingen Material gefertigt. Zudem ist sie im Bereich des Fu\u00dfbogens verst\u00e4rkt. Und schlie\u00dflich garantiert die Double-Back Schnalle aus Stahl ebenso eine lange Lebensdauer.<\/p>\n<p>Somit habt ihr hier ein Modell f\u00fcr den langfristigen, harten Einsatz. Wie z.B. BigWalls, Techno Routen oder Seil Aufsteig beim H\u00f6henarbeiten.<\/p>\n<h3>Petzl Footape mit Double Back Schnalle<\/h3>\n<p>Eine der ganz gro\u00dfen St\u00e4rken dieses Modells ist die Double-Back Schnalle. Denn sie ist super easy verstellbar.<\/p>\n<p>Ein kleiner Druck nach oben gen\u00fcgt, schon kann man die Bandschlinge verschieben.<\/p>\n<p>Das ist f\u00fcr ein rasches Handling enorm wichtig. Wer tausende Male die Schlinge bei einem Big Wall verwendet, wei\u00df was Sache ist. Ebenso wer bei H\u00f6henarbeiten viel am Seil aufsteigen muss.<\/p>\n","protected":false},"excerpt":{"rendered":"<p>RobusteTrittschlinge aus 20mm Polyamid Bandmaterial und verstellbarer Stahl-Schnalle. Max. L\u00e4nge ist 130cm.<\/p>\n<p>Ideal f\u00fcr Aufstieg am Seil = Jumaren und Techno Klettern.<\/p>\n<p>Versandkostenfrei bis 2kg in <img decoding=\"async\" class=\"emoji\" role=\"img\" draggable=\"false\" src=\"https:\/\/s.w.org\/images\/core\/emoji\/14.0.0\/svg\/1f1e6-1f1f9.svg\" alt=\"\ud83c\udde6\ud83c\uddf9\" \/> ab \u20ac 100,- und <img decoding=\"async\" class=\"emoji\" role=\"img\" draggable=\"false\" src=\"https:\/\/s.w.org\/images\/core\/emoji\/14.0.0\/svg\/1f1e9-1f1ea.svg\" alt=\"\ud83c\udde9\ud83c\uddea\" \/> ab \u20ac 200,-!<\/p>\n","protected":false},"featured_media":15352,"comment_status":"closed","ping_status":"closed","template":"","meta":[],"product_brand":[],"product_cat":[14056,14093,31,35,1210],"product_tag":[],"class_list":{"0":"post-15345","1":"product","2":"type-product","3":"status-publish","4":"has-post-thumbnail","6":"product_cat-seil-auf-abstieg","7":"product_cat-petzl","8":"product_cat-big-wall-ausruestung","9":"product_cat-einbohr-zubehoer","10":"product_cat-einbohrartikel","12":"first","13":"instock","14":"taxable","15":"shipping-taxable","16":"purchasable","17":"product-type-simple"},"yoast_head":"<!-- This site is optimized with the Yoast SEO Premium plugin v26.9 (Yoast SEO v26.9) - https:\/\/yoast.com\/product\/yoast-seo-premium-wordpress\/ -->\n<title>Petzl Footape Trittschlinge f\u00fcr Dauereinsatz | bolting.eu<\/title>\n<meta name=\"description\" content=\"Petzl Footape Trittschlinge beim Kletterprofi aus Innsbruck kaufen \u2705 kostenloser Versand* \u2705 14 Tage R\u00fcckgaberecht \u2705 Co2 neutraler Versand\" \/>\n<meta name=\"robots\" content=\"index, follow, max-snippet:-1, max-image-preview:large, max-video-preview:-1\" \/>\n<link rel=\"canonical\" href=\"https:\/\/bolting.eu\/en\/shop\/petzl-footape\/\" \/>\n<meta property=\"og:locale\" content=\"en_US\" \/>\n<meta property=\"og:type\" content=\"article\" \/>\n<meta property=\"og:title\" content=\"Petzl Footape\" \/>\n<meta property=\"og:description\" content=\"Petzl Footape Trittschlinge beim Kletterprofi aus Innsbruck kaufen \u2705 kostenloser Versand* \u2705 14 Tage R\u00fcckgaberecht \u2705 Co2 neutraler Versand\" \/>\n<meta property=\"og:url\" content=\"https:\/\/bolting.eu\/en\/shop\/petzl-footape\/\" \/>\n<meta property=\"og:site_name\" content=\"bolting.eu\" \/>\n<meta property=\"article:publisher\" content=\"https:\/\/www.facebook.com\/bolting.eu\" \/>\n<meta property=\"article:modified_time\" content=\"2025-10-29T16:21:52+00:00\" \/>\n<meta property=\"og:image\" content=\"https:\/\/bolting.eu\/wp-content\/uploads\/2023\/03\/Petzl-Footape-1.jpg\" \/>\n\t<meta property=\"og:image:width\" content=\"700\" \/>\n\t<meta property=\"og:image:height\" content=\"700\" \/>\n\t<meta property=\"og:image:type\" content=\"image\/jpeg\" \/>\n<meta name=\"twitter:card\" content=\"summary_large_image\" \/>\n<meta name=\"twitter:label1\" content=\"Price\" \/>\n\t<meta name=\"twitter:data1\" content=\"&euro;&nbsp;20,50\" \/>\n\t<meta name=\"twitter:label2\" content=\"Availability\" \/>\n\t<meta name=\"twitter:data2\" content=\"In stock\" \/>\n<script type=\"application\/ld+json\" class=\"yoast-schema-graph\">{\"@context\":\"https:\/\/schema.org\",\"@graph\":[{\"@type\":[\"WebPage\",\"ItemPage\"],\"@id\":\"https:\/\/bolting.eu\/en\/shop\/petzl-footape\/\",\"url\":\"https:\/\/bolting.eu\/en\/shop\/petzl-footape\/\",\"name\":\"Petzl Footape Trittschlinge f\u00fcr Dauereinsatz | bolting.eu\",\"isPartOf\":{\"@id\":\"https:\/\/bolting.eu\/en\/#website\"},\"primaryImageOfPage\":{\"@id\":\"https:\/\/bolting.eu\/en\/shop\/petzl-footape\/#primaryimage\"},\"image\":{\"@id\":\"https:\/\/bolting.eu\/en\/shop\/petzl-footape\/#primaryimage\"},\"thumbnailUrl\":\"https:\/\/bolting.eu\/wp-content\/uploads\/2023\/03\/Petzl-Footape-1.jpg\",\"datePublished\":\"2023-03-11T14:39:51+00:00\",\"dateModified\":\"2025-10-29T16:21:52+00:00\",\"description\":\"Petzl Footape Trittschlinge beim Kletterprofi aus Innsbruck kaufen \u2705 kostenloser Versand* \u2705 14 Tage R\u00fcckgaberecht \u2705 Co2 neutraler Versand\",\"breadcrumb\":{\"@id\":\"https:\/\/bolting.eu\/en\/shop\/petzl-footape\/#breadcrumb\"},\"inLanguage\":\"en-US\",\"potentialAction\":[{\"@type\":\"ReadAction\",\"target\":[\"https:\/\/bolting.eu\/en\/shop\/petzl-footape\/\"]}]},{\"@type\":\"ImageObject\",\"inLanguage\":\"en-US\",\"@id\":\"https:\/\/bolting.eu\/en\/shop\/petzl-footape\/#primaryimage\",\"url\":\"https:\/\/bolting.eu\/wp-content\/uploads\/2023\/03\/Petzl-Footape-1.jpg\",\"contentUrl\":\"https:\/\/bolting.eu\/wp-content\/uploads\/2023\/03\/Petzl-Footape-1.jpg\",\"width\":700,\"height\":700,\"caption\":\"Eine schwarze Petzl Footape Trittschlinge frei h\u00e4ngend in wei\u00dfem Quadrat.\"},{\"@type\":\"BreadcrumbList\",\"@id\":\"https:\/\/bolting.eu\/en\/shop\/petzl-footape\/#breadcrumb\",\"itemListElement\":[{\"@type\":\"ListItem\",\"position\":1,\"name\":\"Shop\",\"item\":\"https:\/\/bolting.eu\/en\/shop\/\"},{\"@type\":\"ListItem\",\"position\":2,\"name\":\"bolting products\",\"item\":\"https:\/\/bolting.eu\/en\/produkt-kategorie\/bolting-products\/\"},{\"@type\":\"ListItem\",\"position\":3,\"name\":\"Seil Auf-Abstieg\",\"item\":\"https:\/\/bolting.eu\/produkt-kategorie\/einbohrartikel\/seil-auf-abstieg\/\"},{\"@type\":\"ListItem\",\"position\":4,\"name\":\"Petzl Footape\"}]},{\"@type\":\"WebSite\",\"@id\":\"https:\/\/bolting.eu\/en\/#website\",\"url\":\"https:\/\/bolting.eu\/en\/\",\"name\":\"bolting.eu\",\"description\":\"we make climbs happen\",\"publisher\":{\"@id\":\"https:\/\/bolting.eu\/en\/#organization\"},\"potentialAction\":[{\"@type\":\"SearchAction\",\"target\":{\"@type\":\"EntryPoint\",\"urlTemplate\":\"https:\/\/bolting.eu\/en\/?s={search_term_string}\"},\"query-input\":{\"@type\":\"PropertyValueSpecification\",\"valueRequired\":true,\"valueName\":\"search_term_string\"}}],\"inLanguage\":\"en-US\"},{\"@type\":[\"Organization\",\"Place\",\"SportingGoodsStore\"],\"@id\":\"https:\/\/bolting.eu\/en\/#organization\",\"name\":\"bolting.eu\",\"url\":\"https:\/\/bolting.eu\/en\/\",\"logo\":{\"@id\":\"https:\/\/bolting.eu\/en\/shop\/petzl-footape\/#local-main-organization-logo\"},\"image\":{\"@id\":\"https:\/\/bolting.eu\/en\/shop\/petzl-footape\/#local-main-organization-logo\"},\"sameAs\":[\"https:\/\/www.facebook.com\/bolting.eu\",\"https:\/\/www.instagram.com\/bolting.eu\/\"],\"address\":{\"@id\":\"https:\/\/bolting.eu\/en\/shop\/petzl-footape\/#local-main-place-address\"},\"geo\":{\"@type\":\"GeoCoordinates\",\"latitude\":\"47.264176340396226\",\"longitude\":\"11.380109057672346\"},\"telephone\":[\"+43 699 19083372\"],\"openingHoursSpecification\":[{\"@type\":\"OpeningHoursSpecification\",\"dayOfWeek\":[\"Monday\",\"Wednesday\",\"Friday\"],\"opens\":\"14:00\",\"closes\":\"18:00\"},{\"@type\":\"OpeningHoursSpecification\",\"dayOfWeek\":[\"Tuesday\",\"Thursday\",\"Saturday\",\"Sunday\"],\"opens\":\"00:00\",\"closes\":\"00:00\"}],\"email\":\"office@bolting.eu\",\"vatID\":\"ATU59999728\",\"priceRange\":\"$$\",\"currenciesAccepted\":\"Euro\"},{\"@type\":\"PostalAddress\",\"@id\":\"https:\/\/bolting.eu\/en\/shop\/petzl-footape\/#local-main-place-address\",\"streetAddress\":\"Fischnalerstra\u00dfe 4\",\"addressLocality\":\"Innsbruck\",\"postalCode\":\"6020\",\"addressRegion\":\"Tirol\",\"addressCountry\":\"AT\"},{\"@type\":\"ImageObject\",\"inLanguage\":\"en-US\",\"@id\":\"https:\/\/bolting.eu\/en\/shop\/petzl-footape\/#local-main-organization-logo\",\"url\":\"https:\/\/bolting.eu\/wp-content\/uploads\/2019\/09\/bolting-logo.png\",\"contentUrl\":\"https:\/\/bolting.eu\/wp-content\/uploads\/2019\/09\/bolting-logo.png\",\"width\":400,\"height\":211,\"caption\":\"bolting.eu\"}]}<\/script>\n<meta property=\"product:price:amount\" content=\"20.50\" \/>\n<meta property=\"product:price:currency\" content=\"EUR\" \/>\n<meta property=\"og:availability\" content=\"instock\" \/>\n<meta property=\"product:availability\" content=\"instock\" \/>\n<meta property=\"product:retailer_item_id\" content=\"C47A\" \/>\n<meta property=\"product:condition\" content=\"new\" \/>\n<meta name=\"geo.placename\" content=\"Innsbruck\" \/>\n<meta name=\"geo.position\" content=\"47.264176340396226;11.380109057672346\" \/>\n<meta name=\"geo.region\" content=\"Austria\" \/>\n<!-- \/ Yoast SEO Premium plugin. -->","yoast_head_json":{"title":"Petzl Footape Trittschlinge f\u00fcr Dauereinsatz | bolting.eu","description":"Petzl Footape Trittschlinge beim Kletterprofi aus Innsbruck kaufen \u2705 kostenloser Versand* \u2705 14 Tage R\u00fcckgaberecht \u2705 Co2 neutraler Versand","robots":{"index":"index","follow":"follow","max-snippet":"max-snippet:-1","max-image-preview":"max-image-preview:large","max-video-preview":"max-video-preview:-1"},"canonical":"https:\/\/bolting.eu\/en\/shop\/petzl-footape\/","og_locale":"en_US","og_type":"article","og_title":"Petzl Footape","og_description":"Petzl Footape Trittschlinge beim Kletterprofi aus Innsbruck kaufen \u2705 kostenloser Versand* \u2705 14 Tage R\u00fcckgaberecht \u2705 Co2 neutraler Versand","og_url":"https:\/\/bolting.eu\/en\/shop\/petzl-footape\/","og_site_name":"bolting.eu","article_publisher":"https:\/\/www.facebook.com\/bolting.eu","article_modified_time":"2025-10-29T16:21:52+00:00","og_image":[{"width":700,"height":700,"url":"https:\/\/bolting.eu\/wp-content\/uploads\/2023\/03\/Petzl-Footape-1.jpg","type":"image\/jpeg"}],"twitter_card":"summary_large_image","twitter_misc":{"Price":"&euro;&nbsp;20,50","Availability":"In stock"},"schema":{"@context":"https:\/\/schema.org","@graph":[{"@type":["WebPage","ItemPage"],"@id":"https:\/\/bolting.eu\/en\/shop\/petzl-footape\/","url":"https:\/\/bolting.eu\/en\/shop\/petzl-footape\/","name":"Petzl Footape Trittschlinge f\u00fcr Dauereinsatz | bolting.eu","isPartOf":{"@id":"https:\/\/bolting.eu\/en\/#website"},"primaryImageOfPage":{"@id":"https:\/\/bolting.eu\/en\/shop\/petzl-footape\/#primaryimage"},"image":{"@id":"https:\/\/bolting.eu\/en\/shop\/petzl-footape\/#primaryimage"},"thumbnailUrl":"https:\/\/bolting.eu\/wp-content\/uploads\/2023\/03\/Petzl-Footape-1.jpg","datePublished":"2023-03-11T14:39:51+00:00","dateModified":"2025-10-29T16:21:52+00:00","description":"Petzl Footape Trittschlinge beim Kletterprofi aus Innsbruck kaufen \u2705 kostenloser Versand* \u2705 14 Tage R\u00fcckgaberecht \u2705 Co2 neutraler Versand","breadcrumb":{"@id":"https:\/\/bolting.eu\/en\/shop\/petzl-footape\/#breadcrumb"},"inLanguage":"en-US","potentialAction":[{"@type":"ReadAction","target":["https:\/\/bolting.eu\/en\/shop\/petzl-footape\/"]}]},{"@type":"ImageObject","inLanguage":"en-US","@id":"https:\/\/bolting.eu\/en\/shop\/petzl-footape\/#primaryimage","url":"https:\/\/bolting.eu\/wp-content\/uploads\/2023\/03\/Petzl-Footape-1.jpg","contentUrl":"https:\/\/bolting.eu\/wp-content\/uploads\/2023\/03\/Petzl-Footape-1.jpg","width":700,"height":700,"caption":"Eine schwarze Petzl Footape Trittschlinge frei h\u00e4ngend in wei\u00dfem Quadrat."},{"@type":"BreadcrumbList","@id":"https:\/\/bolting.eu\/en\/shop\/petzl-footape\/#breadcrumb","itemListElement":[{"@type":"ListItem","position":1,"name":"Shop","item":"https:\/\/bolting.eu\/en\/shop\/"},{"@type":"ListItem","position":2,"name":"bolting products","item":"https:\/\/bolting.eu\/en\/produkt-kategorie\/bolting-products\/"},{"@type":"ListItem","position":3,"name":"Seil Auf-Abstieg","item":"https:\/\/bolting.eu\/produkt-kategorie\/einbohrartikel\/seil-auf-abstieg\/"},{"@type":"ListItem","position":4,"name":"Petzl Footape"}]},{"@type":"WebSite","@id":"https:\/\/bolting.eu\/en\/#website","url":"https:\/\/bolting.eu\/en\/","name":"bolting.eu","description":"we make climbs happen","publisher":{"@id":"https:\/\/bolting.eu\/en\/#organization"},"potentialAction":[{"@type":"SearchAction","target":{"@type":"EntryPoint","urlTemplate":"https:\/\/bolting.eu\/en\/?s={search_term_string}"},"query-input":{"@type":"PropertyValueSpecification","valueRequired":true,"valueName":"search_term_string"}}],"inLanguage":"en-US"},{"@type":["Organization","Place","SportingGoodsStore"],"@id":"https:\/\/bolting.eu\/en\/#organization","name":"bolting.eu","url":"https:\/\/bolting.eu\/en\/","logo":{"@id":"https:\/\/bolting.eu\/en\/shop\/petzl-footape\/#local-main-organization-logo"},"image":{"@id":"https:\/\/bolting.eu\/en\/shop\/petzl-footape\/#local-main-organization-logo"},"sameAs":["https:\/\/www.facebook.com\/bolting.eu","https:\/\/www.instagram.com\/bolting.eu\/"],"address":{"@id":"https:\/\/bolting.eu\/en\/shop\/petzl-footape\/#local-main-place-address"},"geo":{"@type":"GeoCoordinates","latitude":"47.264176340396226","longitude":"11.380109057672346"},"telephone":["+43 699 19083372"],"openingHoursSpecification":[{"@type":"OpeningHoursSpecification","dayOfWeek":["Monday","Wednesday","Friday"],"opens":"14:00","closes":"18:00"},{"@type":"OpeningHoursSpecification","dayOfWeek":["Tuesday","Thursday","Saturday","Sunday"],"opens":"00:00","closes":"00:00"}],"email":"office@bolting.eu","vatID":"ATU59999728","priceRange":"$$","currenciesAccepted":"Euro"},{"@type":"PostalAddress","@id":"https:\/\/bolting.eu\/en\/shop\/petzl-footape\/#local-main-place-address","streetAddress":"Fischnalerstra\u00dfe 4","addressLocality":"Innsbruck","postalCode":"6020","addressRegion":"Tirol","addressCountry":"AT"},{"@type":"ImageObject","inLanguage":"en-US","@id":"https:\/\/bolting.eu\/en\/shop\/petzl-footape\/#local-main-organization-logo","url":"https:\/\/bolting.eu\/wp-content\/uploads\/2019\/09\/bolting-logo.png","contentUrl":"https:\/\/bolting.eu\/wp-content\/uploads\/2019\/09\/bolting-logo.png","width":400,"height":211,"caption":"bolting.eu"}]},"product_price_amount":"20.50","product_price_currency":"EUR","og_availability":"instock","product_availability":"instock","product_retailer_item_id":"C47A","product_condition":"new","geo.placename":"Innsbruck","geo.position":{"lat":"47.264176340396226","long":"11.380109057672346"},"geo.region":"Austria"},"_links":{"self":[{"href":"https:\/\/bolting.eu\/en\/wp-json\/wp\/v2\/product\/15345","targetHints":{"allow":["GET"]}}],"collection":[{"href":"https:\/\/bolting.eu\/en\/wp-json\/wp\/v2\/product"}],"about":[{"href":"https:\/\/bolting.eu\/en\/wp-json\/wp\/v2\/types\/product"}],"replies":[{"embeddable":true,"href":"https:\/\/bolting.eu\/en\/wp-json\/wp\/v2\/comments?post=15345"}],"wp:featuredmedia":[{"embeddable":true,"href":"https:\/\/bolting.eu\/en\/wp-json\/wp\/v2\/media\/15352"}],"wp:attachment":[{"href":"https:\/\/bolting.eu\/en\/wp-json\/wp\/v2\/media?parent=15345"}],"wp:term":[{"taxonomy":"product_brand","embeddable":true,"href":"https:\/\/bolting.eu\/en\/wp-json\/wp\/v2\/product_brand?post=15345"},{"taxonomy":"product_cat","embeddable":true,"href":"https:\/\/bolting.eu\/en\/wp-json\/wp\/v2\/product_cat?post=15345"},{"taxonomy":"product_tag","embeddable":true,"href":"https:\/\/bolting.eu\/en\/wp-json\/wp\/v2\/product_tag?post=15345"}],"curies":[{"name":"wp","href":"https:\/\/api.w.org\/{rel}","templated":true}]}}