{"id":15203,"date":"2023-02-23T17:22:21","date_gmt":"2023-02-23T16:22:21","guid":{"rendered":"https:\/\/bolting.eu\/?post_type=product&#038;p=15203"},"modified":"2024-01-16T14:11:54","modified_gmt":"2024-01-16T13:11:54","slug":"kong-twin-doppelseilrolle","status":"publish","type":"product","link":"https:\/\/bolting.eu\/en\/shop\/kong-twin-doppelseilrolle\/","title":{"rendered":"Kong Twin Doppelseilrolle"},"content":{"rendered":"<p>Die Kong Twin ist eine gro\u00dfe Doppelseilrolle f\u00fcr schwere Lasten. Denn dieses Produkt hat eine Bruchlast von gleich 50kN!<\/p>\n<p>Hierf\u00fcr ist sie zum einen aus 4mm starken Alu Platten hergestellt. Und zum anderen werden die Rollen auf sehr robusten Kugellagern gef\u00fchrt.<\/p>\n<p>\u00dcberdies sind die Seitenteile 360\u00b0 beweglich. Ideal also, um Seile einfach einlegen zu k\u00f6nnen.<\/p>\n<p>Kurzum. Eine vielseitige Schwerlast Seilrolle f\u00fcr H\u00f6henarbeiten, Rettungsaktionen und Ger\u00fcstbau. Verwendung von <a href=\"https:\/\/bolting.eu\/produkt-kategorie\/kletterausruestung\/kletterkarabiner\/stahlkarabiner\/\">Stahlkarabinern<\/a> strikt empfohlen!<\/p>\n<h2>Eigenschaften Twin Doppelseilrolle<\/h2>\n<ul>\n<li>Hersteller: <a href=\"https:\/\/bolting.eu\/produkt-kategorie\/kong\/\">Kong<\/a><\/li>\n<li>Material: Alu<\/li>\n<li>Gewicht: 490 Gramm<\/li>\n<li>Normen: <a href=\"https:\/\/bolting.eu\/en-12278-norm-fuer-seilrollen\/\">EN 12278<\/a><\/li>\n<li>doppelte Seilrolle<\/li>\n<li>Wirkungsgrad: 96% durch hocheffektives Kugellager<\/li>\n<li>Bruchlast: 50kn<\/li>\n<li>Working Load Limit: 12,5kN<\/li>\n<li>f\u00fcr Seile bis 13mm Durchmesser<\/li>\n<li>bewegliche Seitenteile<\/li>\n<li>gro\u00dfe Zentral\u00f6se<\/li>\n<li>untere \u00d6se f\u00fcr Karabiner oder Prusikschlingen<\/li>\n<li>erm\u00f6glicht 4:1 und 5:1 Umlenkungen<\/li>\n<li>Made in Italy<\/li>\n<li><a href=\"https:\/\/www.kong.it\/upload\/files\/I_KONG_ZZV05662_rev.0_TWIN_A3_v1.pdf?_gl=1*fouu9v*_up*MQ..*_ga*NjMxODgzMzU0LjE2NzcxNDE0NjI.*_ga_DWQ39Z0LRB*MTY3NzE0MTQ2MC4xLjEuMTY3NzE0MTQ2NS4wLjAuMA..\" target=\"_blank\" rel=\"noopener\">Bedienungsanleitung<\/a><\/li>\n<\/ul>\n<h3>F\u00fcr Schwerlastanwendungen<\/h3>\n<p>Diese Doppelseilrolle ist f\u00fcr den Einsatz mit schweren Lasten konzipiert.<\/p>\n<p>Das schl\u00e4gt sich zum einen in der Bauweise nieder. Alle Platten dieses Produktes sind aus 4mm Alu Blech gefertigt. Und zum andern im Gewicht. Die Rolle hat stolze 490 Gramm.<\/p>\n<p>Daf\u00fcr erh\u00e4lt man ein extrem belastbares Produkt mit 50kN Bruchlast. Ideal f\u00fcr Seilbahnen, f\u00fcr Bergrettung und f\u00fcr die Bauwirtschaft im Ger\u00fcstbau.<\/p>\n<h3>Kong Twin erlaubt 4:1 und 5:1 Flaschenz\u00fcge<\/h3>\n<p>Mit dieser Seilrolle kann man super effiziente Flaschenz\u00fcge bauen.<\/p>\n<p>Je nachdem, ob man auch die Last direkt in dir Rolle h\u00e4ngt. bekommt man die Lastverh\u00e4ltnisse.<\/p>\n<p>Die folgende Grafik stellt das sehr anschaulich dar.<\/p>\n<p>Aufbau 1: mit der Last nicht in der Rolle. Man bekommt ein 4:1 Lastverh\u00e4ltnis.<\/p>\n<p>Aufbau 2: mit der Last in der Rolle eingeh\u00e4ngt bekommt man ein 5:1 Lastverh\u00e4ltnis.<\/p>\n<figure id=\"attachment_15206\" aria-describedby=\"caption-attachment-15206\" style=\"width: 600px\" class=\"wp-caption alignnone\"><a href=\"https:\/\/bolting.eu\/wp-content\/uploads\/2023\/02\/Kong-Twist-Doppelseilrolle-5.jpg\"><img loading=\"lazy\" decoding=\"async\" class=\"wp-image-15206 size-full\" src=\"https:\/\/bolting.eu\/wp-content\/uploads\/2023\/02\/Kong-Twist-Doppelseilrolle-5.jpg\" alt=\"Grafik zur Erkl\u00e4rung der Verwendung von zwei Kong Twin Doppelseilrollen.\" width=\"600\" height=\"320\" srcset=\"https:\/\/bolting.eu\/wp-content\/uploads\/2023\/02\/Kong-Twist-Doppelseilrolle-5.jpg 600w, https:\/\/bolting.eu\/wp-content\/uploads\/2023\/02\/Kong-Twist-Doppelseilrolle-5-510x272.jpg 510w\" sizes=\"auto, (max-width: 600px) 100vw, 600px\" \/><\/a><figcaption id=\"caption-attachment-15206\" class=\"wp-caption-text\">So geht die 4:1 bzw. 5:1 Umlenkung! Grafik: kong.it<\/figcaption><\/figure>\n<h3>Fehlerquellen vermeiden!<\/h3>\n<p>Diese Dinge d\u00fcrft ihr NIEMALS bei der Kong Twist Seilrolle machen:<\/p>\n<p>1.) Nicht vergessen, die Seitenteile einzuh\u00e4ngen!<\/p>\n<p>2.) Nur eine Rolle belasten!<\/p>\n<p>3.) Ein Seil einh\u00e4ngen, ohne es um die Rolle zu f\u00fchren!<\/p>\n<p>4.) Kein Seil verwenden das mehr als 13mm Durchmesser hat!<\/p>\n<figure id=\"attachment_15207\" aria-describedby=\"caption-attachment-15207\" style=\"width: 600px\" class=\"wp-caption alignnone\"><a href=\"https:\/\/bolting.eu\/wp-content\/uploads\/2023\/02\/Kong-Twist-Doppelseilrolle-4.jpg\"><img loading=\"lazy\" decoding=\"async\" class=\"wp-image-15207\" src=\"https:\/\/bolting.eu\/wp-content\/uploads\/2023\/02\/Kong-Twist-Doppelseilrolle-4.jpg\" alt=\"Grafik zu Fehlanwendungen von Doppelseilrollen.\" width=\"600\" height=\"284\" srcset=\"https:\/\/bolting.eu\/wp-content\/uploads\/2023\/02\/Kong-Twist-Doppelseilrolle-4.jpg 800w, https:\/\/bolting.eu\/wp-content\/uploads\/2023\/02\/Kong-Twist-Doppelseilrolle-4-510x241.jpg 510w, https:\/\/bolting.eu\/wp-content\/uploads\/2023\/02\/Kong-Twist-Doppelseilrolle-4-768x363.jpg 768w, https:\/\/bolting.eu\/wp-content\/uploads\/2023\/02\/Kong-Twist-Doppelseilrolle-4-600x284.jpg 600w\" sizes=\"auto, (max-width: 600px) 100vw, 600px\" \/><\/a><figcaption id=\"caption-attachment-15207\" class=\"wp-caption-text\">Diese Dinge d\u00fcrfen nie passieren! Grafik: Kong.it<\/figcaption><\/figure>\n","protected":false},"excerpt":{"rendered":"<p>Sehr gro\u00dfe und starke Doppelseilrolle f\u00fcr Rettungseins\u00e4tze und H\u00f6henarbeiten.<\/p>\n<p>96% Effizienzgrad, ein hoch effizientes Kugellager und Laufrollen aus Alu.<\/p>\n<p>Versandkostenfrei bis 2kg in <img decoding=\"async\" class=\"emoji\" role=\"img\" draggable=\"false\" src=\"https:\/\/s.w.org\/images\/core\/emoji\/13.1.0\/svg\/1f1e6-1f1f9.svg\" alt=\"\ud83c\udde6\ud83c\uddf9\" \/> ab \u20ac 100,- und <img decoding=\"async\" class=\"emoji\" role=\"img\" draggable=\"false\" src=\"https:\/\/s.w.org\/images\/core\/emoji\/13.1.0\/svg\/1f1e9-1f1ea.svg\" alt=\"\ud83c\udde9\ud83c\uddea\" \/> ab \u20ac 200,-!<\/p>\n","protected":false},"featured_media":15210,"comment_status":"closed","ping_status":"closed","template":"","meta":[],"product_brand":[],"product_cat":[29,4586,4651],"product_tag":[],"class_list":{"0":"post-15203","1":"product","2":"type-product","3":"status-publish","4":"has-post-thumbnail","6":"product_cat-kletterausruestung","7":"product_cat-seilrollen","8":"product_cat-kong","10":"first","11":"instock","12":"sale","13":"taxable","14":"shipping-taxable","15":"purchasable","16":"product-type-simple"},"yoast_head":"<!-- This site is optimized with the Yoast SEO Premium plugin v26.9 (Yoast SEO v26.9) - https:\/\/yoast.com\/product\/yoast-seo-premium-wordpress\/ -->\n<title>Kong Twin Doppelseilrolle - f\u00fcr schwerste Lasten | bolting.eu<\/title>\n<meta name=\"description\" content=\"Kong Twin Doppelseilrolle beim Hardwareprofi aus Innsbruck kaufen \u2705 kostenloser Versand* \u2705 14 Tage R\u00fcckgaberecht \u2705 Co2 neutraler Versand\" \/>\n<meta name=\"robots\" content=\"index, follow, max-snippet:-1, max-image-preview:large, max-video-preview:-1\" \/>\n<link rel=\"canonical\" href=\"https:\/\/bolting.eu\/en\/shop\/kong-twin-doppelseilrolle\/\" \/>\n<meta property=\"og:locale\" content=\"en_US\" \/>\n<meta property=\"og:type\" content=\"article\" \/>\n<meta property=\"og:title\" content=\"Kong Twin Doppelseilrolle\" \/>\n<meta property=\"og:description\" content=\"Kong Twin Doppelseilrolle beim Hardwareprofi aus Innsbruck kaufen \u2705 kostenloser Versand* \u2705 14 Tage R\u00fcckgaberecht \u2705 Co2 neutraler Versand\" \/>\n<meta property=\"og:url\" content=\"https:\/\/bolting.eu\/en\/shop\/kong-twin-doppelseilrolle\/\" \/>\n<meta property=\"og:site_name\" content=\"bolting.eu\" \/>\n<meta property=\"article:publisher\" content=\"https:\/\/www.facebook.com\/bolting.eu\" \/>\n<meta property=\"article:modified_time\" content=\"2024-01-16T13:11:54+00:00\" \/>\n<meta property=\"og:image\" content=\"https:\/\/bolting.eu\/wp-content\/uploads\/2023\/02\/Kong-Twist-Doppelseilrolle-1.jpg\" \/>\n\t<meta property=\"og:image:width\" content=\"700\" \/>\n\t<meta property=\"og:image:height\" content=\"700\" \/>\n\t<meta property=\"og:image:type\" content=\"image\/jpeg\" \/>\n<meta name=\"twitter:card\" content=\"summary_large_image\" \/>\n<meta name=\"twitter:label1\" content=\"Price\" \/>\n\t<meta name=\"twitter:data1\" content=\"&euro;&nbsp;74,90\" \/>\n\t<meta name=\"twitter:label2\" content=\"Availability\" \/>\n\t<meta name=\"twitter:data2\" content=\"In stock\" \/>\n<script type=\"application\/ld+json\" class=\"yoast-schema-graph\">{\"@context\":\"https:\/\/schema.org\",\"@graph\":[{\"@type\":[\"WebPage\",\"ItemPage\"],\"@id\":\"https:\/\/bolting.eu\/en\/shop\/kong-twin-doppelseilrolle\/\",\"url\":\"https:\/\/bolting.eu\/en\/shop\/kong-twin-doppelseilrolle\/\",\"name\":\"Kong Twin Doppelseilrolle - f\u00fcr schwerste Lasten | bolting.eu\",\"isPartOf\":{\"@id\":\"https:\/\/bolting.eu\/en\/#website\"},\"primaryImageOfPage\":{\"@id\":\"https:\/\/bolting.eu\/en\/shop\/kong-twin-doppelseilrolle\/#primaryimage\"},\"image\":{\"@id\":\"https:\/\/bolting.eu\/en\/shop\/kong-twin-doppelseilrolle\/#primaryimage\"},\"thumbnailUrl\":\"https:\/\/bolting.eu\/wp-content\/uploads\/2023\/02\/Kong-Twist-Doppelseilrolle-1.jpg\",\"datePublished\":\"2023-02-23T16:22:21+00:00\",\"dateModified\":\"2024-01-16T13:11:54+00:00\",\"description\":\"Kong Twin Doppelseilrolle beim Hardwareprofi aus Innsbruck kaufen \u2705 kostenloser Versand* \u2705 14 Tage R\u00fcckgaberecht \u2705 Co2 neutraler Versand\",\"breadcrumb\":{\"@id\":\"https:\/\/bolting.eu\/en\/shop\/kong-twin-doppelseilrolle\/#breadcrumb\"},\"inLanguage\":\"en-US\",\"potentialAction\":[{\"@type\":\"ReadAction\",\"target\":[\"https:\/\/bolting.eu\/en\/shop\/kong-twin-doppelseilrolle\/\"]}]},{\"@type\":\"ImageObject\",\"inLanguage\":\"en-US\",\"@id\":\"https:\/\/bolting.eu\/en\/shop\/kong-twin-doppelseilrolle\/#primaryimage\",\"url\":\"https:\/\/bolting.eu\/wp-content\/uploads\/2023\/02\/Kong-Twist-Doppelseilrolle-1.jpg\",\"contentUrl\":\"https:\/\/bolting.eu\/wp-content\/uploads\/2023\/02\/Kong-Twist-Doppelseilrolle-1.jpg\",\"width\":700,\"height\":700},{\"@type\":\"BreadcrumbList\",\"@id\":\"https:\/\/bolting.eu\/en\/shop\/kong-twin-doppelseilrolle\/#breadcrumb\",\"itemListElement\":[{\"@type\":\"ListItem\",\"position\":1,\"name\":\"Shop\",\"item\":\"https:\/\/bolting.eu\/en\/shop\/\"},{\"@type\":\"ListItem\",\"position\":2,\"name\":\"climbing equipment\",\"item\":\"https:\/\/bolting.eu\/en\/produkt-kategorie\/climbing-equipment\/\"},{\"@type\":\"ListItem\",\"position\":3,\"name\":\"Seilrollen\",\"item\":\"https:\/\/bolting.eu\/produkt-kategorie\/kletterausruestung\/seilrollen\/\"},{\"@type\":\"ListItem\",\"position\":4,\"name\":\"Kong Twin Doppelseilrolle\"}]},{\"@type\":\"WebSite\",\"@id\":\"https:\/\/bolting.eu\/en\/#website\",\"url\":\"https:\/\/bolting.eu\/en\/\",\"name\":\"bolting.eu\",\"description\":\"we make climbs happen\",\"publisher\":{\"@id\":\"https:\/\/bolting.eu\/en\/#organization\"},\"potentialAction\":[{\"@type\":\"SearchAction\",\"target\":{\"@type\":\"EntryPoint\",\"urlTemplate\":\"https:\/\/bolting.eu\/en\/?s={search_term_string}\"},\"query-input\":{\"@type\":\"PropertyValueSpecification\",\"valueRequired\":true,\"valueName\":\"search_term_string\"}}],\"inLanguage\":\"en-US\"},{\"@type\":[\"Organization\",\"Place\",\"SportingGoodsStore\"],\"@id\":\"https:\/\/bolting.eu\/en\/#organization\",\"name\":\"bolting.eu\",\"url\":\"https:\/\/bolting.eu\/en\/\",\"logo\":{\"@id\":\"https:\/\/bolting.eu\/en\/shop\/kong-twin-doppelseilrolle\/#local-main-organization-logo\"},\"image\":{\"@id\":\"https:\/\/bolting.eu\/en\/shop\/kong-twin-doppelseilrolle\/#local-main-organization-logo\"},\"sameAs\":[\"https:\/\/www.facebook.com\/bolting.eu\",\"https:\/\/www.instagram.com\/bolting.eu\/\"],\"address\":{\"@id\":\"https:\/\/bolting.eu\/en\/shop\/kong-twin-doppelseilrolle\/#local-main-place-address\"},\"geo\":{\"@type\":\"GeoCoordinates\",\"latitude\":\"47.264176340396226\",\"longitude\":\"11.380109057672346\"},\"telephone\":[\"+43 699 19083372\"],\"openingHoursSpecification\":[{\"@type\":\"OpeningHoursSpecification\",\"dayOfWeek\":[\"Monday\",\"Wednesday\",\"Friday\"],\"opens\":\"14:00\",\"closes\":\"18:00\"},{\"@type\":\"OpeningHoursSpecification\",\"dayOfWeek\":[\"Tuesday\",\"Thursday\",\"Saturday\",\"Sunday\"],\"opens\":\"00:00\",\"closes\":\"00:00\"}],\"email\":\"office@bolting.eu\",\"vatID\":\"ATU59999728\",\"priceRange\":\"$$\",\"currenciesAccepted\":\"Euro\"},{\"@type\":\"PostalAddress\",\"@id\":\"https:\/\/bolting.eu\/en\/shop\/kong-twin-doppelseilrolle\/#local-main-place-address\",\"streetAddress\":\"Fischnalerstra\u00dfe 4\",\"addressLocality\":\"Innsbruck\",\"postalCode\":\"6020\",\"addressRegion\":\"Tirol\",\"addressCountry\":\"AT\"},{\"@type\":\"ImageObject\",\"inLanguage\":\"en-US\",\"@id\":\"https:\/\/bolting.eu\/en\/shop\/kong-twin-doppelseilrolle\/#local-main-organization-logo\",\"url\":\"https:\/\/bolting.eu\/wp-content\/uploads\/2019\/09\/bolting-logo.png\",\"contentUrl\":\"https:\/\/bolting.eu\/wp-content\/uploads\/2019\/09\/bolting-logo.png\",\"width\":400,\"height\":211,\"caption\":\"bolting.eu\"}]}<\/script>\n<meta property=\"product:price:amount\" content=\"74.90\" \/>\n<meta property=\"product:price:currency\" content=\"EUR\" \/>\n<meta property=\"og:availability\" content=\"instock\" \/>\n<meta property=\"product:availability\" content=\"instock\" \/>\n<meta property=\"product:retailer_item_id\" content=\"82700OP00KK\" \/>\n<meta property=\"product:condition\" content=\"new\" \/>\n<meta name=\"geo.placename\" content=\"Innsbruck\" \/>\n<meta name=\"geo.position\" content=\"47.264176340396226;11.380109057672346\" \/>\n<meta name=\"geo.region\" content=\"Austria\" \/>\n<!-- \/ Yoast SEO Premium plugin. -->","yoast_head_json":{"title":"Kong Twin Doppelseilrolle - f\u00fcr schwerste Lasten | bolting.eu","description":"Kong Twin Doppelseilrolle beim Hardwareprofi aus Innsbruck kaufen \u2705 kostenloser Versand* \u2705 14 Tage R\u00fcckgaberecht \u2705 Co2 neutraler Versand","robots":{"index":"index","follow":"follow","max-snippet":"max-snippet:-1","max-image-preview":"max-image-preview:large","max-video-preview":"max-video-preview:-1"},"canonical":"https:\/\/bolting.eu\/en\/shop\/kong-twin-doppelseilrolle\/","og_locale":"en_US","og_type":"article","og_title":"Kong Twin Doppelseilrolle","og_description":"Kong Twin Doppelseilrolle beim Hardwareprofi aus Innsbruck kaufen \u2705 kostenloser Versand* \u2705 14 Tage R\u00fcckgaberecht \u2705 Co2 neutraler Versand","og_url":"https:\/\/bolting.eu\/en\/shop\/kong-twin-doppelseilrolle\/","og_site_name":"bolting.eu","article_publisher":"https:\/\/www.facebook.com\/bolting.eu","article_modified_time":"2024-01-16T13:11:54+00:00","og_image":[{"width":700,"height":700,"url":"https:\/\/bolting.eu\/wp-content\/uploads\/2023\/02\/Kong-Twist-Doppelseilrolle-1.jpg","type":"image\/jpeg"}],"twitter_card":"summary_large_image","twitter_misc":{"Price":"&euro;&nbsp;74,90","Availability":"In stock"},"schema":{"@context":"https:\/\/schema.org","@graph":[{"@type":["WebPage","ItemPage"],"@id":"https:\/\/bolting.eu\/en\/shop\/kong-twin-doppelseilrolle\/","url":"https:\/\/bolting.eu\/en\/shop\/kong-twin-doppelseilrolle\/","name":"Kong Twin Doppelseilrolle - f\u00fcr schwerste Lasten | bolting.eu","isPartOf":{"@id":"https:\/\/bolting.eu\/en\/#website"},"primaryImageOfPage":{"@id":"https:\/\/bolting.eu\/en\/shop\/kong-twin-doppelseilrolle\/#primaryimage"},"image":{"@id":"https:\/\/bolting.eu\/en\/shop\/kong-twin-doppelseilrolle\/#primaryimage"},"thumbnailUrl":"https:\/\/bolting.eu\/wp-content\/uploads\/2023\/02\/Kong-Twist-Doppelseilrolle-1.jpg","datePublished":"2023-02-23T16:22:21+00:00","dateModified":"2024-01-16T13:11:54+00:00","description":"Kong Twin Doppelseilrolle beim Hardwareprofi aus Innsbruck kaufen \u2705 kostenloser Versand* \u2705 14 Tage R\u00fcckgaberecht \u2705 Co2 neutraler Versand","breadcrumb":{"@id":"https:\/\/bolting.eu\/en\/shop\/kong-twin-doppelseilrolle\/#breadcrumb"},"inLanguage":"en-US","potentialAction":[{"@type":"ReadAction","target":["https:\/\/bolting.eu\/en\/shop\/kong-twin-doppelseilrolle\/"]}]},{"@type":"ImageObject","inLanguage":"en-US","@id":"https:\/\/bolting.eu\/en\/shop\/kong-twin-doppelseilrolle\/#primaryimage","url":"https:\/\/bolting.eu\/wp-content\/uploads\/2023\/02\/Kong-Twist-Doppelseilrolle-1.jpg","contentUrl":"https:\/\/bolting.eu\/wp-content\/uploads\/2023\/02\/Kong-Twist-Doppelseilrolle-1.jpg","width":700,"height":700},{"@type":"BreadcrumbList","@id":"https:\/\/bolting.eu\/en\/shop\/kong-twin-doppelseilrolle\/#breadcrumb","itemListElement":[{"@type":"ListItem","position":1,"name":"Shop","item":"https:\/\/bolting.eu\/en\/shop\/"},{"@type":"ListItem","position":2,"name":"climbing equipment","item":"https:\/\/bolting.eu\/en\/produkt-kategorie\/climbing-equipment\/"},{"@type":"ListItem","position":3,"name":"Seilrollen","item":"https:\/\/bolting.eu\/produkt-kategorie\/kletterausruestung\/seilrollen\/"},{"@type":"ListItem","position":4,"name":"Kong Twin Doppelseilrolle"}]},{"@type":"WebSite","@id":"https:\/\/bolting.eu\/en\/#website","url":"https:\/\/bolting.eu\/en\/","name":"bolting.eu","description":"we make climbs happen","publisher":{"@id":"https:\/\/bolting.eu\/en\/#organization"},"potentialAction":[{"@type":"SearchAction","target":{"@type":"EntryPoint","urlTemplate":"https:\/\/bolting.eu\/en\/?s={search_term_string}"},"query-input":{"@type":"PropertyValueSpecification","valueRequired":true,"valueName":"search_term_string"}}],"inLanguage":"en-US"},{"@type":["Organization","Place","SportingGoodsStore"],"@id":"https:\/\/bolting.eu\/en\/#organization","name":"bolting.eu","url":"https:\/\/bolting.eu\/en\/","logo":{"@id":"https:\/\/bolting.eu\/en\/shop\/kong-twin-doppelseilrolle\/#local-main-organization-logo"},"image":{"@id":"https:\/\/bolting.eu\/en\/shop\/kong-twin-doppelseilrolle\/#local-main-organization-logo"},"sameAs":["https:\/\/www.facebook.com\/bolting.eu","https:\/\/www.instagram.com\/bolting.eu\/"],"address":{"@id":"https:\/\/bolting.eu\/en\/shop\/kong-twin-doppelseilrolle\/#local-main-place-address"},"geo":{"@type":"GeoCoordinates","latitude":"47.264176340396226","longitude":"11.380109057672346"},"telephone":["+43 699 19083372"],"openingHoursSpecification":[{"@type":"OpeningHoursSpecification","dayOfWeek":["Monday","Wednesday","Friday"],"opens":"14:00","closes":"18:00"},{"@type":"OpeningHoursSpecification","dayOfWeek":["Tuesday","Thursday","Saturday","Sunday"],"opens":"00:00","closes":"00:00"}],"email":"office@bolting.eu","vatID":"ATU59999728","priceRange":"$$","currenciesAccepted":"Euro"},{"@type":"PostalAddress","@id":"https:\/\/bolting.eu\/en\/shop\/kong-twin-doppelseilrolle\/#local-main-place-address","streetAddress":"Fischnalerstra\u00dfe 4","addressLocality":"Innsbruck","postalCode":"6020","addressRegion":"Tirol","addressCountry":"AT"},{"@type":"ImageObject","inLanguage":"en-US","@id":"https:\/\/bolting.eu\/en\/shop\/kong-twin-doppelseilrolle\/#local-main-organization-logo","url":"https:\/\/bolting.eu\/wp-content\/uploads\/2019\/09\/bolting-logo.png","contentUrl":"https:\/\/bolting.eu\/wp-content\/uploads\/2019\/09\/bolting-logo.png","width":400,"height":211,"caption":"bolting.eu"}]},"product_price_amount":"74.90","product_price_currency":"EUR","og_availability":"instock","product_availability":"instock","product_retailer_item_id":"82700OP00KK","product_condition":"new","geo.placename":"Innsbruck","geo.position":{"lat":"47.264176340396226","long":"11.380109057672346"},"geo.region":"Austria"},"_links":{"self":[{"href":"https:\/\/bolting.eu\/en\/wp-json\/wp\/v2\/product\/15203","targetHints":{"allow":["GET"]}}],"collection":[{"href":"https:\/\/bolting.eu\/en\/wp-json\/wp\/v2\/product"}],"about":[{"href":"https:\/\/bolting.eu\/en\/wp-json\/wp\/v2\/types\/product"}],"replies":[{"embeddable":true,"href":"https:\/\/bolting.eu\/en\/wp-json\/wp\/v2\/comments?post=15203"}],"wp:featuredmedia":[{"embeddable":true,"href":"https:\/\/bolting.eu\/en\/wp-json\/wp\/v2\/media\/15210"}],"wp:attachment":[{"href":"https:\/\/bolting.eu\/en\/wp-json\/wp\/v2\/media?parent=15203"}],"wp:term":[{"taxonomy":"product_brand","embeddable":true,"href":"https:\/\/bolting.eu\/en\/wp-json\/wp\/v2\/product_brand?post=15203"},{"taxonomy":"product_cat","embeddable":true,"href":"https:\/\/bolting.eu\/en\/wp-json\/wp\/v2\/product_cat?post=15203"},{"taxonomy":"product_tag","embeddable":true,"href":"https:\/\/bolting.eu\/en\/wp-json\/wp\/v2\/product_tag?post=15203"}],"curies":[{"name":"wp","href":"https:\/\/api.w.org\/{rel}","templated":true}]}}