{"id":15198,"date":"2023-02-23T09:29:05","date_gmt":"2023-02-23T08:29:05","guid":{"rendered":"https:\/\/bolting.eu\/?post_type=product&#038;p=15198"},"modified":"2025-04-28T08:56:10","modified_gmt":"2025-04-28T06:56:10","slug":"kong-mini-twin-evo-doppelte-seilrolle","status":"publish","type":"product","link":"https:\/\/bolting.eu\/en\/shop\/kong-mini-twin-evo-doppelte-seilrolle\/","title":{"rendered":"Kong Mini Twin EVO doppelte Seilrolle"},"content":{"rendered":"<p>Die Kong Mini Twin Evo ist eine doppelte Seilrolle. Sie besteht zur G\u00e4nze aus Alu und ist deswegen besonders leicht.<\/p>\n<p>Ihr habt es hier mit einer vielseitigen Rolle zu tun. Hierf\u00fcr ist sie mit 360\u00b0 beweglichen Seitenteilen ausgestattet. D.h. es k\u00f6nnen die Seile bei einem Flaschenzug sehr leicht auf jeder Seite eingeh\u00e4ngt werden.<\/p>\n<p>Die hohe Bruchlast mit 23kN bzw. die Working Load mit 8kN erlaubt den Einsatz auch bei schweren Lasten. In die zentralen \u00d6sen k\u00f6nnt ihr z.B. sehr dicke <a href=\"https:\/\/bolting.eu\/produkt-kategorie\/kletterausruestung\/kletterkarabiner\/stahlkarabiner\/\">Stahlkarabiner<\/a> h\u00e4ngen.<\/p>\n<p>Abgerundet wird das Produkt durch die Alu Rollen mit 91% Wirkungsgrad.<\/p>\n<h2>Eigenschaften Mini Twin Evo &#8211; doppelte Seilrolle<\/h2>\n<ul>\n<li>Hersteller: <a href=\"https:\/\/bolting.eu\/produkt-kategorie\/kong\/\">Kong<\/a><\/li>\n<li>Material: Alu<\/li>\n<li>Gewicht: 171 Gramm<\/li>\n<li>Normen: <a href=\"https:\/\/bolting.eu\/en-12278-norm-fuer-seilrollen\/\">EN 12278<\/a><\/li>\n<li>doppelte Seilrolle<\/li>\n<li>Wirkungsgrad: 91% durch hocheffektives Kugellager<\/li>\n<li>Bruchlast: 23kn<\/li>\n<li>Working Load Limit: 8kN<\/li>\n<li>f\u00fcr Seile bis 13mm Durchmesser<\/li>\n<li>bewegliche Seitenteile<\/li>\n<li>gro\u00dfe Zentral\u00f6se<\/li>\n<li>untere \u00d6se f\u00fcr Karabiner oder Prusikschlingen<\/li>\n<li>erm\u00f6glicht 4:1 und 5:1 Umlenkungen<\/li>\n<li>Made in Italy<\/li>\n<li><a href=\"https:\/\/www.kong.it\/upload\/files\/I_KONG_ZZV05665_rev.0.0.0_MINI_TWIN_EVO_A3_v1.pdf?_gl=1*1g75zip*_up*MQ..*_ga*ODU0NjYxMzUyLjE2NzcxMzcxNTM.*_ga_DWQ39Z0LRB*MTY3NzEzNzE1My4xLjEuMTY3NzEzNzE1NS4wLjAuMA..\" target=\"_blank\" rel=\"noopener\">Bedienungsanleitung<\/a><\/li>\n<\/ul>\n<h3>Smartes Detail &#8211; Prusik &#8220;Nase&#8221;<\/h3>\n<p>Eines der coolsten Features der Kong Mini Twin Evo ist die Prusik &#8220;Nase&#8221;. Das ist eine kleine W\u00f6lbung an den Seitenteilen.<\/p>\n<p>Damit wird ein angebrachter <a href=\"https:\/\/bolting.eu\/kurzprusik\/\">Prusik Knoten<\/a> (h\u00e4ngt oben in Zentralkarabiner oder Rigging Platte) automatisch gestoppt. Man muss ihn nicht manuell per Hand verschieben. Er bleibt beim Hochziehen einfach an der &#8220;Nase&#8221; h\u00e4ngen.<\/p>\n<p>Wird die Last los gelassen, so rutscht er nach unten und blockiert wie gew\u00fcnscht!<\/p>\n<h3>Drehbare Seitenteile<\/h3>\n<p>Die drehbaren Seitenteile der Mini Twin Evo erlauben ein einfaches Handling. Denn so wird z.B. das Seileinlegen ganz einfach.<\/p>\n<p>Beachtet dabei. Die Rolle ist NICHT f\u00fcr die Best\u00fcckung nur einer Rolle geeignet, sie muss immer doppelt geladen werden.<\/p>\n<p>Je nachdem, wo ihr die Seitenteile hin dreht, k\u00f6nnen beide \u00d6sen der inneren Haupt-Platte verwendet werden.<\/p>\n<p>Werden alle drei Platten Teile (Haupt-Platte + Seitenplatten) eingeh\u00e4ngt, betr\u00e4gt das WLL 23kN. Nur die mittlere Haupt-Platte h\u00e4lt 8kN.<\/p>\n<h3>Fehlanwendungen bei der Kong Mini Twin Evo<\/h3>\n<p>IM Folgenden wollen wir euch auf ein paar Fehlanwendungen hinweisen. Sie sind in der Grafik \u00fcbersichtlich dargestellt.<\/p>\n<p>1.) vergesst niemals die Seitenteile in den Hauptkarabiner einzuh\u00e4ngen<\/p>\n<p>2.) Niemals nur eine Rolle &#8220;beladen&#8221; --> immer beide Rollen mit Seilen belegen<\/p>\n<p>3.) Zu dicke Seile (13mm +) d\u00fcrfen nicht verwendet werden<\/p>\n<p><a href=\"https:\/\/bolting.eu\/wp-content\/uploads\/2023\/02\/Kong-Mini-Twin-4.jpg\"><img loading=\"lazy\" decoding=\"async\" class=\"alignnone size-full wp-image-15199\" src=\"https:\/\/bolting.eu\/wp-content\/uploads\/2023\/02\/Kong-Mini-Twin-4.jpg\" alt=\"Grafik zu Fehlanwendungen von Kong Seilrollen.\" width=\"800\" height=\"325\" srcset=\"https:\/\/bolting.eu\/wp-content\/uploads\/2023\/02\/Kong-Mini-Twin-4.jpg 800w, https:\/\/bolting.eu\/wp-content\/uploads\/2023\/02\/Kong-Mini-Twin-4-510x207.jpg 510w, https:\/\/bolting.eu\/wp-content\/uploads\/2023\/02\/Kong-Mini-Twin-4-768x312.jpg 768w, https:\/\/bolting.eu\/wp-content\/uploads\/2023\/02\/Kong-Mini-Twin-4-600x244.jpg 600w\" sizes=\"auto, (max-width: 800px) 100vw, 800px\" \/><\/a><\/p>\n","protected":false},"excerpt":{"rendered":"<p>Kleine, leichte doppelte Seilrolle f\u00fcr Flaschenz\u00fcge, H\u00f6henarbeiten und Rettungseins\u00e4tze.<\/p>\n<p>Komplett aus Alu mit beweglichen Seitenteilen und 91% Wirkungsgrad<\/p>\n<p>Versandkostenfrei bis 2kg in <img decoding=\"async\" class=\"emoji\" role=\"img\" draggable=\"false\" src=\"https:\/\/s.w.org\/images\/core\/emoji\/13.1.0\/svg\/1f1e6-1f1f9.svg\" alt=\"\ud83c\udde6\ud83c\uddf9\" \/> ab \u20ac 100,- und <img decoding=\"async\" class=\"emoji\" role=\"img\" draggable=\"false\" src=\"https:\/\/s.w.org\/images\/core\/emoji\/13.1.0\/svg\/1f1e9-1f1ea.svg\" alt=\"\ud83c\udde9\ud83c\uddea\" \/> ab \u20ac 200,-!<\/p>\n","protected":false},"featured_media":15200,"comment_status":"closed","ping_status":"closed","template":"","meta":[],"product_brand":[],"product_cat":[29,4586,4651],"product_tag":[],"class_list":{"0":"post-15198","1":"product","2":"type-product","3":"status-publish","4":"has-post-thumbnail","6":"product_cat-kletterausruestung","7":"product_cat-seilrollen","8":"product_cat-kong","10":"first","11":"instock","12":"sale","13":"taxable","14":"shipping-taxable","15":"purchasable","16":"product-type-simple"},"yoast_head":"<!-- This site is optimized with the Yoast SEO Premium plugin v26.9 (Yoast SEO v26.9) - https:\/\/yoast.com\/product\/yoast-seo-premium-wordpress\/ -->\n<title>Kong Mini Twin EVO doppelte Seilrolle | bolting.eu<\/title>\n<meta name=\"description\" content=\"Kong Mini Twin Evo - doppelte Seilrolle beim Hardwareprofi kaufen \u2705 kostenloser Versand* \u2705 14 Tage R\u00fcckgaberecht \u2705 Co2 neutraler Versand\" \/>\n<meta name=\"robots\" content=\"index, follow, max-snippet:-1, max-image-preview:large, max-video-preview:-1\" \/>\n<link rel=\"canonical\" href=\"https:\/\/bolting.eu\/en\/shop\/kong-mini-twin-evo-doppelte-seilrolle\/\" \/>\n<meta property=\"og:locale\" content=\"en_US\" \/>\n<meta property=\"og:type\" content=\"article\" \/>\n<meta property=\"og:title\" content=\"Kong Mini Twin EVO doppelte Seilrolle\" \/>\n<meta property=\"og:description\" content=\"Kong Mini Twin Evo - doppelte Seilrolle beim Hardwareprofi kaufen \u2705 kostenloser Versand* \u2705 14 Tage R\u00fcckgaberecht \u2705 Co2 neutraler Versand\" \/>\n<meta property=\"og:url\" content=\"https:\/\/bolting.eu\/en\/shop\/kong-mini-twin-evo-doppelte-seilrolle\/\" \/>\n<meta property=\"og:site_name\" content=\"bolting.eu\" \/>\n<meta property=\"article:publisher\" content=\"https:\/\/www.facebook.com\/bolting.eu\" \/>\n<meta property=\"article:modified_time\" content=\"2025-04-28T06:56:10+00:00\" \/>\n<meta property=\"og:image\" content=\"https:\/\/bolting.eu\/wp-content\/uploads\/2023\/02\/Kong-Mini-Twin-3.jpg\" \/>\n\t<meta property=\"og:image:width\" content=\"700\" \/>\n\t<meta property=\"og:image:height\" content=\"700\" \/>\n\t<meta property=\"og:image:type\" content=\"image\/jpeg\" \/>\n<meta name=\"twitter:card\" content=\"summary_large_image\" \/>\n<meta name=\"twitter:label1\" content=\"Price\" \/>\n\t<meta name=\"twitter:data1\" content=\"&euro;&nbsp;69,90\" \/>\n\t<meta name=\"twitter:label2\" content=\"Availability\" \/>\n\t<meta name=\"twitter:data2\" content=\"In stock\" \/>\n<script type=\"application\/ld+json\" class=\"yoast-schema-graph\">{\"@context\":\"https:\/\/schema.org\",\"@graph\":[{\"@type\":[\"WebPage\",\"ItemPage\"],\"@id\":\"https:\/\/bolting.eu\/en\/shop\/kong-mini-twin-evo-doppelte-seilrolle\/\",\"url\":\"https:\/\/bolting.eu\/en\/shop\/kong-mini-twin-evo-doppelte-seilrolle\/\",\"name\":\"Kong Mini Twin EVO doppelte Seilrolle | bolting.eu\",\"isPartOf\":{\"@id\":\"https:\/\/bolting.eu\/en\/#website\"},\"primaryImageOfPage\":{\"@id\":\"https:\/\/bolting.eu\/en\/shop\/kong-mini-twin-evo-doppelte-seilrolle\/#primaryimage\"},\"image\":{\"@id\":\"https:\/\/bolting.eu\/en\/shop\/kong-mini-twin-evo-doppelte-seilrolle\/#primaryimage\"},\"thumbnailUrl\":\"https:\/\/bolting.eu\/wp-content\/uploads\/2023\/02\/Kong-Mini-Twin-3.jpg\",\"datePublished\":\"2023-02-23T08:29:05+00:00\",\"dateModified\":\"2025-04-28T06:56:10+00:00\",\"description\":\"Kong Mini Twin Evo - doppelte Seilrolle beim Hardwareprofi kaufen \u2705 kostenloser Versand* \u2705 14 Tage R\u00fcckgaberecht \u2705 Co2 neutraler Versand\",\"breadcrumb\":{\"@id\":\"https:\/\/bolting.eu\/en\/shop\/kong-mini-twin-evo-doppelte-seilrolle\/#breadcrumb\"},\"inLanguage\":\"en-US\",\"potentialAction\":[{\"@type\":\"ReadAction\",\"target\":[\"https:\/\/bolting.eu\/en\/shop\/kong-mini-twin-evo-doppelte-seilrolle\/\"]}]},{\"@type\":\"ImageObject\",\"inLanguage\":\"en-US\",\"@id\":\"https:\/\/bolting.eu\/en\/shop\/kong-mini-twin-evo-doppelte-seilrolle\/#primaryimage\",\"url\":\"https:\/\/bolting.eu\/wp-content\/uploads\/2023\/02\/Kong-Mini-Twin-3.jpg\",\"contentUrl\":\"https:\/\/bolting.eu\/wp-content\/uploads\/2023\/02\/Kong-Mini-Twin-3.jpg\",\"width\":700,\"height\":700,\"caption\":\"Graue Kong Mini Twin Evo von der Seite mit Produktinfos am Seitenteil.\"},{\"@type\":\"BreadcrumbList\",\"@id\":\"https:\/\/bolting.eu\/en\/shop\/kong-mini-twin-evo-doppelte-seilrolle\/#breadcrumb\",\"itemListElement\":[{\"@type\":\"ListItem\",\"position\":1,\"name\":\"Shop\",\"item\":\"https:\/\/bolting.eu\/en\/shop\/\"},{\"@type\":\"ListItem\",\"position\":2,\"name\":\"climbing equipment\",\"item\":\"https:\/\/bolting.eu\/en\/produkt-kategorie\/climbing-equipment\/\"},{\"@type\":\"ListItem\",\"position\":3,\"name\":\"Seilrollen\",\"item\":\"https:\/\/bolting.eu\/produkt-kategorie\/kletterausruestung\/seilrollen\/\"},{\"@type\":\"ListItem\",\"position\":4,\"name\":\"Kong Mini Twin EVO doppelte Seilrolle\"}]},{\"@type\":\"WebSite\",\"@id\":\"https:\/\/bolting.eu\/en\/#website\",\"url\":\"https:\/\/bolting.eu\/en\/\",\"name\":\"bolting.eu\",\"description\":\"we make climbs happen\",\"publisher\":{\"@id\":\"https:\/\/bolting.eu\/en\/#organization\"},\"potentialAction\":[{\"@type\":\"SearchAction\",\"target\":{\"@type\":\"EntryPoint\",\"urlTemplate\":\"https:\/\/bolting.eu\/en\/?s={search_term_string}\"},\"query-input\":{\"@type\":\"PropertyValueSpecification\",\"valueRequired\":true,\"valueName\":\"search_term_string\"}}],\"inLanguage\":\"en-US\"},{\"@type\":[\"Organization\",\"Place\",\"SportingGoodsStore\"],\"@id\":\"https:\/\/bolting.eu\/en\/#organization\",\"name\":\"bolting.eu\",\"url\":\"https:\/\/bolting.eu\/en\/\",\"logo\":{\"@id\":\"https:\/\/bolting.eu\/en\/shop\/kong-mini-twin-evo-doppelte-seilrolle\/#local-main-organization-logo\"},\"image\":{\"@id\":\"https:\/\/bolting.eu\/en\/shop\/kong-mini-twin-evo-doppelte-seilrolle\/#local-main-organization-logo\"},\"sameAs\":[\"https:\/\/www.facebook.com\/bolting.eu\",\"https:\/\/www.instagram.com\/bolting.eu\/\"],\"address\":{\"@id\":\"https:\/\/bolting.eu\/en\/shop\/kong-mini-twin-evo-doppelte-seilrolle\/#local-main-place-address\"},\"geo\":{\"@type\":\"GeoCoordinates\",\"latitude\":\"47.264176340396226\",\"longitude\":\"11.380109057672346\"},\"telephone\":[\"+43 699 19083372\"],\"openingHoursSpecification\":[{\"@type\":\"OpeningHoursSpecification\",\"dayOfWeek\":[\"Monday\",\"Wednesday\",\"Friday\"],\"opens\":\"14:00\",\"closes\":\"18:00\"},{\"@type\":\"OpeningHoursSpecification\",\"dayOfWeek\":[\"Tuesday\",\"Thursday\",\"Saturday\",\"Sunday\"],\"opens\":\"00:00\",\"closes\":\"00:00\"}],\"email\":\"office@bolting.eu\",\"vatID\":\"ATU59999728\",\"priceRange\":\"$$\",\"currenciesAccepted\":\"Euro\"},{\"@type\":\"PostalAddress\",\"@id\":\"https:\/\/bolting.eu\/en\/shop\/kong-mini-twin-evo-doppelte-seilrolle\/#local-main-place-address\",\"streetAddress\":\"Fischnalerstra\u00dfe 4\",\"addressLocality\":\"Innsbruck\",\"postalCode\":\"6020\",\"addressRegion\":\"Tirol\",\"addressCountry\":\"AT\"},{\"@type\":\"ImageObject\",\"inLanguage\":\"en-US\",\"@id\":\"https:\/\/bolting.eu\/en\/shop\/kong-mini-twin-evo-doppelte-seilrolle\/#local-main-organization-logo\",\"url\":\"https:\/\/bolting.eu\/wp-content\/uploads\/2019\/09\/bolting-logo.png\",\"contentUrl\":\"https:\/\/bolting.eu\/wp-content\/uploads\/2019\/09\/bolting-logo.png\",\"width\":400,\"height\":211,\"caption\":\"bolting.eu\"}]}<\/script>\n<meta property=\"product:price:amount\" content=\"69.90\" \/>\n<meta property=\"product:price:currency\" content=\"EUR\" \/>\n<meta property=\"og:availability\" content=\"instock\" \/>\n<meta property=\"product:availability\" content=\"instock\" \/>\n<meta property=\"product:retailer_item_id\" content=\"94500NP00KK\" \/>\n<meta property=\"product:condition\" content=\"new\" \/>\n<meta name=\"geo.placename\" content=\"Innsbruck\" \/>\n<meta name=\"geo.position\" content=\"47.264176340396226;11.380109057672346\" \/>\n<meta name=\"geo.region\" content=\"Austria\" \/>\n<!-- \/ Yoast SEO Premium plugin. -->","yoast_head_json":{"title":"Kong Mini Twin EVO doppelte Seilrolle | bolting.eu","description":"Kong Mini Twin Evo - doppelte Seilrolle beim Hardwareprofi kaufen \u2705 kostenloser Versand* \u2705 14 Tage R\u00fcckgaberecht \u2705 Co2 neutraler Versand","robots":{"index":"index","follow":"follow","max-snippet":"max-snippet:-1","max-image-preview":"max-image-preview:large","max-video-preview":"max-video-preview:-1"},"canonical":"https:\/\/bolting.eu\/en\/shop\/kong-mini-twin-evo-doppelte-seilrolle\/","og_locale":"en_US","og_type":"article","og_title":"Kong Mini Twin EVO doppelte Seilrolle","og_description":"Kong Mini Twin Evo - doppelte Seilrolle beim Hardwareprofi kaufen \u2705 kostenloser Versand* \u2705 14 Tage R\u00fcckgaberecht \u2705 Co2 neutraler Versand","og_url":"https:\/\/bolting.eu\/en\/shop\/kong-mini-twin-evo-doppelte-seilrolle\/","og_site_name":"bolting.eu","article_publisher":"https:\/\/www.facebook.com\/bolting.eu","article_modified_time":"2025-04-28T06:56:10+00:00","og_image":[{"width":700,"height":700,"url":"https:\/\/bolting.eu\/wp-content\/uploads\/2023\/02\/Kong-Mini-Twin-3.jpg","type":"image\/jpeg"}],"twitter_card":"summary_large_image","twitter_misc":{"Price":"&euro;&nbsp;69,90","Availability":"In stock"},"schema":{"@context":"https:\/\/schema.org","@graph":[{"@type":["WebPage","ItemPage"],"@id":"https:\/\/bolting.eu\/en\/shop\/kong-mini-twin-evo-doppelte-seilrolle\/","url":"https:\/\/bolting.eu\/en\/shop\/kong-mini-twin-evo-doppelte-seilrolle\/","name":"Kong Mini Twin EVO doppelte Seilrolle | bolting.eu","isPartOf":{"@id":"https:\/\/bolting.eu\/en\/#website"},"primaryImageOfPage":{"@id":"https:\/\/bolting.eu\/en\/shop\/kong-mini-twin-evo-doppelte-seilrolle\/#primaryimage"},"image":{"@id":"https:\/\/bolting.eu\/en\/shop\/kong-mini-twin-evo-doppelte-seilrolle\/#primaryimage"},"thumbnailUrl":"https:\/\/bolting.eu\/wp-content\/uploads\/2023\/02\/Kong-Mini-Twin-3.jpg","datePublished":"2023-02-23T08:29:05+00:00","dateModified":"2025-04-28T06:56:10+00:00","description":"Kong Mini Twin Evo - doppelte Seilrolle beim Hardwareprofi kaufen \u2705 kostenloser Versand* \u2705 14 Tage R\u00fcckgaberecht \u2705 Co2 neutraler Versand","breadcrumb":{"@id":"https:\/\/bolting.eu\/en\/shop\/kong-mini-twin-evo-doppelte-seilrolle\/#breadcrumb"},"inLanguage":"en-US","potentialAction":[{"@type":"ReadAction","target":["https:\/\/bolting.eu\/en\/shop\/kong-mini-twin-evo-doppelte-seilrolle\/"]}]},{"@type":"ImageObject","inLanguage":"en-US","@id":"https:\/\/bolting.eu\/en\/shop\/kong-mini-twin-evo-doppelte-seilrolle\/#primaryimage","url":"https:\/\/bolting.eu\/wp-content\/uploads\/2023\/02\/Kong-Mini-Twin-3.jpg","contentUrl":"https:\/\/bolting.eu\/wp-content\/uploads\/2023\/02\/Kong-Mini-Twin-3.jpg","width":700,"height":700,"caption":"Graue Kong Mini Twin Evo von der Seite mit Produktinfos am Seitenteil."},{"@type":"BreadcrumbList","@id":"https:\/\/bolting.eu\/en\/shop\/kong-mini-twin-evo-doppelte-seilrolle\/#breadcrumb","itemListElement":[{"@type":"ListItem","position":1,"name":"Shop","item":"https:\/\/bolting.eu\/en\/shop\/"},{"@type":"ListItem","position":2,"name":"climbing equipment","item":"https:\/\/bolting.eu\/en\/produkt-kategorie\/climbing-equipment\/"},{"@type":"ListItem","position":3,"name":"Seilrollen","item":"https:\/\/bolting.eu\/produkt-kategorie\/kletterausruestung\/seilrollen\/"},{"@type":"ListItem","position":4,"name":"Kong Mini Twin EVO doppelte Seilrolle"}]},{"@type":"WebSite","@id":"https:\/\/bolting.eu\/en\/#website","url":"https:\/\/bolting.eu\/en\/","name":"bolting.eu","description":"we make climbs happen","publisher":{"@id":"https:\/\/bolting.eu\/en\/#organization"},"potentialAction":[{"@type":"SearchAction","target":{"@type":"EntryPoint","urlTemplate":"https:\/\/bolting.eu\/en\/?s={search_term_string}"},"query-input":{"@type":"PropertyValueSpecification","valueRequired":true,"valueName":"search_term_string"}}],"inLanguage":"en-US"},{"@type":["Organization","Place","SportingGoodsStore"],"@id":"https:\/\/bolting.eu\/en\/#organization","name":"bolting.eu","url":"https:\/\/bolting.eu\/en\/","logo":{"@id":"https:\/\/bolting.eu\/en\/shop\/kong-mini-twin-evo-doppelte-seilrolle\/#local-main-organization-logo"},"image":{"@id":"https:\/\/bolting.eu\/en\/shop\/kong-mini-twin-evo-doppelte-seilrolle\/#local-main-organization-logo"},"sameAs":["https:\/\/www.facebook.com\/bolting.eu","https:\/\/www.instagram.com\/bolting.eu\/"],"address":{"@id":"https:\/\/bolting.eu\/en\/shop\/kong-mini-twin-evo-doppelte-seilrolle\/#local-main-place-address"},"geo":{"@type":"GeoCoordinates","latitude":"47.264176340396226","longitude":"11.380109057672346"},"telephone":["+43 699 19083372"],"openingHoursSpecification":[{"@type":"OpeningHoursSpecification","dayOfWeek":["Monday","Wednesday","Friday"],"opens":"14:00","closes":"18:00"},{"@type":"OpeningHoursSpecification","dayOfWeek":["Tuesday","Thursday","Saturday","Sunday"],"opens":"00:00","closes":"00:00"}],"email":"office@bolting.eu","vatID":"ATU59999728","priceRange":"$$","currenciesAccepted":"Euro"},{"@type":"PostalAddress","@id":"https:\/\/bolting.eu\/en\/shop\/kong-mini-twin-evo-doppelte-seilrolle\/#local-main-place-address","streetAddress":"Fischnalerstra\u00dfe 4","addressLocality":"Innsbruck","postalCode":"6020","addressRegion":"Tirol","addressCountry":"AT"},{"@type":"ImageObject","inLanguage":"en-US","@id":"https:\/\/bolting.eu\/en\/shop\/kong-mini-twin-evo-doppelte-seilrolle\/#local-main-organization-logo","url":"https:\/\/bolting.eu\/wp-content\/uploads\/2019\/09\/bolting-logo.png","contentUrl":"https:\/\/bolting.eu\/wp-content\/uploads\/2019\/09\/bolting-logo.png","width":400,"height":211,"caption":"bolting.eu"}]},"product_price_amount":"69.90","product_price_currency":"EUR","og_availability":"instock","product_availability":"instock","product_retailer_item_id":"94500NP00KK","product_condition":"new","geo.placename":"Innsbruck","geo.position":{"lat":"47.264176340396226","long":"11.380109057672346"},"geo.region":"Austria"},"_links":{"self":[{"href":"https:\/\/bolting.eu\/en\/wp-json\/wp\/v2\/product\/15198","targetHints":{"allow":["GET"]}}],"collection":[{"href":"https:\/\/bolting.eu\/en\/wp-json\/wp\/v2\/product"}],"about":[{"href":"https:\/\/bolting.eu\/en\/wp-json\/wp\/v2\/types\/product"}],"replies":[{"embeddable":true,"href":"https:\/\/bolting.eu\/en\/wp-json\/wp\/v2\/comments?post=15198"}],"wp:featuredmedia":[{"embeddable":true,"href":"https:\/\/bolting.eu\/en\/wp-json\/wp\/v2\/media\/15200"}],"wp:attachment":[{"href":"https:\/\/bolting.eu\/en\/wp-json\/wp\/v2\/media?parent=15198"}],"wp:term":[{"taxonomy":"product_brand","embeddable":true,"href":"https:\/\/bolting.eu\/en\/wp-json\/wp\/v2\/product_brand?post=15198"},{"taxonomy":"product_cat","embeddable":true,"href":"https:\/\/bolting.eu\/en\/wp-json\/wp\/v2\/product_cat?post=15198"},{"taxonomy":"product_tag","embeddable":true,"href":"https:\/\/bolting.eu\/en\/wp-json\/wp\/v2\/product_tag?post=15198"}],"curies":[{"name":"wp","href":"https:\/\/api.w.org\/{rel}","templated":true}]}}