{"id":15187,"date":"2023-02-23T08:11:31","date_gmt":"2023-02-23T07:11:31","guid":{"rendered":"https:\/\/bolting.eu\/?post_type=product&#038;p=15187"},"modified":"2024-07-16T12:36:11","modified_gmt":"2024-07-16T10:36:11","slug":"black-diamond-turbo-eisschraube","status":"publish","type":"product","link":"https:\/\/bolting.eu\/en\/shop\/black-diamond-turbo-eisschraube\/","title":{"rendered":"Black Diamond Turbo Eisschraube"},"content":{"rendered":"<p>Die Black Diamond Turbo Eisschraube ist ein einfaches und leichtes Modell. Es besteht aus Stahl und hat vier Z\u00e4hne.<\/p>\n<p>Diese Variante ist mit zudem mit einer fixen <a href=\"https:\/\/bolting.eu\/produkt-kategorie\/kletterausruestung\/kletterkarabiner\/\">Karabiner<\/a> Lasche ohne Kurbel ausgestattet. Folglich ist es eine preisg\u00fcnstige Schraube die f\u00fcr Eiskletter Anf\u00e4nger und Bergsteiger gedacht ist.<\/p>\n<p>Die robuste Bauweise sorgt f\u00fcr eine lange Lebensdauer. Wer Acht gibt, wird viele Saisonen daran eine Freude haben.<\/p>\n<h2>Eigenschaften Turbo Eisschraube<\/h2>\n<ul>\n<li>Hersteller: <a href=\"https:\/\/bolting.eu\/produkt-kategorie\/black-diamond\/\">Black Diamond<\/a><\/li>\n<li>Material: Stahl<\/li>\n<li>Normen: <a href=\"https:\/\/bolting.eu\/en-568-uiaa-151-eisschrauben-norm\/\">EN 568 \u2013 UIAA 151<\/a><\/li>\n<li>Gewicht: 13cm \u2013 128 Gramm, 16cm \u2013 142 Gramm, 19cm \u2013 154 Gramm, 22cm \u2013 169 Gramm<\/li>\n<li>Bruchlast; 10 kN<\/li>\n<li>1 Stahl Karabiner\u00f6se<\/li>\n<li>4 Z\u00e4hnen zum raschen \u201eAnbei\u00dfen\u201c<\/li>\n<li>Lieferumfang inkl. Kunststoff Strumpf um Schaft bzw. Gummikappe<\/li>\n<li>ideal f\u00fcr Anf\u00e4nger und Bergsteiger<\/li>\n<li>sehr langlebig<\/li>\n<li>preiswert<\/li>\n<li><a href=\"https:\/\/blackdiamond-web.cdn.prismic.io\/blackdiamond-web\/59bb7d5c-1e04-4ca7-b2d0-78b758c6934b_M13360_C_REGULATION_Ice_Pro_IS-REF.pdf\" target=\"_blank\" rel=\"noopener\">Bedienungsanleitung<\/a><\/li>\n<\/ul>\n<h3>Modell\u00fcbersicht<\/h3>\n<table border=\"0\" width=\"348\" cellspacing=\"0\" cellpadding=\"0\">\n<tbody>\n<tr>\n<td class=\"xl63\" style=\"text-align: center;\" colspan=\"4\" width=\"348\" height=\"21\"><strong>\u00dcbersicht BD Turbo Ice Screw<\/strong><\/td>\n<\/tr>\n<tr>\n<td class=\"xl64\" style=\"text-align: center;\" height=\"21\"><strong>L\u00e4nge<\/strong><\/td>\n<td class=\"xl64\" style=\"text-align: center;\"><strong>Gewicht<\/strong><\/td>\n<td class=\"xl64\" style=\"text-align: center;\"><strong>Farbe<\/strong><\/td>\n<td class=\"xl64\" style=\"text-align: center;\"><strong>Bruchlast<\/strong><\/td>\n<\/tr>\n<tr>\n<td class=\"xl64\" style=\"text-align: center;\" height=\"21\">13cm<\/td>\n<td class=\"xl64\" style=\"text-align: center;\">128 Gramm<\/td>\n<td class=\"xl64\" style=\"text-align: center;\">grau<\/td>\n<td class=\"xl64\" style=\"text-align: center;\">10kN<\/td>\n<\/tr>\n<tr>\n<td class=\"xl64\" style=\"text-align: center;\" height=\"21\">16cm<\/td>\n<td class=\"xl64\" style=\"text-align: center;\">142 Gramm<\/td>\n<td class=\"xl64\" style=\"text-align: center;\">grau<\/td>\n<td class=\"xl64\" style=\"text-align: center;\">10kN<\/td>\n<\/tr>\n<tr>\n<td class=\"xl64\" style=\"text-align: center;\" height=\"21\">19cm<\/td>\n<td class=\"xl64\" style=\"text-align: center;\">154 Gramm<\/td>\n<td class=\"xl64\" style=\"text-align: center;\">grau<\/td>\n<td class=\"xl64\" style=\"text-align: center;\">10kN<\/td>\n<\/tr>\n<tr>\n<td class=\"xl64\" style=\"text-align: center;\" height=\"21\">22cm<\/td>\n<td class=\"xl64\" style=\"text-align: center;\">169 Gramm<\/td>\n<td class=\"xl64\" style=\"text-align: center;\">grau<\/td>\n<td class=\"xl64\" style=\"text-align: center;\">10kN<\/td>\n<\/tr>\n<\/tbody>\n<\/table>\n<h3>Produktvideo<\/h3>\n<p>Im Folgenden stellt Black Diamond die Turbo noch n\u00e4her vor. Uns gef\u00e4llt die Vorstellung aller Eisschrauben. Man sieht sch\u00f6n, das dieses Modell als preiswertes Einsteigermodell gedacht ist.<\/p>\n<p><iframe loading=\"lazy\" title=\"The Black Diamond Ice Screw Family\" width=\"1020\" height=\"574\" src=\"https:\/\/www.youtube.com\/embed\/4Ij8ePMqMis?feature=oembed\" frameborder=\"0\" allow=\"accelerometer; autoplay; clipboard-write; encrypted-media; gyroscope; picture-in-picture; web-share\" referrerpolicy=\"strict-origin-when-cross-origin\" allowfullscreen><\/iframe><\/p>\n<h3>Black Diamond Turbo = preiswerte Einsteiger Eisschraube<\/h3>\n<p>Dieses einfache Modell ist zum einen sehr preiswert. Und zum anderen durch die einfache Konstruktion auch sehr robust.<\/p>\n<p>Folglich richtet sich dieses Produkt an Anf\u00e4nger und Bergsteiger.<\/p>\n<p>Denn wenn man keinen Stress beim Setzen der Schraube hat, erf\u00fcllt diese Variante perfekt seinen Zweck. Vier Z\u00e4hne sorgen f\u00fcr schnelles &#8220;Anbei\u00dfen&#8221; und der harte Stahl garantiert eine lange Lebensdauer.<\/p>\n<p>Wer wesentlich &#8220;leichter&#8221; unterwegs sein will, sollte das Modell &#8220;<a href=\"https:\/\/bolting.eu\/shop\/black-diamond-ultralight-ice-screw\/\">Ultralight Ice Srew<\/a>&#8221; in Betracht ziehen.<\/p>\n<h3>Abalakov Eissanduhr<\/h3>\n<p>Die 22cm Variante der Eisschraube Turbo ist perfekt f\u00fcr das Bauen einer <a href=\"https:\/\/bolting.eu\/abalakov-eissanduhr\/\">Abalakov Eissanduhr<\/a>.<\/p>\n<p>Denn diese L\u00e4nge garantiert viel &#8220;Fleisch&#8221; f\u00fcr die <a href=\"https:\/\/bolting.eu\/produkt-kategorie\/kletterausruestung\/reepschnur\/\">Reepschnur<\/a>. D.h. viel Eismasse zwischen den R\u00f6hren und somit eine hohe Haltekraft.<\/p>\n<p>&nbsp;<\/p>\n","protected":false},"excerpt":{"rendered":"<p>Preiswerte und robuste Eisschraube aus Stahl f\u00fcr\u00b4s Bergsteigen und Eiskletter Anf\u00e4nger.<\/p>\n<p>Eine fixe Stahl Lasche ohne Kurbel. Sehr langlebig, daf\u00fcr mehr Gewicht als &#8220;Leichtmodelle&#8221;.<\/p>\n<p>Versandkostenfrei bis 2kg in <img decoding=\"async\" class=\"emoji\" role=\"img\" draggable=\"false\" src=\"https:\/\/s.w.org\/images\/core\/emoji\/13.1.0\/svg\/1f1e6-1f1f9.svg\" alt=\"\ud83c\udde6\ud83c\uddf9\" \/> ab \u20ac 100,- und <img decoding=\"async\" class=\"emoji\" role=\"img\" draggable=\"false\" src=\"https:\/\/s.w.org\/images\/core\/emoji\/13.1.0\/svg\/1f1e9-1f1ea.svg\" alt=\"\ud83c\udde9\ud83c\uddea\" \/> ab \u20ac 200,-!<\/p>\n","protected":false},"featured_media":15192,"comment_status":"closed","ping_status":"closed","template":"","meta":[],"product_brand":[],"product_cat":[4658,13938,14281],"product_tag":[],"class_list":{"0":"post-15187","1":"product","2":"type-product","3":"status-publish","4":"has-post-thumbnail","6":"product_cat-black-diamond","7":"product_cat-bergsteiger-ausruestung","8":"product_cat-eisschrauben","10":"first","11":"instock","12":"sale","13":"taxable","14":"shipping-taxable","15":"purchasable","16":"product-type-variable"},"yoast_head":"<!-- This site is optimized with the Yoast SEO Premium plugin v26.9 (Yoast SEO v26.9) - https:\/\/yoast.com\/product\/yoast-seo-premium-wordpress\/ -->\n<title>Black Diamond Turbo Eisschraube | bolting.eu<\/title>\n<meta name=\"description\" content=\"Black Diamond Turbo Eisschraube beim Kletterprofi kaufen \u2705 kostenloser Versand* \u2705 14 Tage R\u00fcckgaberecht \u2705 Co2 neutraler Versand\" \/>\n<meta name=\"robots\" content=\"index, follow, max-snippet:-1, max-image-preview:large, max-video-preview:-1\" \/>\n<link rel=\"canonical\" href=\"https:\/\/bolting.eu\/en\/shop\/black-diamond-turbo-eisschraube\/\" \/>\n<meta property=\"og:locale\" content=\"en_US\" \/>\n<meta property=\"og:type\" content=\"article\" \/>\n<meta property=\"og:title\" content=\"Black Diamond Turbo Eisschraube\" \/>\n<meta property=\"og:description\" content=\"Black Diamond Turbo Eisschraube beim Kletterprofi kaufen \u2705 kostenloser Versand* \u2705 14 Tage R\u00fcckgaberecht \u2705 Co2 neutraler Versand\" \/>\n<meta property=\"og:url\" content=\"https:\/\/bolting.eu\/en\/shop\/black-diamond-turbo-eisschraube\/\" \/>\n<meta property=\"og:site_name\" content=\"bolting.eu\" \/>\n<meta property=\"article:publisher\" content=\"https:\/\/www.facebook.com\/bolting.eu\" \/>\n<meta property=\"article:modified_time\" content=\"2024-07-16T10:36:11+00:00\" \/>\n<meta property=\"og:image\" content=\"https:\/\/bolting.eu\/wp-content\/uploads\/2023\/02\/Black-Diamond-Turbo-Eisschraube-1.jpg\" \/>\n\t<meta property=\"og:image:width\" content=\"700\" \/>\n\t<meta property=\"og:image:height\" content=\"700\" \/>\n\t<meta property=\"og:image:type\" content=\"image\/jpeg\" \/>\n<meta name=\"twitter:card\" content=\"summary_large_image\" \/>\n<meta name=\"twitter:label1\" content=\"Availability\" \/>\n\t<meta name=\"twitter:data1\" content=\"In stock\" \/>\n<script type=\"application\/ld+json\" class=\"yoast-schema-graph\">{\"@context\":\"https:\/\/schema.org\",\"@graph\":[{\"@type\":[\"WebPage\",\"ItemPage\"],\"@id\":\"https:\/\/bolting.eu\/en\/shop\/black-diamond-turbo-eisschraube\/\",\"url\":\"https:\/\/bolting.eu\/en\/shop\/black-diamond-turbo-eisschraube\/\",\"name\":\"Black Diamond Turbo Eisschraube | bolting.eu\",\"isPartOf\":{\"@id\":\"https:\/\/bolting.eu\/en\/#website\"},\"primaryImageOfPage\":{\"@id\":\"https:\/\/bolting.eu\/en\/shop\/black-diamond-turbo-eisschraube\/#primaryimage\"},\"image\":{\"@id\":\"https:\/\/bolting.eu\/en\/shop\/black-diamond-turbo-eisschraube\/#primaryimage\"},\"thumbnailUrl\":\"https:\/\/bolting.eu\/wp-content\/uploads\/2023\/02\/Black-Diamond-Turbo-Eisschraube-1.jpg\",\"datePublished\":\"2023-02-23T07:11:31+00:00\",\"dateModified\":\"2024-07-16T10:36:11+00:00\",\"description\":\"Black Diamond Turbo Eisschraube beim Kletterprofi kaufen \u2705 kostenloser Versand* \u2705 14 Tage R\u00fcckgaberecht \u2705 Co2 neutraler Versand\",\"breadcrumb\":{\"@id\":\"https:\/\/bolting.eu\/en\/shop\/black-diamond-turbo-eisschraube\/#breadcrumb\"},\"inLanguage\":\"en-US\",\"potentialAction\":[{\"@type\":\"ReadAction\",\"target\":[\"https:\/\/bolting.eu\/en\/shop\/black-diamond-turbo-eisschraube\/\"]}]},{\"@type\":\"ImageObject\",\"inLanguage\":\"en-US\",\"@id\":\"https:\/\/bolting.eu\/en\/shop\/black-diamond-turbo-eisschraube\/#primaryimage\",\"url\":\"https:\/\/bolting.eu\/wp-content\/uploads\/2023\/02\/Black-Diamond-Turbo-Eisschraube-1.jpg\",\"contentUrl\":\"https:\/\/bolting.eu\/wp-content\/uploads\/2023\/02\/Black-Diamond-Turbo-Eisschraube-1.jpg\",\"width\":700,\"height\":700,\"caption\":\"Vier unterschiedlich lange Black Diamond Turbo Eisschrauben nebeneinander.\"},{\"@type\":\"BreadcrumbList\",\"@id\":\"https:\/\/bolting.eu\/en\/shop\/black-diamond-turbo-eisschraube\/#breadcrumb\",\"itemListElement\":[{\"@type\":\"ListItem\",\"position\":1,\"name\":\"Shop\",\"item\":\"https:\/\/bolting.eu\/en\/shop\/\"},{\"@type\":\"ListItem\",\"position\":2,\"name\":\"Bergsteiger Ausr\u00fcstung\",\"item\":\"https:\/\/bolting.eu\/produkt-kategorie\/bergsteiger-ausruestung\/\"},{\"@type\":\"ListItem\",\"position\":3,\"name\":\"Eisschrauben\",\"item\":\"https:\/\/bolting.eu\/produkt-kategorie\/bergsteiger-ausruestung\/eisschrauben\/\"},{\"@type\":\"ListItem\",\"position\":4,\"name\":\"Black Diamond Turbo Eisschraube\"}]},{\"@type\":\"WebSite\",\"@id\":\"https:\/\/bolting.eu\/en\/#website\",\"url\":\"https:\/\/bolting.eu\/en\/\",\"name\":\"bolting.eu\",\"description\":\"we make climbs happen\",\"publisher\":{\"@id\":\"https:\/\/bolting.eu\/en\/#organization\"},\"potentialAction\":[{\"@type\":\"SearchAction\",\"target\":{\"@type\":\"EntryPoint\",\"urlTemplate\":\"https:\/\/bolting.eu\/en\/?s={search_term_string}\"},\"query-input\":{\"@type\":\"PropertyValueSpecification\",\"valueRequired\":true,\"valueName\":\"search_term_string\"}}],\"inLanguage\":\"en-US\"},{\"@type\":[\"Organization\",\"Place\",\"SportingGoodsStore\"],\"@id\":\"https:\/\/bolting.eu\/en\/#organization\",\"name\":\"bolting.eu\",\"url\":\"https:\/\/bolting.eu\/en\/\",\"logo\":{\"@id\":\"https:\/\/bolting.eu\/en\/shop\/black-diamond-turbo-eisschraube\/#local-main-organization-logo\"},\"image\":{\"@id\":\"https:\/\/bolting.eu\/en\/shop\/black-diamond-turbo-eisschraube\/#local-main-organization-logo\"},\"sameAs\":[\"https:\/\/www.facebook.com\/bolting.eu\",\"https:\/\/www.instagram.com\/bolting.eu\/\"],\"address\":{\"@id\":\"https:\/\/bolting.eu\/en\/shop\/black-diamond-turbo-eisschraube\/#local-main-place-address\"},\"geo\":{\"@type\":\"GeoCoordinates\",\"latitude\":\"47.264176340396226\",\"longitude\":\"11.380109057672346\"},\"telephone\":[\"+43 699 19083372\"],\"openingHoursSpecification\":[{\"@type\":\"OpeningHoursSpecification\",\"dayOfWeek\":[\"Monday\",\"Wednesday\",\"Friday\"],\"opens\":\"14:00\",\"closes\":\"18:00\"},{\"@type\":\"OpeningHoursSpecification\",\"dayOfWeek\":[\"Tuesday\",\"Thursday\",\"Saturday\",\"Sunday\"],\"opens\":\"00:00\",\"closes\":\"00:00\"}],\"email\":\"office@bolting.eu\",\"vatID\":\"ATU59999728\",\"priceRange\":\"$$\",\"currenciesAccepted\":\"Euro\"},{\"@type\":\"PostalAddress\",\"@id\":\"https:\/\/bolting.eu\/en\/shop\/black-diamond-turbo-eisschraube\/#local-main-place-address\",\"streetAddress\":\"Fischnalerstra\u00dfe 4\",\"addressLocality\":\"Innsbruck\",\"postalCode\":\"6020\",\"addressRegion\":\"Tirol\",\"addressCountry\":\"AT\"},{\"@type\":\"ImageObject\",\"inLanguage\":\"en-US\",\"@id\":\"https:\/\/bolting.eu\/en\/shop\/black-diamond-turbo-eisschraube\/#local-main-organization-logo\",\"url\":\"https:\/\/bolting.eu\/wp-content\/uploads\/2019\/09\/bolting-logo.png\",\"contentUrl\":\"https:\/\/bolting.eu\/wp-content\/uploads\/2019\/09\/bolting-logo.png\",\"width\":400,\"height\":211,\"caption\":\"bolting.eu\"}]}<\/script>\n<meta property=\"og:video\" content=\"https:\/\/www.youtube.com\/embed\/4Ij8ePMqMis\" \/>\n<meta property=\"og:video:type\" content=\"text\/html\" \/>\n<meta property=\"og:video:duration\" content=\"118\" \/>\n<meta property=\"og:video:width\" content=\"480\" \/>\n<meta property=\"og:video:height\" content=\"270\" \/>\n<meta property=\"ya:ovs:adult\" content=\"false\" \/>\n<meta property=\"ya:ovs:upload_date\" content=\"2023-02-23T07:11:31+00:00\" \/>\n<meta property=\"ya:ovs:allow_embed\" content=\"true\" \/>\n<meta property=\"og:availability\" content=\"instock\" \/>\n<meta property=\"product:availability\" content=\"instock\" \/>\n<meta property=\"product:condition\" content=\"new\" \/>\n<meta name=\"geo.placename\" content=\"Innsbruck\" \/>\n<meta name=\"geo.position\" content=\"47.264176340396226;11.380109057672346\" \/>\n<meta name=\"geo.region\" content=\"Austria\" \/>\n<!-- \/ Yoast SEO Premium plugin. -->","yoast_head_json":{"title":"Black Diamond Turbo Eisschraube | bolting.eu","description":"Black Diamond Turbo Eisschraube beim Kletterprofi kaufen \u2705 kostenloser Versand* \u2705 14 Tage R\u00fcckgaberecht \u2705 Co2 neutraler Versand","robots":{"index":"index","follow":"follow","max-snippet":"max-snippet:-1","max-image-preview":"max-image-preview:large","max-video-preview":"max-video-preview:-1"},"canonical":"https:\/\/bolting.eu\/en\/shop\/black-diamond-turbo-eisschraube\/","og_locale":"en_US","og_type":"article","og_title":"Black Diamond Turbo Eisschraube","og_description":"Black Diamond Turbo Eisschraube beim Kletterprofi kaufen \u2705 kostenloser Versand* \u2705 14 Tage R\u00fcckgaberecht \u2705 Co2 neutraler Versand","og_url":"https:\/\/bolting.eu\/en\/shop\/black-diamond-turbo-eisschraube\/","og_site_name":"bolting.eu","article_publisher":"https:\/\/www.facebook.com\/bolting.eu","article_modified_time":"2024-07-16T10:36:11+00:00","og_image":[{"width":700,"height":700,"url":"https:\/\/bolting.eu\/wp-content\/uploads\/2023\/02\/Black-Diamond-Turbo-Eisschraube-1.jpg","type":"image\/jpeg"}],"twitter_card":"summary_large_image","twitter_misc":{"Availability":"In stock"},"schema":{"@context":"https:\/\/schema.org","@graph":[{"@type":["WebPage","ItemPage"],"@id":"https:\/\/bolting.eu\/en\/shop\/black-diamond-turbo-eisschraube\/","url":"https:\/\/bolting.eu\/en\/shop\/black-diamond-turbo-eisschraube\/","name":"Black Diamond Turbo Eisschraube | bolting.eu","isPartOf":{"@id":"https:\/\/bolting.eu\/en\/#website"},"primaryImageOfPage":{"@id":"https:\/\/bolting.eu\/en\/shop\/black-diamond-turbo-eisschraube\/#primaryimage"},"image":{"@id":"https:\/\/bolting.eu\/en\/shop\/black-diamond-turbo-eisschraube\/#primaryimage"},"thumbnailUrl":"https:\/\/bolting.eu\/wp-content\/uploads\/2023\/02\/Black-Diamond-Turbo-Eisschraube-1.jpg","datePublished":"2023-02-23T07:11:31+00:00","dateModified":"2024-07-16T10:36:11+00:00","description":"Black Diamond Turbo Eisschraube beim Kletterprofi kaufen \u2705 kostenloser Versand* \u2705 14 Tage R\u00fcckgaberecht \u2705 Co2 neutraler Versand","breadcrumb":{"@id":"https:\/\/bolting.eu\/en\/shop\/black-diamond-turbo-eisschraube\/#breadcrumb"},"inLanguage":"en-US","potentialAction":[{"@type":"ReadAction","target":["https:\/\/bolting.eu\/en\/shop\/black-diamond-turbo-eisschraube\/"]}]},{"@type":"ImageObject","inLanguage":"en-US","@id":"https:\/\/bolting.eu\/en\/shop\/black-diamond-turbo-eisschraube\/#primaryimage","url":"https:\/\/bolting.eu\/wp-content\/uploads\/2023\/02\/Black-Diamond-Turbo-Eisschraube-1.jpg","contentUrl":"https:\/\/bolting.eu\/wp-content\/uploads\/2023\/02\/Black-Diamond-Turbo-Eisschraube-1.jpg","width":700,"height":700,"caption":"Vier unterschiedlich lange Black Diamond Turbo Eisschrauben nebeneinander."},{"@type":"BreadcrumbList","@id":"https:\/\/bolting.eu\/en\/shop\/black-diamond-turbo-eisschraube\/#breadcrumb","itemListElement":[{"@type":"ListItem","position":1,"name":"Shop","item":"https:\/\/bolting.eu\/en\/shop\/"},{"@type":"ListItem","position":2,"name":"Bergsteiger Ausr\u00fcstung","item":"https:\/\/bolting.eu\/produkt-kategorie\/bergsteiger-ausruestung\/"},{"@type":"ListItem","position":3,"name":"Eisschrauben","item":"https:\/\/bolting.eu\/produkt-kategorie\/bergsteiger-ausruestung\/eisschrauben\/"},{"@type":"ListItem","position":4,"name":"Black Diamond Turbo Eisschraube"}]},{"@type":"WebSite","@id":"https:\/\/bolting.eu\/en\/#website","url":"https:\/\/bolting.eu\/en\/","name":"bolting.eu","description":"we make climbs happen","publisher":{"@id":"https:\/\/bolting.eu\/en\/#organization"},"potentialAction":[{"@type":"SearchAction","target":{"@type":"EntryPoint","urlTemplate":"https:\/\/bolting.eu\/en\/?s={search_term_string}"},"query-input":{"@type":"PropertyValueSpecification","valueRequired":true,"valueName":"search_term_string"}}],"inLanguage":"en-US"},{"@type":["Organization","Place","SportingGoodsStore"],"@id":"https:\/\/bolting.eu\/en\/#organization","name":"bolting.eu","url":"https:\/\/bolting.eu\/en\/","logo":{"@id":"https:\/\/bolting.eu\/en\/shop\/black-diamond-turbo-eisschraube\/#local-main-organization-logo"},"image":{"@id":"https:\/\/bolting.eu\/en\/shop\/black-diamond-turbo-eisschraube\/#local-main-organization-logo"},"sameAs":["https:\/\/www.facebook.com\/bolting.eu","https:\/\/www.instagram.com\/bolting.eu\/"],"address":{"@id":"https:\/\/bolting.eu\/en\/shop\/black-diamond-turbo-eisschraube\/#local-main-place-address"},"geo":{"@type":"GeoCoordinates","latitude":"47.264176340396226","longitude":"11.380109057672346"},"telephone":["+43 699 19083372"],"openingHoursSpecification":[{"@type":"OpeningHoursSpecification","dayOfWeek":["Monday","Wednesday","Friday"],"opens":"14:00","closes":"18:00"},{"@type":"OpeningHoursSpecification","dayOfWeek":["Tuesday","Thursday","Saturday","Sunday"],"opens":"00:00","closes":"00:00"}],"email":"office@bolting.eu","vatID":"ATU59999728","priceRange":"$$","currenciesAccepted":"Euro"},{"@type":"PostalAddress","@id":"https:\/\/bolting.eu\/en\/shop\/black-diamond-turbo-eisschraube\/#local-main-place-address","streetAddress":"Fischnalerstra\u00dfe 4","addressLocality":"Innsbruck","postalCode":"6020","addressRegion":"Tirol","addressCountry":"AT"},{"@type":"ImageObject","inLanguage":"en-US","@id":"https:\/\/bolting.eu\/en\/shop\/black-diamond-turbo-eisschraube\/#local-main-organization-logo","url":"https:\/\/bolting.eu\/wp-content\/uploads\/2019\/09\/bolting-logo.png","contentUrl":"https:\/\/bolting.eu\/wp-content\/uploads\/2019\/09\/bolting-logo.png","width":400,"height":211,"caption":"bolting.eu"}]},"og_video":"https:\/\/www.youtube.com\/embed\/4Ij8ePMqMis","og_video_type":"text\/html","og_video_duration":"118","og_video_width":"480","og_video_height":"270","ya_ovs_adult":"false","ya_ovs_upload_date":"2023-02-23T07:11:31+00:00","ya_ovs_allow_embed":"true","og_availability":"instock","product_availability":"instock","product_condition":"new","geo.placename":"Innsbruck","geo.position":{"lat":"47.264176340396226","long":"11.380109057672346"},"geo.region":"Austria"},"_links":{"self":[{"href":"https:\/\/bolting.eu\/en\/wp-json\/wp\/v2\/product\/15187","targetHints":{"allow":["GET"]}}],"collection":[{"href":"https:\/\/bolting.eu\/en\/wp-json\/wp\/v2\/product"}],"about":[{"href":"https:\/\/bolting.eu\/en\/wp-json\/wp\/v2\/types\/product"}],"replies":[{"embeddable":true,"href":"https:\/\/bolting.eu\/en\/wp-json\/wp\/v2\/comments?post=15187"}],"wp:featuredmedia":[{"embeddable":true,"href":"https:\/\/bolting.eu\/en\/wp-json\/wp\/v2\/media\/15192"}],"wp:attachment":[{"href":"https:\/\/bolting.eu\/en\/wp-json\/wp\/v2\/media?parent=15187"}],"wp:term":[{"taxonomy":"product_brand","embeddable":true,"href":"https:\/\/bolting.eu\/en\/wp-json\/wp\/v2\/product_brand?post=15187"},{"taxonomy":"product_cat","embeddable":true,"href":"https:\/\/bolting.eu\/en\/wp-json\/wp\/v2\/product_cat?post=15187"},{"taxonomy":"product_tag","embeddable":true,"href":"https:\/\/bolting.eu\/en\/wp-json\/wp\/v2\/product_tag?post=15187"}],"curies":[{"name":"wp","href":"https:\/\/api.w.org\/{rel}","templated":true}]}}