{"id":1515,"date":"2020-02-26T17:06:13","date_gmt":"2020-02-26T16:06:13","guid":{"rendered":"https:\/\/bolting.eu\/?post_type=product&#038;p=1515"},"modified":"2026-03-09T18:12:24","modified_gmt":"2026-03-09T17:12:24","slug":"kong-kletterausruestung-pflegeoel","status":"publish","type":"product","link":"https:\/\/bolting.eu\/en\/shop\/kong-kletterausruestung-pflegeoel\/","title":{"rendered":"Kong Kletterausr\u00fcstung Pflege\u00f6l"},"content":{"rendered":"<p>Das Kong Kletterausr\u00fcstung Pflege\u00f6l ist speziell f\u00fcr die Bergsport Hardware konzipiert. Damit kann man einerseits alle in Bewegung stehende Teile reinigen. Und andererseits gleichzeitig warten und pflegen.<\/p>\n<p>Hier ein paar Beispiele:<\/p>\n<ul>\n<li>stecken gebliebene <a href=\"https:\/\/bolting.eu\/produkt-kategorie\/karabiner-kletterkarabiner\/\">Karabiner<\/a><\/li>\n<li>sperrige Klemmsegmente von Friends<\/li>\n<li>schlecht gleitende Umlenkrollen<\/li>\n<li>schmutzige Steigklemmen<\/li>\n<li>geschlossene Karabiner bei <a href=\"https:\/\/bolting.eu\/produkt-kategorie\/umlenker-kettenstand\/\">Umlenker &#8211; Standketten<\/a><\/li>\n<li>schwer drehbarer <a href=\"https:\/\/bolting.eu\/produkt-kategorie\/schraubglied-rapidglied\/\">Schraubglieder-Rapidglieder<\/a><\/li>\n<\/ul>\n<h3>Eigenschaften Kong Kletterausr\u00fcstung Pflege\u00f6l:<\/h3>\n<ul>\n<li>Inhalt 50ml<\/li>\n<li>Beh\u00e4lter: eingeschwei\u00dfte Plastikflasche<\/li>\n<li>Anwendung: f\u00fcr alle beweglichen Teile der Kletterausr\u00fcstung<\/li>\n<li>niemals direkt auf Seile, Bandschlingen und Reepschn\u00fcre auftropfen lassen!<\/li>\n<\/ul>\n<h3>Anwendung des Kong Kletterausr\u00fcstung Pflege\u00f6l<\/h3>\n<ul>\n<li>Ausr\u00fcstungsgegenstand unter lauwarmen Wasser ordentlich absp\u00fclen &#8211; bewegliches Teil stark bewegen wenn m\u00f6glich<\/li>\n<li>heftiges &#8220;Schlagen&#8221; des Ausr\u00fcstungsgegenstandes gegen einen weichen Widerstand wie ein Handtuch kann zus\u00e4tzlich zur Entfernung des Schmutzes beitragen<\/li>\n<li>nochmals absp\u00fclen und trocknen lassen<\/li>\n<li>mit wenigen Tropfen des Pflege\u00f6l einschmieren<\/li>\n<li>bewegliches Teil mehrmals bewegen sodass das \u00d6l sich gut ausbreiten kann<\/li>\n<\/ul>\n<h3>Praxis Tipp<\/h3>\n<p>Manchmal l\u00e4sst sich ein bewegliches Teil leider gar nicht mehr bewegen. Beispielsweise ein Segment bei einem Friend. In diesem Fall gebt ein Paar Tropfen Kong Kletterausr\u00fcstung Pflege\u00f6l auf das gew\u00fcnschte Gelenk und warten 5-10 Minuten. Dann versucht das Teil zu bewegen. Sehr oft l\u00e4sst es sich dann wieder bewegen.<\/p>\n<p>Wenn es immer noch nicht geht, versucht das mechanische Problem zu finden. Besch\u00e4digte Kletterausr\u00fcstung sollte ggf. ausgetauscht werden.<\/p>\n<p>&nbsp;<\/p>\n<p>Link Tipp: <a href=\"https:\/\/www.kong.it\/de\/2-produzieren\/items\/f9-allgemeines-zubehr\/p305-kong-cleaner-and-protective-oil\" target=\"_blank\" rel=\"noopener noreferrer\">zum Hersteller<\/a><\/p>\n","protected":false},"excerpt":{"rendered":"<p>Universelles Kletterausr\u00fcstung Pflege\u00f6l f\u00fcr Kletterer, H\u00f6henarbeiter und Kletterhallen Betreiber.<\/p>\n<p>Schmiert Karabiner und Ausr\u00fcstung perfekt und macht somit die Anwendung der Ausr\u00fcstung sicherer!<\/p>\n<p>Versandkostenfrei bis 2kg in\u00a0<img decoding=\"async\" class=\"emoji\" role=\"img\" draggable=\"false\" src=\"https:\/\/s.w.org\/images\/core\/emoji\/14.0.0\/svg\/1f1e6-1f1f9.svg\" alt=\"\ud83c\udde6\ud83c\uddf9\" \/>\u00a0ab \u20ac 100,- und\u00a0<img decoding=\"async\" class=\"emoji\" role=\"img\" draggable=\"false\" src=\"https:\/\/s.w.org\/images\/core\/emoji\/14.0.0\/svg\/1f1e9-1f1ea.svg\" alt=\"\ud83c\udde9\ud83c\uddea\" \/>\u00a0ab \u20ac 200,-!<\/p>\n","protected":false},"featured_media":1516,"comment_status":"closed","ping_status":"closed","template":"","meta":[],"product_brand":[],"product_cat":[39,44,15211,5061,4651],"product_tag":[],"class_list":{"0":"post-1515","1":"product","2":"type-product","3":"status-publish","4":"has-post-thumbnail","6":"product_cat-klemmgeraete-friends","7":"product_cat-kletterkarabiner","8":"product_cat-kletterwand-zubehoer","9":"product_cat-kletterzubehoer","10":"product_cat-kong","12":"first","13":"instock","14":"taxable","15":"shipping-taxable","16":"purchasable","17":"product-type-simple"},"yoast_head":"<!-- This site is optimized with the Yoast SEO Premium plugin v26.9 (Yoast SEO v26.9) - https:\/\/yoast.com\/product\/yoast-seo-premium-wordpress\/ -->\n<title>Kong Kletterausr\u00fcstung Pflege\u00f6l: jetzt online kaufen bei bolting.eu<\/title>\n<meta name=\"description\" content=\"Hier findest du das Kong Kletterausr\u00fcstung Pflege\u00f6l zur Reinigung, Wartung und Pflege von Kletterkarabinern, Friends, Seilrollen und Steigklemmen!\" \/>\n<meta name=\"robots\" content=\"index, follow, max-snippet:-1, max-image-preview:large, max-video-preview:-1\" \/>\n<link rel=\"canonical\" href=\"https:\/\/bolting.eu\/en\/shop\/kong-kletterausruestung-pflegeoel\/\" \/>\n<meta property=\"og:locale\" content=\"en_US\" \/>\n<meta property=\"og:type\" content=\"article\" \/>\n<meta property=\"og:title\" content=\"Kong Kletterausr\u00fcstung Pflege\u00f6l\" \/>\n<meta property=\"og:description\" content=\"Hier findest du das Kong Kletterausr\u00fcstung Pflege\u00f6l zur Reinigung, Wartung und Pflege von Kletterkarabinern, Friends, Seilrollen und Steigklemmen!\" \/>\n<meta property=\"og:url\" content=\"https:\/\/bolting.eu\/en\/shop\/kong-kletterausruestung-pflegeoel\/\" \/>\n<meta property=\"og:site_name\" content=\"bolting.eu\" \/>\n<meta property=\"article:publisher\" content=\"https:\/\/www.facebook.com\/bolting.eu\" \/>\n<meta property=\"article:modified_time\" content=\"2026-03-09T17:12:24+00:00\" \/>\n<meta property=\"og:image\" content=\"https:\/\/bolting.eu\/wp-content\/uploads\/2020\/02\/Kong-Kletterausruestung-Pflegeoel.jpg\" \/>\n\t<meta property=\"og:image:width\" content=\"700\" \/>\n\t<meta property=\"og:image:height\" content=\"700\" \/>\n\t<meta property=\"og:image:type\" content=\"image\/jpeg\" \/>\n<meta name=\"twitter:card\" content=\"summary_large_image\" \/>\n<meta name=\"twitter:label1\" content=\"Price\" \/>\n\t<meta name=\"twitter:data1\" content=\"&euro;&nbsp;9,90\" \/>\n\t<meta name=\"twitter:label2\" content=\"Availability\" \/>\n\t<meta name=\"twitter:data2\" content=\"In stock\" \/>\n<script type=\"application\/ld+json\" class=\"yoast-schema-graph\">{\"@context\":\"https:\/\/schema.org\",\"@graph\":[{\"@type\":[\"WebPage\",\"ItemPage\"],\"@id\":\"https:\/\/bolting.eu\/en\/shop\/kong-kletterausruestung-pflegeoel\/\",\"url\":\"https:\/\/bolting.eu\/en\/shop\/kong-kletterausruestung-pflegeoel\/\",\"name\":\"Kong Kletterausr\u00fcstung Pflege\u00f6l: jetzt online kaufen bei bolting.eu\",\"isPartOf\":{\"@id\":\"https:\/\/bolting.eu\/en\/#website\"},\"primaryImageOfPage\":{\"@id\":\"https:\/\/bolting.eu\/en\/shop\/kong-kletterausruestung-pflegeoel\/#primaryimage\"},\"image\":{\"@id\":\"https:\/\/bolting.eu\/en\/shop\/kong-kletterausruestung-pflegeoel\/#primaryimage\"},\"thumbnailUrl\":\"https:\/\/bolting.eu\/wp-content\/uploads\/2020\/02\/Kong-Kletterausruestung-Pflegeoel.jpg\",\"datePublished\":\"2020-02-26T16:06:13+00:00\",\"dateModified\":\"2026-03-09T17:12:24+00:00\",\"description\":\"Hier findest du das Kong Kletterausr\u00fcstung Pflege\u00f6l zur Reinigung, Wartung und Pflege von Kletterkarabinern, Friends, Seilrollen und Steigklemmen!\",\"breadcrumb\":{\"@id\":\"https:\/\/bolting.eu\/en\/shop\/kong-kletterausruestung-pflegeoel\/#breadcrumb\"},\"inLanguage\":\"en-US\",\"potentialAction\":[{\"@type\":\"ReadAction\",\"target\":[\"https:\/\/bolting.eu\/en\/shop\/kong-kletterausruestung-pflegeoel\/\"]}]},{\"@type\":\"ImageObject\",\"inLanguage\":\"en-US\",\"@id\":\"https:\/\/bolting.eu\/en\/shop\/kong-kletterausruestung-pflegeoel\/#primaryimage\",\"url\":\"https:\/\/bolting.eu\/wp-content\/uploads\/2020\/02\/Kong-Kletterausruestung-Pflegeoel.jpg\",\"contentUrl\":\"https:\/\/bolting.eu\/wp-content\/uploads\/2020\/02\/Kong-Kletterausruestung-Pflegeoel.jpg\",\"width\":700,\"height\":700,\"caption\":\"DAs Bild zeigt eine Flasche des Kong Kletterausr\u00fcstung Pflege\u00f6l. Die kleine Plastikflasche steht aufrecht in Bildmitte mit einem schwarzen Label mit gelber Schrift.\"},{\"@type\":\"BreadcrumbList\",\"@id\":\"https:\/\/bolting.eu\/en\/shop\/kong-kletterausruestung-pflegeoel\/#breadcrumb\",\"itemListElement\":[{\"@type\":\"ListItem\",\"position\":1,\"name\":\"Shop\",\"item\":\"https:\/\/bolting.eu\/en\/shop\/\"},{\"@type\":\"ListItem\",\"position\":2,\"name\":\"climbing equipment\",\"item\":\"https:\/\/bolting.eu\/en\/produkt-kategorie\/climbing-equipment\/\"},{\"@type\":\"ListItem\",\"position\":3,\"name\":\"Climbing carabiner\",\"item\":\"https:\/\/bolting.eu\/en\/produkt-kategorie\/climbing-carabiner\/\"},{\"@type\":\"ListItem\",\"position\":4,\"name\":\"Kong Kletterausr\u00fcstung Pflege\u00f6l\"}]},{\"@type\":\"WebSite\",\"@id\":\"https:\/\/bolting.eu\/en\/#website\",\"url\":\"https:\/\/bolting.eu\/en\/\",\"name\":\"bolting.eu\",\"description\":\"we make climbs happen\",\"publisher\":{\"@id\":\"https:\/\/bolting.eu\/en\/#organization\"},\"potentialAction\":[{\"@type\":\"SearchAction\",\"target\":{\"@type\":\"EntryPoint\",\"urlTemplate\":\"https:\/\/bolting.eu\/en\/?s={search_term_string}\"},\"query-input\":{\"@type\":\"PropertyValueSpecification\",\"valueRequired\":true,\"valueName\":\"search_term_string\"}}],\"inLanguage\":\"en-US\"},{\"@type\":[\"Organization\",\"Place\",\"SportingGoodsStore\"],\"@id\":\"https:\/\/bolting.eu\/en\/#organization\",\"name\":\"bolting.eu\",\"url\":\"https:\/\/bolting.eu\/en\/\",\"logo\":{\"@id\":\"https:\/\/bolting.eu\/en\/shop\/kong-kletterausruestung-pflegeoel\/#local-main-organization-logo\"},\"image\":{\"@id\":\"https:\/\/bolting.eu\/en\/shop\/kong-kletterausruestung-pflegeoel\/#local-main-organization-logo\"},\"sameAs\":[\"https:\/\/www.facebook.com\/bolting.eu\",\"https:\/\/www.instagram.com\/bolting.eu\/\"],\"address\":{\"@id\":\"https:\/\/bolting.eu\/en\/shop\/kong-kletterausruestung-pflegeoel\/#local-main-place-address\"},\"geo\":{\"@type\":\"GeoCoordinates\",\"latitude\":\"47.264176340396226\",\"longitude\":\"11.380109057672346\"},\"telephone\":[\"+43 699 19083372\"],\"openingHoursSpecification\":[{\"@type\":\"OpeningHoursSpecification\",\"dayOfWeek\":[\"Monday\",\"Wednesday\",\"Friday\"],\"opens\":\"14:00\",\"closes\":\"18:00\"},{\"@type\":\"OpeningHoursSpecification\",\"dayOfWeek\":[\"Tuesday\",\"Thursday\",\"Saturday\",\"Sunday\"],\"opens\":\"00:00\",\"closes\":\"00:00\"}],\"email\":\"office@bolting.eu\",\"vatID\":\"ATU59999728\",\"priceRange\":\"$$\",\"currenciesAccepted\":\"Euro\"},{\"@type\":\"PostalAddress\",\"@id\":\"https:\/\/bolting.eu\/en\/shop\/kong-kletterausruestung-pflegeoel\/#local-main-place-address\",\"streetAddress\":\"Fischnalerstra\u00dfe 4\",\"addressLocality\":\"Innsbruck\",\"postalCode\":\"6020\",\"addressRegion\":\"Tirol\",\"addressCountry\":\"AT\"},{\"@type\":\"ImageObject\",\"inLanguage\":\"en-US\",\"@id\":\"https:\/\/bolting.eu\/en\/shop\/kong-kletterausruestung-pflegeoel\/#local-main-organization-logo\",\"url\":\"https:\/\/bolting.eu\/wp-content\/uploads\/2019\/09\/bolting-logo.png\",\"contentUrl\":\"https:\/\/bolting.eu\/wp-content\/uploads\/2019\/09\/bolting-logo.png\",\"width\":400,\"height\":211,\"caption\":\"bolting.eu\"}]}<\/script>\n<meta property=\"product:price:amount\" content=\"9.90\" \/>\n<meta property=\"product:price:currency\" content=\"EUR\" \/>\n<meta property=\"og:availability\" content=\"instock\" \/>\n<meta property=\"product:availability\" content=\"instock\" \/>\n<meta property=\"product:retailer_item_id\" content=\"953000000KK\" \/>\n<meta property=\"product:condition\" content=\"new\" \/>\n<meta name=\"geo.placename\" content=\"Innsbruck\" \/>\n<meta name=\"geo.position\" content=\"47.264176340396226;11.380109057672346\" \/>\n<meta name=\"geo.region\" content=\"Austria\" \/>\n<!-- \/ Yoast SEO Premium plugin. -->","yoast_head_json":{"title":"Kong Kletterausr\u00fcstung Pflege\u00f6l: jetzt online kaufen bei bolting.eu","description":"Hier findest du das Kong Kletterausr\u00fcstung Pflege\u00f6l zur Reinigung, Wartung und Pflege von Kletterkarabinern, Friends, Seilrollen und Steigklemmen!","robots":{"index":"index","follow":"follow","max-snippet":"max-snippet:-1","max-image-preview":"max-image-preview:large","max-video-preview":"max-video-preview:-1"},"canonical":"https:\/\/bolting.eu\/en\/shop\/kong-kletterausruestung-pflegeoel\/","og_locale":"en_US","og_type":"article","og_title":"Kong Kletterausr\u00fcstung Pflege\u00f6l","og_description":"Hier findest du das Kong Kletterausr\u00fcstung Pflege\u00f6l zur Reinigung, Wartung und Pflege von Kletterkarabinern, Friends, Seilrollen und Steigklemmen!","og_url":"https:\/\/bolting.eu\/en\/shop\/kong-kletterausruestung-pflegeoel\/","og_site_name":"bolting.eu","article_publisher":"https:\/\/www.facebook.com\/bolting.eu","article_modified_time":"2026-03-09T17:12:24+00:00","og_image":[{"width":700,"height":700,"url":"https:\/\/bolting.eu\/wp-content\/uploads\/2020\/02\/Kong-Kletterausruestung-Pflegeoel.jpg","type":"image\/jpeg"}],"twitter_card":"summary_large_image","twitter_misc":{"Price":"&euro;&nbsp;9,90","Availability":"In stock"},"schema":{"@context":"https:\/\/schema.org","@graph":[{"@type":["WebPage","ItemPage"],"@id":"https:\/\/bolting.eu\/en\/shop\/kong-kletterausruestung-pflegeoel\/","url":"https:\/\/bolting.eu\/en\/shop\/kong-kletterausruestung-pflegeoel\/","name":"Kong Kletterausr\u00fcstung Pflege\u00f6l: jetzt online kaufen bei bolting.eu","isPartOf":{"@id":"https:\/\/bolting.eu\/en\/#website"},"primaryImageOfPage":{"@id":"https:\/\/bolting.eu\/en\/shop\/kong-kletterausruestung-pflegeoel\/#primaryimage"},"image":{"@id":"https:\/\/bolting.eu\/en\/shop\/kong-kletterausruestung-pflegeoel\/#primaryimage"},"thumbnailUrl":"https:\/\/bolting.eu\/wp-content\/uploads\/2020\/02\/Kong-Kletterausruestung-Pflegeoel.jpg","datePublished":"2020-02-26T16:06:13+00:00","dateModified":"2026-03-09T17:12:24+00:00","description":"Hier findest du das Kong Kletterausr\u00fcstung Pflege\u00f6l zur Reinigung, Wartung und Pflege von Kletterkarabinern, Friends, Seilrollen und Steigklemmen!","breadcrumb":{"@id":"https:\/\/bolting.eu\/en\/shop\/kong-kletterausruestung-pflegeoel\/#breadcrumb"},"inLanguage":"en-US","potentialAction":[{"@type":"ReadAction","target":["https:\/\/bolting.eu\/en\/shop\/kong-kletterausruestung-pflegeoel\/"]}]},{"@type":"ImageObject","inLanguage":"en-US","@id":"https:\/\/bolting.eu\/en\/shop\/kong-kletterausruestung-pflegeoel\/#primaryimage","url":"https:\/\/bolting.eu\/wp-content\/uploads\/2020\/02\/Kong-Kletterausruestung-Pflegeoel.jpg","contentUrl":"https:\/\/bolting.eu\/wp-content\/uploads\/2020\/02\/Kong-Kletterausruestung-Pflegeoel.jpg","width":700,"height":700,"caption":"DAs Bild zeigt eine Flasche des Kong Kletterausr\u00fcstung Pflege\u00f6l. Die kleine Plastikflasche steht aufrecht in Bildmitte mit einem schwarzen Label mit gelber Schrift."},{"@type":"BreadcrumbList","@id":"https:\/\/bolting.eu\/en\/shop\/kong-kletterausruestung-pflegeoel\/#breadcrumb","itemListElement":[{"@type":"ListItem","position":1,"name":"Shop","item":"https:\/\/bolting.eu\/en\/shop\/"},{"@type":"ListItem","position":2,"name":"climbing equipment","item":"https:\/\/bolting.eu\/en\/produkt-kategorie\/climbing-equipment\/"},{"@type":"ListItem","position":3,"name":"Climbing carabiner","item":"https:\/\/bolting.eu\/en\/produkt-kategorie\/climbing-carabiner\/"},{"@type":"ListItem","position":4,"name":"Kong Kletterausr\u00fcstung Pflege\u00f6l"}]},{"@type":"WebSite","@id":"https:\/\/bolting.eu\/en\/#website","url":"https:\/\/bolting.eu\/en\/","name":"bolting.eu","description":"we make climbs happen","publisher":{"@id":"https:\/\/bolting.eu\/en\/#organization"},"potentialAction":[{"@type":"SearchAction","target":{"@type":"EntryPoint","urlTemplate":"https:\/\/bolting.eu\/en\/?s={search_term_string}"},"query-input":{"@type":"PropertyValueSpecification","valueRequired":true,"valueName":"search_term_string"}}],"inLanguage":"en-US"},{"@type":["Organization","Place","SportingGoodsStore"],"@id":"https:\/\/bolting.eu\/en\/#organization","name":"bolting.eu","url":"https:\/\/bolting.eu\/en\/","logo":{"@id":"https:\/\/bolting.eu\/en\/shop\/kong-kletterausruestung-pflegeoel\/#local-main-organization-logo"},"image":{"@id":"https:\/\/bolting.eu\/en\/shop\/kong-kletterausruestung-pflegeoel\/#local-main-organization-logo"},"sameAs":["https:\/\/www.facebook.com\/bolting.eu","https:\/\/www.instagram.com\/bolting.eu\/"],"address":{"@id":"https:\/\/bolting.eu\/en\/shop\/kong-kletterausruestung-pflegeoel\/#local-main-place-address"},"geo":{"@type":"GeoCoordinates","latitude":"47.264176340396226","longitude":"11.380109057672346"},"telephone":["+43 699 19083372"],"openingHoursSpecification":[{"@type":"OpeningHoursSpecification","dayOfWeek":["Monday","Wednesday","Friday"],"opens":"14:00","closes":"18:00"},{"@type":"OpeningHoursSpecification","dayOfWeek":["Tuesday","Thursday","Saturday","Sunday"],"opens":"00:00","closes":"00:00"}],"email":"office@bolting.eu","vatID":"ATU59999728","priceRange":"$$","currenciesAccepted":"Euro"},{"@type":"PostalAddress","@id":"https:\/\/bolting.eu\/en\/shop\/kong-kletterausruestung-pflegeoel\/#local-main-place-address","streetAddress":"Fischnalerstra\u00dfe 4","addressLocality":"Innsbruck","postalCode":"6020","addressRegion":"Tirol","addressCountry":"AT"},{"@type":"ImageObject","inLanguage":"en-US","@id":"https:\/\/bolting.eu\/en\/shop\/kong-kletterausruestung-pflegeoel\/#local-main-organization-logo","url":"https:\/\/bolting.eu\/wp-content\/uploads\/2019\/09\/bolting-logo.png","contentUrl":"https:\/\/bolting.eu\/wp-content\/uploads\/2019\/09\/bolting-logo.png","width":400,"height":211,"caption":"bolting.eu"}]},"product_price_amount":"9.90","product_price_currency":"EUR","og_availability":"instock","product_availability":"instock","product_retailer_item_id":"953000000KK","product_condition":"new","geo.placename":"Innsbruck","geo.position":{"lat":"47.264176340396226","long":"11.380109057672346"},"geo.region":"Austria"},"_links":{"self":[{"href":"https:\/\/bolting.eu\/en\/wp-json\/wp\/v2\/product\/1515","targetHints":{"allow":["GET"]}}],"collection":[{"href":"https:\/\/bolting.eu\/en\/wp-json\/wp\/v2\/product"}],"about":[{"href":"https:\/\/bolting.eu\/en\/wp-json\/wp\/v2\/types\/product"}],"replies":[{"embeddable":true,"href":"https:\/\/bolting.eu\/en\/wp-json\/wp\/v2\/comments?post=1515"}],"wp:featuredmedia":[{"embeddable":true,"href":"https:\/\/bolting.eu\/en\/wp-json\/wp\/v2\/media\/1516"}],"wp:attachment":[{"href":"https:\/\/bolting.eu\/en\/wp-json\/wp\/v2\/media?parent=1515"}],"wp:term":[{"taxonomy":"product_brand","embeddable":true,"href":"https:\/\/bolting.eu\/en\/wp-json\/wp\/v2\/product_brand?post=1515"},{"taxonomy":"product_cat","embeddable":true,"href":"https:\/\/bolting.eu\/en\/wp-json\/wp\/v2\/product_cat?post=1515"},{"taxonomy":"product_tag","embeddable":true,"href":"https:\/\/bolting.eu\/en\/wp-json\/wp\/v2\/product_tag?post=1515"}],"curies":[{"name":"wp","href":"https:\/\/api.w.org\/{rel}","templated":true}]}}