{"id":1512,"date":"2020-02-26T15:59:32","date_gmt":"2020-02-26T14:59:32","guid":{"rendered":"https:\/\/bolting.eu\/?post_type=product&#038;p=1512"},"modified":"2026-04-10T09:33:46","modified_gmt":"2026-04-10T07:33:46","slug":"hoehlenforscher-hammer-kong-speleagle","status":"publish","type":"product","link":"https:\/\/bolting.eu\/en\/shop\/hoehlenforscher-hammer-kong-speleagle\/","title":{"rendered":"H\u00f6hlenforscher Hammer Kong Speleagle"},"content":{"rendered":"<p>Der H\u00f6hlenforscher Hammer Kong Speleagle ist etwas f\u00fcr Speleologen. Er vervollst\u00e4ndigt jede H\u00f6hlenforscher Ausr\u00fcstung perfekt. Denn erstens hat der innovative Hammer gerade einmal 570 Gramm. Zweitens hat er im Hammerstil einen 13er Schraubenschl\u00fcssel f\u00fcr 8mm Bohrhaken integriert. Zudem weist der Hammerkopf auch noch einen integrierten 17er Schl\u00fcssel auf. Drittens ist der Griff super gummiert. So macht das H\u00e4mmern gleich doppelt Freude!<\/p>\n<p>Fazit. Dieser Hammer sollte Bestandteil einer jeden H\u00f6hlenforscher Ausr\u00fcstung sein!<\/p>\n<h3>Eigenschaften H\u00f6hlenforscher Hammer Kong Speleagle<\/h3>\n<p>Das Produkt hat folgende Eigenschaften:<\/p>\n<ul>\n<li>Gewicht: 590 Gramm<\/li>\n<li>Material: Chrommolybd\u00e4nstahl<\/li>\n<li>gummierter Stahl Schaft<\/li>\n<li>integrierter 13er bzw. 17er Schraubenschl\u00fcssel f\u00fcr M8 und M10 <a href=\"https:\/\/bolting.eu\/produkt-kategorie\/bohrhaken\/\">Bohrhaken<\/a><\/li>\n<li>Fangriemen gegen unabsichtliches Hinunterfallen<\/li>\n<\/ul>\n<h3>Einsatzgebiete H\u00f6hlenforscher Hammer Kong Speleagle<\/h3>\n<p>Der Hammer empfiehlt sich &#8211; nomen es omen &#8211; speziell f\u00fcr die H\u00f6hlenforschung. Als Teil der H\u00f6hlenforscher Ausr\u00fcstung ist er entsprechend leicht und hoch funktionell. Vor allem die integrierten Schraubenschl\u00fcssel Funktionen ersetzen die separaten 13er bzw. 17er Schraubenschl\u00fcssel.<\/p>\n<p>Somit kann man mit dem Hammer:<\/p>\n<ul>\n<li><a href=\"https:\/\/bolting.eu\/bohrhaken-setzen\/\">Bohrhaken setzen<\/a> bzw. nachziehen<\/li>\n<li><a href=\"https:\/\/bolting.eu\/klebehaken-setzen\/\">Klebehaken setzen<\/a><\/li>\n<li>ggf. Handbohren<\/li>\n<\/ul>\n<h3>Hammer ist nicht gleich Hammer!<\/h3>\n<p>Bitte beachtet beim Kauf des H\u00f6hlenforscher Hammer Kong Speleagle. Nicht jeder Hammer ist gleich. Das heisst die jeweiligen Modelle haben teilweise ganz unterschiedliche Anwendungsbereiche. Der Speleagle ist ein spezialierter Hammer f\u00fcr die H\u00f6hlenforschung. Man kann ihn nat\u00fcrlich auch zum Klettern nehmen. Hier ist er besonders bei Erschlie\u00dfern beliebt die <a href=\"https:\/\/bolting.eu\/kletterroute-mit-bohrhaken-einrichten\/\">Kletterrouten mit Bohrhaken einrichten<\/a>.<\/p>\n<p>Wer seinen Felshammer nur selten verwendet ist mit diesem Hammer nicht richtig ausgestattet. Ebenso wenn man sich einen Felshammer nur f\u00fcr den Notfall kauft. Beispielsweise um im Fall des Falles ein paar Abseilstellen mit Felshaken zu verst\u00e4rken. Verwendet dann lieber ein ganz leichtes Modell wie den <a href=\"https:\/\/bolting.eu\/stubai-bergsport\/\">Stubai Bergsport<\/a> Felshammer Rocky oder den Kletter Hammer Thunder von <a href=\"https:\/\/bolting.eu\/climbing-technology\/\">Climbing Technology<\/a>.<\/p>\n<p>Folglich solltet ihr euch beim Felshammer Kauf gut \u00fcberlegen was ihr vorhabt. Es lohnt sich.<\/p>\n<p>Mit dem H\u00f6hlenforscher Hammer Kong Speleagle jedenfalls sind H\u00f6hlenforscher und Erschlie\u00dfer super bedient.<\/p>\n<p>Kurzum. Wer dem Abenteuer der Speleologie zugetan ist findet mit diesem Produkt den idealen Hammer!<\/p>\n<p>Link Tipp: <a href=\"https:\/\/www.kong.it\/de\/2-produzieren\/items\/f18-verankerungspunkte\/p347-speleagle\">zum Hersteller<\/a><\/p>\n<p>&nbsp;<\/p>\n","protected":false},"excerpt":{"rendered":"<p>Spezieller Speleologie &#8211; H\u00f6hlenforschung Hammer mit stimmigen Features wie dem 13mm bzw. 17mm Schraubenschl\u00fcssel und Fangriemen.<\/p>\n<p>Versandkostenfrei bis 2kg in <img decoding=\"async\" class=\"emoji\" role=\"img\" draggable=\"false\" src=\"https:\/\/s.w.org\/images\/core\/emoji\/13.1.0\/svg\/1f1e6-1f1f9.svg\" alt=\"\ud83c\udde6\ud83c\uddf9\" \/> ab \u20ac 100,- und <img decoding=\"async\" class=\"emoji\" role=\"img\" draggable=\"false\" src=\"https:\/\/s.w.org\/images\/core\/emoji\/13.1.0\/svg\/1f1e9-1f1ea.svg\" alt=\"\ud83c\udde9\ud83c\uddea\" \/> ab \u20ac 200,-!<\/p>\n","protected":false},"featured_media":1513,"comment_status":"closed","ping_status":"closed","template":"","meta":[],"product_brand":[],"product_cat":[3828,4651,38],"product_tag":[504,2188,2189],"class_list":{"0":"post-1512","1":"product","2":"type-product","3":"status-publish","4":"has-post-thumbnail","6":"product_cat-hoehlenforscher-ausruestung","7":"product_cat-kong","8":"product_cat-felshammer","9":"product_tag-hoehlenforschung","10":"product_tag-hoehlenrettung","11":"product_tag-speleologie","13":"first","14":"instock","15":"sale","16":"taxable","17":"shipping-taxable","18":"purchasable","19":"product-type-simple"},"yoast_head":"<!-- This site is optimized with the Yoast SEO Premium plugin v26.9 (Yoast SEO v26.9) - https:\/\/yoast.com\/product\/yoast-seo-premium-wordpress\/ -->\n<title>H\u00f6hlenforscher Hammer Kong Speleagle : jetzt online kaufen bei bolting.eu<\/title>\n<meta name=\"description\" content=\"Hier findest Du den H\u00d6HLENFORSCHER HAMMER KONG SPELEAGLE. Ein perfekter Felshammer f\u00fcr die Speleologie der inkeiner H\u00f6hlenforscher Ausr\u00fcstung fehlen darf!\" \/>\n<meta name=\"robots\" content=\"index, follow, max-snippet:-1, max-image-preview:large, max-video-preview:-1\" \/>\n<link rel=\"canonical\" href=\"https:\/\/bolting.eu\/en\/shop\/hoehlenforscher-hammer-kong-speleagle\/\" \/>\n<meta property=\"og:locale\" content=\"en_US\" \/>\n<meta property=\"og:type\" content=\"article\" \/>\n<meta property=\"og:title\" content=\"H\u00f6hlenforscher Hammer Kong Speleagle\" \/>\n<meta property=\"og:description\" content=\"Hier findest Du den H\u00d6HLENFORSCHER HAMMER KONG SPELEAGLE. Ein perfekter Felshammer f\u00fcr die Speleologie der inkeiner H\u00f6hlenforscher Ausr\u00fcstung fehlen darf!\" \/>\n<meta property=\"og:url\" content=\"https:\/\/bolting.eu\/en\/shop\/hoehlenforscher-hammer-kong-speleagle\/\" \/>\n<meta property=\"og:site_name\" content=\"bolting.eu\" \/>\n<meta property=\"article:publisher\" content=\"https:\/\/www.facebook.com\/bolting.eu\" \/>\n<meta property=\"article:modified_time\" content=\"2026-04-10T07:33:46+00:00\" \/>\n<meta property=\"og:image\" content=\"https:\/\/bolting.eu\/wp-content\/uploads\/2020\/02\/Hoehlenforscher-Hammer-Kong-Speleagle.jpg\" \/>\n\t<meta property=\"og:image:width\" content=\"700\" \/>\n\t<meta property=\"og:image:height\" content=\"700\" \/>\n\t<meta property=\"og:image:type\" content=\"image\/jpeg\" \/>\n<meta name=\"twitter:card\" content=\"summary_large_image\" \/>\n<meta name=\"twitter:label1\" content=\"Price\" \/>\n\t<meta name=\"twitter:data1\" content=\"&euro;&nbsp;67,50\" \/>\n\t<meta name=\"twitter:label2\" content=\"Availability\" \/>\n\t<meta name=\"twitter:data2\" content=\"In stock\" \/>\n<script type=\"application\/ld+json\" class=\"yoast-schema-graph\">{\"@context\":\"https:\/\/schema.org\",\"@graph\":[{\"@type\":[\"WebPage\",\"ItemPage\"],\"@id\":\"https:\/\/bolting.eu\/en\/shop\/hoehlenforscher-hammer-kong-speleagle\/\",\"url\":\"https:\/\/bolting.eu\/en\/shop\/hoehlenforscher-hammer-kong-speleagle\/\",\"name\":\"H\u00f6hlenforscher Hammer Kong Speleagle : jetzt online kaufen bei bolting.eu\",\"isPartOf\":{\"@id\":\"https:\/\/bolting.eu\/en\/#website\"},\"primaryImageOfPage\":{\"@id\":\"https:\/\/bolting.eu\/en\/shop\/hoehlenforscher-hammer-kong-speleagle\/#primaryimage\"},\"image\":{\"@id\":\"https:\/\/bolting.eu\/en\/shop\/hoehlenforscher-hammer-kong-speleagle\/#primaryimage\"},\"thumbnailUrl\":\"https:\/\/bolting.eu\/wp-content\/uploads\/2020\/02\/Hoehlenforscher-Hammer-Kong-Speleagle.jpg\",\"datePublished\":\"2020-02-26T14:59:32+00:00\",\"dateModified\":\"2026-04-10T07:33:46+00:00\",\"description\":\"Hier findest Du den H\u00d6HLENFORSCHER HAMMER KONG SPELEAGLE. Ein perfekter Felshammer f\u00fcr die Speleologie der inkeiner H\u00f6hlenforscher Ausr\u00fcstung fehlen darf!\",\"breadcrumb\":{\"@id\":\"https:\/\/bolting.eu\/en\/shop\/hoehlenforscher-hammer-kong-speleagle\/#breadcrumb\"},\"inLanguage\":\"en-US\",\"potentialAction\":[{\"@type\":\"ReadAction\",\"target\":[\"https:\/\/bolting.eu\/en\/shop\/hoehlenforscher-hammer-kong-speleagle\/\"]}]},{\"@type\":\"ImageObject\",\"inLanguage\":\"en-US\",\"@id\":\"https:\/\/bolting.eu\/en\/shop\/hoehlenforscher-hammer-kong-speleagle\/#primaryimage\",\"url\":\"https:\/\/bolting.eu\/wp-content\/uploads\/2020\/02\/Hoehlenforscher-Hammer-Kong-Speleagle.jpg\",\"contentUrl\":\"https:\/\/bolting.eu\/wp-content\/uploads\/2020\/02\/Hoehlenforscher-Hammer-Kong-Speleagle.jpg\",\"width\":700,\"height\":700,\"caption\":\"Das Bild zeigt den H\u00f6hlenforscher Hammer Kong Speleagle in einem wei\u00dfem Quadrat. Der Schwarze Hammer mit gelbem Schaft steht aufrecht im Bild.\"},{\"@type\":\"BreadcrumbList\",\"@id\":\"https:\/\/bolting.eu\/en\/shop\/hoehlenforscher-hammer-kong-speleagle\/#breadcrumb\",\"itemListElement\":[{\"@type\":\"ListItem\",\"position\":1,\"name\":\"Shop\",\"item\":\"https:\/\/bolting.eu\/en\/shop\/\"},{\"@type\":\"ListItem\",\"position\":2,\"name\":\"bolting products\",\"item\":\"https:\/\/bolting.eu\/en\/produkt-kategorie\/bolting-products\/\"},{\"@type\":\"ListItem\",\"position\":3,\"name\":\"Rock hammer\",\"item\":\"https:\/\/bolting.eu\/en\/produkt-kategorie\/rock-hammer\/\"},{\"@type\":\"ListItem\",\"position\":4,\"name\":\"H\u00f6hlenforscher Hammer Kong Speleagle\"}]},{\"@type\":\"WebSite\",\"@id\":\"https:\/\/bolting.eu\/en\/#website\",\"url\":\"https:\/\/bolting.eu\/en\/\",\"name\":\"bolting.eu\",\"description\":\"we make climbs happen\",\"publisher\":{\"@id\":\"https:\/\/bolting.eu\/en\/#organization\"},\"potentialAction\":[{\"@type\":\"SearchAction\",\"target\":{\"@type\":\"EntryPoint\",\"urlTemplate\":\"https:\/\/bolting.eu\/en\/?s={search_term_string}\"},\"query-input\":{\"@type\":\"PropertyValueSpecification\",\"valueRequired\":true,\"valueName\":\"search_term_string\"}}],\"inLanguage\":\"en-US\"},{\"@type\":[\"Organization\",\"Place\",\"SportingGoodsStore\"],\"@id\":\"https:\/\/bolting.eu\/en\/#organization\",\"name\":\"bolting.eu\",\"url\":\"https:\/\/bolting.eu\/en\/\",\"logo\":{\"@id\":\"https:\/\/bolting.eu\/en\/shop\/hoehlenforscher-hammer-kong-speleagle\/#local-main-organization-logo\"},\"image\":{\"@id\":\"https:\/\/bolting.eu\/en\/shop\/hoehlenforscher-hammer-kong-speleagle\/#local-main-organization-logo\"},\"sameAs\":[\"https:\/\/www.facebook.com\/bolting.eu\",\"https:\/\/www.instagram.com\/bolting.eu\/\"],\"address\":{\"@id\":\"https:\/\/bolting.eu\/en\/shop\/hoehlenforscher-hammer-kong-speleagle\/#local-main-place-address\"},\"geo\":{\"@type\":\"GeoCoordinates\",\"latitude\":\"47.264176340396226\",\"longitude\":\"11.380109057672346\"},\"telephone\":[\"+43 699 19083372\"],\"openingHoursSpecification\":[{\"@type\":\"OpeningHoursSpecification\",\"dayOfWeek\":[\"Monday\",\"Wednesday\",\"Friday\"],\"opens\":\"14:00\",\"closes\":\"18:00\"},{\"@type\":\"OpeningHoursSpecification\",\"dayOfWeek\":[\"Tuesday\",\"Thursday\",\"Saturday\",\"Sunday\"],\"opens\":\"00:00\",\"closes\":\"00:00\"}],\"email\":\"office@bolting.eu\",\"vatID\":\"ATU59999728\",\"priceRange\":\"$$\",\"currenciesAccepted\":\"Euro\"},{\"@type\":\"PostalAddress\",\"@id\":\"https:\/\/bolting.eu\/en\/shop\/hoehlenforscher-hammer-kong-speleagle\/#local-main-place-address\",\"streetAddress\":\"Fischnalerstra\u00dfe 4\",\"addressLocality\":\"Innsbruck\",\"postalCode\":\"6020\",\"addressRegion\":\"Tirol\",\"addressCountry\":\"AT\"},{\"@type\":\"ImageObject\",\"inLanguage\":\"en-US\",\"@id\":\"https:\/\/bolting.eu\/en\/shop\/hoehlenforscher-hammer-kong-speleagle\/#local-main-organization-logo\",\"url\":\"https:\/\/bolting.eu\/wp-content\/uploads\/2019\/09\/bolting-logo.png\",\"contentUrl\":\"https:\/\/bolting.eu\/wp-content\/uploads\/2019\/09\/bolting-logo.png\",\"width\":400,\"height\":211,\"caption\":\"bolting.eu\"}]}<\/script>\n<meta property=\"product:price:amount\" content=\"67.50\" \/>\n<meta property=\"product:price:currency\" content=\"EUR\" \/>\n<meta property=\"og:availability\" content=\"instock\" \/>\n<meta property=\"product:availability\" content=\"instock\" \/>\n<meta property=\"product:retailer_item_id\" content=\"998100000KK\" \/>\n<meta property=\"product:condition\" content=\"new\" \/>\n<meta name=\"geo.placename\" content=\"Innsbruck\" \/>\n<meta name=\"geo.position\" content=\"47.264176340396226;11.380109057672346\" \/>\n<meta name=\"geo.region\" content=\"Austria\" \/>\n<!-- \/ Yoast SEO Premium plugin. -->","yoast_head_json":{"title":"H\u00f6hlenforscher Hammer Kong Speleagle : jetzt online kaufen bei bolting.eu","description":"Hier findest Du den H\u00d6HLENFORSCHER HAMMER KONG SPELEAGLE. Ein perfekter Felshammer f\u00fcr die Speleologie der inkeiner H\u00f6hlenforscher Ausr\u00fcstung fehlen darf!","robots":{"index":"index","follow":"follow","max-snippet":"max-snippet:-1","max-image-preview":"max-image-preview:large","max-video-preview":"max-video-preview:-1"},"canonical":"https:\/\/bolting.eu\/en\/shop\/hoehlenforscher-hammer-kong-speleagle\/","og_locale":"en_US","og_type":"article","og_title":"H\u00f6hlenforscher Hammer Kong Speleagle","og_description":"Hier findest Du den H\u00d6HLENFORSCHER HAMMER KONG SPELEAGLE. Ein perfekter Felshammer f\u00fcr die Speleologie der inkeiner H\u00f6hlenforscher Ausr\u00fcstung fehlen darf!","og_url":"https:\/\/bolting.eu\/en\/shop\/hoehlenforscher-hammer-kong-speleagle\/","og_site_name":"bolting.eu","article_publisher":"https:\/\/www.facebook.com\/bolting.eu","article_modified_time":"2026-04-10T07:33:46+00:00","og_image":[{"width":700,"height":700,"url":"https:\/\/bolting.eu\/wp-content\/uploads\/2020\/02\/Hoehlenforscher-Hammer-Kong-Speleagle.jpg","type":"image\/jpeg"}],"twitter_card":"summary_large_image","twitter_misc":{"Price":"&euro;&nbsp;67,50","Availability":"In stock"},"schema":{"@context":"https:\/\/schema.org","@graph":[{"@type":["WebPage","ItemPage"],"@id":"https:\/\/bolting.eu\/en\/shop\/hoehlenforscher-hammer-kong-speleagle\/","url":"https:\/\/bolting.eu\/en\/shop\/hoehlenforscher-hammer-kong-speleagle\/","name":"H\u00f6hlenforscher Hammer Kong Speleagle : jetzt online kaufen bei bolting.eu","isPartOf":{"@id":"https:\/\/bolting.eu\/en\/#website"},"primaryImageOfPage":{"@id":"https:\/\/bolting.eu\/en\/shop\/hoehlenforscher-hammer-kong-speleagle\/#primaryimage"},"image":{"@id":"https:\/\/bolting.eu\/en\/shop\/hoehlenforscher-hammer-kong-speleagle\/#primaryimage"},"thumbnailUrl":"https:\/\/bolting.eu\/wp-content\/uploads\/2020\/02\/Hoehlenforscher-Hammer-Kong-Speleagle.jpg","datePublished":"2020-02-26T14:59:32+00:00","dateModified":"2026-04-10T07:33:46+00:00","description":"Hier findest Du den H\u00d6HLENFORSCHER HAMMER KONG SPELEAGLE. Ein perfekter Felshammer f\u00fcr die Speleologie der inkeiner H\u00f6hlenforscher Ausr\u00fcstung fehlen darf!","breadcrumb":{"@id":"https:\/\/bolting.eu\/en\/shop\/hoehlenforscher-hammer-kong-speleagle\/#breadcrumb"},"inLanguage":"en-US","potentialAction":[{"@type":"ReadAction","target":["https:\/\/bolting.eu\/en\/shop\/hoehlenforscher-hammer-kong-speleagle\/"]}]},{"@type":"ImageObject","inLanguage":"en-US","@id":"https:\/\/bolting.eu\/en\/shop\/hoehlenforscher-hammer-kong-speleagle\/#primaryimage","url":"https:\/\/bolting.eu\/wp-content\/uploads\/2020\/02\/Hoehlenforscher-Hammer-Kong-Speleagle.jpg","contentUrl":"https:\/\/bolting.eu\/wp-content\/uploads\/2020\/02\/Hoehlenforscher-Hammer-Kong-Speleagle.jpg","width":700,"height":700,"caption":"Das Bild zeigt den H\u00f6hlenforscher Hammer Kong Speleagle in einem wei\u00dfem Quadrat. Der Schwarze Hammer mit gelbem Schaft steht aufrecht im Bild."},{"@type":"BreadcrumbList","@id":"https:\/\/bolting.eu\/en\/shop\/hoehlenforscher-hammer-kong-speleagle\/#breadcrumb","itemListElement":[{"@type":"ListItem","position":1,"name":"Shop","item":"https:\/\/bolting.eu\/en\/shop\/"},{"@type":"ListItem","position":2,"name":"bolting products","item":"https:\/\/bolting.eu\/en\/produkt-kategorie\/bolting-products\/"},{"@type":"ListItem","position":3,"name":"Rock hammer","item":"https:\/\/bolting.eu\/en\/produkt-kategorie\/rock-hammer\/"},{"@type":"ListItem","position":4,"name":"H\u00f6hlenforscher Hammer Kong Speleagle"}]},{"@type":"WebSite","@id":"https:\/\/bolting.eu\/en\/#website","url":"https:\/\/bolting.eu\/en\/","name":"bolting.eu","description":"we make climbs happen","publisher":{"@id":"https:\/\/bolting.eu\/en\/#organization"},"potentialAction":[{"@type":"SearchAction","target":{"@type":"EntryPoint","urlTemplate":"https:\/\/bolting.eu\/en\/?s={search_term_string}"},"query-input":{"@type":"PropertyValueSpecification","valueRequired":true,"valueName":"search_term_string"}}],"inLanguage":"en-US"},{"@type":["Organization","Place","SportingGoodsStore"],"@id":"https:\/\/bolting.eu\/en\/#organization","name":"bolting.eu","url":"https:\/\/bolting.eu\/en\/","logo":{"@id":"https:\/\/bolting.eu\/en\/shop\/hoehlenforscher-hammer-kong-speleagle\/#local-main-organization-logo"},"image":{"@id":"https:\/\/bolting.eu\/en\/shop\/hoehlenforscher-hammer-kong-speleagle\/#local-main-organization-logo"},"sameAs":["https:\/\/www.facebook.com\/bolting.eu","https:\/\/www.instagram.com\/bolting.eu\/"],"address":{"@id":"https:\/\/bolting.eu\/en\/shop\/hoehlenforscher-hammer-kong-speleagle\/#local-main-place-address"},"geo":{"@type":"GeoCoordinates","latitude":"47.264176340396226","longitude":"11.380109057672346"},"telephone":["+43 699 19083372"],"openingHoursSpecification":[{"@type":"OpeningHoursSpecification","dayOfWeek":["Monday","Wednesday","Friday"],"opens":"14:00","closes":"18:00"},{"@type":"OpeningHoursSpecification","dayOfWeek":["Tuesday","Thursday","Saturday","Sunday"],"opens":"00:00","closes":"00:00"}],"email":"office@bolting.eu","vatID":"ATU59999728","priceRange":"$$","currenciesAccepted":"Euro"},{"@type":"PostalAddress","@id":"https:\/\/bolting.eu\/en\/shop\/hoehlenforscher-hammer-kong-speleagle\/#local-main-place-address","streetAddress":"Fischnalerstra\u00dfe 4","addressLocality":"Innsbruck","postalCode":"6020","addressRegion":"Tirol","addressCountry":"AT"},{"@type":"ImageObject","inLanguage":"en-US","@id":"https:\/\/bolting.eu\/en\/shop\/hoehlenforscher-hammer-kong-speleagle\/#local-main-organization-logo","url":"https:\/\/bolting.eu\/wp-content\/uploads\/2019\/09\/bolting-logo.png","contentUrl":"https:\/\/bolting.eu\/wp-content\/uploads\/2019\/09\/bolting-logo.png","width":400,"height":211,"caption":"bolting.eu"}]},"product_price_amount":"67.50","product_price_currency":"EUR","og_availability":"instock","product_availability":"instock","product_retailer_item_id":"998100000KK","product_condition":"new","geo.placename":"Innsbruck","geo.position":{"lat":"47.264176340396226","long":"11.380109057672346"},"geo.region":"Austria"},"_links":{"self":[{"href":"https:\/\/bolting.eu\/en\/wp-json\/wp\/v2\/product\/1512","targetHints":{"allow":["GET"]}}],"collection":[{"href":"https:\/\/bolting.eu\/en\/wp-json\/wp\/v2\/product"}],"about":[{"href":"https:\/\/bolting.eu\/en\/wp-json\/wp\/v2\/types\/product"}],"replies":[{"embeddable":true,"href":"https:\/\/bolting.eu\/en\/wp-json\/wp\/v2\/comments?post=1512"}],"wp:featuredmedia":[{"embeddable":true,"href":"https:\/\/bolting.eu\/en\/wp-json\/wp\/v2\/media\/1513"}],"wp:attachment":[{"href":"https:\/\/bolting.eu\/en\/wp-json\/wp\/v2\/media?parent=1512"}],"wp:term":[{"taxonomy":"product_brand","embeddable":true,"href":"https:\/\/bolting.eu\/en\/wp-json\/wp\/v2\/product_brand?post=1512"},{"taxonomy":"product_cat","embeddable":true,"href":"https:\/\/bolting.eu\/en\/wp-json\/wp\/v2\/product_cat?post=1512"},{"taxonomy":"product_tag","embeddable":true,"href":"https:\/\/bolting.eu\/en\/wp-json\/wp\/v2\/product_tag?post=1512"}],"curies":[{"name":"wp","href":"https:\/\/api.w.org\/{rel}","templated":true}]}}