{"id":15113,"date":"2023-02-15T13:21:20","date_gmt":"2023-02-15T12:21:20","guid":{"rendered":"https:\/\/bolting.eu\/?post_type=product&#038;p=15113"},"modified":"2026-01-14T17:18:41","modified_gmt":"2026-01-14T16:18:41","slug":"petzl-swift-rl-stirnlampe","status":"publish","type":"product","link":"https:\/\/bolting.eu\/en\/shop\/petzl-swift-rl-stirnlampe\/","title":{"rendered":"Petzl Swift RL Stirnlampe"},"content":{"rendered":"<p>Die Petzl Swift RL ist eine leistungsstarke und aufladbare Stirnlampe. Sie ist zudem mit der Reactive Lighting \u00ae Technologie ausgestattet und bringt 900 Lumen Lichtst\u00e4rke.<\/p>\n<p>Bei nur 100 Gramm (!!!) Gewicht ist dieses Modell die leistungsst\u00e4rkste Kompaktlampe von Petzl. Folglich verwenden dieses Produkt vor allem Kletterer, Alpinisten und Trail Runner.<\/p>\n<p>Kurzum. Wer maximale Lichtst\u00e4rke bei geringstem Gewicht sucht, der ist hier richtig! Darf in keiner <a href=\"https:\/\/bolting.eu\/kletterausruestung\/\">Kletterausr\u00fcstung<\/a> fehlen wenn man vor allem Alpin unterwegs ist!<\/p>\n<h2>Eigenschaften Petzl Swift RL<\/h2>\n<ul>\n<li>Hersteller: <a href=\"https:\/\/bolting.eu\/produkt-kategorie\/petzl\/\">Petzl<\/a><\/li>\n<li>Gewicht: 100 Gramm<\/li>\n<li>Farbe: orange<\/li>\n<li>Lichtst\u00e4rke: 900 Lumen<\/li>\n<li>Reactive Lighting \u00ae Technologie &#8211; passt sich Umgebungshelligkeit an<\/li>\n<li>ein kombinierter Lichtkegel f\u00fcr Nah-, Mittel- und Fernsicht<\/li>\n<li>aufladbar mittels Micro USB<\/li>\n<li>Ladezeit 2350 mAh Akku ca. 6 Stunden<\/li>\n<li>garantierte Leuchtdauer 5 Stunden auf Standard Stufe<\/li>\n<li>LED Anzeige zu Akkustand (5 Stufen)<\/li>\n<li>sehr einfache Handhabung mit nur 1 Schalter<\/li>\n<li>On \/ Off, Leuchtmodus, Leuchtst\u00e4rke, Verriegelung<\/li>\n<li>Umschaltbar von Reactive Lighting oder Standard Lighting<\/li>\n<li>Lock Funktion verhindert unabsichtliches Einschalten<\/li>\n<li>IPX4 Wasserdichtheit Standard (wetterfest)<\/li>\n<li>verstellbares Kopfband waschbar<\/li>\n<li>reflektierendes Element auf R\u00fcckseite<\/li>\n<li><a href=\"https:\/\/www.petzl.com\/sfc\/servlet.shepherd\/version\/download\/06868000001ksTiAAI\" target=\"_blank\" rel=\"noopener\">Bedienungsanleitung<\/a><\/li>\n<\/ul>\n<h3>Produktvideo<\/h3>\n<p>Im Folgenden Video stellt euch Petzl die Swift RL selber nochmals genau vor. Was sch\u00f6n heraus kommt. Wie einfach und intuitiv diese Stirnlampe zu bedienen ist.<\/p>\n<p><iframe loading=\"lazy\" title=\"SWIFT RL - Kompakte, extrem leistungsstarke, aufladbare Stirnlampe mit mehreren Lichtkegeln und REACTIVE LIGHTING Technologie.\" src=\"https:\/\/player.vimeo.com\/video\/326525980?dnt=1&amp;app_id=122963\" width=\"1020\" height=\"574\" frameborder=\"0\" allow=\"autoplay; fullscreen; picture-in-picture; clipboard-write\"><\/iframe><\/p>\n<p>&nbsp;<\/p>\n<h3>Reactive Lighting \u00ae Technologie<\/h3>\n<p>Diese Technologie ist so einfach wie genial zugleich. Denn bei der Swift RL passt sich in diesem Modus die Leuchtkraft der Umgebungshelligkeit an. Das geschieht automatisch und optimiert somit die Akku Laufzeit.<\/p>\n<p>Zudem erkennt der Sensor der Lampe, ob man Nahsicht oder Fernsicht ben\u00f6tigt. Somit adaptiert dieses Modell auch den Lichtkegel.<\/p>\n<p>Mit dem 2350 mAh Akku garantiert der Hersteller eine Mindest Leuchtdauer von fast 6 Stunden bei der Stufe &#8220;Standard&#8221;.<\/p>\n<h3>Leistungsprofil Swift RL<\/h3>\n<p>In der folgenden \u00dcbersicht seht ihr die Leuchtwerte \/ Zeitdauern f\u00fcr diese Stirnlampe.<\/p>\n<table class=\"biggerTable\">\n<tbody>\n<tr>\n<td colspan=\"7\" rowspan=\"1\" align=\"center\"><strong>Leuchtleistungen nach dem ANSI\/PLATO FL 1 Standard<\/strong><\/td>\n<\/tr>\n<tr>\n<td class=\"headerCell\" colspan=\"1\" rowspan=\"1\" align=\"center\"><strong>Technologie<\/strong><\/td>\n<td class=\"headerCell\" colspan=\"1\" rowspan=\"1\" align=\"center\"><strong>Lichtfarbe<\/strong><\/td>\n<td class=\"headerCell\" colspan=\"1\" rowspan=\"1\" align=\"center\"><strong>Leuchtstufen<\/strong><\/td>\n<td class=\"headerCell\" colspan=\"1\" rowspan=\"1\" align=\"center\"><strong>Lichtmenge<\/strong><\/td>\n<td class=\"headerCell\" colspan=\"1\" rowspan=\"1\" align=\"center\"><strong>Leuchtweite<\/strong><\/td>\n<td class=\"headerCell\" colspan=\"1\" rowspan=\"1\" align=\"center\"><strong>Leuchtdauer<\/strong><\/td>\n<td class=\"headerCell\" colspan=\"1\" rowspan=\"1\" align=\"center\"><strong>Reservelicht<\/strong><\/td>\n<\/tr>\n<tr>\n<td colspan=\"1\" rowspan=\"3\" align=\"center\"><strong>REACTIVE <\/strong><\/p>\n<p><strong>LIGHTING\u00ae<\/strong><\/td>\n<td colspan=\"1\" rowspan=\"6\" align=\"center\">wei\u00df<\/td>\n<td colspan=\"1\" rowspan=\"1\" align=\"center\">MAX BURN TIME<\/td>\n<td colspan=\"1\" rowspan=\"1\" align=\"center\">100 lm<\/td>\n<td colspan=\"1\" rowspan=\"1\" align=\"center\">35 m<\/td>\n<td colspan=\"1\" rowspan=\"1\" align=\"center\">10 bis 50 Std.<\/td>\n<td colspan=\"1\" rowspan=\"1\" align=\"center\">10 lm w\u00e4hrend<br \/>\n2 Std.<\/td>\n<\/tr>\n<tr>\n<td colspan=\"1\" rowspan=\"1\" align=\"center\">STANDARD<\/td>\n<td colspan=\"1\" rowspan=\"1\" align=\"center\">300 lm<\/td>\n<td colspan=\"1\" rowspan=\"1\" align=\"center\">55 m<\/td>\n<td colspan=\"1\" rowspan=\"1\" align=\"center\">5 bis 40 Std.<\/td>\n<td colspan=\"1\" rowspan=\"2\" align=\"center\">15 lm w\u00e4hrend<br \/>\n2 Std.<\/td>\n<\/tr>\n<tr>\n<td colspan=\"1\" rowspan=\"1\" align=\"center\">MAX POWER<\/td>\n<td colspan=\"1\" rowspan=\"1\" align=\"center\">900 lm<\/td>\n<td colspan=\"1\" rowspan=\"1\" align=\"center\">150 m<\/td>\n<td colspan=\"1\" rowspan=\"1\" align=\"center\">2 bis 30 Std.<\/td>\n<\/tr>\n<tr>\n<td colspan=\"1\" rowspan=\"3\" align=\"center\"><strong>STANDARD <\/strong><\/p>\n<p><strong>LIGHTING<\/strong><\/td>\n<td colspan=\"1\" rowspan=\"1\" align=\"center\">MAX BURN TIME<\/td>\n<td colspan=\"1\" rowspan=\"1\" align=\"center\">10 lm<\/td>\n<td colspan=\"1\" rowspan=\"1\" align=\"center\">12 m<\/td>\n<td colspan=\"1\" rowspan=\"1\" align=\"center\">100 Std.<\/td>\n<td colspan=\"1\" rowspan=\"1\" align=\"center\">10 lm w\u00e4hrend<br \/>\n2 Std.<\/td>\n<\/tr>\n<tr>\n<td colspan=\"1\" rowspan=\"1\" align=\"center\">STANDARD<\/td>\n<td colspan=\"1\" rowspan=\"1\" align=\"center\">200 lm<\/td>\n<td colspan=\"1\" rowspan=\"1\" align=\"center\">55 m<\/td>\n<td colspan=\"1\" rowspan=\"1\" align=\"center\">5 Std.<\/td>\n<td colspan=\"1\" rowspan=\"2\" align=\"center\">15 lm w\u00e4hrend<br \/>\n2 Std.<\/td>\n<\/tr>\n<\/tbody>\n<\/table>\n<p>&nbsp;<\/p>\n<h3>Klasse Kopfband<\/h3>\n<p>Diese Stirnlampe hat auch ein extrem durchdachtes Kopfband.<\/p>\n<p>Denn erstens ist es abnehmbar und waschbar. Jeder der viel schwitzt, wei\u00df das extrem zu sch\u00e4tzen. Zweitens ist der gesamte r\u00fcckw\u00e4rtige Bereich aus reflektierendem Material. Folglich ist man sehr leicht zu erkennen, wenn man angestrahlt wird.<\/p>\n<p>Und drittens ist das Band am Hinterkopf zweigeteilt. Somit h\u00e4lt die Petzl Swift RL auch super gut wenn man l\u00e4uft oder sehr oft auf und ab schauen muss.<\/p>\n<figure id=\"attachment_15117\" aria-describedby=\"caption-attachment-15117\" style=\"width: 400px\" class=\"wp-caption alignnone\"><a href=\"https:\/\/bolting.eu\/wp-content\/uploads\/2023\/02\/Petzl-Swift-RL-3.jpg\"><img loading=\"lazy\" decoding=\"async\" class=\"wp-image-15117 size-medium\" src=\"https:\/\/bolting.eu\/wp-content\/uploads\/2023\/02\/Petzl-Swift-RL-3-400x400.jpg\" alt=\"Orange - graues Kopfband der Petzl Swift RL Stirnlampe.\" width=\"400\" height=\"400\" srcset=\"https:\/\/bolting.eu\/wp-content\/uploads\/2023\/02\/Petzl-Swift-RL-3-400x400.jpg 400w, https:\/\/bolting.eu\/wp-content\/uploads\/2023\/02\/Petzl-Swift-RL-3-247x247.jpg 247w, https:\/\/bolting.eu\/wp-content\/uploads\/2023\/02\/Petzl-Swift-RL-3-100x100.jpg 100w, https:\/\/bolting.eu\/wp-content\/uploads\/2023\/02\/Petzl-Swift-RL-3-510x510.jpg 510w, https:\/\/bolting.eu\/wp-content\/uploads\/2023\/02\/Petzl-Swift-RL-3-280x280.jpg 280w, https:\/\/bolting.eu\/wp-content\/uploads\/2023\/02\/Petzl-Swift-RL-3-300x300.jpg 300w, https:\/\/bolting.eu\/wp-content\/uploads\/2023\/02\/Petzl-Swift-RL-3-600x600.jpg 600w, https:\/\/bolting.eu\/wp-content\/uploads\/2023\/02\/Petzl-Swift-RL-3.jpg 700w\" sizes=\"auto, (max-width: 400px) 100vw, 400px\" \/><\/a><figcaption id=\"caption-attachment-15117\" class=\"wp-caption-text\">Das zweiteilige Kopfband sorgt f\u00fcr idealen Halt!<\/figcaption><\/figure>\n","protected":false},"excerpt":{"rendered":"<p>Extrem leichte Stirnlampe mit nur 100 Gramm aber 900 Lumen (!) Leuchtkraft. 2350 mAh Akku aufladbar mit Micro USB.<\/p>\n<p>Mit der Reactive Lighting \u00ae Technologie passt sich die Leuchtkraft der Umgebungshelligkeit automatisch an.<\/p>\n<p>Versandkostenfrei bis 2kg in <img decoding=\"async\" class=\"emoji\" role=\"img\" draggable=\"false\" src=\"https:\/\/s.w.org\/images\/core\/emoji\/13.1.0\/svg\/1f1e6-1f1f9.svg\" alt=\"\ud83c\udde6\ud83c\uddf9\" \/> ab \u20ac 100,- und <img decoding=\"async\" class=\"emoji\" role=\"img\" draggable=\"false\" src=\"https:\/\/s.w.org\/images\/core\/emoji\/13.1.0\/svg\/1f1e9-1f1ea.svg\" alt=\"\ud83c\udde9\ud83c\uddea\" \/> ab \u20ac 200,-!<\/p>\n","protected":false},"featured_media":15116,"comment_status":"closed","ping_status":"closed","template":"","meta":[],"product_brand":[],"product_cat":[29,14483,5061,6357,14093],"product_tag":[],"class_list":{"0":"post-15113","1":"product","2":"type-product","3":"status-publish","4":"has-post-thumbnail","6":"product_cat-kletterausruestung","7":"product_cat-petzl-stirnlampen","8":"product_cat-kletterzubehoer","9":"product_cat-boulder-zubehoer","10":"product_cat-petzl","12":"first","13":"outofstock","14":"taxable","15":"shipping-taxable","16":"purchasable","17":"product-type-simple"},"yoast_head":"<!-- This site is optimized with the Yoast SEO Premium plugin v26.9 (Yoast SEO v26.9) - https:\/\/yoast.com\/product\/yoast-seo-premium-wordpress\/ -->\n<title>Petzl Swift RL Stirnlampe mit Reactive Lighting \u00ae | bolting.eu<\/title>\n<meta name=\"description\" content=\"Petzl Swift RL Stirnlampe beim Kletterprofi aus Innsbruck kaufen \u2705 kostenloser Versand* \u2705 14 Tage R\u00fcckgaberecht \u2705 Co2 neutraler Versand\" \/>\n<meta name=\"robots\" content=\"index, follow, max-snippet:-1, max-image-preview:large, max-video-preview:-1\" \/>\n<link rel=\"canonical\" href=\"https:\/\/bolting.eu\/en\/shop\/petzl-swift-rl-stirnlampe\/\" \/>\n<meta property=\"og:locale\" content=\"en_US\" \/>\n<meta property=\"og:type\" content=\"article\" \/>\n<meta property=\"og:title\" content=\"Petzl Swift RL Stirnlampe\" \/>\n<meta property=\"og:description\" content=\"Petzl Swift RL Stirnlampe beim Kletterprofi aus Innsbruck kaufen \u2705 kostenloser Versand* \u2705 14 Tage R\u00fcckgaberecht \u2705 Co2 neutraler Versand\" \/>\n<meta property=\"og:url\" content=\"https:\/\/bolting.eu\/en\/shop\/petzl-swift-rl-stirnlampe\/\" \/>\n<meta property=\"og:site_name\" content=\"bolting.eu\" \/>\n<meta property=\"article:publisher\" content=\"https:\/\/www.facebook.com\/bolting.eu\" \/>\n<meta property=\"article:modified_time\" content=\"2026-01-14T16:18:41+00:00\" \/>\n<meta property=\"og:image\" content=\"https:\/\/bolting.eu\/wp-content\/uploads\/2023\/02\/Petzl-Swift-RL-4.jpg\" \/>\n\t<meta property=\"og:image:width\" content=\"700\" \/>\n\t<meta property=\"og:image:height\" content=\"700\" \/>\n\t<meta property=\"og:image:type\" content=\"image\/jpeg\" \/>\n<meta name=\"twitter:card\" content=\"summary_large_image\" \/>\n<meta name=\"twitter:label1\" content=\"Price\" \/>\n\t<meta name=\"twitter:data1\" content=\"&euro;&nbsp;125,00\" \/>\n\t<meta name=\"twitter:label2\" content=\"Availability\" \/>\n\t<meta name=\"twitter:data2\" content=\"Out of stock\" \/>\n<script type=\"application\/ld+json\" class=\"yoast-schema-graph\">{\"@context\":\"https:\/\/schema.org\",\"@graph\":[{\"@type\":[\"WebPage\",\"ItemPage\"],\"@id\":\"https:\/\/bolting.eu\/en\/shop\/petzl-swift-rl-stirnlampe\/\",\"url\":\"https:\/\/bolting.eu\/en\/shop\/petzl-swift-rl-stirnlampe\/\",\"name\":\"Petzl Swift RL Stirnlampe mit Reactive Lighting \u00ae | bolting.eu\",\"isPartOf\":{\"@id\":\"https:\/\/bolting.eu\/en\/#website\"},\"primaryImageOfPage\":{\"@id\":\"https:\/\/bolting.eu\/en\/shop\/petzl-swift-rl-stirnlampe\/#primaryimage\"},\"image\":{\"@id\":\"https:\/\/bolting.eu\/en\/shop\/petzl-swift-rl-stirnlampe\/#primaryimage\"},\"thumbnailUrl\":\"https:\/\/bolting.eu\/wp-content\/uploads\/2023\/02\/Petzl-Swift-RL-4.jpg\",\"datePublished\":\"2023-02-15T12:21:20+00:00\",\"dateModified\":\"2026-01-14T16:18:41+00:00\",\"description\":\"Petzl Swift RL Stirnlampe beim Kletterprofi aus Innsbruck kaufen \u2705 kostenloser Versand* \u2705 14 Tage R\u00fcckgaberecht \u2705 Co2 neutraler Versand\",\"breadcrumb\":{\"@id\":\"https:\/\/bolting.eu\/en\/shop\/petzl-swift-rl-stirnlampe\/#breadcrumb\"},\"inLanguage\":\"en-US\",\"potentialAction\":[{\"@type\":\"ReadAction\",\"target\":[\"https:\/\/bolting.eu\/en\/shop\/petzl-swift-rl-stirnlampe\/\"]}]},{\"@type\":\"ImageObject\",\"inLanguage\":\"en-US\",\"@id\":\"https:\/\/bolting.eu\/en\/shop\/petzl-swift-rl-stirnlampe\/#primaryimage\",\"url\":\"https:\/\/bolting.eu\/wp-content\/uploads\/2023\/02\/Petzl-Swift-RL-4.jpg\",\"contentUrl\":\"https:\/\/bolting.eu\/wp-content\/uploads\/2023\/02\/Petzl-Swift-RL-4.jpg\",\"width\":700,\"height\":700,\"caption\":\"Petzl Swift RL Orange graue Stirnlampe von der Seite.\"},{\"@type\":\"BreadcrumbList\",\"@id\":\"https:\/\/bolting.eu\/en\/shop\/petzl-swift-rl-stirnlampe\/#breadcrumb\",\"itemListElement\":[{\"@type\":\"ListItem\",\"position\":1,\"name\":\"Shop\",\"item\":\"https:\/\/bolting.eu\/en\/shop\/\"},{\"@type\":\"ListItem\",\"position\":2,\"name\":\"climbing equipment\",\"item\":\"https:\/\/bolting.eu\/en\/produkt-kategorie\/climbing-equipment\/\"},{\"@type\":\"ListItem\",\"position\":3,\"name\":\"Petzl Stirnlampen\",\"item\":\"https:\/\/bolting.eu\/produkt-kategorie\/kletterausruestung\/petzl-stirnlampen\/\"},{\"@type\":\"ListItem\",\"position\":4,\"name\":\"Petzl Swift RL Stirnlampe\"}]},{\"@type\":\"WebSite\",\"@id\":\"https:\/\/bolting.eu\/en\/#website\",\"url\":\"https:\/\/bolting.eu\/en\/\",\"name\":\"bolting.eu\",\"description\":\"we make climbs happen\",\"publisher\":{\"@id\":\"https:\/\/bolting.eu\/en\/#organization\"},\"potentialAction\":[{\"@type\":\"SearchAction\",\"target\":{\"@type\":\"EntryPoint\",\"urlTemplate\":\"https:\/\/bolting.eu\/en\/?s={search_term_string}\"},\"query-input\":{\"@type\":\"PropertyValueSpecification\",\"valueRequired\":true,\"valueName\":\"search_term_string\"}}],\"inLanguage\":\"en-US\"},{\"@type\":[\"Organization\",\"Place\",\"SportingGoodsStore\"],\"@id\":\"https:\/\/bolting.eu\/en\/#organization\",\"name\":\"bolting.eu\",\"url\":\"https:\/\/bolting.eu\/en\/\",\"logo\":{\"@id\":\"https:\/\/bolting.eu\/en\/shop\/petzl-swift-rl-stirnlampe\/#local-main-organization-logo\"},\"image\":{\"@id\":\"https:\/\/bolting.eu\/en\/shop\/petzl-swift-rl-stirnlampe\/#local-main-organization-logo\"},\"sameAs\":[\"https:\/\/www.facebook.com\/bolting.eu\",\"https:\/\/www.instagram.com\/bolting.eu\/\"],\"address\":{\"@id\":\"https:\/\/bolting.eu\/en\/shop\/petzl-swift-rl-stirnlampe\/#local-main-place-address\"},\"geo\":{\"@type\":\"GeoCoordinates\",\"latitude\":\"47.264176340396226\",\"longitude\":\"11.380109057672346\"},\"telephone\":[\"+43 699 19083372\"],\"openingHoursSpecification\":[{\"@type\":\"OpeningHoursSpecification\",\"dayOfWeek\":[\"Monday\",\"Wednesday\",\"Friday\"],\"opens\":\"14:00\",\"closes\":\"18:00\"},{\"@type\":\"OpeningHoursSpecification\",\"dayOfWeek\":[\"Tuesday\",\"Thursday\",\"Saturday\",\"Sunday\"],\"opens\":\"00:00\",\"closes\":\"00:00\"}],\"email\":\"office@bolting.eu\",\"vatID\":\"ATU59999728\",\"priceRange\":\"$$\",\"currenciesAccepted\":\"Euro\"},{\"@type\":\"PostalAddress\",\"@id\":\"https:\/\/bolting.eu\/en\/shop\/petzl-swift-rl-stirnlampe\/#local-main-place-address\",\"streetAddress\":\"Fischnalerstra\u00dfe 4\",\"addressLocality\":\"Innsbruck\",\"postalCode\":\"6020\",\"addressRegion\":\"Tirol\",\"addressCountry\":\"AT\"},{\"@type\":\"ImageObject\",\"inLanguage\":\"en-US\",\"@id\":\"https:\/\/bolting.eu\/en\/shop\/petzl-swift-rl-stirnlampe\/#local-main-organization-logo\",\"url\":\"https:\/\/bolting.eu\/wp-content\/uploads\/2019\/09\/bolting-logo.png\",\"contentUrl\":\"https:\/\/bolting.eu\/wp-content\/uploads\/2019\/09\/bolting-logo.png\",\"width\":400,\"height\":211,\"caption\":\"bolting.eu\"}]}<\/script>\n<meta property=\"og:video\" content=\"https:\/\/player.vimeo.com\/video\/326525980\" \/>\n<meta property=\"og:video:type\" content=\"text\/html\" \/>\n<meta property=\"og:video:duration\" content=\"67\" \/>\n<meta property=\"og:video:width\" content=\"1920\" \/>\n<meta property=\"og:video:height\" content=\"1080\" \/>\n<meta property=\"ya:ovs:adult\" content=\"false\" \/>\n<meta property=\"ya:ovs:upload_date\" content=\"2023-02-15T12:21:20+00:00\" \/>\n<meta property=\"ya:ovs:allow_embed\" content=\"true\" \/>\n<meta property=\"product:price:amount\" content=\"125.00\" \/>\n<meta property=\"product:price:currency\" content=\"EUR\" \/>\n<meta property=\"og:availability\" content=\"out of stock\" \/>\n<meta property=\"product:availability\" content=\"out of stock\" \/>\n<meta property=\"product:retailer_item_id\" content=\"E095BA01\" \/>\n<meta property=\"product:condition\" content=\"new\" \/>\n<meta name=\"geo.placename\" content=\"Innsbruck\" \/>\n<meta name=\"geo.position\" content=\"47.264176340396226;11.380109057672346\" \/>\n<meta name=\"geo.region\" content=\"Austria\" \/>\n<!-- \/ Yoast SEO Premium plugin. -->","yoast_head_json":{"title":"Petzl Swift RL Stirnlampe mit Reactive Lighting \u00ae | bolting.eu","description":"Petzl Swift RL Stirnlampe beim Kletterprofi aus Innsbruck kaufen \u2705 kostenloser Versand* \u2705 14 Tage R\u00fcckgaberecht \u2705 Co2 neutraler Versand","robots":{"index":"index","follow":"follow","max-snippet":"max-snippet:-1","max-image-preview":"max-image-preview:large","max-video-preview":"max-video-preview:-1"},"canonical":"https:\/\/bolting.eu\/en\/shop\/petzl-swift-rl-stirnlampe\/","og_locale":"en_US","og_type":"article","og_title":"Petzl Swift RL Stirnlampe","og_description":"Petzl Swift RL Stirnlampe beim Kletterprofi aus Innsbruck kaufen \u2705 kostenloser Versand* \u2705 14 Tage R\u00fcckgaberecht \u2705 Co2 neutraler Versand","og_url":"https:\/\/bolting.eu\/en\/shop\/petzl-swift-rl-stirnlampe\/","og_site_name":"bolting.eu","article_publisher":"https:\/\/www.facebook.com\/bolting.eu","article_modified_time":"2026-01-14T16:18:41+00:00","og_image":[{"width":700,"height":700,"url":"https:\/\/bolting.eu\/wp-content\/uploads\/2023\/02\/Petzl-Swift-RL-4.jpg","type":"image\/jpeg"}],"twitter_card":"summary_large_image","twitter_misc":{"Price":"&euro;&nbsp;125,00","Availability":"Out of stock"},"schema":{"@context":"https:\/\/schema.org","@graph":[{"@type":["WebPage","ItemPage"],"@id":"https:\/\/bolting.eu\/en\/shop\/petzl-swift-rl-stirnlampe\/","url":"https:\/\/bolting.eu\/en\/shop\/petzl-swift-rl-stirnlampe\/","name":"Petzl Swift RL Stirnlampe mit Reactive Lighting \u00ae | bolting.eu","isPartOf":{"@id":"https:\/\/bolting.eu\/en\/#website"},"primaryImageOfPage":{"@id":"https:\/\/bolting.eu\/en\/shop\/petzl-swift-rl-stirnlampe\/#primaryimage"},"image":{"@id":"https:\/\/bolting.eu\/en\/shop\/petzl-swift-rl-stirnlampe\/#primaryimage"},"thumbnailUrl":"https:\/\/bolting.eu\/wp-content\/uploads\/2023\/02\/Petzl-Swift-RL-4.jpg","datePublished":"2023-02-15T12:21:20+00:00","dateModified":"2026-01-14T16:18:41+00:00","description":"Petzl Swift RL Stirnlampe beim Kletterprofi aus Innsbruck kaufen \u2705 kostenloser Versand* \u2705 14 Tage R\u00fcckgaberecht \u2705 Co2 neutraler Versand","breadcrumb":{"@id":"https:\/\/bolting.eu\/en\/shop\/petzl-swift-rl-stirnlampe\/#breadcrumb"},"inLanguage":"en-US","potentialAction":[{"@type":"ReadAction","target":["https:\/\/bolting.eu\/en\/shop\/petzl-swift-rl-stirnlampe\/"]}]},{"@type":"ImageObject","inLanguage":"en-US","@id":"https:\/\/bolting.eu\/en\/shop\/petzl-swift-rl-stirnlampe\/#primaryimage","url":"https:\/\/bolting.eu\/wp-content\/uploads\/2023\/02\/Petzl-Swift-RL-4.jpg","contentUrl":"https:\/\/bolting.eu\/wp-content\/uploads\/2023\/02\/Petzl-Swift-RL-4.jpg","width":700,"height":700,"caption":"Petzl Swift RL Orange graue Stirnlampe von der Seite."},{"@type":"BreadcrumbList","@id":"https:\/\/bolting.eu\/en\/shop\/petzl-swift-rl-stirnlampe\/#breadcrumb","itemListElement":[{"@type":"ListItem","position":1,"name":"Shop","item":"https:\/\/bolting.eu\/en\/shop\/"},{"@type":"ListItem","position":2,"name":"climbing equipment","item":"https:\/\/bolting.eu\/en\/produkt-kategorie\/climbing-equipment\/"},{"@type":"ListItem","position":3,"name":"Petzl Stirnlampen","item":"https:\/\/bolting.eu\/produkt-kategorie\/kletterausruestung\/petzl-stirnlampen\/"},{"@type":"ListItem","position":4,"name":"Petzl Swift RL Stirnlampe"}]},{"@type":"WebSite","@id":"https:\/\/bolting.eu\/en\/#website","url":"https:\/\/bolting.eu\/en\/","name":"bolting.eu","description":"we make climbs happen","publisher":{"@id":"https:\/\/bolting.eu\/en\/#organization"},"potentialAction":[{"@type":"SearchAction","target":{"@type":"EntryPoint","urlTemplate":"https:\/\/bolting.eu\/en\/?s={search_term_string}"},"query-input":{"@type":"PropertyValueSpecification","valueRequired":true,"valueName":"search_term_string"}}],"inLanguage":"en-US"},{"@type":["Organization","Place","SportingGoodsStore"],"@id":"https:\/\/bolting.eu\/en\/#organization","name":"bolting.eu","url":"https:\/\/bolting.eu\/en\/","logo":{"@id":"https:\/\/bolting.eu\/en\/shop\/petzl-swift-rl-stirnlampe\/#local-main-organization-logo"},"image":{"@id":"https:\/\/bolting.eu\/en\/shop\/petzl-swift-rl-stirnlampe\/#local-main-organization-logo"},"sameAs":["https:\/\/www.facebook.com\/bolting.eu","https:\/\/www.instagram.com\/bolting.eu\/"],"address":{"@id":"https:\/\/bolting.eu\/en\/shop\/petzl-swift-rl-stirnlampe\/#local-main-place-address"},"geo":{"@type":"GeoCoordinates","latitude":"47.264176340396226","longitude":"11.380109057672346"},"telephone":["+43 699 19083372"],"openingHoursSpecification":[{"@type":"OpeningHoursSpecification","dayOfWeek":["Monday","Wednesday","Friday"],"opens":"14:00","closes":"18:00"},{"@type":"OpeningHoursSpecification","dayOfWeek":["Tuesday","Thursday","Saturday","Sunday"],"opens":"00:00","closes":"00:00"}],"email":"office@bolting.eu","vatID":"ATU59999728","priceRange":"$$","currenciesAccepted":"Euro"},{"@type":"PostalAddress","@id":"https:\/\/bolting.eu\/en\/shop\/petzl-swift-rl-stirnlampe\/#local-main-place-address","streetAddress":"Fischnalerstra\u00dfe 4","addressLocality":"Innsbruck","postalCode":"6020","addressRegion":"Tirol","addressCountry":"AT"},{"@type":"ImageObject","inLanguage":"en-US","@id":"https:\/\/bolting.eu\/en\/shop\/petzl-swift-rl-stirnlampe\/#local-main-organization-logo","url":"https:\/\/bolting.eu\/wp-content\/uploads\/2019\/09\/bolting-logo.png","contentUrl":"https:\/\/bolting.eu\/wp-content\/uploads\/2019\/09\/bolting-logo.png","width":400,"height":211,"caption":"bolting.eu"}]},"og_video":"https:\/\/player.vimeo.com\/video\/326525980","og_video_type":"text\/html","og_video_duration":"67","og_video_width":"1920","og_video_height":"1080","ya_ovs_adult":"false","ya_ovs_upload_date":"2023-02-15T12:21:20+00:00","ya_ovs_allow_embed":"true","product_price_amount":"125.00","product_price_currency":"EUR","og_availability":"out of stock","product_availability":"out of stock","product_retailer_item_id":"E095BA01","product_condition":"new","geo.placename":"Innsbruck","geo.position":{"lat":"47.264176340396226","long":"11.380109057672346"},"geo.region":"Austria"},"_links":{"self":[{"href":"https:\/\/bolting.eu\/en\/wp-json\/wp\/v2\/product\/15113","targetHints":{"allow":["GET"]}}],"collection":[{"href":"https:\/\/bolting.eu\/en\/wp-json\/wp\/v2\/product"}],"about":[{"href":"https:\/\/bolting.eu\/en\/wp-json\/wp\/v2\/types\/product"}],"replies":[{"embeddable":true,"href":"https:\/\/bolting.eu\/en\/wp-json\/wp\/v2\/comments?post=15113"}],"wp:featuredmedia":[{"embeddable":true,"href":"https:\/\/bolting.eu\/en\/wp-json\/wp\/v2\/media\/15116"}],"wp:attachment":[{"href":"https:\/\/bolting.eu\/en\/wp-json\/wp\/v2\/media?parent=15113"}],"wp:term":[{"taxonomy":"product_brand","embeddable":true,"href":"https:\/\/bolting.eu\/en\/wp-json\/wp\/v2\/product_brand?post=15113"},{"taxonomy":"product_cat","embeddable":true,"href":"https:\/\/bolting.eu\/en\/wp-json\/wp\/v2\/product_cat?post=15113"},{"taxonomy":"product_tag","embeddable":true,"href":"https:\/\/bolting.eu\/en\/wp-json\/wp\/v2\/product_tag?post=15113"}],"curies":[{"name":"wp","href":"https:\/\/api.w.org\/{rel}","templated":true}]}}