{"id":15027,"date":"2023-02-10T16:14:19","date_gmt":"2023-02-10T15:14:19","guid":{"rendered":"https:\/\/bolting.eu\/?post_type=product&#038;p=15027"},"modified":"2024-09-04T19:48:06","modified_gmt":"2024-09-04T17:48:06","slug":"blue-ice-womens-cuesta","status":"publish","type":"product","link":"https:\/\/bolting.eu\/en\/shop\/blue-ice-womens-cuesta\/","title":{"rendered":"Blue Ice Women\u00b4s Cuesta"},"content":{"rendered":"<p>Der Blue Ice Women\u00b4s Cuesta ist ein super leichter Damen <a href=\"https:\/\/bolting.eu\/produkt-kategorie\/kletterausruestung\/klettergurte\/\">Klettergurt<\/a>. Denn dieses Modell hat den H\u00fcftgurt h\u00f6her und die Beinschlaufen sind breiter. Zudem besteht er aus einem laminierten Gurtgewebe \u00fcber einem extrem d\u00fcnnen, tragenden Band.<\/p>\n<p>Somit hat man eine sehr d\u00fcnne Konstruktion mit erstaunlich guter Druckverteilung. Des weiteren hat Blue Ice hier einige Dinge sehr gut gel\u00f6st.<\/p>\n<p>Erstens hat man weiter Gewicht gespart. Zum einen bei der d\u00fcnnen Sicherungsschlaufe bzw. den Anseilschlaufen. Und zum anderen bei den Schnallen. Diese fallen n\u00e4mlich extrem klein aus.<\/p>\n<p>\u00dcberdies hat der Gurt vier Materialschlingen f\u00fcr viel <a href=\"https:\/\/bolting.eu\/kletterausruestung\/\">Kletterausr\u00fcstung<\/a>. Hierbei wurde die vordere steif gemacht. Die hintere flexibel. Insgesamt ein toller Gurt!<\/p>\n<h3>Eigenschaften Women\u00b4s Cuesta<\/h3>\n<ul>\n<li>Hersteller: Blue Ice<\/li>\n<li>Norm: EN 12277<\/li>\n<li>Gr\u00f6\u00dfen: XS, S, M,L;<\/li>\n<li>Gewicht: 265 \u2013 305 Gramm<\/li>\n<li>spezieller Damen Klettergurt<\/li>\n<li>H\u00fcftband liegt h\u00f6her &#8211; Beinschlaufen sind breiter<\/li>\n<li>ultraleicht zum Felsklettern<\/li>\n<li>tragendes Band mit Laminat<\/li>\n<li>atmungsaktives Mesh Material innen<\/li>\n<li>abriebfester Ripstop Nylon au\u00dfen<\/li>\n<li>Anseilschlaufen verst\u00e4rkt<\/li>\n<li>Sicherungsschlaufe farblich markiert<\/li>\n<li>flaches Gurtband mit kleiner Schnalle<\/li>\n<li>1. Paar Materialschlaufen steif ausgef\u00fchrt<\/li>\n<li>2. Paar Materialschlaufen flexibel ausgef\u00fchrt<\/li>\n<li>kleine Schlaufe f\u00fcr \u201etag line\u201c<\/li>\n<li>elastische, abnehmbare Beinschlaufenaufh\u00e4ngung<\/li>\n<li><a href=\"https:\/\/content.admin.blueice.com\/media\/files\/Harness-Instructions.pdf\">Bedienungsanleitung<\/a><\/li>\n<\/ul>\n<h3>Gr\u00f6\u00dfentabelle<\/h3>\n<p>Hier findet ihr eine genaue Gr\u00f6\u00dfentabelle des Blue Ice Women\u00b4s Klettergurt.<\/p>\n<table border=\"0\" width=\"348\" cellspacing=\"0\" cellpadding=\"0\">\n<tbody>\n<tr>\n<td style=\"text-align: center;\" width=\"87\" height=\"21\"><strong>Gr\u00f6\u00dfe<\/strong><\/td>\n<td style=\"text-align: center;\" width=\"87\"><strong>H\u00fcftumfang<\/strong><\/td>\n<td style=\"text-align: center;\" width=\"87\"><strong>Beinumfang<\/strong><\/td>\n<td style=\"text-align: center;\" width=\"87\"><strong>Gewicht<\/strong><\/td>\n<\/tr>\n<tr>\n<td style=\"text-align: center;\" height=\"21\"><strong>XS<\/strong><\/td>\n<td style=\"text-align: center;\">63 \u2013 76cm<\/td>\n<td style=\"text-align: center;\">46 \u2013 54cm<\/td>\n<td style=\"text-align: center;\">265 Gramm<\/td>\n<\/tr>\n<tr>\n<td style=\"text-align: center;\" height=\"21\"><strong>S<\/strong><\/td>\n<td style=\"text-align: center;\">68 \u2013 81cm<\/td>\n<td style=\"text-align: center;\">50 \u2013 58cm<\/td>\n<td style=\"text-align: center;\">275 Gramm<\/td>\n<\/tr>\n<tr>\n<td style=\"text-align: center;\" height=\"21\"><strong>M<\/strong><\/td>\n<td style=\"text-align: center;\">74 \u2013 87cm<\/td>\n<td style=\"text-align: center;\">54 \u2013 62cm<\/td>\n<td style=\"text-align: center;\">285 Gramm<\/td>\n<\/tr>\n<tr>\n<td style=\"text-align: center;\" height=\"21\"><strong>L<\/strong><\/td>\n<td style=\"text-align: center;\">81 \u2013 94 cm<\/td>\n<td style=\"text-align: center;\">59 \u2013 67cm<\/td>\n<td style=\"text-align: center;\">305 Gramm<\/td>\n<\/tr>\n<tr>\n<td style=\"text-align: center;\" height=\"21\"><\/td>\n<td style=\"text-align: center;\"><\/td>\n<td style=\"text-align: center;\"><\/td>\n<td style=\"text-align: center;\"><\/td>\n<\/tr>\n<\/tbody>\n<\/table>\n<h3>Produktvideo<\/h3>\n<p>Im Folgenden stellt euch Blue Ice den Women\u00b4s Cuesta ausf\u00fchrlich vor.<\/p>\n<p><iframe loading=\"lazy\" title=\"*NEW* Blue Ice Cuesta climbing harness\" width=\"1020\" height=\"574\" src=\"https:\/\/www.youtube.com\/embed\/A5Fj_5iYRRQ?feature=oembed\" frameborder=\"0\" allow=\"accelerometer; autoplay; clipboard-write; encrypted-media; gyroscope; picture-in-picture; web-share\" referrerpolicy=\"strict-origin-when-cross-origin\" allowfullscreen><\/iframe><\/p>\n<h3>Blue Ice Women\u00b4s Cuesta = superflache Konstruktion<\/h3>\n<p>Was diesen Klettergurt auszeichnet, ist sein geringes Gewicht. Dieses wird durch die superflache Laminat Konstruktion erreicht.<\/p>\n<p>Dabei wird auf das tragende Band innen und au\u00dfen eine weitere Schichte aufgetragen.<\/p>\n<p>An der inneren Seite des H\u00fcftbandes ein atmungsaktives Mesh Gewebe. Auf der Au\u00dfenseite leichter Ripstop Nylon. An den Beinschlaufen geschieht das ganz \u00e4hnlich.<\/p>\n<p>Weiters verwendet der neue Hersteller ein sehr d\u00fcnnes Polyamid Band f\u00fcr die Anseilschlaufen bzw. Sicherungsschlaufe. Hinzu kommt das d\u00fcnne Band und sehr kleine Schnalle am H\u00fcftgurt.<br \/>\nInsgesamt ergibt das eine superd\u00fcnne Konstruktion mit geringstem Gewicht.<\/p>\n","protected":false},"excerpt":{"rendered":"<p>Spezieller Damengurt mit h\u00f6herem H\u00fcftband und breiteren Beinschlaufen.<\/p>\n<p>Ultraleicht und dennoch sehr komfortabel. Perfektes 3-Saisonen Modell.<\/p>\n<p>Versandkostenfrei bis 2kg in <img decoding=\"async\" class=\"emoji\" role=\"img\" draggable=\"false\" src=\"https:\/\/s.w.org\/images\/core\/emoji\/13.1.0\/svg\/1f1e6-1f1f9.svg\" alt=\"\ud83c\udde6\ud83c\uddf9\" \/> ab \u20ac 100,- und <img decoding=\"async\" class=\"emoji\" role=\"img\" draggable=\"false\" src=\"https:\/\/s.w.org\/images\/core\/emoji\/13.1.0\/svg\/1f1e9-1f1ea.svg\" alt=\"\ud83c\udde9\ud83c\uddea\" \/> ab \u20ac 200,-!<\/p>\n","protected":false},"featured_media":15030,"comment_status":"closed","ping_status":"closed","template":"","meta":[],"product_brand":[],"product_cat":[29,14319,14459,6359],"product_tag":[],"class_list":{"0":"post-15027","1":"product","2":"type-product","3":"status-publish","4":"has-post-thumbnail","6":"product_cat-kletterausruestung","7":"product_cat-sale-klettern","8":"product_cat-blue-ice","9":"product_cat-klettergurte","11":"first","12":"instock","13":"sale","14":"taxable","15":"shipping-taxable","16":"purchasable","17":"product-type-variable"},"yoast_head":"<!-- This site is optimized with the Yoast SEO Premium plugin v26.9 (Yoast SEO v26.9) - https:\/\/yoast.com\/product\/yoast-seo-premium-wordpress\/ -->\n<title>Blue Ice Women\u00b4s Cuesta - ultraleichter Damen Klettergurt | bolting.eu<\/title>\n<meta name=\"description\" content=\"Blue Ice Women\u00b4s Cuesta beim Kletterprofi aus Innsbruck kaufen \u2705 kostenloser Versand* \u2705 14 Tage R\u00fcckgaberecht \u2705 Co2 neutraler Versand\" \/>\n<meta name=\"robots\" content=\"index, follow, max-snippet:-1, max-image-preview:large, max-video-preview:-1\" \/>\n<link rel=\"canonical\" href=\"https:\/\/bolting.eu\/en\/shop\/blue-ice-womens-cuesta\/\" \/>\n<meta property=\"og:locale\" content=\"en_US\" \/>\n<meta property=\"og:type\" content=\"article\" \/>\n<meta property=\"og:title\" content=\"Blue Ice Women\u00b4s Cuesta\" \/>\n<meta property=\"og:description\" content=\"Blue Ice Women\u00b4s Cuesta beim Kletterprofi aus Innsbruck kaufen \u2705 kostenloser Versand* \u2705 14 Tage R\u00fcckgaberecht \u2705 Co2 neutraler Versand\" \/>\n<meta property=\"og:url\" content=\"https:\/\/bolting.eu\/en\/shop\/blue-ice-womens-cuesta\/\" \/>\n<meta property=\"og:site_name\" content=\"bolting.eu\" \/>\n<meta property=\"article:publisher\" content=\"https:\/\/www.facebook.com\/bolting.eu\" \/>\n<meta property=\"article:modified_time\" content=\"2024-09-04T17:48:06+00:00\" \/>\n<meta property=\"og:image\" content=\"https:\/\/bolting.eu\/wp-content\/uploads\/2023\/02\/Blue-Ice-Women\u00b4s-Cueasta-1.jpg\" \/>\n\t<meta property=\"og:image:width\" content=\"700\" \/>\n\t<meta property=\"og:image:height\" content=\"700\" \/>\n\t<meta property=\"og:image:type\" content=\"image\/jpeg\" \/>\n<meta name=\"twitter:card\" content=\"summary_large_image\" \/>\n<meta name=\"twitter:label1\" content=\"Availability\" \/>\n\t<meta name=\"twitter:data1\" content=\"In stock\" \/>\n<script type=\"application\/ld+json\" class=\"yoast-schema-graph\">{\"@context\":\"https:\/\/schema.org\",\"@graph\":[{\"@type\":[\"WebPage\",\"ItemPage\"],\"@id\":\"https:\/\/bolting.eu\/en\/shop\/blue-ice-womens-cuesta\/\",\"url\":\"https:\/\/bolting.eu\/en\/shop\/blue-ice-womens-cuesta\/\",\"name\":\"Blue Ice Women\u00b4s Cuesta - ultraleichter Damen Klettergurt | bolting.eu\",\"isPartOf\":{\"@id\":\"https:\/\/bolting.eu\/en\/#website\"},\"primaryImageOfPage\":{\"@id\":\"https:\/\/bolting.eu\/en\/shop\/blue-ice-womens-cuesta\/#primaryimage\"},\"image\":{\"@id\":\"https:\/\/bolting.eu\/en\/shop\/blue-ice-womens-cuesta\/#primaryimage\"},\"thumbnailUrl\":\"https:\/\/bolting.eu\/wp-content\/uploads\/2023\/02\/Blue-Ice-Women\u00b4s-Cueasta-1.jpg\",\"datePublished\":\"2023-02-10T15:14:19+00:00\",\"dateModified\":\"2024-09-04T17:48:06+00:00\",\"description\":\"Blue Ice Women\u00b4s Cuesta beim Kletterprofi aus Innsbruck kaufen \u2705 kostenloser Versand* \u2705 14 Tage R\u00fcckgaberecht \u2705 Co2 neutraler Versand\",\"breadcrumb\":{\"@id\":\"https:\/\/bolting.eu\/en\/shop\/blue-ice-womens-cuesta\/#breadcrumb\"},\"inLanguage\":\"en-US\",\"potentialAction\":[{\"@type\":\"ReadAction\",\"target\":[\"https:\/\/bolting.eu\/en\/shop\/blue-ice-womens-cuesta\/\"]}]},{\"@type\":\"ImageObject\",\"inLanguage\":\"en-US\",\"@id\":\"https:\/\/bolting.eu\/en\/shop\/blue-ice-womens-cuesta\/#primaryimage\",\"url\":\"https:\/\/bolting.eu\/wp-content\/uploads\/2023\/02\/Blue-Ice-Women\u00b4s-Cueasta-1.jpg\",\"contentUrl\":\"https:\/\/bolting.eu\/wp-content\/uploads\/2023\/02\/Blue-Ice-Women\u00b4s-Cueasta-1.jpg\",\"width\":700,\"height\":700,\"caption\":\"Weinroter Blue Ice Womens Cuesta Damen Klettergurt von der Seite.\"},{\"@type\":\"BreadcrumbList\",\"@id\":\"https:\/\/bolting.eu\/en\/shop\/blue-ice-womens-cuesta\/#breadcrumb\",\"itemListElement\":[{\"@type\":\"ListItem\",\"position\":1,\"name\":\"Shop\",\"item\":\"https:\/\/bolting.eu\/en\/shop\/\"},{\"@type\":\"ListItem\",\"position\":2,\"name\":\"climbing equipment\",\"item\":\"https:\/\/bolting.eu\/en\/produkt-kategorie\/climbing-equipment\/\"},{\"@type\":\"ListItem\",\"position\":3,\"name\":\"Klettergurte\",\"item\":\"https:\/\/bolting.eu\/produkt-kategorie\/kletterausruestung\/klettergurte\/\"},{\"@type\":\"ListItem\",\"position\":4,\"name\":\"Blue Ice Women\u00b4s Cuesta\"}]},{\"@type\":\"WebSite\",\"@id\":\"https:\/\/bolting.eu\/en\/#website\",\"url\":\"https:\/\/bolting.eu\/en\/\",\"name\":\"bolting.eu\",\"description\":\"we make climbs happen\",\"publisher\":{\"@id\":\"https:\/\/bolting.eu\/en\/#organization\"},\"potentialAction\":[{\"@type\":\"SearchAction\",\"target\":{\"@type\":\"EntryPoint\",\"urlTemplate\":\"https:\/\/bolting.eu\/en\/?s={search_term_string}\"},\"query-input\":{\"@type\":\"PropertyValueSpecification\",\"valueRequired\":true,\"valueName\":\"search_term_string\"}}],\"inLanguage\":\"en-US\"},{\"@type\":[\"Organization\",\"Place\",\"SportingGoodsStore\"],\"@id\":\"https:\/\/bolting.eu\/en\/#organization\",\"name\":\"bolting.eu\",\"url\":\"https:\/\/bolting.eu\/en\/\",\"logo\":{\"@id\":\"https:\/\/bolting.eu\/en\/shop\/blue-ice-womens-cuesta\/#local-main-organization-logo\"},\"image\":{\"@id\":\"https:\/\/bolting.eu\/en\/shop\/blue-ice-womens-cuesta\/#local-main-organization-logo\"},\"sameAs\":[\"https:\/\/www.facebook.com\/bolting.eu\",\"https:\/\/www.instagram.com\/bolting.eu\/\"],\"address\":{\"@id\":\"https:\/\/bolting.eu\/en\/shop\/blue-ice-womens-cuesta\/#local-main-place-address\"},\"geo\":{\"@type\":\"GeoCoordinates\",\"latitude\":\"47.264176340396226\",\"longitude\":\"11.380109057672346\"},\"telephone\":[\"+43 699 19083372\"],\"openingHoursSpecification\":[{\"@type\":\"OpeningHoursSpecification\",\"dayOfWeek\":[\"Monday\",\"Wednesday\",\"Friday\"],\"opens\":\"14:00\",\"closes\":\"18:00\"},{\"@type\":\"OpeningHoursSpecification\",\"dayOfWeek\":[\"Tuesday\",\"Thursday\",\"Saturday\",\"Sunday\"],\"opens\":\"00:00\",\"closes\":\"00:00\"}],\"email\":\"office@bolting.eu\",\"vatID\":\"ATU59999728\",\"priceRange\":\"$$\",\"currenciesAccepted\":\"Euro\"},{\"@type\":\"PostalAddress\",\"@id\":\"https:\/\/bolting.eu\/en\/shop\/blue-ice-womens-cuesta\/#local-main-place-address\",\"streetAddress\":\"Fischnalerstra\u00dfe 4\",\"addressLocality\":\"Innsbruck\",\"postalCode\":\"6020\",\"addressRegion\":\"Tirol\",\"addressCountry\":\"AT\"},{\"@type\":\"ImageObject\",\"inLanguage\":\"en-US\",\"@id\":\"https:\/\/bolting.eu\/en\/shop\/blue-ice-womens-cuesta\/#local-main-organization-logo\",\"url\":\"https:\/\/bolting.eu\/wp-content\/uploads\/2019\/09\/bolting-logo.png\",\"contentUrl\":\"https:\/\/bolting.eu\/wp-content\/uploads\/2019\/09\/bolting-logo.png\",\"width\":400,\"height\":211,\"caption\":\"bolting.eu\"}]}<\/script>\n<meta property=\"og:video\" content=\"https:\/\/www.youtube.com\/embed\/A5Fj_5iYRRQ\" \/>\n<meta property=\"og:video:type\" content=\"text\/html\" \/>\n<meta property=\"og:video:duration\" content=\"360\" \/>\n<meta property=\"og:video:width\" content=\"480\" \/>\n<meta property=\"og:video:height\" content=\"270\" \/>\n<meta property=\"ya:ovs:adult\" content=\"false\" \/>\n<meta property=\"ya:ovs:upload_date\" content=\"2023-02-10T15:14:19+00:00\" \/>\n<meta property=\"ya:ovs:allow_embed\" content=\"true\" \/>\n<meta property=\"og:availability\" content=\"instock\" \/>\n<meta property=\"product:availability\" content=\"instock\" \/>\n<meta property=\"product:condition\" content=\"new\" \/>\n<meta name=\"geo.placename\" content=\"Innsbruck\" \/>\n<meta name=\"geo.position\" content=\"47.264176340396226;11.380109057672346\" \/>\n<meta name=\"geo.region\" content=\"Austria\" \/>\n<!-- \/ Yoast SEO Premium plugin. -->","yoast_head_json":{"title":"Blue Ice Women\u00b4s Cuesta - ultraleichter Damen Klettergurt | bolting.eu","description":"Blue Ice Women\u00b4s Cuesta beim Kletterprofi aus Innsbruck kaufen \u2705 kostenloser Versand* \u2705 14 Tage R\u00fcckgaberecht \u2705 Co2 neutraler Versand","robots":{"index":"index","follow":"follow","max-snippet":"max-snippet:-1","max-image-preview":"max-image-preview:large","max-video-preview":"max-video-preview:-1"},"canonical":"https:\/\/bolting.eu\/en\/shop\/blue-ice-womens-cuesta\/","og_locale":"en_US","og_type":"article","og_title":"Blue Ice Women\u00b4s Cuesta","og_description":"Blue Ice Women\u00b4s Cuesta beim Kletterprofi aus Innsbruck kaufen \u2705 kostenloser Versand* \u2705 14 Tage R\u00fcckgaberecht \u2705 Co2 neutraler Versand","og_url":"https:\/\/bolting.eu\/en\/shop\/blue-ice-womens-cuesta\/","og_site_name":"bolting.eu","article_publisher":"https:\/\/www.facebook.com\/bolting.eu","article_modified_time":"2024-09-04T17:48:06+00:00","og_image":[{"width":700,"height":700,"url":"https:\/\/bolting.eu\/wp-content\/uploads\/2023\/02\/Blue-Ice-Women\u00b4s-Cueasta-1.jpg","type":"image\/jpeg"}],"twitter_card":"summary_large_image","twitter_misc":{"Availability":"In stock"},"schema":{"@context":"https:\/\/schema.org","@graph":[{"@type":["WebPage","ItemPage"],"@id":"https:\/\/bolting.eu\/en\/shop\/blue-ice-womens-cuesta\/","url":"https:\/\/bolting.eu\/en\/shop\/blue-ice-womens-cuesta\/","name":"Blue Ice Women\u00b4s Cuesta - ultraleichter Damen Klettergurt | bolting.eu","isPartOf":{"@id":"https:\/\/bolting.eu\/en\/#website"},"primaryImageOfPage":{"@id":"https:\/\/bolting.eu\/en\/shop\/blue-ice-womens-cuesta\/#primaryimage"},"image":{"@id":"https:\/\/bolting.eu\/en\/shop\/blue-ice-womens-cuesta\/#primaryimage"},"thumbnailUrl":"https:\/\/bolting.eu\/wp-content\/uploads\/2023\/02\/Blue-Ice-Women\u00b4s-Cueasta-1.jpg","datePublished":"2023-02-10T15:14:19+00:00","dateModified":"2024-09-04T17:48:06+00:00","description":"Blue Ice Women\u00b4s Cuesta beim Kletterprofi aus Innsbruck kaufen \u2705 kostenloser Versand* \u2705 14 Tage R\u00fcckgaberecht \u2705 Co2 neutraler Versand","breadcrumb":{"@id":"https:\/\/bolting.eu\/en\/shop\/blue-ice-womens-cuesta\/#breadcrumb"},"inLanguage":"en-US","potentialAction":[{"@type":"ReadAction","target":["https:\/\/bolting.eu\/en\/shop\/blue-ice-womens-cuesta\/"]}]},{"@type":"ImageObject","inLanguage":"en-US","@id":"https:\/\/bolting.eu\/en\/shop\/blue-ice-womens-cuesta\/#primaryimage","url":"https:\/\/bolting.eu\/wp-content\/uploads\/2023\/02\/Blue-Ice-Women\u00b4s-Cueasta-1.jpg","contentUrl":"https:\/\/bolting.eu\/wp-content\/uploads\/2023\/02\/Blue-Ice-Women\u00b4s-Cueasta-1.jpg","width":700,"height":700,"caption":"Weinroter Blue Ice Womens Cuesta Damen Klettergurt von der Seite."},{"@type":"BreadcrumbList","@id":"https:\/\/bolting.eu\/en\/shop\/blue-ice-womens-cuesta\/#breadcrumb","itemListElement":[{"@type":"ListItem","position":1,"name":"Shop","item":"https:\/\/bolting.eu\/en\/shop\/"},{"@type":"ListItem","position":2,"name":"climbing equipment","item":"https:\/\/bolting.eu\/en\/produkt-kategorie\/climbing-equipment\/"},{"@type":"ListItem","position":3,"name":"Klettergurte","item":"https:\/\/bolting.eu\/produkt-kategorie\/kletterausruestung\/klettergurte\/"},{"@type":"ListItem","position":4,"name":"Blue Ice Women\u00b4s Cuesta"}]},{"@type":"WebSite","@id":"https:\/\/bolting.eu\/en\/#website","url":"https:\/\/bolting.eu\/en\/","name":"bolting.eu","description":"we make climbs happen","publisher":{"@id":"https:\/\/bolting.eu\/en\/#organization"},"potentialAction":[{"@type":"SearchAction","target":{"@type":"EntryPoint","urlTemplate":"https:\/\/bolting.eu\/en\/?s={search_term_string}"},"query-input":{"@type":"PropertyValueSpecification","valueRequired":true,"valueName":"search_term_string"}}],"inLanguage":"en-US"},{"@type":["Organization","Place","SportingGoodsStore"],"@id":"https:\/\/bolting.eu\/en\/#organization","name":"bolting.eu","url":"https:\/\/bolting.eu\/en\/","logo":{"@id":"https:\/\/bolting.eu\/en\/shop\/blue-ice-womens-cuesta\/#local-main-organization-logo"},"image":{"@id":"https:\/\/bolting.eu\/en\/shop\/blue-ice-womens-cuesta\/#local-main-organization-logo"},"sameAs":["https:\/\/www.facebook.com\/bolting.eu","https:\/\/www.instagram.com\/bolting.eu\/"],"address":{"@id":"https:\/\/bolting.eu\/en\/shop\/blue-ice-womens-cuesta\/#local-main-place-address"},"geo":{"@type":"GeoCoordinates","latitude":"47.264176340396226","longitude":"11.380109057672346"},"telephone":["+43 699 19083372"],"openingHoursSpecification":[{"@type":"OpeningHoursSpecification","dayOfWeek":["Monday","Wednesday","Friday"],"opens":"14:00","closes":"18:00"},{"@type":"OpeningHoursSpecification","dayOfWeek":["Tuesday","Thursday","Saturday","Sunday"],"opens":"00:00","closes":"00:00"}],"email":"office@bolting.eu","vatID":"ATU59999728","priceRange":"$$","currenciesAccepted":"Euro"},{"@type":"PostalAddress","@id":"https:\/\/bolting.eu\/en\/shop\/blue-ice-womens-cuesta\/#local-main-place-address","streetAddress":"Fischnalerstra\u00dfe 4","addressLocality":"Innsbruck","postalCode":"6020","addressRegion":"Tirol","addressCountry":"AT"},{"@type":"ImageObject","inLanguage":"en-US","@id":"https:\/\/bolting.eu\/en\/shop\/blue-ice-womens-cuesta\/#local-main-organization-logo","url":"https:\/\/bolting.eu\/wp-content\/uploads\/2019\/09\/bolting-logo.png","contentUrl":"https:\/\/bolting.eu\/wp-content\/uploads\/2019\/09\/bolting-logo.png","width":400,"height":211,"caption":"bolting.eu"}]},"og_video":"https:\/\/www.youtube.com\/embed\/A5Fj_5iYRRQ","og_video_type":"text\/html","og_video_duration":"360","og_video_width":"480","og_video_height":"270","ya_ovs_adult":"false","ya_ovs_upload_date":"2023-02-10T15:14:19+00:00","ya_ovs_allow_embed":"true","og_availability":"instock","product_availability":"instock","product_condition":"new","geo.placename":"Innsbruck","geo.position":{"lat":"47.264176340396226","long":"11.380109057672346"},"geo.region":"Austria"},"_links":{"self":[{"href":"https:\/\/bolting.eu\/en\/wp-json\/wp\/v2\/product\/15027","targetHints":{"allow":["GET"]}}],"collection":[{"href":"https:\/\/bolting.eu\/en\/wp-json\/wp\/v2\/product"}],"about":[{"href":"https:\/\/bolting.eu\/en\/wp-json\/wp\/v2\/types\/product"}],"replies":[{"embeddable":true,"href":"https:\/\/bolting.eu\/en\/wp-json\/wp\/v2\/comments?post=15027"}],"wp:featuredmedia":[{"embeddable":true,"href":"https:\/\/bolting.eu\/en\/wp-json\/wp\/v2\/media\/15030"}],"wp:attachment":[{"href":"https:\/\/bolting.eu\/en\/wp-json\/wp\/v2\/media?parent=15027"}],"wp:term":[{"taxonomy":"product_brand","embeddable":true,"href":"https:\/\/bolting.eu\/en\/wp-json\/wp\/v2\/product_brand?post=15027"},{"taxonomy":"product_cat","embeddable":true,"href":"https:\/\/bolting.eu\/en\/wp-json\/wp\/v2\/product_cat?post=15027"},{"taxonomy":"product_tag","embeddable":true,"href":"https:\/\/bolting.eu\/en\/wp-json\/wp\/v2\/product_tag?post=15027"}],"curies":[{"name":"wp","href":"https:\/\/api.w.org\/{rel}","templated":true}]}}