{"id":1501,"date":"2020-02-26T13:01:58","date_gmt":"2020-02-26T12:01:58","guid":{"rendered":"https:\/\/bolting.eu\/?post_type=product&#038;p=1501"},"modified":"2026-04-15T17:49:50","modified_gmt":"2026-04-15T15:49:50","slug":"kletterhammer-thunder-climbing-technology","status":"publish","type":"product","link":"https:\/\/bolting.eu\/en\/shop\/kletterhammer-thunder-climbing-technology\/","title":{"rendered":"Kletterhammer Thunder Climbing Technology"},"content":{"rendered":"<p>Der Kletterhammer Thunder Climbing Technology ist ein <strong>super Allround Hammer<\/strong>. Denn erstens hat er gerade einmal 450 Gramm. Zweitens ist er super ausbalanciert. Somit liegt er einerseits gut in der Hand. Andererseits hat er f\u00fcr sein Gewicht einen guten &#8220;Zug&#8221;. Drittens ist.der Griff ordentlich gummiert . Somit federt er die St\u00f6\u00dfe auf das Handgelenk sehr gut ab. Viertens wird er mit einem super praktischen Materialkarabiner inkl. dehnbarem Auffangarm geliefert.<\/p>\n<p>Hersteller ist die italienische Hardware Edelschmiede <a href=\"https:\/\/bolting.eu\/climbing-technology\/\">Climbing Technology<\/a>.<\/p>\n<p><strong>Kurzum. Dieser Hammer ist unsere TOP Empfehlung f\u00fcr alle Alpinkletterer!<\/strong><\/p>\n<h3>Eigenschaften Felshammer Thunder Climbing Technology<\/h3>\n<ul>\n<li>L\u00e4nge: ca. 30 cm<\/li>\n<li>Gewicht: 450 Gramm<\/li>\n<li>zum Versenken von <a href=\"https:\/\/bolting.eu\/produkt-kategorie\/felshaken-normalhaken\/\">Normalhaken-Felshaken<\/a><\/li>\n<li>gummierter Griff reduziert Schlagenergie auf Handgelenk<\/li>\n<li>schmale Hammerspitze zum Ausputzen von Rissen<\/li>\n<li>inkl. Materialkarabiner zum Befestigen am Klettergurt<\/li>\n<li>inkl. dehnbarem Auffangarm<\/li>\n<li>gutes Preis &#8211; Leistungsverh\u00e4ltnis<\/li>\n<\/ul>\n<h3>Einsatzgebiete<\/h3>\n<p>Wir empfehlen den Kletterhammer Thunder Climbing Technology f\u00fcr folgende Einsatzgebiete:<\/p>\n<ul>\n<li>Alpinklettern<\/li>\n<li><a href=\"https:\/\/bolting.eu\/consulting-errichtung\/klettergarten-errichtung\/\">Klettergarten Errichtung<\/a> mit Bohrhaken<\/li>\n<li><a href=\"https:\/\/bolting.eu\/consulting-errichtung\/klettergarten-sanierung\/\">Sanierung Klettergarten<\/a> mit Bohrhaken<\/li>\n<li><a href=\"https:\/\/bolting.eu\/klettergarten-wartung\/\">Klettergarten Wartung<\/a><\/li>\n<\/ul>\n<p>Bei Big Walls, sowie beim Handbohren bzw.\u00a0 beim Einschlagen von Klebehaken mit Glasm\u00f6rtelpatronen st\u00f6\u00dft der Hammer klar an seien Grenzen. Hier empfehlen wir einen wesentlich schwereren Hammer wie beispielsweise den Kong Felshammer Eagle.<\/p>\n<h3>Felshammer ist nicht gleich Felshammer!<\/h3>\n<p>Bitte beachtet beim Kauf des Kletterhammer Thunder Climbing Technology. Hammer ist nicht gleich Hammer. Das heisst die jeweiligen Modelle haben teilweise recht unterschiedliche Einsatzbereiche. Der Thunder Hammer ist ein sehr guter Felshammer zum Alpinklettern. Denn er ist leicht und hat einen Materialkarabiner bzw. Auffangarm integriert.<\/p>\n<p>Die drei Einsatzbereiche zu denen das Produkt NICHT zu empfehlen sind haben wir ja bereits angef\u00fchrt. Big Wall Klettern, Handbohren und das Einschlagen von Klebehaken mit Glasm\u00f6rtelpatronen. Hier braucht es schwere, wuchtige H\u00e4mmer.<\/p>\n<p>Kleine Allround H\u00e4mmer wiederum sollten etwas schwerer sein als der Thunder. Wie beispielsweise der <a href=\"https:\/\/bolting.eu\/shop\/stubai-felshammer-rocky\/\">Felshammer Rocky<\/a> von <a href=\"https:\/\/bolting.eu\/stubai-bergsport\/\">Stubai Bergsport<\/a>. Zum <a href=\"https:\/\/bolting.eu\/kletterroute-einbohren\/\">Kletterroute einbohren<\/a>\u00a0oder zum Felsen Putzen sind diese oft ebenfalls besser geeignet. Hier spielt z.B. der Cassin <a href=\"https:\/\/bolting.eu\/shop\/camp-brenta-felshammer\/\">Felshammer Brenta<\/a> seine ganze St\u00e4rke aus.<\/p>\n<p>Folglich solltet ihr euch beim Felshammer Kauf gut \u00fcberlegen was ihr vorhabt. Es lohnt sich!<br \/>\nMit dem Kletterhammer Thunder Climbing Technology jedenfalls bekommt ihr einen super Felshammer zum Alpinklettern.<\/p>\n<p>Link Tipp: <a href=\"https:\/\/www.climbingtechnology.com\/wp-content\/uploads\/2015\/06\/Instruction-manual-truck-hammer-lodge.pdf\">Bedienungsanleitung des Herstellers<\/a><\/p>\n","protected":false},"excerpt":{"rendered":"<p>Kleines, leichtes Felshammer Set. Besteht aus dem Thunder Hammer, dehnbarer Leash und Kunststoff Karabiner zum Befestigen am Klettergurt.<\/p>\n<p>Ideal f\u00fcr sporadisches Schlagen von Felshaken oder zum Kletterroten einbohren.<\/p>\n<p>Versandkostenfrei bis 2kg in <img decoding=\"async\" class=\"emoji\" role=\"img\" draggable=\"false\" src=\"https:\/\/s.w.org\/images\/core\/emoji\/14.0.0\/svg\/1f1e6-1f1f9.svg\" alt=\"\ud83c\udde6\ud83c\uddf9\" \/> ab \u20ac 100,- und <img decoding=\"async\" class=\"emoji\" role=\"img\" draggable=\"false\" src=\"https:\/\/s.w.org\/images\/core\/emoji\/14.0.0\/svg\/1f1e9-1f1ea.svg\" alt=\"\ud83c\udde9\ud83c\uddea\" \/> ab \u20ac 200,-!<\/p>\n","protected":false},"featured_media":1502,"comment_status":"closed","ping_status":"closed","template":"","meta":[],"product_brand":[],"product_cat":[4662,1210,38,3828,29],"product_tag":[262],"class_list":{"0":"post-1501","1":"product","2":"type-product","3":"status-publish","4":"has-post-thumbnail","6":"product_cat-climbing-technology","7":"product_cat-einbohrartikel","8":"product_cat-felshammer","9":"product_cat-hoehlenforscher-ausruestung","10":"product_cat-kletterausruestung","11":"product_tag-alpinklettern","13":"first","14":"instock","15":"sale","16":"taxable","17":"shipping-taxable","18":"purchasable","19":"product-type-simple"},"yoast_head":"<!-- This site is optimized with the Yoast SEO Premium plugin v26.9 (Yoast SEO v26.9) - https:\/\/yoast.com\/product\/yoast-seo-premium-wordpress\/ -->\n<title>Kletterhammer Thunder Climbing Technology | bolting.eu<\/title>\n<meta name=\"description\" content=\"KLETTERHAMMER THUNDER CLIMBING TECHNOLOGY beim Hardwareprofi aus Innsbruck kaufen \u2705 kostenloser Versand* \u2705 14 Tage R\u00fcckgaberecht \u2705 Co2 neutraler Versand\" \/>\n<meta name=\"robots\" content=\"index, follow, max-snippet:-1, max-image-preview:large, max-video-preview:-1\" \/>\n<link rel=\"canonical\" href=\"https:\/\/bolting.eu\/en\/shop\/kletterhammer-thunder-climbing-technology\/\" \/>\n<meta property=\"og:locale\" content=\"en_US\" \/>\n<meta property=\"og:type\" content=\"article\" \/>\n<meta property=\"og:title\" content=\"Kletterhammer Thunder Climbing Technology\" \/>\n<meta property=\"og:description\" content=\"KLETTERHAMMER THUNDER CLIMBING TECHNOLOGY beim Hardwareprofi aus Innsbruck kaufen \u2705 kostenloser Versand* \u2705 14 Tage R\u00fcckgaberecht \u2705 Co2 neutraler Versand\" \/>\n<meta property=\"og:url\" content=\"https:\/\/bolting.eu\/en\/shop\/kletterhammer-thunder-climbing-technology\/\" \/>\n<meta property=\"og:site_name\" content=\"bolting.eu\" \/>\n<meta property=\"article:publisher\" content=\"https:\/\/www.facebook.com\/bolting.eu\" \/>\n<meta property=\"article:modified_time\" content=\"2026-04-15T15:49:50+00:00\" \/>\n<meta property=\"og:image\" content=\"https:\/\/bolting.eu\/wp-content\/uploads\/2020\/02\/Felshammer-Thunder-Climbing-Technology.jpg\" \/>\n\t<meta property=\"og:image:width\" content=\"700\" \/>\n\t<meta property=\"og:image:height\" content=\"700\" \/>\n\t<meta property=\"og:image:type\" content=\"image\/jpeg\" \/>\n<meta name=\"twitter:card\" content=\"summary_large_image\" \/>\n<meta name=\"twitter:label1\" content=\"Price\" \/>\n\t<meta name=\"twitter:data1\" content=\"&euro;&nbsp;77,50\" \/>\n\t<meta name=\"twitter:label2\" content=\"Availability\" \/>\n\t<meta name=\"twitter:data2\" content=\"In stock\" \/>\n<script type=\"application\/ld+json\" class=\"yoast-schema-graph\">{\"@context\":\"https:\/\/schema.org\",\"@graph\":[{\"@type\":[\"WebPage\",\"ItemPage\"],\"@id\":\"https:\/\/bolting.eu\/en\/shop\/kletterhammer-thunder-climbing-technology\/\",\"url\":\"https:\/\/bolting.eu\/en\/shop\/kletterhammer-thunder-climbing-technology\/\",\"name\":\"Kletterhammer Thunder Climbing Technology | bolting.eu\",\"isPartOf\":{\"@id\":\"https:\/\/bolting.eu\/en\/#website\"},\"primaryImageOfPage\":{\"@id\":\"https:\/\/bolting.eu\/en\/shop\/kletterhammer-thunder-climbing-technology\/#primaryimage\"},\"image\":{\"@id\":\"https:\/\/bolting.eu\/en\/shop\/kletterhammer-thunder-climbing-technology\/#primaryimage\"},\"thumbnailUrl\":\"https:\/\/bolting.eu\/wp-content\/uploads\/2020\/02\/Felshammer-Thunder-Climbing-Technology.jpg\",\"datePublished\":\"2020-02-26T12:01:58+00:00\",\"dateModified\":\"2026-04-15T15:49:50+00:00\",\"description\":\"KLETTERHAMMER THUNDER CLIMBING TECHNOLOGY beim Hardwareprofi aus Innsbruck kaufen \u2705 kostenloser Versand* \u2705 14 Tage R\u00fcckgaberecht \u2705 Co2 neutraler Versand\",\"breadcrumb\":{\"@id\":\"https:\/\/bolting.eu\/en\/shop\/kletterhammer-thunder-climbing-technology\/#breadcrumb\"},\"inLanguage\":\"en-US\",\"potentialAction\":[{\"@type\":\"ReadAction\",\"target\":[\"https:\/\/bolting.eu\/en\/shop\/kletterhammer-thunder-climbing-technology\/\"]}]},{\"@type\":\"ImageObject\",\"inLanguage\":\"en-US\",\"@id\":\"https:\/\/bolting.eu\/en\/shop\/kletterhammer-thunder-climbing-technology\/#primaryimage\",\"url\":\"https:\/\/bolting.eu\/wp-content\/uploads\/2020\/02\/Felshammer-Thunder-Climbing-Technology.jpg\",\"contentUrl\":\"https:\/\/bolting.eu\/wp-content\/uploads\/2020\/02\/Felshammer-Thunder-Climbing-Technology.jpg\",\"width\":700,\"height\":700,\"caption\":\"Das Bild zeigt den Kletterhammer Thunder Climbing TEchnology. Er ist senkrecht auf einem wei\u00dfem Quadrat zu sehen. Links der dehnbare Auffangarm.\"},{\"@type\":\"BreadcrumbList\",\"@id\":\"https:\/\/bolting.eu\/en\/shop\/kletterhammer-thunder-climbing-technology\/#breadcrumb\",\"itemListElement\":[{\"@type\":\"ListItem\",\"position\":1,\"name\":\"Shop\",\"item\":\"https:\/\/bolting.eu\/en\/shop\/\"},{\"@type\":\"ListItem\",\"position\":2,\"name\":\"bolting products\",\"item\":\"https:\/\/bolting.eu\/en\/produkt-kategorie\/bolting-products\/\"},{\"@type\":\"ListItem\",\"position\":3,\"name\":\"Rock hammer\",\"item\":\"https:\/\/bolting.eu\/en\/produkt-kategorie\/rock-hammer\/\"},{\"@type\":\"ListItem\",\"position\":4,\"name\":\"Kletterhammer Thunder Climbing Technology\"}]},{\"@type\":\"WebSite\",\"@id\":\"https:\/\/bolting.eu\/en\/#website\",\"url\":\"https:\/\/bolting.eu\/en\/\",\"name\":\"bolting.eu\",\"description\":\"we make climbs happen\",\"publisher\":{\"@id\":\"https:\/\/bolting.eu\/en\/#organization\"},\"potentialAction\":[{\"@type\":\"SearchAction\",\"target\":{\"@type\":\"EntryPoint\",\"urlTemplate\":\"https:\/\/bolting.eu\/en\/?s={search_term_string}\"},\"query-input\":{\"@type\":\"PropertyValueSpecification\",\"valueRequired\":true,\"valueName\":\"search_term_string\"}}],\"inLanguage\":\"en-US\"},{\"@type\":[\"Organization\",\"Place\",\"SportingGoodsStore\"],\"@id\":\"https:\/\/bolting.eu\/en\/#organization\",\"name\":\"bolting.eu\",\"url\":\"https:\/\/bolting.eu\/en\/\",\"logo\":{\"@id\":\"https:\/\/bolting.eu\/en\/shop\/kletterhammer-thunder-climbing-technology\/#local-main-organization-logo\"},\"image\":{\"@id\":\"https:\/\/bolting.eu\/en\/shop\/kletterhammer-thunder-climbing-technology\/#local-main-organization-logo\"},\"sameAs\":[\"https:\/\/www.facebook.com\/bolting.eu\",\"https:\/\/www.instagram.com\/bolting.eu\/\"],\"address\":{\"@id\":\"https:\/\/bolting.eu\/en\/shop\/kletterhammer-thunder-climbing-technology\/#local-main-place-address\"},\"geo\":{\"@type\":\"GeoCoordinates\",\"latitude\":\"47.264176340396226\",\"longitude\":\"11.380109057672346\"},\"telephone\":[\"+43 699 19083372\"],\"openingHoursSpecification\":[{\"@type\":\"OpeningHoursSpecification\",\"dayOfWeek\":[\"Monday\",\"Wednesday\",\"Friday\"],\"opens\":\"14:00\",\"closes\":\"18:00\"},{\"@type\":\"OpeningHoursSpecification\",\"dayOfWeek\":[\"Tuesday\",\"Thursday\",\"Saturday\",\"Sunday\"],\"opens\":\"00:00\",\"closes\":\"00:00\"}],\"email\":\"office@bolting.eu\",\"vatID\":\"ATU59999728\",\"priceRange\":\"$$\",\"currenciesAccepted\":\"Euro\"},{\"@type\":\"PostalAddress\",\"@id\":\"https:\/\/bolting.eu\/en\/shop\/kletterhammer-thunder-climbing-technology\/#local-main-place-address\",\"streetAddress\":\"Fischnalerstra\u00dfe 4\",\"addressLocality\":\"Innsbruck\",\"postalCode\":\"6020\",\"addressRegion\":\"Tirol\",\"addressCountry\":\"AT\"},{\"@type\":\"ImageObject\",\"inLanguage\":\"en-US\",\"@id\":\"https:\/\/bolting.eu\/en\/shop\/kletterhammer-thunder-climbing-technology\/#local-main-organization-logo\",\"url\":\"https:\/\/bolting.eu\/wp-content\/uploads\/2019\/09\/bolting-logo.png\",\"contentUrl\":\"https:\/\/bolting.eu\/wp-content\/uploads\/2019\/09\/bolting-logo.png\",\"width\":400,\"height\":211,\"caption\":\"bolting.eu\"}]}<\/script>\n<meta property=\"product:price:amount\" content=\"77.50\" \/>\n<meta property=\"product:price:currency\" content=\"EUR\" \/>\n<meta property=\"og:availability\" content=\"instock\" \/>\n<meta property=\"product:availability\" content=\"instock\" \/>\n<meta property=\"product:retailer_item_id\" content=\"3K620A\" \/>\n<meta property=\"product:condition\" content=\"new\" \/>\n<meta name=\"geo.placename\" content=\"Innsbruck\" \/>\n<meta name=\"geo.position\" content=\"47.264176340396226;11.380109057672346\" \/>\n<meta name=\"geo.region\" content=\"Austria\" \/>\n<!-- \/ Yoast SEO Premium plugin. -->","yoast_head_json":{"title":"Kletterhammer Thunder Climbing Technology | bolting.eu","description":"KLETTERHAMMER THUNDER CLIMBING TECHNOLOGY beim Hardwareprofi aus Innsbruck kaufen \u2705 kostenloser Versand* \u2705 14 Tage R\u00fcckgaberecht \u2705 Co2 neutraler Versand","robots":{"index":"index","follow":"follow","max-snippet":"max-snippet:-1","max-image-preview":"max-image-preview:large","max-video-preview":"max-video-preview:-1"},"canonical":"https:\/\/bolting.eu\/en\/shop\/kletterhammer-thunder-climbing-technology\/","og_locale":"en_US","og_type":"article","og_title":"Kletterhammer Thunder Climbing Technology","og_description":"KLETTERHAMMER THUNDER CLIMBING TECHNOLOGY beim Hardwareprofi aus Innsbruck kaufen \u2705 kostenloser Versand* \u2705 14 Tage R\u00fcckgaberecht \u2705 Co2 neutraler Versand","og_url":"https:\/\/bolting.eu\/en\/shop\/kletterhammer-thunder-climbing-technology\/","og_site_name":"bolting.eu","article_publisher":"https:\/\/www.facebook.com\/bolting.eu","article_modified_time":"2026-04-15T15:49:50+00:00","og_image":[{"width":700,"height":700,"url":"https:\/\/bolting.eu\/wp-content\/uploads\/2020\/02\/Felshammer-Thunder-Climbing-Technology.jpg","type":"image\/jpeg"}],"twitter_card":"summary_large_image","twitter_misc":{"Price":"&euro;&nbsp;77,50","Availability":"In stock"},"schema":{"@context":"https:\/\/schema.org","@graph":[{"@type":["WebPage","ItemPage"],"@id":"https:\/\/bolting.eu\/en\/shop\/kletterhammer-thunder-climbing-technology\/","url":"https:\/\/bolting.eu\/en\/shop\/kletterhammer-thunder-climbing-technology\/","name":"Kletterhammer Thunder Climbing Technology | bolting.eu","isPartOf":{"@id":"https:\/\/bolting.eu\/en\/#website"},"primaryImageOfPage":{"@id":"https:\/\/bolting.eu\/en\/shop\/kletterhammer-thunder-climbing-technology\/#primaryimage"},"image":{"@id":"https:\/\/bolting.eu\/en\/shop\/kletterhammer-thunder-climbing-technology\/#primaryimage"},"thumbnailUrl":"https:\/\/bolting.eu\/wp-content\/uploads\/2020\/02\/Felshammer-Thunder-Climbing-Technology.jpg","datePublished":"2020-02-26T12:01:58+00:00","dateModified":"2026-04-15T15:49:50+00:00","description":"KLETTERHAMMER THUNDER CLIMBING TECHNOLOGY beim Hardwareprofi aus Innsbruck kaufen \u2705 kostenloser Versand* \u2705 14 Tage R\u00fcckgaberecht \u2705 Co2 neutraler Versand","breadcrumb":{"@id":"https:\/\/bolting.eu\/en\/shop\/kletterhammer-thunder-climbing-technology\/#breadcrumb"},"inLanguage":"en-US","potentialAction":[{"@type":"ReadAction","target":["https:\/\/bolting.eu\/en\/shop\/kletterhammer-thunder-climbing-technology\/"]}]},{"@type":"ImageObject","inLanguage":"en-US","@id":"https:\/\/bolting.eu\/en\/shop\/kletterhammer-thunder-climbing-technology\/#primaryimage","url":"https:\/\/bolting.eu\/wp-content\/uploads\/2020\/02\/Felshammer-Thunder-Climbing-Technology.jpg","contentUrl":"https:\/\/bolting.eu\/wp-content\/uploads\/2020\/02\/Felshammer-Thunder-Climbing-Technology.jpg","width":700,"height":700,"caption":"Das Bild zeigt den Kletterhammer Thunder Climbing TEchnology. Er ist senkrecht auf einem wei\u00dfem Quadrat zu sehen. Links der dehnbare Auffangarm."},{"@type":"BreadcrumbList","@id":"https:\/\/bolting.eu\/en\/shop\/kletterhammer-thunder-climbing-technology\/#breadcrumb","itemListElement":[{"@type":"ListItem","position":1,"name":"Shop","item":"https:\/\/bolting.eu\/en\/shop\/"},{"@type":"ListItem","position":2,"name":"bolting products","item":"https:\/\/bolting.eu\/en\/produkt-kategorie\/bolting-products\/"},{"@type":"ListItem","position":3,"name":"Rock hammer","item":"https:\/\/bolting.eu\/en\/produkt-kategorie\/rock-hammer\/"},{"@type":"ListItem","position":4,"name":"Kletterhammer Thunder Climbing Technology"}]},{"@type":"WebSite","@id":"https:\/\/bolting.eu\/en\/#website","url":"https:\/\/bolting.eu\/en\/","name":"bolting.eu","description":"we make climbs happen","publisher":{"@id":"https:\/\/bolting.eu\/en\/#organization"},"potentialAction":[{"@type":"SearchAction","target":{"@type":"EntryPoint","urlTemplate":"https:\/\/bolting.eu\/en\/?s={search_term_string}"},"query-input":{"@type":"PropertyValueSpecification","valueRequired":true,"valueName":"search_term_string"}}],"inLanguage":"en-US"},{"@type":["Organization","Place","SportingGoodsStore"],"@id":"https:\/\/bolting.eu\/en\/#organization","name":"bolting.eu","url":"https:\/\/bolting.eu\/en\/","logo":{"@id":"https:\/\/bolting.eu\/en\/shop\/kletterhammer-thunder-climbing-technology\/#local-main-organization-logo"},"image":{"@id":"https:\/\/bolting.eu\/en\/shop\/kletterhammer-thunder-climbing-technology\/#local-main-organization-logo"},"sameAs":["https:\/\/www.facebook.com\/bolting.eu","https:\/\/www.instagram.com\/bolting.eu\/"],"address":{"@id":"https:\/\/bolting.eu\/en\/shop\/kletterhammer-thunder-climbing-technology\/#local-main-place-address"},"geo":{"@type":"GeoCoordinates","latitude":"47.264176340396226","longitude":"11.380109057672346"},"telephone":["+43 699 19083372"],"openingHoursSpecification":[{"@type":"OpeningHoursSpecification","dayOfWeek":["Monday","Wednesday","Friday"],"opens":"14:00","closes":"18:00"},{"@type":"OpeningHoursSpecification","dayOfWeek":["Tuesday","Thursday","Saturday","Sunday"],"opens":"00:00","closes":"00:00"}],"email":"office@bolting.eu","vatID":"ATU59999728","priceRange":"$$","currenciesAccepted":"Euro"},{"@type":"PostalAddress","@id":"https:\/\/bolting.eu\/en\/shop\/kletterhammer-thunder-climbing-technology\/#local-main-place-address","streetAddress":"Fischnalerstra\u00dfe 4","addressLocality":"Innsbruck","postalCode":"6020","addressRegion":"Tirol","addressCountry":"AT"},{"@type":"ImageObject","inLanguage":"en-US","@id":"https:\/\/bolting.eu\/en\/shop\/kletterhammer-thunder-climbing-technology\/#local-main-organization-logo","url":"https:\/\/bolting.eu\/wp-content\/uploads\/2019\/09\/bolting-logo.png","contentUrl":"https:\/\/bolting.eu\/wp-content\/uploads\/2019\/09\/bolting-logo.png","width":400,"height":211,"caption":"bolting.eu"}]},"product_price_amount":"77.50","product_price_currency":"EUR","og_availability":"instock","product_availability":"instock","product_retailer_item_id":"3K620A","product_condition":"new","geo.placename":"Innsbruck","geo.position":{"lat":"47.264176340396226","long":"11.380109057672346"},"geo.region":"Austria"},"_links":{"self":[{"href":"https:\/\/bolting.eu\/en\/wp-json\/wp\/v2\/product\/1501","targetHints":{"allow":["GET"]}}],"collection":[{"href":"https:\/\/bolting.eu\/en\/wp-json\/wp\/v2\/product"}],"about":[{"href":"https:\/\/bolting.eu\/en\/wp-json\/wp\/v2\/types\/product"}],"replies":[{"embeddable":true,"href":"https:\/\/bolting.eu\/en\/wp-json\/wp\/v2\/comments?post=1501"}],"wp:featuredmedia":[{"embeddable":true,"href":"https:\/\/bolting.eu\/en\/wp-json\/wp\/v2\/media\/1502"}],"wp:attachment":[{"href":"https:\/\/bolting.eu\/en\/wp-json\/wp\/v2\/media?parent=1501"}],"wp:term":[{"taxonomy":"product_brand","embeddable":true,"href":"https:\/\/bolting.eu\/en\/wp-json\/wp\/v2\/product_brand?post=1501"},{"taxonomy":"product_cat","embeddable":true,"href":"https:\/\/bolting.eu\/en\/wp-json\/wp\/v2\/product_cat?post=1501"},{"taxonomy":"product_tag","embeddable":true,"href":"https:\/\/bolting.eu\/en\/wp-json\/wp\/v2\/product_tag?post=1501"}],"curies":[{"name":"wp","href":"https:\/\/api.w.org\/{rel}","templated":true}]}}