{"id":1494,"date":"2020-02-26T12:09:12","date_gmt":"2020-02-26T11:09:12","guid":{"rendered":"https:\/\/bolting.eu\/?post_type=product&#038;p=1494"},"modified":"2024-03-25T12:20:50","modified_gmt":"2024-03-25T11:20:50","slug":"einbohr-materialtasche-pvc","status":"publish","type":"product","link":"https:\/\/bolting.eu\/en\/shop\/einbohr-materialtasche-pvc\/","title":{"rendered":"Einbohr Materialtasche PVC"},"content":{"rendered":"<p>Diese kleine Einbohr Materialtasche ist perfekt f\u00fcr jeden Einbohrer.<\/p>\n<p>Denn erstens besteht sie aus abriebfestem PVC. Zweitens bietet sie Platz f\u00fcr das Material von einer Seill\u00e4nge. Drittens kann man auch einen <a href=\"https:\/\/bolting.eu\/produkt-kategorie\/felshammer\/\">Felshammer<\/a> daran befestigen. Und viertens ist sie verschlie\u00dfbar sodass nichts herausfallen kann. Die Tasche wird mit einem <a href=\"https:\/\/bolting.eu\/produkt-kategorie\/karabiner-kletterkarabiner\/\">Karabiner<\/a> am Klettergurt befestigt.<\/p>\n<p>Hersteller ist die Firma <a href=\"https:\/\/bolting.eu\/fixe-climbing\/\">Fixe Climbing<\/a>.<\/p>\n<h3>Eigenschaften Einbohr Materialtasche<\/h3>\n<ul>\n<li>Gewicht: nur ca. 130 Gramm<\/li>\n<li>Volumen: ca. 2 Liter bzw. Material f\u00fcr 1 Seill\u00e4nge<\/li>\n<li>Ma\u00dfe: 23x19x3cm<\/li>\n<li>Material: abriebfestes PVC<\/li>\n<li>Befestigungsschlaufe f\u00fcr einen Karabiner<\/li>\n<li>inkl. Hammerhalterung<\/li>\n<\/ul>\n<h3>Einsatzgebiete<\/h3>\n<p>Einer der Hauptargumente f\u00fcr die Verwendung der Einbohr Materialtasche ist das saubere Arbeiten. Was, wie? Sauberes Arbeiten und Einbohren? Wie passt das zusammen?!?<\/p>\n<p>Wir meinen damit nat\u00fcrlich nicht weniger Schmutz, Bohrmehl oder Sand. Wir meinen damit zum einen \u00fcbersichtliches und z\u00fcgiges Arbeiten. Mit der Tasche hat man die ben\u00f6tigten Materialien immer gleich zur Hand. Das lange Herumsuchen im Einbohr <a href=\"https:\/\/bolting.eu\/produkt-kategorie\/haulbag\/\">Haulbag<\/a> f\u00e4llt weg.<\/p>\n<p>Und zum anderen kann man seine Materialien \u00f6rtlich sauber trennen. Beispielsweise bei Sanierungen. Die alten verzinkten Sachen wandern z.B. in den Haulbag. Die neuen Edelstahl Komponenten werden aus der Materialtasche geholt. So k\u00f6nnen die unterschiedlichen Materialen klargetrennt werden. Das vermeidet mitunter die <a href=\"https:\/\/bolting.eu\/galvanische-korrosion-bei-bohrhaken\/\">galvanische Korrosion<\/a> bei Bohrhaken.<\/p>\n<p>Somit ist die Einbohr Materialtasche ideal geeignet f\u00fcr diese Einsatzgebiete:<\/p>\n<ul>\n<li><a href=\"https:\/\/bolting.eu\/consulting-errichtung\/klettergarten-errichtung\/\">Klettergarten Errichtung<\/a><\/li>\n<li><a href=\"https:\/\/bolting.eu\/consulting-errichtung\/klettergarten-sanierung\/\">Sanierung Kletterg\u00e4rten<\/a><\/li>\n<li><a href=\"https:\/\/bolting.eu\/klettergarten-wartung\/\">Klettergarten Wartung<\/a><\/li>\n<li><a href=\"https:\/\/bolting.eu\/produkt-kategorie\/klettersteigbau-klettersteigmaterial\/\">Klettersteigbau<\/a><\/li>\n<\/ul>\n<h3>Was passt in die Einbohr Materialtasche?<\/h3>\n<p>Folgende Mengen an Material passen in die Tasche:<\/p>\n<ul>\n<li>ca. 12 <a href=\"https:\/\/bolting.eu\/produkt-kategorie\/bohrhaken\/\">Bohrhaken<\/a> und <a href=\"https:\/\/bolting.eu\/produkt-kategorie\/bohrhakenlasche\/\">Bohrhakenlaschen<\/a><\/li>\n<li>ca. 20 kleine <a href=\"https:\/\/bolting.eu\/produkt-kategorie\/klebehaken-buehlerhaken\/\">Klebehaken<\/a> bzw. 15 gr\u00f6\u00dfere<\/li>\n<li>ca. 25 <a href=\"https:\/\/bolting.eu\/produkt-kategorie\/schraubglied-rapidglied\/\">Schraubglieder-Rapidglieder<\/a><\/li>\n<li>1 Reserve <a href=\"https:\/\/bolting.eu\/produkt-kategorie\/injektionsmoertel\/\">Injektionsm\u00f6rtel<\/a><\/li>\n<li>ca. 10-15 <a href=\"https:\/\/bolting.eu\/produkt-kategorie\/felshaken-normalhaken\/\">Felshaken-<\/a><a href=\"https:\/\/bolting.eu\/produkt-kategorie\/felshaken-normalhaken\/\">Normalhaken<\/a><\/li>\n<\/ul>\n<h3>Praxis Tipp<\/h3>\n<p>Wir empfehlen Euch f\u00fcr Eure Ausr\u00fcstung 2-4 Stk. Taschen wie diese Einbohr Materialtasche. Erfahrungsgem\u00e4\u00df ist es vorteilhaft die Hardware Komponenten sortenrein aufzubewahren bzw. zu transportieren. Einerseits werden Stahlqualit\u00e4ten so nicht vermischt. Andererseits bleiben die Oberfl\u00e4chen frei von anderen Metallsp\u00e4nen. \u00dcberdies spart man sich auch viel Zeit, weil man nicht umst\u00e4ndlich suchen muss. Wie hei\u00dft es so sch\u00f6n? Ordnung ist das halbe Leben!<\/p>\n<p>Link Tipp: <a href=\"https:\/\/www.fixeclimbing.com\" target=\"_blank\" rel=\"noopener noreferrer\">zum Hersteller<\/a><\/p>\n","protected":false},"excerpt":{"rendered":"<ul>\n<li>Gewicht: nur ca. 130 Gramm<\/li>\n<li>Volumen: ca. 2 Liter bzw. Material f\u00fcr 1 Seill\u00e4nge<\/li>\n<li>Ma\u00dfe: 23x19x3cm<\/li>\n<li>Material: abriebfestes PVC<\/li>\n<li>Befestigungsschlaufe f\u00fcr einen Karabiner<\/li>\n<li>inkl. Hammerhalterung<\/li>\n<\/ul>\n","protected":false},"featured_media":1495,"comment_status":"closed","ping_status":"closed","template":"","meta":[],"product_brand":[],"product_cat":[3828,4665],"product_tag":[],"class_list":{"0":"post-1494","1":"product","2":"type-product","3":"status-publish","4":"has-post-thumbnail","6":"product_cat-hoehlenforscher-ausruestung","7":"product_cat-fixe-climbing","9":"first","10":"outofstock","11":"sale","12":"taxable","13":"shipping-taxable","14":"purchasable","15":"product-type-simple"},"yoast_head":"<!-- This site is optimized with the Yoast SEO Premium plugin v26.9 (Yoast SEO v26.9) - https:\/\/yoast.com\/product\/yoast-seo-premium-wordpress\/ -->\n<title>Einbohr Materialtasche PVC - jetzt online kaufen bei bolting.eu<\/title>\n<meta name=\"description\" content=\"Hier findet Ihr die Einbohr Materialtasche von Fixe Climbing aus abriebfestem PVC. Die perfekte Tasche f\u00fcr Bohrhaken, Laschen, Klebehaken und Rapid Glieder!\" \/>\n<meta name=\"robots\" content=\"index, follow, max-snippet:-1, max-image-preview:large, max-video-preview:-1\" \/>\n<link rel=\"canonical\" href=\"https:\/\/bolting.eu\/en\/shop\/einbohr-materialtasche-pvc\/\" \/>\n<meta property=\"og:locale\" content=\"en_US\" \/>\n<meta property=\"og:type\" content=\"article\" \/>\n<meta property=\"og:title\" content=\"Einbohr Materialtasche PVC\" \/>\n<meta property=\"og:description\" content=\"Hier findet Ihr die Einbohr Materialtasche von Fixe Climbing aus abriebfestem PVC. Die perfekte Tasche f\u00fcr Bohrhaken, Laschen, Klebehaken und Rapid Glieder!\" \/>\n<meta property=\"og:url\" content=\"https:\/\/bolting.eu\/en\/shop\/einbohr-materialtasche-pvc\/\" \/>\n<meta property=\"og:site_name\" content=\"bolting.eu\" \/>\n<meta property=\"article:publisher\" content=\"https:\/\/www.facebook.com\/bolting.eu\" \/>\n<meta property=\"article:modified_time\" content=\"2024-03-25T11:20:50+00:00\" \/>\n<meta property=\"og:image\" content=\"https:\/\/bolting.eu\/wp-content\/uploads\/2020\/02\/Einbohr-Materialtasche-PVC.jpg\" \/>\n\t<meta property=\"og:image:width\" content=\"700\" \/>\n\t<meta property=\"og:image:height\" content=\"700\" \/>\n\t<meta property=\"og:image:type\" content=\"image\/jpeg\" \/>\n<meta name=\"twitter:card\" content=\"summary_large_image\" \/>\n<meta name=\"twitter:label1\" content=\"Price\" \/>\n\t<meta name=\"twitter:data1\" content=\"&euro;&nbsp;16,90\" \/>\n\t<meta name=\"twitter:label2\" content=\"Availability\" \/>\n\t<meta name=\"twitter:data2\" content=\"Out of stock\" \/>\n<script type=\"application\/ld+json\" class=\"yoast-schema-graph\">{\"@context\":\"https:\/\/schema.org\",\"@graph\":[{\"@type\":[\"WebPage\",\"ItemPage\"],\"@id\":\"https:\/\/bolting.eu\/en\/shop\/einbohr-materialtasche-pvc\/\",\"url\":\"https:\/\/bolting.eu\/en\/shop\/einbohr-materialtasche-pvc\/\",\"name\":\"Einbohr Materialtasche PVC - jetzt online kaufen bei bolting.eu\",\"isPartOf\":{\"@id\":\"https:\/\/bolting.eu\/en\/#website\"},\"primaryImageOfPage\":{\"@id\":\"https:\/\/bolting.eu\/en\/shop\/einbohr-materialtasche-pvc\/#primaryimage\"},\"image\":{\"@id\":\"https:\/\/bolting.eu\/en\/shop\/einbohr-materialtasche-pvc\/#primaryimage\"},\"thumbnailUrl\":\"https:\/\/bolting.eu\/wp-content\/uploads\/2020\/02\/Einbohr-Materialtasche-PVC.jpg\",\"datePublished\":\"2020-02-26T11:09:12+00:00\",\"dateModified\":\"2024-03-25T11:20:50+00:00\",\"description\":\"Hier findet Ihr die Einbohr Materialtasche von Fixe Climbing aus abriebfestem PVC. Die perfekte Tasche f\u00fcr Bohrhaken, Laschen, Klebehaken und Rapid Glieder!\",\"breadcrumb\":{\"@id\":\"https:\/\/bolting.eu\/en\/shop\/einbohr-materialtasche-pvc\/#breadcrumb\"},\"inLanguage\":\"en-US\",\"potentialAction\":[{\"@type\":\"ReadAction\",\"target\":[\"https:\/\/bolting.eu\/en\/shop\/einbohr-materialtasche-pvc\/\"]}]},{\"@type\":\"ImageObject\",\"inLanguage\":\"en-US\",\"@id\":\"https:\/\/bolting.eu\/en\/shop\/einbohr-materialtasche-pvc\/#primaryimage\",\"url\":\"https:\/\/bolting.eu\/wp-content\/uploads\/2020\/02\/Einbohr-Materialtasche-PVC.jpg\",\"contentUrl\":\"https:\/\/bolting.eu\/wp-content\/uploads\/2020\/02\/Einbohr-Materialtasche-PVC.jpg\",\"width\":700,\"height\":700,\"caption\":\"Das Bild zeigt eine blaue Einbohr Materialtasche aus PVC in einem wei\u00dfem Quadrat. Die Tasche liegt in Bildmitte, hat einen schwarzen Verschluss und das HErstellerlogo links unten auf der Tasche.\"},{\"@type\":\"BreadcrumbList\",\"@id\":\"https:\/\/bolting.eu\/en\/shop\/einbohr-materialtasche-pvc\/#breadcrumb\",\"itemListElement\":[{\"@type\":\"ListItem\",\"position\":1,\"name\":\"Shop\",\"item\":\"https:\/\/bolting.eu\/en\/shop\/\"},{\"@type\":\"ListItem\",\"position\":2,\"name\":\"Fixed Climbing\",\"item\":\"https:\/\/bolting.eu\/en\/produkt-kategorie\/fixed-climbing\/\"},{\"@type\":\"ListItem\",\"position\":3,\"name\":\"Einbohr Materialtasche PVC\"}]},{\"@type\":\"WebSite\",\"@id\":\"https:\/\/bolting.eu\/en\/#website\",\"url\":\"https:\/\/bolting.eu\/en\/\",\"name\":\"bolting.eu\",\"description\":\"we make climbs happen\",\"publisher\":{\"@id\":\"https:\/\/bolting.eu\/en\/#organization\"},\"potentialAction\":[{\"@type\":\"SearchAction\",\"target\":{\"@type\":\"EntryPoint\",\"urlTemplate\":\"https:\/\/bolting.eu\/en\/?s={search_term_string}\"},\"query-input\":{\"@type\":\"PropertyValueSpecification\",\"valueRequired\":true,\"valueName\":\"search_term_string\"}}],\"inLanguage\":\"en-US\"},{\"@type\":[\"Organization\",\"Place\",\"SportingGoodsStore\"],\"@id\":\"https:\/\/bolting.eu\/en\/#organization\",\"name\":\"bolting.eu\",\"url\":\"https:\/\/bolting.eu\/en\/\",\"logo\":{\"@id\":\"https:\/\/bolting.eu\/en\/shop\/einbohr-materialtasche-pvc\/#local-main-organization-logo\"},\"image\":{\"@id\":\"https:\/\/bolting.eu\/en\/shop\/einbohr-materialtasche-pvc\/#local-main-organization-logo\"},\"sameAs\":[\"https:\/\/www.facebook.com\/bolting.eu\",\"https:\/\/www.instagram.com\/bolting.eu\/\"],\"address\":{\"@id\":\"https:\/\/bolting.eu\/en\/shop\/einbohr-materialtasche-pvc\/#local-main-place-address\"},\"geo\":{\"@type\":\"GeoCoordinates\",\"latitude\":\"47.264176340396226\",\"longitude\":\"11.380109057672346\"},\"telephone\":[\"+43 699 19083372\"],\"openingHoursSpecification\":[{\"@type\":\"OpeningHoursSpecification\",\"dayOfWeek\":[\"Monday\",\"Wednesday\",\"Friday\"],\"opens\":\"14:00\",\"closes\":\"18:00\"},{\"@type\":\"OpeningHoursSpecification\",\"dayOfWeek\":[\"Tuesday\",\"Thursday\",\"Saturday\",\"Sunday\"],\"opens\":\"00:00\",\"closes\":\"00:00\"}],\"email\":\"office@bolting.eu\",\"vatID\":\"ATU59999728\",\"priceRange\":\"$$\",\"currenciesAccepted\":\"Euro\"},{\"@type\":\"PostalAddress\",\"@id\":\"https:\/\/bolting.eu\/en\/shop\/einbohr-materialtasche-pvc\/#local-main-place-address\",\"streetAddress\":\"Fischnalerstra\u00dfe 4\",\"addressLocality\":\"Innsbruck\",\"postalCode\":\"6020\",\"addressRegion\":\"Tirol\",\"addressCountry\":\"AT\"},{\"@type\":\"ImageObject\",\"inLanguage\":\"en-US\",\"@id\":\"https:\/\/bolting.eu\/en\/shop\/einbohr-materialtasche-pvc\/#local-main-organization-logo\",\"url\":\"https:\/\/bolting.eu\/wp-content\/uploads\/2019\/09\/bolting-logo.png\",\"contentUrl\":\"https:\/\/bolting.eu\/wp-content\/uploads\/2019\/09\/bolting-logo.png\",\"width\":400,\"height\":211,\"caption\":\"bolting.eu\"}]}<\/script>\n<meta property=\"product:price:amount\" content=\"16.90\" \/>\n<meta property=\"product:price:currency\" content=\"EUR\" \/>\n<meta property=\"og:availability\" content=\"out of stock\" \/>\n<meta property=\"product:availability\" content=\"out of stock\" \/>\n<meta property=\"product:retailer_item_id\" content=\"Fixe-PVC.s\" \/>\n<meta property=\"product:condition\" content=\"new\" \/>\n<meta name=\"geo.placename\" content=\"Innsbruck\" \/>\n<meta name=\"geo.position\" content=\"47.264176340396226;11.380109057672346\" \/>\n<meta name=\"geo.region\" content=\"Austria\" \/>\n<!-- \/ Yoast SEO Premium plugin. -->","yoast_head_json":{"title":"Einbohr Materialtasche PVC - jetzt online kaufen bei bolting.eu","description":"Hier findet Ihr die Einbohr Materialtasche von Fixe Climbing aus abriebfestem PVC. Die perfekte Tasche f\u00fcr Bohrhaken, Laschen, Klebehaken und Rapid Glieder!","robots":{"index":"index","follow":"follow","max-snippet":"max-snippet:-1","max-image-preview":"max-image-preview:large","max-video-preview":"max-video-preview:-1"},"canonical":"https:\/\/bolting.eu\/en\/shop\/einbohr-materialtasche-pvc\/","og_locale":"en_US","og_type":"article","og_title":"Einbohr Materialtasche PVC","og_description":"Hier findet Ihr die Einbohr Materialtasche von Fixe Climbing aus abriebfestem PVC. Die perfekte Tasche f\u00fcr Bohrhaken, Laschen, Klebehaken und Rapid Glieder!","og_url":"https:\/\/bolting.eu\/en\/shop\/einbohr-materialtasche-pvc\/","og_site_name":"bolting.eu","article_publisher":"https:\/\/www.facebook.com\/bolting.eu","article_modified_time":"2024-03-25T11:20:50+00:00","og_image":[{"width":700,"height":700,"url":"https:\/\/bolting.eu\/wp-content\/uploads\/2020\/02\/Einbohr-Materialtasche-PVC.jpg","type":"image\/jpeg"}],"twitter_card":"summary_large_image","twitter_misc":{"Price":"&euro;&nbsp;16,90","Availability":"Out of stock"},"schema":{"@context":"https:\/\/schema.org","@graph":[{"@type":["WebPage","ItemPage"],"@id":"https:\/\/bolting.eu\/en\/shop\/einbohr-materialtasche-pvc\/","url":"https:\/\/bolting.eu\/en\/shop\/einbohr-materialtasche-pvc\/","name":"Einbohr Materialtasche PVC - jetzt online kaufen bei bolting.eu","isPartOf":{"@id":"https:\/\/bolting.eu\/en\/#website"},"primaryImageOfPage":{"@id":"https:\/\/bolting.eu\/en\/shop\/einbohr-materialtasche-pvc\/#primaryimage"},"image":{"@id":"https:\/\/bolting.eu\/en\/shop\/einbohr-materialtasche-pvc\/#primaryimage"},"thumbnailUrl":"https:\/\/bolting.eu\/wp-content\/uploads\/2020\/02\/Einbohr-Materialtasche-PVC.jpg","datePublished":"2020-02-26T11:09:12+00:00","dateModified":"2024-03-25T11:20:50+00:00","description":"Hier findet Ihr die Einbohr Materialtasche von Fixe Climbing aus abriebfestem PVC. Die perfekte Tasche f\u00fcr Bohrhaken, Laschen, Klebehaken und Rapid Glieder!","breadcrumb":{"@id":"https:\/\/bolting.eu\/en\/shop\/einbohr-materialtasche-pvc\/#breadcrumb"},"inLanguage":"en-US","potentialAction":[{"@type":"ReadAction","target":["https:\/\/bolting.eu\/en\/shop\/einbohr-materialtasche-pvc\/"]}]},{"@type":"ImageObject","inLanguage":"en-US","@id":"https:\/\/bolting.eu\/en\/shop\/einbohr-materialtasche-pvc\/#primaryimage","url":"https:\/\/bolting.eu\/wp-content\/uploads\/2020\/02\/Einbohr-Materialtasche-PVC.jpg","contentUrl":"https:\/\/bolting.eu\/wp-content\/uploads\/2020\/02\/Einbohr-Materialtasche-PVC.jpg","width":700,"height":700,"caption":"Das Bild zeigt eine blaue Einbohr Materialtasche aus PVC in einem wei\u00dfem Quadrat. Die Tasche liegt in Bildmitte, hat einen schwarzen Verschluss und das HErstellerlogo links unten auf der Tasche."},{"@type":"BreadcrumbList","@id":"https:\/\/bolting.eu\/en\/shop\/einbohr-materialtasche-pvc\/#breadcrumb","itemListElement":[{"@type":"ListItem","position":1,"name":"Shop","item":"https:\/\/bolting.eu\/en\/shop\/"},{"@type":"ListItem","position":2,"name":"Fixed Climbing","item":"https:\/\/bolting.eu\/en\/produkt-kategorie\/fixed-climbing\/"},{"@type":"ListItem","position":3,"name":"Einbohr Materialtasche PVC"}]},{"@type":"WebSite","@id":"https:\/\/bolting.eu\/en\/#website","url":"https:\/\/bolting.eu\/en\/","name":"bolting.eu","description":"we make climbs happen","publisher":{"@id":"https:\/\/bolting.eu\/en\/#organization"},"potentialAction":[{"@type":"SearchAction","target":{"@type":"EntryPoint","urlTemplate":"https:\/\/bolting.eu\/en\/?s={search_term_string}"},"query-input":{"@type":"PropertyValueSpecification","valueRequired":true,"valueName":"search_term_string"}}],"inLanguage":"en-US"},{"@type":["Organization","Place","SportingGoodsStore"],"@id":"https:\/\/bolting.eu\/en\/#organization","name":"bolting.eu","url":"https:\/\/bolting.eu\/en\/","logo":{"@id":"https:\/\/bolting.eu\/en\/shop\/einbohr-materialtasche-pvc\/#local-main-organization-logo"},"image":{"@id":"https:\/\/bolting.eu\/en\/shop\/einbohr-materialtasche-pvc\/#local-main-organization-logo"},"sameAs":["https:\/\/www.facebook.com\/bolting.eu","https:\/\/www.instagram.com\/bolting.eu\/"],"address":{"@id":"https:\/\/bolting.eu\/en\/shop\/einbohr-materialtasche-pvc\/#local-main-place-address"},"geo":{"@type":"GeoCoordinates","latitude":"47.264176340396226","longitude":"11.380109057672346"},"telephone":["+43 699 19083372"],"openingHoursSpecification":[{"@type":"OpeningHoursSpecification","dayOfWeek":["Monday","Wednesday","Friday"],"opens":"14:00","closes":"18:00"},{"@type":"OpeningHoursSpecification","dayOfWeek":["Tuesday","Thursday","Saturday","Sunday"],"opens":"00:00","closes":"00:00"}],"email":"office@bolting.eu","vatID":"ATU59999728","priceRange":"$$","currenciesAccepted":"Euro"},{"@type":"PostalAddress","@id":"https:\/\/bolting.eu\/en\/shop\/einbohr-materialtasche-pvc\/#local-main-place-address","streetAddress":"Fischnalerstra\u00dfe 4","addressLocality":"Innsbruck","postalCode":"6020","addressRegion":"Tirol","addressCountry":"AT"},{"@type":"ImageObject","inLanguage":"en-US","@id":"https:\/\/bolting.eu\/en\/shop\/einbohr-materialtasche-pvc\/#local-main-organization-logo","url":"https:\/\/bolting.eu\/wp-content\/uploads\/2019\/09\/bolting-logo.png","contentUrl":"https:\/\/bolting.eu\/wp-content\/uploads\/2019\/09\/bolting-logo.png","width":400,"height":211,"caption":"bolting.eu"}]},"product_price_amount":"16.90","product_price_currency":"EUR","og_availability":"out of stock","product_availability":"out of stock","product_retailer_item_id":"Fixe-PVC.s","product_condition":"new","geo.placename":"Innsbruck","geo.position":{"lat":"47.264176340396226","long":"11.380109057672346"},"geo.region":"Austria"},"_links":{"self":[{"href":"https:\/\/bolting.eu\/en\/wp-json\/wp\/v2\/product\/1494","targetHints":{"allow":["GET"]}}],"collection":[{"href":"https:\/\/bolting.eu\/en\/wp-json\/wp\/v2\/product"}],"about":[{"href":"https:\/\/bolting.eu\/en\/wp-json\/wp\/v2\/types\/product"}],"replies":[{"embeddable":true,"href":"https:\/\/bolting.eu\/en\/wp-json\/wp\/v2\/comments?post=1494"}],"wp:featuredmedia":[{"embeddable":true,"href":"https:\/\/bolting.eu\/en\/wp-json\/wp\/v2\/media\/1495"}],"wp:attachment":[{"href":"https:\/\/bolting.eu\/en\/wp-json\/wp\/v2\/media?parent=1494"}],"wp:term":[{"taxonomy":"product_brand","embeddable":true,"href":"https:\/\/bolting.eu\/en\/wp-json\/wp\/v2\/product_brand?post=1494"},{"taxonomy":"product_cat","embeddable":true,"href":"https:\/\/bolting.eu\/en\/wp-json\/wp\/v2\/product_cat?post=1494"},{"taxonomy":"product_tag","embeddable":true,"href":"https:\/\/bolting.eu\/en\/wp-json\/wp\/v2\/product_tag?post=1494"}],"curies":[{"name":"wp","href":"https:\/\/api.w.org\/{rel}","templated":true}]}}