{"id":14900,"date":"2023-01-30T15:14:04","date_gmt":"2023-01-30T14:14:04","guid":{"rendered":"https:\/\/bolting.eu\/?post_type=product&#038;p=14900"},"modified":"2025-12-17T17:42:05","modified_gmt":"2025-12-17T16:42:05","slug":"petzl-gemini-doppelte-prusikrolle","status":"publish","type":"product","link":"https:\/\/bolting.eu\/en\/shop\/petzl-gemini-doppelte-prusikrolle\/","title":{"rendered":"Petzl Gemini &#8211; Doppelte Prusikrolle"},"content":{"rendered":"<p>Die Petzl Gemini ist eine doppelte Prusikrolle. D.h. wir haben es hier zum einen mit einem Modell mit zwei Rollen zu tun. Und zum anderen mit einem Produkt, f\u00fcr welches ein Kurzprusik die designierte R\u00fccklaufsperre ist.<\/p>\n<p>Folglich ist es eine Rolle f\u00fcr leichte Systeme mit R\u00fccklaufsperre.<\/p>\n<p>Als besonderes Feature hat dieses Produkt auf der Unterseite eine \u00d6se. Diese erm\u00f6glicht viele verschiedene, komplexere Flaschenzugsysteme. Wie z.B. einen 4:1 Flaschenzug.<\/p>\n<p>Die simple Version mit einer Rolle ist die <a href=\"https:\/\/bolting.eu\/shop\/petzl-mini-prusikrolle\/\">Petzl Mini Rolle<\/a>.<\/p>\n<h2>Eigenschaften Gemini &#8211; doppelte Prusikrolle<\/h2>\n<ul>\n<li>Hersteller: <a href=\"https:\/\/bolting.eu\/produkt-kategorie\/petzl\/\">Petzl<\/a><\/li>\n<li>Material: Alu<\/li>\n<li>Gewicht: 135 Gramm<\/li>\n<li>Norm: EN 12278<\/li>\n<li>f\u00fcr Seile 7 \u2013 11mm<\/li>\n<li>Gr\u00f6\u00dfe ca. 96 x 60mm und 40mm tief<\/li>\n<li>Zwei parallele, 25mm Seilscheiben auf gekapseltem Kugellager<\/li>\n<li>Wirkungsgrad 91%<\/li>\n<li>Gebrauchslast an einem Strang: 1,5kN<\/li>\n<li>Gebrauchslast zwei Str\u00e4nge: 6kN<\/li>\n<li>Bruchlast: 23kN<\/li>\n<li><a href=\"https:\/\/www.petzl.com\/sfc\/servlet.shepherd\/version\/download\/0686800000GvBmSAAV\" target=\"_blank\" rel=\"noopener\">Gebrauchsanleitung<\/a><\/li>\n<li>ideales Zubeh\u00f6r: <a href=\"https:\/\/bolting.eu\/shop\/beal-jammy-prusikschlinge\/\">Jammy<\/a>, <a href=\"https:\/\/bolting.eu\/shop\/petzl-ok-screw-lock\/\">OK Screw Lock<\/a><\/li>\n<\/ul>\n<h3>F\u00fcr leichte Systeme mit R\u00fccklaufsperre<\/h3>\n<p>Die Gemini &#8211; doppelte Prusikrolle wird bei verschiedenen, leichten Flaschenzugsystem verwendet, bei denen die R\u00fccklaufsperre mit einem Kurzprusik funktioniert.<\/p>\n<p>Hierf\u00fcr sind die Seitenw\u00e4nde sehr flach gebaut. Damit kann die Rolle nicht in die Schr\u00e4glage gedr\u00fcckt werden. So l\u00e4uft das Seil effizient \u00fcber die Mitte der Rolle, ohne an die Seitenwand (Reibung!) anzuliegen.<\/p>\n<p>Durch die doppelten, parallelen Laufscheiben, k\u00f6nnen viele komplexe Flaschenzug Systeme ausgef\u00fchrt werden.<\/p>\n<figure id=\"attachment_14902\" aria-describedby=\"caption-attachment-14902\" style=\"width: 329px\" class=\"wp-caption alignnone\"><a href=\"https:\/\/bolting.eu\/wp-content\/uploads\/2023\/01\/Petzl-Gemini-5.jpg\"><img loading=\"lazy\" decoding=\"async\" class=\"wp-image-14902 size-medium\" src=\"https:\/\/bolting.eu\/wp-content\/uploads\/2023\/01\/Petzl-Gemini-5-329x400.jpg\" alt=\"Grafik zur Erkl\u00e4rung des Working Load Limit der Petzl Gemini doppelte Prusikrolle.\" width=\"329\" height=\"400\" srcset=\"https:\/\/bolting.eu\/wp-content\/uploads\/2023\/01\/Petzl-Gemini-5-329x400.jpg 329w, https:\/\/bolting.eu\/wp-content\/uploads\/2023\/01\/Petzl-Gemini-5-510x620.jpg 510w, https:\/\/bolting.eu\/wp-content\/uploads\/2023\/01\/Petzl-Gemini-5-600x729.jpg 600w, https:\/\/bolting.eu\/wp-content\/uploads\/2023\/01\/Petzl-Gemini-5.jpg 658w\" sizes=\"auto, (max-width: 329px) 100vw, 329px\" \/><\/a><figcaption id=\"caption-attachment-14902\" class=\"wp-caption-text\">Die 6 kN Working Load Limit bedingen die Verwendung f\u00fcr leichte Flaschenzug Systeme. Grafik: petzl.com<\/figcaption><\/figure>\n<h3>Petzl Gemini mit zus\u00e4tzlicher \u00d6se<\/h3>\n<p>Entscheidend f\u00fcr die Vielseitigkeit dieses Produktes ist die zus\u00e4tzliche \u00d6se. Diese ist an der Unterseite angebracht und erm\u00f6glich viele komplexe Man\u00f6ver.<\/p>\n<p>Wie z.B. einen 4:1 Flaschenzug mit direktem Einbinden des Seilendes f\u00fcr die Last.<\/p>\n<figure id=\"attachment_14904\" aria-describedby=\"caption-attachment-14904\" style=\"width: 400px\" class=\"wp-caption alignnone\"><a href=\"https:\/\/bolting.eu\/wp-content\/uploads\/2023\/01\/Petzl-Gemini-3.jpg\"><img loading=\"lazy\" decoding=\"async\" class=\"wp-image-14904 size-medium\" src=\"https:\/\/bolting.eu\/wp-content\/uploads\/2023\/01\/Petzl-Gemini-3-400x400.jpg\" alt=\"Grafik zum 4:1 Flaschenzug mit der Petzl Gemini doppelte Prusikrolle.\" width=\"400\" height=\"400\" srcset=\"https:\/\/bolting.eu\/wp-content\/uploads\/2023\/01\/Petzl-Gemini-3-400x400.jpg 400w, https:\/\/bolting.eu\/wp-content\/uploads\/2023\/01\/Petzl-Gemini-3-100x100.jpg 100w, https:\/\/bolting.eu\/wp-content\/uploads\/2023\/01\/Petzl-Gemini-3-510x510.jpg 510w, https:\/\/bolting.eu\/wp-content\/uploads\/2023\/01\/Petzl-Gemini-3-280x280.jpg 280w, https:\/\/bolting.eu\/wp-content\/uploads\/2023\/01\/Petzl-Gemini-3-300x300.jpg 300w, https:\/\/bolting.eu\/wp-content\/uploads\/2023\/01\/Petzl-Gemini-3-600x600.jpg 600w, https:\/\/bolting.eu\/wp-content\/uploads\/2023\/01\/Petzl-Gemini-3.jpg 700w\" sizes=\"auto, (max-width: 400px) 100vw, 400px\" \/><\/a><figcaption id=\"caption-attachment-14904\" class=\"wp-caption-text\">So sieht das Set Up des 4:1 Flaschenzuges aus. Das Seilende ist in der zus\u00e4tzlichen \u00d6se. Grafik: petzl.com<\/figcaption><\/figure>\n<h3>Effizienz \u00dcbersicht<\/h3>\n<p>Die 91% Wirkungsgrad der Gemini Seilrolle ergibt eine insgesamt sehr hohe Effizienz. Die folgende Grafik veranschaulicht drei Set Up Beispiele.<\/p>\n<figure id=\"attachment_14901\" aria-describedby=\"caption-attachment-14901\" style=\"width: 578px\" class=\"wp-caption alignnone\"><a href=\"https:\/\/bolting.eu\/wp-content\/uploads\/2023\/01\/Petzl-Gemini-6.jpg\"><img loading=\"lazy\" decoding=\"async\" class=\"wp-image-14901 size-medium\" src=\"https:\/\/bolting.eu\/wp-content\/uploads\/2023\/01\/Petzl-Gemini-6-578x400.jpg\" alt=\"Grafik zur \u00dcbersicht der Effizienz der Petzl Gemini doppelte Prusikrolle.\" width=\"578\" height=\"400\" srcset=\"https:\/\/bolting.eu\/wp-content\/uploads\/2023\/01\/Petzl-Gemini-6-578x400.jpg 578w, https:\/\/bolting.eu\/wp-content\/uploads\/2023\/01\/Petzl-Gemini-6-510x353.jpg 510w, https:\/\/bolting.eu\/wp-content\/uploads\/2023\/01\/Petzl-Gemini-6-768x532.jpg 768w, https:\/\/bolting.eu\/wp-content\/uploads\/2023\/01\/Petzl-Gemini-6-600x416.jpg 600w, https:\/\/bolting.eu\/wp-content\/uploads\/2023\/01\/Petzl-Gemini-6.jpg 800w\" sizes=\"auto, (max-width: 578px) 100vw, 578px\" \/><\/a><figcaption id=\"caption-attachment-14901\" class=\"wp-caption-text\">Drei Beispiele f\u00fcr die Effizienz der doppelten Prusikrolle. Grafik: petzl.com<\/figcaption><\/figure>\n","protected":false},"excerpt":{"rendered":"<p>Seilrolle mit doppelten, parallelen Laufscheiben. Ideal f\u00fcr leichte Flaschenzugsysteme mit einem Kurzprusik als R\u00fccklaufsperre.<\/p>\n<p>Zus\u00e4tzliche \u00d6se an der Unterseite erweitert die Anzahl der Hebe Systeme.<\/p>\n<p>Versandkostenfrei bis 2kg in <img decoding=\"async\" class=\"emoji\" role=\"img\" draggable=\"false\" src=\"https:\/\/s.w.org\/images\/core\/emoji\/13.1.0\/svg\/1f1e6-1f1f9.svg\" alt=\"\ud83c\udde6\ud83c\uddf9\" \/> ab \u20ac 100,- und <img decoding=\"async\" class=\"emoji\" role=\"img\" draggable=\"false\" src=\"https:\/\/s.w.org\/images\/core\/emoji\/13.1.0\/svg\/1f1e9-1f1ea.svg\" alt=\"\ud83c\udde9\ud83c\uddea\" \/> ab \u20ac 200,-!<\/p>\n","protected":false},"featured_media":14906,"comment_status":"closed","ping_status":"closed","template":"","meta":[],"product_brand":[],"product_cat":[29,4586,14093],"product_tag":[],"class_list":{"0":"post-14900","1":"product","2":"type-product","3":"status-publish","4":"has-post-thumbnail","6":"product_cat-kletterausruestung","7":"product_cat-seilrollen","8":"product_cat-petzl","10":"first","11":"instock","12":"taxable","13":"shipping-taxable","14":"purchasable","15":"product-type-simple"},"yoast_head":"<!-- This site is optimized with the Yoast SEO Premium plugin v26.9 (Yoast SEO v26.9) - https:\/\/yoast.com\/product\/yoast-seo-premium-wordpress\/ -->\n<title>Petzl Gemini - Doppelte Prusikrolle | bolting.eu<\/title>\n<meta name=\"description\" content=\"Petzl Gemini - doppelte Prusikrolle beim Kletterprofi kaufen \u2705 kostenloser Versand* \u2705 14 Tage R\u00fcckgaberecht \u2705 Co2 neutraler Versand\" \/>\n<meta name=\"robots\" content=\"index, follow, max-snippet:-1, max-image-preview:large, max-video-preview:-1\" \/>\n<link rel=\"canonical\" href=\"https:\/\/bolting.eu\/en\/shop\/petzl-gemini-doppelte-prusikrolle\/\" \/>\n<meta property=\"og:locale\" content=\"en_US\" \/>\n<meta property=\"og:type\" content=\"article\" \/>\n<meta property=\"og:title\" content=\"Petzl Gemini - Doppelte Prusikrolle\" \/>\n<meta property=\"og:description\" content=\"Petzl Gemini - doppelte Prusikrolle beim Kletterprofi kaufen \u2705 kostenloser Versand* \u2705 14 Tage R\u00fcckgaberecht \u2705 Co2 neutraler Versand\" \/>\n<meta property=\"og:url\" content=\"https:\/\/bolting.eu\/en\/shop\/petzl-gemini-doppelte-prusikrolle\/\" \/>\n<meta property=\"og:site_name\" content=\"bolting.eu\" \/>\n<meta property=\"article:publisher\" content=\"https:\/\/www.facebook.com\/bolting.eu\" \/>\n<meta property=\"article:modified_time\" content=\"2025-12-17T16:42:05+00:00\" \/>\n<meta property=\"og:image\" content=\"https:\/\/bolting.eu\/wp-content\/uploads\/2023\/01\/Petzl-Gemini-1.jpg\" \/>\n\t<meta property=\"og:image:width\" content=\"700\" \/>\n\t<meta property=\"og:image:height\" content=\"700\" \/>\n\t<meta property=\"og:image:type\" content=\"image\/jpeg\" \/>\n<meta name=\"twitter:card\" content=\"summary_large_image\" \/>\n<meta name=\"twitter:label1\" content=\"Price\" \/>\n\t<meta name=\"twitter:data1\" content=\"&euro;&nbsp;100,00\" \/>\n\t<meta name=\"twitter:label2\" content=\"Availability\" \/>\n\t<meta name=\"twitter:data2\" content=\"In stock\" \/>\n<script type=\"application\/ld+json\" class=\"yoast-schema-graph\">{\"@context\":\"https:\/\/schema.org\",\"@graph\":[{\"@type\":[\"WebPage\",\"ItemPage\"],\"@id\":\"https:\/\/bolting.eu\/en\/shop\/petzl-gemini-doppelte-prusikrolle\/\",\"url\":\"https:\/\/bolting.eu\/en\/shop\/petzl-gemini-doppelte-prusikrolle\/\",\"name\":\"Petzl Gemini - Doppelte Prusikrolle | bolting.eu\",\"isPartOf\":{\"@id\":\"https:\/\/bolting.eu\/en\/#website\"},\"primaryImageOfPage\":{\"@id\":\"https:\/\/bolting.eu\/en\/shop\/petzl-gemini-doppelte-prusikrolle\/#primaryimage\"},\"image\":{\"@id\":\"https:\/\/bolting.eu\/en\/shop\/petzl-gemini-doppelte-prusikrolle\/#primaryimage\"},\"thumbnailUrl\":\"https:\/\/bolting.eu\/wp-content\/uploads\/2023\/01\/Petzl-Gemini-1.jpg\",\"datePublished\":\"2023-01-30T14:14:04+00:00\",\"dateModified\":\"2025-12-17T16:42:05+00:00\",\"description\":\"Petzl Gemini - doppelte Prusikrolle beim Kletterprofi kaufen \u2705 kostenloser Versand* \u2705 14 Tage R\u00fcckgaberecht \u2705 Co2 neutraler Versand\",\"breadcrumb\":{\"@id\":\"https:\/\/bolting.eu\/en\/shop\/petzl-gemini-doppelte-prusikrolle\/#breadcrumb\"},\"inLanguage\":\"en-US\",\"potentialAction\":[{\"@type\":\"ReadAction\",\"target\":[\"https:\/\/bolting.eu\/en\/shop\/petzl-gemini-doppelte-prusikrolle\/\"]}]},{\"@type\":\"ImageObject\",\"inLanguage\":\"en-US\",\"@id\":\"https:\/\/bolting.eu\/en\/shop\/petzl-gemini-doppelte-prusikrolle\/#primaryimage\",\"url\":\"https:\/\/bolting.eu\/wp-content\/uploads\/2023\/01\/Petzl-Gemini-1.jpg\",\"contentUrl\":\"https:\/\/bolting.eu\/wp-content\/uploads\/2023\/01\/Petzl-Gemini-1.jpg\",\"width\":700,\"height\":700,\"caption\":\"Golden-schwarze Petzl Gemini doppelte Prusikrolle.\"},{\"@type\":\"BreadcrumbList\",\"@id\":\"https:\/\/bolting.eu\/en\/shop\/petzl-gemini-doppelte-prusikrolle\/#breadcrumb\",\"itemListElement\":[{\"@type\":\"ListItem\",\"position\":1,\"name\":\"Shop\",\"item\":\"https:\/\/bolting.eu\/en\/shop\/\"},{\"@type\":\"ListItem\",\"position\":2,\"name\":\"climbing equipment\",\"item\":\"https:\/\/bolting.eu\/en\/produkt-kategorie\/climbing-equipment\/\"},{\"@type\":\"ListItem\",\"position\":3,\"name\":\"Seilrollen\",\"item\":\"https:\/\/bolting.eu\/produkt-kategorie\/kletterausruestung\/seilrollen\/\"},{\"@type\":\"ListItem\",\"position\":4,\"name\":\"Petzl Gemini &#8211; Doppelte Prusikrolle\"}]},{\"@type\":\"WebSite\",\"@id\":\"https:\/\/bolting.eu\/en\/#website\",\"url\":\"https:\/\/bolting.eu\/en\/\",\"name\":\"bolting.eu\",\"description\":\"we make climbs happen\",\"publisher\":{\"@id\":\"https:\/\/bolting.eu\/en\/#organization\"},\"potentialAction\":[{\"@type\":\"SearchAction\",\"target\":{\"@type\":\"EntryPoint\",\"urlTemplate\":\"https:\/\/bolting.eu\/en\/?s={search_term_string}\"},\"query-input\":{\"@type\":\"PropertyValueSpecification\",\"valueRequired\":true,\"valueName\":\"search_term_string\"}}],\"inLanguage\":\"en-US\"},{\"@type\":[\"Organization\",\"Place\",\"SportingGoodsStore\"],\"@id\":\"https:\/\/bolting.eu\/en\/#organization\",\"name\":\"bolting.eu\",\"url\":\"https:\/\/bolting.eu\/en\/\",\"logo\":{\"@id\":\"https:\/\/bolting.eu\/en\/shop\/petzl-gemini-doppelte-prusikrolle\/#local-main-organization-logo\"},\"image\":{\"@id\":\"https:\/\/bolting.eu\/en\/shop\/petzl-gemini-doppelte-prusikrolle\/#local-main-organization-logo\"},\"sameAs\":[\"https:\/\/www.facebook.com\/bolting.eu\",\"https:\/\/www.instagram.com\/bolting.eu\/\"],\"address\":{\"@id\":\"https:\/\/bolting.eu\/en\/shop\/petzl-gemini-doppelte-prusikrolle\/#local-main-place-address\"},\"geo\":{\"@type\":\"GeoCoordinates\",\"latitude\":\"47.264176340396226\",\"longitude\":\"11.380109057672346\"},\"telephone\":[\"+43 699 19083372\"],\"openingHoursSpecification\":[{\"@type\":\"OpeningHoursSpecification\",\"dayOfWeek\":[\"Monday\",\"Wednesday\",\"Friday\"],\"opens\":\"14:00\",\"closes\":\"18:00\"},{\"@type\":\"OpeningHoursSpecification\",\"dayOfWeek\":[\"Tuesday\",\"Thursday\",\"Saturday\",\"Sunday\"],\"opens\":\"00:00\",\"closes\":\"00:00\"}],\"email\":\"office@bolting.eu\",\"vatID\":\"ATU59999728\",\"priceRange\":\"$$\",\"currenciesAccepted\":\"Euro\"},{\"@type\":\"PostalAddress\",\"@id\":\"https:\/\/bolting.eu\/en\/shop\/petzl-gemini-doppelte-prusikrolle\/#local-main-place-address\",\"streetAddress\":\"Fischnalerstra\u00dfe 4\",\"addressLocality\":\"Innsbruck\",\"postalCode\":\"6020\",\"addressRegion\":\"Tirol\",\"addressCountry\":\"AT\"},{\"@type\":\"ImageObject\",\"inLanguage\":\"en-US\",\"@id\":\"https:\/\/bolting.eu\/en\/shop\/petzl-gemini-doppelte-prusikrolle\/#local-main-organization-logo\",\"url\":\"https:\/\/bolting.eu\/wp-content\/uploads\/2019\/09\/bolting-logo.png\",\"contentUrl\":\"https:\/\/bolting.eu\/wp-content\/uploads\/2019\/09\/bolting-logo.png\",\"width\":400,\"height\":211,\"caption\":\"bolting.eu\"}]}<\/script>\n<meta property=\"product:price:amount\" content=\"100.00\" \/>\n<meta property=\"product:price:currency\" content=\"EUR\" \/>\n<meta property=\"og:availability\" content=\"instock\" \/>\n<meta property=\"product:availability\" content=\"instock\" \/>\n<meta property=\"product:retailer_item_id\" content=\"P66A\" \/>\n<meta property=\"product:condition\" content=\"new\" \/>\n<meta name=\"geo.placename\" content=\"Innsbruck\" \/>\n<meta name=\"geo.position\" content=\"47.264176340396226;11.380109057672346\" \/>\n<meta name=\"geo.region\" content=\"Austria\" \/>\n<!-- \/ Yoast SEO Premium plugin. -->","yoast_head_json":{"title":"Petzl Gemini - Doppelte Prusikrolle | bolting.eu","description":"Petzl Gemini - doppelte Prusikrolle beim Kletterprofi kaufen \u2705 kostenloser Versand* \u2705 14 Tage R\u00fcckgaberecht \u2705 Co2 neutraler Versand","robots":{"index":"index","follow":"follow","max-snippet":"max-snippet:-1","max-image-preview":"max-image-preview:large","max-video-preview":"max-video-preview:-1"},"canonical":"https:\/\/bolting.eu\/en\/shop\/petzl-gemini-doppelte-prusikrolle\/","og_locale":"en_US","og_type":"article","og_title":"Petzl Gemini - Doppelte Prusikrolle","og_description":"Petzl Gemini - doppelte Prusikrolle beim Kletterprofi kaufen \u2705 kostenloser Versand* \u2705 14 Tage R\u00fcckgaberecht \u2705 Co2 neutraler Versand","og_url":"https:\/\/bolting.eu\/en\/shop\/petzl-gemini-doppelte-prusikrolle\/","og_site_name":"bolting.eu","article_publisher":"https:\/\/www.facebook.com\/bolting.eu","article_modified_time":"2025-12-17T16:42:05+00:00","og_image":[{"width":700,"height":700,"url":"https:\/\/bolting.eu\/wp-content\/uploads\/2023\/01\/Petzl-Gemini-1.jpg","type":"image\/jpeg"}],"twitter_card":"summary_large_image","twitter_misc":{"Price":"&euro;&nbsp;100,00","Availability":"In stock"},"schema":{"@context":"https:\/\/schema.org","@graph":[{"@type":["WebPage","ItemPage"],"@id":"https:\/\/bolting.eu\/en\/shop\/petzl-gemini-doppelte-prusikrolle\/","url":"https:\/\/bolting.eu\/en\/shop\/petzl-gemini-doppelte-prusikrolle\/","name":"Petzl Gemini - Doppelte Prusikrolle | bolting.eu","isPartOf":{"@id":"https:\/\/bolting.eu\/en\/#website"},"primaryImageOfPage":{"@id":"https:\/\/bolting.eu\/en\/shop\/petzl-gemini-doppelte-prusikrolle\/#primaryimage"},"image":{"@id":"https:\/\/bolting.eu\/en\/shop\/petzl-gemini-doppelte-prusikrolle\/#primaryimage"},"thumbnailUrl":"https:\/\/bolting.eu\/wp-content\/uploads\/2023\/01\/Petzl-Gemini-1.jpg","datePublished":"2023-01-30T14:14:04+00:00","dateModified":"2025-12-17T16:42:05+00:00","description":"Petzl Gemini - doppelte Prusikrolle beim Kletterprofi kaufen \u2705 kostenloser Versand* \u2705 14 Tage R\u00fcckgaberecht \u2705 Co2 neutraler Versand","breadcrumb":{"@id":"https:\/\/bolting.eu\/en\/shop\/petzl-gemini-doppelte-prusikrolle\/#breadcrumb"},"inLanguage":"en-US","potentialAction":[{"@type":"ReadAction","target":["https:\/\/bolting.eu\/en\/shop\/petzl-gemini-doppelte-prusikrolle\/"]}]},{"@type":"ImageObject","inLanguage":"en-US","@id":"https:\/\/bolting.eu\/en\/shop\/petzl-gemini-doppelte-prusikrolle\/#primaryimage","url":"https:\/\/bolting.eu\/wp-content\/uploads\/2023\/01\/Petzl-Gemini-1.jpg","contentUrl":"https:\/\/bolting.eu\/wp-content\/uploads\/2023\/01\/Petzl-Gemini-1.jpg","width":700,"height":700,"caption":"Golden-schwarze Petzl Gemini doppelte Prusikrolle."},{"@type":"BreadcrumbList","@id":"https:\/\/bolting.eu\/en\/shop\/petzl-gemini-doppelte-prusikrolle\/#breadcrumb","itemListElement":[{"@type":"ListItem","position":1,"name":"Shop","item":"https:\/\/bolting.eu\/en\/shop\/"},{"@type":"ListItem","position":2,"name":"climbing equipment","item":"https:\/\/bolting.eu\/en\/produkt-kategorie\/climbing-equipment\/"},{"@type":"ListItem","position":3,"name":"Seilrollen","item":"https:\/\/bolting.eu\/produkt-kategorie\/kletterausruestung\/seilrollen\/"},{"@type":"ListItem","position":4,"name":"Petzl Gemini &#8211; Doppelte Prusikrolle"}]},{"@type":"WebSite","@id":"https:\/\/bolting.eu\/en\/#website","url":"https:\/\/bolting.eu\/en\/","name":"bolting.eu","description":"we make climbs happen","publisher":{"@id":"https:\/\/bolting.eu\/en\/#organization"},"potentialAction":[{"@type":"SearchAction","target":{"@type":"EntryPoint","urlTemplate":"https:\/\/bolting.eu\/en\/?s={search_term_string}"},"query-input":{"@type":"PropertyValueSpecification","valueRequired":true,"valueName":"search_term_string"}}],"inLanguage":"en-US"},{"@type":["Organization","Place","SportingGoodsStore"],"@id":"https:\/\/bolting.eu\/en\/#organization","name":"bolting.eu","url":"https:\/\/bolting.eu\/en\/","logo":{"@id":"https:\/\/bolting.eu\/en\/shop\/petzl-gemini-doppelte-prusikrolle\/#local-main-organization-logo"},"image":{"@id":"https:\/\/bolting.eu\/en\/shop\/petzl-gemini-doppelte-prusikrolle\/#local-main-organization-logo"},"sameAs":["https:\/\/www.facebook.com\/bolting.eu","https:\/\/www.instagram.com\/bolting.eu\/"],"address":{"@id":"https:\/\/bolting.eu\/en\/shop\/petzl-gemini-doppelte-prusikrolle\/#local-main-place-address"},"geo":{"@type":"GeoCoordinates","latitude":"47.264176340396226","longitude":"11.380109057672346"},"telephone":["+43 699 19083372"],"openingHoursSpecification":[{"@type":"OpeningHoursSpecification","dayOfWeek":["Monday","Wednesday","Friday"],"opens":"14:00","closes":"18:00"},{"@type":"OpeningHoursSpecification","dayOfWeek":["Tuesday","Thursday","Saturday","Sunday"],"opens":"00:00","closes":"00:00"}],"email":"office@bolting.eu","vatID":"ATU59999728","priceRange":"$$","currenciesAccepted":"Euro"},{"@type":"PostalAddress","@id":"https:\/\/bolting.eu\/en\/shop\/petzl-gemini-doppelte-prusikrolle\/#local-main-place-address","streetAddress":"Fischnalerstra\u00dfe 4","addressLocality":"Innsbruck","postalCode":"6020","addressRegion":"Tirol","addressCountry":"AT"},{"@type":"ImageObject","inLanguage":"en-US","@id":"https:\/\/bolting.eu\/en\/shop\/petzl-gemini-doppelte-prusikrolle\/#local-main-organization-logo","url":"https:\/\/bolting.eu\/wp-content\/uploads\/2019\/09\/bolting-logo.png","contentUrl":"https:\/\/bolting.eu\/wp-content\/uploads\/2019\/09\/bolting-logo.png","width":400,"height":211,"caption":"bolting.eu"}]},"product_price_amount":"100.00","product_price_currency":"EUR","og_availability":"instock","product_availability":"instock","product_retailer_item_id":"P66A","product_condition":"new","geo.placename":"Innsbruck","geo.position":{"lat":"47.264176340396226","long":"11.380109057672346"},"geo.region":"Austria"},"_links":{"self":[{"href":"https:\/\/bolting.eu\/en\/wp-json\/wp\/v2\/product\/14900","targetHints":{"allow":["GET"]}}],"collection":[{"href":"https:\/\/bolting.eu\/en\/wp-json\/wp\/v2\/product"}],"about":[{"href":"https:\/\/bolting.eu\/en\/wp-json\/wp\/v2\/types\/product"}],"replies":[{"embeddable":true,"href":"https:\/\/bolting.eu\/en\/wp-json\/wp\/v2\/comments?post=14900"}],"wp:featuredmedia":[{"embeddable":true,"href":"https:\/\/bolting.eu\/en\/wp-json\/wp\/v2\/media\/14906"}],"wp:attachment":[{"href":"https:\/\/bolting.eu\/en\/wp-json\/wp\/v2\/media?parent=14900"}],"wp:term":[{"taxonomy":"product_brand","embeddable":true,"href":"https:\/\/bolting.eu\/en\/wp-json\/wp\/v2\/product_brand?post=14900"},{"taxonomy":"product_cat","embeddable":true,"href":"https:\/\/bolting.eu\/en\/wp-json\/wp\/v2\/product_cat?post=14900"},{"taxonomy":"product_tag","embeddable":true,"href":"https:\/\/bolting.eu\/en\/wp-json\/wp\/v2\/product_tag?post=14900"}],"curies":[{"name":"wp","href":"https:\/\/api.w.org\/{rel}","templated":true}]}}