{"id":14893,"date":"2023-01-30T13:36:32","date_gmt":"2023-01-30T12:36:32","guid":{"rendered":"https:\/\/bolting.eu\/?post_type=product&#038;p=14893"},"modified":"2026-04-12T10:06:04","modified_gmt":"2026-04-12T08:06:04","slug":"petzl-rescue-hochleistungs-umlenkrolle","status":"publish","type":"product","link":"https:\/\/bolting.eu\/en\/shop\/petzl-rescue-hochleistungs-umlenkrolle\/","title":{"rendered":"Petzl Rescue Hochleistungs-Umlenkrolle"},"content":{"rendered":"<p>Die Petzl Rescue ist eine Hochleistungs-Umlenkrolle. Denn sie hat ein WLL (Working Load Limit) von gleich 8kN.<\/p>\n<p>Somit ist sie ideal f\u00fcr Rettungsaktionen, dem Aufziehen schwerer Lasten und intensiven Gebrauch im Allgemeinen. M\u00f6glich macht dies die massive Bauweise mit dem gekapselten Kugellager und 95% Wirkungsgrad.<\/p>\n<p>Die \u00d6se f\u00fcr bis zu drei Karabiner und die Rolle aus Alu f\u00fcr 7 &#8211; 13mm Seile runden dieses Modell ab.<\/p>\n<p>Kurzum. Wenn es um Heavy Use geht ist diese <a href=\"https:\/\/bolting.eu\/produkt-kategorie\/kletterausruestung\/seilrollen\/\">Seilrolle<\/a> eine absolute Empfehlung!<\/p>\n<h2>Eigenschaften Rescue Hochleistungs-Umlenkrolle<\/h2>\n<ul>\n<li>Hersteller: <a href=\"https:\/\/bolting.eu\/produkt-kategorie\/petzl\/\">Petzl<\/a><\/li>\n<li>Material: Alu<\/li>\n<li>Gewicht: 185 Gramm<\/li>\n<li>Norm: EN 12278<\/li>\n<li>f\u00fcr Seile 7 \u2013 13mm<\/li>\n<li>Gr\u00f6\u00dfe ca. 97 x 68mm<\/li>\n<li>gro\u00dfe 38mm Seilscheibe auf gekapseltem Kugellager<\/li>\n<li>Wirkungsgrad 95%<\/li>\n<li>Gebrauchslast an einem Strang: 4kN<\/li>\n<li>Gebrauchslast zwei Str\u00e4nge: 8kN<\/li>\n<li>Bruchlast: 36kN<\/li>\n<li>Normen: <a href=\"https:\/\/bolting.eu\/en-12278-norm-fuer-seilrollen\/\">EN 12278<\/a><\/li>\n<li><a href=\"https:\/\/www.petzl.com\/sfc\/servlet.shepherd\/version\/download\/0686800000Gy4mSAAR\" target=\"_blank\" rel=\"noopener\">Gebrauchsanleitung<\/a><\/li>\n<li>empfohlene Karabiner; <a href=\"https:\/\/bolting.eu\/shop\/petzl-ok-screw-lock\/\">OK Screw<\/a>, <a href=\"https:\/\/bolting.eu\/shop\/petzl-ok-ball-lock\/\">OK Ball Lock<\/a><\/li>\n<li>empfohlene R\u00fccklaufsperre: Petzl Basic<\/li>\n<\/ul>\n<h3>95% Wirkungsgrad<\/h3>\n<p>Diese Umlenkrolle hat einen extrem hohen Wirkungsgrad. Das macht auch die folgende Grafik deutlich. Ihr k\u00f6nnt dort ersehen, wie die Kr\u00e4fte sich durch die hohe Effizienz verhalten.<\/p>\n<figure id=\"attachment_14896\" aria-describedby=\"caption-attachment-14896\" style=\"width: 305px\" class=\"wp-caption alignnone\"><a href=\"https:\/\/bolting.eu\/wp-content\/uploads\/2023\/01\/Petzl-Rescue-3.jpg\"><img loading=\"lazy\" decoding=\"async\" class=\"wp-image-14896 size-medium\" src=\"https:\/\/bolting.eu\/wp-content\/uploads\/2023\/01\/Petzl-Rescue-3-305x400.jpg\" alt=\"Grafik zur Effizienz der Petzl Rescue Umlenkrolle.\" width=\"305\" height=\"400\" srcset=\"https:\/\/bolting.eu\/wp-content\/uploads\/2023\/01\/Petzl-Rescue-3-305x400.jpg 305w, https:\/\/bolting.eu\/wp-content\/uploads\/2023\/01\/Petzl-Rescue-3-510x669.jpg 510w, https:\/\/bolting.eu\/wp-content\/uploads\/2023\/01\/Petzl-Rescue-3-600x787.jpg 600w, https:\/\/bolting.eu\/wp-content\/uploads\/2023\/01\/Petzl-Rescue-3.jpg 610w\" sizes=\"auto, (max-width: 305px) 100vw, 305px\" \/><\/a><figcaption id=\"caption-attachment-14896\" class=\"wp-caption-text\">Der Hohe Wirkungsgrad und seine Auswirkungen auf die Effizienz. Grafik: petzl.com<\/figcaption><\/figure>\n<h3>Petzl Rescue = \u00d6se f\u00fcr 3 Karabiner!<\/h3>\n<p>Diese Rolle hat einige Features, welche sie f\u00fcr Rettungseins\u00e4tze pr\u00e4destinieren.<\/p>\n<p>Zum einen eben der hohe Wirkungsgrad. Zum anderen aber auch die gro\u00dfe Zentral\u00f6se. Denn diese hat gleich Platz f\u00fcr 3 Karabiner.<\/p>\n<p>Somit lassen sich neben dem Verbindungsmittel zum Einh\u00e4ngen noch weitere Karabiner benutzen. Wie z.B. f\u00fcr eine Basic R\u00fccklaufsperre.<\/p>\n<figure id=\"attachment_14895\" aria-describedby=\"caption-attachment-14895\" style=\"width: 411px\" class=\"wp-caption alignnone\"><a href=\"https:\/\/bolting.eu\/wp-content\/uploads\/2023\/01\/Petzl-Rescue-4.jpg\"><img loading=\"lazy\" decoding=\"async\" class=\"wp-image-14895 size-medium\" src=\"https:\/\/bolting.eu\/wp-content\/uploads\/2023\/01\/Petzl-Rescue-4-411x400.jpg\" alt=\"Grafik der Petzl Rescue Umlenkrolle mit drei Karabinern in der \u00d6se.\" width=\"411\" height=\"400\" srcset=\"https:\/\/bolting.eu\/wp-content\/uploads\/2023\/01\/Petzl-Rescue-4-411x400.jpg 411w, https:\/\/bolting.eu\/wp-content\/uploads\/2023\/01\/Petzl-Rescue-4-510x497.jpg 510w, https:\/\/bolting.eu\/wp-content\/uploads\/2023\/01\/Petzl-Rescue-4.jpg 540w\" sizes=\"auto, (max-width: 411px) 100vw, 411px\" \/><\/a><figcaption id=\"caption-attachment-14895\" class=\"wp-caption-text\">In der \u00d6se dieser Rolle finden bis zu drei Verbindungsmittel Platz. Grafik: Petzl.com<\/figcaption><\/figure>\n<h3>Erh\u00f6htes WLL<\/h3>\n<p>Die Petzl Rescue ist eine Hochleistungs-Umlenkrolle und hat gegen\u00fcber anderen Modellen eine deutlich h\u00f6here Belastbarkeit. Den \u00fcblichen 5kn WLL stehen hier gleich 60% mehr Kraft, also 8kN gegen\u00fcber.<\/p>\n<p>Das bedeutet ein Heben von bis zu 400kg!<\/p>\n<p>Beachtet. <strong>Das WLL ist nicht gleich Bruchlast.<\/strong> Dieser Wert gibt lediglich an, wann es zum Bruch der Rolle selbst kommt. Das WLL hingegen betrifft die einwandfreie Funktion beim Heben von Lasten, also ein Drehen der Rolle auf dem Kugellager.<\/p>\n<figure id=\"attachment_14894\" aria-describedby=\"caption-attachment-14894\" style=\"width: 214px\" class=\"wp-caption alignnone\"><a href=\"https:\/\/bolting.eu\/wp-content\/uploads\/2023\/01\/Petzl-Rescue-5.jpg\"><img loading=\"lazy\" decoding=\"async\" class=\"wp-image-14894 size-medium\" src=\"https:\/\/bolting.eu\/wp-content\/uploads\/2023\/01\/Petzl-Rescue-5-214x400.jpg\" alt=\"Grafik zum Working Load Limit der Petzl Rescue Umlenkrolle.\" width=\"214\" height=\"400\" srcset=\"https:\/\/bolting.eu\/wp-content\/uploads\/2023\/01\/Petzl-Rescue-5-214x400.jpg 214w, https:\/\/bolting.eu\/wp-content\/uploads\/2023\/01\/Petzl-Rescue-5.jpg 427w\" sizes=\"auto, (max-width: 214px) 100vw, 214px\" \/><\/a><figcaption id=\"caption-attachment-14894\" class=\"wp-caption-text\">Das WLL dieser Rolle ist 60% h\u00f6her als jener von vergleichbaren Gr\u00f6\u00dfen. Grafik: petzl.com<\/figcaption><\/figure>\n","protected":false},"excerpt":{"rendered":"<p>Umlenkrolle f\u00fcr den intensiven Gebrauch bzw. Rettungsaktionen und schwere Lasten.<\/p>\n<p>Die massive Bauweise erm\u00f6glich ein WLL von 8kN. Die zentrale \u00d6se hat Platz f\u00fcr bis zu drei Karabinern.<\/p>\n<p>Versandkostenfrei bis 2kg in <img decoding=\"async\" class=\"emoji\" role=\"img\" draggable=\"false\" src=\"https:\/\/s.w.org\/images\/core\/emoji\/13.1.0\/svg\/1f1e6-1f1f9.svg\" alt=\"\ud83c\udde6\ud83c\uddf9\" \/> ab \u20ac 100,- und <img decoding=\"async\" class=\"emoji\" role=\"img\" draggable=\"false\" src=\"https:\/\/s.w.org\/images\/core\/emoji\/13.1.0\/svg\/1f1e9-1f1ea.svg\" alt=\"\ud83c\udde9\ud83c\uddea\" \/> ab \u20ac 200,-!<\/p>\n","protected":false},"featured_media":14898,"comment_status":"closed","ping_status":"closed","template":"","meta":[],"product_brand":[],"product_cat":[29,4586,14093],"product_tag":[],"class_list":{"0":"post-14893","1":"product","2":"type-product","3":"status-publish","4":"has-post-thumbnail","6":"product_cat-kletterausruestung","7":"product_cat-seilrollen","8":"product_cat-petzl","10":"first","11":"instock","12":"taxable","13":"shipping-taxable","14":"purchasable","15":"product-type-simple"},"yoast_head":"<!-- This site is optimized with the Yoast SEO Premium plugin v26.9 (Yoast SEO v26.9) - https:\/\/yoast.com\/product\/yoast-seo-premium-wordpress\/ -->\n<title>Petzl Rescue Hochleistungs-Umlenkrolle | bolting.eu<\/title>\n<meta name=\"description\" content=\"Petzl Rescue Hochleistungs-Umlenkrolle beim Kletterprofi kaufen \u2705 kostenloser Versand* \u2705 14 Tage R\u00fcckgaberecht \u2705 Co2 neutraler Versand\" \/>\n<meta name=\"robots\" content=\"index, follow, max-snippet:-1, max-image-preview:large, max-video-preview:-1\" \/>\n<link rel=\"canonical\" href=\"https:\/\/bolting.eu\/en\/shop\/petzl-rescue-hochleistungs-umlenkrolle\/\" \/>\n<meta property=\"og:locale\" content=\"en_US\" \/>\n<meta property=\"og:type\" content=\"article\" \/>\n<meta property=\"og:title\" content=\"Petzl Rescue Hochleistungs-Umlenkrolle\" \/>\n<meta property=\"og:description\" content=\"Petzl Rescue Hochleistungs-Umlenkrolle beim Kletterprofi kaufen \u2705 kostenloser Versand* \u2705 14 Tage R\u00fcckgaberecht \u2705 Co2 neutraler Versand\" \/>\n<meta property=\"og:url\" content=\"https:\/\/bolting.eu\/en\/shop\/petzl-rescue-hochleistungs-umlenkrolle\/\" \/>\n<meta property=\"og:site_name\" content=\"bolting.eu\" \/>\n<meta property=\"article:publisher\" content=\"https:\/\/www.facebook.com\/bolting.eu\" \/>\n<meta property=\"article:modified_time\" content=\"2026-04-12T08:06:04+00:00\" \/>\n<meta property=\"og:image\" content=\"https:\/\/bolting.eu\/wp-content\/uploads\/2023\/01\/Petzl-Rescue-1.jpg\" \/>\n\t<meta property=\"og:image:width\" content=\"700\" \/>\n\t<meta property=\"og:image:height\" content=\"700\" \/>\n\t<meta property=\"og:image:type\" content=\"image\/jpeg\" \/>\n<meta name=\"twitter:card\" content=\"summary_large_image\" \/>\n<meta name=\"twitter:label1\" content=\"Price\" \/>\n\t<meta name=\"twitter:data1\" content=\"&euro;&nbsp;62,00\" \/>\n\t<meta name=\"twitter:label2\" content=\"Availability\" \/>\n\t<meta name=\"twitter:data2\" content=\"In stock\" \/>\n<script type=\"application\/ld+json\" class=\"yoast-schema-graph\">{\"@context\":\"https:\/\/schema.org\",\"@graph\":[{\"@type\":[\"WebPage\",\"ItemPage\"],\"@id\":\"https:\/\/bolting.eu\/en\/shop\/petzl-rescue-hochleistungs-umlenkrolle\/\",\"url\":\"https:\/\/bolting.eu\/en\/shop\/petzl-rescue-hochleistungs-umlenkrolle\/\",\"name\":\"Petzl Rescue Hochleistungs-Umlenkrolle | bolting.eu\",\"isPartOf\":{\"@id\":\"https:\/\/bolting.eu\/en\/#website\"},\"primaryImageOfPage\":{\"@id\":\"https:\/\/bolting.eu\/en\/shop\/petzl-rescue-hochleistungs-umlenkrolle\/#primaryimage\"},\"image\":{\"@id\":\"https:\/\/bolting.eu\/en\/shop\/petzl-rescue-hochleistungs-umlenkrolle\/#primaryimage\"},\"thumbnailUrl\":\"https:\/\/bolting.eu\/wp-content\/uploads\/2023\/01\/Petzl-Rescue-1.jpg\",\"datePublished\":\"2023-01-30T12:36:32+00:00\",\"dateModified\":\"2026-04-12T08:06:04+00:00\",\"description\":\"Petzl Rescue Hochleistungs-Umlenkrolle beim Kletterprofi kaufen \u2705 kostenloser Versand* \u2705 14 Tage R\u00fcckgaberecht \u2705 Co2 neutraler Versand\",\"breadcrumb\":{\"@id\":\"https:\/\/bolting.eu\/en\/shop\/petzl-rescue-hochleistungs-umlenkrolle\/#breadcrumb\"},\"inLanguage\":\"en-US\",\"potentialAction\":[{\"@type\":\"ReadAction\",\"target\":[\"https:\/\/bolting.eu\/en\/shop\/petzl-rescue-hochleistungs-umlenkrolle\/\"]}]},{\"@type\":\"ImageObject\",\"inLanguage\":\"en-US\",\"@id\":\"https:\/\/bolting.eu\/en\/shop\/petzl-rescue-hochleistungs-umlenkrolle\/#primaryimage\",\"url\":\"https:\/\/bolting.eu\/wp-content\/uploads\/2023\/01\/Petzl-Rescue-1.jpg\",\"contentUrl\":\"https:\/\/bolting.eu\/wp-content\/uploads\/2023\/01\/Petzl-Rescue-1.jpg\",\"width\":700,\"height\":700,\"caption\":\"Schwarz-rote Petzl Rescue Umlenkrolle von der Seite.\"},{\"@type\":\"BreadcrumbList\",\"@id\":\"https:\/\/bolting.eu\/en\/shop\/petzl-rescue-hochleistungs-umlenkrolle\/#breadcrumb\",\"itemListElement\":[{\"@type\":\"ListItem\",\"position\":1,\"name\":\"Shop\",\"item\":\"https:\/\/bolting.eu\/en\/shop\/\"},{\"@type\":\"ListItem\",\"position\":2,\"name\":\"climbing equipment\",\"item\":\"https:\/\/bolting.eu\/en\/produkt-kategorie\/climbing-equipment\/\"},{\"@type\":\"ListItem\",\"position\":3,\"name\":\"Seilrollen\",\"item\":\"https:\/\/bolting.eu\/produkt-kategorie\/kletterausruestung\/seilrollen\/\"},{\"@type\":\"ListItem\",\"position\":4,\"name\":\"Petzl Rescue Hochleistungs-Umlenkrolle\"}]},{\"@type\":\"WebSite\",\"@id\":\"https:\/\/bolting.eu\/en\/#website\",\"url\":\"https:\/\/bolting.eu\/en\/\",\"name\":\"bolting.eu\",\"description\":\"we make climbs happen\",\"publisher\":{\"@id\":\"https:\/\/bolting.eu\/en\/#organization\"},\"potentialAction\":[{\"@type\":\"SearchAction\",\"target\":{\"@type\":\"EntryPoint\",\"urlTemplate\":\"https:\/\/bolting.eu\/en\/?s={search_term_string}\"},\"query-input\":{\"@type\":\"PropertyValueSpecification\",\"valueRequired\":true,\"valueName\":\"search_term_string\"}}],\"inLanguage\":\"en-US\"},{\"@type\":[\"Organization\",\"Place\",\"SportingGoodsStore\"],\"@id\":\"https:\/\/bolting.eu\/en\/#organization\",\"name\":\"bolting.eu\",\"url\":\"https:\/\/bolting.eu\/en\/\",\"logo\":{\"@id\":\"https:\/\/bolting.eu\/en\/shop\/petzl-rescue-hochleistungs-umlenkrolle\/#local-main-organization-logo\"},\"image\":{\"@id\":\"https:\/\/bolting.eu\/en\/shop\/petzl-rescue-hochleistungs-umlenkrolle\/#local-main-organization-logo\"},\"sameAs\":[\"https:\/\/www.facebook.com\/bolting.eu\",\"https:\/\/www.instagram.com\/bolting.eu\/\"],\"address\":{\"@id\":\"https:\/\/bolting.eu\/en\/shop\/petzl-rescue-hochleistungs-umlenkrolle\/#local-main-place-address\"},\"geo\":{\"@type\":\"GeoCoordinates\",\"latitude\":\"47.264176340396226\",\"longitude\":\"11.380109057672346\"},\"telephone\":[\"+43 699 19083372\"],\"openingHoursSpecification\":[{\"@type\":\"OpeningHoursSpecification\",\"dayOfWeek\":[\"Monday\",\"Wednesday\",\"Friday\"],\"opens\":\"14:00\",\"closes\":\"18:00\"},{\"@type\":\"OpeningHoursSpecification\",\"dayOfWeek\":[\"Tuesday\",\"Thursday\",\"Saturday\",\"Sunday\"],\"opens\":\"00:00\",\"closes\":\"00:00\"}],\"email\":\"office@bolting.eu\",\"vatID\":\"ATU59999728\",\"priceRange\":\"$$\",\"currenciesAccepted\":\"Euro\"},{\"@type\":\"PostalAddress\",\"@id\":\"https:\/\/bolting.eu\/en\/shop\/petzl-rescue-hochleistungs-umlenkrolle\/#local-main-place-address\",\"streetAddress\":\"Fischnalerstra\u00dfe 4\",\"addressLocality\":\"Innsbruck\",\"postalCode\":\"6020\",\"addressRegion\":\"Tirol\",\"addressCountry\":\"AT\"},{\"@type\":\"ImageObject\",\"inLanguage\":\"en-US\",\"@id\":\"https:\/\/bolting.eu\/en\/shop\/petzl-rescue-hochleistungs-umlenkrolle\/#local-main-organization-logo\",\"url\":\"https:\/\/bolting.eu\/wp-content\/uploads\/2019\/09\/bolting-logo.png\",\"contentUrl\":\"https:\/\/bolting.eu\/wp-content\/uploads\/2019\/09\/bolting-logo.png\",\"width\":400,\"height\":211,\"caption\":\"bolting.eu\"}]}<\/script>\n<meta property=\"product:price:amount\" content=\"62.00\" \/>\n<meta property=\"product:price:currency\" content=\"EUR\" \/>\n<meta property=\"og:availability\" content=\"instock\" \/>\n<meta property=\"product:availability\" content=\"instock\" \/>\n<meta property=\"product:retailer_item_id\" content=\"P50A\" \/>\n<meta property=\"product:condition\" content=\"new\" \/>\n<meta name=\"geo.placename\" content=\"Innsbruck\" \/>\n<meta name=\"geo.position\" content=\"47.264176340396226;11.380109057672346\" \/>\n<meta name=\"geo.region\" content=\"Austria\" \/>\n<!-- \/ Yoast SEO Premium plugin. -->","yoast_head_json":{"title":"Petzl Rescue Hochleistungs-Umlenkrolle | bolting.eu","description":"Petzl Rescue Hochleistungs-Umlenkrolle beim Kletterprofi kaufen \u2705 kostenloser Versand* \u2705 14 Tage R\u00fcckgaberecht \u2705 Co2 neutraler Versand","robots":{"index":"index","follow":"follow","max-snippet":"max-snippet:-1","max-image-preview":"max-image-preview:large","max-video-preview":"max-video-preview:-1"},"canonical":"https:\/\/bolting.eu\/en\/shop\/petzl-rescue-hochleistungs-umlenkrolle\/","og_locale":"en_US","og_type":"article","og_title":"Petzl Rescue Hochleistungs-Umlenkrolle","og_description":"Petzl Rescue Hochleistungs-Umlenkrolle beim Kletterprofi kaufen \u2705 kostenloser Versand* \u2705 14 Tage R\u00fcckgaberecht \u2705 Co2 neutraler Versand","og_url":"https:\/\/bolting.eu\/en\/shop\/petzl-rescue-hochleistungs-umlenkrolle\/","og_site_name":"bolting.eu","article_publisher":"https:\/\/www.facebook.com\/bolting.eu","article_modified_time":"2026-04-12T08:06:04+00:00","og_image":[{"width":700,"height":700,"url":"https:\/\/bolting.eu\/wp-content\/uploads\/2023\/01\/Petzl-Rescue-1.jpg","type":"image\/jpeg"}],"twitter_card":"summary_large_image","twitter_misc":{"Price":"&euro;&nbsp;62,00","Availability":"In stock"},"schema":{"@context":"https:\/\/schema.org","@graph":[{"@type":["WebPage","ItemPage"],"@id":"https:\/\/bolting.eu\/en\/shop\/petzl-rescue-hochleistungs-umlenkrolle\/","url":"https:\/\/bolting.eu\/en\/shop\/petzl-rescue-hochleistungs-umlenkrolle\/","name":"Petzl Rescue Hochleistungs-Umlenkrolle | bolting.eu","isPartOf":{"@id":"https:\/\/bolting.eu\/en\/#website"},"primaryImageOfPage":{"@id":"https:\/\/bolting.eu\/en\/shop\/petzl-rescue-hochleistungs-umlenkrolle\/#primaryimage"},"image":{"@id":"https:\/\/bolting.eu\/en\/shop\/petzl-rescue-hochleistungs-umlenkrolle\/#primaryimage"},"thumbnailUrl":"https:\/\/bolting.eu\/wp-content\/uploads\/2023\/01\/Petzl-Rescue-1.jpg","datePublished":"2023-01-30T12:36:32+00:00","dateModified":"2026-04-12T08:06:04+00:00","description":"Petzl Rescue Hochleistungs-Umlenkrolle beim Kletterprofi kaufen \u2705 kostenloser Versand* \u2705 14 Tage R\u00fcckgaberecht \u2705 Co2 neutraler Versand","breadcrumb":{"@id":"https:\/\/bolting.eu\/en\/shop\/petzl-rescue-hochleistungs-umlenkrolle\/#breadcrumb"},"inLanguage":"en-US","potentialAction":[{"@type":"ReadAction","target":["https:\/\/bolting.eu\/en\/shop\/petzl-rescue-hochleistungs-umlenkrolle\/"]}]},{"@type":"ImageObject","inLanguage":"en-US","@id":"https:\/\/bolting.eu\/en\/shop\/petzl-rescue-hochleistungs-umlenkrolle\/#primaryimage","url":"https:\/\/bolting.eu\/wp-content\/uploads\/2023\/01\/Petzl-Rescue-1.jpg","contentUrl":"https:\/\/bolting.eu\/wp-content\/uploads\/2023\/01\/Petzl-Rescue-1.jpg","width":700,"height":700,"caption":"Schwarz-rote Petzl Rescue Umlenkrolle von der Seite."},{"@type":"BreadcrumbList","@id":"https:\/\/bolting.eu\/en\/shop\/petzl-rescue-hochleistungs-umlenkrolle\/#breadcrumb","itemListElement":[{"@type":"ListItem","position":1,"name":"Shop","item":"https:\/\/bolting.eu\/en\/shop\/"},{"@type":"ListItem","position":2,"name":"climbing equipment","item":"https:\/\/bolting.eu\/en\/produkt-kategorie\/climbing-equipment\/"},{"@type":"ListItem","position":3,"name":"Seilrollen","item":"https:\/\/bolting.eu\/produkt-kategorie\/kletterausruestung\/seilrollen\/"},{"@type":"ListItem","position":4,"name":"Petzl Rescue Hochleistungs-Umlenkrolle"}]},{"@type":"WebSite","@id":"https:\/\/bolting.eu\/en\/#website","url":"https:\/\/bolting.eu\/en\/","name":"bolting.eu","description":"we make climbs happen","publisher":{"@id":"https:\/\/bolting.eu\/en\/#organization"},"potentialAction":[{"@type":"SearchAction","target":{"@type":"EntryPoint","urlTemplate":"https:\/\/bolting.eu\/en\/?s={search_term_string}"},"query-input":{"@type":"PropertyValueSpecification","valueRequired":true,"valueName":"search_term_string"}}],"inLanguage":"en-US"},{"@type":["Organization","Place","SportingGoodsStore"],"@id":"https:\/\/bolting.eu\/en\/#organization","name":"bolting.eu","url":"https:\/\/bolting.eu\/en\/","logo":{"@id":"https:\/\/bolting.eu\/en\/shop\/petzl-rescue-hochleistungs-umlenkrolle\/#local-main-organization-logo"},"image":{"@id":"https:\/\/bolting.eu\/en\/shop\/petzl-rescue-hochleistungs-umlenkrolle\/#local-main-organization-logo"},"sameAs":["https:\/\/www.facebook.com\/bolting.eu","https:\/\/www.instagram.com\/bolting.eu\/"],"address":{"@id":"https:\/\/bolting.eu\/en\/shop\/petzl-rescue-hochleistungs-umlenkrolle\/#local-main-place-address"},"geo":{"@type":"GeoCoordinates","latitude":"47.264176340396226","longitude":"11.380109057672346"},"telephone":["+43 699 19083372"],"openingHoursSpecification":[{"@type":"OpeningHoursSpecification","dayOfWeek":["Monday","Wednesday","Friday"],"opens":"14:00","closes":"18:00"},{"@type":"OpeningHoursSpecification","dayOfWeek":["Tuesday","Thursday","Saturday","Sunday"],"opens":"00:00","closes":"00:00"}],"email":"office@bolting.eu","vatID":"ATU59999728","priceRange":"$$","currenciesAccepted":"Euro"},{"@type":"PostalAddress","@id":"https:\/\/bolting.eu\/en\/shop\/petzl-rescue-hochleistungs-umlenkrolle\/#local-main-place-address","streetAddress":"Fischnalerstra\u00dfe 4","addressLocality":"Innsbruck","postalCode":"6020","addressRegion":"Tirol","addressCountry":"AT"},{"@type":"ImageObject","inLanguage":"en-US","@id":"https:\/\/bolting.eu\/en\/shop\/petzl-rescue-hochleistungs-umlenkrolle\/#local-main-organization-logo","url":"https:\/\/bolting.eu\/wp-content\/uploads\/2019\/09\/bolting-logo.png","contentUrl":"https:\/\/bolting.eu\/wp-content\/uploads\/2019\/09\/bolting-logo.png","width":400,"height":211,"caption":"bolting.eu"}]},"product_price_amount":"62.00","product_price_currency":"EUR","og_availability":"instock","product_availability":"instock","product_retailer_item_id":"P50A","product_condition":"new","geo.placename":"Innsbruck","geo.position":{"lat":"47.264176340396226","long":"11.380109057672346"},"geo.region":"Austria"},"_links":{"self":[{"href":"https:\/\/bolting.eu\/en\/wp-json\/wp\/v2\/product\/14893","targetHints":{"allow":["GET"]}}],"collection":[{"href":"https:\/\/bolting.eu\/en\/wp-json\/wp\/v2\/product"}],"about":[{"href":"https:\/\/bolting.eu\/en\/wp-json\/wp\/v2\/types\/product"}],"replies":[{"embeddable":true,"href":"https:\/\/bolting.eu\/en\/wp-json\/wp\/v2\/comments?post=14893"}],"wp:featuredmedia":[{"embeddable":true,"href":"https:\/\/bolting.eu\/en\/wp-json\/wp\/v2\/media\/14898"}],"wp:attachment":[{"href":"https:\/\/bolting.eu\/en\/wp-json\/wp\/v2\/media?parent=14893"}],"wp:term":[{"taxonomy":"product_brand","embeddable":true,"href":"https:\/\/bolting.eu\/en\/wp-json\/wp\/v2\/product_brand?post=14893"},{"taxonomy":"product_cat","embeddable":true,"href":"https:\/\/bolting.eu\/en\/wp-json\/wp\/v2\/product_cat?post=14893"},{"taxonomy":"product_tag","embeddable":true,"href":"https:\/\/bolting.eu\/en\/wp-json\/wp\/v2\/product_tag?post=14893"}],"curies":[{"name":"wp","href":"https:\/\/api.w.org\/{rel}","templated":true}]}}