{"id":14887,"date":"2023-01-30T12:34:21","date_gmt":"2023-01-30T11:34:21","guid":{"rendered":"https:\/\/bolting.eu\/?post_type=product&#038;p=14887"},"modified":"2025-12-17T17:41:27","modified_gmt":"2025-12-17T16:41:27","slug":"petzl-mini-prusikrolle","status":"publish","type":"product","link":"https:\/\/bolting.eu\/en\/shop\/petzl-mini-prusikrolle\/","title":{"rendered":"Petzl Mini Prusikrolle"},"content":{"rendered":"<p>Die Petzl Mini ist eine spezielle Seilrolle. Denn sie ist f\u00fcr die Verwendung mit einem <a href=\"https:\/\/bolting.eu\/kurzprusik\/\">Kurzprusik<\/a> als R\u00fccklaufsperre gedacht.<\/p>\n<p>Hierf\u00fcr hat dieses Modell eine sehr flache Form der Seitenteile. Somit kann ein Prusik st\u00f6rungsfrei nach unten installiert werden.<\/p>\n<p>Die weiteren Features der Rolle sind. Erstens ist das gesamte Produkt aus Alu. Zweitens die beweglichen Seitenteile. Drittens der hohe Effizienzgrad von 91% durch das gekapselte Kugellager.<\/p>\n<p>Diese Seilrolle hat einen ganz bestimmten Einsatzbereich. N\u00e4mlich die Verwendung in leichten Pulley Systemen wo die R\u00fccklaufsperre ein Prusikknoten ist.<\/p>\n<h3>Eigenschaften Mini Prusikrolle<\/h3>\n<ul>\n<li>Hersteller: <a href=\"https:\/\/bolting.eu\/produkt-kategorie\/petzl\/\">Petzl<\/a><\/li>\n<li>Material: Alu<\/li>\n<li>Gewicht: 80 Gramm<\/li>\n<li>f\u00fcr Seile 7 \u2013 11mm<\/li>\n<li>Gr\u00f6\u00dfe ca. 78 x 60mm<\/li>\n<li>25mm Seilscheibe auf gekapseltem Kugellager<\/li>\n<li>Wirkungsgrad 91%<\/li>\n<li>Gebrauchslast an einem Strang: 2,5kN<\/li>\n<li>Gebrauchslast zwei Str\u00e4nge: 5kN<\/li>\n<li>Bruchlast: 23kN<\/li>\n<li>Normen: <a href=\"https:\/\/bolting.eu\/en-12278-norm-fuer-seilrollen\/\">EN 12278<\/a><\/li>\n<li><a href=\"https:\/\/www.petzl.com\/sfc\/servlet.shepherd\/version\/download\/0686800000GvBmSAAV\">Gebrauchsanleitung<\/a><\/li>\n<li>ideales Zubeh\u00f6r: <a href=\"https:\/\/bolting.eu\/shop\/beal-jammy-prusikschlinge\/\">Jammy<\/a>, <a href=\"https:\/\/bolting.eu\/shop\/petzl-william-screw-lock\/\">William Screw<\/a>.<\/li>\n<\/ul>\n<h3>Effizienz Petzl Mini<\/h3>\n<p>Diese Rolle eine extrem hohe Effizienz. Das macht auch die folgende Grafik deutlich. Ihr k\u00f6nnt dort ersehen, wie die Kr\u00e4fte sich durch die 91% Wirkungsgrad verhalten.<\/p>\n<figure id=\"attachment_14890\" aria-describedby=\"caption-attachment-14890\" style=\"width: 578px\" class=\"wp-caption alignnone\"><a href=\"https:\/\/bolting.eu\/wp-content\/uploads\/2023\/01\/Petzl-Mini-Prusikrolle-3.jpg\"><img loading=\"lazy\" decoding=\"async\" class=\"wp-image-14890 size-medium\" src=\"https:\/\/bolting.eu\/wp-content\/uploads\/2023\/01\/Petzl-Mini-Prusikrolle-3-578x400.jpg\" alt=\"Grafik zur Effizienz der Petzl Mini Prusikrolle mit drei Beispielen.\" width=\"578\" height=\"400\" srcset=\"https:\/\/bolting.eu\/wp-content\/uploads\/2023\/01\/Petzl-Mini-Prusikrolle-3-578x400.jpg 578w, https:\/\/bolting.eu\/wp-content\/uploads\/2023\/01\/Petzl-Mini-Prusikrolle-3-510x353.jpg 510w, https:\/\/bolting.eu\/wp-content\/uploads\/2023\/01\/Petzl-Mini-Prusikrolle-3-768x532.jpg 768w, https:\/\/bolting.eu\/wp-content\/uploads\/2023\/01\/Petzl-Mini-Prusikrolle-3-600x416.jpg 600w, https:\/\/bolting.eu\/wp-content\/uploads\/2023\/01\/Petzl-Mini-Prusikrolle-3.jpg 800w\" sizes=\"auto, (max-width: 578px) 100vw, 578px\" \/><\/a><figcaption id=\"caption-attachment-14890\" class=\"wp-caption-text\">So wirkt sich die Effizienz der Rolle aus. Grafik: petzl.com<\/figcaption><\/figure>\n<h3>Prusikrolle<\/h3>\n<p>Diese Bezeichnung stammt von der Verwendung des Prusik als R\u00fccklaufsperre f\u00fcr diese Rolle.<\/p>\n<p>Denn die beweglichen Seitenteile sind extrem flach gehalten. Somit kann man hier eine Reepschnur seitlich anbringen, ohne dass diese stark geknickt wird bzw. die Rolle sich schr\u00e4g legt.<\/p>\n<p>Damit wird garantiert, dass Seile in der Rolle genau \u00fcber die Rollenmitte laufen!<\/p>\n<figure id=\"attachment_14889\" aria-describedby=\"caption-attachment-14889\" style=\"width: 177px\" class=\"wp-caption alignnone\"><a href=\"https:\/\/bolting.eu\/wp-content\/uploads\/2023\/01\/Petzl-Mini-Prusikrolle-4.jpg\"><img loading=\"lazy\" decoding=\"async\" class=\"wp-image-14889 size-medium\" src=\"https:\/\/bolting.eu\/wp-content\/uploads\/2023\/01\/Petzl-Mini-Prusikrolle-4-177x400.jpg\" alt=\"Grafik zur Verwendung eines Prusik mit der Schwarz - goldene Petzl Mini Prusikrolle.\" width=\"177\" height=\"400\" srcset=\"https:\/\/bolting.eu\/wp-content\/uploads\/2023\/01\/Petzl-Mini-Prusikrolle-4-177x400.jpg 177w, https:\/\/bolting.eu\/wp-content\/uploads\/2023\/01\/Petzl-Mini-Prusikrolle-4.jpg 353w\" sizes=\"auto, (max-width: 177px) 100vw, 177px\" \/><\/a><figcaption id=\"caption-attachment-14889\" class=\"wp-caption-text\">Durch die flachen Seitenteile stellt sich die Rolle bei Verwendung eines Prusik nicht schr\u00e4g. Somit l\u00e4uft das Seil ideal \u00fcber die Mitte der Rolle und liegt nirgends an! Grafik: petzl.com<\/figcaption><\/figure>\n<h3>Working Load Limit<\/h3>\n<p>Beachtet die maximale \u201eArbeitsbelastung\u201c der Petzl Mini.<\/p>\n<p>Denn diese liegt bei je 2,5kN auf jedem Strang, bzw. insgesamt bei 5kN. D.h. diese Rolle sollte nicht mit mehr als 250kg auf jeder Seite oder 500kg gesamt belastet werden.<\/p>\n<p>Das WLL ist somit deutlich geringer als die Bruchlastwerte.<\/p>\n<figure id=\"attachment_14888\" aria-describedby=\"caption-attachment-14888\" style=\"width: 318px\" class=\"wp-caption alignnone\"><a href=\"https:\/\/bolting.eu\/wp-content\/uploads\/2023\/01\/Petzl-Mini-Prusikrolle-5.jpg\"><img loading=\"lazy\" decoding=\"async\" class=\"wp-image-14888 size-medium\" src=\"https:\/\/bolting.eu\/wp-content\/uploads\/2023\/01\/Petzl-Mini-Prusikrolle-5-318x400.jpg\" alt=\"Grafik zur Erkl\u00e4rung des Working Load Limit der Schwarz - goldene Petzl Mini Prusikrolle.\" width=\"318\" height=\"400\" srcset=\"https:\/\/bolting.eu\/wp-content\/uploads\/2023\/01\/Petzl-Mini-Prusikrolle-5-318x400.jpg 318w, https:\/\/bolting.eu\/wp-content\/uploads\/2023\/01\/Petzl-Mini-Prusikrolle-5-510x643.jpg 510w, https:\/\/bolting.eu\/wp-content\/uploads\/2023\/01\/Petzl-Mini-Prusikrolle-5-600x756.jpg 600w, https:\/\/bolting.eu\/wp-content\/uploads\/2023\/01\/Petzl-Mini-Prusikrolle-5.jpg 635w\" sizes=\"auto, (max-width: 318px) 100vw, 318px\" \/><\/a><figcaption id=\"caption-attachment-14888\" class=\"wp-caption-text\">Das WLL betr\u00e4gt 5kN bzw. je 2,5kn pro Seite. Grafik: petzl.com<\/figcaption><\/figure>\n","protected":false},"excerpt":{"rendered":"<p>Kleine, sehr effiziente Seilrolle. Durch die extrem flachen Seitenteile stellt sie sich bei Verwendung eines Prusik als R\u00fccklaufsperre nicht schr\u00e4g!<\/p>\n<p>Versandkostenfrei bis 2kg in <img decoding=\"async\" class=\"emoji\" role=\"img\" draggable=\"false\" src=\"https:\/\/s.w.org\/images\/core\/emoji\/13.1.0\/svg\/1f1e6-1f1f9.svg\" alt=\"\ud83c\udde6\ud83c\uddf9\" \/> ab \u20ac 100,- und <img decoding=\"async\" class=\"emoji\" role=\"img\" draggable=\"false\" src=\"https:\/\/s.w.org\/images\/core\/emoji\/13.1.0\/svg\/1f1e9-1f1ea.svg\" alt=\"\ud83c\udde9\ud83c\uddea\" \/> ab \u20ac 200,-!<\/p>\n","protected":false},"featured_media":14892,"comment_status":"closed","ping_status":"closed","template":"","meta":[],"product_brand":[],"product_cat":[29,4586,14093],"product_tag":[],"class_list":{"0":"post-14887","1":"product","2":"type-product","3":"status-publish","4":"has-post-thumbnail","6":"product_cat-kletterausruestung","7":"product_cat-seilrollen","8":"product_cat-petzl","10":"first","11":"instock","12":"taxable","13":"shipping-taxable","14":"purchasable","15":"product-type-simple"},"yoast_head":"<!-- This site is optimized with the Yoast SEO Premium plugin v26.9 (Yoast SEO v26.9) - https:\/\/yoast.com\/product\/yoast-seo-premium-wordpress\/ -->\n<title>Petzl Mini Prusikrolle - 91% Wirkungsgrad | bolting.eu<\/title>\n<meta name=\"description\" content=\"Petzl Mini Prusikrolle beim Kletter Hardwareprofi kaufen \u2705 kostenloser Versand* \u2705 14 Tage R\u00fcckgaberecht \u2705 Co2 neutraler Versand\" \/>\n<meta name=\"robots\" content=\"index, follow, max-snippet:-1, max-image-preview:large, max-video-preview:-1\" \/>\n<link rel=\"canonical\" href=\"https:\/\/bolting.eu\/en\/shop\/petzl-mini-prusikrolle\/\" \/>\n<meta property=\"og:locale\" content=\"en_US\" \/>\n<meta property=\"og:type\" content=\"article\" \/>\n<meta property=\"og:title\" content=\"Petzl Mini Prusikrolle\" \/>\n<meta property=\"og:description\" content=\"Petzl Mini Prusikrolle beim Kletter Hardwareprofi kaufen \u2705 kostenloser Versand* \u2705 14 Tage R\u00fcckgaberecht \u2705 Co2 neutraler Versand\" \/>\n<meta property=\"og:url\" content=\"https:\/\/bolting.eu\/en\/shop\/petzl-mini-prusikrolle\/\" \/>\n<meta property=\"og:site_name\" content=\"bolting.eu\" \/>\n<meta property=\"article:publisher\" content=\"https:\/\/www.facebook.com\/bolting.eu\" \/>\n<meta property=\"article:modified_time\" content=\"2025-12-17T16:41:27+00:00\" \/>\n<meta property=\"og:image\" content=\"https:\/\/bolting.eu\/wp-content\/uploads\/2023\/01\/Petzl-Mini-Prusikrolle-1.jpg\" \/>\n\t<meta property=\"og:image:width\" content=\"700\" \/>\n\t<meta property=\"og:image:height\" content=\"700\" \/>\n\t<meta property=\"og:image:type\" content=\"image\/jpeg\" \/>\n<meta name=\"twitter:card\" content=\"summary_large_image\" \/>\n<meta name=\"twitter:label1\" content=\"Price\" \/>\n\t<meta name=\"twitter:data1\" content=\"&euro;&nbsp;55,00\" \/>\n\t<meta name=\"twitter:label2\" content=\"Availability\" \/>\n\t<meta name=\"twitter:data2\" content=\"In stock\" \/>\n<script type=\"application\/ld+json\" class=\"yoast-schema-graph\">{\"@context\":\"https:\/\/schema.org\",\"@graph\":[{\"@type\":[\"WebPage\",\"ItemPage\"],\"@id\":\"https:\/\/bolting.eu\/en\/shop\/petzl-mini-prusikrolle\/\",\"url\":\"https:\/\/bolting.eu\/en\/shop\/petzl-mini-prusikrolle\/\",\"name\":\"Petzl Mini Prusikrolle - 91% Wirkungsgrad | bolting.eu\",\"isPartOf\":{\"@id\":\"https:\/\/bolting.eu\/en\/#website\"},\"primaryImageOfPage\":{\"@id\":\"https:\/\/bolting.eu\/en\/shop\/petzl-mini-prusikrolle\/#primaryimage\"},\"image\":{\"@id\":\"https:\/\/bolting.eu\/en\/shop\/petzl-mini-prusikrolle\/#primaryimage\"},\"thumbnailUrl\":\"https:\/\/bolting.eu\/wp-content\/uploads\/2023\/01\/Petzl-Mini-Prusikrolle-1.jpg\",\"datePublished\":\"2023-01-30T11:34:21+00:00\",\"dateModified\":\"2025-12-17T16:41:27+00:00\",\"description\":\"Petzl Mini Prusikrolle beim Kletter Hardwareprofi kaufen \u2705 kostenloser Versand* \u2705 14 Tage R\u00fcckgaberecht \u2705 Co2 neutraler Versand\",\"breadcrumb\":{\"@id\":\"https:\/\/bolting.eu\/en\/shop\/petzl-mini-prusikrolle\/#breadcrumb\"},\"inLanguage\":\"en-US\",\"potentialAction\":[{\"@type\":\"ReadAction\",\"target\":[\"https:\/\/bolting.eu\/en\/shop\/petzl-mini-prusikrolle\/\"]}]},{\"@type\":\"ImageObject\",\"inLanguage\":\"en-US\",\"@id\":\"https:\/\/bolting.eu\/en\/shop\/petzl-mini-prusikrolle\/#primaryimage\",\"url\":\"https:\/\/bolting.eu\/wp-content\/uploads\/2023\/01\/Petzl-Mini-Prusikrolle-1.jpg\",\"contentUrl\":\"https:\/\/bolting.eu\/wp-content\/uploads\/2023\/01\/Petzl-Mini-Prusikrolle-1.jpg\",\"width\":700,\"height\":700,\"caption\":\"Schwarz - goldene Petzl Mini Prusikrolle von der Seite.\"},{\"@type\":\"BreadcrumbList\",\"@id\":\"https:\/\/bolting.eu\/en\/shop\/petzl-mini-prusikrolle\/#breadcrumb\",\"itemListElement\":[{\"@type\":\"ListItem\",\"position\":1,\"name\":\"Shop\",\"item\":\"https:\/\/bolting.eu\/en\/shop\/\"},{\"@type\":\"ListItem\",\"position\":2,\"name\":\"climbing equipment\",\"item\":\"https:\/\/bolting.eu\/en\/produkt-kategorie\/climbing-equipment\/\"},{\"@type\":\"ListItem\",\"position\":3,\"name\":\"Seilrollen\",\"item\":\"https:\/\/bolting.eu\/produkt-kategorie\/kletterausruestung\/seilrollen\/\"},{\"@type\":\"ListItem\",\"position\":4,\"name\":\"Petzl Mini Prusikrolle\"}]},{\"@type\":\"WebSite\",\"@id\":\"https:\/\/bolting.eu\/en\/#website\",\"url\":\"https:\/\/bolting.eu\/en\/\",\"name\":\"bolting.eu\",\"description\":\"we make climbs happen\",\"publisher\":{\"@id\":\"https:\/\/bolting.eu\/en\/#organization\"},\"potentialAction\":[{\"@type\":\"SearchAction\",\"target\":{\"@type\":\"EntryPoint\",\"urlTemplate\":\"https:\/\/bolting.eu\/en\/?s={search_term_string}\"},\"query-input\":{\"@type\":\"PropertyValueSpecification\",\"valueRequired\":true,\"valueName\":\"search_term_string\"}}],\"inLanguage\":\"en-US\"},{\"@type\":[\"Organization\",\"Place\",\"SportingGoodsStore\"],\"@id\":\"https:\/\/bolting.eu\/en\/#organization\",\"name\":\"bolting.eu\",\"url\":\"https:\/\/bolting.eu\/en\/\",\"logo\":{\"@id\":\"https:\/\/bolting.eu\/en\/shop\/petzl-mini-prusikrolle\/#local-main-organization-logo\"},\"image\":{\"@id\":\"https:\/\/bolting.eu\/en\/shop\/petzl-mini-prusikrolle\/#local-main-organization-logo\"},\"sameAs\":[\"https:\/\/www.facebook.com\/bolting.eu\",\"https:\/\/www.instagram.com\/bolting.eu\/\"],\"address\":{\"@id\":\"https:\/\/bolting.eu\/en\/shop\/petzl-mini-prusikrolle\/#local-main-place-address\"},\"geo\":{\"@type\":\"GeoCoordinates\",\"latitude\":\"47.264176340396226\",\"longitude\":\"11.380109057672346\"},\"telephone\":[\"+43 699 19083372\"],\"openingHoursSpecification\":[{\"@type\":\"OpeningHoursSpecification\",\"dayOfWeek\":[\"Monday\",\"Wednesday\",\"Friday\"],\"opens\":\"14:00\",\"closes\":\"18:00\"},{\"@type\":\"OpeningHoursSpecification\",\"dayOfWeek\":[\"Tuesday\",\"Thursday\",\"Saturday\",\"Sunday\"],\"opens\":\"00:00\",\"closes\":\"00:00\"}],\"email\":\"office@bolting.eu\",\"vatID\":\"ATU59999728\",\"priceRange\":\"$$\",\"currenciesAccepted\":\"Euro\"},{\"@type\":\"PostalAddress\",\"@id\":\"https:\/\/bolting.eu\/en\/shop\/petzl-mini-prusikrolle\/#local-main-place-address\",\"streetAddress\":\"Fischnalerstra\u00dfe 4\",\"addressLocality\":\"Innsbruck\",\"postalCode\":\"6020\",\"addressRegion\":\"Tirol\",\"addressCountry\":\"AT\"},{\"@type\":\"ImageObject\",\"inLanguage\":\"en-US\",\"@id\":\"https:\/\/bolting.eu\/en\/shop\/petzl-mini-prusikrolle\/#local-main-organization-logo\",\"url\":\"https:\/\/bolting.eu\/wp-content\/uploads\/2019\/09\/bolting-logo.png\",\"contentUrl\":\"https:\/\/bolting.eu\/wp-content\/uploads\/2019\/09\/bolting-logo.png\",\"width\":400,\"height\":211,\"caption\":\"bolting.eu\"}]}<\/script>\n<meta property=\"product:price:amount\" content=\"55.00\" \/>\n<meta property=\"product:price:currency\" content=\"EUR\" \/>\n<meta property=\"og:availability\" content=\"instock\" \/>\n<meta property=\"product:availability\" content=\"instock\" \/>\n<meta property=\"product:retailer_item_id\" content=\"P59A\" \/>\n<meta property=\"product:condition\" content=\"new\" \/>\n<meta name=\"geo.placename\" content=\"Innsbruck\" \/>\n<meta name=\"geo.position\" content=\"47.264176340396226;11.380109057672346\" \/>\n<meta name=\"geo.region\" content=\"Austria\" \/>\n<!-- \/ Yoast SEO Premium plugin. -->","yoast_head_json":{"title":"Petzl Mini Prusikrolle - 91% Wirkungsgrad | bolting.eu","description":"Petzl Mini Prusikrolle beim Kletter Hardwareprofi kaufen \u2705 kostenloser Versand* \u2705 14 Tage R\u00fcckgaberecht \u2705 Co2 neutraler Versand","robots":{"index":"index","follow":"follow","max-snippet":"max-snippet:-1","max-image-preview":"max-image-preview:large","max-video-preview":"max-video-preview:-1"},"canonical":"https:\/\/bolting.eu\/en\/shop\/petzl-mini-prusikrolle\/","og_locale":"en_US","og_type":"article","og_title":"Petzl Mini Prusikrolle","og_description":"Petzl Mini Prusikrolle beim Kletter Hardwareprofi kaufen \u2705 kostenloser Versand* \u2705 14 Tage R\u00fcckgaberecht \u2705 Co2 neutraler Versand","og_url":"https:\/\/bolting.eu\/en\/shop\/petzl-mini-prusikrolle\/","og_site_name":"bolting.eu","article_publisher":"https:\/\/www.facebook.com\/bolting.eu","article_modified_time":"2025-12-17T16:41:27+00:00","og_image":[{"width":700,"height":700,"url":"https:\/\/bolting.eu\/wp-content\/uploads\/2023\/01\/Petzl-Mini-Prusikrolle-1.jpg","type":"image\/jpeg"}],"twitter_card":"summary_large_image","twitter_misc":{"Price":"&euro;&nbsp;55,00","Availability":"In stock"},"schema":{"@context":"https:\/\/schema.org","@graph":[{"@type":["WebPage","ItemPage"],"@id":"https:\/\/bolting.eu\/en\/shop\/petzl-mini-prusikrolle\/","url":"https:\/\/bolting.eu\/en\/shop\/petzl-mini-prusikrolle\/","name":"Petzl Mini Prusikrolle - 91% Wirkungsgrad | bolting.eu","isPartOf":{"@id":"https:\/\/bolting.eu\/en\/#website"},"primaryImageOfPage":{"@id":"https:\/\/bolting.eu\/en\/shop\/petzl-mini-prusikrolle\/#primaryimage"},"image":{"@id":"https:\/\/bolting.eu\/en\/shop\/petzl-mini-prusikrolle\/#primaryimage"},"thumbnailUrl":"https:\/\/bolting.eu\/wp-content\/uploads\/2023\/01\/Petzl-Mini-Prusikrolle-1.jpg","datePublished":"2023-01-30T11:34:21+00:00","dateModified":"2025-12-17T16:41:27+00:00","description":"Petzl Mini Prusikrolle beim Kletter Hardwareprofi kaufen \u2705 kostenloser Versand* \u2705 14 Tage R\u00fcckgaberecht \u2705 Co2 neutraler Versand","breadcrumb":{"@id":"https:\/\/bolting.eu\/en\/shop\/petzl-mini-prusikrolle\/#breadcrumb"},"inLanguage":"en-US","potentialAction":[{"@type":"ReadAction","target":["https:\/\/bolting.eu\/en\/shop\/petzl-mini-prusikrolle\/"]}]},{"@type":"ImageObject","inLanguage":"en-US","@id":"https:\/\/bolting.eu\/en\/shop\/petzl-mini-prusikrolle\/#primaryimage","url":"https:\/\/bolting.eu\/wp-content\/uploads\/2023\/01\/Petzl-Mini-Prusikrolle-1.jpg","contentUrl":"https:\/\/bolting.eu\/wp-content\/uploads\/2023\/01\/Petzl-Mini-Prusikrolle-1.jpg","width":700,"height":700,"caption":"Schwarz - goldene Petzl Mini Prusikrolle von der Seite."},{"@type":"BreadcrumbList","@id":"https:\/\/bolting.eu\/en\/shop\/petzl-mini-prusikrolle\/#breadcrumb","itemListElement":[{"@type":"ListItem","position":1,"name":"Shop","item":"https:\/\/bolting.eu\/en\/shop\/"},{"@type":"ListItem","position":2,"name":"climbing equipment","item":"https:\/\/bolting.eu\/en\/produkt-kategorie\/climbing-equipment\/"},{"@type":"ListItem","position":3,"name":"Seilrollen","item":"https:\/\/bolting.eu\/produkt-kategorie\/kletterausruestung\/seilrollen\/"},{"@type":"ListItem","position":4,"name":"Petzl Mini Prusikrolle"}]},{"@type":"WebSite","@id":"https:\/\/bolting.eu\/en\/#website","url":"https:\/\/bolting.eu\/en\/","name":"bolting.eu","description":"we make climbs happen","publisher":{"@id":"https:\/\/bolting.eu\/en\/#organization"},"potentialAction":[{"@type":"SearchAction","target":{"@type":"EntryPoint","urlTemplate":"https:\/\/bolting.eu\/en\/?s={search_term_string}"},"query-input":{"@type":"PropertyValueSpecification","valueRequired":true,"valueName":"search_term_string"}}],"inLanguage":"en-US"},{"@type":["Organization","Place","SportingGoodsStore"],"@id":"https:\/\/bolting.eu\/en\/#organization","name":"bolting.eu","url":"https:\/\/bolting.eu\/en\/","logo":{"@id":"https:\/\/bolting.eu\/en\/shop\/petzl-mini-prusikrolle\/#local-main-organization-logo"},"image":{"@id":"https:\/\/bolting.eu\/en\/shop\/petzl-mini-prusikrolle\/#local-main-organization-logo"},"sameAs":["https:\/\/www.facebook.com\/bolting.eu","https:\/\/www.instagram.com\/bolting.eu\/"],"address":{"@id":"https:\/\/bolting.eu\/en\/shop\/petzl-mini-prusikrolle\/#local-main-place-address"},"geo":{"@type":"GeoCoordinates","latitude":"47.264176340396226","longitude":"11.380109057672346"},"telephone":["+43 699 19083372"],"openingHoursSpecification":[{"@type":"OpeningHoursSpecification","dayOfWeek":["Monday","Wednesday","Friday"],"opens":"14:00","closes":"18:00"},{"@type":"OpeningHoursSpecification","dayOfWeek":["Tuesday","Thursday","Saturday","Sunday"],"opens":"00:00","closes":"00:00"}],"email":"office@bolting.eu","vatID":"ATU59999728","priceRange":"$$","currenciesAccepted":"Euro"},{"@type":"PostalAddress","@id":"https:\/\/bolting.eu\/en\/shop\/petzl-mini-prusikrolle\/#local-main-place-address","streetAddress":"Fischnalerstra\u00dfe 4","addressLocality":"Innsbruck","postalCode":"6020","addressRegion":"Tirol","addressCountry":"AT"},{"@type":"ImageObject","inLanguage":"en-US","@id":"https:\/\/bolting.eu\/en\/shop\/petzl-mini-prusikrolle\/#local-main-organization-logo","url":"https:\/\/bolting.eu\/wp-content\/uploads\/2019\/09\/bolting-logo.png","contentUrl":"https:\/\/bolting.eu\/wp-content\/uploads\/2019\/09\/bolting-logo.png","width":400,"height":211,"caption":"bolting.eu"}]},"product_price_amount":"55.00","product_price_currency":"EUR","og_availability":"instock","product_availability":"instock","product_retailer_item_id":"P59A","product_condition":"new","geo.placename":"Innsbruck","geo.position":{"lat":"47.264176340396226","long":"11.380109057672346"},"geo.region":"Austria"},"_links":{"self":[{"href":"https:\/\/bolting.eu\/en\/wp-json\/wp\/v2\/product\/14887","targetHints":{"allow":["GET"]}}],"collection":[{"href":"https:\/\/bolting.eu\/en\/wp-json\/wp\/v2\/product"}],"about":[{"href":"https:\/\/bolting.eu\/en\/wp-json\/wp\/v2\/types\/product"}],"replies":[{"embeddable":true,"href":"https:\/\/bolting.eu\/en\/wp-json\/wp\/v2\/comments?post=14887"}],"wp:featuredmedia":[{"embeddable":true,"href":"https:\/\/bolting.eu\/en\/wp-json\/wp\/v2\/media\/14892"}],"wp:attachment":[{"href":"https:\/\/bolting.eu\/en\/wp-json\/wp\/v2\/media?parent=14887"}],"wp:term":[{"taxonomy":"product_brand","embeddable":true,"href":"https:\/\/bolting.eu\/en\/wp-json\/wp\/v2\/product_brand?post=14887"},{"taxonomy":"product_cat","embeddable":true,"href":"https:\/\/bolting.eu\/en\/wp-json\/wp\/v2\/product_cat?post=14887"},{"taxonomy":"product_tag","embeddable":true,"href":"https:\/\/bolting.eu\/en\/wp-json\/wp\/v2\/product_tag?post=14887"}],"curies":[{"name":"wp","href":"https:\/\/api.w.org\/{rel}","templated":true}]}}