{"id":14880,"date":"2023-01-30T11:35:53","date_gmt":"2023-01-30T10:35:53","guid":{"rendered":"https:\/\/bolting.eu\/?post_type=product&#038;p=14880"},"modified":"2026-01-21T16:25:37","modified_gmt":"2026-01-21T15:25:37","slug":"petzl-partner-umlenkrolle","status":"publish","type":"product","link":"https:\/\/bolting.eu\/en\/shop\/petzl-partner-umlenkrolle\/","title":{"rendered":"Petzl Partner Umlenkrolle"},"content":{"rendered":"<p>Die Petzl Partner ist eine Umlenkrolle mit beweglichen Seitenteilen. Mit einem WLL (Working Load Limit) von 5kN ist sie f\u00fcr sehr viele Anwendungsbereiche geeignet.<\/p>\n<p>Diese reichen von einfachen Flaschenz\u00fcgen, \u00fcber das Haulen von Lasten, bis hin zur Spaltenbergung. Ideal als Erg\u00e4nzung ist der <a href=\"https:\/\/bolting.eu\/shop\/petzl-tibloc\/\">Tibloc<\/a> und ein <a href=\"https:\/\/bolting.eu\/shop\/petzl-ok-screw-lock\/\">OK Schraubkarabiner<\/a>.<\/p>\n<p>Was dieses Produkt auszeichnet sind diese drei Features.<\/p>\n<p>Erstens das gekapselte Kugellager mit hohem Effizienzgrad. Zweitens die Seitenteile und die Rolle aus Alu. Und drittens die beweglichen Seitenw\u00e4nde.<\/p>\n<p>Wer eine einfache und g\u00fcnstige Rolle sucht, der ist hier richtig!<\/p>\n<h2>Eigenschaften Partner Umlenkrolle<\/h2>\n<ul>\n<li>Hersteller: <a href=\"https:\/\/bolting.eu\/produkt-kategorie\/petzl\/\">Petzl<\/a><\/li>\n<li>Material: Alu<\/li>\n<li>Gewicht: 56 Gramm<\/li>\n<li>f\u00fcr Seile 7 \u2013 11mm<\/li>\n<li>Gr\u00f6\u00dfe ca. 48 x 68mm<\/li>\n<li>25mm Seilscheibe auf gekapseltem Kugellager<\/li>\n<li>Wirkungsgrad 91%<\/li>\n<li>Gebrauchslast an einem Strang: 2,5kN<\/li>\n<li>Gebrauchslast zwei Str\u00e4nge: 5kN<\/li>\n<li>Bruchlast: 15kN<\/li>\n<li>Normen: <a href=\"https:\/\/bolting.eu\/en-12278-norm-fuer-seilrollen\/\">EN 12278<\/a><\/li>\n<li><a href=\"https:\/\/www.petzl.com\/sfc\/servlet.shepherd\/version\/download\/0686800000B8rdoAAB\" target=\"_blank\" rel=\"noopener\">Gebrauchsanleitung<\/a><\/li>\n<li>ideales Zubeh\u00f6r: Tibloc, OK Screw, <a href=\"https:\/\/bolting.eu\/shop\/petzl-william-screw-lock\/\">William Screw<\/a>.<\/li>\n<\/ul>\n<h3>Working Load Limit beachten<\/h3>\n<p>Beachtet die maximale &#8220;Arbeitsbelastung&#8221; der Petzl Partner Rolle.<\/p>\n<p>Denn diese liegt bei je 2,5kN auf jedem Strang, bzw. insgesamt bei 5kN. D.h. diese Rolle sollte nicht mit mehr als 250kg auf jeder Seite oder 500kg gesamt belastet werden.<\/p>\n<p>Das WLL ist somit deutlich geringer als die Bruchlastwerte.<\/p>\n<figure id=\"attachment_14883\" aria-describedby=\"caption-attachment-14883\" style=\"width: 409px\" class=\"wp-caption alignnone\"><a href=\"https:\/\/bolting.eu\/wp-content\/uploads\/2023\/01\/Petzl-PArtner-3.jpg\"><img loading=\"lazy\" decoding=\"async\" class=\"wp-image-14883 size-medium\" src=\"https:\/\/bolting.eu\/wp-content\/uploads\/2023\/01\/Petzl-PArtner-3-409x400.jpg\" alt=\"Grafik zum Working Load Limit der Petzl Partner Umlenkrolle.\" width=\"409\" height=\"400\" srcset=\"https:\/\/bolting.eu\/wp-content\/uploads\/2023\/01\/Petzl-PArtner-3-409x400.jpg 409w, https:\/\/bolting.eu\/wp-content\/uploads\/2023\/01\/Petzl-PArtner-3-510x499.jpg 510w, https:\/\/bolting.eu\/wp-content\/uploads\/2023\/01\/Petzl-PArtner-3-600x587.jpg 600w, https:\/\/bolting.eu\/wp-content\/uploads\/2023\/01\/Petzl-PArtner-3.jpg 700w\" sizes=\"auto, (max-width: 409px) 100vw, 409px\" \/><\/a><figcaption id=\"caption-attachment-14883\" class=\"wp-caption-text\">Beachtet das WLL (Working Load Limit) der Umlenkrolle! Grafik: petzl.com<\/figcaption><\/figure>\n<h3>Petzl Partner &#8211; hohe Effizienz<\/h3>\n<p>F\u00fcr seine Gr\u00f6\u00dfe hat diese Rolle eine extrem hohe Effizienz. Das macht auch die folgende Grafik deutlich. Ihr k\u00f6nnt dort ersehen, wie die Kr\u00e4fte sich durch die 91% Effizienz verhalten.<\/p>\n<figure id=\"attachment_14882\" aria-describedby=\"caption-attachment-14882\" style=\"width: 796px\" class=\"wp-caption alignnone\"><a href=\"https:\/\/bolting.eu\/wp-content\/uploads\/2023\/01\/Petzl-PArtner-4.jpg\"><img loading=\"lazy\" decoding=\"async\" class=\"wp-image-14882 size-medium\" src=\"https:\/\/bolting.eu\/wp-content\/uploads\/2023\/01\/Petzl-PArtner-4-796x400.jpg\" alt=\"Grafik mit drei Beispielen zur Effizienz der Petzl Partner Umlenkrolle.\" width=\"796\" height=\"400\" srcset=\"https:\/\/bolting.eu\/wp-content\/uploads\/2023\/01\/Petzl-PArtner-4-796x400.jpg 796w, https:\/\/bolting.eu\/wp-content\/uploads\/2023\/01\/Petzl-PArtner-4-510x256.jpg 510w, https:\/\/bolting.eu\/wp-content\/uploads\/2023\/01\/Petzl-PArtner-4-768x386.jpg 768w, https:\/\/bolting.eu\/wp-content\/uploads\/2023\/01\/Petzl-PArtner-4-600x302.jpg 600w, https:\/\/bolting.eu\/wp-content\/uploads\/2023\/01\/Petzl-PArtner-4.jpg 800w\" sizes=\"auto, (max-width: 796px) 100vw, 796px\" \/><\/a><figcaption id=\"caption-attachment-14882\" class=\"wp-caption-text\">Drei Beispiele f\u00fcr die Effizienz der Rolle. Grafik: petzl.com<\/figcaption><\/figure>\n<h3>Umlenkrolle &amp; Tibloc<\/h3>\n<p>Wer sporadisch eine R\u00fccklaufsperre bei der Partner Umlenkrolle installieren m\u00f6chte, ist mit dem Tibloc bestens beraten.<\/p>\n<p>Ihr solltet dann aber euer Set-Up zuhause mal durchgehen. So stellt ihr sicher, dass alles perfekt abgestimmt ist. Wir empfehlen euch daf\u00fcr einen Petzl OK &#8211; ovalen Schraubkarabiner zum einh\u00e4ngen des Tiblocs.<\/p>\n<p>Beachtet. Ist euer Karabiner sehr klein, kann der Tibloc nicht richtig blockieren!<\/p>\n<p>Als &#8220;Zentralkarabiner&#8221; f\u00fcr die Rolle und den Ok selbst ist ein William Schrauber mit seinem breiten Scheitel perfekt.<\/p>\n<p>Wer oft eine kleine Rolle mit R\u00fccklaufsperre braucht, sollte sich die Micro Traxion oder Edelrid Spox in Erw\u00e4gung ziehen.<\/p>\n<figure id=\"attachment_14881\" aria-describedby=\"caption-attachment-14881\" style=\"width: 626px\" class=\"wp-caption alignnone\"><a href=\"https:\/\/bolting.eu\/wp-content\/uploads\/2023\/01\/Petzl-PArtner-5.jpg\"><img loading=\"lazy\" decoding=\"async\" class=\"wp-image-14881 size-medium\" src=\"https:\/\/bolting.eu\/wp-content\/uploads\/2023\/01\/Petzl-PArtner-5-626x400.jpg\" alt=\"Grafik zur Verwendung eines Tibloc mit der Petzl Partner Umlenkrolle.\" width=\"626\" height=\"400\" srcset=\"https:\/\/bolting.eu\/wp-content\/uploads\/2023\/01\/Petzl-PArtner-5-626x400.jpg 626w, https:\/\/bolting.eu\/wp-content\/uploads\/2023\/01\/Petzl-PArtner-5-510x326.jpg 510w, https:\/\/bolting.eu\/wp-content\/uploads\/2023\/01\/Petzl-PArtner-5-768x491.jpg 768w, https:\/\/bolting.eu\/wp-content\/uploads\/2023\/01\/Petzl-PArtner-5-600x383.jpg 600w, https:\/\/bolting.eu\/wp-content\/uploads\/2023\/01\/Petzl-PArtner-5.jpg 800w\" sizes=\"auto, (max-width: 626px) 100vw, 626px\" \/><\/a><figcaption id=\"caption-attachment-14881\" class=\"wp-caption-text\">Bei der Verwendung des Tibloc braucht ihr einen langen, ovalen Karabiner. Achtung: Installation unbedingt auf der Seite des Gewichtes!<\/figcaption><\/figure>\n","protected":false},"excerpt":{"rendered":"<p>Kleine Umlenkrolle mit 91% Effizienzgrad, gekapseltem Kugellager und beweglichen Seitenteilen.<\/p>\n<p>Vielseitige Alu Rolle f\u00fcr Flaschenz\u00fcge, Haulen und Spaltenbergung. WLL = 500kg.<\/p>\n<p>Versandkostenfrei bis 2kg in <img decoding=\"async\" class=\"emoji\" role=\"img\" draggable=\"false\" src=\"https:\/\/s.w.org\/images\/core\/emoji\/13.1.0\/svg\/1f1e6-1f1f9.svg\" alt=\"\ud83c\udde6\ud83c\uddf9\" \/> ab \u20ac 100,- und <img decoding=\"async\" class=\"emoji\" role=\"img\" draggable=\"false\" src=\"https:\/\/s.w.org\/images\/core\/emoji\/13.1.0\/svg\/1f1e9-1f1ea.svg\" alt=\"\ud83c\udde9\ud83c\uddea\" \/> ab \u20ac 200,-!<\/p>\n","protected":false},"featured_media":14885,"comment_status":"closed","ping_status":"closed","template":"","meta":[],"product_brand":[],"product_cat":[29,4586,14093],"product_tag":[],"class_list":{"0":"post-14880","1":"product","2":"type-product","3":"status-publish","4":"has-post-thumbnail","6":"product_cat-kletterausruestung","7":"product_cat-seilrollen","8":"product_cat-petzl","10":"first","11":"instock","12":"taxable","13":"shipping-taxable","14":"purchasable","15":"product-type-simple"},"yoast_head":"<!-- This site is optimized with the Yoast SEO Premium plugin v26.9 (Yoast SEO v26.9) - https:\/\/yoast.com\/product\/yoast-seo-premium-wordpress\/ -->\n<title>Petzl Partner Umlenkrolle - 91% Effizienzgrad | bolting.eu<\/title>\n<meta name=\"description\" content=\"Petzl Partner Umlenkrolle beim Kletter Hardwareprofi kaufen \u2705 kostenloser Versand* \u2705 14 Tage R\u00fcckgaberecht \u2705 Co2 neutraler Versand\" \/>\n<meta name=\"robots\" content=\"index, follow, max-snippet:-1, max-image-preview:large, max-video-preview:-1\" \/>\n<link rel=\"canonical\" href=\"https:\/\/bolting.eu\/en\/shop\/petzl-partner-umlenkrolle\/\" \/>\n<meta property=\"og:locale\" content=\"en_US\" \/>\n<meta property=\"og:type\" content=\"article\" \/>\n<meta property=\"og:title\" content=\"Petzl Partner Umlenkrolle\" \/>\n<meta property=\"og:description\" content=\"Petzl Partner Umlenkrolle beim Kletter Hardwareprofi kaufen \u2705 kostenloser Versand* \u2705 14 Tage R\u00fcckgaberecht \u2705 Co2 neutraler Versand\" \/>\n<meta property=\"og:url\" content=\"https:\/\/bolting.eu\/en\/shop\/petzl-partner-umlenkrolle\/\" \/>\n<meta property=\"og:site_name\" content=\"bolting.eu\" \/>\n<meta property=\"article:publisher\" content=\"https:\/\/www.facebook.com\/bolting.eu\" \/>\n<meta property=\"article:modified_time\" content=\"2026-01-21T15:25:37+00:00\" \/>\n<meta property=\"og:image\" content=\"https:\/\/bolting.eu\/wp-content\/uploads\/2023\/01\/Petzl-PArtner-1.jpg\" \/>\n\t<meta property=\"og:image:width\" content=\"700\" \/>\n\t<meta property=\"og:image:height\" content=\"700\" \/>\n\t<meta property=\"og:image:type\" content=\"image\/jpeg\" \/>\n<meta name=\"twitter:card\" content=\"summary_large_image\" \/>\n<meta name=\"twitter:label1\" content=\"Price\" \/>\n\t<meta name=\"twitter:data1\" content=\"&euro;&nbsp;42,00\" \/>\n\t<meta name=\"twitter:label2\" content=\"Availability\" \/>\n\t<meta name=\"twitter:data2\" content=\"In stock\" \/>\n<script type=\"application\/ld+json\" class=\"yoast-schema-graph\">{\"@context\":\"https:\/\/schema.org\",\"@graph\":[{\"@type\":[\"WebPage\",\"ItemPage\"],\"@id\":\"https:\/\/bolting.eu\/en\/shop\/petzl-partner-umlenkrolle\/\",\"url\":\"https:\/\/bolting.eu\/en\/shop\/petzl-partner-umlenkrolle\/\",\"name\":\"Petzl Partner Umlenkrolle - 91% Effizienzgrad | bolting.eu\",\"isPartOf\":{\"@id\":\"https:\/\/bolting.eu\/en\/#website\"},\"primaryImageOfPage\":{\"@id\":\"https:\/\/bolting.eu\/en\/shop\/petzl-partner-umlenkrolle\/#primaryimage\"},\"image\":{\"@id\":\"https:\/\/bolting.eu\/en\/shop\/petzl-partner-umlenkrolle\/#primaryimage\"},\"thumbnailUrl\":\"https:\/\/bolting.eu\/wp-content\/uploads\/2023\/01\/Petzl-PArtner-1.jpg\",\"datePublished\":\"2023-01-30T10:35:53+00:00\",\"dateModified\":\"2026-01-21T15:25:37+00:00\",\"description\":\"Petzl Partner Umlenkrolle beim Kletter Hardwareprofi kaufen \u2705 kostenloser Versand* \u2705 14 Tage R\u00fcckgaberecht \u2705 Co2 neutraler Versand\",\"breadcrumb\":{\"@id\":\"https:\/\/bolting.eu\/en\/shop\/petzl-partner-umlenkrolle\/#breadcrumb\"},\"inLanguage\":\"en-US\",\"potentialAction\":[{\"@type\":\"ReadAction\",\"target\":[\"https:\/\/bolting.eu\/en\/shop\/petzl-partner-umlenkrolle\/\"]}]},{\"@type\":\"ImageObject\",\"inLanguage\":\"en-US\",\"@id\":\"https:\/\/bolting.eu\/en\/shop\/petzl-partner-umlenkrolle\/#primaryimage\",\"url\":\"https:\/\/bolting.eu\/wp-content\/uploads\/2023\/01\/Petzl-PArtner-1.jpg\",\"contentUrl\":\"https:\/\/bolting.eu\/wp-content\/uploads\/2023\/01\/Petzl-PArtner-1.jpg\",\"width\":700,\"height\":700,\"caption\":\"Schwarz-goldene Petzl Partner Umlenkrolle.\"},{\"@type\":\"BreadcrumbList\",\"@id\":\"https:\/\/bolting.eu\/en\/shop\/petzl-partner-umlenkrolle\/#breadcrumb\",\"itemListElement\":[{\"@type\":\"ListItem\",\"position\":1,\"name\":\"Shop\",\"item\":\"https:\/\/bolting.eu\/en\/shop\/\"},{\"@type\":\"ListItem\",\"position\":2,\"name\":\"climbing equipment\",\"item\":\"https:\/\/bolting.eu\/en\/produkt-kategorie\/climbing-equipment\/\"},{\"@type\":\"ListItem\",\"position\":3,\"name\":\"Seilrollen\",\"item\":\"https:\/\/bolting.eu\/produkt-kategorie\/kletterausruestung\/seilrollen\/\"},{\"@type\":\"ListItem\",\"position\":4,\"name\":\"Petzl Partner Umlenkrolle\"}]},{\"@type\":\"WebSite\",\"@id\":\"https:\/\/bolting.eu\/en\/#website\",\"url\":\"https:\/\/bolting.eu\/en\/\",\"name\":\"bolting.eu\",\"description\":\"we make climbs happen\",\"publisher\":{\"@id\":\"https:\/\/bolting.eu\/en\/#organization\"},\"potentialAction\":[{\"@type\":\"SearchAction\",\"target\":{\"@type\":\"EntryPoint\",\"urlTemplate\":\"https:\/\/bolting.eu\/en\/?s={search_term_string}\"},\"query-input\":{\"@type\":\"PropertyValueSpecification\",\"valueRequired\":true,\"valueName\":\"search_term_string\"}}],\"inLanguage\":\"en-US\"},{\"@type\":[\"Organization\",\"Place\",\"SportingGoodsStore\"],\"@id\":\"https:\/\/bolting.eu\/en\/#organization\",\"name\":\"bolting.eu\",\"url\":\"https:\/\/bolting.eu\/en\/\",\"logo\":{\"@id\":\"https:\/\/bolting.eu\/en\/shop\/petzl-partner-umlenkrolle\/#local-main-organization-logo\"},\"image\":{\"@id\":\"https:\/\/bolting.eu\/en\/shop\/petzl-partner-umlenkrolle\/#local-main-organization-logo\"},\"sameAs\":[\"https:\/\/www.facebook.com\/bolting.eu\",\"https:\/\/www.instagram.com\/bolting.eu\/\"],\"address\":{\"@id\":\"https:\/\/bolting.eu\/en\/shop\/petzl-partner-umlenkrolle\/#local-main-place-address\"},\"geo\":{\"@type\":\"GeoCoordinates\",\"latitude\":\"47.264176340396226\",\"longitude\":\"11.380109057672346\"},\"telephone\":[\"+43 699 19083372\"],\"openingHoursSpecification\":[{\"@type\":\"OpeningHoursSpecification\",\"dayOfWeek\":[\"Monday\",\"Wednesday\",\"Friday\"],\"opens\":\"14:00\",\"closes\":\"18:00\"},{\"@type\":\"OpeningHoursSpecification\",\"dayOfWeek\":[\"Tuesday\",\"Thursday\",\"Saturday\",\"Sunday\"],\"opens\":\"00:00\",\"closes\":\"00:00\"}],\"email\":\"office@bolting.eu\",\"vatID\":\"ATU59999728\",\"priceRange\":\"$$\",\"currenciesAccepted\":\"Euro\"},{\"@type\":\"PostalAddress\",\"@id\":\"https:\/\/bolting.eu\/en\/shop\/petzl-partner-umlenkrolle\/#local-main-place-address\",\"streetAddress\":\"Fischnalerstra\u00dfe 4\",\"addressLocality\":\"Innsbruck\",\"postalCode\":\"6020\",\"addressRegion\":\"Tirol\",\"addressCountry\":\"AT\"},{\"@type\":\"ImageObject\",\"inLanguage\":\"en-US\",\"@id\":\"https:\/\/bolting.eu\/en\/shop\/petzl-partner-umlenkrolle\/#local-main-organization-logo\",\"url\":\"https:\/\/bolting.eu\/wp-content\/uploads\/2019\/09\/bolting-logo.png\",\"contentUrl\":\"https:\/\/bolting.eu\/wp-content\/uploads\/2019\/09\/bolting-logo.png\",\"width\":400,\"height\":211,\"caption\":\"bolting.eu\"}]}<\/script>\n<meta property=\"product:price:amount\" content=\"42.00\" \/>\n<meta property=\"product:price:currency\" content=\"EUR\" \/>\n<meta property=\"og:availability\" content=\"instock\" \/>\n<meta property=\"product:availability\" content=\"instock\" \/>\n<meta property=\"product:retailer_item_id\" content=\"P52A\" \/>\n<meta property=\"product:condition\" content=\"new\" \/>\n<meta name=\"geo.placename\" content=\"Innsbruck\" \/>\n<meta name=\"geo.position\" content=\"47.264176340396226;11.380109057672346\" \/>\n<meta name=\"geo.region\" content=\"Austria\" \/>\n<!-- \/ Yoast SEO Premium plugin. -->","yoast_head_json":{"title":"Petzl Partner Umlenkrolle - 91% Effizienzgrad | bolting.eu","description":"Petzl Partner Umlenkrolle beim Kletter Hardwareprofi kaufen \u2705 kostenloser Versand* \u2705 14 Tage R\u00fcckgaberecht \u2705 Co2 neutraler Versand","robots":{"index":"index","follow":"follow","max-snippet":"max-snippet:-1","max-image-preview":"max-image-preview:large","max-video-preview":"max-video-preview:-1"},"canonical":"https:\/\/bolting.eu\/en\/shop\/petzl-partner-umlenkrolle\/","og_locale":"en_US","og_type":"article","og_title":"Petzl Partner Umlenkrolle","og_description":"Petzl Partner Umlenkrolle beim Kletter Hardwareprofi kaufen \u2705 kostenloser Versand* \u2705 14 Tage R\u00fcckgaberecht \u2705 Co2 neutraler Versand","og_url":"https:\/\/bolting.eu\/en\/shop\/petzl-partner-umlenkrolle\/","og_site_name":"bolting.eu","article_publisher":"https:\/\/www.facebook.com\/bolting.eu","article_modified_time":"2026-01-21T15:25:37+00:00","og_image":[{"width":700,"height":700,"url":"https:\/\/bolting.eu\/wp-content\/uploads\/2023\/01\/Petzl-PArtner-1.jpg","type":"image\/jpeg"}],"twitter_card":"summary_large_image","twitter_misc":{"Price":"&euro;&nbsp;42,00","Availability":"In stock"},"schema":{"@context":"https:\/\/schema.org","@graph":[{"@type":["WebPage","ItemPage"],"@id":"https:\/\/bolting.eu\/en\/shop\/petzl-partner-umlenkrolle\/","url":"https:\/\/bolting.eu\/en\/shop\/petzl-partner-umlenkrolle\/","name":"Petzl Partner Umlenkrolle - 91% Effizienzgrad | bolting.eu","isPartOf":{"@id":"https:\/\/bolting.eu\/en\/#website"},"primaryImageOfPage":{"@id":"https:\/\/bolting.eu\/en\/shop\/petzl-partner-umlenkrolle\/#primaryimage"},"image":{"@id":"https:\/\/bolting.eu\/en\/shop\/petzl-partner-umlenkrolle\/#primaryimage"},"thumbnailUrl":"https:\/\/bolting.eu\/wp-content\/uploads\/2023\/01\/Petzl-PArtner-1.jpg","datePublished":"2023-01-30T10:35:53+00:00","dateModified":"2026-01-21T15:25:37+00:00","description":"Petzl Partner Umlenkrolle beim Kletter Hardwareprofi kaufen \u2705 kostenloser Versand* \u2705 14 Tage R\u00fcckgaberecht \u2705 Co2 neutraler Versand","breadcrumb":{"@id":"https:\/\/bolting.eu\/en\/shop\/petzl-partner-umlenkrolle\/#breadcrumb"},"inLanguage":"en-US","potentialAction":[{"@type":"ReadAction","target":["https:\/\/bolting.eu\/en\/shop\/petzl-partner-umlenkrolle\/"]}]},{"@type":"ImageObject","inLanguage":"en-US","@id":"https:\/\/bolting.eu\/en\/shop\/petzl-partner-umlenkrolle\/#primaryimage","url":"https:\/\/bolting.eu\/wp-content\/uploads\/2023\/01\/Petzl-PArtner-1.jpg","contentUrl":"https:\/\/bolting.eu\/wp-content\/uploads\/2023\/01\/Petzl-PArtner-1.jpg","width":700,"height":700,"caption":"Schwarz-goldene Petzl Partner Umlenkrolle."},{"@type":"BreadcrumbList","@id":"https:\/\/bolting.eu\/en\/shop\/petzl-partner-umlenkrolle\/#breadcrumb","itemListElement":[{"@type":"ListItem","position":1,"name":"Shop","item":"https:\/\/bolting.eu\/en\/shop\/"},{"@type":"ListItem","position":2,"name":"climbing equipment","item":"https:\/\/bolting.eu\/en\/produkt-kategorie\/climbing-equipment\/"},{"@type":"ListItem","position":3,"name":"Seilrollen","item":"https:\/\/bolting.eu\/produkt-kategorie\/kletterausruestung\/seilrollen\/"},{"@type":"ListItem","position":4,"name":"Petzl Partner Umlenkrolle"}]},{"@type":"WebSite","@id":"https:\/\/bolting.eu\/en\/#website","url":"https:\/\/bolting.eu\/en\/","name":"bolting.eu","description":"we make climbs happen","publisher":{"@id":"https:\/\/bolting.eu\/en\/#organization"},"potentialAction":[{"@type":"SearchAction","target":{"@type":"EntryPoint","urlTemplate":"https:\/\/bolting.eu\/en\/?s={search_term_string}"},"query-input":{"@type":"PropertyValueSpecification","valueRequired":true,"valueName":"search_term_string"}}],"inLanguage":"en-US"},{"@type":["Organization","Place","SportingGoodsStore"],"@id":"https:\/\/bolting.eu\/en\/#organization","name":"bolting.eu","url":"https:\/\/bolting.eu\/en\/","logo":{"@id":"https:\/\/bolting.eu\/en\/shop\/petzl-partner-umlenkrolle\/#local-main-organization-logo"},"image":{"@id":"https:\/\/bolting.eu\/en\/shop\/petzl-partner-umlenkrolle\/#local-main-organization-logo"},"sameAs":["https:\/\/www.facebook.com\/bolting.eu","https:\/\/www.instagram.com\/bolting.eu\/"],"address":{"@id":"https:\/\/bolting.eu\/en\/shop\/petzl-partner-umlenkrolle\/#local-main-place-address"},"geo":{"@type":"GeoCoordinates","latitude":"47.264176340396226","longitude":"11.380109057672346"},"telephone":["+43 699 19083372"],"openingHoursSpecification":[{"@type":"OpeningHoursSpecification","dayOfWeek":["Monday","Wednesday","Friday"],"opens":"14:00","closes":"18:00"},{"@type":"OpeningHoursSpecification","dayOfWeek":["Tuesday","Thursday","Saturday","Sunday"],"opens":"00:00","closes":"00:00"}],"email":"office@bolting.eu","vatID":"ATU59999728","priceRange":"$$","currenciesAccepted":"Euro"},{"@type":"PostalAddress","@id":"https:\/\/bolting.eu\/en\/shop\/petzl-partner-umlenkrolle\/#local-main-place-address","streetAddress":"Fischnalerstra\u00dfe 4","addressLocality":"Innsbruck","postalCode":"6020","addressRegion":"Tirol","addressCountry":"AT"},{"@type":"ImageObject","inLanguage":"en-US","@id":"https:\/\/bolting.eu\/en\/shop\/petzl-partner-umlenkrolle\/#local-main-organization-logo","url":"https:\/\/bolting.eu\/wp-content\/uploads\/2019\/09\/bolting-logo.png","contentUrl":"https:\/\/bolting.eu\/wp-content\/uploads\/2019\/09\/bolting-logo.png","width":400,"height":211,"caption":"bolting.eu"}]},"product_price_amount":"42.00","product_price_currency":"EUR","og_availability":"instock","product_availability":"instock","product_retailer_item_id":"P52A","product_condition":"new","geo.placename":"Innsbruck","geo.position":{"lat":"47.264176340396226","long":"11.380109057672346"},"geo.region":"Austria"},"_links":{"self":[{"href":"https:\/\/bolting.eu\/en\/wp-json\/wp\/v2\/product\/14880","targetHints":{"allow":["GET"]}}],"collection":[{"href":"https:\/\/bolting.eu\/en\/wp-json\/wp\/v2\/product"}],"about":[{"href":"https:\/\/bolting.eu\/en\/wp-json\/wp\/v2\/types\/product"}],"replies":[{"embeddable":true,"href":"https:\/\/bolting.eu\/en\/wp-json\/wp\/v2\/comments?post=14880"}],"wp:featuredmedia":[{"embeddable":true,"href":"https:\/\/bolting.eu\/en\/wp-json\/wp\/v2\/media\/14885"}],"wp:attachment":[{"href":"https:\/\/bolting.eu\/en\/wp-json\/wp\/v2\/media?parent=14880"}],"wp:term":[{"taxonomy":"product_brand","embeddable":true,"href":"https:\/\/bolting.eu\/en\/wp-json\/wp\/v2\/product_brand?post=14880"},{"taxonomy":"product_cat","embeddable":true,"href":"https:\/\/bolting.eu\/en\/wp-json\/wp\/v2\/product_cat?post=14880"},{"taxonomy":"product_tag","embeddable":true,"href":"https:\/\/bolting.eu\/en\/wp-json\/wp\/v2\/product_tag?post=14880"}],"curies":[{"name":"wp","href":"https:\/\/api.w.org\/{rel}","templated":true}]}}