{"id":14830,"date":"2023-01-26T11:16:49","date_gmt":"2023-01-26T10:16:49","guid":{"rendered":"https:\/\/bolting.eu\/?post_type=product&#038;p=14830"},"modified":"2026-03-20T18:24:03","modified_gmt":"2026-03-20T17:24:03","slug":"petzl-pur-line-6mm","status":"publish","type":"product","link":"https:\/\/bolting.eu\/en\/shop\/petzl-pur-line-6mm\/","title":{"rendered":"Petzl Pur Line 6mm"},"content":{"rendered":"<p>Die Petzl Pur Line ist eine hyperstatische Reepschnur <strong>zum Abziehen von Seilen<\/strong> bzw. <strong>Nachziehen von kleinen Haulbags<\/strong>.<\/p>\n<p>Hierf\u00fcr ist die Schnur zum einen aus 100% HDPE gefertigt. Das ist hoch dichtes Polyethylen. Auch bekannt unter dem Markennamen &#8220;Dyneema&#8221;. Somit hat dieses Produkt so gut wie keine Dehnung!<\/p>\n<p>Die 65m lange Schnur erf\u00fcllt zwei Funktionen. Erstens wird sie als extrem leichtes &#8220;Hilfsseil&#8221; zum Abziehen von Seilen verwendet. Hier wird am normalen Kletterseil abgeseilt, mit der Reepschnur zieht man dieses dann ab.<\/p>\n<p>Das <strong>aktive Abseilen<\/strong> an dieser Schnur wird von Petzl grunds\u00e4tzlich <strong>NICHT empfohlen<\/strong>. Denn die Oberfl\u00e4che ist aus HDPE und sehr glatt. Das passende Produkt hierf\u00fcr w\u00e4re die Rad Line mit rauerem Polyamid Mantel!<\/p>\n<p>Zweitens ist dieses Produkt ideal, um kleine Haulbags nach zu ziehen. Es ist hierf\u00fcr kompatibel mit vielen Petzl Produkten. Wie z.B. <a href=\"https:\/\/bolting.eu\/shop\/petzl-micro-traxion-seilrolle-mit-ruecklaufsperre\/\">Micro Traxion<\/a>, <a href=\"https:\/\/bolting.eu\/shop\/petzl-nano-traxion\/\">Nano Traxion<\/a>, <a href=\"https:\/\/bolting.eu\/shop\/petzl-tibloc\/\">Tibloc<\/a> und <a href=\"https:\/\/bolting.eu\/shop\/petzl-ascension-handsteigklemme\/\">Ascension Steigklemmen<\/a>.<\/p>\n<h2>Eigenschaften Pur Line<\/h2>\n<ul>\n<li>Hersteller: <a href=\"https:\/\/bolting.eu\/produkt-kategorie\/petzl\/\">Petzl<\/a><\/li>\n<li>Material: HDPE hochdichtes Polyurethane (&#8220;Dyneema&#8221;)<\/li>\n<li>Gewicht: 20 Gramm \/ Meter (gesamt nur 1300 Gramm)<\/li>\n<li>L\u00e4nge: 65m<\/li>\n<li>Durchmesser: 6mm<\/li>\n<li>Statische Dehnung: 2%<\/li>\n<li>Reepschnur zum Abseilen bzw. zum Abziehen von Seilen<\/li>\n<li>zum Nachziehen von kleinen Haulbags<\/li>\n<li>65m L\u00e4nge entspricht 60m Seil mit Gebrauchsdehnung (= 65m!)<\/li>\n<li><a href=\"https:\/\/www.petzl.com\/sfc\/servlet.shepherd\/version\/download\/0686800000D6hibAAB\" target=\"_blank\" rel=\"noopener\">Bedienungsanleitung<\/a><\/li>\n<\/ul>\n<h3>Verbinden mit Kletterseil<\/h3>\n<p>Die Pur Line von Petzl ist ja zum einen f\u00fcr das Abziehen von Kletterseilen gedacht. Es ist somit eigentlich ein ultraleichtes, d\u00fcnnes &#8220;Hilfsseil&#8221;.<\/p>\n<p>Das bringt die Problematik des korrekten Verbindens von unterschiedlichen Seildurchmessern mit sich. Das muss man durch zwei eng anliegenden Sackstich Knoten l\u00f6sen.<\/p>\n<p>Im Folgenden die Anleitung dazu, die Komponenten sicher zu verbinden.<\/p>\n<figure id=\"attachment_14832\" aria-describedby=\"caption-attachment-14832\" style=\"width: 543px\" class=\"wp-caption alignnone\"><a href=\"https:\/\/bolting.eu\/wp-content\/uploads\/2023\/01\/Petzl-Pur-Line-1.jpg\"><img loading=\"lazy\" decoding=\"async\" class=\"wp-image-14832 size-medium\" src=\"https:\/\/bolting.eu\/wp-content\/uploads\/2023\/01\/Petzl-Pur-Line-1-543x400.jpg\" alt=\"Grafik zum Verbinden der Petzl Pur Line 6mm mit einem dickeren Kletterseil zum Abseilen.\" width=\"543\" height=\"400\" srcset=\"https:\/\/bolting.eu\/wp-content\/uploads\/2023\/01\/Petzl-Pur-Line-1-543x400.jpg 543w, https:\/\/bolting.eu\/wp-content\/uploads\/2023\/01\/Petzl-Pur-Line-1-510x375.jpg 510w, https:\/\/bolting.eu\/wp-content\/uploads\/2023\/01\/Petzl-Pur-Line-1-768x565.jpg 768w, https:\/\/bolting.eu\/wp-content\/uploads\/2023\/01\/Petzl-Pur-Line-1-600x442.jpg 600w, https:\/\/bolting.eu\/wp-content\/uploads\/2023\/01\/Petzl-Pur-Line-1.jpg 800w\" sizes=\"auto, (max-width: 543px) 100vw, 543px\" \/><\/a><figcaption id=\"caption-attachment-14832\" class=\"wp-caption-text\">So verbindet man sicher ein Kletterseil mit der Reepschnur zum Abseilen bzw. zum sp\u00e4teren Abziehen. Grafik: petzl.com<\/figcaption><\/figure>\n<h3>Set Up am Abseilstand<\/h3>\n<p>Neben dem sicheren Verbinden der Seile braucht es auch das passende Set up.<\/p>\n<p>Petzl weist ausdr\u00fccklich darauf hin, NICHT an beiden Seilen gleichzeitig abzuseilen. Stattdessen fixiert man das normale Kletterseil am Stand mittels Achter und Verschlusskarabiner. <strong>Die Pur Line wird nur zum Abziehen verwendet.<\/strong><\/p>\n<p>Wie das Set up genau aussehen sollte, seht ihr \u00fcbersichtlich in der folgenden Grafik. Besondere Vorsicht ist bei Abseilringen geboten, da kann ein doppelter Sackstich n\u00e4mlich sehr wohl durchrutschen!<\/p>\n<figure id=\"attachment_14833\" aria-describedby=\"caption-attachment-14833\" style=\"width: 451px\" class=\"wp-caption alignnone\"><a href=\"https:\/\/bolting.eu\/wp-content\/uploads\/2023\/01\/Petzl-Pur-Line-2.jpg\"><img loading=\"lazy\" decoding=\"async\" class=\"wp-image-14833 size-medium\" src=\"https:\/\/bolting.eu\/wp-content\/uploads\/2023\/01\/Petzl-Pur-Line-2-451x400.jpg\" alt=\"Grafik zum Abseilen mit Kletterseil und Petzl Pur Line 6mm Reepschnur.\" width=\"451\" height=\"400\" srcset=\"https:\/\/bolting.eu\/wp-content\/uploads\/2023\/01\/Petzl-Pur-Line-2-451x400.jpg 451w, https:\/\/bolting.eu\/wp-content\/uploads\/2023\/01\/Petzl-Pur-Line-2-510x453.jpg 510w, https:\/\/bolting.eu\/wp-content\/uploads\/2023\/01\/Petzl-Pur-Line-2-768x682.jpg 768w, https:\/\/bolting.eu\/wp-content\/uploads\/2023\/01\/Petzl-Pur-Line-2-600x533.jpg 600w, https:\/\/bolting.eu\/wp-content\/uploads\/2023\/01\/Petzl-Pur-Line-2.jpg 800w\" sizes=\"auto, (max-width: 451px) 100vw, 451px\" \/><\/a><figcaption id=\"caption-attachment-14833\" class=\"wp-caption-text\">So muss euer Set up am Abseilstand ausschauen, damit ihr sicher abseilen und dann alles abziehen k\u00f6nnt! Grafik: petzl.com<\/figcaption><\/figure>\n<p>Beachtet. Es darf bei diesem Set up ausschlie\u00dflich am Kletterseil abgeseilt werden. Ein Abseilen an der Schnur f\u00fchrt zum &#8220;Durchrutschen&#8221; des Seiles und Absturz!!!<\/p>\n<figure id=\"attachment_14834\" aria-describedby=\"caption-attachment-14834\" style=\"width: 310px\" class=\"wp-caption alignnone\"><a href=\"https:\/\/bolting.eu\/wp-content\/uploads\/2023\/01\/Petzl-Pur-Line-3.jpg\"><img loading=\"lazy\" decoding=\"async\" class=\"wp-image-14834 size-medium\" src=\"https:\/\/bolting.eu\/wp-content\/uploads\/2023\/01\/Petzl-Pur-Line-3-310x400.jpg\" alt=\"Grafik zum Abseilen mit Kletterseil und Petzl Pur Line 6mm Reepschnur.\" width=\"310\" height=\"400\" srcset=\"https:\/\/bolting.eu\/wp-content\/uploads\/2023\/01\/Petzl-Pur-Line-3-310x400.jpg 310w, https:\/\/bolting.eu\/wp-content\/uploads\/2023\/01\/Petzl-Pur-Line-3-510x659.jpg 510w, https:\/\/bolting.eu\/wp-content\/uploads\/2023\/01\/Petzl-Pur-Line-3-619x800.jpg 619w, https:\/\/bolting.eu\/wp-content\/uploads\/2023\/01\/Petzl-Pur-Line-3-600x775.jpg 600w, https:\/\/bolting.eu\/wp-content\/uploads\/2023\/01\/Petzl-Pur-Line-3.jpg 630w\" sizes=\"auto, (max-width: 310px) 100vw, 310px\" \/><\/a><figcaption id=\"caption-attachment-14834\" class=\"wp-caption-text\">Achtung! Es darf bei diesem Set up nur am Kletterseil, NICHT an der Reepschnur abgeseilt werden!<\/figcaption><\/figure>\n<h3>Petzl Pur Line als Haul Line!<\/h3>\n<p>Der zweite designierte Einsatzbereich dieses Produktes ist das Nachziehen von kleinen Haulbags. Im Fachchargon wird also eine &#8220;Haul Line&#8221; daraus.<\/p>\n<p>Auch hierf\u00fcr gibt es ein empfohlenes Set up von Petzl.<\/p>\n<figure id=\"attachment_14835\" aria-describedby=\"caption-attachment-14835\" style=\"width: 428px\" class=\"wp-caption alignnone\"><a href=\"https:\/\/bolting.eu\/wp-content\/uploads\/2023\/01\/Petzl-Pur-Line-4.jpg\"><img loading=\"lazy\" decoding=\"async\" class=\"wp-image-14835 size-medium\" src=\"https:\/\/bolting.eu\/wp-content\/uploads\/2023\/01\/Petzl-Pur-Line-4-428x400.jpg\" alt=\"Grafik zur Verwendung einer Haul Line, also zum Nachziehen von Haulbags.\" width=\"428\" height=\"400\" srcset=\"https:\/\/bolting.eu\/wp-content\/uploads\/2023\/01\/Petzl-Pur-Line-4-428x400.jpg 428w, https:\/\/bolting.eu\/wp-content\/uploads\/2023\/01\/Petzl-Pur-Line-4-510x476.jpg 510w, https:\/\/bolting.eu\/wp-content\/uploads\/2023\/01\/Petzl-Pur-Line-4-768x717.jpg 768w, https:\/\/bolting.eu\/wp-content\/uploads\/2023\/01\/Petzl-Pur-Line-4-600x560.jpg 600w, https:\/\/bolting.eu\/wp-content\/uploads\/2023\/01\/Petzl-Pur-Line-4.jpg 814w\" sizes=\"auto, (max-width: 428px) 100vw, 428px\" \/><\/a><figcaption id=\"caption-attachment-14835\" class=\"wp-caption-text\">So zieht man sicher einen kleinen Haulbag nach. Grafik: petzl.com<\/figcaption><\/figure>\n<p>&nbsp;<\/p>\n","protected":false},"excerpt":{"rendered":"<p>Hyperstatische Reepschnur aus HDPE (&#8220;Dyneema&#8221;) f\u00fcr Alpinisten und Erschlie\u00dfer. Zum Abziehen von Seilen und Nachziehen von kleinen Haulbags.<\/p>\n<p>Nur 20 Gramm pro Meter bzw. 1.400 Gramm f\u00fcr den 65m Strang.<\/p>\n<p>Versandkostenfrei bis 2kg in <img decoding=\"async\" class=\"emoji\" role=\"img\" draggable=\"false\" src=\"https:\/\/s.w.org\/images\/core\/emoji\/13.1.0\/svg\/1f1e6-1f1f9.svg\" alt=\"\ud83c\udde6\ud83c\uddf9\" \/> ab \u20ac 100,- und <img decoding=\"async\" class=\"emoji\" role=\"img\" draggable=\"false\" src=\"https:\/\/s.w.org\/images\/core\/emoji\/13.1.0\/svg\/1f1e9-1f1ea.svg\" alt=\"\ud83c\udde9\ud83c\uddea\" \/> ab \u20ac 200,-!<\/p>\n","protected":false},"featured_media":14839,"comment_status":"closed","ping_status":"closed","template":"","meta":[],"product_brand":[],"product_cat":[29,31,42,55,9500,14093],"product_tag":[],"class_list":{"0":"post-14830","1":"product","2":"type-product","3":"status-publish","4":"has-post-thumbnail","6":"product_cat-kletterausruestung","7":"product_cat-big-wall-ausruestung","8":"product_cat-haulbag","9":"product_cat-reepschnur","10":"product_cat-dyneema-reepschnur","11":"product_cat-petzl","13":"first","14":"instock","15":"sale","16":"taxable","17":"shipping-taxable","18":"purchasable","19":"product-type-simple"},"yoast_head":"<!-- This site is optimized with the Yoast SEO Premium plugin v26.9 (Yoast SEO v26.9) - https:\/\/yoast.com\/product\/yoast-seo-premium-wordpress\/ -->\n<title>Petzl Pur Line 6mm - 65m statische Reepschnur aus HDPE | bolting.eu<\/title>\n<meta name=\"description\" content=\"Petzl Pur Line 6mm - 65m statische Reepschnur beim Kletterprofi kaufen \u2705 kostenloser Versand* \u2705 14 Tage R\u00fcckgaberecht \u2705 Co2 neutraler Versand\" \/>\n<meta name=\"robots\" content=\"index, follow, max-snippet:-1, max-image-preview:large, max-video-preview:-1\" \/>\n<link rel=\"canonical\" href=\"https:\/\/bolting.eu\/en\/shop\/petzl-pur-line-6mm\/\" \/>\n<meta property=\"og:locale\" content=\"en_US\" \/>\n<meta property=\"og:type\" content=\"article\" \/>\n<meta property=\"og:title\" content=\"Petzl Pur Line 6mm\" \/>\n<meta property=\"og:description\" content=\"Petzl Pur Line 6mm - 65m statische Reepschnur beim Kletterprofi kaufen \u2705 kostenloser Versand* \u2705 14 Tage R\u00fcckgaberecht \u2705 Co2 neutraler Versand\" \/>\n<meta property=\"og:url\" content=\"https:\/\/bolting.eu\/en\/shop\/petzl-pur-line-6mm\/\" \/>\n<meta property=\"og:site_name\" content=\"bolting.eu\" \/>\n<meta property=\"article:publisher\" content=\"https:\/\/www.facebook.com\/bolting.eu\" \/>\n<meta property=\"article:modified_time\" content=\"2026-03-20T17:24:03+00:00\" \/>\n<meta property=\"og:image\" content=\"https:\/\/bolting.eu\/wp-content\/uploads\/2023\/01\/Petzl-Pur-Line-6mm-5.jpg\" \/>\n\t<meta property=\"og:image:width\" content=\"700\" \/>\n\t<meta property=\"og:image:height\" content=\"700\" \/>\n\t<meta property=\"og:image:type\" content=\"image\/jpeg\" \/>\n<meta name=\"twitter:card\" content=\"summary_large_image\" \/>\n<meta name=\"twitter:label1\" content=\"Price\" \/>\n\t<meta name=\"twitter:data1\" content=\"&euro;&nbsp;188,00\" \/>\n\t<meta name=\"twitter:label2\" content=\"Availability\" \/>\n\t<meta name=\"twitter:data2\" content=\"In stock\" \/>\n<script type=\"application\/ld+json\" class=\"yoast-schema-graph\">{\"@context\":\"https:\/\/schema.org\",\"@graph\":[{\"@type\":[\"WebPage\",\"ItemPage\"],\"@id\":\"https:\/\/bolting.eu\/en\/shop\/petzl-pur-line-6mm\/\",\"url\":\"https:\/\/bolting.eu\/en\/shop\/petzl-pur-line-6mm\/\",\"name\":\"Petzl Pur Line 6mm - 65m statische Reepschnur aus HDPE | bolting.eu\",\"isPartOf\":{\"@id\":\"https:\/\/bolting.eu\/en\/#website\"},\"primaryImageOfPage\":{\"@id\":\"https:\/\/bolting.eu\/en\/shop\/petzl-pur-line-6mm\/#primaryimage\"},\"image\":{\"@id\":\"https:\/\/bolting.eu\/en\/shop\/petzl-pur-line-6mm\/#primaryimage\"},\"thumbnailUrl\":\"https:\/\/bolting.eu\/wp-content\/uploads\/2023\/01\/Petzl-Pur-Line-6mm-5.jpg\",\"datePublished\":\"2023-01-26T10:16:49+00:00\",\"dateModified\":\"2026-03-20T17:24:03+00:00\",\"description\":\"Petzl Pur Line 6mm - 65m statische Reepschnur beim Kletterprofi kaufen \u2705 kostenloser Versand* \u2705 14 Tage R\u00fcckgaberecht \u2705 Co2 neutraler Versand\",\"breadcrumb\":{\"@id\":\"https:\/\/bolting.eu\/en\/shop\/petzl-pur-line-6mm\/#breadcrumb\"},\"inLanguage\":\"en-US\",\"potentialAction\":[{\"@type\":\"ReadAction\",\"target\":[\"https:\/\/bolting.eu\/en\/shop\/petzl-pur-line-6mm\/\"]}]},{\"@type\":\"ImageObject\",\"inLanguage\":\"en-US\",\"@id\":\"https:\/\/bolting.eu\/en\/shop\/petzl-pur-line-6mm\/#primaryimage\",\"url\":\"https:\/\/bolting.eu\/wp-content\/uploads\/2023\/01\/Petzl-Pur-Line-6mm-5.jpg\",\"contentUrl\":\"https:\/\/bolting.eu\/wp-content\/uploads\/2023\/01\/Petzl-Pur-Line-6mm-5.jpg\",\"width\":700,\"height\":700,\"caption\":\"Seilpuppe mit der Petzl Pur Line 6mm Reepschnur auf wei\u00dfem Quadrat.\"},{\"@type\":\"BreadcrumbList\",\"@id\":\"https:\/\/bolting.eu\/en\/shop\/petzl-pur-line-6mm\/#breadcrumb\",\"itemListElement\":[{\"@type\":\"ListItem\",\"position\":1,\"name\":\"Shop\",\"item\":\"https:\/\/bolting.eu\/en\/shop\/\"},{\"@type\":\"ListItem\",\"position\":2,\"name\":\"climbing equipment\",\"item\":\"https:\/\/bolting.eu\/en\/produkt-kategorie\/climbing-equipment\/\"},{\"@type\":\"ListItem\",\"position\":3,\"name\":\"Reepschnur\",\"item\":\"https:\/\/bolting.eu\/produkt-kategorie\/kletterausruestung\/reepschnur\/\"},{\"@type\":\"ListItem\",\"position\":4,\"name\":\"Petzl Pur Line 6mm\"}]},{\"@type\":\"WebSite\",\"@id\":\"https:\/\/bolting.eu\/en\/#website\",\"url\":\"https:\/\/bolting.eu\/en\/\",\"name\":\"bolting.eu\",\"description\":\"we make climbs happen\",\"publisher\":{\"@id\":\"https:\/\/bolting.eu\/en\/#organization\"},\"potentialAction\":[{\"@type\":\"SearchAction\",\"target\":{\"@type\":\"EntryPoint\",\"urlTemplate\":\"https:\/\/bolting.eu\/en\/?s={search_term_string}\"},\"query-input\":{\"@type\":\"PropertyValueSpecification\",\"valueRequired\":true,\"valueName\":\"search_term_string\"}}],\"inLanguage\":\"en-US\"},{\"@type\":[\"Organization\",\"Place\",\"SportingGoodsStore\"],\"@id\":\"https:\/\/bolting.eu\/en\/#organization\",\"name\":\"bolting.eu\",\"url\":\"https:\/\/bolting.eu\/en\/\",\"logo\":{\"@id\":\"https:\/\/bolting.eu\/en\/shop\/petzl-pur-line-6mm\/#local-main-organization-logo\"},\"image\":{\"@id\":\"https:\/\/bolting.eu\/en\/shop\/petzl-pur-line-6mm\/#local-main-organization-logo\"},\"sameAs\":[\"https:\/\/www.facebook.com\/bolting.eu\",\"https:\/\/www.instagram.com\/bolting.eu\/\"],\"address\":{\"@id\":\"https:\/\/bolting.eu\/en\/shop\/petzl-pur-line-6mm\/#local-main-place-address\"},\"geo\":{\"@type\":\"GeoCoordinates\",\"latitude\":\"47.264176340396226\",\"longitude\":\"11.380109057672346\"},\"telephone\":[\"+43 699 19083372\"],\"openingHoursSpecification\":[{\"@type\":\"OpeningHoursSpecification\",\"dayOfWeek\":[\"Monday\",\"Wednesday\",\"Friday\"],\"opens\":\"14:00\",\"closes\":\"18:00\"},{\"@type\":\"OpeningHoursSpecification\",\"dayOfWeek\":[\"Tuesday\",\"Thursday\",\"Saturday\",\"Sunday\"],\"opens\":\"00:00\",\"closes\":\"00:00\"}],\"email\":\"office@bolting.eu\",\"vatID\":\"ATU59999728\",\"priceRange\":\"$$\",\"currenciesAccepted\":\"Euro\"},{\"@type\":\"PostalAddress\",\"@id\":\"https:\/\/bolting.eu\/en\/shop\/petzl-pur-line-6mm\/#local-main-place-address\",\"streetAddress\":\"Fischnalerstra\u00dfe 4\",\"addressLocality\":\"Innsbruck\",\"postalCode\":\"6020\",\"addressRegion\":\"Tirol\",\"addressCountry\":\"AT\"},{\"@type\":\"ImageObject\",\"inLanguage\":\"en-US\",\"@id\":\"https:\/\/bolting.eu\/en\/shop\/petzl-pur-line-6mm\/#local-main-organization-logo\",\"url\":\"https:\/\/bolting.eu\/wp-content\/uploads\/2019\/09\/bolting-logo.png\",\"contentUrl\":\"https:\/\/bolting.eu\/wp-content\/uploads\/2019\/09\/bolting-logo.png\",\"width\":400,\"height\":211,\"caption\":\"bolting.eu\"}]}<\/script>\n<meta property=\"product:price:amount\" content=\"188.00\" \/>\n<meta property=\"product:price:currency\" content=\"EUR\" \/>\n<meta property=\"og:availability\" content=\"instock\" \/>\n<meta property=\"product:availability\" content=\"instock\" \/>\n<meta property=\"product:retailer_item_id\" content=\"R010AA00\" \/>\n<meta property=\"product:condition\" content=\"new\" \/>\n<meta name=\"geo.placename\" content=\"Innsbruck\" \/>\n<meta name=\"geo.position\" content=\"47.264176340396226;11.380109057672346\" \/>\n<meta name=\"geo.region\" content=\"Austria\" \/>\n<!-- \/ Yoast SEO Premium plugin. -->","yoast_head_json":{"title":"Petzl Pur Line 6mm - 65m statische Reepschnur aus HDPE | bolting.eu","description":"Petzl Pur Line 6mm - 65m statische Reepschnur beim Kletterprofi kaufen \u2705 kostenloser Versand* \u2705 14 Tage R\u00fcckgaberecht \u2705 Co2 neutraler Versand","robots":{"index":"index","follow":"follow","max-snippet":"max-snippet:-1","max-image-preview":"max-image-preview:large","max-video-preview":"max-video-preview:-1"},"canonical":"https:\/\/bolting.eu\/en\/shop\/petzl-pur-line-6mm\/","og_locale":"en_US","og_type":"article","og_title":"Petzl Pur Line 6mm","og_description":"Petzl Pur Line 6mm - 65m statische Reepschnur beim Kletterprofi kaufen \u2705 kostenloser Versand* \u2705 14 Tage R\u00fcckgaberecht \u2705 Co2 neutraler Versand","og_url":"https:\/\/bolting.eu\/en\/shop\/petzl-pur-line-6mm\/","og_site_name":"bolting.eu","article_publisher":"https:\/\/www.facebook.com\/bolting.eu","article_modified_time":"2026-03-20T17:24:03+00:00","og_image":[{"width":700,"height":700,"url":"https:\/\/bolting.eu\/wp-content\/uploads\/2023\/01\/Petzl-Pur-Line-6mm-5.jpg","type":"image\/jpeg"}],"twitter_card":"summary_large_image","twitter_misc":{"Price":"&euro;&nbsp;188,00","Availability":"In stock"},"schema":{"@context":"https:\/\/schema.org","@graph":[{"@type":["WebPage","ItemPage"],"@id":"https:\/\/bolting.eu\/en\/shop\/petzl-pur-line-6mm\/","url":"https:\/\/bolting.eu\/en\/shop\/petzl-pur-line-6mm\/","name":"Petzl Pur Line 6mm - 65m statische Reepschnur aus HDPE | bolting.eu","isPartOf":{"@id":"https:\/\/bolting.eu\/en\/#website"},"primaryImageOfPage":{"@id":"https:\/\/bolting.eu\/en\/shop\/petzl-pur-line-6mm\/#primaryimage"},"image":{"@id":"https:\/\/bolting.eu\/en\/shop\/petzl-pur-line-6mm\/#primaryimage"},"thumbnailUrl":"https:\/\/bolting.eu\/wp-content\/uploads\/2023\/01\/Petzl-Pur-Line-6mm-5.jpg","datePublished":"2023-01-26T10:16:49+00:00","dateModified":"2026-03-20T17:24:03+00:00","description":"Petzl Pur Line 6mm - 65m statische Reepschnur beim Kletterprofi kaufen \u2705 kostenloser Versand* \u2705 14 Tage R\u00fcckgaberecht \u2705 Co2 neutraler Versand","breadcrumb":{"@id":"https:\/\/bolting.eu\/en\/shop\/petzl-pur-line-6mm\/#breadcrumb"},"inLanguage":"en-US","potentialAction":[{"@type":"ReadAction","target":["https:\/\/bolting.eu\/en\/shop\/petzl-pur-line-6mm\/"]}]},{"@type":"ImageObject","inLanguage":"en-US","@id":"https:\/\/bolting.eu\/en\/shop\/petzl-pur-line-6mm\/#primaryimage","url":"https:\/\/bolting.eu\/wp-content\/uploads\/2023\/01\/Petzl-Pur-Line-6mm-5.jpg","contentUrl":"https:\/\/bolting.eu\/wp-content\/uploads\/2023\/01\/Petzl-Pur-Line-6mm-5.jpg","width":700,"height":700,"caption":"Seilpuppe mit der Petzl Pur Line 6mm Reepschnur auf wei\u00dfem Quadrat."},{"@type":"BreadcrumbList","@id":"https:\/\/bolting.eu\/en\/shop\/petzl-pur-line-6mm\/#breadcrumb","itemListElement":[{"@type":"ListItem","position":1,"name":"Shop","item":"https:\/\/bolting.eu\/en\/shop\/"},{"@type":"ListItem","position":2,"name":"climbing equipment","item":"https:\/\/bolting.eu\/en\/produkt-kategorie\/climbing-equipment\/"},{"@type":"ListItem","position":3,"name":"Reepschnur","item":"https:\/\/bolting.eu\/produkt-kategorie\/kletterausruestung\/reepschnur\/"},{"@type":"ListItem","position":4,"name":"Petzl Pur Line 6mm"}]},{"@type":"WebSite","@id":"https:\/\/bolting.eu\/en\/#website","url":"https:\/\/bolting.eu\/en\/","name":"bolting.eu","description":"we make climbs happen","publisher":{"@id":"https:\/\/bolting.eu\/en\/#organization"},"potentialAction":[{"@type":"SearchAction","target":{"@type":"EntryPoint","urlTemplate":"https:\/\/bolting.eu\/en\/?s={search_term_string}"},"query-input":{"@type":"PropertyValueSpecification","valueRequired":true,"valueName":"search_term_string"}}],"inLanguage":"en-US"},{"@type":["Organization","Place","SportingGoodsStore"],"@id":"https:\/\/bolting.eu\/en\/#organization","name":"bolting.eu","url":"https:\/\/bolting.eu\/en\/","logo":{"@id":"https:\/\/bolting.eu\/en\/shop\/petzl-pur-line-6mm\/#local-main-organization-logo"},"image":{"@id":"https:\/\/bolting.eu\/en\/shop\/petzl-pur-line-6mm\/#local-main-organization-logo"},"sameAs":["https:\/\/www.facebook.com\/bolting.eu","https:\/\/www.instagram.com\/bolting.eu\/"],"address":{"@id":"https:\/\/bolting.eu\/en\/shop\/petzl-pur-line-6mm\/#local-main-place-address"},"geo":{"@type":"GeoCoordinates","latitude":"47.264176340396226","longitude":"11.380109057672346"},"telephone":["+43 699 19083372"],"openingHoursSpecification":[{"@type":"OpeningHoursSpecification","dayOfWeek":["Monday","Wednesday","Friday"],"opens":"14:00","closes":"18:00"},{"@type":"OpeningHoursSpecification","dayOfWeek":["Tuesday","Thursday","Saturday","Sunday"],"opens":"00:00","closes":"00:00"}],"email":"office@bolting.eu","vatID":"ATU59999728","priceRange":"$$","currenciesAccepted":"Euro"},{"@type":"PostalAddress","@id":"https:\/\/bolting.eu\/en\/shop\/petzl-pur-line-6mm\/#local-main-place-address","streetAddress":"Fischnalerstra\u00dfe 4","addressLocality":"Innsbruck","postalCode":"6020","addressRegion":"Tirol","addressCountry":"AT"},{"@type":"ImageObject","inLanguage":"en-US","@id":"https:\/\/bolting.eu\/en\/shop\/petzl-pur-line-6mm\/#local-main-organization-logo","url":"https:\/\/bolting.eu\/wp-content\/uploads\/2019\/09\/bolting-logo.png","contentUrl":"https:\/\/bolting.eu\/wp-content\/uploads\/2019\/09\/bolting-logo.png","width":400,"height":211,"caption":"bolting.eu"}]},"product_price_amount":"188.00","product_price_currency":"EUR","og_availability":"instock","product_availability":"instock","product_retailer_item_id":"R010AA00","product_condition":"new","geo.placename":"Innsbruck","geo.position":{"lat":"47.264176340396226","long":"11.380109057672346"},"geo.region":"Austria"},"_links":{"self":[{"href":"https:\/\/bolting.eu\/en\/wp-json\/wp\/v2\/product\/14830","targetHints":{"allow":["GET"]}}],"collection":[{"href":"https:\/\/bolting.eu\/en\/wp-json\/wp\/v2\/product"}],"about":[{"href":"https:\/\/bolting.eu\/en\/wp-json\/wp\/v2\/types\/product"}],"replies":[{"embeddable":true,"href":"https:\/\/bolting.eu\/en\/wp-json\/wp\/v2\/comments?post=14830"}],"wp:featuredmedia":[{"embeddable":true,"href":"https:\/\/bolting.eu\/en\/wp-json\/wp\/v2\/media\/14839"}],"wp:attachment":[{"href":"https:\/\/bolting.eu\/en\/wp-json\/wp\/v2\/media?parent=14830"}],"wp:term":[{"taxonomy":"product_brand","embeddable":true,"href":"https:\/\/bolting.eu\/en\/wp-json\/wp\/v2\/product_brand?post=14830"},{"taxonomy":"product_cat","embeddable":true,"href":"https:\/\/bolting.eu\/en\/wp-json\/wp\/v2\/product_cat?post=14830"},{"taxonomy":"product_tag","embeddable":true,"href":"https:\/\/bolting.eu\/en\/wp-json\/wp\/v2\/product_tag?post=14830"}],"curies":[{"name":"wp","href":"https:\/\/api.w.org\/{rel}","templated":true}]}}