{"id":14822,"date":"2023-01-26T07:59:09","date_gmt":"2023-01-26T06:59:09","guid":{"rendered":"https:\/\/bolting.eu\/?post_type=product&#038;p=14822"},"modified":"2025-08-21T21:58:20","modified_gmt":"2025-08-21T19:58:20","slug":"petzl-tour-hochtourengurt","status":"publish","type":"product","link":"https:\/\/bolting.eu\/en\/shop\/petzl-tour-hochtourengurt\/","title":{"rendered":"Petzl Tour Hochtourengurt"},"content":{"rendered":"<p>Der Petzl Tour ist ein Hochtourengurt mit geringem Gewicht (M\/L = 215 Gramm) und sehr kleinem Packma\u00df (ca. 10 x 15 x 10 cm). Folglich ist sein Design eher schlicht, aber dennoch mit allen wichtigen Essentials ausgestattet.<\/p>\n<p>Was dieses Produkt besonders auszeichnet? Zum ersten k\u00f6nnt ihr dieses Modell mit Bergschuhen an den F\u00fc\u00dfen anziehen. Denn es lassen sich die Beinschlaufen \u00f6ffnen.<\/p>\n<p>Zweitens ist die Ausstattung mit Materialschlaufen, Anseilschlaufe, <a href=\"https:\/\/bolting.eu\/produkt-kategorie\/bergsteiger-ausruestung\/eisschrauben\/\">Eisschrauben<\/a> Halterung, Double Back Schnalle und praktischem Aufbewahrungsbeutel top.<\/p>\n<p>Drittens sorgt die FRAME Technologie mit den breiten Gurtb\u00e4ndern in H\u00fcft- und Beinschlaufen f\u00fcr hohen Tragekomfort.<\/p>\n<h2>Eigenschaften Petzl Tour<\/h2>\n<ul>\n<li>Hersteller: <a href=\"https:\/\/bolting.eu\/produkt-kategorie\/petzl\/\">Petzl<\/a><\/li>\n<li>Gewicht: 200 &#8211; 230 Gramm<\/li>\n<li>Gr\u00f6\u00dfen: S\/M, M\/L, L\/XL<\/li>\n<li>Material: Polyamid Stahl<\/li>\n<li>Norm: EN 12277<\/li>\n<li>leichter Hochtourengurt mit kleinem Packma\u00df<\/li>\n<li>ideal f\u00fcr Gletscher- und Skitouren<\/li>\n<li>Beinschlaufen k\u00f6nnen ge\u00f6ffnet werden &#8211; kann mit Schuhen \/ Skiern \/ <a href=\"https:\/\/bolting.eu\/produkt-kategorie\/bergsteiger-ausruestung\/steigeisen\/\">Steigeisen<\/a> an den Beinen angezogen werden<\/li>\n<li>2 Materialschlaufen<\/li>\n<li>Fixierungsm\u00f6glichkeit f\u00fcr je 1 Eisschraube an den Beinschlaufen<\/li>\n<li>Double Back Schnalle am H\u00fcftband<\/li>\n<li>FRAME Technologie &#8211; breite B\u00e4nder in H\u00fcft- und Beinschlaufe<\/li>\n<li>Innen- Au\u00dfenseite des H\u00fcftbandes farblich markiert<\/li>\n<li>nur ein (1) Einbindepunkt<\/li>\n<li>Lieferumfang inkl. Aufbewahrungsbeutel<\/li>\n<\/ul>\n<h3>Gr\u00f6\u00dfentabelle<\/h3>\n<p>Im Folgenden geben wir euch eine \u00dcbersicht zu den genaueren Daten des Tour Hochtourengurtes.<\/p>\n<p>Beachtet. Ihr solltet sowohl an den Bein als auch H\u00fcftschlaufen noch eine Flache Hand hinein stecken k\u00f6nnen. D.h. ihr m\u00fcsst bei den Ma\u00dfen immer ca. 3 cm dazu rechnen.<\/p>\n<table width=\"431\">\n<tbody>\n<tr>\n<td style=\"text-align: center;\" colspan=\"4\" width=\"431\"><strong>Gr\u00f6\u00dfen\u00fcbersicht<\/strong><\/td>\n<\/tr>\n<tr>\n<td style=\"text-align: center;\">Gr\u00f6\u00dfe<\/td>\n<td style=\"text-align: center;\">S\/M<\/td>\n<td style=\"text-align: center;\">M\/L<\/td>\n<td style=\"text-align: center;\">L\/XL<\/td>\n<\/tr>\n<tr>\n<td style=\"text-align: center;\">Taillenumfang<\/td>\n<td style=\"text-align: center;\">64-86 cm<\/td>\n<td style=\"text-align: center;\">74-96 cm<\/td>\n<td style=\"text-align: center;\">84-108 cm<\/td>\n<\/tr>\n<tr>\n<td style=\"text-align: center;\">Beinschlaufen<\/td>\n<td style=\"text-align: center;\">55-67 cm<\/td>\n<td style=\"text-align: center;\">60-73 cm<\/td>\n<td style=\"text-align: center;\">66-79 cm<\/td>\n<\/tr>\n<tr>\n<td style=\"text-align: center;\">Gewicht<\/td>\n<td style=\"text-align: center;\">200 g<\/td>\n<td style=\"text-align: center;\">215 g<\/td>\n<td style=\"text-align: center;\">230 g<\/td>\n<\/tr>\n<\/tbody>\n<\/table>\n<h3>Smart &amp; ausgekl\u00fcgelt<\/h3>\n<p>Beim Petzl Tour beweist der Weltmarktf\u00fchrer wieder einmal, dass man die Dinge fertig denkt. Denn dieser Hochtourengurt ist sowohl einfach und daher leicht, als auch ausgekl\u00fcgelt.<\/p>\n<p>Das sieht man an den Details. Wie z.B. dem einzigen Anseilpunkt, der schwarzen Anseilschlaufe. Oder auch an der Fixierungsm\u00f6glichkeit f\u00fcr Eisschrauben an den Beinschlaufen.<\/p>\n<p>Und die aufklappbaren Beinschlaufen, damit man den Gurt auch im Stehen anziehen kann. Die farblich unterschiedliche Innen- und Au\u00dfenseite des H\u00fcftbandes runden den Anspruch auf ein &#8220;smartes&#8221; Produkt perfekt ab.<\/p>\n<figure id=\"attachment_14824\" aria-describedby=\"caption-attachment-14824\" style=\"width: 400px\" class=\"wp-caption alignnone\"><a href=\"https:\/\/bolting.eu\/wp-content\/uploads\/2023\/01\/Petzl-Tour-3.jpg\"><img loading=\"lazy\" decoding=\"async\" class=\"wp-image-14824 size-medium\" src=\"https:\/\/bolting.eu\/wp-content\/uploads\/2023\/01\/Petzl-Tour-3-400x400.jpg\" alt=\"Petzl Tour Hochtourengurt von der Seite mit Eisschraube an der Beinschlaufe.\" width=\"400\" height=\"400\" srcset=\"https:\/\/bolting.eu\/wp-content\/uploads\/2023\/01\/Petzl-Tour-3-400x400.jpg 400w, https:\/\/bolting.eu\/wp-content\/uploads\/2023\/01\/Petzl-Tour-3-100x100.jpg 100w, https:\/\/bolting.eu\/wp-content\/uploads\/2023\/01\/Petzl-Tour-3-510x510.jpg 510w, https:\/\/bolting.eu\/wp-content\/uploads\/2023\/01\/Petzl-Tour-3-280x280.jpg 280w, https:\/\/bolting.eu\/wp-content\/uploads\/2023\/01\/Petzl-Tour-3-300x300.jpg 300w, https:\/\/bolting.eu\/wp-content\/uploads\/2023\/01\/Petzl-Tour-3-600x600.jpg 600w, https:\/\/bolting.eu\/wp-content\/uploads\/2023\/01\/Petzl-Tour-3.jpg 700w\" sizes=\"auto, (max-width: 400px) 100vw, 400px\" \/><\/a><figcaption id=\"caption-attachment-14824\" class=\"wp-caption-text\">Details wie die Eisschraubenhalterung zeigen, wie smart und ausgekl\u00fcgelt dieser Gurt ist.<\/figcaption><\/figure>\n<h3>Petzl Tour mit FRAME Technologie<\/h3>\n<p>Wie einen so einfachen Gurt im Belastungsfall komfortabel machen?<\/p>\n<p>Das geht nat\u00fcrlich nur bedingt. Aber wenn man sich getraut von &#8220;Komfort&#8221; bei diesem Hochtourengurt zu sprechen, dann wegen der breiten, flachen B\u00e4nder. M\u00f6glich macht das die FRAME Technologie.<\/p>\n<p>Hier verwendet Petzl ein ganz d\u00fcnnes, zentrales Gurtband f\u00fcr die H\u00fcft- und Beinschlaufen. Es ist hier entgegen den Modellen wie <a href=\"https:\/\/bolting.eu\/shop\/petzl-hirundos\/\">Hirundos<\/a> oder <a href=\"https:\/\/bolting.eu\/shop\/petzl-luna-damen-klettergurt\/\">Luna<\/a> nicht versteckt, sondern \u00fcberhaupt das tragende Band.<\/p>\n","protected":false},"excerpt":{"rendered":"<p>Kleiner, leichter Hochtourengurt f\u00fcr Gletscher- und Skitouren mit allen Essentials.\u00a0Kann im Stehen mit Schuhen \/ Skiern \/ Steigeisen angezogen werden.<\/p>\n<p>Verstaubar im mitgelieferten Aufbewahrungsbeutel.<\/p>\n<p>Versandkostenfrei bis 2kg in <img decoding=\"async\" class=\"emoji\" role=\"img\" draggable=\"false\" src=\"https:\/\/s.w.org\/images\/core\/emoji\/13.1.0\/svg\/1f1e6-1f1f9.svg\" alt=\"\ud83c\udde6\ud83c\uddf9\" \/> ab \u20ac 100,- und <img decoding=\"async\" class=\"emoji\" role=\"img\" draggable=\"false\" src=\"https:\/\/s.w.org\/images\/core\/emoji\/13.1.0\/svg\/1f1e9-1f1ea.svg\" alt=\"\ud83c\udde9\ud83c\uddea\" \/> ab \u20ac 200,-!<\/p>\n","protected":false},"featured_media":14825,"comment_status":"closed","ping_status":"closed","template":"","meta":[],"product_brand":[],"product_cat":[6359,11053,13938,14093,29],"product_tag":[],"class_list":{"0":"post-14822","1":"product","2":"type-product","3":"status-publish","4":"has-post-thumbnail","6":"product_cat-klettergurte","7":"product_cat-hochtourengurte","8":"product_cat-bergsteiger-ausruestung","9":"product_cat-petzl","10":"product_cat-kletterausruestung","12":"first","13":"instock","14":"sale","15":"taxable","16":"shipping-taxable","17":"purchasable","18":"product-type-variable"},"yoast_head":"<!-- This site is optimized with the Yoast SEO Premium plugin v26.9 (Yoast SEO v26.9) - https:\/\/yoast.com\/product\/yoast-seo-premium-wordpress\/ -->\n<title>Petzl Tour Hochtourengurt | bolting.eu<\/title>\n<meta name=\"description\" content=\"Petzl Tour Hochtourengurt beim Kletterprofi aus Innsbruck kaufen \u2705 kostenloser Versand* \u2705 14 Tage R\u00fcckgaberecht \u2705 Co2 neutraler Versand\" \/>\n<meta name=\"robots\" content=\"index, follow, max-snippet:-1, max-image-preview:large, max-video-preview:-1\" \/>\n<link rel=\"canonical\" href=\"https:\/\/bolting.eu\/en\/shop\/petzl-tour-hochtourengurt\/\" \/>\n<meta property=\"og:locale\" content=\"en_US\" \/>\n<meta property=\"og:type\" content=\"article\" \/>\n<meta property=\"og:title\" content=\"Petzl Tour Hochtourengurt\" \/>\n<meta property=\"og:description\" content=\"Petzl Tour Hochtourengurt beim Kletterprofi aus Innsbruck kaufen \u2705 kostenloser Versand* \u2705 14 Tage R\u00fcckgaberecht \u2705 Co2 neutraler Versand\" \/>\n<meta property=\"og:url\" content=\"https:\/\/bolting.eu\/en\/shop\/petzl-tour-hochtourengurt\/\" \/>\n<meta property=\"og:site_name\" content=\"bolting.eu\" \/>\n<meta property=\"article:publisher\" content=\"https:\/\/www.facebook.com\/bolting.eu\" \/>\n<meta property=\"article:modified_time\" content=\"2025-08-21T19:58:20+00:00\" \/>\n<meta property=\"og:image\" content=\"https:\/\/bolting.eu\/wp-content\/uploads\/2023\/01\/Petzl-Tour-2.jpg\" \/>\n\t<meta property=\"og:image:width\" content=\"700\" \/>\n\t<meta property=\"og:image:height\" content=\"700\" \/>\n\t<meta property=\"og:image:type\" content=\"image\/jpeg\" \/>\n<meta name=\"twitter:card\" content=\"summary_large_image\" \/>\n<meta name=\"twitter:label1\" content=\"Availability\" \/>\n\t<meta name=\"twitter:data1\" content=\"In stock\" \/>\n<script type=\"application\/ld+json\" class=\"yoast-schema-graph\">{\"@context\":\"https:\/\/schema.org\",\"@graph\":[{\"@type\":[\"WebPage\",\"ItemPage\"],\"@id\":\"https:\/\/bolting.eu\/en\/shop\/petzl-tour-hochtourengurt\/\",\"url\":\"https:\/\/bolting.eu\/en\/shop\/petzl-tour-hochtourengurt\/\",\"name\":\"Petzl Tour Hochtourengurt | bolting.eu\",\"isPartOf\":{\"@id\":\"https:\/\/bolting.eu\/en\/#website\"},\"primaryImageOfPage\":{\"@id\":\"https:\/\/bolting.eu\/en\/shop\/petzl-tour-hochtourengurt\/#primaryimage\"},\"image\":{\"@id\":\"https:\/\/bolting.eu\/en\/shop\/petzl-tour-hochtourengurt\/#primaryimage\"},\"thumbnailUrl\":\"https:\/\/bolting.eu\/wp-content\/uploads\/2023\/01\/Petzl-Tour-2.jpg\",\"datePublished\":\"2023-01-26T06:59:09+00:00\",\"dateModified\":\"2025-08-21T19:58:20+00:00\",\"description\":\"Petzl Tour Hochtourengurt beim Kletterprofi aus Innsbruck kaufen \u2705 kostenloser Versand* \u2705 14 Tage R\u00fcckgaberecht \u2705 Co2 neutraler Versand\",\"breadcrumb\":{\"@id\":\"https:\/\/bolting.eu\/en\/shop\/petzl-tour-hochtourengurt\/#breadcrumb\"},\"inLanguage\":\"en-US\",\"potentialAction\":[{\"@type\":\"ReadAction\",\"target\":[\"https:\/\/bolting.eu\/en\/shop\/petzl-tour-hochtourengurt\/\"]}]},{\"@type\":\"ImageObject\",\"inLanguage\":\"en-US\",\"@id\":\"https:\/\/bolting.eu\/en\/shop\/petzl-tour-hochtourengurt\/#primaryimage\",\"url\":\"https:\/\/bolting.eu\/wp-content\/uploads\/2023\/01\/Petzl-Tour-2.jpg\",\"contentUrl\":\"https:\/\/bolting.eu\/wp-content\/uploads\/2023\/01\/Petzl-Tour-2.jpg\",\"width\":700,\"height\":700,\"caption\":\"Petzl Tour Hochtourengurt von vorne, man erkennt alle Produktdetails.\"},{\"@type\":\"BreadcrumbList\",\"@id\":\"https:\/\/bolting.eu\/en\/shop\/petzl-tour-hochtourengurt\/#breadcrumb\",\"itemListElement\":[{\"@type\":\"ListItem\",\"position\":1,\"name\":\"Shop\",\"item\":\"https:\/\/bolting.eu\/en\/shop\/\"},{\"@type\":\"ListItem\",\"position\":2,\"name\":\"Bergsteiger Ausr\u00fcstung\",\"item\":\"https:\/\/bolting.eu\/produkt-kategorie\/bergsteiger-ausruestung\/\"},{\"@type\":\"ListItem\",\"position\":3,\"name\":\"Hochtourengurte\",\"item\":\"https:\/\/bolting.eu\/produkt-kategorie\/bergsteiger-ausruestung\/hochtourengurte\/\"},{\"@type\":\"ListItem\",\"position\":4,\"name\":\"Petzl Tour Hochtourengurt\"}]},{\"@type\":\"WebSite\",\"@id\":\"https:\/\/bolting.eu\/en\/#website\",\"url\":\"https:\/\/bolting.eu\/en\/\",\"name\":\"bolting.eu\",\"description\":\"we make climbs happen\",\"publisher\":{\"@id\":\"https:\/\/bolting.eu\/en\/#organization\"},\"potentialAction\":[{\"@type\":\"SearchAction\",\"target\":{\"@type\":\"EntryPoint\",\"urlTemplate\":\"https:\/\/bolting.eu\/en\/?s={search_term_string}\"},\"query-input\":{\"@type\":\"PropertyValueSpecification\",\"valueRequired\":true,\"valueName\":\"search_term_string\"}}],\"inLanguage\":\"en-US\"},{\"@type\":[\"Organization\",\"Place\",\"SportingGoodsStore\"],\"@id\":\"https:\/\/bolting.eu\/en\/#organization\",\"name\":\"bolting.eu\",\"url\":\"https:\/\/bolting.eu\/en\/\",\"logo\":{\"@id\":\"https:\/\/bolting.eu\/en\/shop\/petzl-tour-hochtourengurt\/#local-main-organization-logo\"},\"image\":{\"@id\":\"https:\/\/bolting.eu\/en\/shop\/petzl-tour-hochtourengurt\/#local-main-organization-logo\"},\"sameAs\":[\"https:\/\/www.facebook.com\/bolting.eu\",\"https:\/\/www.instagram.com\/bolting.eu\/\"],\"address\":{\"@id\":\"https:\/\/bolting.eu\/en\/shop\/petzl-tour-hochtourengurt\/#local-main-place-address\"},\"geo\":{\"@type\":\"GeoCoordinates\",\"latitude\":\"47.264176340396226\",\"longitude\":\"11.380109057672346\"},\"telephone\":[\"+43 699 19083372\"],\"openingHoursSpecification\":[{\"@type\":\"OpeningHoursSpecification\",\"dayOfWeek\":[\"Monday\",\"Wednesday\",\"Friday\"],\"opens\":\"14:00\",\"closes\":\"18:00\"},{\"@type\":\"OpeningHoursSpecification\",\"dayOfWeek\":[\"Tuesday\",\"Thursday\",\"Saturday\",\"Sunday\"],\"opens\":\"00:00\",\"closes\":\"00:00\"}],\"email\":\"office@bolting.eu\",\"vatID\":\"ATU59999728\",\"priceRange\":\"$$\",\"currenciesAccepted\":\"Euro\"},{\"@type\":\"PostalAddress\",\"@id\":\"https:\/\/bolting.eu\/en\/shop\/petzl-tour-hochtourengurt\/#local-main-place-address\",\"streetAddress\":\"Fischnalerstra\u00dfe 4\",\"addressLocality\":\"Innsbruck\",\"postalCode\":\"6020\",\"addressRegion\":\"Tirol\",\"addressCountry\":\"AT\"},{\"@type\":\"ImageObject\",\"inLanguage\":\"en-US\",\"@id\":\"https:\/\/bolting.eu\/en\/shop\/petzl-tour-hochtourengurt\/#local-main-organization-logo\",\"url\":\"https:\/\/bolting.eu\/wp-content\/uploads\/2019\/09\/bolting-logo.png\",\"contentUrl\":\"https:\/\/bolting.eu\/wp-content\/uploads\/2019\/09\/bolting-logo.png\",\"width\":400,\"height\":211,\"caption\":\"bolting.eu\"}]}<\/script>\n<meta property=\"og:availability\" content=\"instock\" \/>\n<meta property=\"product:availability\" content=\"instock\" \/>\n<meta property=\"product:condition\" content=\"new\" \/>\n<meta name=\"geo.placename\" content=\"Innsbruck\" \/>\n<meta name=\"geo.position\" content=\"47.264176340396226;11.380109057672346\" \/>\n<meta name=\"geo.region\" content=\"Austria\" \/>\n<!-- \/ Yoast SEO Premium plugin. -->","yoast_head_json":{"title":"Petzl Tour Hochtourengurt | bolting.eu","description":"Petzl Tour Hochtourengurt beim Kletterprofi aus Innsbruck kaufen \u2705 kostenloser Versand* \u2705 14 Tage R\u00fcckgaberecht \u2705 Co2 neutraler Versand","robots":{"index":"index","follow":"follow","max-snippet":"max-snippet:-1","max-image-preview":"max-image-preview:large","max-video-preview":"max-video-preview:-1"},"canonical":"https:\/\/bolting.eu\/en\/shop\/petzl-tour-hochtourengurt\/","og_locale":"en_US","og_type":"article","og_title":"Petzl Tour Hochtourengurt","og_description":"Petzl Tour Hochtourengurt beim Kletterprofi aus Innsbruck kaufen \u2705 kostenloser Versand* \u2705 14 Tage R\u00fcckgaberecht \u2705 Co2 neutraler Versand","og_url":"https:\/\/bolting.eu\/en\/shop\/petzl-tour-hochtourengurt\/","og_site_name":"bolting.eu","article_publisher":"https:\/\/www.facebook.com\/bolting.eu","article_modified_time":"2025-08-21T19:58:20+00:00","og_image":[{"width":700,"height":700,"url":"https:\/\/bolting.eu\/wp-content\/uploads\/2023\/01\/Petzl-Tour-2.jpg","type":"image\/jpeg"}],"twitter_card":"summary_large_image","twitter_misc":{"Availability":"In stock"},"schema":{"@context":"https:\/\/schema.org","@graph":[{"@type":["WebPage","ItemPage"],"@id":"https:\/\/bolting.eu\/en\/shop\/petzl-tour-hochtourengurt\/","url":"https:\/\/bolting.eu\/en\/shop\/petzl-tour-hochtourengurt\/","name":"Petzl Tour Hochtourengurt | bolting.eu","isPartOf":{"@id":"https:\/\/bolting.eu\/en\/#website"},"primaryImageOfPage":{"@id":"https:\/\/bolting.eu\/en\/shop\/petzl-tour-hochtourengurt\/#primaryimage"},"image":{"@id":"https:\/\/bolting.eu\/en\/shop\/petzl-tour-hochtourengurt\/#primaryimage"},"thumbnailUrl":"https:\/\/bolting.eu\/wp-content\/uploads\/2023\/01\/Petzl-Tour-2.jpg","datePublished":"2023-01-26T06:59:09+00:00","dateModified":"2025-08-21T19:58:20+00:00","description":"Petzl Tour Hochtourengurt beim Kletterprofi aus Innsbruck kaufen \u2705 kostenloser Versand* \u2705 14 Tage R\u00fcckgaberecht \u2705 Co2 neutraler Versand","breadcrumb":{"@id":"https:\/\/bolting.eu\/en\/shop\/petzl-tour-hochtourengurt\/#breadcrumb"},"inLanguage":"en-US","potentialAction":[{"@type":"ReadAction","target":["https:\/\/bolting.eu\/en\/shop\/petzl-tour-hochtourengurt\/"]}]},{"@type":"ImageObject","inLanguage":"en-US","@id":"https:\/\/bolting.eu\/en\/shop\/petzl-tour-hochtourengurt\/#primaryimage","url":"https:\/\/bolting.eu\/wp-content\/uploads\/2023\/01\/Petzl-Tour-2.jpg","contentUrl":"https:\/\/bolting.eu\/wp-content\/uploads\/2023\/01\/Petzl-Tour-2.jpg","width":700,"height":700,"caption":"Petzl Tour Hochtourengurt von vorne, man erkennt alle Produktdetails."},{"@type":"BreadcrumbList","@id":"https:\/\/bolting.eu\/en\/shop\/petzl-tour-hochtourengurt\/#breadcrumb","itemListElement":[{"@type":"ListItem","position":1,"name":"Shop","item":"https:\/\/bolting.eu\/en\/shop\/"},{"@type":"ListItem","position":2,"name":"Bergsteiger Ausr\u00fcstung","item":"https:\/\/bolting.eu\/produkt-kategorie\/bergsteiger-ausruestung\/"},{"@type":"ListItem","position":3,"name":"Hochtourengurte","item":"https:\/\/bolting.eu\/produkt-kategorie\/bergsteiger-ausruestung\/hochtourengurte\/"},{"@type":"ListItem","position":4,"name":"Petzl Tour Hochtourengurt"}]},{"@type":"WebSite","@id":"https:\/\/bolting.eu\/en\/#website","url":"https:\/\/bolting.eu\/en\/","name":"bolting.eu","description":"we make climbs happen","publisher":{"@id":"https:\/\/bolting.eu\/en\/#organization"},"potentialAction":[{"@type":"SearchAction","target":{"@type":"EntryPoint","urlTemplate":"https:\/\/bolting.eu\/en\/?s={search_term_string}"},"query-input":{"@type":"PropertyValueSpecification","valueRequired":true,"valueName":"search_term_string"}}],"inLanguage":"en-US"},{"@type":["Organization","Place","SportingGoodsStore"],"@id":"https:\/\/bolting.eu\/en\/#organization","name":"bolting.eu","url":"https:\/\/bolting.eu\/en\/","logo":{"@id":"https:\/\/bolting.eu\/en\/shop\/petzl-tour-hochtourengurt\/#local-main-organization-logo"},"image":{"@id":"https:\/\/bolting.eu\/en\/shop\/petzl-tour-hochtourengurt\/#local-main-organization-logo"},"sameAs":["https:\/\/www.facebook.com\/bolting.eu","https:\/\/www.instagram.com\/bolting.eu\/"],"address":{"@id":"https:\/\/bolting.eu\/en\/shop\/petzl-tour-hochtourengurt\/#local-main-place-address"},"geo":{"@type":"GeoCoordinates","latitude":"47.264176340396226","longitude":"11.380109057672346"},"telephone":["+43 699 19083372"],"openingHoursSpecification":[{"@type":"OpeningHoursSpecification","dayOfWeek":["Monday","Wednesday","Friday"],"opens":"14:00","closes":"18:00"},{"@type":"OpeningHoursSpecification","dayOfWeek":["Tuesday","Thursday","Saturday","Sunday"],"opens":"00:00","closes":"00:00"}],"email":"office@bolting.eu","vatID":"ATU59999728","priceRange":"$$","currenciesAccepted":"Euro"},{"@type":"PostalAddress","@id":"https:\/\/bolting.eu\/en\/shop\/petzl-tour-hochtourengurt\/#local-main-place-address","streetAddress":"Fischnalerstra\u00dfe 4","addressLocality":"Innsbruck","postalCode":"6020","addressRegion":"Tirol","addressCountry":"AT"},{"@type":"ImageObject","inLanguage":"en-US","@id":"https:\/\/bolting.eu\/en\/shop\/petzl-tour-hochtourengurt\/#local-main-organization-logo","url":"https:\/\/bolting.eu\/wp-content\/uploads\/2019\/09\/bolting-logo.png","contentUrl":"https:\/\/bolting.eu\/wp-content\/uploads\/2019\/09\/bolting-logo.png","width":400,"height":211,"caption":"bolting.eu"}]},"og_availability":"instock","product_availability":"instock","product_condition":"new","geo.placename":"Innsbruck","geo.position":{"lat":"47.264176340396226","long":"11.380109057672346"},"geo.region":"Austria"},"_links":{"self":[{"href":"https:\/\/bolting.eu\/en\/wp-json\/wp\/v2\/product\/14822","targetHints":{"allow":["GET"]}}],"collection":[{"href":"https:\/\/bolting.eu\/en\/wp-json\/wp\/v2\/product"}],"about":[{"href":"https:\/\/bolting.eu\/en\/wp-json\/wp\/v2\/types\/product"}],"replies":[{"embeddable":true,"href":"https:\/\/bolting.eu\/en\/wp-json\/wp\/v2\/comments?post=14822"}],"wp:featuredmedia":[{"embeddable":true,"href":"https:\/\/bolting.eu\/en\/wp-json\/wp\/v2\/media\/14825"}],"wp:attachment":[{"href":"https:\/\/bolting.eu\/en\/wp-json\/wp\/v2\/media?parent=14822"}],"wp:term":[{"taxonomy":"product_brand","embeddable":true,"href":"https:\/\/bolting.eu\/en\/wp-json\/wp\/v2\/product_brand?post=14822"},{"taxonomy":"product_cat","embeddable":true,"href":"https:\/\/bolting.eu\/en\/wp-json\/wp\/v2\/product_cat?post=14822"},{"taxonomy":"product_tag","embeddable":true,"href":"https:\/\/bolting.eu\/en\/wp-json\/wp\/v2\/product_tag?post=14822"}],"curies":[{"name":"wp","href":"https:\/\/api.w.org\/{rel}","templated":true}]}}