{"id":14814,"date":"2023-01-25T15:23:52","date_gmt":"2023-01-25T14:23:52","guid":{"rendered":"https:\/\/bolting.eu\/?post_type=product&#038;p=14814"},"modified":"2025-02-08T17:19:31","modified_gmt":"2025-02-08T16:19:31","slug":"black-diamond-wired-hexentric-set-4-10","status":"publish","type":"product","link":"https:\/\/bolting.eu\/en\/shop\/black-diamond-wired-hexentric-set-4-10\/","title":{"rendered":"Black Diamond Wired Hexentric Set #4-10"},"content":{"rendered":"<p>Das Black Diamond Wired Hexentric Set #4-10 ist etwas f\u00fcr Granit Kletterer. Denn die gro\u00dfen &#8220;Hexes&#8221; sind als kosteng\u00fcnstiger Ersatz f\u00fcr <a href=\"https:\/\/bolting.eu\/produkt-kategorie\/kletterausruestung\/klemmgeraete-friends\/\">Friends &#8211; Klemmger\u00e4te<\/a> in parallelen Rissen gedacht.<\/p>\n<p>Mit diesen sieben St\u00fcck &#8220;keilen&#8221; k\u00f6nnt ihr vor allem bei Trad Einseill\u00e4ngen punkten. Denn sie sind viel g\u00fcnstiger als z.B. die <a href=\"https:\/\/bolting.eu\/shop\/black-diamond-camalots\/\">Camalots<\/a>, k\u00f6nnen aber an vielen gleichen Stellen angebracht werden.<\/p>\n<p>Durch ihre asymmetrische Form und dem auftretenden Drehmoment verkeilen sie sich in allen erdenklichen Rissen. Zudem wirken sie nat\u00fcrlich wie Keile, wenn sie an den verengenden Stellen gelegt werden.<\/p>\n<h2>Eigenschaften Black Diamond Wired Hexentric Set #4-10<\/h2>\n<ul>\n<li>Hersteller: <a href=\"https:\/\/bolting.eu\/produkt-kategorie\/black-diamond\/\">Black Diamond<\/a><\/li>\n<li>Gr\u00f6\u00dfen: #4 \u2013 #10<\/li>\n<li>Gewicht: 694 Gramm<\/li>\n<li>Bruchlast: 10 kN<\/li>\n<li>Rissbreiten: 22 &#8211; 55mm<\/li>\n<li>Material Kopf: Alu-Legierung<\/li>\n<li>Material Drahtschlinge: verzinktes, gesenkgeschmiedetes Stahlkabel<\/li>\n<li>verklemmen sich in parallelen Rissen durch asymm. Form und Drehmoment<\/li>\n<li>k\u00f6nnen auch wie &#8220;Klemmkeile&#8221;verwendet werden<\/li>\n<li>farblich markiert<\/li>\n<li>Stahldraht Kabel<\/li>\n<li>Lieferumfang inkl. LiteWire Karabiner<\/li>\n<li><a href=\"https:\/\/blackdiamond-web.cdn.prismic.io\/blackdiamond-web\/ccc37efb-9411-4815-a92c-f9ccad3140a7_M10587_D+Passive+Pro+IS-WEB.pdf\" target=\"_blank\" rel=\"noopener\">Bedienungsanleitung<\/a><\/li>\n<\/ul>\n<h2>Achtung bei N\u00e4sse und Eis<\/h2>\n<p>So vielseitig die Wired Hexentrics auch sind, so haben sie doch auch ihre Grenzen. Besonders ist auf die Placements zu achten, wenn der Fels nass ist oder die Risse vereist sind.<\/p>\n<p>Dann fehlt der glatten Metalloberfl\u00e4che oft die Reibung f\u00fcr einen ordentlichen Halt. D.h. besser gesagt, sie k\u00f6nnen dann leicht versagen und nicht halten.<\/p>\n<p>Allerdings betrifft das dann auch Klemmger\u00e4te und normale <a href=\"https:\/\/bolting.eu\/produkt-kategorie\/klemmkeile\/\">Klemmkeile<\/a>.<\/p>\n<h3>Kosteng\u00fcnstiger Friends Ersatz<\/h3>\n<p>Diese Keile sind als kosteng\u00fcnstiger Friends Ersatz gedacht. Entweder man gibt die Black Diamond Wired Hexentrics zus\u00e4tzlich zum Friends Rack an den <a href=\"https:\/\/bolting.eu\/produkt-kategorie\/kletterausruestung\/klettergurte\/\">Klettergurt<\/a>. Dann hat man weitere Placements, wenn alle Friends verbraucht sind.<\/p>\n<p>Oder man klettert ganz ohne Friends und nur den Hexes los. Das ist der Fall, wenn man nicht sicher ist wie und ob man Friends \u00fcberhaupt braucht.<\/p>\n","protected":false},"excerpt":{"rendered":"<p>Set mit sieben Hexentrics in den Gr\u00f6\u00dfen #4 bis #10.<\/p>\n<p>Diese speziellen &#8220;Klemmkeile&#8221; sind ein kosteng\u00fcnstiger Friends Ersatz oder legitimes Gear f\u00fcr Granit und parallele Risse.<\/p>\n<p>Versandkostenfrei bis 2kg in <img decoding=\"async\" class=\"emoji\" role=\"img\" draggable=\"false\" src=\"https:\/\/s.w.org\/images\/core\/emoji\/13.1.0\/svg\/1f1e6-1f1f9.svg\" alt=\"\ud83c\udde6\ud83c\uddf9\" \/> ab \u20ac 100,- und <img decoding=\"async\" class=\"emoji\" role=\"img\" draggable=\"false\" src=\"https:\/\/s.w.org\/images\/core\/emoji\/13.1.0\/svg\/1f1e9-1f1ea.svg\" alt=\"\ud83c\udde9\ud83c\uddea\" \/> ab \u20ac 200,-!<\/p>\n","protected":false},"featured_media":14817,"comment_status":"closed","ping_status":"closed","template":"","meta":[],"product_brand":[],"product_cat":[3712,4658],"product_tag":[],"class_list":{"0":"post-14814","1":"product","2":"type-product","3":"status-publish","4":"has-post-thumbnail","6":"product_cat-klemmkeile","7":"product_cat-black-diamond","9":"first","10":"instock","11":"taxable","12":"shipping-taxable","13":"purchasable","14":"product-type-simple"},"yoast_head":"<!-- This site is optimized with the Yoast SEO Premium plugin v26.9 (Yoast SEO v26.9) - https:\/\/yoast.com\/product\/yoast-seo-premium-wordpress\/ -->\n<title>Black Diamond Wired Hexentric Set #4-10 | bolting.eu<\/title>\n<meta name=\"description\" content=\"Black Diamond Wired Hexentric Set #4-10 beim Kletterprofi kaufen! \u2705 kostenloser Versand* \u2705 14 Tage R\u00fcckgaberecht \u2705 Co2 neutraler Versand\" \/>\n<meta name=\"robots\" content=\"index, follow, max-snippet:-1, max-image-preview:large, max-video-preview:-1\" \/>\n<link rel=\"canonical\" href=\"https:\/\/bolting.eu\/en\/shop\/black-diamond-wired-hexentric-set-4-10\/\" \/>\n<meta property=\"og:locale\" content=\"en_US\" \/>\n<meta property=\"og:type\" content=\"article\" \/>\n<meta property=\"og:title\" content=\"Black Diamond Wired Hexentric Set #4-10\" \/>\n<meta property=\"og:description\" content=\"Black Diamond Wired Hexentric Set #4-10 beim Kletterprofi kaufen! \u2705 kostenloser Versand* \u2705 14 Tage R\u00fcckgaberecht \u2705 Co2 neutraler Versand\" \/>\n<meta property=\"og:url\" content=\"https:\/\/bolting.eu\/en\/shop\/black-diamond-wired-hexentric-set-4-10\/\" \/>\n<meta property=\"og:site_name\" content=\"bolting.eu\" \/>\n<meta property=\"article:publisher\" content=\"https:\/\/www.facebook.com\/bolting.eu\" \/>\n<meta property=\"article:modified_time\" content=\"2025-02-08T16:19:31+00:00\" \/>\n<meta property=\"og:image\" content=\"https:\/\/bolting.eu\/wp-content\/uploads\/2023\/01\/BD-Wired-Hexentrics-Set4-10-1.jpg\" \/>\n\t<meta property=\"og:image:width\" content=\"700\" \/>\n\t<meta property=\"og:image:height\" content=\"700\" \/>\n\t<meta property=\"og:image:type\" content=\"image\/jpeg\" \/>\n<meta name=\"twitter:card\" content=\"summary_large_image\" \/>\n<meta name=\"twitter:label1\" content=\"Price\" \/>\n\t<meta name=\"twitter:data1\" content=\"&euro;&nbsp;105,00\" \/>\n\t<meta name=\"twitter:label2\" content=\"Availability\" \/>\n\t<meta name=\"twitter:data2\" content=\"In stock\" \/>\n<script type=\"application\/ld+json\" class=\"yoast-schema-graph\">{\"@context\":\"https:\/\/schema.org\",\"@graph\":[{\"@type\":[\"WebPage\",\"ItemPage\"],\"@id\":\"https:\/\/bolting.eu\/en\/shop\/black-diamond-wired-hexentric-set-4-10\/\",\"url\":\"https:\/\/bolting.eu\/en\/shop\/black-diamond-wired-hexentric-set-4-10\/\",\"name\":\"Black Diamond Wired Hexentric Set #4-10 | bolting.eu\",\"isPartOf\":{\"@id\":\"https:\/\/bolting.eu\/en\/#website\"},\"primaryImageOfPage\":{\"@id\":\"https:\/\/bolting.eu\/en\/shop\/black-diamond-wired-hexentric-set-4-10\/#primaryimage\"},\"image\":{\"@id\":\"https:\/\/bolting.eu\/en\/shop\/black-diamond-wired-hexentric-set-4-10\/#primaryimage\"},\"thumbnailUrl\":\"https:\/\/bolting.eu\/wp-content\/uploads\/2023\/01\/BD-Wired-Hexentrics-Set4-10-1.jpg\",\"datePublished\":\"2023-01-25T14:23:52+00:00\",\"dateModified\":\"2025-02-08T16:19:31+00:00\",\"description\":\"Black Diamond Wired Hexentric Set #4-10 beim Kletterprofi kaufen! \u2705 kostenloser Versand* \u2705 14 Tage R\u00fcckgaberecht \u2705 Co2 neutraler Versand\",\"breadcrumb\":{\"@id\":\"https:\/\/bolting.eu\/en\/shop\/black-diamond-wired-hexentric-set-4-10\/#breadcrumb\"},\"inLanguage\":\"en-US\",\"potentialAction\":[{\"@type\":\"ReadAction\",\"target\":[\"https:\/\/bolting.eu\/en\/shop\/black-diamond-wired-hexentric-set-4-10\/\"]}]},{\"@type\":\"ImageObject\",\"inLanguage\":\"en-US\",\"@id\":\"https:\/\/bolting.eu\/en\/shop\/black-diamond-wired-hexentric-set-4-10\/#primaryimage\",\"url\":\"https:\/\/bolting.eu\/wp-content\/uploads\/2023\/01\/BD-Wired-Hexentrics-Set4-10-1.jpg\",\"contentUrl\":\"https:\/\/bolting.eu\/wp-content\/uploads\/2023\/01\/BD-Wired-Hexentrics-Set4-10-1.jpg\",\"width\":700,\"height\":700,\"caption\":\"Black Diamond Wired Hexentric Set ausgebreitet und auf Karabiner aufgeh\u00e4ngt.\"},{\"@type\":\"BreadcrumbList\",\"@id\":\"https:\/\/bolting.eu\/en\/shop\/black-diamond-wired-hexentric-set-4-10\/#breadcrumb\",\"itemListElement\":[{\"@type\":\"ListItem\",\"position\":1,\"name\":\"Shop\",\"item\":\"https:\/\/bolting.eu\/en\/shop\/\"},{\"@type\":\"ListItem\",\"position\":2,\"name\":\"Klemmkeile\",\"item\":\"https:\/\/bolting.eu\/produkt-kategorie\/klemmkeile\/\"},{\"@type\":\"ListItem\",\"position\":3,\"name\":\"Black Diamond Wired Hexentric Set #4-10\"}]},{\"@type\":\"WebSite\",\"@id\":\"https:\/\/bolting.eu\/en\/#website\",\"url\":\"https:\/\/bolting.eu\/en\/\",\"name\":\"bolting.eu\",\"description\":\"we make climbs happen\",\"publisher\":{\"@id\":\"https:\/\/bolting.eu\/en\/#organization\"},\"potentialAction\":[{\"@type\":\"SearchAction\",\"target\":{\"@type\":\"EntryPoint\",\"urlTemplate\":\"https:\/\/bolting.eu\/en\/?s={search_term_string}\"},\"query-input\":{\"@type\":\"PropertyValueSpecification\",\"valueRequired\":true,\"valueName\":\"search_term_string\"}}],\"inLanguage\":\"en-US\"},{\"@type\":[\"Organization\",\"Place\",\"SportingGoodsStore\"],\"@id\":\"https:\/\/bolting.eu\/en\/#organization\",\"name\":\"bolting.eu\",\"url\":\"https:\/\/bolting.eu\/en\/\",\"logo\":{\"@id\":\"https:\/\/bolting.eu\/en\/shop\/black-diamond-wired-hexentric-set-4-10\/#local-main-organization-logo\"},\"image\":{\"@id\":\"https:\/\/bolting.eu\/en\/shop\/black-diamond-wired-hexentric-set-4-10\/#local-main-organization-logo\"},\"sameAs\":[\"https:\/\/www.facebook.com\/bolting.eu\",\"https:\/\/www.instagram.com\/bolting.eu\/\"],\"address\":{\"@id\":\"https:\/\/bolting.eu\/en\/shop\/black-diamond-wired-hexentric-set-4-10\/#local-main-place-address\"},\"geo\":{\"@type\":\"GeoCoordinates\",\"latitude\":\"47.264176340396226\",\"longitude\":\"11.380109057672346\"},\"telephone\":[\"+43 699 19083372\"],\"openingHoursSpecification\":[{\"@type\":\"OpeningHoursSpecification\",\"dayOfWeek\":[\"Monday\",\"Wednesday\",\"Friday\"],\"opens\":\"14:00\",\"closes\":\"18:00\"},{\"@type\":\"OpeningHoursSpecification\",\"dayOfWeek\":[\"Tuesday\",\"Thursday\",\"Saturday\",\"Sunday\"],\"opens\":\"00:00\",\"closes\":\"00:00\"}],\"email\":\"office@bolting.eu\",\"vatID\":\"ATU59999728\",\"priceRange\":\"$$\",\"currenciesAccepted\":\"Euro\"},{\"@type\":\"PostalAddress\",\"@id\":\"https:\/\/bolting.eu\/en\/shop\/black-diamond-wired-hexentric-set-4-10\/#local-main-place-address\",\"streetAddress\":\"Fischnalerstra\u00dfe 4\",\"addressLocality\":\"Innsbruck\",\"postalCode\":\"6020\",\"addressRegion\":\"Tirol\",\"addressCountry\":\"AT\"},{\"@type\":\"ImageObject\",\"inLanguage\":\"en-US\",\"@id\":\"https:\/\/bolting.eu\/en\/shop\/black-diamond-wired-hexentric-set-4-10\/#local-main-organization-logo\",\"url\":\"https:\/\/bolting.eu\/wp-content\/uploads\/2019\/09\/bolting-logo.png\",\"contentUrl\":\"https:\/\/bolting.eu\/wp-content\/uploads\/2019\/09\/bolting-logo.png\",\"width\":400,\"height\":211,\"caption\":\"bolting.eu\"}]}<\/script>\n<meta property=\"product:price:amount\" content=\"105.00\" \/>\n<meta property=\"product:price:currency\" content=\"EUR\" \/>\n<meta property=\"og:availability\" content=\"instock\" \/>\n<meta property=\"product:availability\" content=\"instock\" \/>\n<meta property=\"product:retailer_item_id\" content=\"BD2202350000ALL1\" \/>\n<meta property=\"product:condition\" content=\"new\" \/>\n<meta name=\"geo.placename\" content=\"Innsbruck\" \/>\n<meta name=\"geo.position\" content=\"47.264176340396226;11.380109057672346\" \/>\n<meta name=\"geo.region\" content=\"Austria\" \/>\n<!-- \/ Yoast SEO Premium plugin. -->","yoast_head_json":{"title":"Black Diamond Wired Hexentric Set #4-10 | bolting.eu","description":"Black Diamond Wired Hexentric Set #4-10 beim Kletterprofi kaufen! \u2705 kostenloser Versand* \u2705 14 Tage R\u00fcckgaberecht \u2705 Co2 neutraler Versand","robots":{"index":"index","follow":"follow","max-snippet":"max-snippet:-1","max-image-preview":"max-image-preview:large","max-video-preview":"max-video-preview:-1"},"canonical":"https:\/\/bolting.eu\/en\/shop\/black-diamond-wired-hexentric-set-4-10\/","og_locale":"en_US","og_type":"article","og_title":"Black Diamond Wired Hexentric Set #4-10","og_description":"Black Diamond Wired Hexentric Set #4-10 beim Kletterprofi kaufen! \u2705 kostenloser Versand* \u2705 14 Tage R\u00fcckgaberecht \u2705 Co2 neutraler Versand","og_url":"https:\/\/bolting.eu\/en\/shop\/black-diamond-wired-hexentric-set-4-10\/","og_site_name":"bolting.eu","article_publisher":"https:\/\/www.facebook.com\/bolting.eu","article_modified_time":"2025-02-08T16:19:31+00:00","og_image":[{"width":700,"height":700,"url":"https:\/\/bolting.eu\/wp-content\/uploads\/2023\/01\/BD-Wired-Hexentrics-Set4-10-1.jpg","type":"image\/jpeg"}],"twitter_card":"summary_large_image","twitter_misc":{"Price":"&euro;&nbsp;105,00","Availability":"In stock"},"schema":{"@context":"https:\/\/schema.org","@graph":[{"@type":["WebPage","ItemPage"],"@id":"https:\/\/bolting.eu\/en\/shop\/black-diamond-wired-hexentric-set-4-10\/","url":"https:\/\/bolting.eu\/en\/shop\/black-diamond-wired-hexentric-set-4-10\/","name":"Black Diamond Wired Hexentric Set #4-10 | bolting.eu","isPartOf":{"@id":"https:\/\/bolting.eu\/en\/#website"},"primaryImageOfPage":{"@id":"https:\/\/bolting.eu\/en\/shop\/black-diamond-wired-hexentric-set-4-10\/#primaryimage"},"image":{"@id":"https:\/\/bolting.eu\/en\/shop\/black-diamond-wired-hexentric-set-4-10\/#primaryimage"},"thumbnailUrl":"https:\/\/bolting.eu\/wp-content\/uploads\/2023\/01\/BD-Wired-Hexentrics-Set4-10-1.jpg","datePublished":"2023-01-25T14:23:52+00:00","dateModified":"2025-02-08T16:19:31+00:00","description":"Black Diamond Wired Hexentric Set #4-10 beim Kletterprofi kaufen! \u2705 kostenloser Versand* \u2705 14 Tage R\u00fcckgaberecht \u2705 Co2 neutraler Versand","breadcrumb":{"@id":"https:\/\/bolting.eu\/en\/shop\/black-diamond-wired-hexentric-set-4-10\/#breadcrumb"},"inLanguage":"en-US","potentialAction":[{"@type":"ReadAction","target":["https:\/\/bolting.eu\/en\/shop\/black-diamond-wired-hexentric-set-4-10\/"]}]},{"@type":"ImageObject","inLanguage":"en-US","@id":"https:\/\/bolting.eu\/en\/shop\/black-diamond-wired-hexentric-set-4-10\/#primaryimage","url":"https:\/\/bolting.eu\/wp-content\/uploads\/2023\/01\/BD-Wired-Hexentrics-Set4-10-1.jpg","contentUrl":"https:\/\/bolting.eu\/wp-content\/uploads\/2023\/01\/BD-Wired-Hexentrics-Set4-10-1.jpg","width":700,"height":700,"caption":"Black Diamond Wired Hexentric Set ausgebreitet und auf Karabiner aufgeh\u00e4ngt."},{"@type":"BreadcrumbList","@id":"https:\/\/bolting.eu\/en\/shop\/black-diamond-wired-hexentric-set-4-10\/#breadcrumb","itemListElement":[{"@type":"ListItem","position":1,"name":"Shop","item":"https:\/\/bolting.eu\/en\/shop\/"},{"@type":"ListItem","position":2,"name":"Klemmkeile","item":"https:\/\/bolting.eu\/produkt-kategorie\/klemmkeile\/"},{"@type":"ListItem","position":3,"name":"Black Diamond Wired Hexentric Set #4-10"}]},{"@type":"WebSite","@id":"https:\/\/bolting.eu\/en\/#website","url":"https:\/\/bolting.eu\/en\/","name":"bolting.eu","description":"we make climbs happen","publisher":{"@id":"https:\/\/bolting.eu\/en\/#organization"},"potentialAction":[{"@type":"SearchAction","target":{"@type":"EntryPoint","urlTemplate":"https:\/\/bolting.eu\/en\/?s={search_term_string}"},"query-input":{"@type":"PropertyValueSpecification","valueRequired":true,"valueName":"search_term_string"}}],"inLanguage":"en-US"},{"@type":["Organization","Place","SportingGoodsStore"],"@id":"https:\/\/bolting.eu\/en\/#organization","name":"bolting.eu","url":"https:\/\/bolting.eu\/en\/","logo":{"@id":"https:\/\/bolting.eu\/en\/shop\/black-diamond-wired-hexentric-set-4-10\/#local-main-organization-logo"},"image":{"@id":"https:\/\/bolting.eu\/en\/shop\/black-diamond-wired-hexentric-set-4-10\/#local-main-organization-logo"},"sameAs":["https:\/\/www.facebook.com\/bolting.eu","https:\/\/www.instagram.com\/bolting.eu\/"],"address":{"@id":"https:\/\/bolting.eu\/en\/shop\/black-diamond-wired-hexentric-set-4-10\/#local-main-place-address"},"geo":{"@type":"GeoCoordinates","latitude":"47.264176340396226","longitude":"11.380109057672346"},"telephone":["+43 699 19083372"],"openingHoursSpecification":[{"@type":"OpeningHoursSpecification","dayOfWeek":["Monday","Wednesday","Friday"],"opens":"14:00","closes":"18:00"},{"@type":"OpeningHoursSpecification","dayOfWeek":["Tuesday","Thursday","Saturday","Sunday"],"opens":"00:00","closes":"00:00"}],"email":"office@bolting.eu","vatID":"ATU59999728","priceRange":"$$","currenciesAccepted":"Euro"},{"@type":"PostalAddress","@id":"https:\/\/bolting.eu\/en\/shop\/black-diamond-wired-hexentric-set-4-10\/#local-main-place-address","streetAddress":"Fischnalerstra\u00dfe 4","addressLocality":"Innsbruck","postalCode":"6020","addressRegion":"Tirol","addressCountry":"AT"},{"@type":"ImageObject","inLanguage":"en-US","@id":"https:\/\/bolting.eu\/en\/shop\/black-diamond-wired-hexentric-set-4-10\/#local-main-organization-logo","url":"https:\/\/bolting.eu\/wp-content\/uploads\/2019\/09\/bolting-logo.png","contentUrl":"https:\/\/bolting.eu\/wp-content\/uploads\/2019\/09\/bolting-logo.png","width":400,"height":211,"caption":"bolting.eu"}]},"product_price_amount":"105.00","product_price_currency":"EUR","og_availability":"instock","product_availability":"instock","product_retailer_item_id":"BD2202350000ALL1","product_condition":"new","geo.placename":"Innsbruck","geo.position":{"lat":"47.264176340396226","long":"11.380109057672346"},"geo.region":"Austria"},"_links":{"self":[{"href":"https:\/\/bolting.eu\/en\/wp-json\/wp\/v2\/product\/14814","targetHints":{"allow":["GET"]}}],"collection":[{"href":"https:\/\/bolting.eu\/en\/wp-json\/wp\/v2\/product"}],"about":[{"href":"https:\/\/bolting.eu\/en\/wp-json\/wp\/v2\/types\/product"}],"replies":[{"embeddable":true,"href":"https:\/\/bolting.eu\/en\/wp-json\/wp\/v2\/comments?post=14814"}],"wp:featuredmedia":[{"embeddable":true,"href":"https:\/\/bolting.eu\/en\/wp-json\/wp\/v2\/media\/14817"}],"wp:attachment":[{"href":"https:\/\/bolting.eu\/en\/wp-json\/wp\/v2\/media?parent=14814"}],"wp:term":[{"taxonomy":"product_brand","embeddable":true,"href":"https:\/\/bolting.eu\/en\/wp-json\/wp\/v2\/product_brand?post=14814"},{"taxonomy":"product_cat","embeddable":true,"href":"https:\/\/bolting.eu\/en\/wp-json\/wp\/v2\/product_cat?post=14814"},{"taxonomy":"product_tag","embeddable":true,"href":"https:\/\/bolting.eu\/en\/wp-json\/wp\/v2\/product_tag?post=14814"}],"curies":[{"name":"wp","href":"https:\/\/api.w.org\/{rel}","templated":true}]}}